{"id":9347,"date":"2020-04-29T11:00:29","date_gmt":"2020-04-29T11:00:29","guid":{"rendered":"https:\/\/lusogolfe.com\/super-stock-off-minigolfe\/"},"modified":"2021-11-02T11:23:51","modified_gmt":"2021-11-02T11:23:51","slug":"super-stock-off-minigolf","status":"publish","type":"page","link":"https:\/\/lusogolfe.com\/fr\/super-stock-off-minigolf\/","title":{"rendered":"Offres Minigolf"},"content":{"rendered":"<div class=\"wpb-content-wrapper\"><p>[vc_row][vc_column][vc_column_text]<\/p>\n<p style=\"text-align: center;\"><img loading=\"lazy\" decoding=\"async\" class=\"wp-image-9349 aligncenter\" src=\"https:\/\/lusogolfe.com\/wp-content\/uploads\/2020\/04\/Stock-Off-FR.png\" alt=\"\" width=\"489\" height=\"151\" srcset=\"https:\/\/lusogolfe.com\/wp-content\/uploads\/2020\/04\/Stock-Off-FR.png 1461w, https:\/\/lusogolfe.com\/wp-content\/uploads\/2020\/04\/Stock-Off-FR-300x93.png 300w, https:\/\/lusogolfe.com\/wp-content\/uploads\/2020\/04\/Stock-Off-FR-1024x317.png 1024w, https:\/\/lusogolfe.com\/wp-content\/uploads\/2020\/04\/Stock-Off-FR-768x238.png 768w\" sizes=\"auto, (max-width: 489px) 100vw, 489px\" \/><strong>Offre valable du 29 juillet au 6 d\u00e9cembre 2021.<\/strong><br \/>\n<strong>Limit\u00e9e au stock existant.<\/strong><\/p>\n<p>[\/vc_column_text][vc_column_text css=&#8221;.vc_custom_1635851873121{margin-bottom: -40px !important;border-bottom-width: -40px !important;padding-bottom: -40px !important;}&#8221;][wpcdt-countdown id=&#8221;11847&#8243;][\/vc_column_text][\/vc_column][\/vc_row][vc_row type=&#8221;full_width_background&#8221; bottom_padding=&#8221;0&#8243;][vc_column][vc_row_inner css=&#8221;.vc_custom_1588079989974{margin-bottom: 30px !important;}&#8221;][vc_column_inner width=&#8221;1\/3&#8243; css=&#8221;.vc_custom_1588079806739{margin-bottom: 30px !important;}&#8221;][vc_column_text css=&#8221;.vc_custom_1588260438745{margin-bottom: 15px !important;}&#8221;]<\/p>\n<p style=\"text-align: left;\"><a href=\"#form\"><span style=\"font-size: 40px; color: #000; font-weight: bold; line-height: 40px;\"><img loading=\"lazy\" decoding=\"async\" class=\"alignnone wp-image-9374 size-full\" src=\"https:\/\/lusogolfe.com\/wp-content\/uploads\/2020\/04\/66Pack-FR.jpg\" alt=\"\" width=\"450\" height=\"277\" srcset=\"https:\/\/lusogolfe.com\/wp-content\/uploads\/2020\/04\/66Pack-FR.jpg 450w, https:\/\/lusogolfe.com\/wp-content\/uploads\/2020\/04\/66Pack-FR-300x185.jpg 300w\" sizes=\"auto, (max-width: 450px) 100vw, 450px\" \/><\/span><\/a><\/p>\n<h2><span style=\"color: black; font-size: 21px;\">6+6 PACK<\/span><\/h2>\n<p>50% de r\u00e9duction sur un ensemble de 12 pistes de minigolf sur les mod\u00e8les Easy Golf et Smart Golf.[\/vc_column_text][\/vc_column_inner][vc_column_inner width=&#8221;1\/3&#8243; css=&#8221;.vc_custom_1588079811509{margin-bottom: 30px !important;}&#8221;][vc_column_text css=&#8221;.vc_custom_1588260473427{margin-bottom: 15px !important;}&#8221;]<\/p>\n<p style=\"text-align: left;\"><a href=\"#form\"><span style=\"font-size: 40px; color: #000; font-weight: bold; line-height: 40px;\"><img loading=\"lazy\" decoding=\"async\" class=\"alignnone wp-image-9382 size-full\" src=\"https:\/\/lusogolfe.com\/wp-content\/uploads\/2020\/04\/EGP9-FR.jpg\" alt=\"\" width=\"450\" height=\"277\" srcset=\"https:\/\/lusogolfe.com\/wp-content\/uploads\/2020\/04\/EGP9-FR.jpg 450w, https:\/\/lusogolfe.com\/wp-content\/uploads\/2020\/04\/EGP9-FR-300x185.jpg 300w\" sizes=\"auto, (max-width: 450px) 100vw, 450px\" \/><\/span><\/a><\/p>\n<h2><span style=\"color: black; font-size: 21px;\">EASY GOLF PACK 9<\/span><\/h2>\n<p>50% de r\u00e9duction sur un ensemble de 9 pistes de minigolf du mod\u00e8le Easy Golf.[\/vc_column_text][\/vc_column_inner][vc_column_inner width=&#8221;1\/3&#8243;][vc_column_text css=&#8221;.vc_custom_1591697776444{margin-bottom: 15px !important;}&#8221;]<\/p>\n<p style=\"text-align: left;\"><a href=\"#form\"><span style=\"font-size: 40px; color: #000; font-weight: bold; line-height: 40px;\"><img loading=\"lazy\" decoding=\"async\" class=\"alignnone wp-image-9560 size-full\" src=\"https:\/\/lusogolfe.com\/wp-content\/uploads\/2020\/06\/EGP2.jpg\" alt=\"\" width=\"450\" height=\"277\" srcset=\"https:\/\/lusogolfe.com\/wp-content\/uploads\/2020\/06\/EGP2.jpg 450w, https:\/\/lusogolfe.com\/wp-content\/uploads\/2020\/06\/EGP2-300x185.jpg 300w\" sizes=\"auto, (max-width: 450px) 100vw, 450px\" \/><\/span><\/a><\/p>\n<h2><span style=\"color: black; font-size: 21px;\">EASY GOLF PACK 6<\/span><\/h2>\n<p>40% de r\u00e9duction sur un ensemble de 6 pistes de minigolf du mod\u00e8le Easy Golf.[\/vc_column_text][\/vc_column_inner][\/vc_row_inner][vc_row_inner][vc_column_inner width=&#8221;1\/3&#8243; css=&#8221;.vc_custom_1588079822789{margin-bottom: 30px !important;}&#8221;][vc_column_text css=&#8221;.vc_custom_1594135913157{margin-bottom: 15px !important;}&#8221;]<\/p>\n<p style=\"text-align: left;\"><a href=\"#form\"><span style=\"font-size: 30px; color: #000; font-weight: bold; line-height: 30px;\"><img loading=\"lazy\" decoding=\"async\" class=\"alignnone wp-image-9678 size-full\" src=\"https:\/\/lusogolfe.com\/wp-content\/uploads\/2020\/07\/EG-1.jpg\" alt=\"\" width=\"450\" height=\"277\" srcset=\"https:\/\/lusogolfe.com\/wp-content\/uploads\/2020\/07\/EG-1.jpg 450w, https:\/\/lusogolfe.com\/wp-content\/uploads\/2020\/07\/EG-1-300x185.jpg 300w\" sizes=\"auto, (max-width: 450px) 100vw, 450px\" \/><\/span><\/a><\/p>\n<h2><span style=\"color: black; font-size: 21px;\">3 EASY GOLF + KIT<\/span><\/h2>\n<p>40% de r\u00e9duction sur l\u2019ensemble de 3 pistes de minigolf Easy Golf et le kit \u00ab MonMinigolf Pro \u00bb.[\/vc_column_text][\/vc_column_inner][vc_column_inner width=&#8221;1\/3&#8243; css=&#8221;.vc_custom_1588079828437{margin-bottom: 30px !important;}&#8221;][vc_column_text css=&#8221;.vc_custom_1594135893782{margin-bottom: 15px !important;}&#8221;]<\/p>\n<p style=\"text-align: left;\"><a href=\"#form\"><span style=\"font-size: 40px; color: #000; font-weight: bold; line-height: 40px;\"><img loading=\"lazy\" decoding=\"async\" class=\"alignnone wp-image-9682 size-full\" src=\"https:\/\/lusogolfe.com\/wp-content\/uploads\/2020\/07\/SG.jpg\" alt=\"\" width=\"450\" height=\"277\" srcset=\"https:\/\/lusogolfe.com\/wp-content\/uploads\/2020\/07\/SG.jpg 450w, https:\/\/lusogolfe.com\/wp-content\/uploads\/2020\/07\/SG-300x185.jpg 300w\" sizes=\"auto, (max-width: 450px) 100vw, 450px\" \/><\/span><\/a><\/p>\n<h2><span style=\"color: black; font-size: 21px;\">SMART GOLF BASIC<\/span><\/h2>\n<p>35% de r\u00e9duction sur l&#8217;ensemble de piste de minigolf Smart Golf et le kit &#8220;MonMinigolf Pro&#8221;.[\/vc_column_text][\/vc_column_inner][vc_column_inner width=&#8221;1\/3&#8243;][vc_column_text css=&#8221;.vc_custom_1591697791342{margin-bottom: 15px !important;}&#8221;]<\/p>\n<p style=\"text-align: left;\"><a href=\"#form\"><span style=\"font-size: 40px; color: #000; font-weight: bold; line-height: 40px;\"><img loading=\"lazy\" decoding=\"async\" class=\"alignnone wp-image-9564 size-full\" src=\"https:\/\/lusogolfe.com\/wp-content\/uploads\/2020\/06\/EGB2.jpg\" alt=\"\" width=\"450\" height=\"277\" srcset=\"https:\/\/lusogolfe.com\/wp-content\/uploads\/2020\/06\/EGB2.jpg 450w, https:\/\/lusogolfe.com\/wp-content\/uploads\/2020\/06\/EGB2-300x185.jpg 300w\" sizes=\"auto, (max-width: 450px) 100vw, 450px\" \/><\/span><\/a><\/p>\n<h2><span style=\"color: black; font-size: 21px;\">EASY GOLF BASIC<\/span><\/h2>\n<p>25% de r\u00e9duction sur l&#8217;ensemble de piste de minigolf Easy Golf et le kit &#8220;MonMinigolf Pro&#8221;.[\/vc_column_text][\/vc_column_inner][\/vc_row_inner][\/vc_column][\/vc_row][vc_row type=&#8221;full_width_background&#8221; bg_color=&#8221;#f4f4f4&#8243; el_id=&#8221;form&#8221;][vc_column width=&#8221;1\/6&#8243;][\/vc_column][vc_column width=&#8221;2\/3&#8243;][vc_column_text]<\/p>\n<p style=\"text-align: center;\"><span style=\"font-size: 50px; color: #000; font-weight: bold; line-height: 48px;\">Voulez-vous en savoir plus?<\/span><\/p>\n<h2 style=\"text-align: center;\"><mark>Seulement jusqu&#8217;au 6 d\u00e9cembre 2021<\/mark><\/h2>\n<p>[\/vc_column_text][vc_column_text]<\/p>\n<p style=\"text-align: center;\">[wpforms id=&#8221;9355&#8243; title=&#8221;false&#8221; description=&#8221;false&#8221;]<\/p>\n<p style=\"color: black; font-size: 10px; line-height: 11px; text-align: center;\">En cliquant sur \u00ab Je souhaite en savoir plus \u00bb, vous acceptez la\u00a0<a href=\"https:\/\/lusogolfe.com\/fr\/politique-de-confidentialite\/\" target=\"_blank\" rel=\"noopener noreferrer\">politique de confidentialit\u00e9<\/a> de Lusogolfe.<\/p>\n<p>[\/vc_column_text][\/vc_column][vc_column width=&#8221;1\/6&#8243;][\/vc_column][\/vc_row]<\/p>\n<\/div>","protected":false},"excerpt":{"rendered":"<p>[vc_row][vc_column][vc_column_text] Offre valable du 29 juillet au 6 d\u00e9cembre 2021. Limit\u00e9e au stock existant. [\/vc_column_text][vc_column_text css=&#8221;.vc_custom_1635851873121{margin-bottom: -40px !important;border-bottom-width: -40px !important;padding-bottom: -40px !important;}&#8221;][wpcdt-countdown id=&#8221;11847&#8243;][\/vc_column_text][\/vc_column][\/vc_row][vc_row type=&#8221;full_width_background&#8221; bottom_padding=&#8221;0&#8243;][vc_column][vc_row_inner css=&#8221;.vc_custom_1588079989974{margin-bottom: 30px !important;}&#8221;][vc_column_inner width=&#8221;1\/3&#8243; css=&#8221;.vc_custom_1588079806739{margin-bottom: 30px !important;}&#8221;][vc_column_text css=&#8221;.vc_custom_1588260438745{margin-bottom: 15px !important;}&#8221;] 6+6 PACK 50% de r\u00e9duction sur un ensemble de 12 pistes de minigolf sur les mod\u00e8les Easy Golf et Smart [&hellip;]<\/p>\n","protected":false},"author":2,"featured_media":11118,"parent":0,"menu_order":0,"comment_status":"closed","ping_status":"closed","template":"","meta":{"content-type":"","footnotes":""},"class_list":["post-9347","page","type-page","status-publish","has-post-thumbnail","hentry"],"yoast_head":"<!-- This site is optimized with the Yoast SEO plugin v27.3 - https:\/\/yoast.com\/product\/yoast-seo-wordpress\/ -->\n<title>Offres Minigolf | Lusogolfe<\/title>\n<meta name=\"description\" content=\"Jusqu&#039;\u00e0 50% de r\u00e9duction sur l&#039;\u00e9quipement Minigolf.\" \/>\n<meta name=\"robots\" content=\"noindex, nofollow\" \/>\n<meta property=\"og:locale\" content=\"fr_FR\" \/>\n<meta property=\"og:type\" content=\"article\" \/>\n<meta property=\"og:title\" content=\"Offres Minigolf | Lusogolfe\" \/>\n<meta property=\"og:description\" content=\"Jusqu&#039;\u00e0 50% de r\u00e9duction sur l&#039;\u00e9quipement Minigolf.\" \/>\n<meta property=\"og:url\" content=\"https:\/\/lusogolfe.com\/fr\/super-stock-off-minigolf\/\" \/>\n<meta property=\"og:site_name\" content=\"Lusogolfe\" \/>\n<meta property=\"article:publisher\" content=\"https:\/\/www.facebook.com\/lusogolfe\/\" \/>\n<meta property=\"article:modified_time\" content=\"2021-11-02T11:23:51+00:00\" \/>\n<meta property=\"og:image\" content=\"https:\/\/lusogolfe.com\/wp-content\/uploads\/2021\/07\/Oportunidades-Minigolfe.jpg\" \/>\n\t<meta property=\"og:image:width\" content=\"1200\" \/>\n\t<meta property=\"og:image:height\" content=\"630\" \/>\n\t<meta property=\"og:image:type\" content=\"image\/jpeg\" \/>\n<meta name=\"twitter:card\" content=\"summary_large_image\" \/>\n<meta name=\"twitter:label1\" content=\"Dur\u00e9e de lecture estim\u00e9e\" \/>\n\t<meta name=\"twitter:data1\" content=\"3 minutes\" \/>\n<script type=\"application\/ld+json\" class=\"yoast-schema-graph\">{\"@context\":\"https:\\\/\\\/schema.org\",\"@graph\":[{\"@type\":\"WebPage\",\"@id\":\"https:\\\/\\\/lusogolfe.com\\\/fr\\\/super-stock-off-minigolf\\\/\",\"url\":\"https:\\\/\\\/lusogolfe.com\\\/fr\\\/super-stock-off-minigolf\\\/\",\"name\":\"Offres Minigolf | Lusogolfe\",\"isPartOf\":{\"@id\":\"http:\\\/\\\/lusogolfe.com\\\/#website\"},\"primaryImageOfPage\":{\"@id\":\"https:\\\/\\\/lusogolfe.com\\\/fr\\\/super-stock-off-minigolf\\\/#primaryimage\"},\"image\":{\"@id\":\"https:\\\/\\\/lusogolfe.com\\\/fr\\\/super-stock-off-minigolf\\\/#primaryimage\"},\"thumbnailUrl\":\"https:\\\/\\\/lusogolfe.com\\\/wp-content\\\/uploads\\\/2021\\\/07\\\/Oportunidades-Minigolfe.jpg\",\"datePublished\":\"2020-04-29T11:00:29+00:00\",\"dateModified\":\"2021-11-02T11:23:51+00:00\",\"description\":\"Jusqu'\u00e0 50% de r\u00e9duction sur l'\u00e9quipement Minigolf.\",\"breadcrumb\":{\"@id\":\"https:\\\/\\\/lusogolfe.com\\\/fr\\\/super-stock-off-minigolf\\\/#breadcrumb\"},\"inLanguage\":\"fr-FR\",\"potentialAction\":[{\"@type\":\"ReadAction\",\"target\":[\"https:\\\/\\\/lusogolfe.com\\\/fr\\\/super-stock-off-minigolf\\\/\"]}]},{\"@type\":\"ImageObject\",\"inLanguage\":\"fr-FR\",\"@id\":\"https:\\\/\\\/lusogolfe.com\\\/fr\\\/super-stock-off-minigolf\\\/#primaryimage\",\"url\":\"https:\\\/\\\/lusogolfe.com\\\/wp-content\\\/uploads\\\/2021\\\/07\\\/Oportunidades-Minigolfe.jpg\",\"contentUrl\":\"https:\\\/\\\/lusogolfe.com\\\/wp-content\\\/uploads\\\/2021\\\/07\\\/Oportunidades-Minigolfe.jpg\",\"width\":1200,\"height\":630,\"caption\":\"Oportunidades-Minigolfe\"},{\"@type\":\"BreadcrumbList\",\"@id\":\"https:\\\/\\\/lusogolfe.com\\\/fr\\\/super-stock-off-minigolf\\\/#breadcrumb\",\"itemListElement\":[{\"@type\":\"ListItem\",\"position\":1,\"name\":\"Portada\",\"item\":\"https:\\\/\\\/lusogolfe.com\\\/fr\\\/\"},{\"@type\":\"ListItem\",\"position\":2,\"name\":\"Offres Minigolf\"}]},{\"@type\":\"WebSite\",\"@id\":\"http:\\\/\\\/lusogolfe.com\\\/#website\",\"url\":\"http:\\\/\\\/lusogolfe.com\\\/\",\"name\":\"Lusogolfe\",\"description\":\"Everything for Minigolf\",\"publisher\":{\"@id\":\"http:\\\/\\\/lusogolfe.com\\\/#organization\"},\"potentialAction\":[{\"@type\":\"SearchAction\",\"target\":{\"@type\":\"EntryPoint\",\"urlTemplate\":\"http:\\\/\\\/lusogolfe.com\\\/?s={search_term_string}\"},\"query-input\":{\"@type\":\"PropertyValueSpecification\",\"valueRequired\":true,\"valueName\":\"search_term_string\"}}],\"inLanguage\":\"fr-FR\"},{\"@type\":\"Organization\",\"@id\":\"http:\\\/\\\/lusogolfe.com\\\/#organization\",\"name\":\"Lusogolfe\",\"url\":\"http:\\\/\\\/lusogolfe.com\\\/\",\"logo\":{\"@type\":\"ImageObject\",\"inLanguage\":\"fr-FR\",\"@id\":\"http:\\\/\\\/lusogolfe.com\\\/#\\\/schema\\\/logo\\\/image\\\/\",\"url\":\"http:\\\/\\\/lusogolfe.com\\\/wp-content\\\/uploads\\\/2023\\\/05\\\/Lusogolfe-55years.png\",\"contentUrl\":\"http:\\\/\\\/lusogolfe.com\\\/wp-content\\\/uploads\\\/2023\\\/05\\\/Lusogolfe-55years.png\",\"width\":1128,\"height\":768,\"caption\":\"Lusogolfe\"},\"image\":{\"@id\":\"http:\\\/\\\/lusogolfe.com\\\/#\\\/schema\\\/logo\\\/image\\\/\"},\"sameAs\":[\"https:\\\/\\\/www.facebook.com\\\/lusogolfe\\\/\",\"https:\\\/\\\/www.linkedin.com\\\/company\\\/lusogolfe\",\"https:\\\/\\\/www.youtube.com\\\/lusogolfe\",\"https:\\\/\\\/www.instagram.com\\\/lusogolfe\"]}]}<\/script>\n<!-- \/ Yoast SEO plugin. -->","yoast_head_json":{"title":"Offres Minigolf | Lusogolfe","description":"Jusqu'\u00e0 50% de r\u00e9duction sur l'\u00e9quipement Minigolf.","robots":{"index":"noindex","follow":"nofollow"},"og_locale":"fr_FR","og_type":"article","og_title":"Offres Minigolf | Lusogolfe","og_description":"Jusqu'\u00e0 50% de r\u00e9duction sur l'\u00e9quipement Minigolf.","og_url":"https:\/\/lusogolfe.com\/fr\/super-stock-off-minigolf\/","og_site_name":"Lusogolfe","article_publisher":"https:\/\/www.facebook.com\/lusogolfe\/","article_modified_time":"2021-11-02T11:23:51+00:00","og_image":[{"width":1200,"height":630,"url":"https:\/\/lusogolfe.com\/wp-content\/uploads\/2021\/07\/Oportunidades-Minigolfe.jpg","type":"image\/jpeg"}],"twitter_card":"summary_large_image","twitter_misc":{"Dur\u00e9e de lecture estim\u00e9e":"3 minutes"},"schema":{"@context":"https:\/\/schema.org","@graph":[{"@type":"WebPage","@id":"https:\/\/lusogolfe.com\/fr\/super-stock-off-minigolf\/","url":"https:\/\/lusogolfe.com\/fr\/super-stock-off-minigolf\/","name":"Offres Minigolf | Lusogolfe","isPartOf":{"@id":"http:\/\/lusogolfe.com\/#website"},"primaryImageOfPage":{"@id":"https:\/\/lusogolfe.com\/fr\/super-stock-off-minigolf\/#primaryimage"},"image":{"@id":"https:\/\/lusogolfe.com\/fr\/super-stock-off-minigolf\/#primaryimage"},"thumbnailUrl":"https:\/\/lusogolfe.com\/wp-content\/uploads\/2021\/07\/Oportunidades-Minigolfe.jpg","datePublished":"2020-04-29T11:00:29+00:00","dateModified":"2021-11-02T11:23:51+00:00","description":"Jusqu'\u00e0 50% de r\u00e9duction sur l'\u00e9quipement Minigolf.","breadcrumb":{"@id":"https:\/\/lusogolfe.com\/fr\/super-stock-off-minigolf\/#breadcrumb"},"inLanguage":"fr-FR","potentialAction":[{"@type":"ReadAction","target":["https:\/\/lusogolfe.com\/fr\/super-stock-off-minigolf\/"]}]},{"@type":"ImageObject","inLanguage":"fr-FR","@id":"https:\/\/lusogolfe.com\/fr\/super-stock-off-minigolf\/#primaryimage","url":"https:\/\/lusogolfe.com\/wp-content\/uploads\/2021\/07\/Oportunidades-Minigolfe.jpg","contentUrl":"https:\/\/lusogolfe.com\/wp-content\/uploads\/2021\/07\/Oportunidades-Minigolfe.jpg","width":1200,"height":630,"caption":"Oportunidades-Minigolfe"},{"@type":"BreadcrumbList","@id":"https:\/\/lusogolfe.com\/fr\/super-stock-off-minigolf\/#breadcrumb","itemListElement":[{"@type":"ListItem","position":1,"name":"Portada","item":"https:\/\/lusogolfe.com\/fr\/"},{"@type":"ListItem","position":2,"name":"Offres Minigolf"}]},{"@type":"WebSite","@id":"http:\/\/lusogolfe.com\/#website","url":"http:\/\/lusogolfe.com\/","name":"Lusogolfe","description":"Everything for Minigolf","publisher":{"@id":"http:\/\/lusogolfe.com\/#organization"},"potentialAction":[{"@type":"SearchAction","target":{"@type":"EntryPoint","urlTemplate":"http:\/\/lusogolfe.com\/?s={search_term_string}"},"query-input":{"@type":"PropertyValueSpecification","valueRequired":true,"valueName":"search_term_string"}}],"inLanguage":"fr-FR"},{"@type":"Organization","@id":"http:\/\/lusogolfe.com\/#organization","name":"Lusogolfe","url":"http:\/\/lusogolfe.com\/","logo":{"@type":"ImageObject","inLanguage":"fr-FR","@id":"http:\/\/lusogolfe.com\/#\/schema\/logo\/image\/","url":"http:\/\/lusogolfe.com\/wp-content\/uploads\/2023\/05\/Lusogolfe-55years.png","contentUrl":"http:\/\/lusogolfe.com\/wp-content\/uploads\/2023\/05\/Lusogolfe-55years.png","width":1128,"height":768,"caption":"Lusogolfe"},"image":{"@id":"http:\/\/lusogolfe.com\/#\/schema\/logo\/image\/"},"sameAs":["https:\/\/www.facebook.com\/lusogolfe\/","https:\/\/www.linkedin.com\/company\/lusogolfe","https:\/\/www.youtube.com\/lusogolfe","https:\/\/www.instagram.com\/lusogolfe"]}]}},"_links":{"self":[{"href":"https:\/\/lusogolfe.com\/fr\/wp-json\/wp\/v2\/pages\/9347","targetHints":{"allow":["GET"]}}],"collection":[{"href":"https:\/\/lusogolfe.com\/fr\/wp-json\/wp\/v2\/pages"}],"about":[{"href":"https:\/\/lusogolfe.com\/fr\/wp-json\/wp\/v2\/types\/page"}],"author":[{"embeddable":true,"href":"https:\/\/lusogolfe.com\/fr\/wp-json\/wp\/v2\/users\/2"}],"replies":[{"embeddable":true,"href":"https:\/\/lusogolfe.com\/fr\/wp-json\/wp\/v2\/comments?post=9347"}],"version-history":[{"count":23,"href":"https:\/\/lusogolfe.com\/fr\/wp-json\/wp\/v2\/pages\/9347\/revisions"}],"predecessor-version":[{"id":11855,"href":"https:\/\/lusogolfe.com\/fr\/wp-json\/wp\/v2\/pages\/9347\/revisions\/11855"}],"wp:featuredmedia":[{"embeddable":true,"href":"https:\/\/lusogolfe.com\/fr\/wp-json\/wp\/v2\/media\/11118"}],"wp:attachment":[{"href":"https:\/\/lusogolfe.com\/fr\/wp-json\/wp\/v2\/media?parent=9347"}],"curies":[{"name":"wp","href":"https:\/\/api.w.org\/{rel}","templated":true}]}}