{"id":6702,"date":"2018-04-09T11:35:16","date_gmt":"2018-04-09T11:35:16","guid":{"rendered":"https:\/\/lusogolfe.com\/pistes-de-mini-golf\/orcamento\/"},"modified":"2026-02-05T15:45:41","modified_gmt":"2026-02-05T15:45:41","slug":"budget","status":"publish","type":"page","link":"https:\/\/lusogolfe.com\/fr\/pistes-de-mini-golf\/budget\/","title":{"rendered":"Obtenir un devis de Minigolf"},"content":{"rendered":"<div class=\"wpb-content-wrapper\"><p>[vc_row][vc_column css=&#8221;.vc_custom_1615828005516{margin-top: -42px !important;margin-bottom: 40px !important;}&#8221;][rev_slider_vc alias=&#8221;quem-somos&#8221;][\/vc_column][\/vc_row][vc_row top_padding=&#8221;30&#8243;][vc_column width=&#8221;1\/6&#8243;][\/vc_column][vc_column width=&#8221;2\/3&#8243; css=&#8221;.vc_custom_1615828012463{margin-top: 30px !important;padding-right: 20px !important;padding-left: 20px !important;}&#8221;][vc_column_text css=&#8221;.vc_custom_1770306338437{margin-top: 0px !important;margin-bottom: 15px !important;}&#8221;]<\/p>\n<h1><span style=\"color: #000000;\"><span style=\"font-size: 24px;\">DEVIS MINIGOLF<\/span><\/span><\/h1>\n<h2>Commande sans engagement<\/h2>\n<p style=\"text-align: left;\">Nous souhaitons que vous profitiez d\u2019un <strong>minigolf adapt\u00e9 \u00e0 votre espace<\/strong>.\u00a0Recevez rapidement votre devis\u00a0<strong>gratuit et sans engagement<\/strong>.<\/p>\n<p>Apr\u00e8s la demande de devis, nous analysons votre projet, d\u00e9veloppons une proposition personnalis\u00e9e, d\u00e9finissons des d\u00e9lais estim\u00e9s et prenons en charge toute la logistique, y compris le transport et l\u2019installation.[\/vc_column_text][vc_column_text css=&#8221;.vc_custom_1675336915823{margin-bottom: 15px !important;}&#8221;]<script charset=\"utf-8\" type=\"text\/javascript\" src=\"\/\/js.hsforms.net\/forms\/embed\/v2.js\"><\/script><br \/>\n<script>\n  hbspt.forms.create({\n    region: \"na1\",\n    portalId: \"19939676\",\n    formId: \"3ca68c9a-b895-485e-9ca5-188d0f3a0909\"\n  });\n<\/script>[\/vc_column_text][\/vc_column][vc_column width=&#8221;1\/6&#8243;][\/vc_column][\/vc_row]<\/p>\n<\/div>","protected":false},"excerpt":{"rendered":"<p>[vc_row][vc_column css=&#8221;.vc_custom_1615828005516{margin-top: -42px !important;margin-bottom: 40px !important;}&#8221;][rev_slider_vc alias=&#8221;quem-somos&#8221;][\/vc_column][\/vc_row][vc_row top_padding=&#8221;30&#8243;][vc_column width=&#8221;1\/6&#8243;][\/vc_column][vc_column width=&#8221;2\/3&#8243; css=&#8221;.vc_custom_1615828012463{margin-top: 30px !important;padding-right: 20px !important;padding-left: 20px !important;}&#8221;][vc_column_text css=&#8221;.vc_custom_1770306338437{margin-top: 0px !important;margin-bottom: 15px !important;}&#8221;] DEVIS MINIGOLF Commande sans engagement Nous souhaitons que vous profitiez d\u2019un minigolf adapt\u00e9 \u00e0 votre espace.\u00a0Recevez rapidement votre devis\u00a0gratuit et sans engagement. Apr\u00e8s la demande de devis, nous analysons votre projet, d\u00e9veloppons une [&hellip;]<\/p>\n","protected":false},"author":2,"featured_media":0,"parent":1781,"menu_order":0,"comment_status":"closed","ping_status":"closed","template":"","meta":{"content-type":"","footnotes":""},"class_list":["post-6702","page","type-page","status-publish","hentry"],"yoast_head":"<!-- This site is optimized with the Yoast SEO plugin v27.4 - https:\/\/yoast.com\/product\/yoast-seo-wordpress\/ -->\n<title>Obtenir un devis de Minigolf | Lusogolfe<\/title>\n<meta name=\"description\" content=\"Nous souhaitons que vous profitiez d\u2019un minigolf adapt\u00e9 \u00e0 votre espace. Recevez rapidement votre devis gratuit et sans engagement.\" \/>\n<meta name=\"robots\" content=\"index, follow, max-snippet:-1, max-image-preview:large, max-video-preview:-1\" \/>\n<link rel=\"canonical\" href=\"https:\/\/lusogolfe.com\/fr\/pistes-de-mini-golf\/budget\/\" \/>\n<meta property=\"og:locale\" content=\"fr_FR\" \/>\n<meta property=\"og:type\" content=\"article\" \/>\n<meta property=\"og:title\" content=\"Obtenir un devis de Minigolf | Lusogolfe\" \/>\n<meta property=\"og:description\" content=\"Nous souhaitons que vous profitiez d\u2019un minigolf adapt\u00e9 \u00e0 votre espace. Recevez rapidement votre devis gratuit et sans engagement.\" \/>\n<meta property=\"og:url\" content=\"https:\/\/lusogolfe.com\/fr\/pistes-de-mini-golf\/budget\/\" \/>\n<meta property=\"og:site_name\" content=\"Lusogolfe\" \/>\n<meta property=\"article:publisher\" content=\"https:\/\/www.facebook.com\/lusogolfe\/\" \/>\n<meta property=\"article:modified_time\" content=\"2026-02-05T15:45:41+00:00\" \/>\n<meta property=\"og:image\" content=\"https:\/\/lusogolfe.com\/wp-content\/uploads\/2016\/10\/49-anos-Lusogolfe.jpg\" \/>\n\t<meta property=\"og:image:width\" content=\"1\" \/>\n\t<meta property=\"og:image:height\" content=\"1\" \/>\n\t<meta property=\"og:image:type\" content=\"image\/jpeg\" \/>\n<meta name=\"twitter:card\" content=\"summary_large_image\" \/>\n<meta name=\"twitter:label1\" content=\"Dur\u00e9e de lecture estim\u00e9e\" \/>\n\t<meta name=\"twitter:data1\" content=\"1 minute\" \/>\n<script type=\"application\/ld+json\" class=\"yoast-schema-graph\">{\"@context\":\"https:\\\/\\\/schema.org\",\"@graph\":[{\"@type\":\"WebPage\",\"@id\":\"https:\\\/\\\/lusogolfe.com\\\/fr\\\/pistes-de-mini-golf\\\/budget\\\/\",\"url\":\"https:\\\/\\\/lusogolfe.com\\\/fr\\\/pistes-de-mini-golf\\\/budget\\\/\",\"name\":\"Obtenir un devis de Minigolf | Lusogolfe\",\"isPartOf\":{\"@id\":\"http:\\\/\\\/lusogolfe.com\\\/en\\\/#website\"},\"datePublished\":\"2018-04-09T11:35:16+00:00\",\"dateModified\":\"2026-02-05T15:45:41+00:00\",\"description\":\"Nous souhaitons que vous profitiez d\u2019un minigolf adapt\u00e9 \u00e0 votre espace. Recevez rapidement votre devis gratuit et sans engagement.\",\"breadcrumb\":{\"@id\":\"https:\\\/\\\/lusogolfe.com\\\/fr\\\/pistes-de-mini-golf\\\/budget\\\/#breadcrumb\"},\"inLanguage\":\"fr-FR\",\"potentialAction\":[{\"@type\":\"ReadAction\",\"target\":[\"https:\\\/\\\/lusogolfe.com\\\/fr\\\/pistes-de-mini-golf\\\/budget\\\/\"]}]},{\"@type\":\"BreadcrumbList\",\"@id\":\"https:\\\/\\\/lusogolfe.com\\\/fr\\\/pistes-de-mini-golf\\\/budget\\\/#breadcrumb\",\"itemListElement\":[{\"@type\":\"ListItem\",\"position\":1,\"name\":\"Portada\",\"item\":\"https:\\\/\\\/lusogolfe.com\\\/fr\\\/\"},{\"@type\":\"ListItem\",\"position\":2,\"name\":\"Pistes de Minigolf\",\"item\":\"https:\\\/\\\/lusogolfe.com\\\/fr\\\/pistes-de-mini-golf\\\/\"},{\"@type\":\"ListItem\",\"position\":3,\"name\":\"Obtenir un devis de Minigolf\"}]},{\"@type\":\"WebSite\",\"@id\":\"http:\\\/\\\/lusogolfe.com\\\/en\\\/#website\",\"url\":\"http:\\\/\\\/lusogolfe.com\\\/en\\\/\",\"name\":\"Lusogolfe\",\"description\":\"Everything for Minigolf\",\"publisher\":{\"@id\":\"http:\\\/\\\/lusogolfe.com\\\/en\\\/#organization\"},\"potentialAction\":[{\"@type\":\"SearchAction\",\"target\":{\"@type\":\"EntryPoint\",\"urlTemplate\":\"http:\\\/\\\/lusogolfe.com\\\/en\\\/?s={search_term_string}\"},\"query-input\":{\"@type\":\"PropertyValueSpecification\",\"valueRequired\":true,\"valueName\":\"search_term_string\"}}],\"inLanguage\":\"fr-FR\"},{\"@type\":\"Organization\",\"@id\":\"http:\\\/\\\/lusogolfe.com\\\/en\\\/#organization\",\"name\":\"Lusogolfe\",\"url\":\"http:\\\/\\\/lusogolfe.com\\\/en\\\/\",\"logo\":{\"@type\":\"ImageObject\",\"inLanguage\":\"fr-FR\",\"@id\":\"http:\\\/\\\/lusogolfe.com\\\/en\\\/#\\\/schema\\\/logo\\\/image\\\/\",\"url\":\"http:\\\/\\\/lusogolfe.com\\\/wp-content\\\/uploads\\\/2023\\\/05\\\/Lusogolfe-55years.png\",\"contentUrl\":\"http:\\\/\\\/lusogolfe.com\\\/wp-content\\\/uploads\\\/2023\\\/05\\\/Lusogolfe-55years.png\",\"width\":1128,\"height\":768,\"caption\":\"Lusogolfe\"},\"image\":{\"@id\":\"http:\\\/\\\/lusogolfe.com\\\/en\\\/#\\\/schema\\\/logo\\\/image\\\/\"},\"sameAs\":[\"https:\\\/\\\/www.facebook.com\\\/lusogolfe\\\/\",\"https:\\\/\\\/www.linkedin.com\\\/company\\\/lusogolfe\",\"https:\\\/\\\/www.youtube.com\\\/lusogolfe\",\"https:\\\/\\\/www.instagram.com\\\/lusogolfe\"]}]}<\/script>\n<!-- \/ Yoast SEO plugin. -->","yoast_head_json":{"title":"Obtenir un devis de Minigolf | Lusogolfe","description":"Nous souhaitons que vous profitiez d\u2019un minigolf adapt\u00e9 \u00e0 votre espace. Recevez rapidement votre devis gratuit et sans engagement.","robots":{"index":"index","follow":"follow","max-snippet":"max-snippet:-1","max-image-preview":"max-image-preview:large","max-video-preview":"max-video-preview:-1"},"canonical":"https:\/\/lusogolfe.com\/fr\/pistes-de-mini-golf\/budget\/","og_locale":"fr_FR","og_type":"article","og_title":"Obtenir un devis de Minigolf | Lusogolfe","og_description":"Nous souhaitons que vous profitiez d\u2019un minigolf adapt\u00e9 \u00e0 votre espace. Recevez rapidement votre devis gratuit et sans engagement.","og_url":"https:\/\/lusogolfe.com\/fr\/pistes-de-mini-golf\/budget\/","og_site_name":"Lusogolfe","article_publisher":"https:\/\/www.facebook.com\/lusogolfe\/","article_modified_time":"2026-02-05T15:45:41+00:00","og_image":[{"url":"https:\/\/lusogolfe.com\/wp-content\/uploads\/2016\/10\/49-anos-Lusogolfe.jpg","width":1,"height":1,"type":"image\/jpeg"}],"twitter_card":"summary_large_image","twitter_misc":{"Dur\u00e9e de lecture estim\u00e9e":"1 minute"},"schema":{"@context":"https:\/\/schema.org","@graph":[{"@type":"WebPage","@id":"https:\/\/lusogolfe.com\/fr\/pistes-de-mini-golf\/budget\/","url":"https:\/\/lusogolfe.com\/fr\/pistes-de-mini-golf\/budget\/","name":"Obtenir un devis de Minigolf | Lusogolfe","isPartOf":{"@id":"http:\/\/lusogolfe.com\/en\/#website"},"datePublished":"2018-04-09T11:35:16+00:00","dateModified":"2026-02-05T15:45:41+00:00","description":"Nous souhaitons que vous profitiez d\u2019un minigolf adapt\u00e9 \u00e0 votre espace. Recevez rapidement votre devis gratuit et sans engagement.","breadcrumb":{"@id":"https:\/\/lusogolfe.com\/fr\/pistes-de-mini-golf\/budget\/#breadcrumb"},"inLanguage":"fr-FR","potentialAction":[{"@type":"ReadAction","target":["https:\/\/lusogolfe.com\/fr\/pistes-de-mini-golf\/budget\/"]}]},{"@type":"BreadcrumbList","@id":"https:\/\/lusogolfe.com\/fr\/pistes-de-mini-golf\/budget\/#breadcrumb","itemListElement":[{"@type":"ListItem","position":1,"name":"Portada","item":"https:\/\/lusogolfe.com\/fr\/"},{"@type":"ListItem","position":2,"name":"Pistes de Minigolf","item":"https:\/\/lusogolfe.com\/fr\/pistes-de-mini-golf\/"},{"@type":"ListItem","position":3,"name":"Obtenir un devis de Minigolf"}]},{"@type":"WebSite","@id":"http:\/\/lusogolfe.com\/en\/#website","url":"http:\/\/lusogolfe.com\/en\/","name":"Lusogolfe","description":"Everything for Minigolf","publisher":{"@id":"http:\/\/lusogolfe.com\/en\/#organization"},"potentialAction":[{"@type":"SearchAction","target":{"@type":"EntryPoint","urlTemplate":"http:\/\/lusogolfe.com\/en\/?s={search_term_string}"},"query-input":{"@type":"PropertyValueSpecification","valueRequired":true,"valueName":"search_term_string"}}],"inLanguage":"fr-FR"},{"@type":"Organization","@id":"http:\/\/lusogolfe.com\/en\/#organization","name":"Lusogolfe","url":"http:\/\/lusogolfe.com\/en\/","logo":{"@type":"ImageObject","inLanguage":"fr-FR","@id":"http:\/\/lusogolfe.com\/en\/#\/schema\/logo\/image\/","url":"http:\/\/lusogolfe.com\/wp-content\/uploads\/2023\/05\/Lusogolfe-55years.png","contentUrl":"http:\/\/lusogolfe.com\/wp-content\/uploads\/2023\/05\/Lusogolfe-55years.png","width":1128,"height":768,"caption":"Lusogolfe"},"image":{"@id":"http:\/\/lusogolfe.com\/en\/#\/schema\/logo\/image\/"},"sameAs":["https:\/\/www.facebook.com\/lusogolfe\/","https:\/\/www.linkedin.com\/company\/lusogolfe","https:\/\/www.youtube.com\/lusogolfe","https:\/\/www.instagram.com\/lusogolfe"]}]}},"_links":{"self":[{"href":"https:\/\/lusogolfe.com\/fr\/wp-json\/wp\/v2\/pages\/6702","targetHints":{"allow":["GET"]}}],"collection":[{"href":"https:\/\/lusogolfe.com\/fr\/wp-json\/wp\/v2\/pages"}],"about":[{"href":"https:\/\/lusogolfe.com\/fr\/wp-json\/wp\/v2\/types\/page"}],"author":[{"embeddable":true,"href":"https:\/\/lusogolfe.com\/fr\/wp-json\/wp\/v2\/users\/2"}],"replies":[{"embeddable":true,"href":"https:\/\/lusogolfe.com\/fr\/wp-json\/wp\/v2\/comments?post=6702"}],"version-history":[{"count":9,"href":"https:\/\/lusogolfe.com\/fr\/wp-json\/wp\/v2\/pages\/6702\/revisions"}],"predecessor-version":[{"id":18004,"href":"https:\/\/lusogolfe.com\/fr\/wp-json\/wp\/v2\/pages\/6702\/revisions\/18004"}],"up":[{"embeddable":true,"href":"https:\/\/lusogolfe.com\/fr\/wp-json\/wp\/v2\/pages\/1781"}],"wp:attachment":[{"href":"https:\/\/lusogolfe.com\/fr\/wp-json\/wp\/v2\/media?parent=6702"}],"curies":[{"name":"wp","href":"https:\/\/api.w.org\/{rel}","templated":true}]}}