{"id":4095,"date":"2018-01-11T11:26:14","date_gmt":"2018-01-11T11:26:14","guid":{"rendered":"https:\/\/lusogolfe.com\/fr\/pista-minigolfe-direta\/"},"modified":"2023-02-02T14:10:49","modified_gmt":"2023-02-02T14:10:49","slug":"piste-de-mini-golf-directe","status":"publish","type":"page","link":"https:\/\/lusogolfe.com\/fr\/piste-de-mini-golf-directe\/","title":{"rendered":"Piste de Minigolf &#8220;Directe&#8221;"},"content":{"rendered":"<div class=\"wpb-content-wrapper\"><p>[vc_row][vc_column width=&#8221;2\/3&#8243;][vc_column_text css=&#8221;.vc_custom_1675347025013{margin-bottom: 10px !important;border-bottom-width: 10px !important;padding-bottom: 10px !important;}&#8221;]<\/p>\n<h1><span style=\"color: black; font-size: 24px; font-weight: bold;\">PISTE DE MINIGOLF &#8221; DIRECTE &#8220;<\/span><\/h1>\n<h2><span style=\"color: #f7b90a;\">Lignes modernes et amusantes<\/span><\/h2>\n<p>[\/vc_column_text][vc_column_text]<\/p>\n<p>&nbsp;<\/p>\n<p><img loading=\"lazy\" decoding=\"async\" class=\"aligncenter wp-image-4119 zoooom\" src=\"https:\/\/lusogolfe.com\/wp-content\/uploads\/2018\/01\/Piste-de-Mini-Golf-Directe.jpg\" alt=\"Piste-de-Mini-Golf-'Directe'\" width=\"600\" height=\"335\" \/>[\/vc_column_text][block_title style=&#8221;column_title&#8221; inner_style=&#8221;inline_border&#8221; title=&#8221;Sp\u00e9cifications Techniques&#8221;][\/block_title][vc_column_text]<strong>Mat\u00e9riaux:<\/strong>\u00a0Tube carr\u00e9 et rectangulaire<\/p>\n<p><strong>Surface de jeu:<\/strong> Plaque de ciment rev\u00eatu de gazon synth\u00e9tique<\/p>\n<p><strong>Protection et la peinture:<\/strong>\u00a0Traitement par galvanisation en gris sans laquage et le traitement de m\u00e9tallisation avec rev\u00eatement en poudre pour colorer<\/p>\n<p><strong>Obstacles:<\/strong>\u00a0En fibre de verre et d&#8217;acier lamin\u00e9<\/p>\n<p><strong>Mesures:<\/strong>\u00a0Longeur 3.33m | Largeur: 0.59m | Cercle: 0.935m[\/vc_column_text][vc_gallery type=&#8221;flexslider_slide&#8221; interval=&#8221;3&#8243; images=&#8221;4009,4010,4012,4011&#8243; img_size=&#8221;full&#8221; css=&#8221;.vc_custom_1515669611556{margin-bottom: -40px !important;border-bottom-width: -40px !important;padding-bottom: -40px !important;}&#8221;][\/vc_column][vc_column width=&#8221;1\/3&#8243;][vc_column_text css=&#8221;.vc_custom_1675346995254{margin-bottom: 10px !important;border-bottom-width: 10px !important;padding-bottom: 10px !important;}&#8221;]<\/p>\n<h2><span style=\"color: black; font-size: 24px; font-weight: bold;\">D\u00c9TAILS<\/span><\/h2>\n<h2><span style=\"color: #f7b90a;\">En savoir plus sur cette piste<\/span><\/h2>\n<p>[\/vc_column_text][vc_column_text css=&#8221;.vc_custom_1675346924544{margin-bottom: 10px !important;border-bottom-width: 10px !important;padding-bottom: 10px !important;}&#8221;]<\/p>\n<ul>\n<li style=\"text-align: left;\">Piste sans obstacles<\/li>\n<li style=\"text-align: left;\">Pr\u00eat pour l&#8217;int\u00e9rieur et l&#8217;ext\u00e9rieur<\/li>\n<li style=\"text-align: left;\">Facilement transportable<\/li>\n<li style=\"text-align: left;\">Peut \u00eatre jou\u00e9 par des personnes de tout \u00e2ge<\/li>\n<li style=\"text-align: left;\">Peut \u00eatre jou\u00e9 en groupe ou individuellement<\/li>\n<\/ul>\n<p>[\/vc_column_text][vc_column_text css=&#8221;.vc_custom_1675346969426{margin-bottom: 10px !important;border-bottom-width: 10px !important;padding-bottom: 10px !important;}&#8221;]<\/p>\n<h2><span style=\"color: black; font-size: 24px; font-weight: bold;\">VOULEZ-VOUS EN SAVOIR PLUS?<\/span><\/h2>\n<p><script charset=\"utf-8\" type=\"text\/javascript\" src=\"\/\/js.hsforms.net\/forms\/embed\/v2.js\"><\/script><br \/>\n<script>\n  hbspt.forms.create({\n    region: \"na1\",\n    portalId: \"19939676\",\n    formId: \"a60daf30-1391-46c6-9788-4d68f90eb9b3\"\n  });\n<\/script>[\/vc_column_text][\/vc_column][\/vc_row][vc_row][vc_column][separator width=&#8221;100%&#8221; height=&#8221;1px&#8221; color=&#8221;#e1e1e1&#8243;][\/vc_column][\/vc_row][vc_row][vc_column][testimonial_carousel test_cat=&#8221;0&#8243; duration=&#8221;1000&#8243;][\/vc_column][\/vc_row][vc_row][vc_column][block_title style=&#8221;column_title&#8221; inner_style=&#8221;inline_border&#8221; title=&#8221;Qui regarde Piste de Minigolf &#8220;Directe&#8220; aime aussi&#8221;][\/block_title][\/vc_column][\/vc_row][vc_row][vc_column width=&#8221;1\/3&#8243;][vc_column_text]<\/p>\n<h2><a href=\"https:\/\/lusogolfe.com\/fr\/mon-minigolf-pro\/\"><img loading=\"lazy\" decoding=\"async\" class=\"alignnone size-medium wp-image-3992\" src=\"https:\/\/lusogolfe.com\/wp-content\/uploads\/2018\/01\/Novo-Kit-Meu-Minigolfe-Pro-300x167.jpg\" alt=\"Kit-Meu-Minigolfe-Pro\" width=\"300\" height=\"167\" \/><br \/>\n<\/a><a href=\"https:\/\/lusogolfe.com\/fr\/mon-minigolf-pro\/\">MonMinigolf Pro<\/a><\/h2>\n<p>Ensemble de 13 obstacles super robustes avec son propre sac pour un transport facile.[\/vc_column_text][\/vc_column][vc_column width=&#8221;1\/3&#8243;][vc_column_text]<\/p>\n<h2><a href=\"https:\/\/lusogolfe.com\/fr\/easy-golf-pack\/\"><img loading=\"lazy\" decoding=\"async\" class=\"alignnone size-medium wp-image-4033\" src=\"https:\/\/lusogolfe.com\/wp-content\/uploads\/2018\/01\/Eye-300x167.jpg\" alt=\"\" width=\"300\" height=\"167\" \/><br \/>\n<\/a><a href=\"https:\/\/lusogolfe.com\/fr\/easy-golf-pack\/\">Easy Golf Pack<\/a><\/h2>\n<p>S\u00e9lection de six pistes Minigolf aux lignes modernes, et design de r\u00e9f\u00e9rence sur le march\u00e9.[\/vc_column_text][\/vc_column][vc_column width=&#8221;1\/3&#8243;][\/vc_column][\/vc_row][vc_row][vc_column column_padding=&#8221;2.5%&#8221; css=&#8221;.vc_custom_1476984252706{background-color: #f6f6f6 !important;}&#8221;][textbar title=&#8221;Avez-vous des questions? Parlez-nous!&#8221; button_title=&#8221;Contacter&#8221; button_link=&#8221;https:\/\/lusogolfe.com\/fr\/contacts\/&#8221; icon=&#8221;steadysets-icon-users2&#8243;][\/vc_column][\/vc_row]<\/p>\n<\/div>","protected":false},"excerpt":{"rendered":"<p>[vc_row][vc_column width=&#8221;2\/3&#8243;][vc_column_text css=&#8221;.vc_custom_1675347025013{margin-bottom: 10px !important;border-bottom-width: 10px !important;padding-bottom: 10px !important;}&#8221;] PISTE DE MINIGOLF &#8221; DIRECTE &#8220; Lignes modernes et amusantes [\/vc_column_text][vc_column_text] &nbsp; [\/vc_column_text][block_title style=&#8221;column_title&#8221; inner_style=&#8221;inline_border&#8221; title=&#8221;Sp\u00e9cifications Techniques&#8221;][\/block_title][vc_column_text]Mat\u00e9riaux:\u00a0Tube carr\u00e9 et rectangulaire Surface de jeu: Plaque de ciment rev\u00eatu de gazon synth\u00e9tique Protection et la peinture:\u00a0Traitement par galvanisation en gris sans laquage et le traitement de m\u00e9tallisation avec [&hellip;]<\/p>\n","protected":false},"author":2,"featured_media":0,"parent":0,"menu_order":0,"comment_status":"closed","ping_status":"closed","template":"","meta":{"content-type":"","footnotes":""},"class_list":["post-4095","page","type-page","status-publish","hentry"],"yoast_head":"<!-- This site is optimized with the Yoast SEO plugin v27.3 - https:\/\/yoast.com\/product\/yoast-seo-wordpress\/ -->\n<title>Piste de Mini-Golf &quot;Directe&quot; | Lignes modernes sans obstacles.<\/title>\n<meta name=\"description\" content=\"Pour int\u00e9rieur et ext\u00e9rieur. R\u00e9sistant aux intemp\u00e9ries. Polyvalent et dynamique. Facilement transportable. Peut \u00eatre combin\u00e9 avec le kit MonMinigolf Pro. Exp\u00e9ditions dans le monde entier\" \/>\n<meta name=\"robots\" content=\"index, follow, max-snippet:-1, max-image-preview:large, max-video-preview:-1\" \/>\n<link rel=\"canonical\" href=\"http:\/\/lusogolfe.com\/fr\/piste-de-mini-golf-directe\/\" \/>\n<meta property=\"og:locale\" content=\"fr_FR\" \/>\n<meta property=\"og:type\" content=\"article\" \/>\n<meta property=\"og:title\" content=\"Piste de Mini-Golf &quot;Directe&quot; | Lignes modernes sans obstacles.\" \/>\n<meta property=\"og:description\" content=\"Pour int\u00e9rieur et ext\u00e9rieur. R\u00e9sistant aux intemp\u00e9ries. Polyvalent et dynamique. Facilement transportable. Peut \u00eatre combin\u00e9 avec le kit MonMinigolf Pro. Exp\u00e9ditions dans le monde entier\" \/>\n<meta property=\"og:url\" content=\"http:\/\/lusogolfe.com\/fr\/piste-de-mini-golf-directe\/\" \/>\n<meta property=\"og:site_name\" content=\"Lusogolfe\" \/>\n<meta property=\"article:publisher\" content=\"https:\/\/www.facebook.com\/lusogolfe\/\" \/>\n<meta property=\"article:modified_time\" content=\"2023-02-02T14:10:49+00:00\" \/>\n<meta property=\"og:image\" content=\"https:\/\/lusogolfe.com\/wp-content\/uploads\/2018\/01\/Piste-de-Mini-Golf-Directe.jpg\" \/>\n<meta name=\"twitter:card\" content=\"summary_large_image\" \/>\n<meta name=\"twitter:label1\" content=\"Dur\u00e9e de lecture estim\u00e9e\" \/>\n\t<meta name=\"twitter:data1\" content=\"2 minutes\" \/>\n<script type=\"application\/ld+json\" class=\"yoast-schema-graph\">{\"@context\":\"https:\\\/\\\/schema.org\",\"@graph\":[{\"@type\":\"WebPage\",\"@id\":\"http:\\\/\\\/lusogolfe.com\\\/fr\\\/piste-de-mini-golf-directe\\\/\",\"url\":\"http:\\\/\\\/lusogolfe.com\\\/fr\\\/piste-de-mini-golf-directe\\\/\",\"name\":\"Piste de Mini-Golf \\\"Directe\\\" | Lignes modernes sans obstacles.\",\"isPartOf\":{\"@id\":\"https:\\\/\\\/lusogolfe.com\\\/fr\\\/#website\"},\"primaryImageOfPage\":{\"@id\":\"http:\\\/\\\/lusogolfe.com\\\/fr\\\/piste-de-mini-golf-directe\\\/#primaryimage\"},\"image\":{\"@id\":\"http:\\\/\\\/lusogolfe.com\\\/fr\\\/piste-de-mini-golf-directe\\\/#primaryimage\"},\"thumbnailUrl\":\"https:\\\/\\\/lusogolfe.com\\\/wp-content\\\/uploads\\\/2018\\\/01\\\/Piste-de-Mini-Golf-Directe.jpg\",\"datePublished\":\"2018-01-11T11:26:14+00:00\",\"dateModified\":\"2023-02-02T14:10:49+00:00\",\"description\":\"Pour int\u00e9rieur et ext\u00e9rieur. R\u00e9sistant aux intemp\u00e9ries. Polyvalent et dynamique. Facilement transportable. Peut \u00eatre combin\u00e9 avec le kit MonMinigolf Pro. Exp\u00e9ditions dans le monde entier\",\"breadcrumb\":{\"@id\":\"http:\\\/\\\/lusogolfe.com\\\/fr\\\/piste-de-mini-golf-directe\\\/#breadcrumb\"},\"inLanguage\":\"fr-FR\",\"potentialAction\":[{\"@type\":\"ReadAction\",\"target\":[\"http:\\\/\\\/lusogolfe.com\\\/fr\\\/piste-de-mini-golf-directe\\\/\"]}]},{\"@type\":\"ImageObject\",\"inLanguage\":\"fr-FR\",\"@id\":\"http:\\\/\\\/lusogolfe.com\\\/fr\\\/piste-de-mini-golf-directe\\\/#primaryimage\",\"url\":\"https:\\\/\\\/lusogolfe.com\\\/wp-content\\\/uploads\\\/2018\\\/01\\\/Piste-de-Mini-Golf-Directe.jpg\",\"contentUrl\":\"https:\\\/\\\/lusogolfe.com\\\/wp-content\\\/uploads\\\/2018\\\/01\\\/Piste-de-Mini-Golf-Directe.jpg\"},{\"@type\":\"BreadcrumbList\",\"@id\":\"http:\\\/\\\/lusogolfe.com\\\/fr\\\/piste-de-mini-golf-directe\\\/#breadcrumb\",\"itemListElement\":[{\"@type\":\"ListItem\",\"position\":1,\"name\":\"Portada\",\"item\":\"https:\\\/\\\/lusogolfe.com\\\/fr\\\/\"},{\"@type\":\"ListItem\",\"position\":2,\"name\":\"Piste de Minigolf &#8220;Directe&#8221;\"}]},{\"@type\":\"WebSite\",\"@id\":\"https:\\\/\\\/lusogolfe.com\\\/fr\\\/#website\",\"url\":\"https:\\\/\\\/lusogolfe.com\\\/fr\\\/\",\"name\":\"Lusogolfe\",\"description\":\"Everything for Minigolf\",\"publisher\":{\"@id\":\"https:\\\/\\\/lusogolfe.com\\\/fr\\\/#organization\"},\"potentialAction\":[{\"@type\":\"SearchAction\",\"target\":{\"@type\":\"EntryPoint\",\"urlTemplate\":\"https:\\\/\\\/lusogolfe.com\\\/fr\\\/?s={search_term_string}\"},\"query-input\":{\"@type\":\"PropertyValueSpecification\",\"valueRequired\":true,\"valueName\":\"search_term_string\"}}],\"inLanguage\":\"fr-FR\"},{\"@type\":\"Organization\",\"@id\":\"https:\\\/\\\/lusogolfe.com\\\/fr\\\/#organization\",\"name\":\"Lusogolfe\",\"url\":\"https:\\\/\\\/lusogolfe.com\\\/fr\\\/\",\"logo\":{\"@type\":\"ImageObject\",\"inLanguage\":\"fr-FR\",\"@id\":\"https:\\\/\\\/lusogolfe.com\\\/fr\\\/#\\\/schema\\\/logo\\\/image\\\/\",\"url\":\"http:\\\/\\\/lusogolfe.com\\\/wp-content\\\/uploads\\\/2023\\\/05\\\/Lusogolfe-55years.png\",\"contentUrl\":\"http:\\\/\\\/lusogolfe.com\\\/wp-content\\\/uploads\\\/2023\\\/05\\\/Lusogolfe-55years.png\",\"width\":1128,\"height\":768,\"caption\":\"Lusogolfe\"},\"image\":{\"@id\":\"https:\\\/\\\/lusogolfe.com\\\/fr\\\/#\\\/schema\\\/logo\\\/image\\\/\"},\"sameAs\":[\"https:\\\/\\\/www.facebook.com\\\/lusogolfe\\\/\",\"https:\\\/\\\/www.linkedin.com\\\/company\\\/lusogolfe\",\"https:\\\/\\\/www.youtube.com\\\/lusogolfe\",\"https:\\\/\\\/www.instagram.com\\\/lusogolfe\"]}]}<\/script>\n<!-- \/ Yoast SEO plugin. -->","yoast_head_json":{"title":"Piste de Mini-Golf \"Directe\" | Lignes modernes sans obstacles.","description":"Pour int\u00e9rieur et ext\u00e9rieur. R\u00e9sistant aux intemp\u00e9ries. Polyvalent et dynamique. Facilement transportable. Peut \u00eatre combin\u00e9 avec le kit MonMinigolf Pro. Exp\u00e9ditions dans le monde entier","robots":{"index":"index","follow":"follow","max-snippet":"max-snippet:-1","max-image-preview":"max-image-preview:large","max-video-preview":"max-video-preview:-1"},"canonical":"http:\/\/lusogolfe.com\/fr\/piste-de-mini-golf-directe\/","og_locale":"fr_FR","og_type":"article","og_title":"Piste de Mini-Golf \"Directe\" | Lignes modernes sans obstacles.","og_description":"Pour int\u00e9rieur et ext\u00e9rieur. R\u00e9sistant aux intemp\u00e9ries. Polyvalent et dynamique. Facilement transportable. Peut \u00eatre combin\u00e9 avec le kit MonMinigolf Pro. Exp\u00e9ditions dans le monde entier","og_url":"http:\/\/lusogolfe.com\/fr\/piste-de-mini-golf-directe\/","og_site_name":"Lusogolfe","article_publisher":"https:\/\/www.facebook.com\/lusogolfe\/","article_modified_time":"2023-02-02T14:10:49+00:00","og_image":[{"url":"https:\/\/lusogolfe.com\/wp-content\/uploads\/2018\/01\/Piste-de-Mini-Golf-Directe.jpg","type":"","width":"","height":""}],"twitter_card":"summary_large_image","twitter_misc":{"Dur\u00e9e de lecture estim\u00e9e":"2 minutes"},"schema":{"@context":"https:\/\/schema.org","@graph":[{"@type":"WebPage","@id":"http:\/\/lusogolfe.com\/fr\/piste-de-mini-golf-directe\/","url":"http:\/\/lusogolfe.com\/fr\/piste-de-mini-golf-directe\/","name":"Piste de Mini-Golf \"Directe\" | Lignes modernes sans obstacles.","isPartOf":{"@id":"https:\/\/lusogolfe.com\/fr\/#website"},"primaryImageOfPage":{"@id":"http:\/\/lusogolfe.com\/fr\/piste-de-mini-golf-directe\/#primaryimage"},"image":{"@id":"http:\/\/lusogolfe.com\/fr\/piste-de-mini-golf-directe\/#primaryimage"},"thumbnailUrl":"https:\/\/lusogolfe.com\/wp-content\/uploads\/2018\/01\/Piste-de-Mini-Golf-Directe.jpg","datePublished":"2018-01-11T11:26:14+00:00","dateModified":"2023-02-02T14:10:49+00:00","description":"Pour int\u00e9rieur et ext\u00e9rieur. R\u00e9sistant aux intemp\u00e9ries. Polyvalent et dynamique. Facilement transportable. Peut \u00eatre combin\u00e9 avec le kit MonMinigolf Pro. Exp\u00e9ditions dans le monde entier","breadcrumb":{"@id":"http:\/\/lusogolfe.com\/fr\/piste-de-mini-golf-directe\/#breadcrumb"},"inLanguage":"fr-FR","potentialAction":[{"@type":"ReadAction","target":["http:\/\/lusogolfe.com\/fr\/piste-de-mini-golf-directe\/"]}]},{"@type":"ImageObject","inLanguage":"fr-FR","@id":"http:\/\/lusogolfe.com\/fr\/piste-de-mini-golf-directe\/#primaryimage","url":"https:\/\/lusogolfe.com\/wp-content\/uploads\/2018\/01\/Piste-de-Mini-Golf-Directe.jpg","contentUrl":"https:\/\/lusogolfe.com\/wp-content\/uploads\/2018\/01\/Piste-de-Mini-Golf-Directe.jpg"},{"@type":"BreadcrumbList","@id":"http:\/\/lusogolfe.com\/fr\/piste-de-mini-golf-directe\/#breadcrumb","itemListElement":[{"@type":"ListItem","position":1,"name":"Portada","item":"https:\/\/lusogolfe.com\/fr\/"},{"@type":"ListItem","position":2,"name":"Piste de Minigolf &#8220;Directe&#8221;"}]},{"@type":"WebSite","@id":"https:\/\/lusogolfe.com\/fr\/#website","url":"https:\/\/lusogolfe.com\/fr\/","name":"Lusogolfe","description":"Everything for Minigolf","publisher":{"@id":"https:\/\/lusogolfe.com\/fr\/#organization"},"potentialAction":[{"@type":"SearchAction","target":{"@type":"EntryPoint","urlTemplate":"https:\/\/lusogolfe.com\/fr\/?s={search_term_string}"},"query-input":{"@type":"PropertyValueSpecification","valueRequired":true,"valueName":"search_term_string"}}],"inLanguage":"fr-FR"},{"@type":"Organization","@id":"https:\/\/lusogolfe.com\/fr\/#organization","name":"Lusogolfe","url":"https:\/\/lusogolfe.com\/fr\/","logo":{"@type":"ImageObject","inLanguage":"fr-FR","@id":"https:\/\/lusogolfe.com\/fr\/#\/schema\/logo\/image\/","url":"http:\/\/lusogolfe.com\/wp-content\/uploads\/2023\/05\/Lusogolfe-55years.png","contentUrl":"http:\/\/lusogolfe.com\/wp-content\/uploads\/2023\/05\/Lusogolfe-55years.png","width":1128,"height":768,"caption":"Lusogolfe"},"image":{"@id":"https:\/\/lusogolfe.com\/fr\/#\/schema\/logo\/image\/"},"sameAs":["https:\/\/www.facebook.com\/lusogolfe\/","https:\/\/www.linkedin.com\/company\/lusogolfe","https:\/\/www.youtube.com\/lusogolfe","https:\/\/www.instagram.com\/lusogolfe"]}]}},"_links":{"self":[{"href":"https:\/\/lusogolfe.com\/fr\/wp-json\/wp\/v2\/pages\/4095","targetHints":{"allow":["GET"]}}],"collection":[{"href":"https:\/\/lusogolfe.com\/fr\/wp-json\/wp\/v2\/pages"}],"about":[{"href":"https:\/\/lusogolfe.com\/fr\/wp-json\/wp\/v2\/types\/page"}],"author":[{"embeddable":true,"href":"https:\/\/lusogolfe.com\/fr\/wp-json\/wp\/v2\/users\/2"}],"replies":[{"embeddable":true,"href":"https:\/\/lusogolfe.com\/fr\/wp-json\/wp\/v2\/comments?post=4095"}],"version-history":[{"count":9,"href":"https:\/\/lusogolfe.com\/fr\/wp-json\/wp\/v2\/pages\/4095\/revisions"}],"predecessor-version":[{"id":14426,"href":"https:\/\/lusogolfe.com\/fr\/wp-json\/wp\/v2\/pages\/4095\/revisions\/14426"}],"wp:attachment":[{"href":"https:\/\/lusogolfe.com\/fr\/wp-json\/wp\/v2\/media?parent=4095"}],"curies":[{"name":"wp","href":"https:\/\/api.w.org\/{rel}","templated":true}]}}