{"id":3938,"date":"2018-01-04T11:06:23","date_gmt":"2018-01-04T11:06:23","guid":{"rendered":"https:\/\/lusogolfe.com\/fr\/seja-nosso-parceiro\/"},"modified":"2023-02-02T11:29:34","modified_gmt":"2023-02-02T11:29:34","slug":"devenez-notre-partenaire","status":"publish","type":"page","link":"https:\/\/lusogolfe.com\/fr\/devenez-notre-partenaire\/","title":{"rendered":"Voulez-vous \u00eatre notre partenaire?"},"content":{"rendered":"<div class=\"wpb-content-wrapper\"><p>[vc_row][vc_column][media image=&#8221;3461&#8243;][\/vc_column][\/vc_row][vc_row][vc_column width=&#8221;2\/3&#8243;][block_title style=&#8221;column_title&#8221; inner_style=&#8221;inline_border&#8221; title=&#8221;Voulez-vous ajouter un produit de r\u00e9f\u00e9rence \u00e0 votre portefeuille?&#8221;][\/block_title][vc_column_text]Lusogolfe est une entreprise leader dans le march\u00e9, avec plus de 50 ans d\u2019exp\u00e9rience en solutions pour Minigolf. Nous concevons et construisons diff\u00e9rents mod\u00e8les de pistes de Minigolf qui sont distribu\u00e9es par tout le monde.<\/p>\n<p>Nos \u00e9quipements sont avantageux pour ceux que veulent avoir un espace rentabilis\u00e9 et dynamique, toujours disponible pour faire passer moments de socialisation, loisir et comp\u00e9tition.[\/vc_column_text][vc_column_text]<\/p>\n<h3>Principaux motifs pour \u00eatre un partenaire Lusogolfe:<\/h3>\n<ul>\n<li>Solutions de Minigolf avec du design et qualit\u00e9 de renom sur le march\u00e9\u00a0;<\/li>\n<li>La marque Lusogolfe est pr\u00e9sente dans 14 pays\u00a0;<\/li>\n<li>Des clients fid\u00e9lis\u00e9s et satisfaits avec nos \u00e9quipements\u00a0;<\/li>\n<li>Conditions commerciales qui r\u00e9compensent l\u2019engagement\u00a0;<\/li>\n<li>Accompagnement personnalis\u00e9 par l\u2019\u00c9quipe de Vente ;<\/li>\n<li>Communication permanente\u00a0;<\/li>\n<li>Aide du d\u00e9partement marketing dans la dynamisation des campagnes\u00a0;<\/li>\n<li>Support technique qualifi\u00e9.<\/li>\n<\/ul>\n<h3>Objectifs communs:<\/h3>\n<ul>\n<li>Valoriser les comp\u00e9tences du Partenaire en fonction de sa strat\u00e9gie et son secteur\u00a0;<\/li>\n<li>Augmenter la valeur ajout\u00e9e, en lui fournissant d\u2019outils qui permettent \u00e9largir l\u2019offre de Solutions et Services\u00a0;<\/li>\n<li>Fixer de fa\u00e7on objective les bases du partenariat, en d\u00e9finissant des conditions commerciales avantageuses face \u00e0 nos concurrents.<\/li>\n<\/ul>\n<p>[\/vc_column_text][\/vc_column][vc_column width=&#8221;1\/3&#8243;][block_title style=&#8221;column_title&#8221; inner_style=&#8221;inline_border&#8221; title=&#8221;Devenez notre partenaire&#8221;][\/block_title][vc_column_text]<script charset=\"utf-8\" type=\"text\/javascript\" src=\"\/\/js.hsforms.net\/forms\/embed\/v2.js\"><\/script><br \/>\n<script>\n  hbspt.forms.create({\n    region: \"na1\",\n    portalId: \"19939676\",\n    formId: \"050760b5-0cdd-42ca-911e-528253ca8ff2\"\n  });\n<\/script>[\/vc_column_text][\/vc_column][\/vc_row][vc_row][vc_column][block_title style=&#8221;column_title&#8221; title=&#8221;R\u00e9f\u00e9rences&#8221;][\/block_title][recent_portfolio columns=&#8221;5&#8243; rows=&#8221;3&#8243;][\/vc_column][\/vc_row][vc_row][vc_column column_padding=&#8221;2.5%&#8221; background_color=&#8221;#f6f6f6&#8243;][textbar title=&#8221;Avez-vous des questions? Parlez-nous!&#8221; button_title=&#8221;Contacter&#8221; button_link=&#8221;https:\/\/lusogolfe.com\/fr\/contacts\/&#8221; icon=&#8221;steadysets-icon-users2&#8243;][\/vc_column][\/vc_row]<\/p>\n<\/div>","protected":false},"excerpt":{"rendered":"<p>[vc_row][vc_column][media image=&#8221;3461&#8243;][\/vc_column][\/vc_row][vc_row][vc_column width=&#8221;2\/3&#8243;][block_title style=&#8221;column_title&#8221; inner_style=&#8221;inline_border&#8221; title=&#8221;Voulez-vous ajouter un produit de r\u00e9f\u00e9rence \u00e0 votre portefeuille?&#8221;][\/block_title][vc_column_text]Lusogolfe est une entreprise leader dans le march\u00e9, avec plus de 50 ans d\u2019exp\u00e9rience en solutions pour Minigolf. Nous concevons et construisons diff\u00e9rents mod\u00e8les de pistes de Minigolf qui sont distribu\u00e9es par tout le monde. Nos \u00e9quipements sont avantageux pour ceux que [&hellip;]<\/p>\n","protected":false},"author":2,"featured_media":0,"parent":0,"menu_order":0,"comment_status":"open","ping_status":"open","template":"","meta":{"content-type":"","footnotes":""},"class_list":["post-3938","page","type-page","status-publish","hentry"],"yoast_head":"<!-- This site is optimized with the Yoast SEO plugin v27.3 - https:\/\/yoast.com\/product\/yoast-seo-wordpress\/ -->\n<title>Voulez-vous \u00eatre notre partenaire? - Lusogolfe<\/title>\n<meta name=\"description\" content=\"Servi\u00e7os vantajosos para quem deseja ter um espa\u00e7o rentabilizado e din\u00e2mico, para proporcionar momentos de socializa\u00e7\u00e3o, lazer e competi\u00e7\u00e3o.\" \/>\n<meta name=\"robots\" content=\"index, follow, max-snippet:-1, max-image-preview:large, max-video-preview:-1\" \/>\n<link rel=\"canonical\" href=\"https:\/\/lusogolfe.com\/fr\/devenez-notre-partenaire\/\" \/>\n<meta property=\"og:locale\" content=\"fr_FR\" \/>\n<meta property=\"og:type\" content=\"article\" \/>\n<meta property=\"og:title\" content=\"Voulez-vous \u00eatre notre partenaire? - Lusogolfe\" \/>\n<meta property=\"og:description\" content=\"Servi\u00e7os vantajosos para quem deseja ter um espa\u00e7o rentabilizado e din\u00e2mico, para proporcionar momentos de socializa\u00e7\u00e3o, lazer e competi\u00e7\u00e3o.\" \/>\n<meta property=\"og:url\" content=\"https:\/\/lusogolfe.com\/fr\/devenez-notre-partenaire\/\" \/>\n<meta property=\"og:site_name\" content=\"Lusogolfe\" \/>\n<meta property=\"article:publisher\" content=\"https:\/\/www.facebook.com\/lusogolfe\/\" \/>\n<meta property=\"article:modified_time\" content=\"2023-02-02T11:29:34+00:00\" \/>\n<meta property=\"og:image\" content=\"https:\/\/lusogolfe.com\/wp-content\/uploads\/2016\/10\/49-anos-Lusogolfe.jpg\" \/>\n\t<meta property=\"og:image:width\" content=\"1\" \/>\n\t<meta property=\"og:image:height\" content=\"1\" \/>\n\t<meta property=\"og:image:type\" content=\"image\/jpeg\" \/>\n<meta name=\"twitter:card\" content=\"summary_large_image\" \/>\n<meta name=\"twitter:label1\" content=\"Dur\u00e9e de lecture estim\u00e9e\" \/>\n\t<meta name=\"twitter:data1\" content=\"2 minutes\" \/>\n<script type=\"application\/ld+json\" class=\"yoast-schema-graph\">{\"@context\":\"https:\\\/\\\/schema.org\",\"@graph\":[{\"@type\":\"WebPage\",\"@id\":\"https:\\\/\\\/lusogolfe.com\\\/fr\\\/devenez-notre-partenaire\\\/\",\"url\":\"https:\\\/\\\/lusogolfe.com\\\/fr\\\/devenez-notre-partenaire\\\/\",\"name\":\"Voulez-vous \u00eatre notre partenaire? - Lusogolfe\",\"isPartOf\":{\"@id\":\"http:\\\/\\\/lusogolfe.com\\\/es\\\/#website\"},\"datePublished\":\"2018-01-04T11:06:23+00:00\",\"dateModified\":\"2023-02-02T11:29:34+00:00\",\"description\":\"Servi\u00e7os vantajosos para quem deseja ter um espa\u00e7o rentabilizado e din\u00e2mico, para proporcionar momentos de socializa\u00e7\u00e3o, lazer e competi\u00e7\u00e3o.\",\"breadcrumb\":{\"@id\":\"https:\\\/\\\/lusogolfe.com\\\/fr\\\/devenez-notre-partenaire\\\/#breadcrumb\"},\"inLanguage\":\"fr-FR\",\"potentialAction\":[{\"@type\":\"ReadAction\",\"target\":[\"https:\\\/\\\/lusogolfe.com\\\/fr\\\/devenez-notre-partenaire\\\/\"]}]},{\"@type\":\"BreadcrumbList\",\"@id\":\"https:\\\/\\\/lusogolfe.com\\\/fr\\\/devenez-notre-partenaire\\\/#breadcrumb\",\"itemListElement\":[{\"@type\":\"ListItem\",\"position\":1,\"name\":\"Portada\",\"item\":\"https:\\\/\\\/lusogolfe.com\\\/fr\\\/\"},{\"@type\":\"ListItem\",\"position\":2,\"name\":\"Voulez-vous \u00eatre notre partenaire?\"}]},{\"@type\":\"WebSite\",\"@id\":\"http:\\\/\\\/lusogolfe.com\\\/es\\\/#website\",\"url\":\"http:\\\/\\\/lusogolfe.com\\\/es\\\/\",\"name\":\"Lusogolfe\",\"description\":\"Everything for Minigolf\",\"publisher\":{\"@id\":\"http:\\\/\\\/lusogolfe.com\\\/es\\\/#organization\"},\"potentialAction\":[{\"@type\":\"SearchAction\",\"target\":{\"@type\":\"EntryPoint\",\"urlTemplate\":\"http:\\\/\\\/lusogolfe.com\\\/es\\\/?s={search_term_string}\"},\"query-input\":{\"@type\":\"PropertyValueSpecification\",\"valueRequired\":true,\"valueName\":\"search_term_string\"}}],\"inLanguage\":\"fr-FR\"},{\"@type\":\"Organization\",\"@id\":\"http:\\\/\\\/lusogolfe.com\\\/es\\\/#organization\",\"name\":\"Lusogolfe\",\"url\":\"http:\\\/\\\/lusogolfe.com\\\/es\\\/\",\"logo\":{\"@type\":\"ImageObject\",\"inLanguage\":\"fr-FR\",\"@id\":\"http:\\\/\\\/lusogolfe.com\\\/es\\\/#\\\/schema\\\/logo\\\/image\\\/\",\"url\":\"http:\\\/\\\/lusogolfe.com\\\/wp-content\\\/uploads\\\/2023\\\/05\\\/Lusogolfe-55years.png\",\"contentUrl\":\"http:\\\/\\\/lusogolfe.com\\\/wp-content\\\/uploads\\\/2023\\\/05\\\/Lusogolfe-55years.png\",\"width\":1128,\"height\":768,\"caption\":\"Lusogolfe\"},\"image\":{\"@id\":\"http:\\\/\\\/lusogolfe.com\\\/es\\\/#\\\/schema\\\/logo\\\/image\\\/\"},\"sameAs\":[\"https:\\\/\\\/www.facebook.com\\\/lusogolfe\\\/\",\"https:\\\/\\\/www.linkedin.com\\\/company\\\/lusogolfe\",\"https:\\\/\\\/www.youtube.com\\\/lusogolfe\",\"https:\\\/\\\/www.instagram.com\\\/lusogolfe\"]}]}<\/script>\n<!-- \/ Yoast SEO plugin. -->","yoast_head_json":{"title":"Voulez-vous \u00eatre notre partenaire? - Lusogolfe","description":"Servi\u00e7os vantajosos para quem deseja ter um espa\u00e7o rentabilizado e din\u00e2mico, para proporcionar momentos de socializa\u00e7\u00e3o, lazer e competi\u00e7\u00e3o.","robots":{"index":"index","follow":"follow","max-snippet":"max-snippet:-1","max-image-preview":"max-image-preview:large","max-video-preview":"max-video-preview:-1"},"canonical":"https:\/\/lusogolfe.com\/fr\/devenez-notre-partenaire\/","og_locale":"fr_FR","og_type":"article","og_title":"Voulez-vous \u00eatre notre partenaire? - Lusogolfe","og_description":"Servi\u00e7os vantajosos para quem deseja ter um espa\u00e7o rentabilizado e din\u00e2mico, para proporcionar momentos de socializa\u00e7\u00e3o, lazer e competi\u00e7\u00e3o.","og_url":"https:\/\/lusogolfe.com\/fr\/devenez-notre-partenaire\/","og_site_name":"Lusogolfe","article_publisher":"https:\/\/www.facebook.com\/lusogolfe\/","article_modified_time":"2023-02-02T11:29:34+00:00","og_image":[{"url":"https:\/\/lusogolfe.com\/wp-content\/uploads\/2016\/10\/49-anos-Lusogolfe.jpg","width":1,"height":1,"type":"image\/jpeg"}],"twitter_card":"summary_large_image","twitter_misc":{"Dur\u00e9e de lecture estim\u00e9e":"2 minutes"},"schema":{"@context":"https:\/\/schema.org","@graph":[{"@type":"WebPage","@id":"https:\/\/lusogolfe.com\/fr\/devenez-notre-partenaire\/","url":"https:\/\/lusogolfe.com\/fr\/devenez-notre-partenaire\/","name":"Voulez-vous \u00eatre notre partenaire? - Lusogolfe","isPartOf":{"@id":"http:\/\/lusogolfe.com\/es\/#website"},"datePublished":"2018-01-04T11:06:23+00:00","dateModified":"2023-02-02T11:29:34+00:00","description":"Servi\u00e7os vantajosos para quem deseja ter um espa\u00e7o rentabilizado e din\u00e2mico, para proporcionar momentos de socializa\u00e7\u00e3o, lazer e competi\u00e7\u00e3o.","breadcrumb":{"@id":"https:\/\/lusogolfe.com\/fr\/devenez-notre-partenaire\/#breadcrumb"},"inLanguage":"fr-FR","potentialAction":[{"@type":"ReadAction","target":["https:\/\/lusogolfe.com\/fr\/devenez-notre-partenaire\/"]}]},{"@type":"BreadcrumbList","@id":"https:\/\/lusogolfe.com\/fr\/devenez-notre-partenaire\/#breadcrumb","itemListElement":[{"@type":"ListItem","position":1,"name":"Portada","item":"https:\/\/lusogolfe.com\/fr\/"},{"@type":"ListItem","position":2,"name":"Voulez-vous \u00eatre notre partenaire?"}]},{"@type":"WebSite","@id":"http:\/\/lusogolfe.com\/es\/#website","url":"http:\/\/lusogolfe.com\/es\/","name":"Lusogolfe","description":"Everything for Minigolf","publisher":{"@id":"http:\/\/lusogolfe.com\/es\/#organization"},"potentialAction":[{"@type":"SearchAction","target":{"@type":"EntryPoint","urlTemplate":"http:\/\/lusogolfe.com\/es\/?s={search_term_string}"},"query-input":{"@type":"PropertyValueSpecification","valueRequired":true,"valueName":"search_term_string"}}],"inLanguage":"fr-FR"},{"@type":"Organization","@id":"http:\/\/lusogolfe.com\/es\/#organization","name":"Lusogolfe","url":"http:\/\/lusogolfe.com\/es\/","logo":{"@type":"ImageObject","inLanguage":"fr-FR","@id":"http:\/\/lusogolfe.com\/es\/#\/schema\/logo\/image\/","url":"http:\/\/lusogolfe.com\/wp-content\/uploads\/2023\/05\/Lusogolfe-55years.png","contentUrl":"http:\/\/lusogolfe.com\/wp-content\/uploads\/2023\/05\/Lusogolfe-55years.png","width":1128,"height":768,"caption":"Lusogolfe"},"image":{"@id":"http:\/\/lusogolfe.com\/es\/#\/schema\/logo\/image\/"},"sameAs":["https:\/\/www.facebook.com\/lusogolfe\/","https:\/\/www.linkedin.com\/company\/lusogolfe","https:\/\/www.youtube.com\/lusogolfe","https:\/\/www.instagram.com\/lusogolfe"]}]}},"_links":{"self":[{"href":"https:\/\/lusogolfe.com\/fr\/wp-json\/wp\/v2\/pages\/3938","targetHints":{"allow":["GET"]}}],"collection":[{"href":"https:\/\/lusogolfe.com\/fr\/wp-json\/wp\/v2\/pages"}],"about":[{"href":"https:\/\/lusogolfe.com\/fr\/wp-json\/wp\/v2\/types\/page"}],"author":[{"embeddable":true,"href":"https:\/\/lusogolfe.com\/fr\/wp-json\/wp\/v2\/users\/2"}],"replies":[{"embeddable":true,"href":"https:\/\/lusogolfe.com\/fr\/wp-json\/wp\/v2\/comments?post=3938"}],"version-history":[{"count":3,"href":"https:\/\/lusogolfe.com\/fr\/wp-json\/wp\/v2\/pages\/3938\/revisions"}],"predecessor-version":[{"id":14424,"href":"https:\/\/lusogolfe.com\/fr\/wp-json\/wp\/v2\/pages\/3938\/revisions\/14424"}],"wp:attachment":[{"href":"https:\/\/lusogolfe.com\/fr\/wp-json\/wp\/v2\/media?parent=3938"}],"curies":[{"name":"wp","href":"https:\/\/api.w.org\/{rel}","templated":true}]}}