{"id":2061,"date":"2016-10-21T11:12:41","date_gmt":"2016-10-21T11:12:41","guid":{"rendered":"http:\/\/lusogolfe.com\/novo\/fr\/kit-meu-minigolfe-pro\/"},"modified":"2024-01-03T10:57:03","modified_gmt":"2024-01-03T10:57:03","slug":"mon-minigolf-pro","status":"publish","type":"page","link":"https:\/\/lusogolfe.com\/fr\/mon-minigolf-pro\/","title":{"rendered":"MonMinigolf Pro"},"content":{"rendered":"<div class=\"wpb-content-wrapper\"><p>[vc_row][vc_column width=&#8221;2\/3&#8243;][vc_column_text]<img loading=\"lazy\" decoding=\"async\" class=\"size-full wp-image-12037 aligncenter\" src=\"https:\/\/lusogolfe.com\/wp-content\/uploads\/2022\/01\/Myminigolf-set.jpg\" alt=\"\" width=\"650\" height=\"362\" \/>[\/vc_column_text][\/vc_column][vc_column width=&#8221;1\/3&#8243;][vc_empty_space height=&#8221;20px&#8221;][vc_column_text css=&#8221;.vc_custom_1641386005160{margin-bottom: 10px !important;border-bottom-width: 10px !important;padding-bottom: 10px !important;}&#8221;]<\/p>\n<h2 style=\"text-align: left;\" align=\"center\">Kit &#8216;MonMinigolf Pro&#8217;<\/h2>\n<p>Contient: 13 obstacles + 1 Club Moyen + 2 Balles (blanc et rose) + sac de transport[\/vc_column_text][vc_column_text css=&#8221;.vc_custom_1516384393989{margin-bottom: 10px !important;border-bottom-width: 10px !important;padding-bottom: 10px !important;}&#8221;]<\/p>\n<ul>\n<li style=\"text-align: left;\">Portable et adaptable \u00e0 tout niveau comp\u00e9titif<\/li>\n<li style=\"text-align: left;\">Pour l&#8217;ext\u00e9rieur ou l&#8217;int\u00e9rieur, et sur diverses surfaces<\/li>\n<li style=\"text-align: left;\">Il peut \u00eatre jou\u00e9 par des personnes de tous \u00e2ges, en groupe ou individuellement<\/li>\n<li style=\"text-align: left;\">Mat\u00e9riau r\u00e9sistant en ABS<\/li>\n<\/ul>\n<p>[\/vc_column_text][vc_column_text css=&#8221;.vc_custom_1704279430706{padding-top: 25px !important;}&#8221; el_class=&#8221;pricetag&#8221;]<strong><span style=\"font-size: 35px;\">307,<sup>50\u20ac <\/sup><\/span><\/strong>[\/vc_column_text][button title=&#8221;Ajouter au Panier&#8221; link=&#8221;https:\/\/lusogolfe.com\/fr\/mon-minigolf-pro\/checkout\/&#8221; with_icon_bool=&#8221;no&#8221;][vc_column_text]TVA incluse. Les frais de livraison ne sont inclus dans le prix (sur demande).[\/vc_column_text][\/vc_column][\/vc_row][vc_row][vc_column][vc_gallery type=&#8221;flexslider_slide&#8221; interval=&#8221;3&#8243; images=&#8221;2889,2886,2899,2902,2894,2900,2893,2896,2897,2895,2903,2901&#8243; img_size=&#8221;full&#8221; css=&#8221;.vc_custom_1510844428349{margin-bottom: -40px !important;border-bottom-width: -40px !important;padding-bottom: -40px !important;}&#8221;][\/vc_column][\/vc_row][vc_row][vc_column][block_title style=&#8221;column_title&#8221; inner_style=&#8221;inline_border&#8221; title=&#8221;Description du produit&#8221;][\/block_title][vc_column_text]Lusogolfe souligne:<\/p>\n<ul>\n<li>Portable et adaptable \u00e0 tout niveau comp\u00e9titif<\/li>\n<li>Pour l&#8217;ext\u00e9rieur ou l&#8217;int\u00e9rieur, et sur diverses surfaces.<\/li>\n<li>Il peut \u00eatre jou\u00e9 par des personnes de tous \u00e2ges.<\/li>\n<li>Il peut \u00eatre pratiqu\u00e9 en groupe ou individuellement, id\u00e9al pour les jours de pluie.<\/li>\n<li>Mat\u00e9riau r\u00e9sistant en ABS.<\/li>\n<\/ul>\n<p>C&#8217;est le premier jeu Minigolf \u00e0 \u00eatre <strong>transportable et<\/strong> <b class=\"b5\">adaptable \u00e0 t<\/b><b class=\"b4\">ous\u00a0<\/b><b class=\"b5\">les espaces<\/b>.<\/p>\n<p>Il convient aux enfants de tous les \u00e2ges en tant qu&#8217;activit\u00e9 de plein air ou dans n&#8217;importe quel espace int\u00e9rieur. Il est \u00e9galement recommand\u00e9 de l&#8217;utiliser pour des activit\u00e9s scolaires et des jeux sociaux seniors, ainsi que des activit\u00e9s corporatives pour se d\u00e9tendre et promouvoir une vie saine et la comp\u00e9tition.<\/p>\n<p>Le kit &#8220;MonMiniGolf Pro&#8221; contient:<\/p>\n<ul>\n<li>13 obstacles en ABS<\/li>\n<li>Sac en nylon<\/li>\n<li>1 Club Moyen<\/li>\n<li>2 Balles (blanc et rose)<\/li>\n<\/ul>\n<p>[\/vc_column_text][\/vc_column][\/vc_row][vc_row][vc_column][separator width=&#8221;100%&#8221; height=&#8221;1px&#8221; color=&#8221;#e1e1e1&#8243;][\/vc_column][\/vc_row][vc_row][vc_column][testimonial_carousel test_cat=&#8221;0&#8243; duration=&#8221;1000&#8243;][\/vc_column][\/vc_row][vc_row][vc_column column_padding=&#8221;2.5%&#8221; css=&#8221;.vc_custom_1476984252706{background-color: #f6f6f6 !important;}&#8221;][textbar title=&#8221;Avez-vous des questions? Parlez-nous!&#8221; button_title=&#8221;Contacter&#8221; button_link=&#8221;https:\/\/lusogolfe.com\/fr\/contacts\/&#8221; icon=&#8221;steadysets-icon-users2&#8243;][\/vc_column][\/vc_row]<\/p>\n<\/div>","protected":false},"excerpt":{"rendered":"<p>[vc_row][vc_column width=&#8221;2\/3&#8243;][vc_column_text][\/vc_column_text][\/vc_column][vc_column width=&#8221;1\/3&#8243;][vc_empty_space height=&#8221;20px&#8221;][vc_column_text css=&#8221;.vc_custom_1641386005160{margin-bottom: 10px !important;border-bottom-width: 10px !important;padding-bottom: 10px !important;}&#8221;] Kit &#8216;MonMinigolf Pro&#8217; Contient: 13 obstacles + 1 Club Moyen + 2 Balles (blanc et rose) + sac de transport[\/vc_column_text][vc_column_text css=&#8221;.vc_custom_1516384393989{margin-bottom: 10px !important;border-bottom-width: 10px !important;padding-bottom: 10px !important;}&#8221;] Portable et adaptable \u00e0 tout niveau comp\u00e9titif Pour l&#8217;ext\u00e9rieur ou l&#8217;int\u00e9rieur, et sur diverses surfaces Il peut [&hellip;]<\/p>\n","protected":false},"author":2,"featured_media":2889,"parent":0,"menu_order":0,"comment_status":"closed","ping_status":"closed","template":"","meta":{"content-type":"","footnotes":""},"class_list":["post-2061","page","type-page","status-publish","has-post-thumbnail","hentry"],"yoast_head":"<!-- This site is optimized with the Yoast SEO plugin v27.5 - https:\/\/yoast.com\/product\/yoast-seo-wordpress\/ -->\n<title>MonMinigolf Pro | Lib\u00e9rez la cr\u00e9ativit\u00e9<\/title>\n<meta name=\"description\" content=\"Avec MonMinigolf Pro, le plaisir est garanti. Combinez les diff\u00e9rents obstacles pour augmenter le niveau de difficult\u00e9. Nous exp\u00e9dions dans tout le pays.\" \/>\n<meta name=\"robots\" content=\"index, follow, max-snippet:-1, max-image-preview:large, max-video-preview:-1\" \/>\n<link rel=\"canonical\" href=\"https:\/\/lusogolfe.com\/fr\/mon-minigolf-pro\/\" \/>\n<meta property=\"og:locale\" content=\"fr_FR\" \/>\n<meta property=\"og:type\" content=\"article\" \/>\n<meta property=\"og:title\" content=\"MonMinigolf Pro | Lib\u00e9rez la cr\u00e9ativit\u00e9\" \/>\n<meta property=\"og:description\" content=\"Avec MonMinigolf Pro, le plaisir est garanti. Combinez les diff\u00e9rents obstacles pour augmenter le niveau de difficult\u00e9. Nous exp\u00e9dions dans tout le pays.\" \/>\n<meta property=\"og:url\" content=\"https:\/\/lusogolfe.com\/fr\/mon-minigolf-pro\/\" \/>\n<meta property=\"og:site_name\" content=\"Lusogolfe\" \/>\n<meta property=\"article:publisher\" content=\"https:\/\/www.facebook.com\/lusogolfe\/\" \/>\n<meta property=\"article:modified_time\" content=\"2024-01-03T10:57:03+00:00\" \/>\n<meta property=\"og:image\" content=\"https:\/\/lusogolfe.com\/wp-content\/uploads\/2016\/10\/Kit-Meu-Minigolfe-Pro-005.jpg\" \/>\n\t<meta property=\"og:image:width\" content=\"1\" \/>\n\t<meta property=\"og:image:height\" content=\"1\" \/>\n\t<meta property=\"og:image:type\" content=\"image\/jpeg\" \/>\n<meta name=\"twitter:card\" content=\"summary_large_image\" \/>\n<meta name=\"twitter:label1\" content=\"Dur\u00e9e de lecture estim\u00e9e\" \/>\n\t<meta name=\"twitter:data1\" content=\"5 minutes\" \/>\n<script type=\"application\/ld+json\" class=\"yoast-schema-graph\">{\"@context\":\"https:\\\/\\\/schema.org\",\"@graph\":[{\"@type\":\"WebPage\",\"@id\":\"https:\\\/\\\/lusogolfe.com\\\/fr\\\/mon-minigolf-pro\\\/\",\"url\":\"https:\\\/\\\/lusogolfe.com\\\/fr\\\/mon-minigolf-pro\\\/\",\"name\":\"MonMinigolf Pro | Lib\u00e9rez la cr\u00e9ativit\u00e9\",\"isPartOf\":{\"@id\":\"https:\\\/\\\/lusogolfe.com\\\/en\\\/#website\"},\"primaryImageOfPage\":{\"@id\":\"https:\\\/\\\/lusogolfe.com\\\/fr\\\/mon-minigolf-pro\\\/#primaryimage\"},\"image\":{\"@id\":\"https:\\\/\\\/lusogolfe.com\\\/fr\\\/mon-minigolf-pro\\\/#primaryimage\"},\"thumbnailUrl\":\"https:\\\/\\\/lusogolfe.com\\\/wp-content\\\/uploads\\\/2016\\\/10\\\/Kit-Meu-Minigolfe-Pro-005.jpg\",\"datePublished\":\"2016-10-21T11:12:41+00:00\",\"dateModified\":\"2024-01-03T10:57:03+00:00\",\"description\":\"Avec MonMinigolf Pro, le plaisir est garanti. Combinez les diff\u00e9rents obstacles pour augmenter le niveau de difficult\u00e9. Nous exp\u00e9dions dans tout le pays.\",\"breadcrumb\":{\"@id\":\"https:\\\/\\\/lusogolfe.com\\\/fr\\\/mon-minigolf-pro\\\/#breadcrumb\"},\"inLanguage\":\"fr-FR\",\"potentialAction\":[{\"@type\":\"ReadAction\",\"target\":[\"https:\\\/\\\/lusogolfe.com\\\/fr\\\/mon-minigolf-pro\\\/\"]}]},{\"@type\":\"ImageObject\",\"inLanguage\":\"fr-FR\",\"@id\":\"https:\\\/\\\/lusogolfe.com\\\/fr\\\/mon-minigolf-pro\\\/#primaryimage\",\"url\":\"https:\\\/\\\/lusogolfe.com\\\/wp-content\\\/uploads\\\/2016\\\/10\\\/Kit-Meu-Minigolfe-Pro-005.jpg\",\"contentUrl\":\"https:\\\/\\\/lusogolfe.com\\\/wp-content\\\/uploads\\\/2016\\\/10\\\/Kit-Meu-Minigolfe-Pro-005.jpg\",\"caption\":\"Mon Minigolf\"},{\"@type\":\"BreadcrumbList\",\"@id\":\"https:\\\/\\\/lusogolfe.com\\\/fr\\\/mon-minigolf-pro\\\/#breadcrumb\",\"itemListElement\":[{\"@type\":\"ListItem\",\"position\":1,\"name\":\"Portada\",\"item\":\"http:\\\/\\\/lusogolfe.com\\\/fr\\\/\"},{\"@type\":\"ListItem\",\"position\":2,\"name\":\"MonMinigolf Pro\"}]},{\"@type\":\"WebSite\",\"@id\":\"https:\\\/\\\/lusogolfe.com\\\/en\\\/#website\",\"url\":\"https:\\\/\\\/lusogolfe.com\\\/en\\\/\",\"name\":\"Lusogolfe\",\"description\":\"Everything for Minigolf\",\"publisher\":{\"@id\":\"https:\\\/\\\/lusogolfe.com\\\/en\\\/#organization\"},\"potentialAction\":[{\"@type\":\"SearchAction\",\"target\":{\"@type\":\"EntryPoint\",\"urlTemplate\":\"https:\\\/\\\/lusogolfe.com\\\/en\\\/?s={search_term_string}\"},\"query-input\":{\"@type\":\"PropertyValueSpecification\",\"valueRequired\":true,\"valueName\":\"search_term_string\"}}],\"inLanguage\":\"fr-FR\"},{\"@type\":\"Organization\",\"@id\":\"https:\\\/\\\/lusogolfe.com\\\/en\\\/#organization\",\"name\":\"Lusogolfe\",\"url\":\"https:\\\/\\\/lusogolfe.com\\\/en\\\/\",\"logo\":{\"@type\":\"ImageObject\",\"inLanguage\":\"fr-FR\",\"@id\":\"https:\\\/\\\/lusogolfe.com\\\/en\\\/#\\\/schema\\\/logo\\\/image\\\/\",\"url\":\"http:\\\/\\\/lusogolfe.com\\\/wp-content\\\/uploads\\\/2023\\\/05\\\/Lusogolfe-55years.png\",\"contentUrl\":\"http:\\\/\\\/lusogolfe.com\\\/wp-content\\\/uploads\\\/2023\\\/05\\\/Lusogolfe-55years.png\",\"width\":1128,\"height\":768,\"caption\":\"Lusogolfe\"},\"image\":{\"@id\":\"https:\\\/\\\/lusogolfe.com\\\/en\\\/#\\\/schema\\\/logo\\\/image\\\/\"},\"sameAs\":[\"https:\\\/\\\/www.facebook.com\\\/lusogolfe\\\/\",\"https:\\\/\\\/www.linkedin.com\\\/company\\\/lusogolfe\",\"https:\\\/\\\/www.youtube.com\\\/lusogolfe\",\"https:\\\/\\\/www.instagram.com\\\/lusogolfe\"]}]}<\/script>\n<!-- \/ Yoast SEO plugin. -->","yoast_head_json":{"title":"MonMinigolf Pro | Lib\u00e9rez la cr\u00e9ativit\u00e9","description":"Avec MonMinigolf Pro, le plaisir est garanti. Combinez les diff\u00e9rents obstacles pour augmenter le niveau de difficult\u00e9. Nous exp\u00e9dions dans tout le pays.","robots":{"index":"index","follow":"follow","max-snippet":"max-snippet:-1","max-image-preview":"max-image-preview:large","max-video-preview":"max-video-preview:-1"},"canonical":"https:\/\/lusogolfe.com\/fr\/mon-minigolf-pro\/","og_locale":"fr_FR","og_type":"article","og_title":"MonMinigolf Pro | Lib\u00e9rez la cr\u00e9ativit\u00e9","og_description":"Avec MonMinigolf Pro, le plaisir est garanti. Combinez les diff\u00e9rents obstacles pour augmenter le niveau de difficult\u00e9. Nous exp\u00e9dions dans tout le pays.","og_url":"https:\/\/lusogolfe.com\/fr\/mon-minigolf-pro\/","og_site_name":"Lusogolfe","article_publisher":"https:\/\/www.facebook.com\/lusogolfe\/","article_modified_time":"2024-01-03T10:57:03+00:00","og_image":[{"url":"https:\/\/lusogolfe.com\/wp-content\/uploads\/2016\/10\/Kit-Meu-Minigolfe-Pro-005.jpg","width":1,"height":1,"type":"image\/jpeg"}],"twitter_card":"summary_large_image","twitter_misc":{"Dur\u00e9e de lecture estim\u00e9e":"5 minutes"},"schema":{"@context":"https:\/\/schema.org","@graph":[{"@type":"WebPage","@id":"https:\/\/lusogolfe.com\/fr\/mon-minigolf-pro\/","url":"https:\/\/lusogolfe.com\/fr\/mon-minigolf-pro\/","name":"MonMinigolf Pro | Lib\u00e9rez la cr\u00e9ativit\u00e9","isPartOf":{"@id":"https:\/\/lusogolfe.com\/en\/#website"},"primaryImageOfPage":{"@id":"https:\/\/lusogolfe.com\/fr\/mon-minigolf-pro\/#primaryimage"},"image":{"@id":"https:\/\/lusogolfe.com\/fr\/mon-minigolf-pro\/#primaryimage"},"thumbnailUrl":"https:\/\/lusogolfe.com\/wp-content\/uploads\/2016\/10\/Kit-Meu-Minigolfe-Pro-005.jpg","datePublished":"2016-10-21T11:12:41+00:00","dateModified":"2024-01-03T10:57:03+00:00","description":"Avec MonMinigolf Pro, le plaisir est garanti. Combinez les diff\u00e9rents obstacles pour augmenter le niveau de difficult\u00e9. Nous exp\u00e9dions dans tout le pays.","breadcrumb":{"@id":"https:\/\/lusogolfe.com\/fr\/mon-minigolf-pro\/#breadcrumb"},"inLanguage":"fr-FR","potentialAction":[{"@type":"ReadAction","target":["https:\/\/lusogolfe.com\/fr\/mon-minigolf-pro\/"]}]},{"@type":"ImageObject","inLanguage":"fr-FR","@id":"https:\/\/lusogolfe.com\/fr\/mon-minigolf-pro\/#primaryimage","url":"https:\/\/lusogolfe.com\/wp-content\/uploads\/2016\/10\/Kit-Meu-Minigolfe-Pro-005.jpg","contentUrl":"https:\/\/lusogolfe.com\/wp-content\/uploads\/2016\/10\/Kit-Meu-Minigolfe-Pro-005.jpg","caption":"Mon Minigolf"},{"@type":"BreadcrumbList","@id":"https:\/\/lusogolfe.com\/fr\/mon-minigolf-pro\/#breadcrumb","itemListElement":[{"@type":"ListItem","position":1,"name":"Portada","item":"http:\/\/lusogolfe.com\/fr\/"},{"@type":"ListItem","position":2,"name":"MonMinigolf Pro"}]},{"@type":"WebSite","@id":"https:\/\/lusogolfe.com\/en\/#website","url":"https:\/\/lusogolfe.com\/en\/","name":"Lusogolfe","description":"Everything for Minigolf","publisher":{"@id":"https:\/\/lusogolfe.com\/en\/#organization"},"potentialAction":[{"@type":"SearchAction","target":{"@type":"EntryPoint","urlTemplate":"https:\/\/lusogolfe.com\/en\/?s={search_term_string}"},"query-input":{"@type":"PropertyValueSpecification","valueRequired":true,"valueName":"search_term_string"}}],"inLanguage":"fr-FR"},{"@type":"Organization","@id":"https:\/\/lusogolfe.com\/en\/#organization","name":"Lusogolfe","url":"https:\/\/lusogolfe.com\/en\/","logo":{"@type":"ImageObject","inLanguage":"fr-FR","@id":"https:\/\/lusogolfe.com\/en\/#\/schema\/logo\/image\/","url":"http:\/\/lusogolfe.com\/wp-content\/uploads\/2023\/05\/Lusogolfe-55years.png","contentUrl":"http:\/\/lusogolfe.com\/wp-content\/uploads\/2023\/05\/Lusogolfe-55years.png","width":1128,"height":768,"caption":"Lusogolfe"},"image":{"@id":"https:\/\/lusogolfe.com\/en\/#\/schema\/logo\/image\/"},"sameAs":["https:\/\/www.facebook.com\/lusogolfe\/","https:\/\/www.linkedin.com\/company\/lusogolfe","https:\/\/www.youtube.com\/lusogolfe","https:\/\/www.instagram.com\/lusogolfe"]}]}},"_links":{"self":[{"href":"https:\/\/lusogolfe.com\/fr\/wp-json\/wp\/v2\/pages\/2061","targetHints":{"allow":["GET"]}}],"collection":[{"href":"https:\/\/lusogolfe.com\/fr\/wp-json\/wp\/v2\/pages"}],"about":[{"href":"https:\/\/lusogolfe.com\/fr\/wp-json\/wp\/v2\/types\/page"}],"author":[{"embeddable":true,"href":"https:\/\/lusogolfe.com\/fr\/wp-json\/wp\/v2\/users\/2"}],"replies":[{"embeddable":true,"href":"https:\/\/lusogolfe.com\/fr\/wp-json\/wp\/v2\/comments?post=2061"}],"version-history":[{"count":16,"href":"https:\/\/lusogolfe.com\/fr\/wp-json\/wp\/v2\/pages\/2061\/revisions"}],"predecessor-version":[{"id":15784,"href":"https:\/\/lusogolfe.com\/fr\/wp-json\/wp\/v2\/pages\/2061\/revisions\/15784"}],"wp:featuredmedia":[{"embeddable":true,"href":"https:\/\/lusogolfe.com\/fr\/wp-json\/wp\/v2\/media\/2889"}],"wp:attachment":[{"href":"https:\/\/lusogolfe.com\/fr\/wp-json\/wp\/v2\/media?parent=2061"}],"curies":[{"name":"wp","href":"https:\/\/api.w.org\/{rel}","templated":true}]}}