{"id":2017,"date":"2016-10-21T13:55:27","date_gmt":"2016-10-21T13:55:27","guid":{"rendered":"http:\/\/lusogolfe.com\/novo\/fr\/easy-golf-pack\/"},"modified":"2023-06-15T11:56:05","modified_gmt":"2023-06-15T11:56:05","slug":"easy-golf-pack-2","status":"publish","type":"page","link":"https:\/\/lusogolfe.com\/fr\/easy-golf-pack-2\/","title":{"rendered":"Easy Golf Pack"},"content":{"rendered":"<div class=\"wpb-content-wrapper\"><p>[vc_row][vc_column width=&#8221;2\/3&#8243;][vc_column_text css=&#8221;.vc_custom_1643123306980{margin-bottom: 5px !important;border-bottom-width: 5px !important;padding-bottom: 5px !important;}&#8221;]<\/p>\n<h2 style=\"text-align: left;\" align=\"center\">EASY GOLF PACK<\/h2>\n<h4 style=\"text-align: left;\" align=\"center\">Dynamise votre espace avec plaisir pistes de Minigolf!<\/h4>\n<p style=\"text-align: left;\">Transportable, de facilit\u00e9 d\u2019installation et de r\u00e9duire la maintenance, ce mod\u00e8le est id\u00e9al pour transformer un petit espace dans un parc chaleureuse et color\u00e9e. Son design simple, il est anim\u00e9 par des obstacles qui amusent petits et captivent plus.<\/p>\n<p>[\/vc_column_text][vc_gallery interval=&#8221;3&#8243; images=&#8221;15382,15366,15376,15371,1233,1217&#8243; img_size=&#8221;full&#8221; css=&#8221;.vc_custom_1643123318363{margin-top: 0px !important;margin-bottom: -40px !important;border-top-width: 0px !important;border-bottom-width: -40px !important;padding-top: 0px !important;padding-bottom: -40px !important;}&#8221;][vc_column_text css=&#8221;.vc_custom_1509711892457{margin-top: 5px !important;margin-bottom: 10px !important;border-top-width: 5px !important;border-bottom-width: 10px !important;padding-top: 5px !important;padding-bottom: 10px !important;}&#8221;]<\/p>\n<h4 style=\"text-align: left;\" align=\"center\">Pistes du Easy Golf Pack<\/h4>\n<p>Dimensions de chaque piste: Longueur: 3,33m | Largeur: 0.59m | Cercle: 0.935m[\/vc_column_text][vc_row_inner][vc_column_inner width=&#8221;1\/3&#8243;][vc_gallery type=&#8221;image_grid&#8221; images=&#8221;15313&#8243; img_size=&#8221;full&#8221;][vc_gallery type=&#8221;image_grid&#8221; images=&#8221;15298&#8243; img_size=&#8221;full&#8221;][\/vc_column_inner][vc_column_inner width=&#8221;1\/3&#8243;][vc_gallery type=&#8221;image_grid&#8221; images=&#8221;15288&#8243; img_size=&#8221;full&#8221;][vc_gallery type=&#8221;image_grid&#8221; images=&#8221;15303&#8243; img_size=&#8221;full&#8221;][\/vc_column_inner][vc_column_inner width=&#8221;1\/3&#8243;][vc_gallery type=&#8221;image_grid&#8221; images=&#8221;15293&#8243; img_size=&#8221;full&#8221;][vc_gallery type=&#8221;image_grid&#8221; images=&#8221;15308&#8243; img_size=&#8221;full&#8221;][\/vc_column_inner][\/vc_row_inner][\/vc_column][vc_column width=&#8221;1\/3&#8243;][block_title style=&#8221;column_title&#8221; inner_style=&#8221;inline_border&#8221; title=&#8221;Contactez-nous!&#8221;][\/block_title][vc_column_text]<script charset=\"utf-8\" type=\"text\/javascript\" src=\"\/\/js.hsforms.net\/forms\/embed\/v2.js\"><\/script><br \/>\n<script>\n  hbspt.forms.create({\n    region: \"na1\",\n    portalId: \"19939676\",\n    formId: \"36eaa845-4d08-4705-9263-2b52e5c133b1\"\n  });\n<\/script>[\/vc_column_text][block_title style=&#8221;column_title&#8221; inner_style=&#8221;inline_border&#8221; title=&#8221;FAQ&#8217;S&#8221;][\/block_title][faq style=&#8221;style_3&#8243; faq_cat=&#8221;0&#8243;][\/vc_column][\/vc_row][vc_row][vc_column][separator width=&#8221;100%&#8221; height=&#8221;1px&#8221; color=&#8221;#e1e1e1&#8243;][\/vc_column][\/vc_row][vc_row][vc_column][testimonial_carousel][\/vc_column][\/vc_row][vc_row][vc_column][block_title style=&#8221;column_title&#8221; inner_style=&#8221;inline_border&#8221; title=&#8221;VOUS AIMEREZ AUSSI&#8221;][\/block_title][\/vc_column][\/vc_row][vc_row][vc_column width=&#8221;1\/3&#8243;][media animation=&#8221;none&#8221; link=&#8221;https:\/\/lusogolfe.com\/fr\/mon-minigolf-pro\/&#8221; image=&#8221;2955&#8243;][vc_column_text]<\/p>\n<h2>MONMINIGOLF PRO<\/h2>\n<p>Ensemble de 13 obstacles de Minigolf.[\/vc_column_text][\/vc_column][vc_column width=&#8221;1\/3&#8243;][\/vc_column][vc_column width=&#8221;1\/3&#8243;][\/vc_column][\/vc_row][vc_row][vc_column column_padding=&#8221;2.5%&#8221; css=&#8221;.vc_custom_1476984252706{background-color: #f6f6f6 !important;}&#8221;][textbar title=&#8221;Vous avez des questions concernant nos produits?&#8221; button_title=&#8221;Contactez-nous&#8221; button_link=&#8221;https:\/\/lusogolfe.com\/fr\/contacts\/&#8221; icon=&#8221;steadysets-icon-users2&#8243;][\/vc_column][\/vc_row]<\/p>\n<\/div>","protected":false},"excerpt":{"rendered":"<p>[vc_row][vc_column width=&#8221;2\/3&#8243;][vc_column_text css=&#8221;.vc_custom_1643123306980{margin-bottom: 5px !important;border-bottom-width: 5px !important;padding-bottom: 5px !important;}&#8221;] EASY GOLF PACK Dynamise votre espace avec plaisir pistes de Minigolf! Transportable, de facilit\u00e9 d\u2019installation et de r\u00e9duire la maintenance, ce mod\u00e8le est id\u00e9al pour transformer un petit espace dans un parc chaleureuse et color\u00e9e. Son design simple, il est anim\u00e9 par des obstacles qui amusent [&hellip;]<\/p>\n","protected":false},"author":2,"featured_media":0,"parent":0,"menu_order":0,"comment_status":"closed","ping_status":"closed","template":"","meta":{"content-type":"","footnotes":""},"class_list":["post-2017","page","type-page","status-publish","hentry"],"yoast_head":"<!-- This site is optimized with the Yoast SEO plugin v27.4 - https:\/\/yoast.com\/product\/yoast-seo-wordpress\/ -->\n<title>Easy Golf Pack - Lusogolfe<\/title>\n<meta name=\"robots\" content=\"index, follow, max-snippet:-1, max-image-preview:large, max-video-preview:-1\" \/>\n<link rel=\"canonical\" href=\"https:\/\/lusogolfe.com\/fr\/easy-golf-pack-2\/\" \/>\n<meta property=\"og:locale\" content=\"fr_FR\" \/>\n<meta property=\"og:type\" content=\"article\" \/>\n<meta property=\"og:title\" content=\"Easy Golf Pack - Lusogolfe\" \/>\n<meta property=\"og:description\" content=\"[vc_row][vc_column width=&#8221;2\/3&#8243;][vc_column_text css=&#8221;.vc_custom_1643123306980{margin-bottom: 5px !important;border-bottom-width: 5px !important;padding-bottom: 5px !important;}&#8221;] EASY GOLF PACK Dynamise votre espace avec plaisir pistes de Minigolf! Transportable, de facilit\u00e9 d\u2019installation et de r\u00e9duire la maintenance, ce mod\u00e8le est id\u00e9al pour transformer un petit espace dans un parc chaleureuse et color\u00e9e. Son design simple, il est anim\u00e9 par des obstacles qui amusent [&hellip;]\" \/>\n<meta property=\"og:url\" content=\"https:\/\/lusogolfe.com\/fr\/easy-golf-pack-2\/\" \/>\n<meta property=\"og:site_name\" content=\"Lusogolfe\" \/>\n<meta property=\"article:publisher\" content=\"https:\/\/www.facebook.com\/lusogolfe\/\" \/>\n<meta property=\"article:modified_time\" content=\"2023-06-15T11:56:05+00:00\" \/>\n<meta property=\"og:image\" content=\"https:\/\/lusogolfe.com\/wp-content\/uploads\/2016\/10\/49-anos-Lusogolfe.jpg\" \/>\n\t<meta property=\"og:image:width\" content=\"1\" \/>\n\t<meta property=\"og:image:height\" content=\"1\" \/>\n\t<meta property=\"og:image:type\" content=\"image\/jpeg\" \/>\n<meta name=\"twitter:card\" content=\"summary_large_image\" \/>\n<meta name=\"twitter:label1\" content=\"Dur\u00e9e de lecture estim\u00e9e\" \/>\n\t<meta name=\"twitter:data1\" content=\"1 minute\" \/>\n<script type=\"application\/ld+json\" class=\"yoast-schema-graph\">{\"@context\":\"https:\\\/\\\/schema.org\",\"@graph\":[{\"@type\":\"WebPage\",\"@id\":\"https:\\\/\\\/lusogolfe.com\\\/fr\\\/easy-golf-pack-2\\\/\",\"url\":\"https:\\\/\\\/lusogolfe.com\\\/fr\\\/easy-golf-pack-2\\\/\",\"name\":\"Easy Golf Pack - Lusogolfe\",\"isPartOf\":{\"@id\":\"https:\\\/\\\/lusogolfe.com\\\/en\\\/#website\"},\"datePublished\":\"2016-10-21T13:55:27+00:00\",\"dateModified\":\"2023-06-15T11:56:05+00:00\",\"breadcrumb\":{\"@id\":\"https:\\\/\\\/lusogolfe.com\\\/fr\\\/easy-golf-pack-2\\\/#breadcrumb\"},\"inLanguage\":\"fr-FR\",\"potentialAction\":[{\"@type\":\"ReadAction\",\"target\":[\"https:\\\/\\\/lusogolfe.com\\\/fr\\\/easy-golf-pack-2\\\/\"]}]},{\"@type\":\"BreadcrumbList\",\"@id\":\"https:\\\/\\\/lusogolfe.com\\\/fr\\\/easy-golf-pack-2\\\/#breadcrumb\",\"itemListElement\":[{\"@type\":\"ListItem\",\"position\":1,\"name\":\"Portada\",\"item\":\"http:\\\/\\\/lusogolfe.com\\\/fr\\\/\"},{\"@type\":\"ListItem\",\"position\":2,\"name\":\"Easy Golf Pack\"}]},{\"@type\":\"WebSite\",\"@id\":\"https:\\\/\\\/lusogolfe.com\\\/en\\\/#website\",\"url\":\"https:\\\/\\\/lusogolfe.com\\\/en\\\/\",\"name\":\"Lusogolfe\",\"description\":\"Everything for Minigolf\",\"publisher\":{\"@id\":\"https:\\\/\\\/lusogolfe.com\\\/en\\\/#organization\"},\"potentialAction\":[{\"@type\":\"SearchAction\",\"target\":{\"@type\":\"EntryPoint\",\"urlTemplate\":\"https:\\\/\\\/lusogolfe.com\\\/en\\\/?s={search_term_string}\"},\"query-input\":{\"@type\":\"PropertyValueSpecification\",\"valueRequired\":true,\"valueName\":\"search_term_string\"}}],\"inLanguage\":\"fr-FR\"},{\"@type\":\"Organization\",\"@id\":\"https:\\\/\\\/lusogolfe.com\\\/en\\\/#organization\",\"name\":\"Lusogolfe\",\"url\":\"https:\\\/\\\/lusogolfe.com\\\/en\\\/\",\"logo\":{\"@type\":\"ImageObject\",\"inLanguage\":\"fr-FR\",\"@id\":\"https:\\\/\\\/lusogolfe.com\\\/en\\\/#\\\/schema\\\/logo\\\/image\\\/\",\"url\":\"http:\\\/\\\/lusogolfe.com\\\/wp-content\\\/uploads\\\/2023\\\/05\\\/Lusogolfe-55years.png\",\"contentUrl\":\"http:\\\/\\\/lusogolfe.com\\\/wp-content\\\/uploads\\\/2023\\\/05\\\/Lusogolfe-55years.png\",\"width\":1128,\"height\":768,\"caption\":\"Lusogolfe\"},\"image\":{\"@id\":\"https:\\\/\\\/lusogolfe.com\\\/en\\\/#\\\/schema\\\/logo\\\/image\\\/\"},\"sameAs\":[\"https:\\\/\\\/www.facebook.com\\\/lusogolfe\\\/\",\"https:\\\/\\\/www.linkedin.com\\\/company\\\/lusogolfe\",\"https:\\\/\\\/www.youtube.com\\\/lusogolfe\",\"https:\\\/\\\/www.instagram.com\\\/lusogolfe\"]}]}<\/script>\n<!-- \/ Yoast SEO plugin. -->","yoast_head_json":{"title":"Easy Golf Pack - Lusogolfe","robots":{"index":"index","follow":"follow","max-snippet":"max-snippet:-1","max-image-preview":"max-image-preview:large","max-video-preview":"max-video-preview:-1"},"canonical":"https:\/\/lusogolfe.com\/fr\/easy-golf-pack-2\/","og_locale":"fr_FR","og_type":"article","og_title":"Easy Golf Pack - Lusogolfe","og_description":"[vc_row][vc_column width=&#8221;2\/3&#8243;][vc_column_text css=&#8221;.vc_custom_1643123306980{margin-bottom: 5px !important;border-bottom-width: 5px !important;padding-bottom: 5px !important;}&#8221;] EASY GOLF PACK Dynamise votre espace avec plaisir pistes de Minigolf! Transportable, de facilit\u00e9 d\u2019installation et de r\u00e9duire la maintenance, ce mod\u00e8le est id\u00e9al pour transformer un petit espace dans un parc chaleureuse et color\u00e9e. Son design simple, il est anim\u00e9 par des obstacles qui amusent [&hellip;]","og_url":"https:\/\/lusogolfe.com\/fr\/easy-golf-pack-2\/","og_site_name":"Lusogolfe","article_publisher":"https:\/\/www.facebook.com\/lusogolfe\/","article_modified_time":"2023-06-15T11:56:05+00:00","og_image":[{"url":"https:\/\/lusogolfe.com\/wp-content\/uploads\/2016\/10\/49-anos-Lusogolfe.jpg","width":1,"height":1,"type":"image\/jpeg"}],"twitter_card":"summary_large_image","twitter_misc":{"Dur\u00e9e de lecture estim\u00e9e":"1 minute"},"schema":{"@context":"https:\/\/schema.org","@graph":[{"@type":"WebPage","@id":"https:\/\/lusogolfe.com\/fr\/easy-golf-pack-2\/","url":"https:\/\/lusogolfe.com\/fr\/easy-golf-pack-2\/","name":"Easy Golf Pack - Lusogolfe","isPartOf":{"@id":"https:\/\/lusogolfe.com\/en\/#website"},"datePublished":"2016-10-21T13:55:27+00:00","dateModified":"2023-06-15T11:56:05+00:00","breadcrumb":{"@id":"https:\/\/lusogolfe.com\/fr\/easy-golf-pack-2\/#breadcrumb"},"inLanguage":"fr-FR","potentialAction":[{"@type":"ReadAction","target":["https:\/\/lusogolfe.com\/fr\/easy-golf-pack-2\/"]}]},{"@type":"BreadcrumbList","@id":"https:\/\/lusogolfe.com\/fr\/easy-golf-pack-2\/#breadcrumb","itemListElement":[{"@type":"ListItem","position":1,"name":"Portada","item":"http:\/\/lusogolfe.com\/fr\/"},{"@type":"ListItem","position":2,"name":"Easy Golf Pack"}]},{"@type":"WebSite","@id":"https:\/\/lusogolfe.com\/en\/#website","url":"https:\/\/lusogolfe.com\/en\/","name":"Lusogolfe","description":"Everything for Minigolf","publisher":{"@id":"https:\/\/lusogolfe.com\/en\/#organization"},"potentialAction":[{"@type":"SearchAction","target":{"@type":"EntryPoint","urlTemplate":"https:\/\/lusogolfe.com\/en\/?s={search_term_string}"},"query-input":{"@type":"PropertyValueSpecification","valueRequired":true,"valueName":"search_term_string"}}],"inLanguage":"fr-FR"},{"@type":"Organization","@id":"https:\/\/lusogolfe.com\/en\/#organization","name":"Lusogolfe","url":"https:\/\/lusogolfe.com\/en\/","logo":{"@type":"ImageObject","inLanguage":"fr-FR","@id":"https:\/\/lusogolfe.com\/en\/#\/schema\/logo\/image\/","url":"http:\/\/lusogolfe.com\/wp-content\/uploads\/2023\/05\/Lusogolfe-55years.png","contentUrl":"http:\/\/lusogolfe.com\/wp-content\/uploads\/2023\/05\/Lusogolfe-55years.png","width":1128,"height":768,"caption":"Lusogolfe"},"image":{"@id":"https:\/\/lusogolfe.com\/en\/#\/schema\/logo\/image\/"},"sameAs":["https:\/\/www.facebook.com\/lusogolfe\/","https:\/\/www.linkedin.com\/company\/lusogolfe","https:\/\/www.youtube.com\/lusogolfe","https:\/\/www.instagram.com\/lusogolfe"]}]}},"_links":{"self":[{"href":"https:\/\/lusogolfe.com\/fr\/wp-json\/wp\/v2\/pages\/2017","targetHints":{"allow":["GET"]}}],"collection":[{"href":"https:\/\/lusogolfe.com\/fr\/wp-json\/wp\/v2\/pages"}],"about":[{"href":"https:\/\/lusogolfe.com\/fr\/wp-json\/wp\/v2\/types\/page"}],"author":[{"embeddable":true,"href":"https:\/\/lusogolfe.com\/fr\/wp-json\/wp\/v2\/users\/2"}],"replies":[{"embeddable":true,"href":"https:\/\/lusogolfe.com\/fr\/wp-json\/wp\/v2\/comments?post=2017"}],"version-history":[{"count":9,"href":"https:\/\/lusogolfe.com\/fr\/wp-json\/wp\/v2\/pages\/2017\/revisions"}],"predecessor-version":[{"id":15413,"href":"https:\/\/lusogolfe.com\/fr\/wp-json\/wp\/v2\/pages\/2017\/revisions\/15413"}],"wp:attachment":[{"href":"https:\/\/lusogolfe.com\/fr\/wp-json\/wp\/v2\/media?parent=2017"}],"curies":[{"name":"wp","href":"https:\/\/api.w.org\/{rel}","templated":true}]}}