{"id":1891,"date":"2016-10-19T10:58:52","date_gmt":"2016-10-19T10:58:52","guid":{"rendered":"http:\/\/lusogolfe.com\/novo\/fr\/services\/manutencao\/"},"modified":"2019-07-05T14:11:15","modified_gmt":"2019-07-05T14:11:15","slug":"entretien","status":"publish","type":"page","link":"https:\/\/lusogolfe.com\/fr\/services\/entretien\/","title":{"rendered":"Entretien"},"content":{"rendered":"<div class=\"wpb-content-wrapper\"><p>[vc_row][vc_column width=&#8221;3\/4&#8243;][block_title style=&#8221;column_title&#8221; inner_style=&#8221;inline_border&#8221; title=&#8221;Entretien&#8221;][\/block_title][vc_column_text]Un circuit mini-golf nouvellement install\u00e9 donne une nouvelle vie et une nouvelle couleur \u00e0 un parc ou un jardin.<\/p>\n<p>Au fil des ans, les espaces ext\u00e9rieurs, soumis \u00e0 des ann\u00e9es d\u2019utilisation, les \u00e9l\u00e9ments naturels ou m\u00eame le vandalisme, montrent \u00e9ventuellement des signes d\u2019usure et de la d\u00e9gradation.<\/p>\n<p>Les soucis de maintenance p\u00e9riodique et continue de garantir la qualit\u00e9 et l\u2019op\u00e9rabilit\u00e9 des \u00e9quipements.<\/p>\n<p>R\u00e9sultat d\u2019un manque d\u2019entretien, un circuit mini-golf peut avoir besoin:<br \/>\n\u2022 Remplacement ou revivre les lignes de d\u00e9marcation de la surface de jeu;<br \/>\n\u2022 Mise \u00e0 niveau des pistes;<br \/>\n\u2022 le remplacement et \/ ou de fixation des obstacles;<br \/>\n\u2022 Peintures tables et des obstacles;<br \/>\n\u2022 Nettoyage en profondeur avec des produits appropri\u00e9s.<\/p>\n<p>En utilisant des m\u00e9thodes et de produits appropri\u00e9s, nous garantissons la fiabilit\u00e9 et l\u2019excellence des services qui prolongent le bon \u00e9tat de l\u2019utilisation de l\u2019\u00e9quipement.<\/p>\n<p>L\u2019exp\u00e9rience de 50 ans nous appuie \u00e0 fournir le meilleur service apr\u00e8s-vente.<\/p>\n<p>Apr\u00e8s le travail de conservation des Lusogolfe, l\u2019espace r\u00e9nov\u00e9 ne sera plus gris et r\u00e9cup\u00e9rer l\u2019\u00e9nergie du d\u00e9but des ann\u00e9es![\/vc_column_text][\/vc_column][vc_column width=&#8221;1\/4&#8243;][block_title style=&#8221;column_title&#8221; title=&#8221;d&#8217;autres services&#8221;][\/block_title][vc_column_text]<\/p>\n<ul>\n<li><h3 class=\"shortcode_h3\"><a href=\"https:\/\/lusogolfe.com\/fr\/services\/location\/\">Location<\/a><\/h3><\/li>\n<\/ul>\n<ul>\n<li><h3 class=\"shortcode_h3\"><a href=\"https:\/\/lusogolfe.com\/fr\/services\/entrainement\/\">Entra\u00eenement<\/a><\/h3><\/li>\n<\/ul>\n<ul>\n<li><h3 class=\"shortcode_h3\"><a href=\"https:\/\/lusogolfe.com\/fr\/services\/consultant\/\">Consultant<\/a><\/h3><\/li>\n<\/ul>\n<p>[\/vc_column_text][\/vc_column][\/vc_row]<\/p>\n<\/div>","protected":false},"excerpt":{"rendered":"<p>[vc_row][vc_column width=&#8221;3\/4&#8243;][block_title style=&#8221;column_title&#8221; inner_style=&#8221;inline_border&#8221; title=&#8221;Entretien&#8221;][\/block_title][vc_column_text]Un circuit mini-golf nouvellement install\u00e9 donne une nouvelle vie et une nouvelle couleur \u00e0 un parc ou un jardin. Au fil des ans, les espaces ext\u00e9rieurs, soumis \u00e0 des ann\u00e9es d\u2019utilisation, les \u00e9l\u00e9ments naturels ou m\u00eame le vandalisme, montrent \u00e9ventuellement des signes d\u2019usure et de la d\u00e9gradation. Les soucis de maintenance [&hellip;]<\/p>\n","protected":false},"author":2,"featured_media":0,"parent":1715,"menu_order":0,"comment_status":"closed","ping_status":"closed","template":"","meta":{"content-type":"","footnotes":""},"class_list":["post-1891","page","type-page","status-publish","hentry"],"yoast_head":"<!-- This site is optimized with the Yoast SEO plugin v27.3 - https:\/\/yoast.com\/product\/yoast-seo-wordpress\/ -->\n<title>Entretien - Lusogolfe<\/title>\n<meta name=\"robots\" content=\"index, follow, max-snippet:-1, max-image-preview:large, max-video-preview:-1\" \/>\n<link rel=\"canonical\" href=\"http:\/\/lusogolfe.com\/fr\/services\/entretien\/\" \/>\n<meta property=\"og:locale\" content=\"fr_FR\" \/>\n<meta property=\"og:type\" content=\"article\" \/>\n<meta property=\"og:title\" content=\"Entretien - Lusogolfe\" \/>\n<meta property=\"og:description\" content=\"[vc_row][vc_column width=&#8221;3\/4&#8243;][block_title style=&#8221;column_title&#8221; inner_style=&#8221;inline_border&#8221; title=&#8221;Entretien&#8221;][\/block_title][vc_column_text]Un circuit mini-golf nouvellement install\u00e9 donne une nouvelle vie et une nouvelle couleur \u00e0 un parc ou un jardin. Au fil des ans, les espaces ext\u00e9rieurs, soumis \u00e0 des ann\u00e9es d\u2019utilisation, les \u00e9l\u00e9ments naturels ou m\u00eame le vandalisme, montrent \u00e9ventuellement des signes d\u2019usure et de la d\u00e9gradation. Les soucis de maintenance [&hellip;]\" \/>\n<meta property=\"og:url\" content=\"http:\/\/lusogolfe.com\/fr\/services\/entretien\/\" \/>\n<meta property=\"og:site_name\" content=\"Lusogolfe\" \/>\n<meta property=\"article:publisher\" content=\"https:\/\/www.facebook.com\/lusogolfe\/\" \/>\n<meta property=\"article:modified_time\" content=\"2019-07-05T14:11:15+00:00\" \/>\n<meta property=\"og:image\" content=\"https:\/\/lusogolfe.com\/wp-content\/uploads\/2016\/10\/49-anos-Lusogolfe.jpg\" \/>\n\t<meta property=\"og:image:width\" content=\"1\" \/>\n\t<meta property=\"og:image:height\" content=\"1\" \/>\n\t<meta property=\"og:image:type\" content=\"image\/jpeg\" \/>\n<meta name=\"twitter:card\" content=\"summary_large_image\" \/>\n<meta name=\"twitter:label1\" content=\"Dur\u00e9e de lecture estim\u00e9e\" \/>\n\t<meta name=\"twitter:data1\" content=\"1 minute\" \/>\n<script type=\"application\/ld+json\" class=\"yoast-schema-graph\">{\"@context\":\"https:\\\/\\\/schema.org\",\"@graph\":[{\"@type\":\"WebPage\",\"@id\":\"http:\\\/\\\/lusogolfe.com\\\/fr\\\/services\\\/entretien\\\/\",\"url\":\"http:\\\/\\\/lusogolfe.com\\\/fr\\\/services\\\/entretien\\\/\",\"name\":\"Entretien - Lusogolfe\",\"isPartOf\":{\"@id\":\"http:\\\/\\\/lusogolfe.com\\\/#website\"},\"datePublished\":\"2016-10-19T10:58:52+00:00\",\"dateModified\":\"2019-07-05T14:11:15+00:00\",\"breadcrumb\":{\"@id\":\"http:\\\/\\\/lusogolfe.com\\\/fr\\\/services\\\/entretien\\\/#breadcrumb\"},\"inLanguage\":\"fr-FR\",\"potentialAction\":[{\"@type\":\"ReadAction\",\"target\":[\"http:\\\/\\\/lusogolfe.com\\\/fr\\\/services\\\/entretien\\\/\"]}]},{\"@type\":\"BreadcrumbList\",\"@id\":\"http:\\\/\\\/lusogolfe.com\\\/fr\\\/services\\\/entretien\\\/#breadcrumb\",\"itemListElement\":[{\"@type\":\"ListItem\",\"position\":1,\"name\":\"Portada\",\"item\":\"https:\\\/\\\/lusogolfe.com\\\/fr\\\/\"},{\"@type\":\"ListItem\",\"position\":2,\"name\":\"Nos services &#8211; Location | Entretien | Entra\u00eenement | Consultant\",\"item\":\"https:\\\/\\\/lusogolfe.com\\\/fr\\\/services\\\/\"},{\"@type\":\"ListItem\",\"position\":3,\"name\":\"Entretien\"}]},{\"@type\":\"WebSite\",\"@id\":\"http:\\\/\\\/lusogolfe.com\\\/#website\",\"url\":\"http:\\\/\\\/lusogolfe.com\\\/\",\"name\":\"Lusogolfe\",\"description\":\"Everything for Minigolf\",\"publisher\":{\"@id\":\"http:\\\/\\\/lusogolfe.com\\\/#organization\"},\"potentialAction\":[{\"@type\":\"SearchAction\",\"target\":{\"@type\":\"EntryPoint\",\"urlTemplate\":\"http:\\\/\\\/lusogolfe.com\\\/?s={search_term_string}\"},\"query-input\":{\"@type\":\"PropertyValueSpecification\",\"valueRequired\":true,\"valueName\":\"search_term_string\"}}],\"inLanguage\":\"fr-FR\"},{\"@type\":\"Organization\",\"@id\":\"http:\\\/\\\/lusogolfe.com\\\/#organization\",\"name\":\"Lusogolfe\",\"url\":\"http:\\\/\\\/lusogolfe.com\\\/\",\"logo\":{\"@type\":\"ImageObject\",\"inLanguage\":\"fr-FR\",\"@id\":\"http:\\\/\\\/lusogolfe.com\\\/#\\\/schema\\\/logo\\\/image\\\/\",\"url\":\"http:\\\/\\\/lusogolfe.com\\\/wp-content\\\/uploads\\\/2023\\\/05\\\/Lusogolfe-55years.png\",\"contentUrl\":\"http:\\\/\\\/lusogolfe.com\\\/wp-content\\\/uploads\\\/2023\\\/05\\\/Lusogolfe-55years.png\",\"width\":1128,\"height\":768,\"caption\":\"Lusogolfe\"},\"image\":{\"@id\":\"http:\\\/\\\/lusogolfe.com\\\/#\\\/schema\\\/logo\\\/image\\\/\"},\"sameAs\":[\"https:\\\/\\\/www.facebook.com\\\/lusogolfe\\\/\",\"https:\\\/\\\/www.linkedin.com\\\/company\\\/lusogolfe\",\"https:\\\/\\\/www.youtube.com\\\/lusogolfe\",\"https:\\\/\\\/www.instagram.com\\\/lusogolfe\"]}]}<\/script>\n<!-- \/ Yoast SEO plugin. -->","yoast_head_json":{"title":"Entretien - Lusogolfe","robots":{"index":"index","follow":"follow","max-snippet":"max-snippet:-1","max-image-preview":"max-image-preview:large","max-video-preview":"max-video-preview:-1"},"canonical":"http:\/\/lusogolfe.com\/fr\/services\/entretien\/","og_locale":"fr_FR","og_type":"article","og_title":"Entretien - Lusogolfe","og_description":"[vc_row][vc_column width=&#8221;3\/4&#8243;][block_title style=&#8221;column_title&#8221; inner_style=&#8221;inline_border&#8221; title=&#8221;Entretien&#8221;][\/block_title][vc_column_text]Un circuit mini-golf nouvellement install\u00e9 donne une nouvelle vie et une nouvelle couleur \u00e0 un parc ou un jardin. Au fil des ans, les espaces ext\u00e9rieurs, soumis \u00e0 des ann\u00e9es d\u2019utilisation, les \u00e9l\u00e9ments naturels ou m\u00eame le vandalisme, montrent \u00e9ventuellement des signes d\u2019usure et de la d\u00e9gradation. Les soucis de maintenance [&hellip;]","og_url":"http:\/\/lusogolfe.com\/fr\/services\/entretien\/","og_site_name":"Lusogolfe","article_publisher":"https:\/\/www.facebook.com\/lusogolfe\/","article_modified_time":"2019-07-05T14:11:15+00:00","og_image":[{"url":"https:\/\/lusogolfe.com\/wp-content\/uploads\/2016\/10\/49-anos-Lusogolfe.jpg","width":1,"height":1,"type":"image\/jpeg"}],"twitter_card":"summary_large_image","twitter_misc":{"Dur\u00e9e de lecture estim\u00e9e":"1 minute"},"schema":{"@context":"https:\/\/schema.org","@graph":[{"@type":"WebPage","@id":"http:\/\/lusogolfe.com\/fr\/services\/entretien\/","url":"http:\/\/lusogolfe.com\/fr\/services\/entretien\/","name":"Entretien - Lusogolfe","isPartOf":{"@id":"http:\/\/lusogolfe.com\/#website"},"datePublished":"2016-10-19T10:58:52+00:00","dateModified":"2019-07-05T14:11:15+00:00","breadcrumb":{"@id":"http:\/\/lusogolfe.com\/fr\/services\/entretien\/#breadcrumb"},"inLanguage":"fr-FR","potentialAction":[{"@type":"ReadAction","target":["http:\/\/lusogolfe.com\/fr\/services\/entretien\/"]}]},{"@type":"BreadcrumbList","@id":"http:\/\/lusogolfe.com\/fr\/services\/entretien\/#breadcrumb","itemListElement":[{"@type":"ListItem","position":1,"name":"Portada","item":"https:\/\/lusogolfe.com\/fr\/"},{"@type":"ListItem","position":2,"name":"Nos services &#8211; Location | Entretien | Entra\u00eenement | Consultant","item":"https:\/\/lusogolfe.com\/fr\/services\/"},{"@type":"ListItem","position":3,"name":"Entretien"}]},{"@type":"WebSite","@id":"http:\/\/lusogolfe.com\/#website","url":"http:\/\/lusogolfe.com\/","name":"Lusogolfe","description":"Everything for Minigolf","publisher":{"@id":"http:\/\/lusogolfe.com\/#organization"},"potentialAction":[{"@type":"SearchAction","target":{"@type":"EntryPoint","urlTemplate":"http:\/\/lusogolfe.com\/?s={search_term_string}"},"query-input":{"@type":"PropertyValueSpecification","valueRequired":true,"valueName":"search_term_string"}}],"inLanguage":"fr-FR"},{"@type":"Organization","@id":"http:\/\/lusogolfe.com\/#organization","name":"Lusogolfe","url":"http:\/\/lusogolfe.com\/","logo":{"@type":"ImageObject","inLanguage":"fr-FR","@id":"http:\/\/lusogolfe.com\/#\/schema\/logo\/image\/","url":"http:\/\/lusogolfe.com\/wp-content\/uploads\/2023\/05\/Lusogolfe-55years.png","contentUrl":"http:\/\/lusogolfe.com\/wp-content\/uploads\/2023\/05\/Lusogolfe-55years.png","width":1128,"height":768,"caption":"Lusogolfe"},"image":{"@id":"http:\/\/lusogolfe.com\/#\/schema\/logo\/image\/"},"sameAs":["https:\/\/www.facebook.com\/lusogolfe\/","https:\/\/www.linkedin.com\/company\/lusogolfe","https:\/\/www.youtube.com\/lusogolfe","https:\/\/www.instagram.com\/lusogolfe"]}]}},"_links":{"self":[{"href":"https:\/\/lusogolfe.com\/fr\/wp-json\/wp\/v2\/pages\/1891","targetHints":{"allow":["GET"]}}],"collection":[{"href":"https:\/\/lusogolfe.com\/fr\/wp-json\/wp\/v2\/pages"}],"about":[{"href":"https:\/\/lusogolfe.com\/fr\/wp-json\/wp\/v2\/types\/page"}],"author":[{"embeddable":true,"href":"https:\/\/lusogolfe.com\/fr\/wp-json\/wp\/v2\/users\/2"}],"replies":[{"embeddable":true,"href":"https:\/\/lusogolfe.com\/fr\/wp-json\/wp\/v2\/comments?post=1891"}],"version-history":[{"count":1,"href":"https:\/\/lusogolfe.com\/fr\/wp-json\/wp\/v2\/pages\/1891\/revisions"}],"predecessor-version":[{"id":7095,"href":"https:\/\/lusogolfe.com\/fr\/wp-json\/wp\/v2\/pages\/1891\/revisions\/7095"}],"up":[{"embeddable":true,"href":"https:\/\/lusogolfe.com\/fr\/wp-json\/wp\/v2\/pages\/1715"}],"wp:attachment":[{"href":"https:\/\/lusogolfe.com\/fr\/wp-json\/wp\/v2\/media?parent=1891"}],"curies":[{"name":"wp","href":"https:\/\/api.w.org\/{rel}","templated":true}]}}