{"id":1880,"date":"2016-10-19T11:15:07","date_gmt":"2016-10-19T11:15:07","guid":{"rendered":"http:\/\/lusogolfe.com\/novo\/fr\/services\/formacao\/"},"modified":"2019-07-05T14:12:23","modified_gmt":"2019-07-05T14:12:23","slug":"entrainement","status":"publish","type":"page","link":"https:\/\/lusogolfe.com\/fr\/services\/entrainement\/","title":{"rendered":"Entra\u00eenement"},"content":{"rendered":"<div class=\"wpb-content-wrapper\"><p>[vc_row][vc_column width=&#8221;3\/4&#8243;][block_title style=&#8221;column_title&#8221; inner_style=&#8221;inline_border&#8221; title=&#8221;Entra\u00eenement&#8221;][\/block_title][vc_column_text]Notre exp\u00e9rience et nos comp\u00e9tences humaines nous permettent de fournir une formation dans deux domaines distincts mais compl\u00e9mentaires: la gestion de votre circuit et l\u2019activit\u00e9 sportive.<\/p>\n<p>La gestion de circuit favorise une rentabilit\u00e9 accrue, l\u2019am\u00e9lioration des comp\u00e9tences organisationnelles et de l\u2019ex\u00e9cution des t\u00e2ches que syst\u00e9matique et orient\u00e9e vers le client servira de base de la r\u00e9ussite de votre circuit minigolf.<\/p>\n<p>L\u2019activit\u00e9 sportive de minigolf est l\u2019aspect qui apportera visibilit\u00e9 et le prestige, l\u2019impression de dynamisme et de mouvement \u00e0 l\u2019aire de jeux et de plaisir, qui marque la raison principale pour le circuit minigolf.[\/vc_column_text][\/vc_column][vc_column width=&#8221;1\/4&#8243;][block_title style=&#8221;column_title&#8221; title=&#8221;d&#8217;autres services&#8221;][\/block_title][vc_column_text]<\/p>\n<ul>\n<li><h3 class=\"shortcode_h3\"><a href=\"https:\/\/lusogolfe.com\/fr\/services\/location\/\">Location<\/a><\/h3><\/li>\n<\/ul>\n<ul>\n<li><h3 class=\"shortcode_h3\"><a href=\"https:\/\/lusogolfe.com\/fr\/services\/entretien\/\">Entretien<\/a><\/h3><\/li>\n<\/ul>\n<ul>\n<li><h3 class=\"shortcode_h3\"><a href=\"https:\/\/lusogolfe.com\/fr\/services\/consultant\/\">Consultant<\/a><\/h3><\/li>\n<\/ul>\n<p>[\/vc_column_text][\/vc_column][\/vc_row]<\/p>\n<\/div>","protected":false},"excerpt":{"rendered":"<p>[vc_row][vc_column width=&#8221;3\/4&#8243;][block_title style=&#8221;column_title&#8221; inner_style=&#8221;inline_border&#8221; title=&#8221;Entra\u00eenement&#8221;][\/block_title][vc_column_text]Notre exp\u00e9rience et nos comp\u00e9tences humaines nous permettent de fournir une formation dans deux domaines distincts mais compl\u00e9mentaires: la gestion de votre circuit et l\u2019activit\u00e9 sportive. La gestion de circuit favorise une rentabilit\u00e9 accrue, l\u2019am\u00e9lioration des comp\u00e9tences organisationnelles et de l\u2019ex\u00e9cution des t\u00e2ches que syst\u00e9matique et orient\u00e9e vers le client servira [&hellip;]<\/p>\n","protected":false},"author":2,"featured_media":0,"parent":1715,"menu_order":0,"comment_status":"closed","ping_status":"closed","template":"","meta":{"content-type":"","footnotes":""},"class_list":["post-1880","page","type-page","status-publish","hentry"],"yoast_head":"<!-- This site is optimized with the Yoast SEO plugin v27.3 - https:\/\/yoast.com\/product\/yoast-seo-wordpress\/ -->\n<title>Entra\u00eenement - Lusogolfe<\/title>\n<meta name=\"robots\" content=\"index, follow, max-snippet:-1, max-image-preview:large, max-video-preview:-1\" \/>\n<link rel=\"canonical\" href=\"https:\/\/lusogolfe.com\/fr\/services\/entrainement\/\" \/>\n<meta property=\"og:locale\" content=\"fr_FR\" \/>\n<meta property=\"og:type\" content=\"article\" \/>\n<meta property=\"og:title\" content=\"Entra\u00eenement - Lusogolfe\" \/>\n<meta property=\"og:description\" content=\"[vc_row][vc_column width=&#8221;3\/4&#8243;][block_title style=&#8221;column_title&#8221; inner_style=&#8221;inline_border&#8221; title=&#8221;Entra\u00eenement&#8221;][\/block_title][vc_column_text]Notre exp\u00e9rience et nos comp\u00e9tences humaines nous permettent de fournir une formation dans deux domaines distincts mais compl\u00e9mentaires: la gestion de votre circuit et l\u2019activit\u00e9 sportive. La gestion de circuit favorise une rentabilit\u00e9 accrue, l\u2019am\u00e9lioration des comp\u00e9tences organisationnelles et de l\u2019ex\u00e9cution des t\u00e2ches que syst\u00e9matique et orient\u00e9e vers le client servira [&hellip;]\" \/>\n<meta property=\"og:url\" content=\"https:\/\/lusogolfe.com\/fr\/services\/entrainement\/\" \/>\n<meta property=\"og:site_name\" content=\"Lusogolfe\" \/>\n<meta property=\"article:publisher\" content=\"https:\/\/www.facebook.com\/lusogolfe\/\" \/>\n<meta property=\"article:modified_time\" content=\"2019-07-05T14:12:23+00:00\" \/>\n<meta property=\"og:image\" content=\"https:\/\/lusogolfe.com\/wp-content\/uploads\/2016\/10\/49-anos-Lusogolfe.jpg\" \/>\n\t<meta property=\"og:image:width\" content=\"1\" \/>\n\t<meta property=\"og:image:height\" content=\"1\" \/>\n\t<meta property=\"og:image:type\" content=\"image\/jpeg\" \/>\n<meta name=\"twitter:card\" content=\"summary_large_image\" \/>\n<meta name=\"twitter:label1\" content=\"Dur\u00e9e de lecture estim\u00e9e\" \/>\n\t<meta name=\"twitter:data1\" content=\"1 minute\" \/>\n<script type=\"application\/ld+json\" class=\"yoast-schema-graph\">{\"@context\":\"https:\\\/\\\/schema.org\",\"@graph\":[{\"@type\":\"WebPage\",\"@id\":\"https:\\\/\\\/lusogolfe.com\\\/fr\\\/services\\\/entrainement\\\/\",\"url\":\"https:\\\/\\\/lusogolfe.com\\\/fr\\\/services\\\/entrainement\\\/\",\"name\":\"Entra\u00eenement - Lusogolfe\",\"isPartOf\":{\"@id\":\"http:\\\/\\\/lusogolfe.com\\\/es\\\/#website\"},\"datePublished\":\"2016-10-19T11:15:07+00:00\",\"dateModified\":\"2019-07-05T14:12:23+00:00\",\"breadcrumb\":{\"@id\":\"https:\\\/\\\/lusogolfe.com\\\/fr\\\/services\\\/entrainement\\\/#breadcrumb\"},\"inLanguage\":\"fr-FR\",\"potentialAction\":[{\"@type\":\"ReadAction\",\"target\":[\"https:\\\/\\\/lusogolfe.com\\\/fr\\\/services\\\/entrainement\\\/\"]}]},{\"@type\":\"BreadcrumbList\",\"@id\":\"https:\\\/\\\/lusogolfe.com\\\/fr\\\/services\\\/entrainement\\\/#breadcrumb\",\"itemListElement\":[{\"@type\":\"ListItem\",\"position\":1,\"name\":\"Portada\",\"item\":\"https:\\\/\\\/lusogolfe.com\\\/fr\\\/\"},{\"@type\":\"ListItem\",\"position\":2,\"name\":\"Nos services &#8211; Location | Entretien | Entra\u00eenement | Consultant\",\"item\":\"https:\\\/\\\/lusogolfe.com\\\/fr\\\/services\\\/\"},{\"@type\":\"ListItem\",\"position\":3,\"name\":\"Entra\u00eenement\"}]},{\"@type\":\"WebSite\",\"@id\":\"http:\\\/\\\/lusogolfe.com\\\/es\\\/#website\",\"url\":\"http:\\\/\\\/lusogolfe.com\\\/es\\\/\",\"name\":\"Lusogolfe\",\"description\":\"Everything for Minigolf\",\"publisher\":{\"@id\":\"http:\\\/\\\/lusogolfe.com\\\/es\\\/#organization\"},\"potentialAction\":[{\"@type\":\"SearchAction\",\"target\":{\"@type\":\"EntryPoint\",\"urlTemplate\":\"http:\\\/\\\/lusogolfe.com\\\/es\\\/?s={search_term_string}\"},\"query-input\":{\"@type\":\"PropertyValueSpecification\",\"valueRequired\":true,\"valueName\":\"search_term_string\"}}],\"inLanguage\":\"fr-FR\"},{\"@type\":\"Organization\",\"@id\":\"http:\\\/\\\/lusogolfe.com\\\/es\\\/#organization\",\"name\":\"Lusogolfe\",\"url\":\"http:\\\/\\\/lusogolfe.com\\\/es\\\/\",\"logo\":{\"@type\":\"ImageObject\",\"inLanguage\":\"fr-FR\",\"@id\":\"http:\\\/\\\/lusogolfe.com\\\/es\\\/#\\\/schema\\\/logo\\\/image\\\/\",\"url\":\"http:\\\/\\\/lusogolfe.com\\\/wp-content\\\/uploads\\\/2023\\\/05\\\/Lusogolfe-55years.png\",\"contentUrl\":\"http:\\\/\\\/lusogolfe.com\\\/wp-content\\\/uploads\\\/2023\\\/05\\\/Lusogolfe-55years.png\",\"width\":1128,\"height\":768,\"caption\":\"Lusogolfe\"},\"image\":{\"@id\":\"http:\\\/\\\/lusogolfe.com\\\/es\\\/#\\\/schema\\\/logo\\\/image\\\/\"},\"sameAs\":[\"https:\\\/\\\/www.facebook.com\\\/lusogolfe\\\/\",\"https:\\\/\\\/www.linkedin.com\\\/company\\\/lusogolfe\",\"https:\\\/\\\/www.youtube.com\\\/lusogolfe\",\"https:\\\/\\\/www.instagram.com\\\/lusogolfe\"]}]}<\/script>\n<!-- \/ Yoast SEO plugin. -->","yoast_head_json":{"title":"Entra\u00eenement - Lusogolfe","robots":{"index":"index","follow":"follow","max-snippet":"max-snippet:-1","max-image-preview":"max-image-preview:large","max-video-preview":"max-video-preview:-1"},"canonical":"https:\/\/lusogolfe.com\/fr\/services\/entrainement\/","og_locale":"fr_FR","og_type":"article","og_title":"Entra\u00eenement - Lusogolfe","og_description":"[vc_row][vc_column width=&#8221;3\/4&#8243;][block_title style=&#8221;column_title&#8221; inner_style=&#8221;inline_border&#8221; title=&#8221;Entra\u00eenement&#8221;][\/block_title][vc_column_text]Notre exp\u00e9rience et nos comp\u00e9tences humaines nous permettent de fournir une formation dans deux domaines distincts mais compl\u00e9mentaires: la gestion de votre circuit et l\u2019activit\u00e9 sportive. La gestion de circuit favorise une rentabilit\u00e9 accrue, l\u2019am\u00e9lioration des comp\u00e9tences organisationnelles et de l\u2019ex\u00e9cution des t\u00e2ches que syst\u00e9matique et orient\u00e9e vers le client servira [&hellip;]","og_url":"https:\/\/lusogolfe.com\/fr\/services\/entrainement\/","og_site_name":"Lusogolfe","article_publisher":"https:\/\/www.facebook.com\/lusogolfe\/","article_modified_time":"2019-07-05T14:12:23+00:00","og_image":[{"url":"https:\/\/lusogolfe.com\/wp-content\/uploads\/2016\/10\/49-anos-Lusogolfe.jpg","width":1,"height":1,"type":"image\/jpeg"}],"twitter_card":"summary_large_image","twitter_misc":{"Dur\u00e9e de lecture estim\u00e9e":"1 minute"},"schema":{"@context":"https:\/\/schema.org","@graph":[{"@type":"WebPage","@id":"https:\/\/lusogolfe.com\/fr\/services\/entrainement\/","url":"https:\/\/lusogolfe.com\/fr\/services\/entrainement\/","name":"Entra\u00eenement - Lusogolfe","isPartOf":{"@id":"http:\/\/lusogolfe.com\/es\/#website"},"datePublished":"2016-10-19T11:15:07+00:00","dateModified":"2019-07-05T14:12:23+00:00","breadcrumb":{"@id":"https:\/\/lusogolfe.com\/fr\/services\/entrainement\/#breadcrumb"},"inLanguage":"fr-FR","potentialAction":[{"@type":"ReadAction","target":["https:\/\/lusogolfe.com\/fr\/services\/entrainement\/"]}]},{"@type":"BreadcrumbList","@id":"https:\/\/lusogolfe.com\/fr\/services\/entrainement\/#breadcrumb","itemListElement":[{"@type":"ListItem","position":1,"name":"Portada","item":"https:\/\/lusogolfe.com\/fr\/"},{"@type":"ListItem","position":2,"name":"Nos services &#8211; Location | Entretien | Entra\u00eenement | Consultant","item":"https:\/\/lusogolfe.com\/fr\/services\/"},{"@type":"ListItem","position":3,"name":"Entra\u00eenement"}]},{"@type":"WebSite","@id":"http:\/\/lusogolfe.com\/es\/#website","url":"http:\/\/lusogolfe.com\/es\/","name":"Lusogolfe","description":"Everything for Minigolf","publisher":{"@id":"http:\/\/lusogolfe.com\/es\/#organization"},"potentialAction":[{"@type":"SearchAction","target":{"@type":"EntryPoint","urlTemplate":"http:\/\/lusogolfe.com\/es\/?s={search_term_string}"},"query-input":{"@type":"PropertyValueSpecification","valueRequired":true,"valueName":"search_term_string"}}],"inLanguage":"fr-FR"},{"@type":"Organization","@id":"http:\/\/lusogolfe.com\/es\/#organization","name":"Lusogolfe","url":"http:\/\/lusogolfe.com\/es\/","logo":{"@type":"ImageObject","inLanguage":"fr-FR","@id":"http:\/\/lusogolfe.com\/es\/#\/schema\/logo\/image\/","url":"http:\/\/lusogolfe.com\/wp-content\/uploads\/2023\/05\/Lusogolfe-55years.png","contentUrl":"http:\/\/lusogolfe.com\/wp-content\/uploads\/2023\/05\/Lusogolfe-55years.png","width":1128,"height":768,"caption":"Lusogolfe"},"image":{"@id":"http:\/\/lusogolfe.com\/es\/#\/schema\/logo\/image\/"},"sameAs":["https:\/\/www.facebook.com\/lusogolfe\/","https:\/\/www.linkedin.com\/company\/lusogolfe","https:\/\/www.youtube.com\/lusogolfe","https:\/\/www.instagram.com\/lusogolfe"]}]}},"_links":{"self":[{"href":"https:\/\/lusogolfe.com\/fr\/wp-json\/wp\/v2\/pages\/1880","targetHints":{"allow":["GET"]}}],"collection":[{"href":"https:\/\/lusogolfe.com\/fr\/wp-json\/wp\/v2\/pages"}],"about":[{"href":"https:\/\/lusogolfe.com\/fr\/wp-json\/wp\/v2\/types\/page"}],"author":[{"embeddable":true,"href":"https:\/\/lusogolfe.com\/fr\/wp-json\/wp\/v2\/users\/2"}],"replies":[{"embeddable":true,"href":"https:\/\/lusogolfe.com\/fr\/wp-json\/wp\/v2\/comments?post=1880"}],"version-history":[{"count":1,"href":"https:\/\/lusogolfe.com\/fr\/wp-json\/wp\/v2\/pages\/1880\/revisions"}],"predecessor-version":[{"id":7096,"href":"https:\/\/lusogolfe.com\/fr\/wp-json\/wp\/v2\/pages\/1880\/revisions\/7096"}],"up":[{"embeddable":true,"href":"https:\/\/lusogolfe.com\/fr\/wp-json\/wp\/v2\/pages\/1715"}],"wp:attachment":[{"href":"https:\/\/lusogolfe.com\/fr\/wp-json\/wp\/v2\/media?parent=1880"}],"curies":[{"name":"wp","href":"https:\/\/api.w.org\/{rel}","templated":true}]}}