{"id":1867,"date":"2016-10-19T10:55:43","date_gmt":"2016-10-19T10:55:43","guid":{"rendered":"http:\/\/lusogolfe.com\/novo\/fr\/services\/aluguer\/"},"modified":"2023-09-12T11:16:57","modified_gmt":"2023-09-12T11:16:57","slug":"location","status":"publish","type":"page","link":"https:\/\/lusogolfe.com\/fr\/services\/location\/","title":{"rendered":"Location de Minigolf"},"content":{"rendered":"<div class=\"wpb-content-wrapper\"><p>[vc_row][vc_column width=&#8221;3\/4&#8243;][vc_column_text]<\/p>\n<h1><span style=\"color: black; font-size: 24px; font-weight: bold;\">LOCATION DE MINIGOLF<\/span><\/h1>\n<h2><span style=\"color: #f7b90a; font-size: 17px;\">Pour des \u00e9v\u00e9nements de courte et longue terme<\/span><\/h2>\n<p>[\/vc_column_text][vc_gallery interval=&#8221;3&#8243; images=&#8221;15621,15626,15631,15616&#8243; img_size=&#8221;full&#8221; css=&#8221;.vc_custom_1694517368104{margin-bottom: 0px !important;}&#8221;][vc_column_text css=&#8221;.vc_custom_1694517379365{margin-top: -25px !important;}&#8221;]Nous avons circuits de minigolf amovibles \u00e0 louer pour des \u00e9v\u00e9nements \u00e0 court ou \u00e0 long terme.<\/p>\n<p>Id\u00e9al pour des \u00e9v\u00e9nements, f\u00eates, conf\u00e9rences, r\u00e9unions d\u2019affaires priv\u00e9es ou pour des espaces publics comme les centres commerciaux ou les jardins.<\/p>\n<p>Nous budget de ce service complet \u00e0 vos besoins, pour la dur\u00e9e et le lieu demand\u00e9.<\/p>\n<p><a href=\"https:\/\/lusogolfe.com\/fr\/contacts\/\">Contactez-nous<\/a>![\/vc_column_text][\/vc_column][vc_column width=&#8221;1\/4&#8243;][block_title style=&#8221;column_title&#8221; title=&#8221;D&#8217;autres services&#8221;][\/block_title][vc_column_text]<\/p>\n<ul>\n<li><h3 class=\"shortcode_h3\"><a href=\"https:\/\/lusogolfe.com\/fr\/services\/entretien\/\">Entretien<\/a><\/h3><\/li>\n<\/ul>\n<ul>\n<li><h3 class=\"shortcode_h3\"><a href=\"https:\/\/lusogolfe.com\/fr\/services\/entrainement\/\">Entra\u00eenement<\/a><\/h3><\/li>\n<\/ul>\n<ul>\n<li><h3 class=\"shortcode_h3\"><a href=\"https:\/\/lusogolfe.com\/fr\/services\/consultant\/\">Consultant<\/a><\/h3><\/li>\n<\/ul>\n<p>[\/vc_column_text][\/vc_column][\/vc_row]<\/p>\n<\/div>","protected":false},"excerpt":{"rendered":"<p>[vc_row][vc_column width=&#8221;3\/4&#8243;][vc_column_text] LOCATION DE MINIGOLF Pour des \u00e9v\u00e9nements de courte et longue terme [\/vc_column_text][vc_gallery interval=&#8221;3&#8243; images=&#8221;15621,15626,15631,15616&#8243; img_size=&#8221;full&#8221; css=&#8221;.vc_custom_1694517368104{margin-bottom: 0px !important;}&#8221;][vc_column_text css=&#8221;.vc_custom_1694517379365{margin-top: -25px !important;}&#8221;]Nous avons circuits de minigolf amovibles \u00e0 louer pour des \u00e9v\u00e9nements \u00e0 court ou \u00e0 long terme. Id\u00e9al pour des \u00e9v\u00e9nements, f\u00eates, conf\u00e9rences, r\u00e9unions d\u2019affaires priv\u00e9es ou pour des espaces publics comme les [&hellip;]<\/p>\n","protected":false},"author":2,"featured_media":0,"parent":1715,"menu_order":0,"comment_status":"closed","ping_status":"closed","template":"","meta":{"content-type":"","footnotes":""},"class_list":["post-1867","page","type-page","status-publish","hentry"],"yoast_head":"<!-- This site is optimized with the Yoast SEO plugin v27.4 - https:\/\/yoast.com\/product\/yoast-seo-wordpress\/ -->\n<title>Location de Minigolf | \u00c9v\u00e9nements \u00e0 court ou \u00e0 long terme<\/title>\n<meta name=\"description\" content=\"Id\u00e9al pour des \u00e9v\u00e9nements, f\u00eates, conf\u00e9rences, r\u00e9unions d\u2019affaires priv\u00e9es ou pour des espaces publics comme les centres commerciaux ou les jardins.\" \/>\n<meta name=\"robots\" content=\"index, follow, max-snippet:-1, max-image-preview:large, max-video-preview:-1\" \/>\n<link rel=\"canonical\" href=\"https:\/\/lusogolfe.com\/fr\/services\/location\/\" \/>\n<meta property=\"og:locale\" content=\"fr_FR\" \/>\n<meta property=\"og:type\" content=\"article\" \/>\n<meta property=\"og:title\" content=\"Location de Minigolf | \u00c9v\u00e9nements \u00e0 court ou \u00e0 long terme\" \/>\n<meta property=\"og:description\" content=\"Id\u00e9al pour des \u00e9v\u00e9nements, f\u00eates, conf\u00e9rences, r\u00e9unions d\u2019affaires priv\u00e9es ou pour des espaces publics comme les centres commerciaux ou les jardins.\" \/>\n<meta property=\"og:url\" content=\"https:\/\/lusogolfe.com\/fr\/services\/location\/\" \/>\n<meta property=\"og:site_name\" content=\"Lusogolfe\" \/>\n<meta property=\"article:publisher\" content=\"https:\/\/www.facebook.com\/lusogolfe\/\" \/>\n<meta property=\"article:modified_time\" content=\"2023-09-12T11:16:57+00:00\" \/>\n<meta property=\"og:image\" content=\"https:\/\/lusogolfe.com\/wp-content\/uploads\/2016\/10\/49-anos-Lusogolfe.jpg\" \/>\n\t<meta property=\"og:image:width\" content=\"1\" \/>\n\t<meta property=\"og:image:height\" content=\"1\" \/>\n\t<meta property=\"og:image:type\" content=\"image\/jpeg\" \/>\n<meta name=\"twitter:card\" content=\"summary_large_image\" \/>\n<meta name=\"twitter:label1\" content=\"Dur\u00e9e de lecture estim\u00e9e\" \/>\n\t<meta name=\"twitter:data1\" content=\"1 minute\" \/>\n<script type=\"application\/ld+json\" class=\"yoast-schema-graph\">{\"@context\":\"https:\\\/\\\/schema.org\",\"@graph\":[{\"@type\":\"WebPage\",\"@id\":\"https:\\\/\\\/lusogolfe.com\\\/fr\\\/services\\\/location\\\/\",\"url\":\"https:\\\/\\\/lusogolfe.com\\\/fr\\\/services\\\/location\\\/\",\"name\":\"Location de Minigolf | \u00c9v\u00e9nements \u00e0 court ou \u00e0 long terme\",\"isPartOf\":{\"@id\":\"https:\\\/\\\/lusogolfe.com\\\/fr\\\/#website\"},\"datePublished\":\"2016-10-19T10:55:43+00:00\",\"dateModified\":\"2023-09-12T11:16:57+00:00\",\"description\":\"Id\u00e9al pour des \u00e9v\u00e9nements, f\u00eates, conf\u00e9rences, r\u00e9unions d\u2019affaires priv\u00e9es ou pour des espaces publics comme les centres commerciaux ou les jardins.\",\"breadcrumb\":{\"@id\":\"https:\\\/\\\/lusogolfe.com\\\/fr\\\/services\\\/location\\\/#breadcrumb\"},\"inLanguage\":\"fr-FR\",\"potentialAction\":[{\"@type\":\"ReadAction\",\"target\":[\"https:\\\/\\\/lusogolfe.com\\\/fr\\\/services\\\/location\\\/\"]}]},{\"@type\":\"BreadcrumbList\",\"@id\":\"https:\\\/\\\/lusogolfe.com\\\/fr\\\/services\\\/location\\\/#breadcrumb\",\"itemListElement\":[{\"@type\":\"ListItem\",\"position\":1,\"name\":\"Portada\",\"item\":\"https:\\\/\\\/lusogolfe.com\\\/fr\\\/\"},{\"@type\":\"ListItem\",\"position\":2,\"name\":\"Nos services &#8211; Location | Entretien | Entra\u00eenement | Consultant\",\"item\":\"https:\\\/\\\/lusogolfe.com\\\/fr\\\/services\\\/\"},{\"@type\":\"ListItem\",\"position\":3,\"name\":\"Location de Minigolf\"}]},{\"@type\":\"WebSite\",\"@id\":\"https:\\\/\\\/lusogolfe.com\\\/fr\\\/#website\",\"url\":\"https:\\\/\\\/lusogolfe.com\\\/fr\\\/\",\"name\":\"Lusogolfe\",\"description\":\"Everything for Minigolf\",\"publisher\":{\"@id\":\"https:\\\/\\\/lusogolfe.com\\\/fr\\\/#organization\"},\"potentialAction\":[{\"@type\":\"SearchAction\",\"target\":{\"@type\":\"EntryPoint\",\"urlTemplate\":\"https:\\\/\\\/lusogolfe.com\\\/fr\\\/?s={search_term_string}\"},\"query-input\":{\"@type\":\"PropertyValueSpecification\",\"valueRequired\":true,\"valueName\":\"search_term_string\"}}],\"inLanguage\":\"fr-FR\"},{\"@type\":\"Organization\",\"@id\":\"https:\\\/\\\/lusogolfe.com\\\/fr\\\/#organization\",\"name\":\"Lusogolfe\",\"url\":\"https:\\\/\\\/lusogolfe.com\\\/fr\\\/\",\"logo\":{\"@type\":\"ImageObject\",\"inLanguage\":\"fr-FR\",\"@id\":\"https:\\\/\\\/lusogolfe.com\\\/fr\\\/#\\\/schema\\\/logo\\\/image\\\/\",\"url\":\"http:\\\/\\\/lusogolfe.com\\\/wp-content\\\/uploads\\\/2023\\\/05\\\/Lusogolfe-55years.png\",\"contentUrl\":\"http:\\\/\\\/lusogolfe.com\\\/wp-content\\\/uploads\\\/2023\\\/05\\\/Lusogolfe-55years.png\",\"width\":1128,\"height\":768,\"caption\":\"Lusogolfe\"},\"image\":{\"@id\":\"https:\\\/\\\/lusogolfe.com\\\/fr\\\/#\\\/schema\\\/logo\\\/image\\\/\"},\"sameAs\":[\"https:\\\/\\\/www.facebook.com\\\/lusogolfe\\\/\",\"https:\\\/\\\/www.linkedin.com\\\/company\\\/lusogolfe\",\"https:\\\/\\\/www.youtube.com\\\/lusogolfe\",\"https:\\\/\\\/www.instagram.com\\\/lusogolfe\"]}]}<\/script>\n<!-- \/ Yoast SEO plugin. -->","yoast_head_json":{"title":"Location de Minigolf | \u00c9v\u00e9nements \u00e0 court ou \u00e0 long terme","description":"Id\u00e9al pour des \u00e9v\u00e9nements, f\u00eates, conf\u00e9rences, r\u00e9unions d\u2019affaires priv\u00e9es ou pour des espaces publics comme les centres commerciaux ou les jardins.","robots":{"index":"index","follow":"follow","max-snippet":"max-snippet:-1","max-image-preview":"max-image-preview:large","max-video-preview":"max-video-preview:-1"},"canonical":"https:\/\/lusogolfe.com\/fr\/services\/location\/","og_locale":"fr_FR","og_type":"article","og_title":"Location de Minigolf | \u00c9v\u00e9nements \u00e0 court ou \u00e0 long terme","og_description":"Id\u00e9al pour des \u00e9v\u00e9nements, f\u00eates, conf\u00e9rences, r\u00e9unions d\u2019affaires priv\u00e9es ou pour des espaces publics comme les centres commerciaux ou les jardins.","og_url":"https:\/\/lusogolfe.com\/fr\/services\/location\/","og_site_name":"Lusogolfe","article_publisher":"https:\/\/www.facebook.com\/lusogolfe\/","article_modified_time":"2023-09-12T11:16:57+00:00","og_image":[{"url":"https:\/\/lusogolfe.com\/wp-content\/uploads\/2016\/10\/49-anos-Lusogolfe.jpg","width":1,"height":1,"type":"image\/jpeg"}],"twitter_card":"summary_large_image","twitter_misc":{"Dur\u00e9e de lecture estim\u00e9e":"1 minute"},"schema":{"@context":"https:\/\/schema.org","@graph":[{"@type":"WebPage","@id":"https:\/\/lusogolfe.com\/fr\/services\/location\/","url":"https:\/\/lusogolfe.com\/fr\/services\/location\/","name":"Location de Minigolf | \u00c9v\u00e9nements \u00e0 court ou \u00e0 long terme","isPartOf":{"@id":"https:\/\/lusogolfe.com\/fr\/#website"},"datePublished":"2016-10-19T10:55:43+00:00","dateModified":"2023-09-12T11:16:57+00:00","description":"Id\u00e9al pour des \u00e9v\u00e9nements, f\u00eates, conf\u00e9rences, r\u00e9unions d\u2019affaires priv\u00e9es ou pour des espaces publics comme les centres commerciaux ou les jardins.","breadcrumb":{"@id":"https:\/\/lusogolfe.com\/fr\/services\/location\/#breadcrumb"},"inLanguage":"fr-FR","potentialAction":[{"@type":"ReadAction","target":["https:\/\/lusogolfe.com\/fr\/services\/location\/"]}]},{"@type":"BreadcrumbList","@id":"https:\/\/lusogolfe.com\/fr\/services\/location\/#breadcrumb","itemListElement":[{"@type":"ListItem","position":1,"name":"Portada","item":"https:\/\/lusogolfe.com\/fr\/"},{"@type":"ListItem","position":2,"name":"Nos services &#8211; Location | Entretien | Entra\u00eenement | Consultant","item":"https:\/\/lusogolfe.com\/fr\/services\/"},{"@type":"ListItem","position":3,"name":"Location de Minigolf"}]},{"@type":"WebSite","@id":"https:\/\/lusogolfe.com\/fr\/#website","url":"https:\/\/lusogolfe.com\/fr\/","name":"Lusogolfe","description":"Everything for Minigolf","publisher":{"@id":"https:\/\/lusogolfe.com\/fr\/#organization"},"potentialAction":[{"@type":"SearchAction","target":{"@type":"EntryPoint","urlTemplate":"https:\/\/lusogolfe.com\/fr\/?s={search_term_string}"},"query-input":{"@type":"PropertyValueSpecification","valueRequired":true,"valueName":"search_term_string"}}],"inLanguage":"fr-FR"},{"@type":"Organization","@id":"https:\/\/lusogolfe.com\/fr\/#organization","name":"Lusogolfe","url":"https:\/\/lusogolfe.com\/fr\/","logo":{"@type":"ImageObject","inLanguage":"fr-FR","@id":"https:\/\/lusogolfe.com\/fr\/#\/schema\/logo\/image\/","url":"http:\/\/lusogolfe.com\/wp-content\/uploads\/2023\/05\/Lusogolfe-55years.png","contentUrl":"http:\/\/lusogolfe.com\/wp-content\/uploads\/2023\/05\/Lusogolfe-55years.png","width":1128,"height":768,"caption":"Lusogolfe"},"image":{"@id":"https:\/\/lusogolfe.com\/fr\/#\/schema\/logo\/image\/"},"sameAs":["https:\/\/www.facebook.com\/lusogolfe\/","https:\/\/www.linkedin.com\/company\/lusogolfe","https:\/\/www.youtube.com\/lusogolfe","https:\/\/www.instagram.com\/lusogolfe"]}]}},"_links":{"self":[{"href":"https:\/\/lusogolfe.com\/fr\/wp-json\/wp\/v2\/pages\/1867","targetHints":{"allow":["GET"]}}],"collection":[{"href":"https:\/\/lusogolfe.com\/fr\/wp-json\/wp\/v2\/pages"}],"about":[{"href":"https:\/\/lusogolfe.com\/fr\/wp-json\/wp\/v2\/types\/page"}],"author":[{"embeddable":true,"href":"https:\/\/lusogolfe.com\/fr\/wp-json\/wp\/v2\/users\/2"}],"replies":[{"embeddable":true,"href":"https:\/\/lusogolfe.com\/fr\/wp-json\/wp\/v2\/comments?post=1867"}],"version-history":[{"count":5,"href":"https:\/\/lusogolfe.com\/fr\/wp-json\/wp\/v2\/pages\/1867\/revisions"}],"predecessor-version":[{"id":15651,"href":"https:\/\/lusogolfe.com\/fr\/wp-json\/wp\/v2\/pages\/1867\/revisions\/15651"}],"up":[{"embeddable":true,"href":"https:\/\/lusogolfe.com\/fr\/wp-json\/wp\/v2\/pages\/1715"}],"wp:attachment":[{"href":"https:\/\/lusogolfe.com\/fr\/wp-json\/wp\/v2\/media?parent=1867"}],"curies":[{"name":"wp","href":"https:\/\/api.w.org\/{rel}","templated":true}]}}