{"id":1816,"date":"2016-10-25T09:04:37","date_gmt":"2016-10-25T09:04:37","guid":{"rendered":"http:\/\/lusogolfe.com\/novo\/fr\/politica-de-privacidade\/"},"modified":"2019-07-05T14:29:41","modified_gmt":"2019-07-05T14:29:41","slug":"politique-de-confidentialite","status":"publish","type":"page","link":"https:\/\/lusogolfe.com\/fr\/politique-de-confidentialite\/","title":{"rendered":"Politique de confidentialit\u00e9"},"content":{"rendered":"<div class=\"wpb-content-wrapper\"><p>[vc_row][vc_column][block_title style=&#8221;column_title&#8221; inner_style=&#8221;inline_border&#8221; title=&#8221;Politique de confidentialit\u00e9&#8221;][\/block_title][vc_column_text]Notre engagement est de prot\u00e9ger la vie priv\u00e9e des clients. Par cons\u00e9quent, les informations que vous nous confiez est utilis\u00e9 exclusivement pour faciliter la fourniture de services et de personnaliser votre service \u00e0 la client\u00e8le. Nous ne vendons pas, louer ou partager vos donn\u00e9es avec des tiers.<\/p>\n<p>Lire ci-dessous notre politique de confidentialit\u00e9 et de comprendre comment nous recueillons vos donn\u00e9es, comment il est utilis\u00e9 cette information et comment vous pouvez autoriser ou ne pas recevoir du mat\u00e9riel promotionnel.<br \/>\nLa collecte d\u2019informations<\/p>\n<p>Les donn\u00e9es personnelles fournies par vous est important pour nous de mieux vous conna\u00eetre et vous offrons des services, des produits et des informations cibl\u00e9es. Cette information est stock\u00e9e dans notre base de donn\u00e9es permettant une meilleure relation avec nos clients. L\u2019information est utilis\u00e9e seulement par nous et est but est de faciliter vos futurs achats et de votre navigation sur le site.<\/p>\n<p>Au cours de votre navigation sur le site, nous recueillons des informations relatives \u00e0 la navigation de nos visiteurs, comme la date de la visite, l\u2019adresse IP et le type de navigateur.<br \/>\nCes donn\u00e9es sont importantes pour am\u00e9liorer la fonctionnalit\u00e9 du site et l\u2019analyse statistique et permettent une navigation plus s\u00fbre.<\/p>\n<p>Dans le processus d\u2019achat de tout produit, nous allons demander certaines donn\u00e9es personnelles (nom, adresse, ville, etc.) qui sont n\u00e9cessaires pour identifier qui vous \u00eates et nous pouvons finaliser votre commande.[\/vc_column_text][block_title style=&#8221;column_title&#8221; inner_style=&#8221;inline_border&#8221; title=&#8221;Utilisation de l\u2019information&#8221;][\/block_title][vc_column_text]Nous ne divulguons pas ou ne vendons pas vos donn\u00e9es personnelles. Nous comprenons que cette information a \u00e9t\u00e9 fournie par la confiance dans notre soci\u00e9t\u00e9 et que nous devons revenir \u00e0 vous le m\u00eame respect.<\/p>\n<p>Votre information est utilis\u00e9e seulement pour nous, \u00e0 ces fins que la v\u00e9rification de la demande, faciliter l\u2019ex\u00e9cution des commandes, faire l\u2019analyse des profils et statistiques, l\u2019am\u00e9lioration de l\u2019exploitation du site et l\u2019envoi de contenu, annonces, documents promotionnels et des informations que vous pouvez annuler \u00e0 tout moment.<br \/>\nEnregistrement et r\u00e9ception de mat\u00e9riel promotionnel<\/p>\n<p>L\u2019enregistrement \u00e9lectronique sera utilis\u00e9 pour la diffusion de l\u2019information, des promotions et des lancements, tant autoris\u00e9 par vous. A tout moment, vous pouvez choisir de cesser de recevoir ces informations. Pour ce faire, s\u2019il vous pla\u00eet envoyez un mail avec le mot RETIRER dans le \u00absujet\u00bb.<\/p>\n<p>L\u2019inscription ne cr\u00e9e aucune relation contractuelle avec la soci\u00e9t\u00e9. Il sert de sorte que vous pouvez acc\u00e9der \u00e0 nos services sp\u00e9ciaux et d\u2019obtenir un traitement in\u00e9gal.<br \/>\nQue sont les cookies et quels sont-ils utilis\u00e9s pour?<\/p>\n<p>Les cookies sont des petits fichiers de donn\u00e9es transf\u00e9r\u00e9s \u00e0 partir d\u2019un site Web pour le disque de votre ordinateur. Nous pouvons utiliser des cookies pour vous identifier si vous re-naviguer sur notre site. Par exemple: en visitant notre site, vous avez choisi un produit et le mettre dans le panier. La connexion a \u00e9t\u00e9 coup\u00e9e et que vous souhaitez faire l\u2019achat qui avait commenc\u00e9. Si nous ne gardions vos cookies, vous auriez \u00e0 r\u00e9-entrer sur le site et commencer \u00e0 l\u2019ensemble du processus. Dans ce cas, conservez votre panier pour une p\u00e9riode de 24 heures. Nos cookies ne contiennent pas d\u2019informations personnelles telles que nom, adresse, num\u00e9ro de carte de cr\u00e9dit et d\u2019autres informations jug\u00e9es confidentielles.<br \/>\nJe ne peux pas utiliser des cookies?<\/p>\n<p>Les navigateurs Web vous permettent de supprimer les cookies existants sur votre ordinateur, bloquer leur utilisation ou ils peuvent vous dire si un cookie est stock\u00e9 sur votre disque dur. Ceci est un choix personnel. Si vous choisissez de bloquer les cookies, vous ne pouvez pas vous inscrire sur notre site ou faire des achats, et ne pas compter sur les avantages que ces petits fichiers que vous pouvez offrir.[\/vc_column_text][block_title style=&#8221;column_title&#8221; inner_style=&#8221;inline_border&#8221; title=&#8221;S\u00e9curit\u00e9&#8221;][\/block_title][vc_column_text]Vos informations sont stock\u00e9es sur des ordinateurs s\u00e9curis\u00e9s, de sorte qu\u2019ils sont maintenus inaccessibles par d\u2019autres. Pour assurer votre intimit\u00e9 et s\u00e9curit\u00e9, ne pas divulguer votre mot de passe \u00e0 d\u2019autres. Pour en savoir plus sur la s\u00e9curit\u00e9 lire le texte ci-dessus.[\/vc_column_text][block_title style=&#8221;column_title&#8221; inner_style=&#8221;inline_border&#8221; title=&#8221;Modifications&#8221;][\/block_title][vc_column_text]Nous nous r\u00e9servons le droit de modifier notre politique de confidentialit\u00e9, il devrait y avoir un besoin, mais nous nous engageons \u00e0 divulguer, dans ce m\u00eame espace, toute modification.<br \/>\nDoutes et Suggestions<\/p>\n<p>Si vous avez des doutes ou des suggestions concernant notre politique de confidentialit\u00e9, s\u2019il vous pla\u00eet ne pas h\u00e9siter \u00e0 <a href=\"https:\/\/lusogolfe.com\/fr\/contacts\/\">nous contacter<\/a>.[\/vc_column_text][\/vc_column][\/vc_row]<\/p>\n<\/div>","protected":false},"excerpt":{"rendered":"<p>[vc_row][vc_column][block_title style=&#8221;column_title&#8221; inner_style=&#8221;inline_border&#8221; title=&#8221;Politique de confidentialit\u00e9&#8221;][\/block_title][vc_column_text]Notre engagement est de prot\u00e9ger la vie priv\u00e9e des clients. Par cons\u00e9quent, les informations que vous nous confiez est utilis\u00e9 exclusivement pour faciliter la fourniture de services et de personnaliser votre service \u00e0 la client\u00e8le. Nous ne vendons pas, louer ou partager vos donn\u00e9es avec des tiers. Lire ci-dessous notre [&hellip;]<\/p>\n","protected":false},"author":2,"featured_media":0,"parent":0,"menu_order":0,"comment_status":"closed","ping_status":"closed","template":"","meta":{"content-type":"","footnotes":""},"class_list":["post-1816","page","type-page","status-publish","hentry"],"yoast_head":"<!-- This site is optimized with the Yoast SEO plugin v27.3 - https:\/\/yoast.com\/product\/yoast-seo-wordpress\/ -->\n<title>Politique de confidentialit\u00e9 - Lusogolfe<\/title>\n<meta name=\"robots\" content=\"index, follow, max-snippet:-1, max-image-preview:large, max-video-preview:-1\" \/>\n<link rel=\"canonical\" href=\"http:\/\/lusogolfe.com\/fr\/politique-de-confidentialite\/\" \/>\n<meta property=\"og:locale\" content=\"fr_FR\" \/>\n<meta property=\"og:type\" content=\"article\" \/>\n<meta property=\"og:title\" content=\"Politique de confidentialit\u00e9 - Lusogolfe\" \/>\n<meta property=\"og:description\" content=\"[vc_row][vc_column][block_title style=&#8221;column_title&#8221; inner_style=&#8221;inline_border&#8221; title=&#8221;Politique de confidentialit\u00e9&#8221;][\/block_title][vc_column_text]Notre engagement est de prot\u00e9ger la vie priv\u00e9e des clients. Par cons\u00e9quent, les informations que vous nous confiez est utilis\u00e9 exclusivement pour faciliter la fourniture de services et de personnaliser votre service \u00e0 la client\u00e8le. Nous ne vendons pas, louer ou partager vos donn\u00e9es avec des tiers. Lire ci-dessous notre [&hellip;]\" \/>\n<meta property=\"og:url\" content=\"http:\/\/lusogolfe.com\/fr\/politique-de-confidentialite\/\" \/>\n<meta property=\"og:site_name\" content=\"Lusogolfe\" \/>\n<meta property=\"article:publisher\" content=\"https:\/\/www.facebook.com\/lusogolfe\/\" \/>\n<meta property=\"article:modified_time\" content=\"2019-07-05T14:29:41+00:00\" \/>\n<meta property=\"og:image\" content=\"https:\/\/lusogolfe.com\/wp-content\/uploads\/2016\/10\/49-anos-Lusogolfe.jpg\" \/>\n\t<meta property=\"og:image:width\" content=\"1\" \/>\n\t<meta property=\"og:image:height\" content=\"1\" \/>\n\t<meta property=\"og:image:type\" content=\"image\/jpeg\" \/>\n<meta name=\"twitter:card\" content=\"summary_large_image\" \/>\n<meta name=\"twitter:label1\" content=\"Dur\u00e9e de lecture estim\u00e9e\" \/>\n\t<meta name=\"twitter:data1\" content=\"4 minutes\" \/>\n<script type=\"application\/ld+json\" class=\"yoast-schema-graph\">{\"@context\":\"https:\\\/\\\/schema.org\",\"@graph\":[{\"@type\":\"WebPage\",\"@id\":\"http:\\\/\\\/lusogolfe.com\\\/fr\\\/politique-de-confidentialite\\\/\",\"url\":\"http:\\\/\\\/lusogolfe.com\\\/fr\\\/politique-de-confidentialite\\\/\",\"name\":\"Politique de confidentialit\u00e9 - Lusogolfe\",\"isPartOf\":{\"@id\":\"http:\\\/\\\/lusogolfe.com\\\/#website\"},\"datePublished\":\"2016-10-25T09:04:37+00:00\",\"dateModified\":\"2019-07-05T14:29:41+00:00\",\"breadcrumb\":{\"@id\":\"http:\\\/\\\/lusogolfe.com\\\/fr\\\/politique-de-confidentialite\\\/#breadcrumb\"},\"inLanguage\":\"fr-FR\",\"potentialAction\":[{\"@type\":\"ReadAction\",\"target\":[\"http:\\\/\\\/lusogolfe.com\\\/fr\\\/politique-de-confidentialite\\\/\"]}]},{\"@type\":\"BreadcrumbList\",\"@id\":\"http:\\\/\\\/lusogolfe.com\\\/fr\\\/politique-de-confidentialite\\\/#breadcrumb\",\"itemListElement\":[{\"@type\":\"ListItem\",\"position\":1,\"name\":\"Portada\",\"item\":\"https:\\\/\\\/lusogolfe.com\\\/fr\\\/\"},{\"@type\":\"ListItem\",\"position\":2,\"name\":\"Politique de confidentialit\u00e9\"}]},{\"@type\":\"WebSite\",\"@id\":\"http:\\\/\\\/lusogolfe.com\\\/#website\",\"url\":\"http:\\\/\\\/lusogolfe.com\\\/\",\"name\":\"Lusogolfe\",\"description\":\"Everything for Minigolf\",\"publisher\":{\"@id\":\"http:\\\/\\\/lusogolfe.com\\\/#organization\"},\"potentialAction\":[{\"@type\":\"SearchAction\",\"target\":{\"@type\":\"EntryPoint\",\"urlTemplate\":\"http:\\\/\\\/lusogolfe.com\\\/?s={search_term_string}\"},\"query-input\":{\"@type\":\"PropertyValueSpecification\",\"valueRequired\":true,\"valueName\":\"search_term_string\"}}],\"inLanguage\":\"fr-FR\"},{\"@type\":\"Organization\",\"@id\":\"http:\\\/\\\/lusogolfe.com\\\/#organization\",\"name\":\"Lusogolfe\",\"url\":\"http:\\\/\\\/lusogolfe.com\\\/\",\"logo\":{\"@type\":\"ImageObject\",\"inLanguage\":\"fr-FR\",\"@id\":\"http:\\\/\\\/lusogolfe.com\\\/#\\\/schema\\\/logo\\\/image\\\/\",\"url\":\"http:\\\/\\\/lusogolfe.com\\\/wp-content\\\/uploads\\\/2023\\\/05\\\/Lusogolfe-55years.png\",\"contentUrl\":\"http:\\\/\\\/lusogolfe.com\\\/wp-content\\\/uploads\\\/2023\\\/05\\\/Lusogolfe-55years.png\",\"width\":1128,\"height\":768,\"caption\":\"Lusogolfe\"},\"image\":{\"@id\":\"http:\\\/\\\/lusogolfe.com\\\/#\\\/schema\\\/logo\\\/image\\\/\"},\"sameAs\":[\"https:\\\/\\\/www.facebook.com\\\/lusogolfe\\\/\",\"https:\\\/\\\/www.linkedin.com\\\/company\\\/lusogolfe\",\"https:\\\/\\\/www.youtube.com\\\/lusogolfe\",\"https:\\\/\\\/www.instagram.com\\\/lusogolfe\"]}]}<\/script>\n<!-- \/ Yoast SEO plugin. -->","yoast_head_json":{"title":"Politique de confidentialit\u00e9 - Lusogolfe","robots":{"index":"index","follow":"follow","max-snippet":"max-snippet:-1","max-image-preview":"max-image-preview:large","max-video-preview":"max-video-preview:-1"},"canonical":"http:\/\/lusogolfe.com\/fr\/politique-de-confidentialite\/","og_locale":"fr_FR","og_type":"article","og_title":"Politique de confidentialit\u00e9 - Lusogolfe","og_description":"[vc_row][vc_column][block_title style=&#8221;column_title&#8221; inner_style=&#8221;inline_border&#8221; title=&#8221;Politique de confidentialit\u00e9&#8221;][\/block_title][vc_column_text]Notre engagement est de prot\u00e9ger la vie priv\u00e9e des clients. Par cons\u00e9quent, les informations que vous nous confiez est utilis\u00e9 exclusivement pour faciliter la fourniture de services et de personnaliser votre service \u00e0 la client\u00e8le. Nous ne vendons pas, louer ou partager vos donn\u00e9es avec des tiers. Lire ci-dessous notre [&hellip;]","og_url":"http:\/\/lusogolfe.com\/fr\/politique-de-confidentialite\/","og_site_name":"Lusogolfe","article_publisher":"https:\/\/www.facebook.com\/lusogolfe\/","article_modified_time":"2019-07-05T14:29:41+00:00","og_image":[{"url":"https:\/\/lusogolfe.com\/wp-content\/uploads\/2016\/10\/49-anos-Lusogolfe.jpg","width":1,"height":1,"type":"image\/jpeg"}],"twitter_card":"summary_large_image","twitter_misc":{"Dur\u00e9e de lecture estim\u00e9e":"4 minutes"},"schema":{"@context":"https:\/\/schema.org","@graph":[{"@type":"WebPage","@id":"http:\/\/lusogolfe.com\/fr\/politique-de-confidentialite\/","url":"http:\/\/lusogolfe.com\/fr\/politique-de-confidentialite\/","name":"Politique de confidentialit\u00e9 - Lusogolfe","isPartOf":{"@id":"http:\/\/lusogolfe.com\/#website"},"datePublished":"2016-10-25T09:04:37+00:00","dateModified":"2019-07-05T14:29:41+00:00","breadcrumb":{"@id":"http:\/\/lusogolfe.com\/fr\/politique-de-confidentialite\/#breadcrumb"},"inLanguage":"fr-FR","potentialAction":[{"@type":"ReadAction","target":["http:\/\/lusogolfe.com\/fr\/politique-de-confidentialite\/"]}]},{"@type":"BreadcrumbList","@id":"http:\/\/lusogolfe.com\/fr\/politique-de-confidentialite\/#breadcrumb","itemListElement":[{"@type":"ListItem","position":1,"name":"Portada","item":"https:\/\/lusogolfe.com\/fr\/"},{"@type":"ListItem","position":2,"name":"Politique de confidentialit\u00e9"}]},{"@type":"WebSite","@id":"http:\/\/lusogolfe.com\/#website","url":"http:\/\/lusogolfe.com\/","name":"Lusogolfe","description":"Everything for Minigolf","publisher":{"@id":"http:\/\/lusogolfe.com\/#organization"},"potentialAction":[{"@type":"SearchAction","target":{"@type":"EntryPoint","urlTemplate":"http:\/\/lusogolfe.com\/?s={search_term_string}"},"query-input":{"@type":"PropertyValueSpecification","valueRequired":true,"valueName":"search_term_string"}}],"inLanguage":"fr-FR"},{"@type":"Organization","@id":"http:\/\/lusogolfe.com\/#organization","name":"Lusogolfe","url":"http:\/\/lusogolfe.com\/","logo":{"@type":"ImageObject","inLanguage":"fr-FR","@id":"http:\/\/lusogolfe.com\/#\/schema\/logo\/image\/","url":"http:\/\/lusogolfe.com\/wp-content\/uploads\/2023\/05\/Lusogolfe-55years.png","contentUrl":"http:\/\/lusogolfe.com\/wp-content\/uploads\/2023\/05\/Lusogolfe-55years.png","width":1128,"height":768,"caption":"Lusogolfe"},"image":{"@id":"http:\/\/lusogolfe.com\/#\/schema\/logo\/image\/"},"sameAs":["https:\/\/www.facebook.com\/lusogolfe\/","https:\/\/www.linkedin.com\/company\/lusogolfe","https:\/\/www.youtube.com\/lusogolfe","https:\/\/www.instagram.com\/lusogolfe"]}]}},"_links":{"self":[{"href":"https:\/\/lusogolfe.com\/fr\/wp-json\/wp\/v2\/pages\/1816","targetHints":{"allow":["GET"]}}],"collection":[{"href":"https:\/\/lusogolfe.com\/fr\/wp-json\/wp\/v2\/pages"}],"about":[{"href":"https:\/\/lusogolfe.com\/fr\/wp-json\/wp\/v2\/types\/page"}],"author":[{"embeddable":true,"href":"https:\/\/lusogolfe.com\/fr\/wp-json\/wp\/v2\/users\/2"}],"replies":[{"embeddable":true,"href":"https:\/\/lusogolfe.com\/fr\/wp-json\/wp\/v2\/comments?post=1816"}],"version-history":[{"count":2,"href":"https:\/\/lusogolfe.com\/fr\/wp-json\/wp\/v2\/pages\/1816\/revisions"}],"predecessor-version":[{"id":7107,"href":"https:\/\/lusogolfe.com\/fr\/wp-json\/wp\/v2\/pages\/1816\/revisions\/7107"}],"wp:attachment":[{"href":"https:\/\/lusogolfe.com\/fr\/wp-json\/wp\/v2\/media?parent=1816"}],"curies":[{"name":"wp","href":"https:\/\/api.w.org\/{rel}","templated":true}]}}