{"id":1744,"date":"2014-09-12T09:58:03","date_gmt":"2014-09-12T09:58:03","guid":{"rendered":"http:\/\/lusogolfe.com\/novo\/fr\/quem-somos\/"},"modified":"2025-01-06T15:27:22","modified_gmt":"2025-01-06T15:27:22","slug":"qui-sommes-nous","status":"publish","type":"page","link":"https:\/\/lusogolfe.com\/fr\/qui-sommes-nous\/","title":{"rendered":"Qui sommes-nous ? | Conception, Fabrication et Installation de Minigolf"},"content":{"rendered":"<div class=\"wpb-content-wrapper\"><p>[vc_row][vc_column][media image=&#8221;4233&#8243;][\/vc_column][\/vc_row][vc_row][vc_column width=&#8221;1\/2&#8243;][block_title style=&#8221;column_title&#8221; inner_style=&#8221;inline_border&#8221; title=&#8221;Qui sommes-nous ?&#8221;][\/block_title][vc_column_text]Fond\u00e9e en 1967, Lusogolfe d\u00e9di\u00e9e \u00e0 la conception, la fabrication et la maintenance de solutions Minigolf, que ce soit pour les loisirs ou pour la comp\u00e9tition.<\/p>\n<p>Engag\u00e9 \u00e0 trouver la meilleure solution, la soci\u00e9t\u00e9 a le soutien d&#8217;une \u00e9quipe d\u00e9di\u00e9e qui se consacre \u00e0 l&#8217;innovation par la recherche constante de nouvelles techniques et mat\u00e9riaux. Il a \u00e9t\u00e9 pr\u00e9f\u00e9r\u00e9 pour les installations en Espagne, France, Suisse, Allemagne, Italie, Autriche, Danemark, Turquie, Russie, Turkm\u00e9nistan, le Br\u00e9sil, la Chine et le Japon.<\/p>\n<p>Lusogolfe exporte actuellement environ 80 % de sa production, avec des <strong>clients dans 29 pays<\/strong>. Sur le march\u00e9 int\u00e9rieur, en plus de plusieurs circuit miniature fonctionne avec d&#8217;autres clients, tels que des h\u00f4tels ou des municipalit\u00e9s, qui cherchent \u00e9galement des \u00e9quipements pour l&#8217;organisation de comp\u00e9titions, et les rendre accessibles au public.<\/p>\n<p>En plus de la conception, la fabrication, la vente et l&#8217;installation d&#8217;\u00e9quipement de Minigolf, Lusogolfe d\u00e9di\u00e9 \u00e9galement aux services de maintenance, location, conseil et formation. vend aussi toutes sortes d&#8217;accessoires pour la pratique du golf, comme les clubs, balles et autres \u00e9quipements de jeu.[\/vc_column_text][block_title style=&#8221;column_title&#8221; inner_style=&#8221;inline_border&#8221; title=&#8221;Un coup social!&#8221;][\/block_title][vc_column_text]Contribuer au bien-\u00eatre de la soci\u00e9t\u00e9 par la pratique du Minigolf est notre objet social. Nous fabriquons et installons, mais nous voulons aller plus loin.<\/p>\n<p>Nous avons d\u00e9velopp\u00e9 un projet d\u2019intervention sociale qui facilite la socialisation, de la mobilit\u00e9 et qualit\u00e9 de vie.[\/vc_column_text][\/vc_column][vc_column width=&#8221;1\/2&#8243;][block_title style=&#8221;column_title&#8221; inner_style=&#8221;inline_border&#8221; title=&#8221;Mission&#8221;][\/block_title][vc_column_text]Conception, fabrication, et vente de solutions de Minigolf qui g\u00e9n\u00e8rent de la valeur pour nos clients.[\/vc_column_text][block_title style=&#8221;column_title&#8221; inner_style=&#8221;inline_border&#8221; title=&#8221;Vision&#8221;][\/block_title][vc_column_text]L&#8217;\u00e9tablissement de normes \u00e9lev\u00e9es de qualit\u00e9 et de l&#8217;excellence, Lusogolfe entend s&#8217;\u00e9tablir dans le monde comme une r\u00e9f\u00e9rence \u00e0 la Minigolf.[\/vc_column_text][block_title style=&#8221;column_title&#8221; inner_style=&#8221;inline_border&#8221; title=&#8221;Valeurs&#8221;][\/block_title][vc_column_text]1. La proximit\u00e9 au client 2. Qualit\u00e9 et excellence 3. Ajouter la valeur 4. Innovation 5. Respect 6. Responsabilit\u00e9 7. Durabilit\u00e9[\/vc_column_text][\/vc_column][\/vc_row][vc_row][vc_column][rev_slider_vc alias=&#8221;quemsomos&#8221;][\/vc_column][\/vc_row][vc_row bg_color=&#8221;#ffffff&#8221;][vc_column column_padding=&#8221;2.5%&#8221; css=&#8221;.vc_custom_1476977509470{background-color: #f6f6f6 !important;}&#8221;][textbar title=&#8221;Conna\u00eetre nos mod\u00e8les de mini-golf!&#8221; button_title=&#8221;Voir les produits&#8221; button_link=&#8221;https:\/\/lusogolfe.com\/fr\/pistes-de-mini-golf\/&#8221; icon=&#8221;steadysets-icon-arrow-right&#8221;][\/vc_column][\/vc_row]<\/p>\n<\/div>","protected":false},"excerpt":{"rendered":"<p>[vc_row][vc_column][media image=&#8221;4233&#8243;][\/vc_column][\/vc_row][vc_row][vc_column width=&#8221;1\/2&#8243;][block_title style=&#8221;column_title&#8221; inner_style=&#8221;inline_border&#8221; title=&#8221;Qui sommes-nous ?&#8221;][\/block_title][vc_column_text]Fond\u00e9e en 1967, Lusogolfe d\u00e9di\u00e9e \u00e0 la conception, la fabrication et la maintenance de solutions Minigolf, que ce soit pour les loisirs ou pour la comp\u00e9tition. Engag\u00e9 \u00e0 trouver la meilleure solution, la soci\u00e9t\u00e9 a le soutien d&#8217;une \u00e9quipe d\u00e9di\u00e9e qui se consacre \u00e0 l&#8217;innovation par la recherche [&hellip;]<\/p>\n","protected":false},"author":2,"featured_media":0,"parent":0,"menu_order":0,"comment_status":"closed","ping_status":"closed","template":"","meta":{"content-type":"","footnotes":""},"class_list":["post-1744","page","type-page","status-publish","hentry"],"yoast_head":"<!-- This site is optimized with the Yoast SEO plugin v27.4 - https:\/\/yoast.com\/product\/yoast-seo-wordpress\/ -->\n<title>Qui sommes-nous ? | Conception, Fabrication et Installation de Minigolf<\/title>\n<meta name=\"description\" content=\"Fond\u00e9e en 1967, Lusogolfe d\u00e9di\u00e9e \u00e0 la conception, la fabrication et la maintenance de solutions mini-golf, que ce soit pour les loisirs et comp\u00e9tition.\" \/>\n<meta name=\"robots\" content=\"index, follow, max-snippet:-1, max-image-preview:large, max-video-preview:-1\" \/>\n<link rel=\"canonical\" href=\"https:\/\/lusogolfe.com\/fr\/qui-sommes-nous\/\" \/>\n<meta property=\"og:locale\" content=\"fr_FR\" \/>\n<meta property=\"og:type\" content=\"article\" \/>\n<meta property=\"og:title\" content=\"Qui sommes-nous ? | Conception, Fabrication et Installation de Minigolf\" \/>\n<meta property=\"og:description\" content=\"Fond\u00e9e en 1967, Lusogolfe d\u00e9di\u00e9e \u00e0 la conception, la fabrication et la maintenance de solutions mini-golf, que ce soit pour les loisirs et comp\u00e9tition.\" \/>\n<meta property=\"og:url\" content=\"https:\/\/lusogolfe.com\/fr\/qui-sommes-nous\/\" \/>\n<meta property=\"og:site_name\" content=\"Lusogolfe\" \/>\n<meta property=\"article:publisher\" content=\"https:\/\/www.facebook.com\/lusogolfe\/\" \/>\n<meta property=\"article:modified_time\" content=\"2025-01-06T15:27:22+00:00\" \/>\n<meta property=\"og:image\" content=\"https:\/\/lusogolfe.com\/wp-content\/uploads\/2016\/10\/49-anos-Lusogolfe.jpg\" \/>\n\t<meta property=\"og:image:width\" content=\"1\" \/>\n\t<meta property=\"og:image:height\" content=\"1\" \/>\n\t<meta property=\"og:image:type\" content=\"image\/jpeg\" \/>\n<meta name=\"twitter:card\" content=\"summary_large_image\" \/>\n<meta name=\"twitter:label1\" content=\"Dur\u00e9e de lecture estim\u00e9e\" \/>\n\t<meta name=\"twitter:data1\" content=\"2 minutes\" \/>\n<script type=\"application\/ld+json\" class=\"yoast-schema-graph\">{\"@context\":\"https:\\\/\\\/schema.org\",\"@graph\":[{\"@type\":\"WebPage\",\"@id\":\"https:\\\/\\\/lusogolfe.com\\\/fr\\\/qui-sommes-nous\\\/\",\"url\":\"https:\\\/\\\/lusogolfe.com\\\/fr\\\/qui-sommes-nous\\\/\",\"name\":\"Qui sommes-nous ? | Conception, Fabrication et Installation de Minigolf\",\"isPartOf\":{\"@id\":\"https:\\\/\\\/lusogolfe.com\\\/fr\\\/#website\"},\"datePublished\":\"2014-09-12T09:58:03+00:00\",\"dateModified\":\"2025-01-06T15:27:22+00:00\",\"description\":\"Fond\u00e9e en 1967, Lusogolfe d\u00e9di\u00e9e \u00e0 la conception, la fabrication et la maintenance de solutions mini-golf, que ce soit pour les loisirs et comp\u00e9tition.\",\"breadcrumb\":{\"@id\":\"https:\\\/\\\/lusogolfe.com\\\/fr\\\/qui-sommes-nous\\\/#breadcrumb\"},\"inLanguage\":\"fr-FR\",\"potentialAction\":[{\"@type\":\"ReadAction\",\"target\":[\"https:\\\/\\\/lusogolfe.com\\\/fr\\\/qui-sommes-nous\\\/\"]}]},{\"@type\":\"BreadcrumbList\",\"@id\":\"https:\\\/\\\/lusogolfe.com\\\/fr\\\/qui-sommes-nous\\\/#breadcrumb\",\"itemListElement\":[{\"@type\":\"ListItem\",\"position\":1,\"name\":\"Portada\",\"item\":\"https:\\\/\\\/lusogolfe.com\\\/fr\\\/\"},{\"@type\":\"ListItem\",\"position\":2,\"name\":\"Qui sommes-nous ? | Conception, Fabrication et Installation de Minigolf\"}]},{\"@type\":\"WebSite\",\"@id\":\"https:\\\/\\\/lusogolfe.com\\\/fr\\\/#website\",\"url\":\"https:\\\/\\\/lusogolfe.com\\\/fr\\\/\",\"name\":\"Lusogolfe\",\"description\":\"Everything for Minigolf\",\"publisher\":{\"@id\":\"https:\\\/\\\/lusogolfe.com\\\/fr\\\/#organization\"},\"potentialAction\":[{\"@type\":\"SearchAction\",\"target\":{\"@type\":\"EntryPoint\",\"urlTemplate\":\"https:\\\/\\\/lusogolfe.com\\\/fr\\\/?s={search_term_string}\"},\"query-input\":{\"@type\":\"PropertyValueSpecification\",\"valueRequired\":true,\"valueName\":\"search_term_string\"}}],\"inLanguage\":\"fr-FR\"},{\"@type\":\"Organization\",\"@id\":\"https:\\\/\\\/lusogolfe.com\\\/fr\\\/#organization\",\"name\":\"Lusogolfe\",\"url\":\"https:\\\/\\\/lusogolfe.com\\\/fr\\\/\",\"logo\":{\"@type\":\"ImageObject\",\"inLanguage\":\"fr-FR\",\"@id\":\"https:\\\/\\\/lusogolfe.com\\\/fr\\\/#\\\/schema\\\/logo\\\/image\\\/\",\"url\":\"http:\\\/\\\/lusogolfe.com\\\/wp-content\\\/uploads\\\/2023\\\/05\\\/Lusogolfe-55years.png\",\"contentUrl\":\"http:\\\/\\\/lusogolfe.com\\\/wp-content\\\/uploads\\\/2023\\\/05\\\/Lusogolfe-55years.png\",\"width\":1128,\"height\":768,\"caption\":\"Lusogolfe\"},\"image\":{\"@id\":\"https:\\\/\\\/lusogolfe.com\\\/fr\\\/#\\\/schema\\\/logo\\\/image\\\/\"},\"sameAs\":[\"https:\\\/\\\/www.facebook.com\\\/lusogolfe\\\/\",\"https:\\\/\\\/www.linkedin.com\\\/company\\\/lusogolfe\",\"https:\\\/\\\/www.youtube.com\\\/lusogolfe\",\"https:\\\/\\\/www.instagram.com\\\/lusogolfe\"]}]}<\/script>\n<!-- \/ Yoast SEO plugin. -->","yoast_head_json":{"title":"Qui sommes-nous ? | Conception, Fabrication et Installation de Minigolf","description":"Fond\u00e9e en 1967, Lusogolfe d\u00e9di\u00e9e \u00e0 la conception, la fabrication et la maintenance de solutions mini-golf, que ce soit pour les loisirs et comp\u00e9tition.","robots":{"index":"index","follow":"follow","max-snippet":"max-snippet:-1","max-image-preview":"max-image-preview:large","max-video-preview":"max-video-preview:-1"},"canonical":"https:\/\/lusogolfe.com\/fr\/qui-sommes-nous\/","og_locale":"fr_FR","og_type":"article","og_title":"Qui sommes-nous ? | Conception, Fabrication et Installation de Minigolf","og_description":"Fond\u00e9e en 1967, Lusogolfe d\u00e9di\u00e9e \u00e0 la conception, la fabrication et la maintenance de solutions mini-golf, que ce soit pour les loisirs et comp\u00e9tition.","og_url":"https:\/\/lusogolfe.com\/fr\/qui-sommes-nous\/","og_site_name":"Lusogolfe","article_publisher":"https:\/\/www.facebook.com\/lusogolfe\/","article_modified_time":"2025-01-06T15:27:22+00:00","og_image":[{"url":"https:\/\/lusogolfe.com\/wp-content\/uploads\/2016\/10\/49-anos-Lusogolfe.jpg","width":1,"height":1,"type":"image\/jpeg"}],"twitter_card":"summary_large_image","twitter_misc":{"Dur\u00e9e de lecture estim\u00e9e":"2 minutes"},"schema":{"@context":"https:\/\/schema.org","@graph":[{"@type":"WebPage","@id":"https:\/\/lusogolfe.com\/fr\/qui-sommes-nous\/","url":"https:\/\/lusogolfe.com\/fr\/qui-sommes-nous\/","name":"Qui sommes-nous ? | Conception, Fabrication et Installation de Minigolf","isPartOf":{"@id":"https:\/\/lusogolfe.com\/fr\/#website"},"datePublished":"2014-09-12T09:58:03+00:00","dateModified":"2025-01-06T15:27:22+00:00","description":"Fond\u00e9e en 1967, Lusogolfe d\u00e9di\u00e9e \u00e0 la conception, la fabrication et la maintenance de solutions mini-golf, que ce soit pour les loisirs et comp\u00e9tition.","breadcrumb":{"@id":"https:\/\/lusogolfe.com\/fr\/qui-sommes-nous\/#breadcrumb"},"inLanguage":"fr-FR","potentialAction":[{"@type":"ReadAction","target":["https:\/\/lusogolfe.com\/fr\/qui-sommes-nous\/"]}]},{"@type":"BreadcrumbList","@id":"https:\/\/lusogolfe.com\/fr\/qui-sommes-nous\/#breadcrumb","itemListElement":[{"@type":"ListItem","position":1,"name":"Portada","item":"https:\/\/lusogolfe.com\/fr\/"},{"@type":"ListItem","position":2,"name":"Qui sommes-nous ? | Conception, Fabrication et Installation de Minigolf"}]},{"@type":"WebSite","@id":"https:\/\/lusogolfe.com\/fr\/#website","url":"https:\/\/lusogolfe.com\/fr\/","name":"Lusogolfe","description":"Everything for Minigolf","publisher":{"@id":"https:\/\/lusogolfe.com\/fr\/#organization"},"potentialAction":[{"@type":"SearchAction","target":{"@type":"EntryPoint","urlTemplate":"https:\/\/lusogolfe.com\/fr\/?s={search_term_string}"},"query-input":{"@type":"PropertyValueSpecification","valueRequired":true,"valueName":"search_term_string"}}],"inLanguage":"fr-FR"},{"@type":"Organization","@id":"https:\/\/lusogolfe.com\/fr\/#organization","name":"Lusogolfe","url":"https:\/\/lusogolfe.com\/fr\/","logo":{"@type":"ImageObject","inLanguage":"fr-FR","@id":"https:\/\/lusogolfe.com\/fr\/#\/schema\/logo\/image\/","url":"http:\/\/lusogolfe.com\/wp-content\/uploads\/2023\/05\/Lusogolfe-55years.png","contentUrl":"http:\/\/lusogolfe.com\/wp-content\/uploads\/2023\/05\/Lusogolfe-55years.png","width":1128,"height":768,"caption":"Lusogolfe"},"image":{"@id":"https:\/\/lusogolfe.com\/fr\/#\/schema\/logo\/image\/"},"sameAs":["https:\/\/www.facebook.com\/lusogolfe\/","https:\/\/www.linkedin.com\/company\/lusogolfe","https:\/\/www.youtube.com\/lusogolfe","https:\/\/www.instagram.com\/lusogolfe"]}]}},"_links":{"self":[{"href":"https:\/\/lusogolfe.com\/fr\/wp-json\/wp\/v2\/pages\/1744","targetHints":{"allow":["GET"]}}],"collection":[{"href":"https:\/\/lusogolfe.com\/fr\/wp-json\/wp\/v2\/pages"}],"about":[{"href":"https:\/\/lusogolfe.com\/fr\/wp-json\/wp\/v2\/types\/page"}],"author":[{"embeddable":true,"href":"https:\/\/lusogolfe.com\/fr\/wp-json\/wp\/v2\/users\/2"}],"replies":[{"embeddable":true,"href":"https:\/\/lusogolfe.com\/fr\/wp-json\/wp\/v2\/comments?post=1744"}],"version-history":[{"count":4,"href":"https:\/\/lusogolfe.com\/fr\/wp-json\/wp\/v2\/pages\/1744\/revisions"}],"predecessor-version":[{"id":16508,"href":"https:\/\/lusogolfe.com\/fr\/wp-json\/wp\/v2\/pages\/1744\/revisions\/16508"}],"wp:attachment":[{"href":"https:\/\/lusogolfe.com\/fr\/wp-json\/wp\/v2\/media?parent=1744"}],"curies":[{"name":"wp","href":"https:\/\/api.w.org\/{rel}","templated":true}]}}