{"id":1715,"date":"2014-09-12T10:30:07","date_gmt":"2014-09-12T10:30:07","guid":{"rendered":"http:\/\/lusogolfe.com\/novo\/fr\/servicos\/"},"modified":"2021-10-07T17:06:47","modified_gmt":"2021-10-07T17:06:47","slug":"services","status":"publish","type":"page","link":"https:\/\/lusogolfe.com\/fr\/services\/","title":{"rendered":"Nos services &#8211; Location | Entretien | Entra\u00eenement | Consultant"},"content":{"rendered":"<div class=\"wpb-content-wrapper\"><p>[vc_row][vc_column][media image=&#8221;2985&#8243;][\/vc_column][\/vc_row][vc_row][vc_column width=&#8221;2\/3&#8243;][block_title style=&#8221;column_title&#8221; inner_style=&#8221;inline_border&#8221; title=&#8221;Ce que nous faisons&#8221;][\/block_title][vc_column_text]Lusogolfe est une entreprise leader dans le march\u00e9. Nous concevons et construisons diff\u00e9rents mod\u00e8les de pistes de minigolf qui sont r\u00e9parties au Portugal et dans divers coins du monde. Nos services sont avantageux pour ceux qui souhaitent avoir un espace mon\u00e9tis\u00e9e et dynamique, toujours disponible pour offrir des moments de socialisation, les loisirs et la concurrence.<\/p>\n<p>Nous visons que vous b\u00e9n\u00e9ficiez d\u2019un costume de minigolf \u00e0 vos besoins, quelles que soient les caract\u00e9ristiques de l\u2019espace, \u00e0 l\u2019int\u00e9rieur ou \u00e0 l\u2019ext\u00e9rieur, nous pr\u00e9sentons toujours une solution. Que vous \u00eates \u00e0 la recherche pour les mod\u00e8les de pistes homologu\u00e9s pour la comp\u00e9tition ou pour de bons moments de plaisir, vous appr\u00e9cierez sans aucun doute l\u2019offre de nos services.<\/p>\n<p>Nous esp\u00e9rons que la relation avec nos clients va au-del\u00e0 de l\u2019installation de planification \/ circuit, nous voulons mettre en place un rendez-vous de suivi (maintenance et formation).[\/vc_column_text][\/vc_column][vc_column width=&#8221;1\/3&#8243;][block_title style=&#8221;column_title&#8221; inner_style=&#8221;inline_border&#8221; title=&#8221;Pourquoi choisir Lusogolfe&#8221;][\/block_title][list icon=&#8221;steadysets-icon-checkmark&#8221;][list_item title=&#8221;Une entreprise leader dans le secteur&#8221;][list_item title=&#8221;50 ans d&#8217;exp\u00e9rience&#8221;][list_item title=&#8221;\u00c9quipe sp\u00e9cialis\u00e9e et d\u00e9di\u00e9e&#8221;][list_item title=&#8221; Surveillance \u00e0 tous les stades&#8221;][list_item title=&#8221;De multiples possibilit\u00e9s&#8221;][\/list][\/vc_column][\/vc_row][vc_row][vc_column width=&#8221;1\/4&#8243;][services_small title=&#8221;LOCATION&#8221; icon=&#8221;steadysets-icon-refresh&#8221; dynamic_content_type=&#8221;content&#8221; dynamic_content_link=&#8221;https:\/\/lusogolfe.com\/fr\/services\/location\/&#8221; dynamic_content_content=&#8221;Lorem ipsum dolor sit amet communitas erdum, lacus et vulputate, velit nulla commodo sem.&#8221;]Nous avons circuits de minigolf amovibles \u00e0 louer pour des \u00e9v\u00e9nements \u00e0 court ou \u00e0 long terme.[\/services_small][\/vc_column][vc_column width=&#8221;1\/4&#8243;][services_small title=&#8221;ENTRETIEN&#8221; icon=&#8221;moon-wrench-4&#8243; dynamic_content_type=&#8221;content&#8221; dynamic_content_link=&#8221;https:\/\/lusogolfe.com\/fr\/services\/entretien\/&#8221; dynamic_content_content=&#8221;Lorem ipsum dolor sit amet communitas erdum, lacus et vulputate, velit nulla commodo sem.&#8221;]Un entretien p\u00e9riodique et continu garantit la qualit\u00e9 et le fonctionnement de l&#8217;\u00e9quipement.[\/services_small][\/vc_column][vc_column width=&#8221;1\/4&#8243;][services_small title=&#8221;ENTRA\u00ceNEMENT&#8221; icon=&#8221;steadysets-icon-book2&#8243; dynamic_content_type=&#8221;content&#8221; dynamic_content_link=&#8221;https:\/\/lusogolfe.com\/fr\/services\/entrainement\/&#8221; dynamic_content_content=&#8221;Lorem ipsum dolor sit amet communitas erdum, lacus et vulputate, velit nulla commodo sem.&#8221;]La gestion du circuit favorise une plus grande rentabilit\u00e9, am\u00e9liore la capacit\u00e9 organisationnelle et l&#8217;ex\u00e9cution des t\u00e2ches.[\/services_small][\/vc_column][vc_column width=&#8221;1\/4&#8243;][services_small title=&#8221;CONSULTANT&#8221; icon=&#8221;steadysets-icon-users2&#8243; dynamic_content_type=&#8221;content&#8221; dynamic_content_link=&#8221;https:\/\/lusogolfe.com\/fr\/services\/consultant\/&#8221; dynamic_content_content=&#8221;Lorem ipsum dolor sit amet communitas erdum, lacus et vulputate, velit nulla commodo sem.&#8221;]Notre \u00e9quipe accompagne chaque projet en fonction de ses sp\u00e9cificit\u00e9s et de ses attentes.[\/services_small][\/vc_column][\/vc_row][vc_row][vc_column column_padding=&#8221;2.5%&#8221; background_color=&#8221;#f6f6f6&#8243;][textbar title=&#8221; Vous avez des questions? Contactez-nous!&#8221; button_title=&#8221;Contactez Nous&#8221; button_link=&#8221;https:\/\/lusogolfe.com\/fr\/contacts\/&#8221; icon=&#8221;steadysets-icon-users2&#8243;][\/vc_column][\/vc_row]<\/p>\n<\/div>","protected":false},"excerpt":{"rendered":"<p>[vc_row][vc_column][media image=&#8221;2985&#8243;][\/vc_column][\/vc_row][vc_row][vc_column width=&#8221;2\/3&#8243;][block_title style=&#8221;column_title&#8221; inner_style=&#8221;inline_border&#8221; title=&#8221;Ce que nous faisons&#8221;][\/block_title][vc_column_text]Lusogolfe est une entreprise leader dans le march\u00e9. Nous concevons et construisons diff\u00e9rents mod\u00e8les de pistes de minigolf qui sont r\u00e9parties au Portugal et dans divers coins du monde. Nos services sont avantageux pour ceux qui souhaitent avoir un espace mon\u00e9tis\u00e9e et dynamique, toujours disponible pour offrir [&hellip;]<\/p>\n","protected":false},"author":2,"featured_media":0,"parent":0,"menu_order":0,"comment_status":"closed","ping_status":"closed","template":"","meta":{"content-type":"","footnotes":""},"class_list":["post-1715","page","type-page","status-publish","hentry"],"yoast_head":"<!-- This site is optimized with the Yoast SEO plugin v27.4 - https:\/\/yoast.com\/product\/yoast-seo-wordpress\/ -->\n<title>Nos services - Location | Entretien | Entra\u00eenement | Consultant<\/title>\n<meta name=\"description\" content=\"Des services avantageux pour ceux qui veulent avoir un espace mon\u00e9tis\u00e9 et dynamique, pour offrir des moments de socialisation, de loisirs et de comp\u00e9tition.\" \/>\n<meta name=\"robots\" content=\"index, follow, max-snippet:-1, max-image-preview:large, max-video-preview:-1\" \/>\n<link rel=\"canonical\" href=\"https:\/\/lusogolfe.com\/fr\/services\/\" \/>\n<meta property=\"og:locale\" content=\"fr_FR\" \/>\n<meta property=\"og:type\" content=\"article\" \/>\n<meta property=\"og:title\" content=\"Nos services - Location | Entretien | Entra\u00eenement | Consultant\" \/>\n<meta property=\"og:description\" content=\"Des services avantageux pour ceux qui veulent avoir un espace mon\u00e9tis\u00e9 et dynamique, pour offrir des moments de socialisation, de loisirs et de comp\u00e9tition.\" \/>\n<meta property=\"og:url\" content=\"https:\/\/lusogolfe.com\/fr\/services\/\" \/>\n<meta property=\"og:site_name\" content=\"Lusogolfe\" \/>\n<meta property=\"article:publisher\" content=\"https:\/\/www.facebook.com\/lusogolfe\/\" \/>\n<meta property=\"article:modified_time\" content=\"2021-10-07T17:06:47+00:00\" \/>\n<meta property=\"og:image\" content=\"https:\/\/lusogolfe.com\/wp-content\/uploads\/2016\/10\/49-anos-Lusogolfe.jpg\" \/>\n\t<meta property=\"og:image:width\" content=\"1\" \/>\n\t<meta property=\"og:image:height\" content=\"1\" \/>\n\t<meta property=\"og:image:type\" content=\"image\/jpeg\" \/>\n<meta name=\"twitter:card\" content=\"summary_large_image\" \/>\n<meta name=\"twitter:label1\" content=\"Dur\u00e9e de lecture estim\u00e9e\" \/>\n\t<meta name=\"twitter:data1\" content=\"3 minutes\" \/>\n<script type=\"application\/ld+json\" class=\"yoast-schema-graph\">{\"@context\":\"https:\\\/\\\/schema.org\",\"@graph\":[{\"@type\":\"WebPage\",\"@id\":\"https:\\\/\\\/lusogolfe.com\\\/fr\\\/services\\\/\",\"url\":\"https:\\\/\\\/lusogolfe.com\\\/fr\\\/services\\\/\",\"name\":\"Nos services - Location | Entretien | Entra\u00eenement | Consultant\",\"isPartOf\":{\"@id\":\"https:\\\/\\\/lusogolfe.com\\\/fr\\\/#website\"},\"datePublished\":\"2014-09-12T10:30:07+00:00\",\"dateModified\":\"2021-10-07T17:06:47+00:00\",\"description\":\"Des services avantageux pour ceux qui veulent avoir un espace mon\u00e9tis\u00e9 et dynamique, pour offrir des moments de socialisation, de loisirs et de comp\u00e9tition.\",\"breadcrumb\":{\"@id\":\"https:\\\/\\\/lusogolfe.com\\\/fr\\\/services\\\/#breadcrumb\"},\"inLanguage\":\"fr-FR\",\"potentialAction\":[{\"@type\":\"ReadAction\",\"target\":[\"https:\\\/\\\/lusogolfe.com\\\/fr\\\/services\\\/\"]}]},{\"@type\":\"BreadcrumbList\",\"@id\":\"https:\\\/\\\/lusogolfe.com\\\/fr\\\/services\\\/#breadcrumb\",\"itemListElement\":[{\"@type\":\"ListItem\",\"position\":1,\"name\":\"Portada\",\"item\":\"https:\\\/\\\/lusogolfe.com\\\/fr\\\/\"},{\"@type\":\"ListItem\",\"position\":2,\"name\":\"Nos services &#8211; Location | Entretien | Entra\u00eenement | Consultant\"}]},{\"@type\":\"WebSite\",\"@id\":\"https:\\\/\\\/lusogolfe.com\\\/fr\\\/#website\",\"url\":\"https:\\\/\\\/lusogolfe.com\\\/fr\\\/\",\"name\":\"Lusogolfe\",\"description\":\"Everything for Minigolf\",\"publisher\":{\"@id\":\"https:\\\/\\\/lusogolfe.com\\\/fr\\\/#organization\"},\"potentialAction\":[{\"@type\":\"SearchAction\",\"target\":{\"@type\":\"EntryPoint\",\"urlTemplate\":\"https:\\\/\\\/lusogolfe.com\\\/fr\\\/?s={search_term_string}\"},\"query-input\":{\"@type\":\"PropertyValueSpecification\",\"valueRequired\":true,\"valueName\":\"search_term_string\"}}],\"inLanguage\":\"fr-FR\"},{\"@type\":\"Organization\",\"@id\":\"https:\\\/\\\/lusogolfe.com\\\/fr\\\/#organization\",\"name\":\"Lusogolfe\",\"url\":\"https:\\\/\\\/lusogolfe.com\\\/fr\\\/\",\"logo\":{\"@type\":\"ImageObject\",\"inLanguage\":\"fr-FR\",\"@id\":\"https:\\\/\\\/lusogolfe.com\\\/fr\\\/#\\\/schema\\\/logo\\\/image\\\/\",\"url\":\"http:\\\/\\\/lusogolfe.com\\\/wp-content\\\/uploads\\\/2023\\\/05\\\/Lusogolfe-55years.png\",\"contentUrl\":\"http:\\\/\\\/lusogolfe.com\\\/wp-content\\\/uploads\\\/2023\\\/05\\\/Lusogolfe-55years.png\",\"width\":1128,\"height\":768,\"caption\":\"Lusogolfe\"},\"image\":{\"@id\":\"https:\\\/\\\/lusogolfe.com\\\/fr\\\/#\\\/schema\\\/logo\\\/image\\\/\"},\"sameAs\":[\"https:\\\/\\\/www.facebook.com\\\/lusogolfe\\\/\",\"https:\\\/\\\/www.linkedin.com\\\/company\\\/lusogolfe\",\"https:\\\/\\\/www.youtube.com\\\/lusogolfe\",\"https:\\\/\\\/www.instagram.com\\\/lusogolfe\"]}]}<\/script>\n<!-- \/ Yoast SEO plugin. -->","yoast_head_json":{"title":"Nos services - Location | Entretien | Entra\u00eenement | Consultant","description":"Des services avantageux pour ceux qui veulent avoir un espace mon\u00e9tis\u00e9 et dynamique, pour offrir des moments de socialisation, de loisirs et de comp\u00e9tition.","robots":{"index":"index","follow":"follow","max-snippet":"max-snippet:-1","max-image-preview":"max-image-preview:large","max-video-preview":"max-video-preview:-1"},"canonical":"https:\/\/lusogolfe.com\/fr\/services\/","og_locale":"fr_FR","og_type":"article","og_title":"Nos services - Location | Entretien | Entra\u00eenement | Consultant","og_description":"Des services avantageux pour ceux qui veulent avoir un espace mon\u00e9tis\u00e9 et dynamique, pour offrir des moments de socialisation, de loisirs et de comp\u00e9tition.","og_url":"https:\/\/lusogolfe.com\/fr\/services\/","og_site_name":"Lusogolfe","article_publisher":"https:\/\/www.facebook.com\/lusogolfe\/","article_modified_time":"2021-10-07T17:06:47+00:00","og_image":[{"url":"https:\/\/lusogolfe.com\/wp-content\/uploads\/2016\/10\/49-anos-Lusogolfe.jpg","width":1,"height":1,"type":"image\/jpeg"}],"twitter_card":"summary_large_image","twitter_misc":{"Dur\u00e9e de lecture estim\u00e9e":"3 minutes"},"schema":{"@context":"https:\/\/schema.org","@graph":[{"@type":"WebPage","@id":"https:\/\/lusogolfe.com\/fr\/services\/","url":"https:\/\/lusogolfe.com\/fr\/services\/","name":"Nos services - Location | Entretien | Entra\u00eenement | Consultant","isPartOf":{"@id":"https:\/\/lusogolfe.com\/fr\/#website"},"datePublished":"2014-09-12T10:30:07+00:00","dateModified":"2021-10-07T17:06:47+00:00","description":"Des services avantageux pour ceux qui veulent avoir un espace mon\u00e9tis\u00e9 et dynamique, pour offrir des moments de socialisation, de loisirs et de comp\u00e9tition.","breadcrumb":{"@id":"https:\/\/lusogolfe.com\/fr\/services\/#breadcrumb"},"inLanguage":"fr-FR","potentialAction":[{"@type":"ReadAction","target":["https:\/\/lusogolfe.com\/fr\/services\/"]}]},{"@type":"BreadcrumbList","@id":"https:\/\/lusogolfe.com\/fr\/services\/#breadcrumb","itemListElement":[{"@type":"ListItem","position":1,"name":"Portada","item":"https:\/\/lusogolfe.com\/fr\/"},{"@type":"ListItem","position":2,"name":"Nos services &#8211; Location | Entretien | Entra\u00eenement | Consultant"}]},{"@type":"WebSite","@id":"https:\/\/lusogolfe.com\/fr\/#website","url":"https:\/\/lusogolfe.com\/fr\/","name":"Lusogolfe","description":"Everything for Minigolf","publisher":{"@id":"https:\/\/lusogolfe.com\/fr\/#organization"},"potentialAction":[{"@type":"SearchAction","target":{"@type":"EntryPoint","urlTemplate":"https:\/\/lusogolfe.com\/fr\/?s={search_term_string}"},"query-input":{"@type":"PropertyValueSpecification","valueRequired":true,"valueName":"search_term_string"}}],"inLanguage":"fr-FR"},{"@type":"Organization","@id":"https:\/\/lusogolfe.com\/fr\/#organization","name":"Lusogolfe","url":"https:\/\/lusogolfe.com\/fr\/","logo":{"@type":"ImageObject","inLanguage":"fr-FR","@id":"https:\/\/lusogolfe.com\/fr\/#\/schema\/logo\/image\/","url":"http:\/\/lusogolfe.com\/wp-content\/uploads\/2023\/05\/Lusogolfe-55years.png","contentUrl":"http:\/\/lusogolfe.com\/wp-content\/uploads\/2023\/05\/Lusogolfe-55years.png","width":1128,"height":768,"caption":"Lusogolfe"},"image":{"@id":"https:\/\/lusogolfe.com\/fr\/#\/schema\/logo\/image\/"},"sameAs":["https:\/\/www.facebook.com\/lusogolfe\/","https:\/\/www.linkedin.com\/company\/lusogolfe","https:\/\/www.youtube.com\/lusogolfe","https:\/\/www.instagram.com\/lusogolfe"]}]}},"_links":{"self":[{"href":"https:\/\/lusogolfe.com\/fr\/wp-json\/wp\/v2\/pages\/1715","targetHints":{"allow":["GET"]}}],"collection":[{"href":"https:\/\/lusogolfe.com\/fr\/wp-json\/wp\/v2\/pages"}],"about":[{"href":"https:\/\/lusogolfe.com\/fr\/wp-json\/wp\/v2\/types\/page"}],"author":[{"embeddable":true,"href":"https:\/\/lusogolfe.com\/fr\/wp-json\/wp\/v2\/users\/2"}],"replies":[{"embeddable":true,"href":"https:\/\/lusogolfe.com\/fr\/wp-json\/wp\/v2\/comments?post=1715"}],"version-history":[{"count":1,"href":"https:\/\/lusogolfe.com\/fr\/wp-json\/wp\/v2\/pages\/1715\/revisions"}],"predecessor-version":[{"id":11730,"href":"https:\/\/lusogolfe.com\/fr\/wp-json\/wp\/v2\/pages\/1715\/revisions\/11730"}],"wp:attachment":[{"href":"https:\/\/lusogolfe.com\/fr\/wp-json\/wp\/v2\/media?parent=1715"}],"curies":[{"name":"wp","href":"https:\/\/api.w.org\/{rel}","templated":true}]}}