{"id":15799,"date":"2024-01-05T11:14:18","date_gmt":"2024-01-05T11:14:18","guid":{"rendered":"https:\/\/lusogolfe.com\/?page_id=15799"},"modified":"2026-02-13T09:45:08","modified_gmt":"2026-02-13T09:45:08","slug":"offres-minigolf","status":"publish","type":"page","link":"https:\/\/lusogolfe.com\/fr\/offres-minigolf\/","title":{"rendered":"Offres de Minigolf | Remise Jusqu\u2019\u00e0 50%"},"content":{"rendered":"<div class=\"wpb-content-wrapper\"><p>[vc_row type=&#8221;full_width_background&#8221; top_padding=&#8221;-40&#8243; bottom_padding=&#8221;0&#8243; el_id=&#8221;offres&#8221;][vc_column][vc_column_text]<\/p>\n<p style=\"text-align: center;\"><span style=\"font-size: 25px; color: #000; font-weight: normal; line-height: 23px;\">Remises allant jusqu&#8217;\u00e0 50%<\/span><\/p>\n<p style=\"text-align: center;\"><span style=\"font-size: 50px; color: #000; font-weight: bold; line-height: 48px;\">Offres de Minigolf<\/span><\/p>\n<p>[\/vc_column_text][vc_row_inner][vc_column_inner width=&#8221;1\/3&#8243;][vc_column_text css=&#8221;.vc_custom_1770887079929{margin-bottom: 15px !important;}&#8221;]<a href=\"https:\/\/lusogolfe.com\/fr\/offres-minigolf\/#form\"><img loading=\"lazy\" decoding=\"async\" class=\"alignnone wp-image-18112 size-full\" src=\"http:\/\/lusogolfe.com\/wp-content\/uploads\/2026\/02\/FRA-1.jpg\" alt=\"\" width=\"450\" height=\"277\" srcset=\"https:\/\/lusogolfe.com\/wp-content\/uploads\/2026\/02\/FRA-1.jpg 450w, https:\/\/lusogolfe.com\/wp-content\/uploads\/2026\/02\/FRA-1-300x185.jpg 300w\" sizes=\"auto, (max-width: 450px) 100vw, 450px\" \/><\/a><\/p>\n<p><strong>Offre 1 | Easy Golf Basic<br \/>\n<\/strong>20% de r\u00e9duction sur un piste Easy Golf et un ensemble d&#8217;obstacles \u00ab MonMinigolf Pro \u00bb.[\/vc_column_text][\/vc_column_inner][vc_column_inner width=&#8221;1\/3&#8243;][vc_column_text css=&#8221;.vc_custom_1770887101203{margin-bottom: 15px !important;}&#8221;]<a href=\"https:\/\/lusogolfe.com\/fr\/offres-minigolf\/#form\"><img loading=\"lazy\" decoding=\"async\" class=\"alignnone wp-image-18117 size-full\" src=\"http:\/\/lusogolfe.com\/wp-content\/uploads\/2026\/02\/FRA-2.jpg\" alt=\"\" width=\"450\" height=\"277\" srcset=\"https:\/\/lusogolfe.com\/wp-content\/uploads\/2026\/02\/FRA-2.jpg 450w, https:\/\/lusogolfe.com\/wp-content\/uploads\/2026\/02\/FRA-2-300x185.jpg 300w\" sizes=\"auto, (max-width: 450px) 100vw, 450px\" \/><\/a><\/p>\n<p><strong>Offre 2 | Easy Golf Pro<br \/>\n<\/strong>25 % de r\u00e9duction sur 3 pistes Easy Golf et un ensemble d&#8217;obstacles \u00ab MonMinigolf Pro \u00bb.[\/vc_column_text][\/vc_column_inner][vc_column_inner width=&#8221;1\/3&#8243;][vc_column_text css=&#8221;.vc_custom_1770887134578{margin-bottom: 15px !important;}&#8221;]<a href=\"https:\/\/lusogolfe.com\/fr\/offres-minigolf\/#form\"><img loading=\"lazy\" decoding=\"async\" class=\"alignnone wp-image-18122 size-full\" src=\"http:\/\/lusogolfe.com\/wp-content\/uploads\/2026\/02\/FRA-3.jpg\" alt=\"\" width=\"450\" height=\"277\" srcset=\"https:\/\/lusogolfe.com\/wp-content\/uploads\/2026\/02\/FRA-3.jpg 450w, https:\/\/lusogolfe.com\/wp-content\/uploads\/2026\/02\/FRA-3-300x185.jpg 300w\" sizes=\"auto, (max-width: 450px) 100vw, 450px\" \/><\/a><\/p>\n<p><strong>Offre 3 | 5 Easy + 1 Smart<\/strong><br \/>\n30% de r\u00e9duction sur une s\u00e9lection de 6 pistes de Minigolf des mod\u00e8les Easy Golf et Smart Golf.[\/vc_column_text][\/vc_column_inner][\/vc_row_inner][vc_row_inner][vc_column_inner width=&#8221;1\/3&#8243;][vc_column_text css=&#8221;.vc_custom_1770887156800{margin-bottom: 15px !important;}&#8221;]<a href=\"https:\/\/lusogolfe.com\/fr\/offres-minigolf\/#form\"><img loading=\"lazy\" decoding=\"async\" class=\"alignnone wp-image-18127 size-full\" src=\"http:\/\/lusogolfe.com\/wp-content\/uploads\/2026\/02\/FRA-4.jpg\" alt=\"\" width=\"450\" height=\"277\" srcset=\"https:\/\/lusogolfe.com\/wp-content\/uploads\/2026\/02\/FRA-4.jpg 450w, https:\/\/lusogolfe.com\/wp-content\/uploads\/2026\/02\/FRA-4-300x185.jpg 300w\" sizes=\"auto, (max-width: 450px) 100vw, 450px\" \/><\/a><\/p>\n<p><strong>Offre 4 | 6 Easy + 3 Smart<\/strong><br \/>\n35% de r\u00e9duction sur une s\u00e9lection de 9 pistes de Minigolf des mod\u00e8les Easy Golf et Smart Golf.[\/vc_column_text][\/vc_column_inner][vc_column_inner width=&#8221;1\/3&#8243;][vc_column_text css=&#8221;.vc_custom_1770887341643{margin-bottom: 15px !important;}&#8221;]<a href=\"https:\/\/lusogolfe.com\/fr\/offres-minigolf\/#form\"><img loading=\"lazy\" decoding=\"async\" class=\"alignnone wp-image-18132 size-full\" src=\"http:\/\/lusogolfe.com\/wp-content\/uploads\/2026\/02\/FRA-5.jpg\" alt=\"\" width=\"450\" height=\"277\" srcset=\"https:\/\/lusogolfe.com\/wp-content\/uploads\/2026\/02\/FRA-5.jpg 450w, https:\/\/lusogolfe.com\/wp-content\/uploads\/2026\/02\/FRA-5-300x185.jpg 300w\" sizes=\"auto, (max-width: 450px) 100vw, 450px\" \/><\/a><\/p>\n<p><strong>Offre 5 | 9 Easy + 3 Smart<\/strong><br \/>\n40% de r\u00e9duction sur une s\u00e9lection de 12 pistes de minigolf des mod\u00e8les Easy Golf et Smart Golf.[\/vc_column_text][\/vc_column_inner][vc_column_inner width=&#8221;1\/3&#8243;][vc_column_text css=&#8221;.vc_custom_1770887356302{margin-bottom: 15px !important;}&#8221;]<a href=\"https:\/\/lusogolfe.com\/fr\/offres-minigolf\/#form\"><img loading=\"lazy\" decoding=\"async\" class=\"alignnone wp-image-18137 size-full\" src=\"http:\/\/lusogolfe.com\/wp-content\/uploads\/2026\/02\/FRA-6.jpg\" alt=\"\" width=\"450\" height=\"277\" srcset=\"https:\/\/lusogolfe.com\/wp-content\/uploads\/2026\/02\/FRA-6.jpg 450w, https:\/\/lusogolfe.com\/wp-content\/uploads\/2026\/02\/FRA-6-300x185.jpg 300w\" sizes=\"auto, (max-width: 450px) 100vw, 450px\" \/><\/a><\/p>\n<p><strong>Offre 6 | 10 Easy + 8 Smart<\/strong><br \/>\n50% de r\u00e9duction sur une s\u00e9lection de 18 pistes de Minigolf des mod\u00e8les Easy Golf et Smart Golf.[\/vc_column_text][\/vc_column_inner][\/vc_row_inner][vc_btn title=&#8221;Plus d&#8217;information&#8221; shape=&#8221;round&#8221; color=&#8221;warning&#8221; size=&#8221;lg&#8221; align=&#8221;center&#8221; i_align=&#8221;right&#8221; i_icon_fontawesome=&#8221;fas icon-angle-down&#8221; css=&#8221;.vc_custom_1684511027405{margin-top: -20px !important;}&#8221; add_icon=&#8221;true&#8221; link=&#8221;url:%23form&#8221;][vc_column_text css=&#8221;.vc_custom_1684511090429{margin-top: -5px !important;border-top-width: -5px !important;padding-top: -5px !important;}&#8221;]<\/p>\n<p style=\"text-align: center;\"><u>Sans engagement.<\/u><\/p>\n<p>[\/vc_column_text][vc_gallery interval=&#8221;3&#8243; images=&#8221;14630,14896,14610,14901,14605,14906,14600,14585,14575,14565,14615,14560&#8243; img_size=&#8221;full&#8221;][\/vc_column][\/vc_row][vc_row type=&#8221;full_width_background&#8221; bg_color=&#8221;#f4f4f4&#8243; bottom_padding=&#8221;60&#8243;][vc_column][vc_column_text]<\/p>\n<p style=\"text-align: center;\"><span style=\"font-size: 25px; color: #000; font-weight: normal; line-height: 23px;\">De 3 \u00e0 93 tous jouent au Minigolf<\/span><\/p>\n<p style=\"text-align: center;\"><span style=\"font-size: 50px; color: #000; font-weight: bold; line-height: 48px;\">Plus de plaisir pour moins<\/span><\/p>\n<p>[\/vc_column_text][vc_empty_space height=&#8221;30px&#8221;][vc_row_inner][vc_column_inner width=&#8221;1\/2&#8243;][media image=&#8221;13842&#8243;][vc_empty_space height=&#8221;30px&#8221;][\/vc_column_inner][vc_column_inner width=&#8221;1\/4&#8243;][services_medium title=&#8221;Aucune exp\u00e9rience pr\u00e9alable requise, tout le monde peut jouer&#8221; icon=&#8221;steadysets-icon-checkmark&#8221; icon_color=&#8221;#ffffff&#8221; circle_color=&#8221;#f7b806&#8243; border_color=&#8221;#f7b806&#8243; dynamic_content_link=&#8221;&#8221;][\/services_medium][vc_empty_space height=&#8221;40px&#8221;][services_medium title=&#8221;Peut \u00eatre install\u00e9 aussi bien \u00e0 l&#8217;int\u00e9rieur qu&#8217;\u00e0 l&#8217;ext\u00e9rieur&#8221; icon=&#8221;steadysets-icon-home&#8221; icon_color=&#8221;#ffffff&#8221; circle_color=&#8221;#f7b806&#8243; border_color=&#8221;#f7b806&#8243; dynamic_content_link=&#8221;&#8221;][\/services_medium][vc_empty_space height=&#8221;40px&#8221;][\/vc_column_inner][vc_column_inner width=&#8221;1\/4&#8243;][services_medium title=&#8221;Favorise le partage de moments heureux&#8221; icon=&#8221;steadysets-icon-users&#8221; icon_color=&#8221;#ffffff&#8221; circle_color=&#8221;#f7b806&#8243; border_color=&#8221;#f7b806&#8243; dynamic_content_link=&#8221;&#8221;][\/services_medium][vc_empty_space height=&#8221;40px&#8221;][services_medium title=&#8221;Stimule une comp\u00e9tition saine et la concentration&#8221; icon=&#8221;moon-target-2&#8243; icon_color=&#8221;#ffffff&#8221; circle_color=&#8221;#f7b806&#8243; border_color=&#8221;#f7b806&#8243; dynamic_content_link=&#8221;&#8221;][\/services_medium][\/vc_column_inner][\/vc_row_inner][vc_btn title=&#8221;Plus d&#8217;information&#8221; shape=&#8221;round&#8221; color=&#8221;warning&#8221; size=&#8221;lg&#8221; align=&#8221;center&#8221; i_align=&#8221;right&#8221; i_icon_fontawesome=&#8221;fas icon-angle-down&#8221; css=&#8221;.vc_custom_1684511032611{margin-top: -20px !important;}&#8221; add_icon=&#8221;true&#8221; link=&#8221;url:%23form&#8221;][vc_column_text css=&#8221;.vc_custom_1684511085704{margin-top: -5px !important;border-top-width: -5px !important;padding-top: -5px !important;}&#8221;]<\/p>\n<p style=\"text-align: center;\"><u>Sans engagement.<\/u><\/p>\n<p>[\/vc_column_text][\/vc_column][\/vc_row][vc_row top_padding=&#8221;60&#8243;][vc_column][vc_column_text]<\/p>\n<p style=\"text-align: center;\"><span style=\"font-size: 25px; color: #000; font-weight: normal; line-height: 23px;\">Questions courantes<\/span><\/p>\n<p style=\"text-align: center;\"><span style=\"font-size: 50px; color: #000; font-weight: bold; line-height: 48px;\">FAQ&#8217;s<\/span><\/p>\n<p>[\/vc_column_text][vc_row_inner][vc_column_inner width=&#8221;1\/2&#8243;][faq style=&#8221;style_3&#8243; faq_cat=&#8221;0&#8243;][\/vc_column_inner][vc_column_inner width=&#8221;1\/2&#8243;][media link=&#8221;&#8221; image=&#8221;13837&#8243;][\/vc_column_inner][\/vc_row_inner][\/vc_column][\/vc_row][vc_row type=&#8221;full_width_background&#8221; bg_color=&#8221;#f4f4f4&#8243; el_id=&#8221;form&#8221;][vc_column width=&#8221;1\/6&#8243;][\/vc_column][vc_column width=&#8221;2\/3&#8243;][vc_column_text css=&#8221;&#8221;]<\/p>\n<p style=\"text-align: center;\"><span style=\"font-size: 50px; color: #000; font-weight: bold; line-height: 48px;\">Voulez-vous en savoir plus?<\/span><\/p>\n<p>Apr\u00e8s la demande de devis, nous analysons votre projet, d\u00e9veloppons une proposition personnalis\u00e9e, d\u00e9finissons des d\u00e9lais estim\u00e9s et prenons en charge toute la logistique, y compris le transport et l\u2019installation.[\/vc_column_text][vc_raw_js]JTNDc2NyaXB0JTIwY2hhcnNldCUzRCUyMnV0Zi04JTIyJTIwdHlwZSUzRCUyMnRleHQlMkZqYXZhc2NyaXB0JTIyJTIwc3JjJTNEJTIyJTJGJTJGanMuaHNmb3Jtcy5uZXQlMkZmb3JtcyUyRmVtYmVkJTJGdjIuanMlMjIlM0UlM0MlMkZzY3JpcHQlM0UlMEElM0NzY3JpcHQlM0UlMEElMjAlMjBoYnNwdC5mb3Jtcy5jcmVhdGUlMjglN0IlMEElMjAlMjAlMjAlMjBwb3J0YWxJZCUzQSUyMCUyMjE5OTM5Njc2JTIyJTJDJTBBJTIwJTIwJTIwJTIwZm9ybUlkJTNBJTIwJTIyZDhjNjQ0NmYtZmRhNy00MmRhLWE4YWEtODcyZTkzODNkNWMzJTIyJTJDJTBBJTIwJTIwJTIwJTIwcmVnaW9uJTNBJTIwJTIybmExJTIyJTBBJTIwJTIwJTdEJTI5JTNCJTBBJTNDJTJGc2NyaXB0JTNF[\/vc_raw_js][\/vc_column][vc_column width=&#8221;1\/6&#8243;][\/vc_column][\/vc_row]<\/p>\n<\/div>","protected":false},"excerpt":{"rendered":"<p>[vc_row type=&#8221;full_width_background&#8221; top_padding=&#8221;-40&#8243; bottom_padding=&#8221;0&#8243; el_id=&#8221;offres&#8221;][vc_column][vc_column_text] Remises allant jusqu&#8217;\u00e0 50% Offres de Minigolf [\/vc_column_text][vc_row_inner][vc_column_inner width=&#8221;1\/3&#8243;][vc_column_text css=&#8221;.vc_custom_1770887079929{margin-bottom: 15px !important;}&#8221;] Offre 1 | Easy Golf Basic 20% de r\u00e9duction sur un piste Easy Golf et un ensemble d&#8217;obstacles \u00ab MonMinigolf Pro \u00bb.[\/vc_column_text][\/vc_column_inner][vc_column_inner width=&#8221;1\/3&#8243;][vc_column_text css=&#8221;.vc_custom_1770887101203{margin-bottom: 15px !important;}&#8221;] Offre 2 | Easy Golf Pro 25 % de r\u00e9duction sur 3 [&hellip;]<\/p>\n","protected":false},"author":2,"featured_media":18347,"parent":0,"menu_order":0,"comment_status":"closed","ping_status":"closed","template":"","meta":{"content-type":"","footnotes":""},"class_list":["post-15799","page","type-page","status-publish","has-post-thumbnail","hentry"],"yoast_head":"<!-- This site is optimized with the Yoast SEO plugin v27.4 - https:\/\/yoast.com\/product\/yoast-seo-wordpress\/ -->\n<title>Offres de Minigolf | Remise Jusqu\u2019\u00e0 50%<\/title>\n<meta name=\"description\" content=\"\u00c9conomisez sur tout,sauf sur le plaisir! Offres de Minigolf avec des remises allant jusqu&#039;\u00e0 50%.\" \/>\n<meta name=\"robots\" content=\"noindex, nofollow\" \/>\n<meta property=\"og:locale\" content=\"fr_FR\" \/>\n<meta property=\"og:type\" content=\"article\" \/>\n<meta property=\"og:title\" content=\"Ofertas de Ver\u00e3o | At\u00e9 -50% de desconto em Minigolfe\" \/>\n<meta property=\"og:description\" content=\"7 ofertas de Minigolfe com descontos at\u00e9 50%. Vai deixar passar esta oportunidade?\" \/>\n<meta property=\"og:url\" content=\"https:\/\/lusogolfe.com\/fr\/offres-minigolf\/\" \/>\n<meta property=\"og:site_name\" content=\"Lusogolfe\" \/>\n<meta property=\"article:publisher\" content=\"https:\/\/www.facebook.com\/lusogolfe\/\" \/>\n<meta property=\"article:modified_time\" content=\"2026-02-13T09:45:08+00:00\" \/>\n<meta property=\"og:image\" content=\"https:\/\/lusogolfe.com\/wp-content\/uploads\/2016\/10\/49-anos-Lusogolfe.jpg\" \/>\n\t<meta property=\"og:image:width\" content=\"1\" \/>\n\t<meta property=\"og:image:height\" content=\"1\" \/>\n\t<meta property=\"og:image:type\" content=\"image\/jpeg\" \/>\n<meta name=\"twitter:card\" content=\"summary_large_image\" \/>\n<meta name=\"twitter:label1\" content=\"Dur\u00e9e de lecture estim\u00e9e\" \/>\n\t<meta name=\"twitter:data1\" content=\"6 minutes\" \/>\n<script type=\"application\/ld+json\" class=\"yoast-schema-graph\">{\"@context\":\"https:\\\/\\\/schema.org\",\"@graph\":[{\"@type\":\"WebPage\",\"@id\":\"https:\\\/\\\/lusogolfe.com\\\/fr\\\/offres-minigolf\\\/\",\"url\":\"https:\\\/\\\/lusogolfe.com\\\/fr\\\/offres-minigolf\\\/\",\"name\":\"Offres de Minigolf | Remise Jusqu\u2019\u00e0 50%\",\"isPartOf\":{\"@id\":\"http:\\\/\\\/lusogolfe.com\\\/es\\\/#website\"},\"primaryImageOfPage\":{\"@id\":\"https:\\\/\\\/lusogolfe.com\\\/fr\\\/offres-minigolf\\\/#primaryimage\"},\"image\":{\"@id\":\"https:\\\/\\\/lusogolfe.com\\\/fr\\\/offres-minigolf\\\/#primaryimage\"},\"thumbnailUrl\":\"https:\\\/\\\/lusogolfe.com\\\/wp-content\\\/uploads\\\/2026\\\/02\\\/FRA-Cover-FB.png\",\"datePublished\":\"2024-01-05T11:14:18+00:00\",\"dateModified\":\"2026-02-13T09:45:08+00:00\",\"description\":\"\u00c9conomisez sur tout,sauf sur le plaisir! Offres de Minigolf avec des remises allant jusqu'\u00e0 50%.\",\"breadcrumb\":{\"@id\":\"https:\\\/\\\/lusogolfe.com\\\/fr\\\/offres-minigolf\\\/#breadcrumb\"},\"inLanguage\":\"fr-FR\",\"potentialAction\":[{\"@type\":\"ReadAction\",\"target\":[\"https:\\\/\\\/lusogolfe.com\\\/fr\\\/offres-minigolf\\\/\"]}]},{\"@type\":\"ImageObject\",\"inLanguage\":\"fr-FR\",\"@id\":\"https:\\\/\\\/lusogolfe.com\\\/fr\\\/offres-minigolf\\\/#primaryimage\",\"url\":\"https:\\\/\\\/lusogolfe.com\\\/wp-content\\\/uploads\\\/2026\\\/02\\\/FRA-Cover-FB.png\",\"contentUrl\":\"https:\\\/\\\/lusogolfe.com\\\/wp-content\\\/uploads\\\/2026\\\/02\\\/FRA-Cover-FB.png\",\"width\":1200,\"height\":630},{\"@type\":\"BreadcrumbList\",\"@id\":\"https:\\\/\\\/lusogolfe.com\\\/fr\\\/offres-minigolf\\\/#breadcrumb\",\"itemListElement\":[{\"@type\":\"ListItem\",\"position\":1,\"name\":\"Portada\",\"item\":\"https:\\\/\\\/lusogolfe.com\\\/fr\\\/\"},{\"@type\":\"ListItem\",\"position\":2,\"name\":\"Offres de Minigolf | Remise Jusqu\u2019\u00e0 50%\"}]},{\"@type\":\"WebSite\",\"@id\":\"http:\\\/\\\/lusogolfe.com\\\/es\\\/#website\",\"url\":\"http:\\\/\\\/lusogolfe.com\\\/es\\\/\",\"name\":\"Lusogolfe\",\"description\":\"Everything for Minigolf\",\"publisher\":{\"@id\":\"http:\\\/\\\/lusogolfe.com\\\/es\\\/#organization\"},\"potentialAction\":[{\"@type\":\"SearchAction\",\"target\":{\"@type\":\"EntryPoint\",\"urlTemplate\":\"http:\\\/\\\/lusogolfe.com\\\/es\\\/?s={search_term_string}\"},\"query-input\":{\"@type\":\"PropertyValueSpecification\",\"valueRequired\":true,\"valueName\":\"search_term_string\"}}],\"inLanguage\":\"fr-FR\"},{\"@type\":\"Organization\",\"@id\":\"http:\\\/\\\/lusogolfe.com\\\/es\\\/#organization\",\"name\":\"Lusogolfe\",\"url\":\"http:\\\/\\\/lusogolfe.com\\\/es\\\/\",\"logo\":{\"@type\":\"ImageObject\",\"inLanguage\":\"fr-FR\",\"@id\":\"http:\\\/\\\/lusogolfe.com\\\/es\\\/#\\\/schema\\\/logo\\\/image\\\/\",\"url\":\"http:\\\/\\\/lusogolfe.com\\\/wp-content\\\/uploads\\\/2023\\\/05\\\/Lusogolfe-55years.png\",\"contentUrl\":\"http:\\\/\\\/lusogolfe.com\\\/wp-content\\\/uploads\\\/2023\\\/05\\\/Lusogolfe-55years.png\",\"width\":1128,\"height\":768,\"caption\":\"Lusogolfe\"},\"image\":{\"@id\":\"http:\\\/\\\/lusogolfe.com\\\/es\\\/#\\\/schema\\\/logo\\\/image\\\/\"},\"sameAs\":[\"https:\\\/\\\/www.facebook.com\\\/lusogolfe\\\/\",\"https:\\\/\\\/www.linkedin.com\\\/company\\\/lusogolfe\",\"https:\\\/\\\/www.youtube.com\\\/lusogolfe\",\"https:\\\/\\\/www.instagram.com\\\/lusogolfe\"]}]}<\/script>\n<!-- \/ Yoast SEO plugin. -->","yoast_head_json":{"title":"Offres de Minigolf | Remise Jusqu\u2019\u00e0 50%","description":"\u00c9conomisez sur tout,sauf sur le plaisir! Offres de Minigolf avec des remises allant jusqu'\u00e0 50%.","robots":{"index":"noindex","follow":"nofollow"},"og_locale":"fr_FR","og_type":"article","og_title":"Ofertas de Ver\u00e3o | At\u00e9 -50% de desconto em Minigolfe","og_description":"7 ofertas de Minigolfe com descontos at\u00e9 50%. Vai deixar passar esta oportunidade?","og_url":"https:\/\/lusogolfe.com\/fr\/offres-minigolf\/","og_site_name":"Lusogolfe","article_publisher":"https:\/\/www.facebook.com\/lusogolfe\/","article_modified_time":"2026-02-13T09:45:08+00:00","og_image":[{"url":"https:\/\/lusogolfe.com\/wp-content\/uploads\/2016\/10\/49-anos-Lusogolfe.jpg","width":1,"height":1,"type":"image\/jpeg"}],"twitter_card":"summary_large_image","twitter_misc":{"Dur\u00e9e de lecture estim\u00e9e":"6 minutes"},"schema":{"@context":"https:\/\/schema.org","@graph":[{"@type":"WebPage","@id":"https:\/\/lusogolfe.com\/fr\/offres-minigolf\/","url":"https:\/\/lusogolfe.com\/fr\/offres-minigolf\/","name":"Offres de Minigolf | Remise Jusqu\u2019\u00e0 50%","isPartOf":{"@id":"http:\/\/lusogolfe.com\/es\/#website"},"primaryImageOfPage":{"@id":"https:\/\/lusogolfe.com\/fr\/offres-minigolf\/#primaryimage"},"image":{"@id":"https:\/\/lusogolfe.com\/fr\/offres-minigolf\/#primaryimage"},"thumbnailUrl":"https:\/\/lusogolfe.com\/wp-content\/uploads\/2026\/02\/FRA-Cover-FB.png","datePublished":"2024-01-05T11:14:18+00:00","dateModified":"2026-02-13T09:45:08+00:00","description":"\u00c9conomisez sur tout,sauf sur le plaisir! Offres de Minigolf avec des remises allant jusqu'\u00e0 50%.","breadcrumb":{"@id":"https:\/\/lusogolfe.com\/fr\/offres-minigolf\/#breadcrumb"},"inLanguage":"fr-FR","potentialAction":[{"@type":"ReadAction","target":["https:\/\/lusogolfe.com\/fr\/offres-minigolf\/"]}]},{"@type":"ImageObject","inLanguage":"fr-FR","@id":"https:\/\/lusogolfe.com\/fr\/offres-minigolf\/#primaryimage","url":"https:\/\/lusogolfe.com\/wp-content\/uploads\/2026\/02\/FRA-Cover-FB.png","contentUrl":"https:\/\/lusogolfe.com\/wp-content\/uploads\/2026\/02\/FRA-Cover-FB.png","width":1200,"height":630},{"@type":"BreadcrumbList","@id":"https:\/\/lusogolfe.com\/fr\/offres-minigolf\/#breadcrumb","itemListElement":[{"@type":"ListItem","position":1,"name":"Portada","item":"https:\/\/lusogolfe.com\/fr\/"},{"@type":"ListItem","position":2,"name":"Offres de Minigolf | Remise Jusqu\u2019\u00e0 50%"}]},{"@type":"WebSite","@id":"http:\/\/lusogolfe.com\/es\/#website","url":"http:\/\/lusogolfe.com\/es\/","name":"Lusogolfe","description":"Everything for Minigolf","publisher":{"@id":"http:\/\/lusogolfe.com\/es\/#organization"},"potentialAction":[{"@type":"SearchAction","target":{"@type":"EntryPoint","urlTemplate":"http:\/\/lusogolfe.com\/es\/?s={search_term_string}"},"query-input":{"@type":"PropertyValueSpecification","valueRequired":true,"valueName":"search_term_string"}}],"inLanguage":"fr-FR"},{"@type":"Organization","@id":"http:\/\/lusogolfe.com\/es\/#organization","name":"Lusogolfe","url":"http:\/\/lusogolfe.com\/es\/","logo":{"@type":"ImageObject","inLanguage":"fr-FR","@id":"http:\/\/lusogolfe.com\/es\/#\/schema\/logo\/image\/","url":"http:\/\/lusogolfe.com\/wp-content\/uploads\/2023\/05\/Lusogolfe-55years.png","contentUrl":"http:\/\/lusogolfe.com\/wp-content\/uploads\/2023\/05\/Lusogolfe-55years.png","width":1128,"height":768,"caption":"Lusogolfe"},"image":{"@id":"http:\/\/lusogolfe.com\/es\/#\/schema\/logo\/image\/"},"sameAs":["https:\/\/www.facebook.com\/lusogolfe\/","https:\/\/www.linkedin.com\/company\/lusogolfe","https:\/\/www.youtube.com\/lusogolfe","https:\/\/www.instagram.com\/lusogolfe"]}]}},"_links":{"self":[{"href":"https:\/\/lusogolfe.com\/fr\/wp-json\/wp\/v2\/pages\/15799","targetHints":{"allow":["GET"]}}],"collection":[{"href":"https:\/\/lusogolfe.com\/fr\/wp-json\/wp\/v2\/pages"}],"about":[{"href":"https:\/\/lusogolfe.com\/fr\/wp-json\/wp\/v2\/types\/page"}],"author":[{"embeddable":true,"href":"https:\/\/lusogolfe.com\/fr\/wp-json\/wp\/v2\/users\/2"}],"replies":[{"embeddable":true,"href":"https:\/\/lusogolfe.com\/fr\/wp-json\/wp\/v2\/comments?post=15799"}],"version-history":[{"count":10,"href":"https:\/\/lusogolfe.com\/fr\/wp-json\/wp\/v2\/pages\/15799\/revisions"}],"predecessor-version":[{"id":18193,"href":"https:\/\/lusogolfe.com\/fr\/wp-json\/wp\/v2\/pages\/15799\/revisions\/18193"}],"wp:featuredmedia":[{"embeddable":true,"href":"https:\/\/lusogolfe.com\/fr\/wp-json\/wp\/v2\/media\/18347"}],"wp:attachment":[{"href":"https:\/\/lusogolfe.com\/fr\/wp-json\/wp\/v2\/media?parent=15799"}],"curies":[{"name":"wp","href":"https:\/\/api.w.org\/{rel}","templated":true}]}}