{"id":14054,"date":"2018-01-17T11:46:49","date_gmt":"2018-01-17T11:46:49","guid":{"rendered":"https:\/\/lusogolfe.com\/cuidado-com-imitacoes\/"},"modified":"2023-01-23T13:58:13","modified_gmt":"2023-01-23T13:58:13","slug":"mefiez-vous-des-imitations-de-minigolf","status":"publish","type":"page","link":"https:\/\/lusogolfe.com\/fr\/mefiez-vous-des-imitations-de-minigolf\/","title":{"rendered":"M\u00e9fiez-vous des imitations de Minigolf"},"content":{"rendered":"<div class=\"wpb-content-wrapper\"><p>[vc_row][vc_column][block_title style=&#8221;column_title&#8221; inner_style=&#8221;inline_border&#8221; title=&#8221;M\u00e9fiez-vous des imitations de Minigolf&#8221;][\/block_title][vc_row_inner][vc_column_inner width=&#8221;2\/3&#8243;][vc_column_text]<iframe loading=\"lazy\" title=\"YouTube video player\" src=\"https:\/\/www.youtube.com\/embed\/1nfs0EmnifA\" width=\"100%\" height=\"475px\" frameborder=\"0\" allowfullscreen=\"allowfullscreen\"><\/iframe>[\/vc_column_text][\/vc_column_inner][vc_column_inner width=&#8221;1\/3&#8243;][vc_column_text]<\/p>\n<h3 style=\"text-align: left;\">Raisons principales<\/h3>\n<ul style=\"text-align: left;\">\n<li style=\"text-align: left;\">Peu de durabilit\u00e9;<\/li>\n<li>Non r\u00e9sistant aux intemp\u00e9ries;<\/li>\n<li>Manque de support technique sp\u00e9cialis\u00e9;<\/li>\n<li>Non homologu\u00e9 pour les comp\u00e9titions.<\/li>\n<\/ul>\n<p>[\/vc_column_text][vc_column_text]<\/p>\n<h3>Pourquoi choisir Lusogolfe<\/h3>\n<ul>\n<li>Design et qualit\u00e9 de r\u00e9f\u00e9rence sur le secteur ;<\/li>\n<li>\u00c9quipement pr\u00e9par\u00e9 pour l&#8217;int\u00e9rieur et l&#8217;ext\u00e9rieur ;<\/li>\n<li>Pr\u00e9sent dans 14 pays ;<\/li>\n<li>Surveillance \u00e0 tous les stades ;<\/li>\n<li>Assistance technique qualifi\u00e9e.<\/li>\n<\/ul>\n<p>[\/vc_column_text][\/vc_column_inner][\/vc_row_inner][\/vc_column][\/vc_row][vc_row][vc_column][block_title style=&#8221;column_title&#8221; inner_style=&#8221;inline_border&#8221; title=&#8221;Nos solutions de Minigolf&#8221;][\/block_title][vc_row_inner][vc_column_inner width=&#8221;1\/3&#8243;][vc_column_text]<\/p>\n<p style=\"text-align: left;\"><a href=\"https:\/\/lusogolfe.com\/fr\/pistes-de-mini-golf\/easy-golf\/\"><img decoding=\"async\" class=\"alignnone wp-image-2312 size-full\" src=\"https:\/\/lusogolfe.com\/wp-content\/uploads\/2016\/10\/Easy-Golf-Lusogolfe.jpg\" alt=\"Easy Golf Lusogolfe\" \/><\/a><br \/>\n<a href=\"https:\/\/lusogolfe.com\/fr\/pistes-de-mini-golf\/easy-golf\/\"><b>Easy Golf<\/b><\/a><\/p>\n<p class=\"p1\" style=\"text-align: left;\">Des pistes avec des lignes simples et des obstacles amusants. Facilement transportable.<\/p>\n<p>[\/vc_column_text][\/vc_column_inner][vc_column_inner width=&#8221;1\/3&#8243;][vc_column_text]<\/p>\n<p style=\"text-align: left;\"><strong><a href=\"https:\/\/lusogolfe.com\/fr\/pistes-de-mini-golf\/smart-golf\/\"><img loading=\"lazy\" decoding=\"async\" class=\"alignnone wp-image-2311 size-full\" src=\"https:\/\/lusogolfe.com\/wp-content\/uploads\/2016\/10\/Smart-Golf.jpg\" alt=\"Smart Golf Lusogolfe\" width=\"319\" height=\"208\" srcset=\"https:\/\/lusogolfe.com\/wp-content\/uploads\/2016\/10\/Smart-Golf.jpg 319w, https:\/\/lusogolfe.com\/wp-content\/uploads\/2016\/10\/Smart-Golf-300x196.jpg 300w, https:\/\/lusogolfe.com\/wp-content\/uploads\/2016\/10\/Smart-Golf-20x13.jpg 20w\" sizes=\"auto, (max-width: 319px) 100vw, 319px\" \/><\/a><br \/>\n<\/strong><a href=\"https:\/\/lusogolfe.com\/fr\/pistes-de-mini-golf\/smart-golf\/\"><b>Smart Golf<\/b><\/a><\/p>\n<p class=\"p1\" style=\"text-align: left;\">Des pistes aux designs plus cr\u00e9atifs, comme le sympathique \u00ab Smile \u00bb ou le passionn\u00e9 \u00ab Love \u00bb.<\/p>\n<p>[\/vc_column_text][\/vc_column_inner][vc_column_inner width=&#8221;1\/3&#8243;][vc_column_text]<\/p>\n<p style=\"text-align: left;\"><strong><a href=\"https:\/\/lusogolfe.com\/fr\/pistes-de-mini-golf\/maxi-golf\/\"><img loading=\"lazy\" decoding=\"async\" class=\"alignnone wp-image-2313 size-full\" src=\"https:\/\/lusogolfe.com\/wp-content\/uploads\/2016\/10\/Maxi-Golf.jpg\" alt=\"Maxi Golf Lusogolfe\" width=\"319\" height=\"208\" srcset=\"https:\/\/lusogolfe.com\/wp-content\/uploads\/2016\/10\/Maxi-Golf.jpg 319w, https:\/\/lusogolfe.com\/wp-content\/uploads\/2016\/10\/Maxi-Golf-300x196.jpg 300w, https:\/\/lusogolfe.com\/wp-content\/uploads\/2016\/10\/Maxi-Golf-20x13.jpg 20w\" sizes=\"auto, (max-width: 319px) 100vw, 319px\" \/><\/a><br \/>\n<a href=\"https:\/\/lusogolfe.com\/fr\/pistes-de-mini-golf\/maxi-golf\/\">Maxi Golf<\/a><\/strong><\/p>\n<p class=\"p1\" style=\"text-align: left;\">C&#8217;est un \u00e9quipement de loisirs stimulant et passionnant avec un design plus attrayant.<\/p>\n<p>[\/vc_column_text][\/vc_column_inner][\/vc_row_inner][vc_row_inner][vc_column_inner width=&#8221;1\/3&#8243;][vc_column_text css=&#8221;.vc_custom_1674469885585{padding-top: -25px !important;}&#8221;]<\/p>\n<p style=\"text-align: left;\"><strong><a href=\"https:\/\/lusogolfe.com\/fr\/pistes-de-mini-golf\/challenge-golf\/\"><img loading=\"lazy\" decoding=\"async\" class=\"alignnone wp-image-2309 size-full\" src=\"https:\/\/lusogolfe.com\/wp-content\/uploads\/2016\/10\/Challenge-Golf.jpg\" alt=\"Challenge Golf Lusogolfe\" width=\"319\" height=\"208\" srcset=\"https:\/\/lusogolfe.com\/wp-content\/uploads\/2016\/10\/Challenge-Golf.jpg 319w, https:\/\/lusogolfe.com\/wp-content\/uploads\/2016\/10\/Challenge-Golf-300x196.jpg 300w, https:\/\/lusogolfe.com\/wp-content\/uploads\/2016\/10\/Challenge-Golf-20x13.jpg 20w\" sizes=\"auto, (max-width: 319px) 100vw, 319px\" \/><\/a><br \/>\n<\/strong><a href=\"https:\/\/lusogolfe.com\/fr\/pistes-de-mini-golf\/challenge-golf\/\"><b>Challenge Golf<\/b><\/a><\/p>\n<p style=\"text-align: left;\">e minigolf le plus populaire. Mod\u00e8le approuv\u00e9 pour les comp\u00e9titions nationales et internationales par\u00a0WMF\u00a0!<\/p>\n<p>[\/vc_column_text][\/vc_column_inner][vc_column_inner width=&#8221;1\/3&#8243;][vc_column_text]<\/p>\n<p style=\"text-align: left;\"><b><a href=\"https:\/\/lusogolfe.com\/pistas-de-minigolfe\/profy-golf\/\"><img loading=\"lazy\" decoding=\"async\" class=\"alignnone wp-image-2314 size-full\" src=\"https:\/\/lusogolfe.com\/wp-content\/uploads\/2016\/10\/Profy-Golf.jpg\" alt=\"Profy Golf Lusogolfe\" width=\"319\" height=\"208\" \/><\/a><br \/>\n<a href=\"https:\/\/lusogolfe.com\/fr\/pistes-de-mini-golf\/profy-golf\/\">Profy Golf<\/a><\/b><\/p>\n<p class=\"p1\" style=\"text-align: left;\">\u00c9quipement haut de gamme et plus grand. Homologu\u00e9 pour les comp\u00e9titions nationales et internationales par WMF !<\/p>\n<p>[\/vc_column_text][\/vc_column_inner][vc_column_inner width=&#8221;1\/3&#8243;][vc_column_text]<\/p>\n<p style=\"text-align: left;\"><b><a href=\"https:\/\/lusogolfe.com\/fr\/mon-minigolf-pro\/\"><img decoding=\"async\" class=\"alignnone wp-image-3894 size-full\" src=\"https:\/\/lusogolfe.com\/wp-content\/uploads\/2018\/01\/Kit-Minigolfe.jpg\" alt=\"\" \/><\/a><br \/>\n<a href=\"https:\/\/lusogolfe.com\/fr\/mon-minigolf-pro\/\">Kit \u2018MonMinigolf Pro\u2019<\/a><br \/>\n<\/b><\/p>\n<p>C\u2019est le premier jeu Minigolf \u00e0 \u00eatre\u00a0transportable et\u00a0adaptable \u00e0 tous\u00a0les espaces.[\/vc_column_text][\/vc_column_inner][\/vc_row_inner][\/vc_column][\/vc_row][vc_row][vc_column column_padding=&#8221;2.5%&#8221; css=&#8221;.vc_custom_1515776965602{background-color: #f6f6f6 !important;}&#8221;][textbar title=&#8221;Vous cherchez une solution adapt\u00e9e \u00e0 votre espace ?&#8221; button_title=&#8221;Nous contacter&#8221; button_link=&#8221;https:\/\/lusogolfe.com\/fr\/pistes-de-mini-golf\/budget\/&#8221; icon=&#8221;steadysets-icon-arrow-right&#8221;][\/vc_column][\/vc_row]<\/p>\n<\/div>","protected":false},"excerpt":{"rendered":"<p>[vc_row][vc_column][block_title style=&#8221;column_title&#8221; inner_style=&#8221;inline_border&#8221; title=&#8221;M\u00e9fiez-vous des imitations de Minigolf&#8221;][\/block_title][vc_row_inner][vc_column_inner width=&#8221;2\/3&#8243;][vc_column_text][\/vc_column_text][\/vc_column_inner][vc_column_inner width=&#8221;1\/3&#8243;][vc_column_text] Raisons principales Peu de durabilit\u00e9; Non r\u00e9sistant aux intemp\u00e9ries; Manque de support technique sp\u00e9cialis\u00e9; Non homologu\u00e9 pour les comp\u00e9titions. [\/vc_column_text][vc_column_text] Pourquoi choisir Lusogolfe Design et qualit\u00e9 de r\u00e9f\u00e9rence sur le secteur ; \u00c9quipement pr\u00e9par\u00e9 pour l&#8217;int\u00e9rieur et l&#8217;ext\u00e9rieur ; Pr\u00e9sent dans 14 pays ; Surveillance [&hellip;]<\/p>\n","protected":false},"author":2,"featured_media":0,"parent":0,"menu_order":0,"comment_status":"closed","ping_status":"closed","template":"","meta":{"content-type":"","footnotes":""},"class_list":["post-14054","page","type-page","status-publish","hentry"],"yoast_head":"<!-- This site is optimized with the Yoast SEO plugin v27.3 - https:\/\/yoast.com\/product\/yoast-seo-wordpress\/ -->\n<title>M\u00e9fiez-vous des imitations de Minigolf - Lusogolfe<\/title>\n<meta name=\"description\" content=\"D\u00e9couvrez nos \u00e9quipements de Minigolf avec un design et une qualit\u00e9 de r\u00e9f\u00e9rence sur le secteur. D\u00e9couvrez pourquoi vous avez choisi Lusogolfe comme partenaire pour les installations de Minigolf.\" \/>\n<meta name=\"robots\" content=\"index, follow, max-snippet:-1, max-image-preview:large, max-video-preview:-1\" \/>\n<link rel=\"canonical\" href=\"https:\/\/lusogolfe.com\/fr\/mefiez-vous-des-imitations-de-minigolf\/\" \/>\n<meta property=\"og:locale\" content=\"fr_FR\" \/>\n<meta property=\"og:type\" content=\"article\" \/>\n<meta property=\"og:title\" content=\"M\u00e9fiez-vous des imitations de Minigolf - Lusogolfe\" \/>\n<meta property=\"og:description\" content=\"D\u00e9couvrez nos \u00e9quipements de Minigolf avec un design et une qualit\u00e9 de r\u00e9f\u00e9rence sur le secteur. D\u00e9couvrez pourquoi vous avez choisi Lusogolfe comme partenaire pour les installations de Minigolf.\" \/>\n<meta property=\"og:url\" content=\"https:\/\/lusogolfe.com\/fr\/mefiez-vous-des-imitations-de-minigolf\/\" \/>\n<meta property=\"og:site_name\" content=\"Lusogolfe\" \/>\n<meta property=\"article:publisher\" content=\"https:\/\/www.facebook.com\/lusogolfe\/\" \/>\n<meta property=\"article:modified_time\" content=\"2023-01-23T13:58:13+00:00\" \/>\n<meta property=\"og:image\" content=\"https:\/\/lusogolfe.com\/wp-content\/uploads\/2016\/10\/Easy-Golf-Lusogolfe.jpg\" \/>\n<meta name=\"twitter:card\" content=\"summary_large_image\" \/>\n<meta name=\"twitter:label1\" content=\"Dur\u00e9e de lecture estim\u00e9e\" \/>\n\t<meta name=\"twitter:data1\" content=\"3 minutes\" \/>\n<script type=\"application\/ld+json\" class=\"yoast-schema-graph\">{\"@context\":\"https:\\\/\\\/schema.org\",\"@graph\":[{\"@type\":\"WebPage\",\"@id\":\"https:\\\/\\\/lusogolfe.com\\\/fr\\\/mefiez-vous-des-imitations-de-minigolf\\\/\",\"url\":\"https:\\\/\\\/lusogolfe.com\\\/fr\\\/mefiez-vous-des-imitations-de-minigolf\\\/\",\"name\":\"M\u00e9fiez-vous des imitations de Minigolf - Lusogolfe\",\"isPartOf\":{\"@id\":\"https:\\\/\\\/lusogolfe.com\\\/fr\\\/#website\"},\"primaryImageOfPage\":{\"@id\":\"https:\\\/\\\/lusogolfe.com\\\/fr\\\/mefiez-vous-des-imitations-de-minigolf\\\/#primaryimage\"},\"image\":{\"@id\":\"https:\\\/\\\/lusogolfe.com\\\/fr\\\/mefiez-vous-des-imitations-de-minigolf\\\/#primaryimage\"},\"thumbnailUrl\":\"https:\\\/\\\/lusogolfe.com\\\/wp-content\\\/uploads\\\/2016\\\/10\\\/Easy-Golf-Lusogolfe.jpg\",\"datePublished\":\"2018-01-17T11:46:49+00:00\",\"dateModified\":\"2023-01-23T13:58:13+00:00\",\"description\":\"D\u00e9couvrez nos \u00e9quipements de Minigolf avec un design et une qualit\u00e9 de r\u00e9f\u00e9rence sur le secteur. D\u00e9couvrez pourquoi vous avez choisi Lusogolfe comme partenaire pour les installations de Minigolf.\",\"breadcrumb\":{\"@id\":\"https:\\\/\\\/lusogolfe.com\\\/fr\\\/mefiez-vous-des-imitations-de-minigolf\\\/#breadcrumb\"},\"inLanguage\":\"fr-FR\",\"potentialAction\":[{\"@type\":\"ReadAction\",\"target\":[\"https:\\\/\\\/lusogolfe.com\\\/fr\\\/mefiez-vous-des-imitations-de-minigolf\\\/\"]}]},{\"@type\":\"ImageObject\",\"inLanguage\":\"fr-FR\",\"@id\":\"https:\\\/\\\/lusogolfe.com\\\/fr\\\/mefiez-vous-des-imitations-de-minigolf\\\/#primaryimage\",\"url\":\"https:\\\/\\\/lusogolfe.com\\\/wp-content\\\/uploads\\\/2016\\\/10\\\/Easy-Golf-Lusogolfe.jpg\",\"contentUrl\":\"https:\\\/\\\/lusogolfe.com\\\/wp-content\\\/uploads\\\/2016\\\/10\\\/Easy-Golf-Lusogolfe.jpg\"},{\"@type\":\"BreadcrumbList\",\"@id\":\"https:\\\/\\\/lusogolfe.com\\\/fr\\\/mefiez-vous-des-imitations-de-minigolf\\\/#breadcrumb\",\"itemListElement\":[{\"@type\":\"ListItem\",\"position\":1,\"name\":\"Portada\",\"item\":\"https:\\\/\\\/lusogolfe.com\\\/fr\\\/\"},{\"@type\":\"ListItem\",\"position\":2,\"name\":\"M\u00e9fiez-vous des imitations de Minigolf\"}]},{\"@type\":\"WebSite\",\"@id\":\"https:\\\/\\\/lusogolfe.com\\\/fr\\\/#website\",\"url\":\"https:\\\/\\\/lusogolfe.com\\\/fr\\\/\",\"name\":\"Lusogolfe\",\"description\":\"Everything for Minigolf\",\"publisher\":{\"@id\":\"https:\\\/\\\/lusogolfe.com\\\/fr\\\/#organization\"},\"potentialAction\":[{\"@type\":\"SearchAction\",\"target\":{\"@type\":\"EntryPoint\",\"urlTemplate\":\"https:\\\/\\\/lusogolfe.com\\\/fr\\\/?s={search_term_string}\"},\"query-input\":{\"@type\":\"PropertyValueSpecification\",\"valueRequired\":true,\"valueName\":\"search_term_string\"}}],\"inLanguage\":\"fr-FR\"},{\"@type\":\"Organization\",\"@id\":\"https:\\\/\\\/lusogolfe.com\\\/fr\\\/#organization\",\"name\":\"Lusogolfe\",\"url\":\"https:\\\/\\\/lusogolfe.com\\\/fr\\\/\",\"logo\":{\"@type\":\"ImageObject\",\"inLanguage\":\"fr-FR\",\"@id\":\"https:\\\/\\\/lusogolfe.com\\\/fr\\\/#\\\/schema\\\/logo\\\/image\\\/\",\"url\":\"http:\\\/\\\/lusogolfe.com\\\/wp-content\\\/uploads\\\/2023\\\/05\\\/Lusogolfe-55years.png\",\"contentUrl\":\"http:\\\/\\\/lusogolfe.com\\\/wp-content\\\/uploads\\\/2023\\\/05\\\/Lusogolfe-55years.png\",\"width\":1128,\"height\":768,\"caption\":\"Lusogolfe\"},\"image\":{\"@id\":\"https:\\\/\\\/lusogolfe.com\\\/fr\\\/#\\\/schema\\\/logo\\\/image\\\/\"},\"sameAs\":[\"https:\\\/\\\/www.facebook.com\\\/lusogolfe\\\/\",\"https:\\\/\\\/www.linkedin.com\\\/company\\\/lusogolfe\",\"https:\\\/\\\/www.youtube.com\\\/lusogolfe\",\"https:\\\/\\\/www.instagram.com\\\/lusogolfe\"]}]}<\/script>\n<!-- \/ Yoast SEO plugin. -->","yoast_head_json":{"title":"M\u00e9fiez-vous des imitations de Minigolf - Lusogolfe","description":"D\u00e9couvrez nos \u00e9quipements de Minigolf avec un design et une qualit\u00e9 de r\u00e9f\u00e9rence sur le secteur. D\u00e9couvrez pourquoi vous avez choisi Lusogolfe comme partenaire pour les installations de Minigolf.","robots":{"index":"index","follow":"follow","max-snippet":"max-snippet:-1","max-image-preview":"max-image-preview:large","max-video-preview":"max-video-preview:-1"},"canonical":"https:\/\/lusogolfe.com\/fr\/mefiez-vous-des-imitations-de-minigolf\/","og_locale":"fr_FR","og_type":"article","og_title":"M\u00e9fiez-vous des imitations de Minigolf - Lusogolfe","og_description":"D\u00e9couvrez nos \u00e9quipements de Minigolf avec un design et une qualit\u00e9 de r\u00e9f\u00e9rence sur le secteur. D\u00e9couvrez pourquoi vous avez choisi Lusogolfe comme partenaire pour les installations de Minigolf.","og_url":"https:\/\/lusogolfe.com\/fr\/mefiez-vous-des-imitations-de-minigolf\/","og_site_name":"Lusogolfe","article_publisher":"https:\/\/www.facebook.com\/lusogolfe\/","article_modified_time":"2023-01-23T13:58:13+00:00","og_image":[{"url":"https:\/\/lusogolfe.com\/wp-content\/uploads\/2016\/10\/Easy-Golf-Lusogolfe.jpg","type":"","width":"","height":""}],"twitter_card":"summary_large_image","twitter_misc":{"Dur\u00e9e de lecture estim\u00e9e":"3 minutes"},"schema":{"@context":"https:\/\/schema.org","@graph":[{"@type":"WebPage","@id":"https:\/\/lusogolfe.com\/fr\/mefiez-vous-des-imitations-de-minigolf\/","url":"https:\/\/lusogolfe.com\/fr\/mefiez-vous-des-imitations-de-minigolf\/","name":"M\u00e9fiez-vous des imitations de Minigolf - Lusogolfe","isPartOf":{"@id":"https:\/\/lusogolfe.com\/fr\/#website"},"primaryImageOfPage":{"@id":"https:\/\/lusogolfe.com\/fr\/mefiez-vous-des-imitations-de-minigolf\/#primaryimage"},"image":{"@id":"https:\/\/lusogolfe.com\/fr\/mefiez-vous-des-imitations-de-minigolf\/#primaryimage"},"thumbnailUrl":"https:\/\/lusogolfe.com\/wp-content\/uploads\/2016\/10\/Easy-Golf-Lusogolfe.jpg","datePublished":"2018-01-17T11:46:49+00:00","dateModified":"2023-01-23T13:58:13+00:00","description":"D\u00e9couvrez nos \u00e9quipements de Minigolf avec un design et une qualit\u00e9 de r\u00e9f\u00e9rence sur le secteur. D\u00e9couvrez pourquoi vous avez choisi Lusogolfe comme partenaire pour les installations de Minigolf.","breadcrumb":{"@id":"https:\/\/lusogolfe.com\/fr\/mefiez-vous-des-imitations-de-minigolf\/#breadcrumb"},"inLanguage":"fr-FR","potentialAction":[{"@type":"ReadAction","target":["https:\/\/lusogolfe.com\/fr\/mefiez-vous-des-imitations-de-minigolf\/"]}]},{"@type":"ImageObject","inLanguage":"fr-FR","@id":"https:\/\/lusogolfe.com\/fr\/mefiez-vous-des-imitations-de-minigolf\/#primaryimage","url":"https:\/\/lusogolfe.com\/wp-content\/uploads\/2016\/10\/Easy-Golf-Lusogolfe.jpg","contentUrl":"https:\/\/lusogolfe.com\/wp-content\/uploads\/2016\/10\/Easy-Golf-Lusogolfe.jpg"},{"@type":"BreadcrumbList","@id":"https:\/\/lusogolfe.com\/fr\/mefiez-vous-des-imitations-de-minigolf\/#breadcrumb","itemListElement":[{"@type":"ListItem","position":1,"name":"Portada","item":"https:\/\/lusogolfe.com\/fr\/"},{"@type":"ListItem","position":2,"name":"M\u00e9fiez-vous des imitations de Minigolf"}]},{"@type":"WebSite","@id":"https:\/\/lusogolfe.com\/fr\/#website","url":"https:\/\/lusogolfe.com\/fr\/","name":"Lusogolfe","description":"Everything for Minigolf","publisher":{"@id":"https:\/\/lusogolfe.com\/fr\/#organization"},"potentialAction":[{"@type":"SearchAction","target":{"@type":"EntryPoint","urlTemplate":"https:\/\/lusogolfe.com\/fr\/?s={search_term_string}"},"query-input":{"@type":"PropertyValueSpecification","valueRequired":true,"valueName":"search_term_string"}}],"inLanguage":"fr-FR"},{"@type":"Organization","@id":"https:\/\/lusogolfe.com\/fr\/#organization","name":"Lusogolfe","url":"https:\/\/lusogolfe.com\/fr\/","logo":{"@type":"ImageObject","inLanguage":"fr-FR","@id":"https:\/\/lusogolfe.com\/fr\/#\/schema\/logo\/image\/","url":"http:\/\/lusogolfe.com\/wp-content\/uploads\/2023\/05\/Lusogolfe-55years.png","contentUrl":"http:\/\/lusogolfe.com\/wp-content\/uploads\/2023\/05\/Lusogolfe-55years.png","width":1128,"height":768,"caption":"Lusogolfe"},"image":{"@id":"https:\/\/lusogolfe.com\/fr\/#\/schema\/logo\/image\/"},"sameAs":["https:\/\/www.facebook.com\/lusogolfe\/","https:\/\/www.linkedin.com\/company\/lusogolfe","https:\/\/www.youtube.com\/lusogolfe","https:\/\/www.instagram.com\/lusogolfe"]}]}},"_links":{"self":[{"href":"https:\/\/lusogolfe.com\/fr\/wp-json\/wp\/v2\/pages\/14054","targetHints":{"allow":["GET"]}}],"collection":[{"href":"https:\/\/lusogolfe.com\/fr\/wp-json\/wp\/v2\/pages"}],"about":[{"href":"https:\/\/lusogolfe.com\/fr\/wp-json\/wp\/v2\/types\/page"}],"author":[{"embeddable":true,"href":"https:\/\/lusogolfe.com\/fr\/wp-json\/wp\/v2\/users\/2"}],"replies":[{"embeddable":true,"href":"https:\/\/lusogolfe.com\/fr\/wp-json\/wp\/v2\/comments?post=14054"}],"version-history":[{"count":3,"href":"https:\/\/lusogolfe.com\/fr\/wp-json\/wp\/v2\/pages\/14054\/revisions"}],"predecessor-version":[{"id":14080,"href":"https:\/\/lusogolfe.com\/fr\/wp-json\/wp\/v2\/pages\/14054\/revisions\/14080"}],"wp:attachment":[{"href":"https:\/\/lusogolfe.com\/fr\/wp-json\/wp\/v2\/media?parent=14054"}],"curies":[{"name":"wp","href":"https:\/\/api.w.org\/{rel}","templated":true}]}}