{"id":13045,"date":"2018-08-13T15:49:38","date_gmt":"2018-08-13T15:49:38","guid":{"rendered":"https:\/\/lusogolfe.com\/easy-golf-basic\/"},"modified":"2024-07-26T09:32:55","modified_gmt":"2024-07-26T09:32:55","slug":"easy-golf-basic","status":"publish","type":"page","link":"https:\/\/lusogolfe.com\/fr\/easy-golf-basic\/","title":{"rendered":"Easy Golf Basic"},"content":{"rendered":"<div class=\"wpb-content-wrapper\"><p>[vc_row][vc_column width=&#8221;2\/3&#8243;][vc_column_text css=&#8221;.vc_custom_1675347257171{margin-bottom: 10px !important;border-bottom-width: 10px !important;padding-bottom: 10px !important;}&#8221;]<\/p>\n<h1><span style=\"color: black; font-size: 24px; font-weight: bold;\">EASY GOLF BASIC<\/span><\/h1>\n<h2><span style=\"color: #f7b90a;\">La combinaison la plus amusante<\/span><\/h2>\n<p>[\/vc_column_text][vc_gallery interval=&#8221;3&#8243; images=&#8221;8722,8726,8730,8734&#8243; img_size=&#8221;full&#8221; css=&#8221;.vc_custom_1587037221941{margin-bottom: 0px !important;}&#8221;][vc_column_text css=&#8221;.vc_custom_1655893438832{margin-top: -55px !important;}&#8221;]Cliquez sur l&#8217;image pour voir plus de photos.[\/vc_column_text][block_title style=&#8221;column_title&#8221; inner_style=&#8221;inline_border&#8221; title=&#8221;Sp\u00e9cifications techniques&#8221;][\/block_title][vc_column_text]<strong>PISTE DE MINIGOLF<\/strong><\/p>\n<p><strong>Mat\u00e9riaux:<\/strong>\u00a0Tube carr\u00e9 et rectangulaire<\/p>\n<p><strong>Surface de jeu:<\/strong> Rev\u00eatu de gazon synth\u00e9tique<\/p>\n<p><strong>Protection et la peinture:<\/strong>\u00a0Traitement par galvanisation en gris sans laquage et le traitement de m\u00e9tallisation avec rev\u00eatement en poudre pour colorer<\/p>\n<p><strong>Obstacles:<\/strong>\u00a0En fibre de verre et d&#8217;acier lamin\u00e9<\/p>\n<p><strong>Mesures:<\/strong>\u00a0Longeur 3.33m | Largeur: 0.59m | Cercle: 0.935m<\/p>\n<p><strong>Accessoires:<\/strong> Clubs et balles non incluses.<\/p>\n<p><strong><br \/>\n&#8216;MONMINIGOLF PRO&#8217;<\/strong><\/p>\n<p><strong>Contient:<\/strong> 13 obstacles + Sac de transport<\/p>\n<p>Lusogolfe souligne:<\/p>\n<ul>\n<li>Portable et adaptable \u00e0 tout niveau comp\u00e9titif<\/li>\n<li>Pour l\u2019ext\u00e9rieur ou l\u2019int\u00e9rieur, et sur diverses surfaces.<\/li>\n<li>Il peut \u00eatre jou\u00e9 par des personnes de tous \u00e2ges.<\/li>\n<li>Il peut \u00eatre pratiqu\u00e9 en groupe ou individuellement, id\u00e9al pour les jours de pluie.<\/li>\n<li>Mat\u00e9riau r\u00e9sistant en ABS.<\/li>\n<\/ul>\n<p>Il convient aux enfants de tous les \u00e2ges en tant qu\u2019activit\u00e9 de plein air ou dans n\u2019importe quel espace int\u00e9rieur. Il est \u00e9galement recommand\u00e9 de l\u2019utiliser pour des activit\u00e9s scolaires et des jeux sociaux seniors, ainsi que des activit\u00e9s corporatives pour se d\u00e9tendre et promouvoir une vie saine et la comp\u00e9tition.[\/vc_column_text][vc_column_text]<iframe loading=\"lazy\" title=\"YouTube video player\" src=\"https:\/\/www.youtube.com\/embed\/MPc0zQ1noXM\" width=\"560\" height=\"315\" frameborder=\"0\" allowfullscreen=\"allowfullscreen\"><\/iframe>[\/vc_column_text][\/vc_column][vc_column width=&#8221;1\/3&#8243;][vc_column_text css=&#8221;.vc_custom_1675347217302{margin-bottom: 10px !important;border-bottom-width: 10px !important;padding-bottom: 10px !important;}&#8221;]<\/p>\n<h2><span style=\"color: black; font-size: 24px; font-weight: bold;\">D\u00c9TAILS<\/span><\/h2>\n<h2><span style=\"color: #f7b90a;\">En savoir plus sur cet ensemble<\/span><\/h2>\n<p>[\/vc_column_text][vc_column_text css=&#8221;.vc_custom_1721986369435{margin-bottom: 10px !important;border-bottom-width: 10px !important;padding-bottom: 10px !important;}&#8221;]<\/p>\n<ul>\n<li style=\"text-align: left;\">Piste de Minigolf + Kit &#8216;MonMinigolf Pro&#8217;<\/li>\n<li style=\"text-align: left;\">Pour l\u2019ext\u00e9rieur ou l\u2019int\u00e9rieur<\/li>\n<li style=\"text-align: left;\">Facilement transportable &#8211; <strong>Divis\u00e9 en deux sections<\/strong><\/li>\n<li style=\"text-align: left;\">Peut \u00eatre jou\u00e9 par des personnes de tous \u00e2ges<\/li>\n<li style=\"text-align: left;\">Peut \u00eatre jou\u00e9 en groupe ou individuellement<\/li>\n<\/ul>\n<p>[\/vc_column_text][vc_empty_space height=&#8221;20px&#8221;][vc_column_text css=&#8221;.vc_custom_1675347193961{margin-bottom: 10px !important;border-bottom-width: 10px !important;padding-bottom: 10px !important;}&#8221;]<\/p>\n<h3><span style=\"color: black; font-size: 24px; font-weight: bold;\">VOULEZ-VOUS EN SAVOIR PLUS?<\/span><\/h3>\n<p><script charset=\"utf-8\" type=\"text\/javascript\" src=\"\/\/js.hsforms.net\/forms\/embed\/v2.js\"><\/script><br \/>\n<script>\n  hbspt.forms.create({\n    region: \"na1\",\n    portalId: \"19939676\",\n    formId: \"02c36c85-916f-47c5-a84c-9be14ea531bf\"\n  });\n<\/script>[\/vc_column_text][vc_gallery type=&#8221;flexslider_slide&#8221; interval=&#8221;3&#8243; images=&#8221;4009,4010,4012,4011&#8243; img_size=&#8221;full&#8221; css=&#8221;.vc_custom_1515669611556{margin-bottom: -40px !important;border-bottom-width: -40px !important;padding-bottom: -40px !important;}&#8221;][\/vc_column][\/vc_row][vc_row][vc_column][separator width=&#8221;100%&#8221; height=&#8221;1px&#8221; color=&#8221;#e1e1e1&#8243;][\/vc_column][\/vc_row][vc_row][vc_column][testimonial_carousel test_cat=&#8221;47&#8243; duration=&#8221;1000&#8243;][\/vc_column][\/vc_row][vc_row][vc_column][block_title style=&#8221;column_title&#8221; inner_style=&#8221;inline_border&#8221; title=&#8221;QUI REGARDE EASY GOLF BASIC AIME AUSSI&#8221;][\/block_title][\/vc_column][\/vc_row][vc_row][vc_column width=&#8221;1\/3&#8243;][vc_column_text]<\/p>\n<h2><a href=\"https:\/\/lusogolfe.com\/fr\/mon-minigolf-pro\/\"><img loading=\"lazy\" decoding=\"async\" class=\"alignnone size-medium wp-image-3992\" src=\"https:\/\/lusogolfe.com\/wp-content\/uploads\/2018\/01\/Novo-Kit-Meu-Minigolfe-Pro-300x167.jpg\" alt=\"Kit-Meu-Minigolfe-Pro\" width=\"300\" height=\"167\" \/><br \/>\n<\/a><a href=\"https:\/\/lusogolfe.com\/fr\/mon-minigolf-pro\/\">Kit &#8216;MonMinigolf Pro&#8217;<\/a><\/h2>\n<p>Ensemble de 13 obstacles avec leur propre sac pour un transport facile.[\/vc_column_text][\/vc_column][vc_column width=&#8221;1\/3&#8243;][vc_column_text]<\/p>\n<h2><a href=\"https:\/\/lusogolfe.com\/fr\/easy-golf-pack-2\/\"><img loading=\"lazy\" decoding=\"async\" class=\"alignnone size-medium wp-image-4033\" src=\"https:\/\/lusogolfe.com\/wp-content\/uploads\/2018\/01\/Eye-300x167.jpg\" alt=\"\" width=\"300\" height=\"167\" \/><br \/>\n<\/a><a href=\"https:\/\/lusogolfe.com\/fr\/easy-golf-pack-2\/\">Easy Golf Pack<\/a><\/h2>\n<p>6 pistes de Minigolf mod\u00e8le Easy Golf.[\/vc_column_text][\/vc_column][vc_column width=&#8221;1\/3&#8243;][\/vc_column][\/vc_row]<\/p>\n<\/div>","protected":false},"excerpt":{"rendered":"<p>[vc_row][vc_column width=&#8221;2\/3&#8243;][vc_column_text css=&#8221;.vc_custom_1675347257171{margin-bottom: 10px !important;border-bottom-width: 10px !important;padding-bottom: 10px !important;}&#8221;] EASY GOLF BASIC La combinaison la plus amusante [\/vc_column_text][vc_gallery interval=&#8221;3&#8243; images=&#8221;8722,8726,8730,8734&#8243; img_size=&#8221;full&#8221; css=&#8221;.vc_custom_1587037221941{margin-bottom: 0px !important;}&#8221;][vc_column_text css=&#8221;.vc_custom_1655893438832{margin-top: -55px !important;}&#8221;]Cliquez sur l&#8217;image pour voir plus de photos.[\/vc_column_text][block_title style=&#8221;column_title&#8221; inner_style=&#8221;inline_border&#8221; title=&#8221;Sp\u00e9cifications techniques&#8221;][\/block_title][vc_column_text]PISTE DE MINIGOLF Mat\u00e9riaux:\u00a0Tube carr\u00e9 et rectangulaire Surface de jeu: Rev\u00eatu de gazon synth\u00e9tique Protection et la peinture:\u00a0Traitement [&hellip;]<\/p>\n","protected":false},"author":2,"featured_media":7760,"parent":0,"menu_order":0,"comment_status":"closed","ping_status":"closed","template":"","meta":{"content-type":"","footnotes":""},"class_list":["post-13045","page","type-page","status-publish","has-post-thumbnail","hentry"],"yoast_head":"<!-- This site is optimized with the Yoast SEO plugin v27.4 - https:\/\/yoast.com\/product\/yoast-seo-wordpress\/ -->\n<title>Easy Golf Basic | Piste de Minigolf + Kit &#039;MonMinigolf Pro&#039;<\/title>\n<meta name=\"description\" content=\"Pour l&#039;int\u00e9rieur et l&#039;ext\u00e9rieur. R\u00e9sistant aux intemp\u00e9ries. Polyvalent &amp; Dynamique. Facilement transportable. Nous exp\u00e9dions dans le monde entier.\" \/>\n<meta name=\"robots\" content=\"index, follow, max-snippet:-1, max-image-preview:large, max-video-preview:-1\" \/>\n<link rel=\"canonical\" href=\"https:\/\/lusogolfe.com\/fr\/easy-golf-basic\/\" \/>\n<meta property=\"og:locale\" content=\"fr_FR\" \/>\n<meta property=\"og:type\" content=\"article\" \/>\n<meta property=\"og:title\" content=\"Easy Golf Basic | Piste de Minigolf + Kit &#039;MonMinigolf Pro&#039;\" \/>\n<meta property=\"og:description\" content=\"Pour l&#039;int\u00e9rieur et l&#039;ext\u00e9rieur. R\u00e9sistant aux intemp\u00e9ries. Polyvalent &amp; Dynamique. Facilement transportable. Nous exp\u00e9dions dans le monde entier.\" \/>\n<meta property=\"og:url\" content=\"https:\/\/lusogolfe.com\/fr\/easy-golf-basic\/\" \/>\n<meta property=\"og:site_name\" content=\"Lusogolfe\" \/>\n<meta property=\"article:publisher\" content=\"https:\/\/www.facebook.com\/lusogolfe\/\" \/>\n<meta property=\"article:modified_time\" content=\"2024-07-26T09:32:55+00:00\" \/>\n<meta property=\"og:image\" content=\"https:\/\/lusogolfe.com\/wp-content\/uploads\/2018\/01\/Img2.jpg\" \/>\n\t<meta property=\"og:image:width\" content=\"1\" \/>\n\t<meta property=\"og:image:height\" content=\"1\" \/>\n\t<meta property=\"og:image:type\" content=\"image\/jpeg\" \/>\n<meta name=\"twitter:card\" content=\"summary_large_image\" \/>\n<meta name=\"twitter:label1\" content=\"Dur\u00e9e de lecture estim\u00e9e\" \/>\n\t<meta name=\"twitter:data1\" content=\"4 minutes\" \/>\n<script type=\"application\/ld+json\" class=\"yoast-schema-graph\">{\"@context\":\"https:\\\/\\\/schema.org\",\"@graph\":[{\"@type\":\"WebPage\",\"@id\":\"https:\\\/\\\/lusogolfe.com\\\/fr\\\/easy-golf-basic\\\/\",\"url\":\"https:\\\/\\\/lusogolfe.com\\\/fr\\\/easy-golf-basic\\\/\",\"name\":\"Easy Golf Basic | Piste de Minigolf + Kit 'MonMinigolf Pro'\",\"isPartOf\":{\"@id\":\"https:\\\/\\\/lusogolfe.com\\\/fr\\\/#website\"},\"primaryImageOfPage\":{\"@id\":\"https:\\\/\\\/lusogolfe.com\\\/fr\\\/easy-golf-basic\\\/#primaryimage\"},\"image\":{\"@id\":\"https:\\\/\\\/lusogolfe.com\\\/fr\\\/easy-golf-basic\\\/#primaryimage\"},\"thumbnailUrl\":\"https:\\\/\\\/lusogolfe.com\\\/wp-content\\\/uploads\\\/2018\\\/01\\\/Img2.jpg\",\"datePublished\":\"2018-08-13T15:49:38+00:00\",\"dateModified\":\"2024-07-26T09:32:55+00:00\",\"description\":\"Pour l'int\u00e9rieur et l'ext\u00e9rieur. R\u00e9sistant aux intemp\u00e9ries. Polyvalent & Dynamique. Facilement transportable. Nous exp\u00e9dions dans le monde entier.\",\"breadcrumb\":{\"@id\":\"https:\\\/\\\/lusogolfe.com\\\/fr\\\/easy-golf-basic\\\/#breadcrumb\"},\"inLanguage\":\"fr-FR\",\"potentialAction\":[{\"@type\":\"ReadAction\",\"target\":[\"https:\\\/\\\/lusogolfe.com\\\/fr\\\/easy-golf-basic\\\/\"]}]},{\"@type\":\"ImageObject\",\"inLanguage\":\"fr-FR\",\"@id\":\"https:\\\/\\\/lusogolfe.com\\\/fr\\\/easy-golf-basic\\\/#primaryimage\",\"url\":\"https:\\\/\\\/lusogolfe.com\\\/wp-content\\\/uploads\\\/2018\\\/01\\\/Img2.jpg\",\"contentUrl\":\"https:\\\/\\\/lusogolfe.com\\\/wp-content\\\/uploads\\\/2018\\\/01\\\/Img2.jpg\"},{\"@type\":\"BreadcrumbList\",\"@id\":\"https:\\\/\\\/lusogolfe.com\\\/fr\\\/easy-golf-basic\\\/#breadcrumb\",\"itemListElement\":[{\"@type\":\"ListItem\",\"position\":1,\"name\":\"Portada\",\"item\":\"https:\\\/\\\/lusogolfe.com\\\/fr\\\/\"},{\"@type\":\"ListItem\",\"position\":2,\"name\":\"Easy Golf Basic\"}]},{\"@type\":\"WebSite\",\"@id\":\"https:\\\/\\\/lusogolfe.com\\\/fr\\\/#website\",\"url\":\"https:\\\/\\\/lusogolfe.com\\\/fr\\\/\",\"name\":\"Lusogolfe\",\"description\":\"Everything for Minigolf\",\"publisher\":{\"@id\":\"https:\\\/\\\/lusogolfe.com\\\/fr\\\/#organization\"},\"potentialAction\":[{\"@type\":\"SearchAction\",\"target\":{\"@type\":\"EntryPoint\",\"urlTemplate\":\"https:\\\/\\\/lusogolfe.com\\\/fr\\\/?s={search_term_string}\"},\"query-input\":{\"@type\":\"PropertyValueSpecification\",\"valueRequired\":true,\"valueName\":\"search_term_string\"}}],\"inLanguage\":\"fr-FR\"},{\"@type\":\"Organization\",\"@id\":\"https:\\\/\\\/lusogolfe.com\\\/fr\\\/#organization\",\"name\":\"Lusogolfe\",\"url\":\"https:\\\/\\\/lusogolfe.com\\\/fr\\\/\",\"logo\":{\"@type\":\"ImageObject\",\"inLanguage\":\"fr-FR\",\"@id\":\"https:\\\/\\\/lusogolfe.com\\\/fr\\\/#\\\/schema\\\/logo\\\/image\\\/\",\"url\":\"http:\\\/\\\/lusogolfe.com\\\/wp-content\\\/uploads\\\/2023\\\/05\\\/Lusogolfe-55years.png\",\"contentUrl\":\"http:\\\/\\\/lusogolfe.com\\\/wp-content\\\/uploads\\\/2023\\\/05\\\/Lusogolfe-55years.png\",\"width\":1128,\"height\":768,\"caption\":\"Lusogolfe\"},\"image\":{\"@id\":\"https:\\\/\\\/lusogolfe.com\\\/fr\\\/#\\\/schema\\\/logo\\\/image\\\/\"},\"sameAs\":[\"https:\\\/\\\/www.facebook.com\\\/lusogolfe\\\/\",\"https:\\\/\\\/www.linkedin.com\\\/company\\\/lusogolfe\",\"https:\\\/\\\/www.youtube.com\\\/lusogolfe\",\"https:\\\/\\\/www.instagram.com\\\/lusogolfe\"]}]}<\/script>\n<!-- \/ Yoast SEO plugin. -->","yoast_head_json":{"title":"Easy Golf Basic | Piste de Minigolf + Kit 'MonMinigolf Pro'","description":"Pour l'int\u00e9rieur et l'ext\u00e9rieur. R\u00e9sistant aux intemp\u00e9ries. Polyvalent & Dynamique. Facilement transportable. Nous exp\u00e9dions dans le monde entier.","robots":{"index":"index","follow":"follow","max-snippet":"max-snippet:-1","max-image-preview":"max-image-preview:large","max-video-preview":"max-video-preview:-1"},"canonical":"https:\/\/lusogolfe.com\/fr\/easy-golf-basic\/","og_locale":"fr_FR","og_type":"article","og_title":"Easy Golf Basic | Piste de Minigolf + Kit 'MonMinigolf Pro'","og_description":"Pour l'int\u00e9rieur et l'ext\u00e9rieur. R\u00e9sistant aux intemp\u00e9ries. Polyvalent & Dynamique. Facilement transportable. Nous exp\u00e9dions dans le monde entier.","og_url":"https:\/\/lusogolfe.com\/fr\/easy-golf-basic\/","og_site_name":"Lusogolfe","article_publisher":"https:\/\/www.facebook.com\/lusogolfe\/","article_modified_time":"2024-07-26T09:32:55+00:00","og_image":[{"url":"https:\/\/lusogolfe.com\/wp-content\/uploads\/2018\/01\/Img2.jpg","width":1,"height":1,"type":"image\/jpeg"}],"twitter_card":"summary_large_image","twitter_misc":{"Dur\u00e9e de lecture estim\u00e9e":"4 minutes"},"schema":{"@context":"https:\/\/schema.org","@graph":[{"@type":"WebPage","@id":"https:\/\/lusogolfe.com\/fr\/easy-golf-basic\/","url":"https:\/\/lusogolfe.com\/fr\/easy-golf-basic\/","name":"Easy Golf Basic | Piste de Minigolf + Kit 'MonMinigolf Pro'","isPartOf":{"@id":"https:\/\/lusogolfe.com\/fr\/#website"},"primaryImageOfPage":{"@id":"https:\/\/lusogolfe.com\/fr\/easy-golf-basic\/#primaryimage"},"image":{"@id":"https:\/\/lusogolfe.com\/fr\/easy-golf-basic\/#primaryimage"},"thumbnailUrl":"https:\/\/lusogolfe.com\/wp-content\/uploads\/2018\/01\/Img2.jpg","datePublished":"2018-08-13T15:49:38+00:00","dateModified":"2024-07-26T09:32:55+00:00","description":"Pour l'int\u00e9rieur et l'ext\u00e9rieur. R\u00e9sistant aux intemp\u00e9ries. Polyvalent & Dynamique. Facilement transportable. Nous exp\u00e9dions dans le monde entier.","breadcrumb":{"@id":"https:\/\/lusogolfe.com\/fr\/easy-golf-basic\/#breadcrumb"},"inLanguage":"fr-FR","potentialAction":[{"@type":"ReadAction","target":["https:\/\/lusogolfe.com\/fr\/easy-golf-basic\/"]}]},{"@type":"ImageObject","inLanguage":"fr-FR","@id":"https:\/\/lusogolfe.com\/fr\/easy-golf-basic\/#primaryimage","url":"https:\/\/lusogolfe.com\/wp-content\/uploads\/2018\/01\/Img2.jpg","contentUrl":"https:\/\/lusogolfe.com\/wp-content\/uploads\/2018\/01\/Img2.jpg"},{"@type":"BreadcrumbList","@id":"https:\/\/lusogolfe.com\/fr\/easy-golf-basic\/#breadcrumb","itemListElement":[{"@type":"ListItem","position":1,"name":"Portada","item":"https:\/\/lusogolfe.com\/fr\/"},{"@type":"ListItem","position":2,"name":"Easy Golf Basic"}]},{"@type":"WebSite","@id":"https:\/\/lusogolfe.com\/fr\/#website","url":"https:\/\/lusogolfe.com\/fr\/","name":"Lusogolfe","description":"Everything for Minigolf","publisher":{"@id":"https:\/\/lusogolfe.com\/fr\/#organization"},"potentialAction":[{"@type":"SearchAction","target":{"@type":"EntryPoint","urlTemplate":"https:\/\/lusogolfe.com\/fr\/?s={search_term_string}"},"query-input":{"@type":"PropertyValueSpecification","valueRequired":true,"valueName":"search_term_string"}}],"inLanguage":"fr-FR"},{"@type":"Organization","@id":"https:\/\/lusogolfe.com\/fr\/#organization","name":"Lusogolfe","url":"https:\/\/lusogolfe.com\/fr\/","logo":{"@type":"ImageObject","inLanguage":"fr-FR","@id":"https:\/\/lusogolfe.com\/fr\/#\/schema\/logo\/image\/","url":"http:\/\/lusogolfe.com\/wp-content\/uploads\/2023\/05\/Lusogolfe-55years.png","contentUrl":"http:\/\/lusogolfe.com\/wp-content\/uploads\/2023\/05\/Lusogolfe-55years.png","width":1128,"height":768,"caption":"Lusogolfe"},"image":{"@id":"https:\/\/lusogolfe.com\/fr\/#\/schema\/logo\/image\/"},"sameAs":["https:\/\/www.facebook.com\/lusogolfe\/","https:\/\/www.linkedin.com\/company\/lusogolfe","https:\/\/www.youtube.com\/lusogolfe","https:\/\/www.instagram.com\/lusogolfe"]}]}},"_links":{"self":[{"href":"https:\/\/lusogolfe.com\/fr\/wp-json\/wp\/v2\/pages\/13045","targetHints":{"allow":["GET"]}}],"collection":[{"href":"https:\/\/lusogolfe.com\/fr\/wp-json\/wp\/v2\/pages"}],"about":[{"href":"https:\/\/lusogolfe.com\/fr\/wp-json\/wp\/v2\/types\/page"}],"author":[{"embeddable":true,"href":"https:\/\/lusogolfe.com\/fr\/wp-json\/wp\/v2\/users\/2"}],"replies":[{"embeddable":true,"href":"https:\/\/lusogolfe.com\/fr\/wp-json\/wp\/v2\/comments?post=13045"}],"version-history":[{"count":9,"href":"https:\/\/lusogolfe.com\/fr\/wp-json\/wp\/v2\/pages\/13045\/revisions"}],"predecessor-version":[{"id":16323,"href":"https:\/\/lusogolfe.com\/fr\/wp-json\/wp\/v2\/pages\/13045\/revisions\/16323"}],"wp:featuredmedia":[{"embeddable":true,"href":"https:\/\/lusogolfe.com\/fr\/wp-json\/wp\/v2\/media\/7760"}],"wp:attachment":[{"href":"https:\/\/lusogolfe.com\/fr\/wp-json\/wp\/v2\/media?parent=13045"}],"curies":[{"name":"wp","href":"https:\/\/api.w.org\/{rel}","templated":true}]}}