{"id":4672,"date":"2017-12-11T17:10:39","date_gmt":"2017-12-11T17:10:39","guid":{"rendered":"https:\/\/lusogolfe.com\/es\/pistas-de-mini-golf\/maxi-golf\/"},"modified":"2026-02-12T13:42:16","modified_gmt":"2026-02-12T13:42:16","slug":"maxi-golf","status":"publish","type":"page","link":"https:\/\/lusogolfe.com\/es\/pistas-minigolf\/maxi-golf\/","title":{"rendered":"Maxi Golf"},"content":{"rendered":"<div class=\"wpb-content-wrapper\"><p>[vc_row][vc_column][vc_column_text]<\/p>\n<h1><span style=\"color: black; font-size: 24px; font-weight: bold;\">PISTAS DE MINIGOLF MAXI GOLF<\/span><\/h1>\n<h2><span style=\"color: #b44a75; font-size: 17px;\">Para quienes buscan mayores desaf\u00edos<\/span><\/h2>\n<p>[\/vc_column_text][vc_row_inner][vc_column_inner width=&#8221;2\/3&#8243;][vc_gallery interval=&#8221;3&#8243; images=&#8221;10619,10614,10609,10604,10599,10594,10589,10584,10579,10574,10569,10564,10559,10554,10549,10544,10539,10534&#8243; img_size=&#8221;full&#8221; css=&#8221;.vc_custom_1615897286049{margin-bottom: -40px !important;}&#8221;][\/vc_column_inner][vc_column_inner width=&#8221;1\/3&#8243;][vc_column_text]<\/p>\n<h3><span style=\"color: #b44a75; font-size: 17px;\">Descripci\u00f3n<\/span><\/h3>\n<ul>\n<li style=\"text-align: left;\">L\u00edneas derechas y obst\u00e1culos desafiantes<\/li>\n<li style=\"text-align: left;\">L\u00edneas modernas y obst\u00e1culos desafiantes<\/li>\n<li style=\"text-align: left;\">Mantenimiento reducido<\/li>\n<\/ul>\n<h3><span style=\"color: #b44a75; font-size: 17px;\">Caracteristicas tecnicas<\/span><\/h3>\n<ul>\n<li><strong>Materiales:\u00a0<\/strong>Tubo cuadrado y rectangular y acero laminado<\/li>\n<li><strong>Superficie de juego:\u00a0<\/strong>Placa de cemento revestida con c\u00e9sped sint\u00e9tico<\/li>\n<li><strong>Protecci\u00f3n y pintura:\u00a0<\/strong>Tratamiento por galvanizaci\u00f3n a color gris sin lacado, y tratamiento por metalizaci\u00f3n con lacado a color.<\/li>\n<li><strong>Obst\u00e1culos:\u00a0<\/strong>En acero laminado<\/li>\n<li><strong>Medidas:<\/strong> Longitud: 6.50m | Ancho: 0.66m | Oct\u00e1gono: 1.26m<\/li>\n<\/ul>\n<p>[\/vc_column_text][button title=&#8221;Solicitar presupuesto&#8221; link=&#8221;https:\/\/lusogolfe.com\/es\/pistas-minigolf\/presupuesto\/&#8221; new_tab=&#8221;yes&#8221; icon=&#8221;steadysets-icon-arrow-right&#8221; button_bool=&#8221;yes&#8221; button_2_title=&#8221;Descargar Cat\u00e1logo&#8221; button_2_link=&#8221;http:\/\/lusogolfe.com\/wp-content\/uploads\/2026\/02\/ESP-Catalogo-Minigolf-Ocio-Lusogolfe-1.pdf&#8221;][\/vc_column_inner][\/vc_row_inner][\/vc_column][\/vc_row][vc_row][vc_column css=&#8221;.vc_custom_1513005826052{margin-top: -40px !important;border-top-width: -40px !important;padding-top: -40px !important;}&#8221;][block_title style=&#8221;column_title&#8221; title=&#8221;Referencias&#8221;][\/block_title][recent_portfolio columns=&#8221;4&#8243; carousel=&#8221;no&#8221; from_where=&#8221;cat&#8221; category=&#8221;233&#8243;][\/vc_column][\/vc_row][vc_row][vc_column css=&#8221;.vc_custom_1512658481791{margin-top: -30px !important;}&#8221;][separator width=&#8221;100%&#8221; height=&#8221;1px&#8221; color=&#8221;#828282&#8243; margin_top=&#8221;35px&#8221; margin_bottom=&#8221;35px&#8221;][block_title style=&#8221;column_title&#8221; title=&#8221;QUIEN VE EL MAXI GOLF TAMBI\u00c9N LE GUSTA&#8221;][\/block_title][vc_row_inner][vc_column_inner width=&#8221;1\/3&#8243;][vc_column_text css=&#8221;.vc_custom_1551374997687{margin-bottom: 15px !important;}&#8221;]<\/p>\n<h2 style=\"text-align: left;\"><a href=\"https:\/\/lusogolfe.com\/es\/pistas-minigolf\/easy-golf\/\"><img loading=\"lazy\" decoding=\"async\" class=\"alignnone wp-image-2312 size-medium\" src=\"https:\/\/lusogolfe.com\/wp-content\/uploads\/2016\/10\/Easy-Golf-Lusogolfe-300x196.jpg\" alt=\"Easy Golf Lusogolfe\" width=\"300\" height=\"196\" \/><\/a><\/h2>\n<h2 style=\"text-align: left;\"><a href=\"https:\/\/lusogolfe.com\/es\/pistas-minigolf\/easy-golf\/\" rel=\"noopener\">Easy Golf<\/a><\/h2>\n<p style=\"text-align: left;\">Modelo con l\u00edneas simples y obst\u00e1culos muy divertidos. F\u00e1cilmente transportable.<\/p>\n<p>[\/vc_column_text][\/vc_column_inner][vc_column_inner width=&#8221;1\/3&#8243;][vc_column_text css=&#8221;.vc_custom_1551375007175{margin-bottom: 15px !important;}&#8221;]<\/p>\n<h2 style=\"text-align: left;\"><a href=\"https:\/\/lusogolfe.com\/es\/pistas-minigolf\/smart-golf\/\"><img loading=\"lazy\" decoding=\"async\" class=\"alignnone wp-image-2311 size-medium\" src=\"https:\/\/lusogolfe.com\/wp-content\/uploads\/2016\/10\/Smart-Golf-300x196.jpg\" alt=\"Smart Golf Lusogolfe\" width=\"300\" height=\"196\" srcset=\"https:\/\/lusogolfe.com\/wp-content\/uploads\/2016\/10\/Smart-Golf-300x196.jpg 300w, https:\/\/lusogolfe.com\/wp-content\/uploads\/2016\/10\/Smart-Golf-20x13.jpg 20w, https:\/\/lusogolfe.com\/wp-content\/uploads\/2016\/10\/Smart-Golf.jpg 319w\" sizes=\"auto, (max-width: 300px) 100vw, 300px\" \/><\/a><\/h2>\n<h2 style=\"text-align: left;\"><a href=\"https:\/\/lusogolfe.com\/es\/pistas-minigolf\/smart-golf\/\" rel=\"noopener\">Smart Golf<\/a><\/h2>\n<p style=\"text-align: left;\">Pistas con dibujos m\u00e1s creativos, como el simp\u00e1tico \u201cSmile\u201d o el apasionante \u201cLove\u201d.<\/p>\n<p>[\/vc_column_text][\/vc_column_inner][vc_column_inner width=&#8221;1\/3&#8243;][vc_column_text css=&#8221;.vc_custom_1551375017825{margin-bottom: 15px !important;}&#8221;]<\/p>\n<h2 style=\"text-align: left;\"><a href=\"https:\/\/lusogolfe.com\/es\/pistas-minigolf\/challenge-golf\/\"><img loading=\"lazy\" decoding=\"async\" class=\"alignnone wp-image-2309 size-medium\" src=\"https:\/\/lusogolfe.com\/wp-content\/uploads\/2016\/10\/Challenge-Golf-300x196.jpg\" alt=\"Challenge Golf Lusogolfe\" width=\"300\" height=\"196\" srcset=\"https:\/\/lusogolfe.com\/wp-content\/uploads\/2016\/10\/Challenge-Golf-300x196.jpg 300w, https:\/\/lusogolfe.com\/wp-content\/uploads\/2016\/10\/Challenge-Golf-20x13.jpg 20w, https:\/\/lusogolfe.com\/wp-content\/uploads\/2016\/10\/Challenge-Golf.jpg 319w\" sizes=\"auto, (max-width: 300px) 100vw, 300px\" \/><\/a><\/h2>\n<h2 style=\"text-align: left;\"><a href=\"https:\/\/lusogolfe.com\/es\/pistas-minigolf\/challenge-golf\/\">Challenge Golf<\/a><\/h2>\n<p style=\"text-align: left;\">El modelo\u00a0<b class=\"b5\">m\u00e1s demandado<\/b>. Minigolf homologado para las competiciones nacionales e internacionales <a href=\"http:\/\/minigolfsport.com\/\" target=\"_blank\" rel=\"noopener\">WMF<\/a>!<\/p>\n<p>[\/vc_column_text][\/vc_column_inner][\/vc_row_inner][\/vc_column][\/vc_row]<\/p>\n<\/div>","protected":false},"excerpt":{"rendered":"<p>[vc_row][vc_column][vc_column_text] PISTAS DE MINIGOLF MAXI GOLF Para quienes buscan mayores desaf\u00edos [\/vc_column_text][vc_row_inner][vc_column_inner width=&#8221;2\/3&#8243;][vc_gallery interval=&#8221;3&#8243; images=&#8221;10619,10614,10609,10604,10599,10594,10589,10584,10579,10574,10569,10564,10559,10554,10549,10544,10539,10534&#8243; img_size=&#8221;full&#8221; css=&#8221;.vc_custom_1615897286049{margin-bottom: -40px !important;}&#8221;][\/vc_column_inner][vc_column_inner width=&#8221;1\/3&#8243;][vc_column_text] Descripci\u00f3n L\u00edneas derechas y obst\u00e1culos desafiantes L\u00edneas modernas y obst\u00e1culos desafiantes Mantenimiento reducido Caracteristicas tecnicas Materiales:\u00a0Tubo cuadrado y rectangular y acero laminado Superficie de juego:\u00a0Placa de cemento revestida con c\u00e9sped sint\u00e9tico Protecci\u00f3n y pintura:\u00a0Tratamiento por [&hellip;]<\/p>\n","protected":false},"author":2,"featured_media":0,"parent":1782,"menu_order":0,"comment_status":"closed","ping_status":"closed","template":"","meta":{"content-type":"","footnotes":""},"class_list":["post-4672","page","type-page","status-publish","hentry"],"yoast_head":"<!-- This site is optimized with the Yoast SEO plugin v27.3 - https:\/\/yoast.com\/product\/yoast-seo-wordpress\/ -->\n<title>Maxi Golf | Pistas de Minigolf - Lusogolfe<\/title>\n<meta name=\"description\" content=\"Se trata de un equipamiento de ocio, desafiante y emocionante para superar y vencer los retos propuestos. Ideal alquiler y agilizar un espacio existente con una actividad saludable, ocio y bienestar.\" \/>\n<meta name=\"robots\" content=\"index, follow, max-snippet:-1, max-image-preview:large, max-video-preview:-1\" \/>\n<link rel=\"canonical\" href=\"https:\/\/lusogolfe.com\/es\/pistas-minigolf\/maxi-golf\/\" \/>\n<meta property=\"og:locale\" content=\"es_ES\" \/>\n<meta property=\"og:type\" content=\"article\" \/>\n<meta property=\"og:title\" content=\"Maxi Golf | Pistas de Minigolf - Lusogolfe\" \/>\n<meta property=\"og:description\" content=\"Se trata de un equipamiento de ocio, desafiante y emocionante para superar y vencer los retos propuestos. Ideal alquiler y agilizar un espacio existente con una actividad saludable, ocio y bienestar.\" \/>\n<meta property=\"og:url\" content=\"https:\/\/lusogolfe.com\/es\/pistas-minigolf\/maxi-golf\/\" \/>\n<meta property=\"og:site_name\" content=\"Lusogolfe\" \/>\n<meta property=\"article:publisher\" content=\"https:\/\/www.facebook.com\/lusogolfe\/\" \/>\n<meta property=\"article:modified_time\" content=\"2026-02-12T13:42:16+00:00\" \/>\n<meta property=\"og:image\" content=\"https:\/\/lusogolfe.com\/wp-content\/uploads\/2016\/10\/Easy-Golf-Lusogolfe-300x196.jpg\" \/>\n<meta name=\"twitter:card\" content=\"summary_large_image\" \/>\n<meta name=\"twitter:label1\" content=\"Tiempo de lectura\" \/>\n\t<meta name=\"twitter:data1\" content=\"2 minutos\" \/>\n<script type=\"application\/ld+json\" class=\"yoast-schema-graph\">{\"@context\":\"https:\\\/\\\/schema.org\",\"@graph\":[{\"@type\":\"WebPage\",\"@id\":\"https:\\\/\\\/lusogolfe.com\\\/es\\\/pistas-minigolf\\\/maxi-golf\\\/\",\"url\":\"https:\\\/\\\/lusogolfe.com\\\/es\\\/pistas-minigolf\\\/maxi-golf\\\/\",\"name\":\"Maxi Golf | Pistas de Minigolf - Lusogolfe\",\"isPartOf\":{\"@id\":\"http:\\\/\\\/lusogolfe.com\\\/#website\"},\"primaryImageOfPage\":{\"@id\":\"https:\\\/\\\/lusogolfe.com\\\/es\\\/pistas-minigolf\\\/maxi-golf\\\/#primaryimage\"},\"image\":{\"@id\":\"https:\\\/\\\/lusogolfe.com\\\/es\\\/pistas-minigolf\\\/maxi-golf\\\/#primaryimage\"},\"thumbnailUrl\":\"https:\\\/\\\/lusogolfe.com\\\/wp-content\\\/uploads\\\/2016\\\/10\\\/Easy-Golf-Lusogolfe-300x196.jpg\",\"datePublished\":\"2017-12-11T17:10:39+00:00\",\"dateModified\":\"2026-02-12T13:42:16+00:00\",\"description\":\"Se trata de un equipamiento de ocio, desafiante y emocionante para superar y vencer los retos propuestos. Ideal alquiler y agilizar un espacio existente con una actividad saludable, ocio y bienestar.\",\"breadcrumb\":{\"@id\":\"https:\\\/\\\/lusogolfe.com\\\/es\\\/pistas-minigolf\\\/maxi-golf\\\/#breadcrumb\"},\"inLanguage\":\"es\",\"potentialAction\":[{\"@type\":\"ReadAction\",\"target\":[\"https:\\\/\\\/lusogolfe.com\\\/es\\\/pistas-minigolf\\\/maxi-golf\\\/\"]}]},{\"@type\":\"ImageObject\",\"inLanguage\":\"es\",\"@id\":\"https:\\\/\\\/lusogolfe.com\\\/es\\\/pistas-minigolf\\\/maxi-golf\\\/#primaryimage\",\"url\":\"https:\\\/\\\/lusogolfe.com\\\/wp-content\\\/uploads\\\/2016\\\/10\\\/Easy-Golf-Lusogolfe-300x196.jpg\",\"contentUrl\":\"https:\\\/\\\/lusogolfe.com\\\/wp-content\\\/uploads\\\/2016\\\/10\\\/Easy-Golf-Lusogolfe-300x196.jpg\"},{\"@type\":\"BreadcrumbList\",\"@id\":\"https:\\\/\\\/lusogolfe.com\\\/es\\\/pistas-minigolf\\\/maxi-golf\\\/#breadcrumb\",\"itemListElement\":[{\"@type\":\"ListItem\",\"position\":1,\"name\":\"Portada\",\"item\":\"http:\\\/\\\/lusogolfe.com\\\/es\\\/\"},{\"@type\":\"ListItem\",\"position\":2,\"name\":\"Pistas de Minigolf\",\"item\":\"https:\\\/\\\/lusogolfe.com\\\/es\\\/pistas-minigolf\\\/\"},{\"@type\":\"ListItem\",\"position\":3,\"name\":\"Maxi Golf\"}]},{\"@type\":\"WebSite\",\"@id\":\"http:\\\/\\\/lusogolfe.com\\\/#website\",\"url\":\"http:\\\/\\\/lusogolfe.com\\\/\",\"name\":\"Lusogolfe\",\"description\":\"Everything for Minigolf\",\"publisher\":{\"@id\":\"http:\\\/\\\/lusogolfe.com\\\/#organization\"},\"potentialAction\":[{\"@type\":\"SearchAction\",\"target\":{\"@type\":\"EntryPoint\",\"urlTemplate\":\"http:\\\/\\\/lusogolfe.com\\\/?s={search_term_string}\"},\"query-input\":{\"@type\":\"PropertyValueSpecification\",\"valueRequired\":true,\"valueName\":\"search_term_string\"}}],\"inLanguage\":\"es\"},{\"@type\":\"Organization\",\"@id\":\"http:\\\/\\\/lusogolfe.com\\\/#organization\",\"name\":\"Lusogolfe\",\"url\":\"http:\\\/\\\/lusogolfe.com\\\/\",\"logo\":{\"@type\":\"ImageObject\",\"inLanguage\":\"es\",\"@id\":\"http:\\\/\\\/lusogolfe.com\\\/#\\\/schema\\\/logo\\\/image\\\/\",\"url\":\"http:\\\/\\\/lusogolfe.com\\\/wp-content\\\/uploads\\\/2023\\\/05\\\/Lusogolfe-55years.png\",\"contentUrl\":\"http:\\\/\\\/lusogolfe.com\\\/wp-content\\\/uploads\\\/2023\\\/05\\\/Lusogolfe-55years.png\",\"width\":1128,\"height\":768,\"caption\":\"Lusogolfe\"},\"image\":{\"@id\":\"http:\\\/\\\/lusogolfe.com\\\/#\\\/schema\\\/logo\\\/image\\\/\"},\"sameAs\":[\"https:\\\/\\\/www.facebook.com\\\/lusogolfe\\\/\",\"https:\\\/\\\/www.linkedin.com\\\/company\\\/lusogolfe\",\"https:\\\/\\\/www.youtube.com\\\/lusogolfe\",\"https:\\\/\\\/www.instagram.com\\\/lusogolfe\"]}]}<\/script>\n<!-- \/ Yoast SEO plugin. -->","yoast_head_json":{"title":"Maxi Golf | Pistas de Minigolf - Lusogolfe","description":"Se trata de un equipamiento de ocio, desafiante y emocionante para superar y vencer los retos propuestos. Ideal alquiler y agilizar un espacio existente con una actividad saludable, ocio y bienestar.","robots":{"index":"index","follow":"follow","max-snippet":"max-snippet:-1","max-image-preview":"max-image-preview:large","max-video-preview":"max-video-preview:-1"},"canonical":"https:\/\/lusogolfe.com\/es\/pistas-minigolf\/maxi-golf\/","og_locale":"es_ES","og_type":"article","og_title":"Maxi Golf | Pistas de Minigolf - Lusogolfe","og_description":"Se trata de un equipamiento de ocio, desafiante y emocionante para superar y vencer los retos propuestos. Ideal alquiler y agilizar un espacio existente con una actividad saludable, ocio y bienestar.","og_url":"https:\/\/lusogolfe.com\/es\/pistas-minigolf\/maxi-golf\/","og_site_name":"Lusogolfe","article_publisher":"https:\/\/www.facebook.com\/lusogolfe\/","article_modified_time":"2026-02-12T13:42:16+00:00","og_image":[{"url":"https:\/\/lusogolfe.com\/wp-content\/uploads\/2016\/10\/Easy-Golf-Lusogolfe-300x196.jpg","type":"","width":"","height":""}],"twitter_card":"summary_large_image","twitter_misc":{"Tiempo de lectura":"2 minutos"},"schema":{"@context":"https:\/\/schema.org","@graph":[{"@type":"WebPage","@id":"https:\/\/lusogolfe.com\/es\/pistas-minigolf\/maxi-golf\/","url":"https:\/\/lusogolfe.com\/es\/pistas-minigolf\/maxi-golf\/","name":"Maxi Golf | Pistas de Minigolf - Lusogolfe","isPartOf":{"@id":"http:\/\/lusogolfe.com\/#website"},"primaryImageOfPage":{"@id":"https:\/\/lusogolfe.com\/es\/pistas-minigolf\/maxi-golf\/#primaryimage"},"image":{"@id":"https:\/\/lusogolfe.com\/es\/pistas-minigolf\/maxi-golf\/#primaryimage"},"thumbnailUrl":"https:\/\/lusogolfe.com\/wp-content\/uploads\/2016\/10\/Easy-Golf-Lusogolfe-300x196.jpg","datePublished":"2017-12-11T17:10:39+00:00","dateModified":"2026-02-12T13:42:16+00:00","description":"Se trata de un equipamiento de ocio, desafiante y emocionante para superar y vencer los retos propuestos. Ideal alquiler y agilizar un espacio existente con una actividad saludable, ocio y bienestar.","breadcrumb":{"@id":"https:\/\/lusogolfe.com\/es\/pistas-minigolf\/maxi-golf\/#breadcrumb"},"inLanguage":"es","potentialAction":[{"@type":"ReadAction","target":["https:\/\/lusogolfe.com\/es\/pistas-minigolf\/maxi-golf\/"]}]},{"@type":"ImageObject","inLanguage":"es","@id":"https:\/\/lusogolfe.com\/es\/pistas-minigolf\/maxi-golf\/#primaryimage","url":"https:\/\/lusogolfe.com\/wp-content\/uploads\/2016\/10\/Easy-Golf-Lusogolfe-300x196.jpg","contentUrl":"https:\/\/lusogolfe.com\/wp-content\/uploads\/2016\/10\/Easy-Golf-Lusogolfe-300x196.jpg"},{"@type":"BreadcrumbList","@id":"https:\/\/lusogolfe.com\/es\/pistas-minigolf\/maxi-golf\/#breadcrumb","itemListElement":[{"@type":"ListItem","position":1,"name":"Portada","item":"http:\/\/lusogolfe.com\/es\/"},{"@type":"ListItem","position":2,"name":"Pistas de Minigolf","item":"https:\/\/lusogolfe.com\/es\/pistas-minigolf\/"},{"@type":"ListItem","position":3,"name":"Maxi Golf"}]},{"@type":"WebSite","@id":"http:\/\/lusogolfe.com\/#website","url":"http:\/\/lusogolfe.com\/","name":"Lusogolfe","description":"Everything for Minigolf","publisher":{"@id":"http:\/\/lusogolfe.com\/#organization"},"potentialAction":[{"@type":"SearchAction","target":{"@type":"EntryPoint","urlTemplate":"http:\/\/lusogolfe.com\/?s={search_term_string}"},"query-input":{"@type":"PropertyValueSpecification","valueRequired":true,"valueName":"search_term_string"}}],"inLanguage":"es"},{"@type":"Organization","@id":"http:\/\/lusogolfe.com\/#organization","name":"Lusogolfe","url":"http:\/\/lusogolfe.com\/","logo":{"@type":"ImageObject","inLanguage":"es","@id":"http:\/\/lusogolfe.com\/#\/schema\/logo\/image\/","url":"http:\/\/lusogolfe.com\/wp-content\/uploads\/2023\/05\/Lusogolfe-55years.png","contentUrl":"http:\/\/lusogolfe.com\/wp-content\/uploads\/2023\/05\/Lusogolfe-55years.png","width":1128,"height":768,"caption":"Lusogolfe"},"image":{"@id":"http:\/\/lusogolfe.com\/#\/schema\/logo\/image\/"},"sameAs":["https:\/\/www.facebook.com\/lusogolfe\/","https:\/\/www.linkedin.com\/company\/lusogolfe","https:\/\/www.youtube.com\/lusogolfe","https:\/\/www.instagram.com\/lusogolfe"]}]}},"_links":{"self":[{"href":"https:\/\/lusogolfe.com\/es\/wp-json\/wp\/v2\/pages\/4672","targetHints":{"allow":["GET"]}}],"collection":[{"href":"https:\/\/lusogolfe.com\/es\/wp-json\/wp\/v2\/pages"}],"about":[{"href":"https:\/\/lusogolfe.com\/es\/wp-json\/wp\/v2\/types\/page"}],"author":[{"embeddable":true,"href":"https:\/\/lusogolfe.com\/es\/wp-json\/wp\/v2\/users\/2"}],"replies":[{"embeddable":true,"href":"https:\/\/lusogolfe.com\/es\/wp-json\/wp\/v2\/comments?post=4672"}],"version-history":[{"count":9,"href":"https:\/\/lusogolfe.com\/es\/wp-json\/wp\/v2\/pages\/4672\/revisions"}],"predecessor-version":[{"id":18327,"href":"https:\/\/lusogolfe.com\/es\/wp-json\/wp\/v2\/pages\/4672\/revisions\/18327"}],"up":[{"embeddable":true,"href":"https:\/\/lusogolfe.com\/es\/wp-json\/wp\/v2\/pages\/1782"}],"wp:attachment":[{"href":"https:\/\/lusogolfe.com\/es\/wp-json\/wp\/v2\/media?parent=4672"}],"curies":[{"name":"wp","href":"https:\/\/api.w.org\/{rel}","templated":true}]}}