{"id":4662,"date":"2017-12-11T15:20:38","date_gmt":"2017-12-11T15:20:38","guid":{"rendered":"https:\/\/lusogolfe.com\/es\/pistas-de-mini-golf\/easy-golf\/"},"modified":"2026-02-12T13:42:06","modified_gmt":"2026-02-12T13:42:06","slug":"easy-golf","status":"publish","type":"page","link":"https:\/\/lusogolfe.com\/es\/pistas-minigolf\/easy-golf\/","title":{"rendered":"Easy Golf"},"content":{"rendered":"<div class=\"wpb-content-wrapper\"><p>[vc_row][vc_column][vc_column_text]<\/p>\n<h1><span style=\"color: black; font-size: 24px; font-weight: bold;\">PISTAS DE MINIGOLF EASY GOLF<\/span><\/h1>\n<h2><span style=\"color: #f39200; font-size: 17px;\">Dise\u00f1o moderno y atractivo, f\u00e1cil de instalar<\/span><\/h2>\n<p>[\/vc_column_text][vc_row_inner][vc_column_inner width=&#8221;2\/3&#8243;][vc_gallery interval=&#8221;5&#8243; images=&#8221;18241,16140,16196,16201,16135,14347,14337,3614,3607,3613,3618,3611,3621,12584,12599,12604,18247,18252&#8243; img_size=&#8221;full&#8221; css=&#8221;.vc_custom_1717176473722{margin-bottom: -40px !important;}&#8221;][\/vc_column_inner][vc_column_inner width=&#8221;1\/3&#8243;][vc_column_text]<\/p>\n<h3><span style=\"color: #f39200; font-size: 17px;\">Descripci\u00f3n<\/span><\/h3>\n<ul>\n<li style=\"text-align: left;\"><strong>Transportable<\/strong><\/li>\n<li style=\"text-align: left;\">F\u00e1cil instalaci\u00f3n<\/li>\n<li style=\"text-align: left;\">Mantenimiento reducido<\/li>\n<li style=\"text-align: left;\">Obst\u00e1culos atractivos y divertidos<\/li>\n<\/ul>\n<h3><span style=\"color: #f39200; font-size: 17px;\">Caracteristicas tecnicas<\/span><\/h3>\n<ul>\n<li style=\"text-align: left;\"><strong>Materiales: <\/strong>Tubo cuadrado y rectangular y acero laminado<\/li>\n<li style=\"text-align: left;\"><strong>Superficie de juego: <\/strong>Placa de cemento revestida con c\u00e9sped sint\u00e9tico<\/li>\n<li style=\"text-align: left;\"><strong>Protecci\u00f3n y pintura: <\/strong>Tratamiento por galvanizaci\u00f3n a color gris sin lacado, y tratamiento por metalizaci\u00f3n con lacado a color<\/li>\n<li style=\"text-align: left;\"><strong>Obst\u00e1culos: <\/strong>En acero laminado<\/li>\n<li><strong>Medidas:<\/strong> Longitud 3.33m | Ancho: 0.59m | C\u00edrculo: 0.935m<\/li>\n<\/ul>\n<p>[\/vc_column_text][button title=&#8221;Solicitar presupuesto&#8221; link=&#8221;https:\/\/lusogolfe.com\/es\/pistas-minigolf\/presupuesto\/&#8221; new_tab=&#8221;yes&#8221; icon=&#8221;steadysets-icon-arrow-right&#8221; button_bool=&#8221;yes&#8221; button_2_title=&#8221;Descargar cat\u00e1logo&#8221; button_2_link=&#8221;http:\/\/lusogolfe.com\/wp-content\/uploads\/2026\/02\/ESP-Catalogo-Minigolf-Ocio-Lusogolfe-1.pdf&#8221;][\/vc_column_inner][\/vc_row_inner][\/vc_column][\/vc_row][vc_row][vc_column css=&#8221;.vc_custom_1513005826052{margin-top: -40px !important;border-top-width: -40px !important;padding-top: -40px !important;}&#8221;][block_title style=&#8221;column_title&#8221; title=&#8221;Referencias&#8221;][\/block_title][recent_portfolio columns=&#8221;4&#8243; rows=&#8221;2&#8243; from_where=&#8221;cat&#8221; category=&#8221;224&#8243;][\/vc_column][\/vc_row][vc_row][vc_column css=&#8221;.vc_custom_1512658481791{margin-top: -30px !important;}&#8221;][separator width=&#8221;100%&#8221; height=&#8221;1px&#8221; color=&#8221;#828282&#8243; margin_top=&#8221;35px&#8221; margin_bottom=&#8221;35px&#8221;][block_title style=&#8221;column_title&#8221; title=&#8221;Quien ve el Easy Golf tambi\u00e9n le gusta&#8221;][\/block_title][vc_row_inner][vc_column_inner width=&#8221;1\/3&#8243;][vc_column_text css=&#8221;.vc_custom_1551374829226{margin-bottom: 15px !important;}&#8221;]<\/p>\n<h2 style=\"text-align: left;\"><a href=\"https:\/\/lusogolfe.com\/es\/pistas-minigolf\/smart-golf\/\"><img loading=\"lazy\" decoding=\"async\" class=\"alignnone wp-image-2311 size-medium\" src=\"https:\/\/lusogolfe.com\/wp-content\/uploads\/2016\/10\/Smart-Golf-300x196.jpg\" alt=\"Smart Golf Lusogolfe\" width=\"300\" height=\"196\" srcset=\"https:\/\/lusogolfe.com\/wp-content\/uploads\/2016\/10\/Smart-Golf-300x196.jpg 300w, https:\/\/lusogolfe.com\/wp-content\/uploads\/2016\/10\/Smart-Golf-20x13.jpg 20w, https:\/\/lusogolfe.com\/wp-content\/uploads\/2016\/10\/Smart-Golf.jpg 319w\" sizes=\"auto, (max-width: 300px) 100vw, 300px\" \/><\/a><\/h2>\n<h2 style=\"text-align: left;\"><a href=\"https:\/\/lusogolfe.com\/es\/pistas-minigolf\/smart-golf\/\">Smart Golf<\/a><\/h2>\n<p style=\"text-align: left;\">Pistas con dibujos m\u00e1s creativos, como el simp\u00e1tico &#8220;Smile&#8221; o el apasionante &#8220;Love&#8221;.<\/p>\n<p>[\/vc_column_text][\/vc_column_inner][vc_column_inner width=&#8221;1\/3&#8243;][vc_column_text css=&#8221;.vc_custom_1551374839593{margin-bottom: 15px !important;}&#8221;]<\/p>\n<h2 style=\"text-align: left;\"><a href=\"https:\/\/lusogolfe.com\/es\/pistas-minigolf\/maxi-golf\/\"><img loading=\"lazy\" decoding=\"async\" class=\"alignnone wp-image-2313 size-medium\" src=\"https:\/\/lusogolfe.com\/wp-content\/uploads\/2016\/10\/Maxi-Golf-300x196.jpg\" alt=\"Maxi Golf Lusogolfe\" width=\"300\" height=\"196\" srcset=\"https:\/\/lusogolfe.com\/wp-content\/uploads\/2016\/10\/Maxi-Golf-300x196.jpg 300w, https:\/\/lusogolfe.com\/wp-content\/uploads\/2016\/10\/Maxi-Golf-20x13.jpg 20w, https:\/\/lusogolfe.com\/wp-content\/uploads\/2016\/10\/Maxi-Golf.jpg 319w\" sizes=\"auto, (max-width: 300px) 100vw, 300px\" \/><\/a><\/h2>\n<h2 style=\"text-align: left;\"><a href=\"https:\/\/lusogolfe.com\/es\/pistas-minigolf\/maxi-golf\/\">Maxi Golf<\/a><\/h2>\n<p style=\"text-align: left;\">Es un equipo de ocio desafiador y entusiasta con un dise\u00f1o m\u00e1s atractivo.<\/p>\n<p>[\/vc_column_text][\/vc_column_inner][vc_column_inner width=&#8221;1\/3&#8243;][vc_column_text css=&#8221;.vc_custom_1551374849583{margin-bottom: 15px !important;}&#8221;]<\/p>\n<h2 style=\"text-align: left;\"><a href=\"https:\/\/lusogolfe.com\/es\/pistas-minigolf\/challenge-golf\/\"><img loading=\"lazy\" decoding=\"async\" class=\"alignnone wp-image-2309 size-medium\" src=\"https:\/\/lusogolfe.com\/wp-content\/uploads\/2016\/10\/Challenge-Golf-300x196.jpg\" alt=\"Challenge Golf Lusogolfe\" width=\"300\" height=\"196\" srcset=\"https:\/\/lusogolfe.com\/wp-content\/uploads\/2016\/10\/Challenge-Golf-300x196.jpg 300w, https:\/\/lusogolfe.com\/wp-content\/uploads\/2016\/10\/Challenge-Golf-20x13.jpg 20w, https:\/\/lusogolfe.com\/wp-content\/uploads\/2016\/10\/Challenge-Golf.jpg 319w\" sizes=\"auto, (max-width: 300px) 100vw, 300px\" \/><\/a><\/h2>\n<h2 style=\"text-align: left;\"><a href=\"https:\/\/lusogolfe.com\/es\/pistas-minigolf\/challenge-golf\/\">Challenge Golf<\/a><\/h2>\n<p style=\"text-align: left;\">El modelo\u00a0<b class=\"b5\">m\u00e1s demandado<\/b>. Minigolf homologado para las competiciones nacionales e internacionales <a href=\"http:\/\/minigolfsport.com\/\" target=\"_blank\" rel=\"noopener noreferrer\">WMF<\/a>!<\/p>\n<p>[\/vc_column_text][\/vc_column_inner][\/vc_row_inner][\/vc_column][\/vc_row]<\/p>\n<\/div>","protected":false},"excerpt":{"rendered":"<p>[vc_row][vc_column][vc_column_text] PISTAS DE MINIGOLF EASY GOLF Dise\u00f1o moderno y atractivo, f\u00e1cil de instalar [\/vc_column_text][vc_row_inner][vc_column_inner width=&#8221;2\/3&#8243;][vc_gallery interval=&#8221;5&#8243; images=&#8221;18241,16140,16196,16201,16135,14347,14337,3614,3607,3613,3618,3611,3621,12584,12599,12604,18247,18252&#8243; img_size=&#8221;full&#8221; css=&#8221;.vc_custom_1717176473722{margin-bottom: -40px !important;}&#8221;][\/vc_column_inner][vc_column_inner width=&#8221;1\/3&#8243;][vc_column_text] Descripci\u00f3n Transportable F\u00e1cil instalaci\u00f3n Mantenimiento reducido Obst\u00e1culos atractivos y divertidos Caracteristicas tecnicas Materiales: Tubo cuadrado y rectangular y acero laminado Superficie de juego: Placa de cemento revestida con c\u00e9sped sint\u00e9tico Protecci\u00f3n y pintura: [&hellip;]<\/p>\n","protected":false},"author":2,"featured_media":0,"parent":1782,"menu_order":0,"comment_status":"closed","ping_status":"closed","template":"","meta":{"content-type":"","footnotes":""},"class_list":["post-4662","page","type-page","status-publish","hentry"],"yoast_head":"<!-- This site is optimized with the Yoast SEO plugin v27.3 - https:\/\/yoast.com\/product\/yoast-seo-wordpress\/ -->\n<title>Easy Golf | Pistas de Minigolf - Lusogolfe<\/title>\n<meta name=\"description\" content=\"Transportable, de f\u00e1cil instalaci\u00f3n y mantenimiento reducido, este modelo es ideal para transformar un espacio peque\u00f1o en un parque c\u00e1lido y colorido. Su dise\u00f1o simple est\u00e1 animado por los obst\u00e1culos que divierten j\u00f3venes y cautivan m\u00e1s.\" \/>\n<meta name=\"robots\" content=\"index, follow, max-snippet:-1, max-image-preview:large, max-video-preview:-1\" \/>\n<link rel=\"canonical\" href=\"http:\/\/lusogolfe.com\/es\/pistas-minigolf\/easy-golf\/\" \/>\n<meta property=\"og:locale\" content=\"es_ES\" \/>\n<meta property=\"og:type\" content=\"article\" \/>\n<meta property=\"og:title\" content=\"Easy Golf | Pistas de Minigolf - Lusogolfe\" \/>\n<meta property=\"og:description\" content=\"Transportable, de f\u00e1cil instalaci\u00f3n y mantenimiento reducido, este modelo es ideal para transformar un espacio peque\u00f1o en un parque c\u00e1lido y colorido. Su dise\u00f1o simple est\u00e1 animado por los obst\u00e1culos que divierten j\u00f3venes y cautivan m\u00e1s.\" \/>\n<meta property=\"og:url\" content=\"http:\/\/lusogolfe.com\/es\/pistas-minigolf\/easy-golf\/\" \/>\n<meta property=\"og:site_name\" content=\"Lusogolfe\" \/>\n<meta property=\"article:publisher\" content=\"https:\/\/www.facebook.com\/lusogolfe\/\" \/>\n<meta property=\"article:modified_time\" content=\"2026-02-12T13:42:06+00:00\" \/>\n<meta property=\"og:image\" content=\"https:\/\/lusogolfe.com\/wp-content\/uploads\/2016\/10\/Smart-Golf-300x196.jpg\" \/>\n<meta name=\"twitter:card\" content=\"summary_large_image\" \/>\n<meta name=\"twitter:label1\" content=\"Tiempo de lectura\" \/>\n\t<meta name=\"twitter:data1\" content=\"2 minutos\" \/>\n<script type=\"application\/ld+json\" class=\"yoast-schema-graph\">{\"@context\":\"https:\\\/\\\/schema.org\",\"@graph\":[{\"@type\":\"WebPage\",\"@id\":\"http:\\\/\\\/lusogolfe.com\\\/es\\\/pistas-minigolf\\\/easy-golf\\\/\",\"url\":\"http:\\\/\\\/lusogolfe.com\\\/es\\\/pistas-minigolf\\\/easy-golf\\\/\",\"name\":\"Easy Golf | Pistas de Minigolf - Lusogolfe\",\"isPartOf\":{\"@id\":\"http:\\\/\\\/lusogolfe.com\\\/#website\"},\"primaryImageOfPage\":{\"@id\":\"http:\\\/\\\/lusogolfe.com\\\/es\\\/pistas-minigolf\\\/easy-golf\\\/#primaryimage\"},\"image\":{\"@id\":\"http:\\\/\\\/lusogolfe.com\\\/es\\\/pistas-minigolf\\\/easy-golf\\\/#primaryimage\"},\"thumbnailUrl\":\"https:\\\/\\\/lusogolfe.com\\\/wp-content\\\/uploads\\\/2016\\\/10\\\/Smart-Golf-300x196.jpg\",\"datePublished\":\"2017-12-11T15:20:38+00:00\",\"dateModified\":\"2026-02-12T13:42:06+00:00\",\"description\":\"Transportable, de f\u00e1cil instalaci\u00f3n y mantenimiento reducido, este modelo es ideal para transformar un espacio peque\u00f1o en un parque c\u00e1lido y colorido. Su dise\u00f1o simple est\u00e1 animado por los obst\u00e1culos que divierten j\u00f3venes y cautivan m\u00e1s.\",\"breadcrumb\":{\"@id\":\"http:\\\/\\\/lusogolfe.com\\\/es\\\/pistas-minigolf\\\/easy-golf\\\/#breadcrumb\"},\"inLanguage\":\"es\",\"potentialAction\":[{\"@type\":\"ReadAction\",\"target\":[\"http:\\\/\\\/lusogolfe.com\\\/es\\\/pistas-minigolf\\\/easy-golf\\\/\"]}]},{\"@type\":\"ImageObject\",\"inLanguage\":\"es\",\"@id\":\"http:\\\/\\\/lusogolfe.com\\\/es\\\/pistas-minigolf\\\/easy-golf\\\/#primaryimage\",\"url\":\"https:\\\/\\\/lusogolfe.com\\\/wp-content\\\/uploads\\\/2016\\\/10\\\/Smart-Golf-300x196.jpg\",\"contentUrl\":\"https:\\\/\\\/lusogolfe.com\\\/wp-content\\\/uploads\\\/2016\\\/10\\\/Smart-Golf-300x196.jpg\"},{\"@type\":\"BreadcrumbList\",\"@id\":\"http:\\\/\\\/lusogolfe.com\\\/es\\\/pistas-minigolf\\\/easy-golf\\\/#breadcrumb\",\"itemListElement\":[{\"@type\":\"ListItem\",\"position\":1,\"name\":\"Portada\",\"item\":\"http:\\\/\\\/lusogolfe.com\\\/es\\\/\"},{\"@type\":\"ListItem\",\"position\":2,\"name\":\"Pistas de Minigolf\",\"item\":\"https:\\\/\\\/lusogolfe.com\\\/es\\\/pistas-minigolf\\\/\"},{\"@type\":\"ListItem\",\"position\":3,\"name\":\"Easy Golf\"}]},{\"@type\":\"WebSite\",\"@id\":\"http:\\\/\\\/lusogolfe.com\\\/#website\",\"url\":\"http:\\\/\\\/lusogolfe.com\\\/\",\"name\":\"Lusogolfe\",\"description\":\"Everything for Minigolf\",\"publisher\":{\"@id\":\"http:\\\/\\\/lusogolfe.com\\\/#organization\"},\"potentialAction\":[{\"@type\":\"SearchAction\",\"target\":{\"@type\":\"EntryPoint\",\"urlTemplate\":\"http:\\\/\\\/lusogolfe.com\\\/?s={search_term_string}\"},\"query-input\":{\"@type\":\"PropertyValueSpecification\",\"valueRequired\":true,\"valueName\":\"search_term_string\"}}],\"inLanguage\":\"es\"},{\"@type\":\"Organization\",\"@id\":\"http:\\\/\\\/lusogolfe.com\\\/#organization\",\"name\":\"Lusogolfe\",\"url\":\"http:\\\/\\\/lusogolfe.com\\\/\",\"logo\":{\"@type\":\"ImageObject\",\"inLanguage\":\"es\",\"@id\":\"http:\\\/\\\/lusogolfe.com\\\/#\\\/schema\\\/logo\\\/image\\\/\",\"url\":\"http:\\\/\\\/lusogolfe.com\\\/wp-content\\\/uploads\\\/2023\\\/05\\\/Lusogolfe-55years.png\",\"contentUrl\":\"http:\\\/\\\/lusogolfe.com\\\/wp-content\\\/uploads\\\/2023\\\/05\\\/Lusogolfe-55years.png\",\"width\":1128,\"height\":768,\"caption\":\"Lusogolfe\"},\"image\":{\"@id\":\"http:\\\/\\\/lusogolfe.com\\\/#\\\/schema\\\/logo\\\/image\\\/\"},\"sameAs\":[\"https:\\\/\\\/www.facebook.com\\\/lusogolfe\\\/\",\"https:\\\/\\\/www.linkedin.com\\\/company\\\/lusogolfe\",\"https:\\\/\\\/www.youtube.com\\\/lusogolfe\",\"https:\\\/\\\/www.instagram.com\\\/lusogolfe\"]}]}<\/script>\n<!-- \/ Yoast SEO plugin. -->","yoast_head_json":{"title":"Easy Golf | Pistas de Minigolf - Lusogolfe","description":"Transportable, de f\u00e1cil instalaci\u00f3n y mantenimiento reducido, este modelo es ideal para transformar un espacio peque\u00f1o en un parque c\u00e1lido y colorido. Su dise\u00f1o simple est\u00e1 animado por los obst\u00e1culos que divierten j\u00f3venes y cautivan m\u00e1s.","robots":{"index":"index","follow":"follow","max-snippet":"max-snippet:-1","max-image-preview":"max-image-preview:large","max-video-preview":"max-video-preview:-1"},"canonical":"http:\/\/lusogolfe.com\/es\/pistas-minigolf\/easy-golf\/","og_locale":"es_ES","og_type":"article","og_title":"Easy Golf | Pistas de Minigolf - Lusogolfe","og_description":"Transportable, de f\u00e1cil instalaci\u00f3n y mantenimiento reducido, este modelo es ideal para transformar un espacio peque\u00f1o en un parque c\u00e1lido y colorido. Su dise\u00f1o simple est\u00e1 animado por los obst\u00e1culos que divierten j\u00f3venes y cautivan m\u00e1s.","og_url":"http:\/\/lusogolfe.com\/es\/pistas-minigolf\/easy-golf\/","og_site_name":"Lusogolfe","article_publisher":"https:\/\/www.facebook.com\/lusogolfe\/","article_modified_time":"2026-02-12T13:42:06+00:00","og_image":[{"url":"https:\/\/lusogolfe.com\/wp-content\/uploads\/2016\/10\/Smart-Golf-300x196.jpg","type":"","width":"","height":""}],"twitter_card":"summary_large_image","twitter_misc":{"Tiempo de lectura":"2 minutos"},"schema":{"@context":"https:\/\/schema.org","@graph":[{"@type":"WebPage","@id":"http:\/\/lusogolfe.com\/es\/pistas-minigolf\/easy-golf\/","url":"http:\/\/lusogolfe.com\/es\/pistas-minigolf\/easy-golf\/","name":"Easy Golf | Pistas de Minigolf - Lusogolfe","isPartOf":{"@id":"http:\/\/lusogolfe.com\/#website"},"primaryImageOfPage":{"@id":"http:\/\/lusogolfe.com\/es\/pistas-minigolf\/easy-golf\/#primaryimage"},"image":{"@id":"http:\/\/lusogolfe.com\/es\/pistas-minigolf\/easy-golf\/#primaryimage"},"thumbnailUrl":"https:\/\/lusogolfe.com\/wp-content\/uploads\/2016\/10\/Smart-Golf-300x196.jpg","datePublished":"2017-12-11T15:20:38+00:00","dateModified":"2026-02-12T13:42:06+00:00","description":"Transportable, de f\u00e1cil instalaci\u00f3n y mantenimiento reducido, este modelo es ideal para transformar un espacio peque\u00f1o en un parque c\u00e1lido y colorido. Su dise\u00f1o simple est\u00e1 animado por los obst\u00e1culos que divierten j\u00f3venes y cautivan m\u00e1s.","breadcrumb":{"@id":"http:\/\/lusogolfe.com\/es\/pistas-minigolf\/easy-golf\/#breadcrumb"},"inLanguage":"es","potentialAction":[{"@type":"ReadAction","target":["http:\/\/lusogolfe.com\/es\/pistas-minigolf\/easy-golf\/"]}]},{"@type":"ImageObject","inLanguage":"es","@id":"http:\/\/lusogolfe.com\/es\/pistas-minigolf\/easy-golf\/#primaryimage","url":"https:\/\/lusogolfe.com\/wp-content\/uploads\/2016\/10\/Smart-Golf-300x196.jpg","contentUrl":"https:\/\/lusogolfe.com\/wp-content\/uploads\/2016\/10\/Smart-Golf-300x196.jpg"},{"@type":"BreadcrumbList","@id":"http:\/\/lusogolfe.com\/es\/pistas-minigolf\/easy-golf\/#breadcrumb","itemListElement":[{"@type":"ListItem","position":1,"name":"Portada","item":"http:\/\/lusogolfe.com\/es\/"},{"@type":"ListItem","position":2,"name":"Pistas de Minigolf","item":"https:\/\/lusogolfe.com\/es\/pistas-minigolf\/"},{"@type":"ListItem","position":3,"name":"Easy Golf"}]},{"@type":"WebSite","@id":"http:\/\/lusogolfe.com\/#website","url":"http:\/\/lusogolfe.com\/","name":"Lusogolfe","description":"Everything for Minigolf","publisher":{"@id":"http:\/\/lusogolfe.com\/#organization"},"potentialAction":[{"@type":"SearchAction","target":{"@type":"EntryPoint","urlTemplate":"http:\/\/lusogolfe.com\/?s={search_term_string}"},"query-input":{"@type":"PropertyValueSpecification","valueRequired":true,"valueName":"search_term_string"}}],"inLanguage":"es"},{"@type":"Organization","@id":"http:\/\/lusogolfe.com\/#organization","name":"Lusogolfe","url":"http:\/\/lusogolfe.com\/","logo":{"@type":"ImageObject","inLanguage":"es","@id":"http:\/\/lusogolfe.com\/#\/schema\/logo\/image\/","url":"http:\/\/lusogolfe.com\/wp-content\/uploads\/2023\/05\/Lusogolfe-55years.png","contentUrl":"http:\/\/lusogolfe.com\/wp-content\/uploads\/2023\/05\/Lusogolfe-55years.png","width":1128,"height":768,"caption":"Lusogolfe"},"image":{"@id":"http:\/\/lusogolfe.com\/#\/schema\/logo\/image\/"},"sameAs":["https:\/\/www.facebook.com\/lusogolfe\/","https:\/\/www.linkedin.com\/company\/lusogolfe","https:\/\/www.youtube.com\/lusogolfe","https:\/\/www.instagram.com\/lusogolfe"]}]}},"_links":{"self":[{"href":"https:\/\/lusogolfe.com\/es\/wp-json\/wp\/v2\/pages\/4662","targetHints":{"allow":["GET"]}}],"collection":[{"href":"https:\/\/lusogolfe.com\/es\/wp-json\/wp\/v2\/pages"}],"about":[{"href":"https:\/\/lusogolfe.com\/es\/wp-json\/wp\/v2\/types\/page"}],"author":[{"embeddable":true,"href":"https:\/\/lusogolfe.com\/es\/wp-json\/wp\/v2\/users\/2"}],"replies":[{"embeddable":true,"href":"https:\/\/lusogolfe.com\/es\/wp-json\/wp\/v2\/comments?post=4662"}],"version-history":[{"count":18,"href":"https:\/\/lusogolfe.com\/es\/wp-json\/wp\/v2\/pages\/4662\/revisions"}],"predecessor-version":[{"id":18326,"href":"https:\/\/lusogolfe.com\/es\/wp-json\/wp\/v2\/pages\/4662\/revisions\/18326"}],"up":[{"embeddable":true,"href":"https:\/\/lusogolfe.com\/es\/wp-json\/wp\/v2\/pages\/1782"}],"wp:attachment":[{"href":"https:\/\/lusogolfe.com\/es\/wp-json\/wp\/v2\/media?parent=4662"}],"curies":[{"name":"wp","href":"https:\/\/api.w.org\/{rel}","templated":true}]}}