{"id":4200,"date":"2017-12-05T10:28:05","date_gmt":"2017-12-05T10:28:05","guid":{"rendered":"https:\/\/lusogolfe.com\/es\/mi-minigolf-pro\/checkout\/"},"modified":"2024-01-03T11:01:09","modified_gmt":"2024-01-03T11:01:09","slug":"checkout","status":"publish","type":"page","link":"https:\/\/lusogolfe.com\/es\/mi-minigolf-pro\/checkout\/","title":{"rendered":"Finalizar"},"content":{"rendered":"<div class=\"wpb-content-wrapper\"><p>[vc_row bg_color=&#8221;#ffffff&#8221;][vc_column width=&#8221;2\/3&#8243;][vc_column_text]<strong>HACER SU PEDIDO<\/strong>[\/vc_column_text][vc_column_text]<script charset=\"utf-8\" type=\"text\/javascript\" src=\"\/\/js.hsforms.net\/forms\/embed\/v2.js\"><\/script><br \/>\n<script>\n  hbspt.forms.create({\n    region: \"na1\",\n    portalId: \"19939676\",\n    formId: \"33e90d47-77f9-4547-958e-7a0fc58da9e0\"\n  });\n<\/script>[\/vc_column_text][\/vc_column][vc_column width=&#8221;1\/3&#8243;][vc_column_text]<b>SU COMPRA<\/b><\/p>\n<p><img loading=\"lazy\" decoding=\"async\" class=\"alignnone size-full wp-image-12039\" src=\"https:\/\/lusogolfe.com\/wp-content\/uploads\/2022\/01\/Myminigolf-set.jpg\" alt=\"\" width=\"300\" height=\"167\" \/>[\/vc_column_text][vc_column_text]<strong><span style=\"font-size: 15px;\">307,<sup>50\u20ac<\/sup><\/span><\/strong><br \/>\n<strong><u>Precio unitario. IVA incluido. M\u00e1s gastos de env\u00edo.<\/u><\/strong><\/p>\n<p style=\"text-align: left;\"><strong>Cargos de env\u00edo:<\/strong><br \/>\nPara calcular, por favor, rellene todos los campos. Nosotros enviaremos un email con el valor de los portes.<\/p>\n<p style=\"text-align: left;\"><strong>M\u00e9todos de pago aceptados:<\/strong><br \/>\n\u2013 Transferencia bancaria.<\/p>\n<p style=\"text-align: left;\"><strong>Nota:<\/strong><br \/>\nEl pedido s\u00f3lo ser\u00e1 confirmado despu\u00e9s del pago.<\/p>\n<p>[\/vc_column_text][\/vc_column][\/vc_row]<\/p>\n<\/div>","protected":false},"excerpt":{"rendered":"<p>[vc_row bg_color=&#8221;#ffffff&#8221;][vc_column width=&#8221;2\/3&#8243;][vc_column_text]HACER SU PEDIDO[\/vc_column_text][vc_column_text] [\/vc_column_text][\/vc_column][vc_column width=&#8221;1\/3&#8243;][vc_column_text]SU COMPRA [\/vc_column_text][vc_column_text]307,50\u20ac Precio unitario. IVA incluido. M\u00e1s gastos de env\u00edo. Cargos de env\u00edo: Para calcular, por favor, rellene todos los campos. Nosotros enviaremos un email con el valor de los portes. M\u00e9todos de pago aceptados: \u2013 Transferencia bancaria. Nota: El pedido s\u00f3lo ser\u00e1 confirmado despu\u00e9s del pago. [\/vc_column_text][\/vc_column][\/vc_row]<\/p>\n","protected":false},"author":2,"featured_media":0,"parent":2062,"menu_order":0,"comment_status":"closed","ping_status":"closed","template":"","meta":{"content-type":"","footnotes":""},"class_list":["post-4200","page","type-page","status-publish","hentry"],"yoast_head":"<!-- This site is optimized with the Yoast SEO plugin v27.5 - https:\/\/yoast.com\/product\/yoast-seo-wordpress\/ -->\n<title>Finalizar - Lusogolfe<\/title>\n<meta name=\"robots\" content=\"noindex, nofollow\" \/>\n<meta property=\"og:locale\" content=\"es_ES\" \/>\n<meta property=\"og:type\" content=\"article\" \/>\n<meta property=\"og:title\" content=\"Finalizar - Lusogolfe\" \/>\n<meta property=\"og:description\" content=\"[vc_row bg_color=&#8221;#ffffff&#8221;][vc_column width=&#8221;2\/3&#8243;][vc_column_text]HACER SU PEDIDO[\/vc_column_text][vc_column_text] [\/vc_column_text][\/vc_column][vc_column width=&#8221;1\/3&#8243;][vc_column_text]SU COMPRA [\/vc_column_text][vc_column_text]307,50\u20ac Precio unitario. IVA incluido. M\u00e1s gastos de env\u00edo. Cargos de env\u00edo: Para calcular, por favor, rellene todos los campos. Nosotros enviaremos un email con el valor de los portes. M\u00e9todos de pago aceptados: \u2013 Transferencia bancaria. Nota: El pedido s\u00f3lo ser\u00e1 confirmado despu\u00e9s del pago. [\/vc_column_text][\/vc_column][\/vc_row]\" \/>\n<meta property=\"og:url\" content=\"https:\/\/lusogolfe.com\/es\/mi-minigolf-pro\/checkout\/\" \/>\n<meta property=\"og:site_name\" content=\"Lusogolfe\" \/>\n<meta property=\"article:publisher\" content=\"https:\/\/www.facebook.com\/lusogolfe\/\" \/>\n<meta property=\"article:modified_time\" content=\"2024-01-03T11:01:09+00:00\" \/>\n<meta property=\"og:image\" content=\"https:\/\/lusogolfe.com\/wp-content\/uploads\/2022\/01\/Myminigolf-set.jpg\" \/>\n<meta name=\"twitter:card\" content=\"summary_large_image\" \/>\n<meta name=\"twitter:label1\" content=\"Tiempo de lectura\" \/>\n\t<meta name=\"twitter:data1\" content=\"1 minuto\" \/>\n<script type=\"application\/ld+json\" class=\"yoast-schema-graph\">{\"@context\":\"https:\\\/\\\/schema.org\",\"@graph\":[{\"@type\":\"WebPage\",\"@id\":\"https:\\\/\\\/lusogolfe.com\\\/es\\\/mi-minigolf-pro\\\/checkout\\\/\",\"url\":\"https:\\\/\\\/lusogolfe.com\\\/es\\\/mi-minigolf-pro\\\/checkout\\\/\",\"name\":\"Finalizar - Lusogolfe\",\"isPartOf\":{\"@id\":\"https:\\\/\\\/lusogolfe.com\\\/#website\"},\"primaryImageOfPage\":{\"@id\":\"https:\\\/\\\/lusogolfe.com\\\/es\\\/mi-minigolf-pro\\\/checkout\\\/#primaryimage\"},\"image\":{\"@id\":\"https:\\\/\\\/lusogolfe.com\\\/es\\\/mi-minigolf-pro\\\/checkout\\\/#primaryimage\"},\"thumbnailUrl\":\"https:\\\/\\\/lusogolfe.com\\\/wp-content\\\/uploads\\\/2022\\\/01\\\/Myminigolf-set.jpg\",\"datePublished\":\"2017-12-05T10:28:05+00:00\",\"dateModified\":\"2024-01-03T11:01:09+00:00\",\"breadcrumb\":{\"@id\":\"https:\\\/\\\/lusogolfe.com\\\/es\\\/mi-minigolf-pro\\\/checkout\\\/#breadcrumb\"},\"inLanguage\":\"es\",\"potentialAction\":[{\"@type\":\"ReadAction\",\"target\":[\"https:\\\/\\\/lusogolfe.com\\\/es\\\/mi-minigolf-pro\\\/checkout\\\/\"]}]},{\"@type\":\"ImageObject\",\"inLanguage\":\"es\",\"@id\":\"https:\\\/\\\/lusogolfe.com\\\/es\\\/mi-minigolf-pro\\\/checkout\\\/#primaryimage\",\"url\":\"https:\\\/\\\/lusogolfe.com\\\/wp-content\\\/uploads\\\/2022\\\/01\\\/Myminigolf-set.jpg\",\"contentUrl\":\"https:\\\/\\\/lusogolfe.com\\\/wp-content\\\/uploads\\\/2022\\\/01\\\/Myminigolf-set.jpg\"},{\"@type\":\"BreadcrumbList\",\"@id\":\"https:\\\/\\\/lusogolfe.com\\\/es\\\/mi-minigolf-pro\\\/checkout\\\/#breadcrumb\",\"itemListElement\":[{\"@type\":\"ListItem\",\"position\":1,\"name\":\"Portada\",\"item\":\"http:\\\/\\\/lusogolfe.com\\\/es\\\/\"},{\"@type\":\"ListItem\",\"position\":2,\"name\":\"MiMinigolf Pro\",\"item\":\"https:\\\/\\\/lusogolfe.com\\\/es\\\/mi-minigolf-pro\\\/\"},{\"@type\":\"ListItem\",\"position\":3,\"name\":\"Finalizar\"}]},{\"@type\":\"WebSite\",\"@id\":\"https:\\\/\\\/lusogolfe.com\\\/#website\",\"url\":\"https:\\\/\\\/lusogolfe.com\\\/\",\"name\":\"Lusogolfe\",\"description\":\"Everything for Minigolf\",\"publisher\":{\"@id\":\"https:\\\/\\\/lusogolfe.com\\\/#organization\"},\"potentialAction\":[{\"@type\":\"SearchAction\",\"target\":{\"@type\":\"EntryPoint\",\"urlTemplate\":\"https:\\\/\\\/lusogolfe.com\\\/?s={search_term_string}\"},\"query-input\":{\"@type\":\"PropertyValueSpecification\",\"valueRequired\":true,\"valueName\":\"search_term_string\"}}],\"inLanguage\":\"es\"},{\"@type\":\"Organization\",\"@id\":\"https:\\\/\\\/lusogolfe.com\\\/#organization\",\"name\":\"Lusogolfe\",\"url\":\"https:\\\/\\\/lusogolfe.com\\\/\",\"logo\":{\"@type\":\"ImageObject\",\"inLanguage\":\"es\",\"@id\":\"https:\\\/\\\/lusogolfe.com\\\/#\\\/schema\\\/logo\\\/image\\\/\",\"url\":\"http:\\\/\\\/lusogolfe.com\\\/wp-content\\\/uploads\\\/2023\\\/05\\\/Lusogolfe-55years.png\",\"contentUrl\":\"http:\\\/\\\/lusogolfe.com\\\/wp-content\\\/uploads\\\/2023\\\/05\\\/Lusogolfe-55years.png\",\"width\":1128,\"height\":768,\"caption\":\"Lusogolfe\"},\"image\":{\"@id\":\"https:\\\/\\\/lusogolfe.com\\\/#\\\/schema\\\/logo\\\/image\\\/\"},\"sameAs\":[\"https:\\\/\\\/www.facebook.com\\\/lusogolfe\\\/\",\"https:\\\/\\\/www.linkedin.com\\\/company\\\/lusogolfe\",\"https:\\\/\\\/www.youtube.com\\\/lusogolfe\",\"https:\\\/\\\/www.instagram.com\\\/lusogolfe\"]}]}<\/script>\n<!-- \/ Yoast SEO plugin. -->","yoast_head_json":{"title":"Finalizar - Lusogolfe","robots":{"index":"noindex","follow":"nofollow"},"og_locale":"es_ES","og_type":"article","og_title":"Finalizar - Lusogolfe","og_description":"[vc_row bg_color=&#8221;#ffffff&#8221;][vc_column width=&#8221;2\/3&#8243;][vc_column_text]HACER SU PEDIDO[\/vc_column_text][vc_column_text] [\/vc_column_text][\/vc_column][vc_column width=&#8221;1\/3&#8243;][vc_column_text]SU COMPRA [\/vc_column_text][vc_column_text]307,50\u20ac Precio unitario. IVA incluido. M\u00e1s gastos de env\u00edo. Cargos de env\u00edo: Para calcular, por favor, rellene todos los campos. Nosotros enviaremos un email con el valor de los portes. M\u00e9todos de pago aceptados: \u2013 Transferencia bancaria. Nota: El pedido s\u00f3lo ser\u00e1 confirmado despu\u00e9s del pago. [\/vc_column_text][\/vc_column][\/vc_row]","og_url":"https:\/\/lusogolfe.com\/es\/mi-minigolf-pro\/checkout\/","og_site_name":"Lusogolfe","article_publisher":"https:\/\/www.facebook.com\/lusogolfe\/","article_modified_time":"2024-01-03T11:01:09+00:00","og_image":[{"url":"https:\/\/lusogolfe.com\/wp-content\/uploads\/2022\/01\/Myminigolf-set.jpg","type":"","width":"","height":""}],"twitter_card":"summary_large_image","twitter_misc":{"Tiempo de lectura":"1 minuto"},"schema":{"@context":"https:\/\/schema.org","@graph":[{"@type":"WebPage","@id":"https:\/\/lusogolfe.com\/es\/mi-minigolf-pro\/checkout\/","url":"https:\/\/lusogolfe.com\/es\/mi-minigolf-pro\/checkout\/","name":"Finalizar - Lusogolfe","isPartOf":{"@id":"https:\/\/lusogolfe.com\/#website"},"primaryImageOfPage":{"@id":"https:\/\/lusogolfe.com\/es\/mi-minigolf-pro\/checkout\/#primaryimage"},"image":{"@id":"https:\/\/lusogolfe.com\/es\/mi-minigolf-pro\/checkout\/#primaryimage"},"thumbnailUrl":"https:\/\/lusogolfe.com\/wp-content\/uploads\/2022\/01\/Myminigolf-set.jpg","datePublished":"2017-12-05T10:28:05+00:00","dateModified":"2024-01-03T11:01:09+00:00","breadcrumb":{"@id":"https:\/\/lusogolfe.com\/es\/mi-minigolf-pro\/checkout\/#breadcrumb"},"inLanguage":"es","potentialAction":[{"@type":"ReadAction","target":["https:\/\/lusogolfe.com\/es\/mi-minigolf-pro\/checkout\/"]}]},{"@type":"ImageObject","inLanguage":"es","@id":"https:\/\/lusogolfe.com\/es\/mi-minigolf-pro\/checkout\/#primaryimage","url":"https:\/\/lusogolfe.com\/wp-content\/uploads\/2022\/01\/Myminigolf-set.jpg","contentUrl":"https:\/\/lusogolfe.com\/wp-content\/uploads\/2022\/01\/Myminigolf-set.jpg"},{"@type":"BreadcrumbList","@id":"https:\/\/lusogolfe.com\/es\/mi-minigolf-pro\/checkout\/#breadcrumb","itemListElement":[{"@type":"ListItem","position":1,"name":"Portada","item":"http:\/\/lusogolfe.com\/es\/"},{"@type":"ListItem","position":2,"name":"MiMinigolf Pro","item":"https:\/\/lusogolfe.com\/es\/mi-minigolf-pro\/"},{"@type":"ListItem","position":3,"name":"Finalizar"}]},{"@type":"WebSite","@id":"https:\/\/lusogolfe.com\/#website","url":"https:\/\/lusogolfe.com\/","name":"Lusogolfe","description":"Everything for Minigolf","publisher":{"@id":"https:\/\/lusogolfe.com\/#organization"},"potentialAction":[{"@type":"SearchAction","target":{"@type":"EntryPoint","urlTemplate":"https:\/\/lusogolfe.com\/?s={search_term_string}"},"query-input":{"@type":"PropertyValueSpecification","valueRequired":true,"valueName":"search_term_string"}}],"inLanguage":"es"},{"@type":"Organization","@id":"https:\/\/lusogolfe.com\/#organization","name":"Lusogolfe","url":"https:\/\/lusogolfe.com\/","logo":{"@type":"ImageObject","inLanguage":"es","@id":"https:\/\/lusogolfe.com\/#\/schema\/logo\/image\/","url":"http:\/\/lusogolfe.com\/wp-content\/uploads\/2023\/05\/Lusogolfe-55years.png","contentUrl":"http:\/\/lusogolfe.com\/wp-content\/uploads\/2023\/05\/Lusogolfe-55years.png","width":1128,"height":768,"caption":"Lusogolfe"},"image":{"@id":"https:\/\/lusogolfe.com\/#\/schema\/logo\/image\/"},"sameAs":["https:\/\/www.facebook.com\/lusogolfe\/","https:\/\/www.linkedin.com\/company\/lusogolfe","https:\/\/www.youtube.com\/lusogolfe","https:\/\/www.instagram.com\/lusogolfe"]}]}},"_links":{"self":[{"href":"https:\/\/lusogolfe.com\/es\/wp-json\/wp\/v2\/pages\/4200","targetHints":{"allow":["GET"]}}],"collection":[{"href":"https:\/\/lusogolfe.com\/es\/wp-json\/wp\/v2\/pages"}],"about":[{"href":"https:\/\/lusogolfe.com\/es\/wp-json\/wp\/v2\/types\/page"}],"author":[{"embeddable":true,"href":"https:\/\/lusogolfe.com\/es\/wp-json\/wp\/v2\/users\/2"}],"replies":[{"embeddable":true,"href":"https:\/\/lusogolfe.com\/es\/wp-json\/wp\/v2\/comments?post=4200"}],"version-history":[{"count":8,"href":"https:\/\/lusogolfe.com\/es\/wp-json\/wp\/v2\/pages\/4200\/revisions"}],"predecessor-version":[{"id":15789,"href":"https:\/\/lusogolfe.com\/es\/wp-json\/wp\/v2\/pages\/4200\/revisions\/15789"}],"up":[{"embeddable":true,"href":"https:\/\/lusogolfe.com\/es\/wp-json\/wp\/v2\/pages\/2062"}],"wp:attachment":[{"href":"https:\/\/lusogolfe.com\/es\/wp-json\/wp\/v2\/media?parent=4200"}],"curies":[{"name":"wp","href":"https:\/\/api.w.org\/{rel}","templated":true}]}}