{"id":4096,"date":"2018-01-11T11:26:14","date_gmt":"2018-01-11T11:26:14","guid":{"rendered":"https:\/\/lusogolfe.com\/es\/pista-minigolfe-direta\/"},"modified":"2023-02-02T16:11:42","modified_gmt":"2023-02-02T16:11:42","slug":"pista-minigolf-directa","status":"publish","type":"page","link":"https:\/\/lusogolfe.com\/es\/pista-minigolf-directa\/","title":{"rendered":"Pista de Minigolf Directa"},"content":{"rendered":"<div class=\"wpb-content-wrapper\"><p>[vc_row][vc_column width=&#8221;2\/3&#8243;][vc_column_text css=&#8221;.vc_custom_1675354294697{margin-bottom: 10px !important;border-bottom-width: 10px !important;padding-bottom: 10px !important;}&#8221;]<\/p>\n<h1><span style=\"color: black; font-size: 24px; font-weight: bold;\">PISTA DE MINIGOLF DIRECTA<\/span><\/h1>\n<h2>L\u00edneas modernas y divertidas<\/h2>\n<p>[\/vc_column_text][vc_column_text]<\/p>\n<p>&nbsp;<\/p>\n<p><img loading=\"lazy\" decoding=\"async\" class=\"aligncenter wp-image-4007 zoooom\" src=\"https:\/\/lusogolfe.com\/wp-content\/uploads\/2018\/01\/Pista-minigolfe-direta-LG.jpg\" alt=\"\" width=\"600\" height=\"335\" \/>[\/vc_column_text][block_title style=&#8221;column_title&#8221; inner_style=&#8221;inline_border&#8221; title=&#8221;Especificaciones tecnicas&#8221;][\/block_title][vc_column_text]<strong>Materiales:<\/strong>\u00a0Tubo cuadrado y retangular y acero laminado<\/p>\n<p><strong>Superficie de juego:<\/strong>\u00a0Placa de cimento revestida com relva sint\u00e9tica<\/p>\n<p><strong>Protecci\u00f3n y pintura:<\/strong>\u00a0Tratamiento por galvanizaci\u00f3n en color gris y sin lacage en polvo y tratamiento de metalizaci\u00f3n con pintura en polvo para colorear.<\/p>\n<p><strong>Medidas:<\/strong>\u00a0Longitud 3.33m | Ancho: 0.59m | C\u00edrculo: 0.935m<\/p>\n<p><strong>Resistencia:<\/strong> Resistente al clima.[\/vc_column_text][vc_gallery type=&#8221;flexslider_slide&#8221; interval=&#8221;3&#8243; images=&#8221;4009,4010,4012,4011&#8243; img_size=&#8221;full&#8221; css=&#8221;.vc_custom_1515669611556{margin-bottom: -40px !important;border-bottom-width: -40px !important;padding-bottom: -40px !important;}&#8221;][\/vc_column][vc_column width=&#8221;1\/3&#8243;][vc_column_text css=&#8221;.vc_custom_1601052852644{margin-bottom: 10px !important;border-bottom-width: 10px !important;padding-bottom: 10px !important;}&#8221;]<\/p>\n<h1><span style=\"color: black; font-size: 24px; font-weight: bold;\">DETALLES<\/span><\/h1>\n<h2>M\u00e1s informaci\u00f3n sobre esta pista<\/h2>\n<p>[\/vc_column_text][vc_column_text css=&#8221;.vc_custom_1655893278513{margin-bottom: 10px !important;border-bottom-width: 10px !important;padding-bottom: 10px !important;}&#8221;]<\/p>\n<ul>\n<li style=\"text-align: left;\">Pista sin obst\u00e1culos<\/li>\n<li style=\"text-align: left;\">Preparada para Indoor &amp; Outdoor<\/li>\n<li style=\"text-align: left;\">F\u00e1cilmente transitable<\/li>\n<li style=\"text-align: left;\">Puede ser jugado por personas de todas las edades<\/li>\n<li style=\"text-align: left;\">Puede ser jugado en grupo o individualmente<\/li>\n<li style=\"text-align: left;\">Garant\u00eda de 2 a\u00f1os<\/li>\n<\/ul>\n<p>[\/vc_column_text][vc_column_text css=&#8221;.vc_custom_1675354286465{margin-bottom: 10px !important;border-bottom-width: 10px !important;padding-bottom: 10px !important;}&#8221;]<\/p>\n<h2><span style=\"color: black; font-size: 24px; font-weight: bold;\">\u00bfTE GUSTAR\u00cdA SABER M\u00c1S?<\/span><\/h2>\n<p><script charset=\"utf-8\" type=\"text\/javascript\" src=\"\/\/js.hsforms.net\/forms\/embed\/v2.js\"><\/script><br \/>\n<script>\n  hbspt.forms.create({\n    region: \"na1\",\n    portalId: \"19939676\",\n    formId: \"a30582f4-5fe7-4626-aaa0-99a439aa6a74\"\n  });\n<\/script>[\/vc_column_text][\/vc_column][\/vc_row][vc_row][vc_column][separator width=&#8221;100%&#8221; height=&#8221;1px&#8221; color=&#8221;#e1e1e1&#8243;][\/vc_column][\/vc_row][vc_row][vc_column][testimonial_carousel test_cat=&#8221;0&#8243; duration=&#8221;1000&#8243;][\/vc_column][\/vc_row][vc_row][vc_column][block_title style=&#8221;column_title&#8221; inner_style=&#8221;inline_border&#8221; title=&#8221;La gente interesada en este producto tambi\u00e9n ha visto&#8221;][\/block_title][\/vc_column][\/vc_row][vc_row][vc_column width=&#8221;1\/3&#8243;][vc_column_text]<\/p>\n<h2><a href=\"https:\/\/lusogolfe.com\/es\/mi-minigolf-pro\/\"><img loading=\"lazy\" decoding=\"async\" class=\"alignnone size-medium wp-image-3992\" src=\"https:\/\/lusogolfe.com\/wp-content\/uploads\/2018\/01\/Novo-Kit-Meu-Minigolfe-Pro-300x167.jpg\" alt=\"Kit-Meu-Minigolfe-Pro\" width=\"300\" height=\"167\" \/><br \/>\n<\/a><a href=\"https:\/\/lusogolfe.com\/es\/mi-minigolf-pro\/\">Kit &#8216;MiMinigolf Pro&#8217;<\/a><\/h2>\n<p>Conjunto de 13 obst\u00e1culos super resistentes con bolsa propia para transportar f\u00e1cilmente.[\/vc_column_text][\/vc_column][vc_column width=&#8221;1\/3&#8243;][vc_column_text]<\/p>\n<h2><a href=\"https:\/\/lusogolfe.com\/es\/easy-golf-pack\/\"><img loading=\"lazy\" decoding=\"async\" class=\"alignnone size-medium wp-image-4033\" src=\"https:\/\/lusogolfe.com\/wp-content\/uploads\/2018\/01\/Eye-300x167.jpg\" alt=\"\" width=\"300\" height=\"167\" \/><br \/>\n<\/a><a href=\"https:\/\/lusogolfe.com\/es\/easy-golf-pack\/\">Easy Golf Pack<\/a><\/h2>\n<p>Selecci\u00f3n de seis pistas de Minigolf con l\u00edneas modernas, y dise\u00f1o de referencia en el mercado.[\/vc_column_text][\/vc_column][vc_column width=&#8221;1\/3&#8243;][\/vc_column][\/vc_row][vc_row][vc_column column_padding=&#8221;2.5%&#8221; css=&#8221;.vc_custom_1476984252706{background-color: #f6f6f6 !important;}&#8221;][textbar title=&#8221;\u00bfTienes dudas? \u00a1Habla con nosotros!&#8221; button_title=&#8221;Contactar&#8221; button_link=&#8221;https:\/\/lusogolfe.com\/es\/contactos\/&#8221; icon=&#8221;steadysets-icon-users2&#8243;][\/vc_column][\/vc_row]<\/p>\n<\/div>","protected":false},"excerpt":{"rendered":"<p>[vc_row][vc_column width=&#8221;2\/3&#8243;][vc_column_text css=&#8221;.vc_custom_1675354294697{margin-bottom: 10px !important;border-bottom-width: 10px !important;padding-bottom: 10px !important;}&#8221;] PISTA DE MINIGOLF DIRECTA L\u00edneas modernas y divertidas [\/vc_column_text][vc_column_text] &nbsp; [\/vc_column_text][block_title style=&#8221;column_title&#8221; inner_style=&#8221;inline_border&#8221; title=&#8221;Especificaciones tecnicas&#8221;][\/block_title][vc_column_text]Materiales:\u00a0Tubo cuadrado y retangular y acero laminado Superficie de juego:\u00a0Placa de cimento revestida com relva sint\u00e9tica Protecci\u00f3n y pintura:\u00a0Tratamiento por galvanizaci\u00f3n en color gris y sin lacage en polvo y tratamiento de [&hellip;]<\/p>\n","protected":false},"author":2,"featured_media":0,"parent":0,"menu_order":0,"comment_status":"closed","ping_status":"closed","template":"","meta":{"content-type":"","footnotes":""},"class_list":["post-4096","page","type-page","status-publish","hentry"],"yoast_head":"<!-- This site is optimized with the Yoast SEO plugin v27.3 - https:\/\/yoast.com\/product\/yoast-seo-wordpress\/ -->\n<title>Pista de Minigolf Directa | L\u00edneas modernas, sin obst\u00e1culos.<\/title>\n<meta name=\"description\" content=\"Para Indoor &amp; Outdoor. Resistente al clima. Vers\u00e1til y din\u00e1mico. F\u00e1cilmente transitable. Puede ser conjugada con el Kit MiMinigolf Pro. Enviamos a todo el mundo.\" \/>\n<meta name=\"robots\" content=\"index, follow, max-snippet:-1, max-image-preview:large, max-video-preview:-1\" \/>\n<link rel=\"canonical\" href=\"https:\/\/lusogolfe.com\/es\/pista-minigolf-directa\/\" \/>\n<meta property=\"og:locale\" content=\"es_ES\" \/>\n<meta property=\"og:type\" content=\"article\" \/>\n<meta property=\"og:title\" content=\"Pista de Minigolf Directa | L\u00edneas modernas, sin obst\u00e1culos.\" \/>\n<meta property=\"og:description\" content=\"Para Indoor &amp; Outdoor. Resistente al clima. Vers\u00e1til y din\u00e1mico. F\u00e1cilmente transitable. Puede ser conjugada con el Kit MiMinigolf Pro. Enviamos a todo el mundo.\" \/>\n<meta property=\"og:url\" content=\"https:\/\/lusogolfe.com\/es\/pista-minigolf-directa\/\" \/>\n<meta property=\"og:site_name\" content=\"Lusogolfe\" \/>\n<meta property=\"article:publisher\" content=\"https:\/\/www.facebook.com\/lusogolfe\/\" \/>\n<meta property=\"article:modified_time\" content=\"2023-02-02T16:11:42+00:00\" \/>\n<meta property=\"og:image\" content=\"https:\/\/lusogolfe.com\/wp-content\/uploads\/2018\/01\/Pista-minigolfe-direta-LG.jpg\" \/>\n<meta name=\"twitter:card\" content=\"summary_large_image\" \/>\n<meta name=\"twitter:label1\" content=\"Tiempo de lectura\" \/>\n\t<meta name=\"twitter:data1\" content=\"2 minutos\" \/>\n<script type=\"application\/ld+json\" class=\"yoast-schema-graph\">{\"@context\":\"https:\\\/\\\/schema.org\",\"@graph\":[{\"@type\":\"WebPage\",\"@id\":\"https:\\\/\\\/lusogolfe.com\\\/es\\\/pista-minigolf-directa\\\/\",\"url\":\"https:\\\/\\\/lusogolfe.com\\\/es\\\/pista-minigolf-directa\\\/\",\"name\":\"Pista de Minigolf Directa | L\u00edneas modernas, sin obst\u00e1culos.\",\"isPartOf\":{\"@id\":\"http:\\\/\\\/lusogolfe.com\\\/#website\"},\"primaryImageOfPage\":{\"@id\":\"https:\\\/\\\/lusogolfe.com\\\/es\\\/pista-minigolf-directa\\\/#primaryimage\"},\"image\":{\"@id\":\"https:\\\/\\\/lusogolfe.com\\\/es\\\/pista-minigolf-directa\\\/#primaryimage\"},\"thumbnailUrl\":\"https:\\\/\\\/lusogolfe.com\\\/wp-content\\\/uploads\\\/2018\\\/01\\\/Pista-minigolfe-direta-LG.jpg\",\"datePublished\":\"2018-01-11T11:26:14+00:00\",\"dateModified\":\"2023-02-02T16:11:42+00:00\",\"description\":\"Para Indoor & Outdoor. Resistente al clima. Vers\u00e1til y din\u00e1mico. F\u00e1cilmente transitable. Puede ser conjugada con el Kit MiMinigolf Pro. Enviamos a todo el mundo.\",\"breadcrumb\":{\"@id\":\"https:\\\/\\\/lusogolfe.com\\\/es\\\/pista-minigolf-directa\\\/#breadcrumb\"},\"inLanguage\":\"es\",\"potentialAction\":[{\"@type\":\"ReadAction\",\"target\":[\"https:\\\/\\\/lusogolfe.com\\\/es\\\/pista-minigolf-directa\\\/\"]}]},{\"@type\":\"ImageObject\",\"inLanguage\":\"es\",\"@id\":\"https:\\\/\\\/lusogolfe.com\\\/es\\\/pista-minigolf-directa\\\/#primaryimage\",\"url\":\"https:\\\/\\\/lusogolfe.com\\\/wp-content\\\/uploads\\\/2018\\\/01\\\/Pista-minigolfe-direta-LG.jpg\",\"contentUrl\":\"https:\\\/\\\/lusogolfe.com\\\/wp-content\\\/uploads\\\/2018\\\/01\\\/Pista-minigolfe-direta-LG.jpg\"},{\"@type\":\"BreadcrumbList\",\"@id\":\"https:\\\/\\\/lusogolfe.com\\\/es\\\/pista-minigolf-directa\\\/#breadcrumb\",\"itemListElement\":[{\"@type\":\"ListItem\",\"position\":1,\"name\":\"Portada\",\"item\":\"http:\\\/\\\/lusogolfe.com\\\/es\\\/\"},{\"@type\":\"ListItem\",\"position\":2,\"name\":\"Pista de Minigolf Directa\"}]},{\"@type\":\"WebSite\",\"@id\":\"http:\\\/\\\/lusogolfe.com\\\/#website\",\"url\":\"http:\\\/\\\/lusogolfe.com\\\/\",\"name\":\"Lusogolfe\",\"description\":\"Everything for Minigolf\",\"publisher\":{\"@id\":\"http:\\\/\\\/lusogolfe.com\\\/#organization\"},\"potentialAction\":[{\"@type\":\"SearchAction\",\"target\":{\"@type\":\"EntryPoint\",\"urlTemplate\":\"http:\\\/\\\/lusogolfe.com\\\/?s={search_term_string}\"},\"query-input\":{\"@type\":\"PropertyValueSpecification\",\"valueRequired\":true,\"valueName\":\"search_term_string\"}}],\"inLanguage\":\"es\"},{\"@type\":\"Organization\",\"@id\":\"http:\\\/\\\/lusogolfe.com\\\/#organization\",\"name\":\"Lusogolfe\",\"url\":\"http:\\\/\\\/lusogolfe.com\\\/\",\"logo\":{\"@type\":\"ImageObject\",\"inLanguage\":\"es\",\"@id\":\"http:\\\/\\\/lusogolfe.com\\\/#\\\/schema\\\/logo\\\/image\\\/\",\"url\":\"http:\\\/\\\/lusogolfe.com\\\/wp-content\\\/uploads\\\/2023\\\/05\\\/Lusogolfe-55years.png\",\"contentUrl\":\"http:\\\/\\\/lusogolfe.com\\\/wp-content\\\/uploads\\\/2023\\\/05\\\/Lusogolfe-55years.png\",\"width\":1128,\"height\":768,\"caption\":\"Lusogolfe\"},\"image\":{\"@id\":\"http:\\\/\\\/lusogolfe.com\\\/#\\\/schema\\\/logo\\\/image\\\/\"},\"sameAs\":[\"https:\\\/\\\/www.facebook.com\\\/lusogolfe\\\/\",\"https:\\\/\\\/www.linkedin.com\\\/company\\\/lusogolfe\",\"https:\\\/\\\/www.youtube.com\\\/lusogolfe\",\"https:\\\/\\\/www.instagram.com\\\/lusogolfe\"]}]}<\/script>\n<!-- \/ Yoast SEO plugin. -->","yoast_head_json":{"title":"Pista de Minigolf Directa | L\u00edneas modernas, sin obst\u00e1culos.","description":"Para Indoor & Outdoor. Resistente al clima. Vers\u00e1til y din\u00e1mico. F\u00e1cilmente transitable. Puede ser conjugada con el Kit MiMinigolf Pro. Enviamos a todo el mundo.","robots":{"index":"index","follow":"follow","max-snippet":"max-snippet:-1","max-image-preview":"max-image-preview:large","max-video-preview":"max-video-preview:-1"},"canonical":"https:\/\/lusogolfe.com\/es\/pista-minigolf-directa\/","og_locale":"es_ES","og_type":"article","og_title":"Pista de Minigolf Directa | L\u00edneas modernas, sin obst\u00e1culos.","og_description":"Para Indoor & Outdoor. Resistente al clima. Vers\u00e1til y din\u00e1mico. F\u00e1cilmente transitable. Puede ser conjugada con el Kit MiMinigolf Pro. Enviamos a todo el mundo.","og_url":"https:\/\/lusogolfe.com\/es\/pista-minigolf-directa\/","og_site_name":"Lusogolfe","article_publisher":"https:\/\/www.facebook.com\/lusogolfe\/","article_modified_time":"2023-02-02T16:11:42+00:00","og_image":[{"url":"https:\/\/lusogolfe.com\/wp-content\/uploads\/2018\/01\/Pista-minigolfe-direta-LG.jpg","type":"","width":"","height":""}],"twitter_card":"summary_large_image","twitter_misc":{"Tiempo de lectura":"2 minutos"},"schema":{"@context":"https:\/\/schema.org","@graph":[{"@type":"WebPage","@id":"https:\/\/lusogolfe.com\/es\/pista-minigolf-directa\/","url":"https:\/\/lusogolfe.com\/es\/pista-minigolf-directa\/","name":"Pista de Minigolf Directa | L\u00edneas modernas, sin obst\u00e1culos.","isPartOf":{"@id":"http:\/\/lusogolfe.com\/#website"},"primaryImageOfPage":{"@id":"https:\/\/lusogolfe.com\/es\/pista-minigolf-directa\/#primaryimage"},"image":{"@id":"https:\/\/lusogolfe.com\/es\/pista-minigolf-directa\/#primaryimage"},"thumbnailUrl":"https:\/\/lusogolfe.com\/wp-content\/uploads\/2018\/01\/Pista-minigolfe-direta-LG.jpg","datePublished":"2018-01-11T11:26:14+00:00","dateModified":"2023-02-02T16:11:42+00:00","description":"Para Indoor & Outdoor. Resistente al clima. Vers\u00e1til y din\u00e1mico. F\u00e1cilmente transitable. Puede ser conjugada con el Kit MiMinigolf Pro. Enviamos a todo el mundo.","breadcrumb":{"@id":"https:\/\/lusogolfe.com\/es\/pista-minigolf-directa\/#breadcrumb"},"inLanguage":"es","potentialAction":[{"@type":"ReadAction","target":["https:\/\/lusogolfe.com\/es\/pista-minigolf-directa\/"]}]},{"@type":"ImageObject","inLanguage":"es","@id":"https:\/\/lusogolfe.com\/es\/pista-minigolf-directa\/#primaryimage","url":"https:\/\/lusogolfe.com\/wp-content\/uploads\/2018\/01\/Pista-minigolfe-direta-LG.jpg","contentUrl":"https:\/\/lusogolfe.com\/wp-content\/uploads\/2018\/01\/Pista-minigolfe-direta-LG.jpg"},{"@type":"BreadcrumbList","@id":"https:\/\/lusogolfe.com\/es\/pista-minigolf-directa\/#breadcrumb","itemListElement":[{"@type":"ListItem","position":1,"name":"Portada","item":"http:\/\/lusogolfe.com\/es\/"},{"@type":"ListItem","position":2,"name":"Pista de Minigolf Directa"}]},{"@type":"WebSite","@id":"http:\/\/lusogolfe.com\/#website","url":"http:\/\/lusogolfe.com\/","name":"Lusogolfe","description":"Everything for Minigolf","publisher":{"@id":"http:\/\/lusogolfe.com\/#organization"},"potentialAction":[{"@type":"SearchAction","target":{"@type":"EntryPoint","urlTemplate":"http:\/\/lusogolfe.com\/?s={search_term_string}"},"query-input":{"@type":"PropertyValueSpecification","valueRequired":true,"valueName":"search_term_string"}}],"inLanguage":"es"},{"@type":"Organization","@id":"http:\/\/lusogolfe.com\/#organization","name":"Lusogolfe","url":"http:\/\/lusogolfe.com\/","logo":{"@type":"ImageObject","inLanguage":"es","@id":"http:\/\/lusogolfe.com\/#\/schema\/logo\/image\/","url":"http:\/\/lusogolfe.com\/wp-content\/uploads\/2023\/05\/Lusogolfe-55years.png","contentUrl":"http:\/\/lusogolfe.com\/wp-content\/uploads\/2023\/05\/Lusogolfe-55years.png","width":1128,"height":768,"caption":"Lusogolfe"},"image":{"@id":"http:\/\/lusogolfe.com\/#\/schema\/logo\/image\/"},"sameAs":["https:\/\/www.facebook.com\/lusogolfe\/","https:\/\/www.linkedin.com\/company\/lusogolfe","https:\/\/www.youtube.com\/lusogolfe","https:\/\/www.instagram.com\/lusogolfe"]}]}},"_links":{"self":[{"href":"https:\/\/lusogolfe.com\/es\/wp-json\/wp\/v2\/pages\/4096","targetHints":{"allow":["GET"]}}],"collection":[{"href":"https:\/\/lusogolfe.com\/es\/wp-json\/wp\/v2\/pages"}],"about":[{"href":"https:\/\/lusogolfe.com\/es\/wp-json\/wp\/v2\/types\/page"}],"author":[{"embeddable":true,"href":"https:\/\/lusogolfe.com\/es\/wp-json\/wp\/v2\/users\/2"}],"replies":[{"embeddable":true,"href":"https:\/\/lusogolfe.com\/es\/wp-json\/wp\/v2\/comments?post=4096"}],"version-history":[{"count":11,"href":"https:\/\/lusogolfe.com\/es\/wp-json\/wp\/v2\/pages\/4096\/revisions"}],"predecessor-version":[{"id":14436,"href":"https:\/\/lusogolfe.com\/es\/wp-json\/wp\/v2\/pages\/4096\/revisions\/14436"}],"wp:attachment":[{"href":"https:\/\/lusogolfe.com\/es\/wp-json\/wp\/v2\/media?parent=4096"}],"curies":[{"name":"wp","href":"https:\/\/api.w.org\/{rel}","templated":true}]}}