{"id":3939,"date":"2018-01-04T11:06:23","date_gmt":"2018-01-04T11:06:23","guid":{"rendered":"https:\/\/lusogolfe.com\/es\/seja-nosso-parceiro\/"},"modified":"2023-02-02T16:17:43","modified_gmt":"2023-02-02T16:17:43","slug":"se-nuestro-partner","status":"publish","type":"page","link":"https:\/\/lusogolfe.com\/es\/se-nuestro-partner\/","title":{"rendered":"\u00bfQuieres a\u00f1adir un producto de referencia a tu portfolio?"},"content":{"rendered":"<div class=\"wpb-content-wrapper\"><p>[vc_row][vc_column][media image=&#8221;3461&#8243;][\/vc_column][\/vc_row][vc_row][vc_column width=&#8221;2\/3&#8243;][block_title style=&#8221;column_title&#8221; inner_style=&#8221;inline_border&#8221; title=&#8221;\u00bfQuieres a\u00f1adir un producto de referencia a tu portfolio?&#8221;][\/block_title][vc_column_text]Lusogolfe es una empresa l\u00edder en el mercado, con m\u00e1s de 50 a\u00f1os de experiencia en soluciones para Minigolf. Hemos planeado y construido varios modelos de pistas de Minigolf que est\u00e1n distribuidas por todo el mundo.<\/p>\n<p>Nuestros equipos ofrecen ventajas a quienes deseen tener un espacio rentable y din\u00e1mico, siempre disponible para proporcionar momentos de socializaci\u00f3n, ocio y competici\u00f3n.[\/vc_column_text][vc_column_text]<\/p>\n<h3>Principales razones por las que ser un partner Lusogolfe:<\/h3>\n<ul>\n<li>Soluciones de Minigolf con dise\u00f1o y calidad reconocidos en el mercado;<\/li>\n<li>La marca Lusogolfe est\u00e1 presente en 14 pa\u00edses;<\/li>\n<li>Amplia cartera de clientes satisfechos con nuestros equipos;<\/li>\n<li>Condiciones comerciales que premian el compromiso;<\/li>\n<li>Acompa\u00f1amiento personalizado por el Equipo Comercial;<\/li>\n<li>Comunicaci\u00f3n permanente;<\/li>\n<li>Apoyo del Departamento de Marketing en la dinamizaci\u00f3n de campa\u00f1as;<\/li>\n<li>Apoyo T\u00e9cnico cualificado.<\/li>\n<\/ul>\n<h3>Objetivos comunes:<\/h3>\n<ul>\n<li>Valorar las aptitudes del partner seg\u00fan su estrategia y \u00e1mbito de negocio;<\/li>\n<li>Aumentar el valor a\u00f1adido, proporcionando herramientas que permitan ampliar la oferta de Soluciones y Servicios;<\/li>\n<li>Fijar de manera objetiva las bases de la sociedad, definiendo condiciones comerciales que ofrezcan ventajas frente a nuestra competencia.<\/li>\n<\/ul>\n<p>[\/vc_column_text][\/vc_column][vc_column width=&#8221;1\/3&#8243;][block_title style=&#8221;column_title&#8221; inner_style=&#8221;inline_border&#8221; title=&#8221;Se nuestro partner&#8221;][\/block_title][vc_column_text]<script charset=\"utf-8\" type=\"text\/javascript\" src=\"\/\/js.hsforms.net\/forms\/embed\/v2.js\"><\/script><br \/>\n<script>\n  hbspt.forms.create({\n    region: \"na1\",\n    portalId: \"19939676\",\n    formId: \"92ca2f8f-e22e-488d-98e1-3d8d071524bd\"\n  });\n<\/script>[\/vc_column_text][\/vc_column][\/vc_row][vc_row][vc_column][block_title style=&#8221;column_title&#8221; title=&#8221;Referencias&#8221;][\/block_title][recent_portfolio columns=&#8221;5&#8243; rows=&#8221;3&#8243;][\/vc_column][\/vc_row][vc_row][vc_column column_padding=&#8221;2.5%&#8221; background_color=&#8221;#f6f6f6&#8243;][textbar title=&#8221;\u00bfTienes dudas? \u00a1Habla con nosotros!&#8221; button_title=&#8221;Contactar&#8221; button_link=&#8221;https:\/\/lusogolfe.com\/es\/contactos\/&#8221; icon=&#8221;steadysets-icon-users2&#8243;][\/vc_column][\/vc_row]<\/p>\n<\/div>","protected":false},"excerpt":{"rendered":"<p>[vc_row][vc_column][media image=&#8221;3461&#8243;][\/vc_column][\/vc_row][vc_row][vc_column width=&#8221;2\/3&#8243;][block_title style=&#8221;column_title&#8221; inner_style=&#8221;inline_border&#8221; title=&#8221;\u00bfQuieres a\u00f1adir un producto de referencia a tu portfolio?&#8221;][\/block_title][vc_column_text]Lusogolfe es una empresa l\u00edder en el mercado, con m\u00e1s de 50 a\u00f1os de experiencia en soluciones para Minigolf. Hemos planeado y construido varios modelos de pistas de Minigolf que est\u00e1n distribuidas por todo el mundo. Nuestros equipos ofrecen ventajas a quienes [&hellip;]<\/p>\n","protected":false},"author":2,"featured_media":0,"parent":0,"menu_order":0,"comment_status":"open","ping_status":"open","template":"","meta":{"content-type":"","footnotes":""},"class_list":["post-3939","page","type-page","status-publish","hentry"],"yoast_head":"<!-- This site is optimized with the Yoast SEO plugin v27.3 - https:\/\/yoast.com\/product\/yoast-seo-wordpress\/ -->\n<title>\u00bfQuieres a\u00f1adir Minigolf a tu portfolio? - Lusogolfe<\/title>\n<meta name=\"description\" content=\"Servi\u00e7os vantajosos para quem deseja ter um espa\u00e7o rentabilizado e din\u00e2mico, para proporcionar momentos de socializa\u00e7\u00e3o, lazer e competi\u00e7\u00e3o.\" \/>\n<meta name=\"robots\" content=\"index, follow, max-snippet:-1, max-image-preview:large, max-video-preview:-1\" \/>\n<link rel=\"canonical\" href=\"https:\/\/lusogolfe.com\/es\/se-nuestro-partner\/\" \/>\n<meta property=\"og:locale\" content=\"es_ES\" \/>\n<meta property=\"og:type\" content=\"article\" \/>\n<meta property=\"og:title\" content=\"\u00bfQuieres a\u00f1adir Minigolf a tu portfolio? - Lusogolfe\" \/>\n<meta property=\"og:description\" content=\"Servi\u00e7os vantajosos para quem deseja ter um espa\u00e7o rentabilizado e din\u00e2mico, para proporcionar momentos de socializa\u00e7\u00e3o, lazer e competi\u00e7\u00e3o.\" \/>\n<meta property=\"og:url\" content=\"https:\/\/lusogolfe.com\/es\/se-nuestro-partner\/\" \/>\n<meta property=\"og:site_name\" content=\"Lusogolfe\" \/>\n<meta property=\"article:publisher\" content=\"https:\/\/www.facebook.com\/lusogolfe\/\" \/>\n<meta property=\"article:modified_time\" content=\"2023-02-02T16:17:43+00:00\" \/>\n<meta property=\"og:image\" content=\"https:\/\/lusogolfe.com\/wp-content\/uploads\/2016\/10\/49-anos-Lusogolfe.jpg\" \/>\n\t<meta property=\"og:image:width\" content=\"1\" \/>\n\t<meta property=\"og:image:height\" content=\"1\" \/>\n\t<meta property=\"og:image:type\" content=\"image\/jpeg\" \/>\n<meta name=\"twitter:card\" content=\"summary_large_image\" \/>\n<meta name=\"twitter:label1\" content=\"Tiempo de lectura\" \/>\n\t<meta name=\"twitter:data1\" content=\"2 minutos\" \/>\n<script type=\"application\/ld+json\" class=\"yoast-schema-graph\">{\"@context\":\"https:\\\/\\\/schema.org\",\"@graph\":[{\"@type\":\"WebPage\",\"@id\":\"https:\\\/\\\/lusogolfe.com\\\/es\\\/se-nuestro-partner\\\/\",\"url\":\"https:\\\/\\\/lusogolfe.com\\\/es\\\/se-nuestro-partner\\\/\",\"name\":\"\u00bfQuieres a\u00f1adir Minigolf a tu portfolio? - Lusogolfe\",\"isPartOf\":{\"@id\":\"http:\\\/\\\/lusogolfe.com\\\/#website\"},\"datePublished\":\"2018-01-04T11:06:23+00:00\",\"dateModified\":\"2023-02-02T16:17:43+00:00\",\"description\":\"Servi\u00e7os vantajosos para quem deseja ter um espa\u00e7o rentabilizado e din\u00e2mico, para proporcionar momentos de socializa\u00e7\u00e3o, lazer e competi\u00e7\u00e3o.\",\"breadcrumb\":{\"@id\":\"https:\\\/\\\/lusogolfe.com\\\/es\\\/se-nuestro-partner\\\/#breadcrumb\"},\"inLanguage\":\"es\",\"potentialAction\":[{\"@type\":\"ReadAction\",\"target\":[\"https:\\\/\\\/lusogolfe.com\\\/es\\\/se-nuestro-partner\\\/\"]}]},{\"@type\":\"BreadcrumbList\",\"@id\":\"https:\\\/\\\/lusogolfe.com\\\/es\\\/se-nuestro-partner\\\/#breadcrumb\",\"itemListElement\":[{\"@type\":\"ListItem\",\"position\":1,\"name\":\"Portada\",\"item\":\"http:\\\/\\\/lusogolfe.com\\\/es\\\/\"},{\"@type\":\"ListItem\",\"position\":2,\"name\":\"\u00bfQuieres a\u00f1adir un producto de referencia a tu portfolio?\"}]},{\"@type\":\"WebSite\",\"@id\":\"http:\\\/\\\/lusogolfe.com\\\/#website\",\"url\":\"http:\\\/\\\/lusogolfe.com\\\/\",\"name\":\"Lusogolfe\",\"description\":\"Everything for Minigolf\",\"publisher\":{\"@id\":\"http:\\\/\\\/lusogolfe.com\\\/#organization\"},\"potentialAction\":[{\"@type\":\"SearchAction\",\"target\":{\"@type\":\"EntryPoint\",\"urlTemplate\":\"http:\\\/\\\/lusogolfe.com\\\/?s={search_term_string}\"},\"query-input\":{\"@type\":\"PropertyValueSpecification\",\"valueRequired\":true,\"valueName\":\"search_term_string\"}}],\"inLanguage\":\"es\"},{\"@type\":\"Organization\",\"@id\":\"http:\\\/\\\/lusogolfe.com\\\/#organization\",\"name\":\"Lusogolfe\",\"url\":\"http:\\\/\\\/lusogolfe.com\\\/\",\"logo\":{\"@type\":\"ImageObject\",\"inLanguage\":\"es\",\"@id\":\"http:\\\/\\\/lusogolfe.com\\\/#\\\/schema\\\/logo\\\/image\\\/\",\"url\":\"http:\\\/\\\/lusogolfe.com\\\/wp-content\\\/uploads\\\/2023\\\/05\\\/Lusogolfe-55years.png\",\"contentUrl\":\"http:\\\/\\\/lusogolfe.com\\\/wp-content\\\/uploads\\\/2023\\\/05\\\/Lusogolfe-55years.png\",\"width\":1128,\"height\":768,\"caption\":\"Lusogolfe\"},\"image\":{\"@id\":\"http:\\\/\\\/lusogolfe.com\\\/#\\\/schema\\\/logo\\\/image\\\/\"},\"sameAs\":[\"https:\\\/\\\/www.facebook.com\\\/lusogolfe\\\/\",\"https:\\\/\\\/www.linkedin.com\\\/company\\\/lusogolfe\",\"https:\\\/\\\/www.youtube.com\\\/lusogolfe\",\"https:\\\/\\\/www.instagram.com\\\/lusogolfe\"]}]}<\/script>\n<!-- \/ Yoast SEO plugin. -->","yoast_head_json":{"title":"\u00bfQuieres a\u00f1adir Minigolf a tu portfolio? - Lusogolfe","description":"Servi\u00e7os vantajosos para quem deseja ter um espa\u00e7o rentabilizado e din\u00e2mico, para proporcionar momentos de socializa\u00e7\u00e3o, lazer e competi\u00e7\u00e3o.","robots":{"index":"index","follow":"follow","max-snippet":"max-snippet:-1","max-image-preview":"max-image-preview:large","max-video-preview":"max-video-preview:-1"},"canonical":"https:\/\/lusogolfe.com\/es\/se-nuestro-partner\/","og_locale":"es_ES","og_type":"article","og_title":"\u00bfQuieres a\u00f1adir Minigolf a tu portfolio? - Lusogolfe","og_description":"Servi\u00e7os vantajosos para quem deseja ter um espa\u00e7o rentabilizado e din\u00e2mico, para proporcionar momentos de socializa\u00e7\u00e3o, lazer e competi\u00e7\u00e3o.","og_url":"https:\/\/lusogolfe.com\/es\/se-nuestro-partner\/","og_site_name":"Lusogolfe","article_publisher":"https:\/\/www.facebook.com\/lusogolfe\/","article_modified_time":"2023-02-02T16:17:43+00:00","og_image":[{"url":"https:\/\/lusogolfe.com\/wp-content\/uploads\/2016\/10\/49-anos-Lusogolfe.jpg","width":1,"height":1,"type":"image\/jpeg"}],"twitter_card":"summary_large_image","twitter_misc":{"Tiempo de lectura":"2 minutos"},"schema":{"@context":"https:\/\/schema.org","@graph":[{"@type":"WebPage","@id":"https:\/\/lusogolfe.com\/es\/se-nuestro-partner\/","url":"https:\/\/lusogolfe.com\/es\/se-nuestro-partner\/","name":"\u00bfQuieres a\u00f1adir Minigolf a tu portfolio? - Lusogolfe","isPartOf":{"@id":"http:\/\/lusogolfe.com\/#website"},"datePublished":"2018-01-04T11:06:23+00:00","dateModified":"2023-02-02T16:17:43+00:00","description":"Servi\u00e7os vantajosos para quem deseja ter um espa\u00e7o rentabilizado e din\u00e2mico, para proporcionar momentos de socializa\u00e7\u00e3o, lazer e competi\u00e7\u00e3o.","breadcrumb":{"@id":"https:\/\/lusogolfe.com\/es\/se-nuestro-partner\/#breadcrumb"},"inLanguage":"es","potentialAction":[{"@type":"ReadAction","target":["https:\/\/lusogolfe.com\/es\/se-nuestro-partner\/"]}]},{"@type":"BreadcrumbList","@id":"https:\/\/lusogolfe.com\/es\/se-nuestro-partner\/#breadcrumb","itemListElement":[{"@type":"ListItem","position":1,"name":"Portada","item":"http:\/\/lusogolfe.com\/es\/"},{"@type":"ListItem","position":2,"name":"\u00bfQuieres a\u00f1adir un producto de referencia a tu portfolio?"}]},{"@type":"WebSite","@id":"http:\/\/lusogolfe.com\/#website","url":"http:\/\/lusogolfe.com\/","name":"Lusogolfe","description":"Everything for Minigolf","publisher":{"@id":"http:\/\/lusogolfe.com\/#organization"},"potentialAction":[{"@type":"SearchAction","target":{"@type":"EntryPoint","urlTemplate":"http:\/\/lusogolfe.com\/?s={search_term_string}"},"query-input":{"@type":"PropertyValueSpecification","valueRequired":true,"valueName":"search_term_string"}}],"inLanguage":"es"},{"@type":"Organization","@id":"http:\/\/lusogolfe.com\/#organization","name":"Lusogolfe","url":"http:\/\/lusogolfe.com\/","logo":{"@type":"ImageObject","inLanguage":"es","@id":"http:\/\/lusogolfe.com\/#\/schema\/logo\/image\/","url":"http:\/\/lusogolfe.com\/wp-content\/uploads\/2023\/05\/Lusogolfe-55years.png","contentUrl":"http:\/\/lusogolfe.com\/wp-content\/uploads\/2023\/05\/Lusogolfe-55years.png","width":1128,"height":768,"caption":"Lusogolfe"},"image":{"@id":"http:\/\/lusogolfe.com\/#\/schema\/logo\/image\/"},"sameAs":["https:\/\/www.facebook.com\/lusogolfe\/","https:\/\/www.linkedin.com\/company\/lusogolfe","https:\/\/www.youtube.com\/lusogolfe","https:\/\/www.instagram.com\/lusogolfe"]}]}},"_links":{"self":[{"href":"https:\/\/lusogolfe.com\/es\/wp-json\/wp\/v2\/pages\/3939","targetHints":{"allow":["GET"]}}],"collection":[{"href":"https:\/\/lusogolfe.com\/es\/wp-json\/wp\/v2\/pages"}],"about":[{"href":"https:\/\/lusogolfe.com\/es\/wp-json\/wp\/v2\/types\/page"}],"author":[{"embeddable":true,"href":"https:\/\/lusogolfe.com\/es\/wp-json\/wp\/v2\/users\/2"}],"replies":[{"embeddable":true,"href":"https:\/\/lusogolfe.com\/es\/wp-json\/wp\/v2\/comments?post=3939"}],"version-history":[{"count":2,"href":"https:\/\/lusogolfe.com\/es\/wp-json\/wp\/v2\/pages\/3939\/revisions"}],"predecessor-version":[{"id":14437,"href":"https:\/\/lusogolfe.com\/es\/wp-json\/wp\/v2\/pages\/3939\/revisions\/14437"}],"wp:attachment":[{"href":"https:\/\/lusogolfe.com\/es\/wp-json\/wp\/v2\/media?parent=3939"}],"curies":[{"name":"wp","href":"https:\/\/api.w.org\/{rel}","templated":true}]}}