{"id":2062,"date":"2016-10-21T11:12:41","date_gmt":"2016-10-21T11:12:41","guid":{"rendered":"http:\/\/lusogolfe.com\/novo\/es\/kit-meu-minigolfe-pro\/"},"modified":"2024-01-03T10:57:17","modified_gmt":"2024-01-03T10:57:17","slug":"mi-minigolf-pro","status":"publish","type":"page","link":"https:\/\/lusogolfe.com\/es\/mi-minigolf-pro\/","title":{"rendered":"MiMinigolf Pro"},"content":{"rendered":"<div class=\"wpb-content-wrapper\"><p>[vc_row][vc_column width=&#8221;2\/3&#8243;][vc_column_text]<img loading=\"lazy\" decoding=\"async\" class=\"size-full wp-image-12039 aligncenter\" src=\"https:\/\/lusogolfe.com\/wp-content\/uploads\/2022\/01\/Myminigolf-set.jpg\" alt=\"\" width=\"650\" height=\"362\" \/>[\/vc_column_text][\/vc_column][vc_column width=&#8221;1\/3&#8243;][vc_empty_space height=&#8221;20px&#8221;][vc_column_text css=&#8221;.vc_custom_1641386373996{margin-bottom: 10px !important;border-bottom-width: 10px !important;padding-bottom: 10px !important;}&#8221;]<\/p>\n<h2 style=\"text-align: left;\" align=\"center\">Kit &#8216;MiMinigolf Pro&#8217;<\/h2>\n<p>Contiene: 13 obst\u00e1culos em ABS + 1 Palo medio + 2 Bolas (blanco y rosa) + Bolsa de transporte[\/vc_column_text][vc_column_text css=&#8221;.vc_custom_1516383793539{margin-bottom: 10px !important;border-bottom-width: 10px !important;padding-bottom: 10px !important;}&#8221;]<\/p>\n<ul>\n<li>Port\u00e1til y adaptable a cualquier nivel competitivo<\/li>\n<li>Puede ser jugado en ambiente exterior o interior, y en diversas superficies.<\/li>\n<li>Puede ser jugado por personas de todas las edades, en grupo o individualmente.<\/li>\n<li>Material resistente en ABS.<\/li>\n<\/ul>\n<p>[\/vc_column_text][vc_column_text css=&#8221;.vc_custom_1704279443921{padding-top: 25px !important;}&#8221; el_class=&#8221;pricetag&#8221;]<strong><span style=\"font-size: 35px;\">307,<sup>50\u20ac <\/sup><\/span><\/strong>[\/vc_column_text][button title=&#8221;A\u00f1adir a la bolsa&#8221; link=&#8221;https:\/\/lusogolfe.com\/es\/mi-minigolf-pro\/checkout\/&#8221; with_icon_bool=&#8221;no&#8221;][vc_column_text]IVA incluido. Gastos de env\u00edo no incluidos (bajo consulta).[\/vc_column_text][\/vc_column][\/vc_row][vc_row][vc_column][vc_gallery type=&#8221;flexslider_slide&#8221; interval=&#8221;3&#8243; images=&#8221;2889,2886,2899,2902,2894,2900,2893,2896,2897,2895,2903,2901&#8243; img_size=&#8221;full&#8221; css=&#8221;.vc_custom_1510844428349{margin-bottom: -40px !important;border-bottom-width: -40px !important;padding-bottom: -40px !important;}&#8221;][\/vc_column][\/vc_row][vc_row][vc_column][block_title style=&#8221;column_title&#8221; inner_style=&#8221;inline_border&#8221; title=&#8221;Descripci\u00f3n&#8221;][\/block_title][vc_column_text]Lusogolfe destaca:<\/p>\n<ul>\n<li>Port\u00e1til y adaptable a cualquier nivel competitivo<\/li>\n<li>Para exterior o interior, y en diversas superficies.<\/li>\n<li>Puede ser jugado por personas de todas las edades.<\/li>\n<li>Se puede practicar en grupo o individualmente, ideal para d\u00edas de lluvia.<\/li>\n<li>Material resistente en ABS.<\/li>\n<\/ul>\n<p>Este es el primer juego de Minigolf transitable y adaptable a cualquier espacio.<\/p>\n<p>Es indicado para ni\u00f1os de todas las edades como actividad al aire libre o en cualquier espacio interior. Se recomienda su uso para actividades escolares y juegos sociales, as\u00ed como actividades corporativas para relajar y promover la convivencia y la competencia sana.<\/p>\n<p>El Kit &#8220;MiMinigolf Pro&#8221; contiene:<\/p>\n<ul>\n<li>13 obst\u00e1culos en ABS<\/li>\n<li>Bolsa de nylon<\/li>\n<li>1 Palo medio<\/li>\n<li>2 Bolas (blanco y rosa)<\/li>\n<\/ul>\n<p>[\/vc_column_text][\/vc_column][\/vc_row][vc_row][vc_column][separator width=&#8221;100%&#8221; height=&#8221;1px&#8221; color=&#8221;#e1e1e1&#8243;][\/vc_column][\/vc_row][vc_row][vc_column][testimonial_carousel test_cat=&#8221;221&#8243; duration=&#8221;1000&#8243;][\/vc_column][\/vc_row][vc_row][vc_column column_padding=&#8221;2.5%&#8221; css=&#8221;.vc_custom_1476984252706{background-color: #f6f6f6 !important;}&#8221;][textbar title=&#8221;\u00bfTiene alguna pregunta sobre el kit MiMinigolf Pro?&#8221; button_title=&#8221;Cont\u00e1ctenos&#8221; button_link=&#8221;http:\/\/lusogolfe.com\/es\/contactos\/&#8221; icon=&#8221;steadysets-icon-users2&#8243;][\/vc_column][\/vc_row]<\/p>\n<\/div>","protected":false},"excerpt":{"rendered":"<p>[vc_row][vc_column width=&#8221;2\/3&#8243;][vc_column_text][\/vc_column_text][\/vc_column][vc_column width=&#8221;1\/3&#8243;][vc_empty_space height=&#8221;20px&#8221;][vc_column_text css=&#8221;.vc_custom_1641386373996{margin-bottom: 10px !important;border-bottom-width: 10px !important;padding-bottom: 10px !important;}&#8221;] Kit &#8216;MiMinigolf Pro&#8217; Contiene: 13 obst\u00e1culos em ABS + 1 Palo medio + 2 Bolas (blanco y rosa) + Bolsa de transporte[\/vc_column_text][vc_column_text css=&#8221;.vc_custom_1516383793539{margin-bottom: 10px !important;border-bottom-width: 10px !important;padding-bottom: 10px !important;}&#8221;] Port\u00e1til y adaptable a cualquier nivel competitivo Puede ser jugado en ambiente exterior o interior, [&hellip;]<\/p>\n","protected":false},"author":2,"featured_media":2899,"parent":0,"menu_order":0,"comment_status":"closed","ping_status":"closed","template":"","meta":{"content-type":"","footnotes":""},"class_list":["post-2062","page","type-page","status-publish","has-post-thumbnail","hentry"],"yoast_head":"<!-- This site is optimized with the Yoast SEO plugin v27.3 - https:\/\/yoast.com\/product\/yoast-seo-wordpress\/ -->\n<title>MiMinigolf Pro | D\u00e9 rienda suelta a la creatividad!<\/title>\n<meta name=\"description\" content=\"Con MiMinigolf Pro la diversi\u00f3n est\u00e1 garantizada. Conjugue los diversos obst\u00e1culos para aumentar el nivel de dificultad. Enviamos a todo el pa\u00eds.\" \/>\n<meta name=\"robots\" content=\"index, follow, max-snippet:-1, max-image-preview:large, max-video-preview:-1\" \/>\n<link rel=\"canonical\" href=\"http:\/\/lusogolfe.com\/es\/mi-minigolf-pro\/\" \/>\n<meta property=\"og:locale\" content=\"es_ES\" \/>\n<meta property=\"og:type\" content=\"article\" \/>\n<meta property=\"og:title\" content=\"MiMinigolf Pro | D\u00e9 rienda suelta a la creatividad!\" \/>\n<meta property=\"og:description\" content=\"Con MiMinigolf Pro la diversi\u00f3n est\u00e1 garantizada. Conjugue los diversos obst\u00e1culos para aumentar el nivel de dificultad. Enviamos a todo el pa\u00eds.\" \/>\n<meta property=\"og:url\" content=\"http:\/\/lusogolfe.com\/es\/mi-minigolf-pro\/\" \/>\n<meta property=\"og:site_name\" content=\"Lusogolfe\" \/>\n<meta property=\"article:publisher\" content=\"https:\/\/www.facebook.com\/lusogolfe\/\" \/>\n<meta property=\"article:modified_time\" content=\"2024-01-03T10:57:17+00:00\" \/>\n<meta property=\"og:image\" content=\"http:\/\/lusogolfe.com\/wp-content\/uploads\/2016\/10\/Kit-Meu-Minigolfe-Pro-013.jpg\" \/>\n\t<meta property=\"og:image:width\" content=\"1\" \/>\n\t<meta property=\"og:image:height\" content=\"1\" \/>\n\t<meta property=\"og:image:type\" content=\"image\/jpeg\" \/>\n<meta name=\"twitter:card\" content=\"summary_large_image\" \/>\n<meta name=\"twitter:label1\" content=\"Tiempo de lectura\" \/>\n\t<meta name=\"twitter:data1\" content=\"5 minutos\" \/>\n<script type=\"application\/ld+json\" class=\"yoast-schema-graph\">{\"@context\":\"https:\\\/\\\/schema.org\",\"@graph\":[{\"@type\":\"WebPage\",\"@id\":\"http:\\\/\\\/lusogolfe.com\\\/es\\\/mi-minigolf-pro\\\/\",\"url\":\"http:\\\/\\\/lusogolfe.com\\\/es\\\/mi-minigolf-pro\\\/\",\"name\":\"MiMinigolf Pro | D\u00e9 rienda suelta a la creatividad!\",\"isPartOf\":{\"@id\":\"http:\\\/\\\/lusogolfe.com\\\/#website\"},\"primaryImageOfPage\":{\"@id\":\"http:\\\/\\\/lusogolfe.com\\\/es\\\/mi-minigolf-pro\\\/#primaryimage\"},\"image\":{\"@id\":\"http:\\\/\\\/lusogolfe.com\\\/es\\\/mi-minigolf-pro\\\/#primaryimage\"},\"thumbnailUrl\":\"https:\\\/\\\/lusogolfe.com\\\/wp-content\\\/uploads\\\/2016\\\/10\\\/Kit-Meu-Minigolfe-Pro-013.jpg\",\"datePublished\":\"2016-10-21T11:12:41+00:00\",\"dateModified\":\"2024-01-03T10:57:17+00:00\",\"description\":\"Con MiMinigolf Pro la diversi\u00f3n est\u00e1 garantizada. Conjugue los diversos obst\u00e1culos para aumentar el nivel de dificultad. Enviamos a todo el pa\u00eds.\",\"breadcrumb\":{\"@id\":\"http:\\\/\\\/lusogolfe.com\\\/es\\\/mi-minigolf-pro\\\/#breadcrumb\"},\"inLanguage\":\"es\",\"potentialAction\":[{\"@type\":\"ReadAction\",\"target\":[\"http:\\\/\\\/lusogolfe.com\\\/es\\\/mi-minigolf-pro\\\/\"]}]},{\"@type\":\"ImageObject\",\"inLanguage\":\"es\",\"@id\":\"http:\\\/\\\/lusogolfe.com\\\/es\\\/mi-minigolf-pro\\\/#primaryimage\",\"url\":\"https:\\\/\\\/lusogolfe.com\\\/wp-content\\\/uploads\\\/2016\\\/10\\\/Kit-Meu-Minigolfe-Pro-013.jpg\",\"contentUrl\":\"https:\\\/\\\/lusogolfe.com\\\/wp-content\\\/uploads\\\/2016\\\/10\\\/Kit-Meu-Minigolfe-Pro-013.jpg\",\"caption\":\"Mi Minigolf\"},{\"@type\":\"BreadcrumbList\",\"@id\":\"http:\\\/\\\/lusogolfe.com\\\/es\\\/mi-minigolf-pro\\\/#breadcrumb\",\"itemListElement\":[{\"@type\":\"ListItem\",\"position\":1,\"name\":\"Portada\",\"item\":\"http:\\\/\\\/lusogolfe.com\\\/es\\\/\"},{\"@type\":\"ListItem\",\"position\":2,\"name\":\"MiMinigolf Pro\"}]},{\"@type\":\"WebSite\",\"@id\":\"http:\\\/\\\/lusogolfe.com\\\/#website\",\"url\":\"http:\\\/\\\/lusogolfe.com\\\/\",\"name\":\"Lusogolfe\",\"description\":\"Everything for Minigolf\",\"publisher\":{\"@id\":\"http:\\\/\\\/lusogolfe.com\\\/#organization\"},\"potentialAction\":[{\"@type\":\"SearchAction\",\"target\":{\"@type\":\"EntryPoint\",\"urlTemplate\":\"http:\\\/\\\/lusogolfe.com\\\/?s={search_term_string}\"},\"query-input\":{\"@type\":\"PropertyValueSpecification\",\"valueRequired\":true,\"valueName\":\"search_term_string\"}}],\"inLanguage\":\"es\"},{\"@type\":\"Organization\",\"@id\":\"http:\\\/\\\/lusogolfe.com\\\/#organization\",\"name\":\"Lusogolfe\",\"url\":\"http:\\\/\\\/lusogolfe.com\\\/\",\"logo\":{\"@type\":\"ImageObject\",\"inLanguage\":\"es\",\"@id\":\"http:\\\/\\\/lusogolfe.com\\\/#\\\/schema\\\/logo\\\/image\\\/\",\"url\":\"http:\\\/\\\/lusogolfe.com\\\/wp-content\\\/uploads\\\/2023\\\/05\\\/Lusogolfe-55years.png\",\"contentUrl\":\"http:\\\/\\\/lusogolfe.com\\\/wp-content\\\/uploads\\\/2023\\\/05\\\/Lusogolfe-55years.png\",\"width\":1128,\"height\":768,\"caption\":\"Lusogolfe\"},\"image\":{\"@id\":\"http:\\\/\\\/lusogolfe.com\\\/#\\\/schema\\\/logo\\\/image\\\/\"},\"sameAs\":[\"https:\\\/\\\/www.facebook.com\\\/lusogolfe\\\/\",\"https:\\\/\\\/www.linkedin.com\\\/company\\\/lusogolfe\",\"https:\\\/\\\/www.youtube.com\\\/lusogolfe\",\"https:\\\/\\\/www.instagram.com\\\/lusogolfe\"]}]}<\/script>\n<!-- \/ Yoast SEO plugin. -->","yoast_head_json":{"title":"MiMinigolf Pro | D\u00e9 rienda suelta a la creatividad!","description":"Con MiMinigolf Pro la diversi\u00f3n est\u00e1 garantizada. Conjugue los diversos obst\u00e1culos para aumentar el nivel de dificultad. Enviamos a todo el pa\u00eds.","robots":{"index":"index","follow":"follow","max-snippet":"max-snippet:-1","max-image-preview":"max-image-preview:large","max-video-preview":"max-video-preview:-1"},"canonical":"http:\/\/lusogolfe.com\/es\/mi-minigolf-pro\/","og_locale":"es_ES","og_type":"article","og_title":"MiMinigolf Pro | D\u00e9 rienda suelta a la creatividad!","og_description":"Con MiMinigolf Pro la diversi\u00f3n est\u00e1 garantizada. Conjugue los diversos obst\u00e1culos para aumentar el nivel de dificultad. Enviamos a todo el pa\u00eds.","og_url":"http:\/\/lusogolfe.com\/es\/mi-minigolf-pro\/","og_site_name":"Lusogolfe","article_publisher":"https:\/\/www.facebook.com\/lusogolfe\/","article_modified_time":"2024-01-03T10:57:17+00:00","og_image":[{"url":"http:\/\/lusogolfe.com\/wp-content\/uploads\/2016\/10\/Kit-Meu-Minigolfe-Pro-013.jpg","width":1,"height":1,"type":"image\/jpeg"}],"twitter_card":"summary_large_image","twitter_misc":{"Tiempo de lectura":"5 minutos"},"schema":{"@context":"https:\/\/schema.org","@graph":[{"@type":"WebPage","@id":"http:\/\/lusogolfe.com\/es\/mi-minigolf-pro\/","url":"http:\/\/lusogolfe.com\/es\/mi-minigolf-pro\/","name":"MiMinigolf Pro | D\u00e9 rienda suelta a la creatividad!","isPartOf":{"@id":"http:\/\/lusogolfe.com\/#website"},"primaryImageOfPage":{"@id":"http:\/\/lusogolfe.com\/es\/mi-minigolf-pro\/#primaryimage"},"image":{"@id":"http:\/\/lusogolfe.com\/es\/mi-minigolf-pro\/#primaryimage"},"thumbnailUrl":"https:\/\/lusogolfe.com\/wp-content\/uploads\/2016\/10\/Kit-Meu-Minigolfe-Pro-013.jpg","datePublished":"2016-10-21T11:12:41+00:00","dateModified":"2024-01-03T10:57:17+00:00","description":"Con MiMinigolf Pro la diversi\u00f3n est\u00e1 garantizada. Conjugue los diversos obst\u00e1culos para aumentar el nivel de dificultad. Enviamos a todo el pa\u00eds.","breadcrumb":{"@id":"http:\/\/lusogolfe.com\/es\/mi-minigolf-pro\/#breadcrumb"},"inLanguage":"es","potentialAction":[{"@type":"ReadAction","target":["http:\/\/lusogolfe.com\/es\/mi-minigolf-pro\/"]}]},{"@type":"ImageObject","inLanguage":"es","@id":"http:\/\/lusogolfe.com\/es\/mi-minigolf-pro\/#primaryimage","url":"https:\/\/lusogolfe.com\/wp-content\/uploads\/2016\/10\/Kit-Meu-Minigolfe-Pro-013.jpg","contentUrl":"https:\/\/lusogolfe.com\/wp-content\/uploads\/2016\/10\/Kit-Meu-Minigolfe-Pro-013.jpg","caption":"Mi Minigolf"},{"@type":"BreadcrumbList","@id":"http:\/\/lusogolfe.com\/es\/mi-minigolf-pro\/#breadcrumb","itemListElement":[{"@type":"ListItem","position":1,"name":"Portada","item":"http:\/\/lusogolfe.com\/es\/"},{"@type":"ListItem","position":2,"name":"MiMinigolf Pro"}]},{"@type":"WebSite","@id":"http:\/\/lusogolfe.com\/#website","url":"http:\/\/lusogolfe.com\/","name":"Lusogolfe","description":"Everything for Minigolf","publisher":{"@id":"http:\/\/lusogolfe.com\/#organization"},"potentialAction":[{"@type":"SearchAction","target":{"@type":"EntryPoint","urlTemplate":"http:\/\/lusogolfe.com\/?s={search_term_string}"},"query-input":{"@type":"PropertyValueSpecification","valueRequired":true,"valueName":"search_term_string"}}],"inLanguage":"es"},{"@type":"Organization","@id":"http:\/\/lusogolfe.com\/#organization","name":"Lusogolfe","url":"http:\/\/lusogolfe.com\/","logo":{"@type":"ImageObject","inLanguage":"es","@id":"http:\/\/lusogolfe.com\/#\/schema\/logo\/image\/","url":"http:\/\/lusogolfe.com\/wp-content\/uploads\/2023\/05\/Lusogolfe-55years.png","contentUrl":"http:\/\/lusogolfe.com\/wp-content\/uploads\/2023\/05\/Lusogolfe-55years.png","width":1128,"height":768,"caption":"Lusogolfe"},"image":{"@id":"http:\/\/lusogolfe.com\/#\/schema\/logo\/image\/"},"sameAs":["https:\/\/www.facebook.com\/lusogolfe\/","https:\/\/www.linkedin.com\/company\/lusogolfe","https:\/\/www.youtube.com\/lusogolfe","https:\/\/www.instagram.com\/lusogolfe"]}]}},"_links":{"self":[{"href":"https:\/\/lusogolfe.com\/es\/wp-json\/wp\/v2\/pages\/2062","targetHints":{"allow":["GET"]}}],"collection":[{"href":"https:\/\/lusogolfe.com\/es\/wp-json\/wp\/v2\/pages"}],"about":[{"href":"https:\/\/lusogolfe.com\/es\/wp-json\/wp\/v2\/types\/page"}],"author":[{"embeddable":true,"href":"https:\/\/lusogolfe.com\/es\/wp-json\/wp\/v2\/users\/2"}],"replies":[{"embeddable":true,"href":"https:\/\/lusogolfe.com\/es\/wp-json\/wp\/v2\/comments?post=2062"}],"version-history":[{"count":12,"href":"https:\/\/lusogolfe.com\/es\/wp-json\/wp\/v2\/pages\/2062\/revisions"}],"predecessor-version":[{"id":15785,"href":"https:\/\/lusogolfe.com\/es\/wp-json\/wp\/v2\/pages\/2062\/revisions\/15785"}],"wp:featuredmedia":[{"embeddable":true,"href":"https:\/\/lusogolfe.com\/es\/wp-json\/wp\/v2\/media\/2899"}],"wp:attachment":[{"href":"https:\/\/lusogolfe.com\/es\/wp-json\/wp\/v2\/media?parent=2062"}],"curies":[{"name":"wp","href":"https:\/\/api.w.org\/{rel}","templated":true}]}}