{"id":2018,"date":"2016-10-21T13:55:27","date_gmt":"2016-10-21T13:55:27","guid":{"rendered":"http:\/\/lusogolfe.com\/novo\/es\/easy-golf-pack\/"},"modified":"2023-06-15T11:55:37","modified_gmt":"2023-06-15T11:55:37","slug":"easy-golf-pack-2","status":"publish","type":"page","link":"https:\/\/lusogolfe.com\/es\/easy-golf-pack-2\/","title":{"rendered":"Easy Golf Pack"},"content":{"rendered":"<div class=\"wpb-content-wrapper\"><p>[vc_row][vc_column width=&#8221;2\/3&#8243;][vc_column_text css=&#8221;.vc_custom_1675353498095{margin-bottom: 5px !important;border-bottom-width: 5px !important;padding-bottom: 5px !important;}&#8221;]<\/p>\n<h1><span style=\"color: black; font-size: 24px; font-weight: bold;\">EASY GOLF PACK<\/span><\/h1>\n<h2>Dinamice su espacio con divertidas pistas de mini golf!<\/h2>\n<div class=\"wpb_text_column wpb_content_element \">\n<div class=\"wpb_wrapper\">\n<p style=\"text-align: left;\">Transportable, de f\u00e1cil instalaci\u00f3n y\u00a0<span lang=\"es\">mantenimiento reducido<\/span>, este modelo es ideal para transformar un espacio peque\u00f1o en un parque c\u00e1lido y colorido. Su dise\u00f1o simple est\u00e1 animado por los obst\u00e1culos que divierten j\u00f3venes y cautivan m\u00e1s crescidos.<\/p>\n<\/div>\n<\/div>\n<p>[\/vc_column_text][vc_gallery interval=&#8221;3&#8243; images=&#8221;15382,15366,15376,15371,1233,1217&#8243; img_size=&#8221;full&#8221; css=&#8221;.vc_custom_1643123552647{margin-top: 0px !important;margin-bottom: -40px !important;border-top-width: 0px !important;border-bottom-width: -40px !important;padding-top: 0px !important;padding-bottom: -40px !important;}&#8221;][vc_column_text css=&#8221;.vc_custom_1509718430978{margin-top: 5px !important;margin-bottom: 10px !important;border-top-width: 5px !important;border-bottom-width: 10px !important;padding-top: 5px !important;padding-bottom: 10px !important;}&#8221;]<strong>Ver las pistas que forman parte del Easy Golf Pack<\/strong><\/p>\n<p><strong>Dimensiones de cada pista:<\/strong> Longitud: 3,33m | Ancho: 0,59m | C\u00edrculo: 0,935m[\/vc_column_text][vc_row_inner][vc_column_inner width=&#8221;1\/3&#8243;][vc_gallery type=&#8221;image_grid&#8221; images=&#8221;15317&#8243; img_size=&#8221;full&#8221;][vc_gallery type=&#8221;image_grid&#8221; images=&#8221;15301&#8243; img_size=&#8221;full&#8221;][\/vc_column_inner][vc_column_inner width=&#8221;1\/3&#8243;][vc_gallery type=&#8221;image_grid&#8221; images=&#8221;15291&#8243; img_size=&#8221;full&#8221;][vc_gallery type=&#8221;image_grid&#8221; images=&#8221;15306&#8243; img_size=&#8221;full&#8221;][\/vc_column_inner][vc_column_inner width=&#8221;1\/3&#8243;][vc_gallery type=&#8221;image_grid&#8221; images=&#8221;15296&#8243; img_size=&#8221;full&#8221;][vc_gallery type=&#8221;image_grid&#8221; images=&#8221;15311&#8243; img_size=&#8221;full&#8221;][\/vc_column_inner][\/vc_row_inner][\/vc_column][vc_column width=&#8221;1\/3&#8243;][block_title style=&#8221;column_title&#8221; inner_style=&#8221;inline_border&#8221; title=&#8221;\u00bfMAS INFORMACIONES?&#8221;][\/block_title][vc_column_text]<script charset=\"utf-8\" type=\"text\/javascript\" src=\"\/\/js.hsforms.net\/forms\/embed\/v2.js\"><\/script><br \/>\n<script>\n  hbspt.forms.create({\n    region: \"na1\",\n    portalId: \"19939676\",\n    formId: \"64d0c915-0a76-4924-99a5-a47a75445d25\"\n  });\n<\/script>[\/vc_column_text][block_title style=&#8221;column_title&#8221; inner_style=&#8221;inline_border&#8221; title=&#8221;FAQ&#8217;S&#8221;][\/block_title][faq style=&#8221;style_3&#8243; faq_cat=&#8221;0&#8243;][\/vc_column][\/vc_row][vc_row][vc_column][separator width=&#8221;100%&#8221; height=&#8221;1px&#8221; color=&#8221;#e1e1e1&#8243;][\/vc_column][\/vc_row][vc_row][vc_column][testimonial_carousel][\/vc_column][\/vc_row][vc_row][vc_column][block_title style=&#8221;column_title&#8221; inner_style=&#8221;inline_border&#8221; title=&#8221;TAMBI\u00c9N TE PUEDE INTERESAR&#8221;][\/block_title][\/vc_column][\/vc_row][vc_row][vc_column width=&#8221;1\/3&#8243;][media animation=&#8221;none&#8221; link=&#8221;http:\/\/lusogolfe.com\/es\/mi-minigolf-pro\/&#8221; image=&#8221;2955&#8243;][vc_column_text]<\/p>\n<h2>MIMINIGOLF PRO<\/h2>\n<p>Conjunto de 13 obst\u00e1culos de Minigolf.[\/vc_column_text][\/vc_column][vc_column width=&#8221;1\/3&#8243;][\/vc_column][vc_column width=&#8221;1\/3&#8243;][\/vc_column][\/vc_row][vc_row][vc_column column_padding=&#8221;2.5%&#8221; css=&#8221;.vc_custom_1476984252706{background-color: #f6f6f6 !important;}&#8221;][textbar title=&#8221;\u00bfTiene dudas acerca de nuestros produtos?&#8221; button_title=&#8221;Cont\u00e1ctenos&#8221; button_link=&#8221;https:\/\/lusogolfe.com\/es\/contactos\/&#8221; icon=&#8221;steadysets-icon-users2&#8243;][\/vc_column][\/vc_row]<\/p>\n<\/div>","protected":false},"excerpt":{"rendered":"<p>[vc_row][vc_column width=&#8221;2\/3&#8243;][vc_column_text css=&#8221;.vc_custom_1675353498095{margin-bottom: 5px !important;border-bottom-width: 5px !important;padding-bottom: 5px !important;}&#8221;] EASY GOLF PACK Dinamice su espacio con divertidas pistas de mini golf! Transportable, de f\u00e1cil instalaci\u00f3n y\u00a0mantenimiento reducido, este modelo es ideal para transformar un espacio peque\u00f1o en un parque c\u00e1lido y colorido. Su dise\u00f1o simple est\u00e1 animado por los obst\u00e1culos que divierten j\u00f3venes y cautivan [&hellip;]<\/p>\n","protected":false},"author":2,"featured_media":0,"parent":0,"menu_order":0,"comment_status":"closed","ping_status":"closed","template":"","meta":{"content-type":"","footnotes":""},"class_list":["post-2018","page","type-page","status-publish","hentry"],"yoast_head":"<!-- This site is optimized with the Yoast SEO plugin v27.3 - https:\/\/yoast.com\/product\/yoast-seo-wordpress\/ -->\n<title>Easy Golf Pack - Lusogolfe<\/title>\n<meta name=\"robots\" content=\"index, follow, max-snippet:-1, max-image-preview:large, max-video-preview:-1\" \/>\n<link rel=\"canonical\" href=\"https:\/\/lusogolfe.com\/es\/easy-golf-pack-2\/\" \/>\n<meta property=\"og:locale\" content=\"es_ES\" \/>\n<meta property=\"og:type\" content=\"article\" \/>\n<meta property=\"og:title\" content=\"Easy Golf Pack - Lusogolfe\" \/>\n<meta property=\"og:description\" content=\"[vc_row][vc_column width=&#8221;2\/3&#8243;][vc_column_text css=&#8221;.vc_custom_1675353498095{margin-bottom: 5px !important;border-bottom-width: 5px !important;padding-bottom: 5px !important;}&#8221;] EASY GOLF PACK Dinamice su espacio con divertidas pistas de mini golf! Transportable, de f\u00e1cil instalaci\u00f3n y\u00a0mantenimiento reducido, este modelo es ideal para transformar un espacio peque\u00f1o en un parque c\u00e1lido y colorido. Su dise\u00f1o simple est\u00e1 animado por los obst\u00e1culos que divierten j\u00f3venes y cautivan [&hellip;]\" \/>\n<meta property=\"og:url\" content=\"https:\/\/lusogolfe.com\/es\/easy-golf-pack-2\/\" \/>\n<meta property=\"og:site_name\" content=\"Lusogolfe\" \/>\n<meta property=\"article:publisher\" content=\"https:\/\/www.facebook.com\/lusogolfe\/\" \/>\n<meta property=\"article:modified_time\" content=\"2023-06-15T11:55:37+00:00\" \/>\n<meta property=\"og:image\" content=\"https:\/\/lusogolfe.com\/wp-content\/uploads\/2016\/10\/49-anos-Lusogolfe.jpg\" \/>\n\t<meta property=\"og:image:width\" content=\"1\" \/>\n\t<meta property=\"og:image:height\" content=\"1\" \/>\n\t<meta property=\"og:image:type\" content=\"image\/jpeg\" \/>\n<meta name=\"twitter:card\" content=\"summary_large_image\" \/>\n<meta name=\"twitter:label1\" content=\"Tiempo de lectura\" \/>\n\t<meta name=\"twitter:data1\" content=\"2 minutos\" \/>\n<script type=\"application\/ld+json\" class=\"yoast-schema-graph\">{\"@context\":\"https:\\\/\\\/schema.org\",\"@graph\":[{\"@type\":\"WebPage\",\"@id\":\"https:\\\/\\\/lusogolfe.com\\\/es\\\/easy-golf-pack-2\\\/\",\"url\":\"https:\\\/\\\/lusogolfe.com\\\/es\\\/easy-golf-pack-2\\\/\",\"name\":\"Easy Golf Pack - Lusogolfe\",\"isPartOf\":{\"@id\":\"http:\\\/\\\/lusogolfe.com\\\/es\\\/#website\"},\"datePublished\":\"2016-10-21T13:55:27+00:00\",\"dateModified\":\"2023-06-15T11:55:37+00:00\",\"breadcrumb\":{\"@id\":\"https:\\\/\\\/lusogolfe.com\\\/es\\\/easy-golf-pack-2\\\/#breadcrumb\"},\"inLanguage\":\"es\",\"potentialAction\":[{\"@type\":\"ReadAction\",\"target\":[\"https:\\\/\\\/lusogolfe.com\\\/es\\\/easy-golf-pack-2\\\/\"]}]},{\"@type\":\"BreadcrumbList\",\"@id\":\"https:\\\/\\\/lusogolfe.com\\\/es\\\/easy-golf-pack-2\\\/#breadcrumb\",\"itemListElement\":[{\"@type\":\"ListItem\",\"position\":1,\"name\":\"Portada\",\"item\":\"http:\\\/\\\/lusogolfe.com\\\/es\\\/\"},{\"@type\":\"ListItem\",\"position\":2,\"name\":\"Easy Golf Pack\"}]},{\"@type\":\"WebSite\",\"@id\":\"http:\\\/\\\/lusogolfe.com\\\/es\\\/#website\",\"url\":\"http:\\\/\\\/lusogolfe.com\\\/es\\\/\",\"name\":\"Lusogolfe\",\"description\":\"Everything for Minigolf\",\"publisher\":{\"@id\":\"http:\\\/\\\/lusogolfe.com\\\/es\\\/#organization\"},\"potentialAction\":[{\"@type\":\"SearchAction\",\"target\":{\"@type\":\"EntryPoint\",\"urlTemplate\":\"http:\\\/\\\/lusogolfe.com\\\/es\\\/?s={search_term_string}\"},\"query-input\":{\"@type\":\"PropertyValueSpecification\",\"valueRequired\":true,\"valueName\":\"search_term_string\"}}],\"inLanguage\":\"es\"},{\"@type\":\"Organization\",\"@id\":\"http:\\\/\\\/lusogolfe.com\\\/es\\\/#organization\",\"name\":\"Lusogolfe\",\"url\":\"http:\\\/\\\/lusogolfe.com\\\/es\\\/\",\"logo\":{\"@type\":\"ImageObject\",\"inLanguage\":\"es\",\"@id\":\"http:\\\/\\\/lusogolfe.com\\\/es\\\/#\\\/schema\\\/logo\\\/image\\\/\",\"url\":\"http:\\\/\\\/lusogolfe.com\\\/wp-content\\\/uploads\\\/2023\\\/05\\\/Lusogolfe-55years.png\",\"contentUrl\":\"http:\\\/\\\/lusogolfe.com\\\/wp-content\\\/uploads\\\/2023\\\/05\\\/Lusogolfe-55years.png\",\"width\":1128,\"height\":768,\"caption\":\"Lusogolfe\"},\"image\":{\"@id\":\"http:\\\/\\\/lusogolfe.com\\\/es\\\/#\\\/schema\\\/logo\\\/image\\\/\"},\"sameAs\":[\"https:\\\/\\\/www.facebook.com\\\/lusogolfe\\\/\",\"https:\\\/\\\/www.linkedin.com\\\/company\\\/lusogolfe\",\"https:\\\/\\\/www.youtube.com\\\/lusogolfe\",\"https:\\\/\\\/www.instagram.com\\\/lusogolfe\"]}]}<\/script>\n<!-- \/ Yoast SEO plugin. -->","yoast_head_json":{"title":"Easy Golf Pack - Lusogolfe","robots":{"index":"index","follow":"follow","max-snippet":"max-snippet:-1","max-image-preview":"max-image-preview:large","max-video-preview":"max-video-preview:-1"},"canonical":"https:\/\/lusogolfe.com\/es\/easy-golf-pack-2\/","og_locale":"es_ES","og_type":"article","og_title":"Easy Golf Pack - Lusogolfe","og_description":"[vc_row][vc_column width=&#8221;2\/3&#8243;][vc_column_text css=&#8221;.vc_custom_1675353498095{margin-bottom: 5px !important;border-bottom-width: 5px !important;padding-bottom: 5px !important;}&#8221;] EASY GOLF PACK Dinamice su espacio con divertidas pistas de mini golf! Transportable, de f\u00e1cil instalaci\u00f3n y\u00a0mantenimiento reducido, este modelo es ideal para transformar un espacio peque\u00f1o en un parque c\u00e1lido y colorido. Su dise\u00f1o simple est\u00e1 animado por los obst\u00e1culos que divierten j\u00f3venes y cautivan [&hellip;]","og_url":"https:\/\/lusogolfe.com\/es\/easy-golf-pack-2\/","og_site_name":"Lusogolfe","article_publisher":"https:\/\/www.facebook.com\/lusogolfe\/","article_modified_time":"2023-06-15T11:55:37+00:00","og_image":[{"url":"https:\/\/lusogolfe.com\/wp-content\/uploads\/2016\/10\/49-anos-Lusogolfe.jpg","width":1,"height":1,"type":"image\/jpeg"}],"twitter_card":"summary_large_image","twitter_misc":{"Tiempo de lectura":"2 minutos"},"schema":{"@context":"https:\/\/schema.org","@graph":[{"@type":"WebPage","@id":"https:\/\/lusogolfe.com\/es\/easy-golf-pack-2\/","url":"https:\/\/lusogolfe.com\/es\/easy-golf-pack-2\/","name":"Easy Golf Pack - Lusogolfe","isPartOf":{"@id":"http:\/\/lusogolfe.com\/es\/#website"},"datePublished":"2016-10-21T13:55:27+00:00","dateModified":"2023-06-15T11:55:37+00:00","breadcrumb":{"@id":"https:\/\/lusogolfe.com\/es\/easy-golf-pack-2\/#breadcrumb"},"inLanguage":"es","potentialAction":[{"@type":"ReadAction","target":["https:\/\/lusogolfe.com\/es\/easy-golf-pack-2\/"]}]},{"@type":"BreadcrumbList","@id":"https:\/\/lusogolfe.com\/es\/easy-golf-pack-2\/#breadcrumb","itemListElement":[{"@type":"ListItem","position":1,"name":"Portada","item":"http:\/\/lusogolfe.com\/es\/"},{"@type":"ListItem","position":2,"name":"Easy Golf Pack"}]},{"@type":"WebSite","@id":"http:\/\/lusogolfe.com\/es\/#website","url":"http:\/\/lusogolfe.com\/es\/","name":"Lusogolfe","description":"Everything for Minigolf","publisher":{"@id":"http:\/\/lusogolfe.com\/es\/#organization"},"potentialAction":[{"@type":"SearchAction","target":{"@type":"EntryPoint","urlTemplate":"http:\/\/lusogolfe.com\/es\/?s={search_term_string}"},"query-input":{"@type":"PropertyValueSpecification","valueRequired":true,"valueName":"search_term_string"}}],"inLanguage":"es"},{"@type":"Organization","@id":"http:\/\/lusogolfe.com\/es\/#organization","name":"Lusogolfe","url":"http:\/\/lusogolfe.com\/es\/","logo":{"@type":"ImageObject","inLanguage":"es","@id":"http:\/\/lusogolfe.com\/es\/#\/schema\/logo\/image\/","url":"http:\/\/lusogolfe.com\/wp-content\/uploads\/2023\/05\/Lusogolfe-55years.png","contentUrl":"http:\/\/lusogolfe.com\/wp-content\/uploads\/2023\/05\/Lusogolfe-55years.png","width":1128,"height":768,"caption":"Lusogolfe"},"image":{"@id":"http:\/\/lusogolfe.com\/es\/#\/schema\/logo\/image\/"},"sameAs":["https:\/\/www.facebook.com\/lusogolfe\/","https:\/\/www.linkedin.com\/company\/lusogolfe","https:\/\/www.youtube.com\/lusogolfe","https:\/\/www.instagram.com\/lusogolfe"]}]}},"_links":{"self":[{"href":"https:\/\/lusogolfe.com\/es\/wp-json\/wp\/v2\/pages\/2018","targetHints":{"allow":["GET"]}}],"collection":[{"href":"https:\/\/lusogolfe.com\/es\/wp-json\/wp\/v2\/pages"}],"about":[{"href":"https:\/\/lusogolfe.com\/es\/wp-json\/wp\/v2\/types\/page"}],"author":[{"embeddable":true,"href":"https:\/\/lusogolfe.com\/es\/wp-json\/wp\/v2\/users\/2"}],"replies":[{"embeddable":true,"href":"https:\/\/lusogolfe.com\/es\/wp-json\/wp\/v2\/comments?post=2018"}],"version-history":[{"count":11,"href":"https:\/\/lusogolfe.com\/es\/wp-json\/wp\/v2\/pages\/2018\/revisions"}],"predecessor-version":[{"id":15412,"href":"https:\/\/lusogolfe.com\/es\/wp-json\/wp\/v2\/pages\/2018\/revisions\/15412"}],"wp:attachment":[{"href":"https:\/\/lusogolfe.com\/es\/wp-json\/wp\/v2\/media?parent=2018"}],"curies":[{"name":"wp","href":"https:\/\/api.w.org\/{rel}","templated":true}]}}