{"id":1892,"date":"2016-10-19T10:58:52","date_gmt":"2016-10-19T10:58:52","guid":{"rendered":"http:\/\/lusogolfe.com\/novo\/es\/servicios\/manutencao\/"},"modified":"2019-07-05T14:16:25","modified_gmt":"2019-07-05T14:16:25","slug":"mantenimiento","status":"publish","type":"page","link":"https:\/\/lusogolfe.com\/es\/servicios\/mantenimiento\/","title":{"rendered":"Mantenimiento"},"content":{"rendered":"<div class=\"wpb-content-wrapper\"><p>[vc_row][vc_column width=&#8221;3\/4&#8243;][block_title style=&#8221;column_title&#8221; inner_style=&#8221;inline_border&#8221; title=&#8221;Mantenimiento&#8221;][\/block_title][vc_column_text]Un circuito de mini golf reci\u00e9n instalado da una nueva vida y un nuevo color a un parque o jard\u00edn.<\/p>\n<p>Con los a\u00f1os, los espacios al aire libre, con sujeci\u00f3n a a\u00f1os de uso, los elementos naturales o incluso el vandalismo, finalmente muestran signos de desgaste y degradaci\u00f3n.<\/p>\n<p>Los cuidados de mantenimiento peri\u00f3dico y en curso garantizan la calidad y operatividad de los equipos.<\/p>\n<p>Resultado de la falta de mantenimiento, un circuito de mini golf puede necesitar:<br \/>\n\u2022 Sustituci\u00f3n o reactivar las l\u00edneas de l\u00edmite de la superficie de juego;<br \/>\n\u2022 Nivelaci\u00f3n de las pistas;<br \/>\n\u2022 Sustituci\u00f3n y \/ o de fijaci\u00f3n de los obst\u00e1culos;<br \/>\n\u2022 Pinturas mesas y obst\u00e1culos;<br \/>\n\u2022 Limpieza profunda con productos apropiados.<\/p>\n<p>El uso de m\u00e9todos y productos apropiados, garantizamos la fiabilidad y la excelencia de los servicios que prolongan el buen estado de uso del equipo.<\/p>\n<p>La experiencia de 50\u00a0a\u00f1os nos avala para ofrecer el mejor servicio post-venta.<\/p>\n<p>Despu\u00e9s de que el trabajo de conservaci\u00f3n de Lusogolfe, el espacio reformado ya no ser\u00e1 gris y recuperar la energ\u00eda de los primeros a\u00f1os![\/vc_column_text][\/vc_column][vc_column width=&#8221;1\/4&#8243;][block_title style=&#8221;column_title&#8221; title=&#8221;otros servicios&#8221;][\/block_title][vc_column_text]<\/p>\n<ul>\n<li><h3 class=\"shortcode_h3\"><a href=\"https:\/\/lusogolfe.com\/es\/servicios\/alquiler\/\">Alquiler<\/a><\/h3><\/li>\n<\/ul>\n<ul>\n<li><h3 class=\"shortcode_h3\"><a href=\"https:\/\/lusogolfe.com\/es\/servicios\/formacion\/\">Formaci\u00f3n<\/a><\/h3><\/li>\n<\/ul>\n<ul>\n<li><h3 class=\"shortcode_h3\"><a href=\"https:\/\/lusogolfe.com\/es\/servicios\/asesoriamento\/\">Asesoriamento<\/a><\/h3><\/li>\n<\/ul>\n<p>[\/vc_column_text][\/vc_column][\/vc_row]<\/p>\n<\/div>","protected":false},"excerpt":{"rendered":"<p>[vc_row][vc_column width=&#8221;3\/4&#8243;][block_title style=&#8221;column_title&#8221; inner_style=&#8221;inline_border&#8221; title=&#8221;Mantenimiento&#8221;][\/block_title][vc_column_text]Un circuito de mini golf reci\u00e9n instalado da una nueva vida y un nuevo color a un parque o jard\u00edn. Con los a\u00f1os, los espacios al aire libre, con sujeci\u00f3n a a\u00f1os de uso, los elementos naturales o incluso el vandalismo, finalmente muestran signos de desgaste y degradaci\u00f3n. Los cuidados de [&hellip;]<\/p>\n","protected":false},"author":2,"featured_media":0,"parent":1716,"menu_order":0,"comment_status":"closed","ping_status":"closed","template":"","meta":{"content-type":"","footnotes":""},"class_list":["post-1892","page","type-page","status-publish","hentry"],"yoast_head":"<!-- This site is optimized with the Yoast SEO plugin v27.3 - https:\/\/yoast.com\/product\/yoast-seo-wordpress\/ -->\n<title>Mantenimiento - Lusogolfe<\/title>\n<meta name=\"robots\" content=\"index, follow, max-snippet:-1, max-image-preview:large, max-video-preview:-1\" \/>\n<link rel=\"canonical\" href=\"http:\/\/lusogolfe.com\/es\/servicios\/mantenimiento\/\" \/>\n<meta property=\"og:locale\" content=\"es_ES\" \/>\n<meta property=\"og:type\" content=\"article\" \/>\n<meta property=\"og:title\" content=\"Mantenimiento - Lusogolfe\" \/>\n<meta property=\"og:description\" content=\"[vc_row][vc_column width=&#8221;3\/4&#8243;][block_title style=&#8221;column_title&#8221; inner_style=&#8221;inline_border&#8221; title=&#8221;Mantenimiento&#8221;][\/block_title][vc_column_text]Un circuito de mini golf reci\u00e9n instalado da una nueva vida y un nuevo color a un parque o jard\u00edn. Con los a\u00f1os, los espacios al aire libre, con sujeci\u00f3n a a\u00f1os de uso, los elementos naturales o incluso el vandalismo, finalmente muestran signos de desgaste y degradaci\u00f3n. Los cuidados de [&hellip;]\" \/>\n<meta property=\"og:url\" content=\"http:\/\/lusogolfe.com\/es\/servicios\/mantenimiento\/\" \/>\n<meta property=\"og:site_name\" content=\"Lusogolfe\" \/>\n<meta property=\"article:publisher\" content=\"https:\/\/www.facebook.com\/lusogolfe\/\" \/>\n<meta property=\"article:modified_time\" content=\"2019-07-05T14:16:25+00:00\" \/>\n<meta property=\"og:image\" content=\"https:\/\/lusogolfe.com\/wp-content\/uploads\/2016\/10\/49-anos-Lusogolfe.jpg\" \/>\n\t<meta property=\"og:image:width\" content=\"1\" \/>\n\t<meta property=\"og:image:height\" content=\"1\" \/>\n\t<meta property=\"og:image:type\" content=\"image\/jpeg\" \/>\n<meta name=\"twitter:card\" content=\"summary_large_image\" \/>\n<meta name=\"twitter:label1\" content=\"Tiempo de lectura\" \/>\n\t<meta name=\"twitter:data1\" content=\"1 minuto\" \/>\n<script type=\"application\/ld+json\" class=\"yoast-schema-graph\">{\"@context\":\"https:\\\/\\\/schema.org\",\"@graph\":[{\"@type\":\"WebPage\",\"@id\":\"http:\\\/\\\/lusogolfe.com\\\/es\\\/servicios\\\/mantenimiento\\\/\",\"url\":\"http:\\\/\\\/lusogolfe.com\\\/es\\\/servicios\\\/mantenimiento\\\/\",\"name\":\"Mantenimiento - Lusogolfe\",\"isPartOf\":{\"@id\":\"http:\\\/\\\/lusogolfe.com\\\/#website\"},\"datePublished\":\"2016-10-19T10:58:52+00:00\",\"dateModified\":\"2019-07-05T14:16:25+00:00\",\"breadcrumb\":{\"@id\":\"http:\\\/\\\/lusogolfe.com\\\/es\\\/servicios\\\/mantenimiento\\\/#breadcrumb\"},\"inLanguage\":\"es\",\"potentialAction\":[{\"@type\":\"ReadAction\",\"target\":[\"http:\\\/\\\/lusogolfe.com\\\/es\\\/servicios\\\/mantenimiento\\\/\"]}]},{\"@type\":\"BreadcrumbList\",\"@id\":\"http:\\\/\\\/lusogolfe.com\\\/es\\\/servicios\\\/mantenimiento\\\/#breadcrumb\",\"itemListElement\":[{\"@type\":\"ListItem\",\"position\":1,\"name\":\"Portada\",\"item\":\"http:\\\/\\\/lusogolfe.com\\\/es\\\/\"},{\"@type\":\"ListItem\",\"position\":2,\"name\":\"Nuestros servicios &#8211; Alquiler | Mantenimiento | Formaci\u00f3n | Consultor\u00eda\",\"item\":\"https:\\\/\\\/lusogolfe.com\\\/es\\\/servicios\\\/\"},{\"@type\":\"ListItem\",\"position\":3,\"name\":\"Mantenimiento\"}]},{\"@type\":\"WebSite\",\"@id\":\"http:\\\/\\\/lusogolfe.com\\\/#website\",\"url\":\"http:\\\/\\\/lusogolfe.com\\\/\",\"name\":\"Lusogolfe\",\"description\":\"Everything for Minigolf\",\"publisher\":{\"@id\":\"http:\\\/\\\/lusogolfe.com\\\/#organization\"},\"potentialAction\":[{\"@type\":\"SearchAction\",\"target\":{\"@type\":\"EntryPoint\",\"urlTemplate\":\"http:\\\/\\\/lusogolfe.com\\\/?s={search_term_string}\"},\"query-input\":{\"@type\":\"PropertyValueSpecification\",\"valueRequired\":true,\"valueName\":\"search_term_string\"}}],\"inLanguage\":\"es\"},{\"@type\":\"Organization\",\"@id\":\"http:\\\/\\\/lusogolfe.com\\\/#organization\",\"name\":\"Lusogolfe\",\"url\":\"http:\\\/\\\/lusogolfe.com\\\/\",\"logo\":{\"@type\":\"ImageObject\",\"inLanguage\":\"es\",\"@id\":\"http:\\\/\\\/lusogolfe.com\\\/#\\\/schema\\\/logo\\\/image\\\/\",\"url\":\"http:\\\/\\\/lusogolfe.com\\\/wp-content\\\/uploads\\\/2023\\\/05\\\/Lusogolfe-55years.png\",\"contentUrl\":\"http:\\\/\\\/lusogolfe.com\\\/wp-content\\\/uploads\\\/2023\\\/05\\\/Lusogolfe-55years.png\",\"width\":1128,\"height\":768,\"caption\":\"Lusogolfe\"},\"image\":{\"@id\":\"http:\\\/\\\/lusogolfe.com\\\/#\\\/schema\\\/logo\\\/image\\\/\"},\"sameAs\":[\"https:\\\/\\\/www.facebook.com\\\/lusogolfe\\\/\",\"https:\\\/\\\/www.linkedin.com\\\/company\\\/lusogolfe\",\"https:\\\/\\\/www.youtube.com\\\/lusogolfe\",\"https:\\\/\\\/www.instagram.com\\\/lusogolfe\"]}]}<\/script>\n<!-- \/ Yoast SEO plugin. -->","yoast_head_json":{"title":"Mantenimiento - Lusogolfe","robots":{"index":"index","follow":"follow","max-snippet":"max-snippet:-1","max-image-preview":"max-image-preview:large","max-video-preview":"max-video-preview:-1"},"canonical":"http:\/\/lusogolfe.com\/es\/servicios\/mantenimiento\/","og_locale":"es_ES","og_type":"article","og_title":"Mantenimiento - Lusogolfe","og_description":"[vc_row][vc_column width=&#8221;3\/4&#8243;][block_title style=&#8221;column_title&#8221; inner_style=&#8221;inline_border&#8221; title=&#8221;Mantenimiento&#8221;][\/block_title][vc_column_text]Un circuito de mini golf reci\u00e9n instalado da una nueva vida y un nuevo color a un parque o jard\u00edn. Con los a\u00f1os, los espacios al aire libre, con sujeci\u00f3n a a\u00f1os de uso, los elementos naturales o incluso el vandalismo, finalmente muestran signos de desgaste y degradaci\u00f3n. Los cuidados de [&hellip;]","og_url":"http:\/\/lusogolfe.com\/es\/servicios\/mantenimiento\/","og_site_name":"Lusogolfe","article_publisher":"https:\/\/www.facebook.com\/lusogolfe\/","article_modified_time":"2019-07-05T14:16:25+00:00","og_image":[{"url":"https:\/\/lusogolfe.com\/wp-content\/uploads\/2016\/10\/49-anos-Lusogolfe.jpg","width":1,"height":1,"type":"image\/jpeg"}],"twitter_card":"summary_large_image","twitter_misc":{"Tiempo de lectura":"1 minuto"},"schema":{"@context":"https:\/\/schema.org","@graph":[{"@type":"WebPage","@id":"http:\/\/lusogolfe.com\/es\/servicios\/mantenimiento\/","url":"http:\/\/lusogolfe.com\/es\/servicios\/mantenimiento\/","name":"Mantenimiento - Lusogolfe","isPartOf":{"@id":"http:\/\/lusogolfe.com\/#website"},"datePublished":"2016-10-19T10:58:52+00:00","dateModified":"2019-07-05T14:16:25+00:00","breadcrumb":{"@id":"http:\/\/lusogolfe.com\/es\/servicios\/mantenimiento\/#breadcrumb"},"inLanguage":"es","potentialAction":[{"@type":"ReadAction","target":["http:\/\/lusogolfe.com\/es\/servicios\/mantenimiento\/"]}]},{"@type":"BreadcrumbList","@id":"http:\/\/lusogolfe.com\/es\/servicios\/mantenimiento\/#breadcrumb","itemListElement":[{"@type":"ListItem","position":1,"name":"Portada","item":"http:\/\/lusogolfe.com\/es\/"},{"@type":"ListItem","position":2,"name":"Nuestros servicios &#8211; Alquiler | Mantenimiento | Formaci\u00f3n | Consultor\u00eda","item":"https:\/\/lusogolfe.com\/es\/servicios\/"},{"@type":"ListItem","position":3,"name":"Mantenimiento"}]},{"@type":"WebSite","@id":"http:\/\/lusogolfe.com\/#website","url":"http:\/\/lusogolfe.com\/","name":"Lusogolfe","description":"Everything for Minigolf","publisher":{"@id":"http:\/\/lusogolfe.com\/#organization"},"potentialAction":[{"@type":"SearchAction","target":{"@type":"EntryPoint","urlTemplate":"http:\/\/lusogolfe.com\/?s={search_term_string}"},"query-input":{"@type":"PropertyValueSpecification","valueRequired":true,"valueName":"search_term_string"}}],"inLanguage":"es"},{"@type":"Organization","@id":"http:\/\/lusogolfe.com\/#organization","name":"Lusogolfe","url":"http:\/\/lusogolfe.com\/","logo":{"@type":"ImageObject","inLanguage":"es","@id":"http:\/\/lusogolfe.com\/#\/schema\/logo\/image\/","url":"http:\/\/lusogolfe.com\/wp-content\/uploads\/2023\/05\/Lusogolfe-55years.png","contentUrl":"http:\/\/lusogolfe.com\/wp-content\/uploads\/2023\/05\/Lusogolfe-55years.png","width":1128,"height":768,"caption":"Lusogolfe"},"image":{"@id":"http:\/\/lusogolfe.com\/#\/schema\/logo\/image\/"},"sameAs":["https:\/\/www.facebook.com\/lusogolfe\/","https:\/\/www.linkedin.com\/company\/lusogolfe","https:\/\/www.youtube.com\/lusogolfe","https:\/\/www.instagram.com\/lusogolfe"]}]}},"_links":{"self":[{"href":"https:\/\/lusogolfe.com\/es\/wp-json\/wp\/v2\/pages\/1892","targetHints":{"allow":["GET"]}}],"collection":[{"href":"https:\/\/lusogolfe.com\/es\/wp-json\/wp\/v2\/pages"}],"about":[{"href":"https:\/\/lusogolfe.com\/es\/wp-json\/wp\/v2\/types\/page"}],"author":[{"embeddable":true,"href":"https:\/\/lusogolfe.com\/es\/wp-json\/wp\/v2\/users\/2"}],"replies":[{"embeddable":true,"href":"https:\/\/lusogolfe.com\/es\/wp-json\/wp\/v2\/comments?post=1892"}],"version-history":[{"count":1,"href":"https:\/\/lusogolfe.com\/es\/wp-json\/wp\/v2\/pages\/1892\/revisions"}],"predecessor-version":[{"id":7099,"href":"https:\/\/lusogolfe.com\/es\/wp-json\/wp\/v2\/pages\/1892\/revisions\/7099"}],"up":[{"embeddable":true,"href":"https:\/\/lusogolfe.com\/es\/wp-json\/wp\/v2\/pages\/1716"}],"wp:attachment":[{"href":"https:\/\/lusogolfe.com\/es\/wp-json\/wp\/v2\/media?parent=1892"}],"curies":[{"name":"wp","href":"https:\/\/api.w.org\/{rel}","templated":true}]}}