{"id":1881,"date":"2016-10-19T11:15:07","date_gmt":"2016-10-19T11:15:07","guid":{"rendered":"http:\/\/lusogolfe.com\/novo\/es\/servicios\/formacao\/"},"modified":"2019-07-05T14:21:41","modified_gmt":"2019-07-05T14:21:41","slug":"formacion","status":"publish","type":"page","link":"https:\/\/lusogolfe.com\/es\/servicios\/formacion\/","title":{"rendered":"Formaci\u00f3n"},"content":{"rendered":"<div class=\"wpb-content-wrapper\"><p>[vc_row][vc_column width=&#8221;3\/4&#8243;][block_title style=&#8221;column_title&#8221; inner_style=&#8221;inline_border&#8221; title=&#8221;Formaci\u00f3n&#8221;][\/block_title][vc_column_text]Nuestra experiencia y nuestros conocimientos humanos nos permiten ofrecer formaci\u00f3n en dos \u00e1reas distintas pero complementarias: la gesti\u00f3n de su circuito y la actividad deportiva.<\/p>\n<p>Gesti\u00f3n Circuito promueve el aumento de la rentabilidad, la mejora de la capacidad de organizaci\u00f3n y la realizaci\u00f3n de tareas que de manera sistem\u00e1tica y orientada al cliente servir\u00e1 como base del \u00e9xito de su circuito de minigolf.<\/p>\n<p>La actividad deportiva de minigolf es el aspecto que traer\u00e1 la visibilidad y prestigio, dinamismo impresi\u00f3n y movimiento a la zona de juegos y zona de diversi\u00f3n, que marca la raz\u00f3n principal para el circuito de minigolf.[\/vc_column_text][\/vc_column][vc_column width=&#8221;1\/4&#8243;][block_title style=&#8221;column_title&#8221; title=&#8221;otros servicios&#8221;][\/block_title][vc_column_text]<\/p>\n<ul>\n<li><h3 class=\"shortcode_h3\"><a href=\"https:\/\/lusogolfe.com\/es\/servicios\/alquiler\/\">Alquiler<\/a><\/h3><\/li>\n<\/ul>\n<ul>\n<li><h3 class=\"shortcode_h3\"><a href=\"https:\/\/lusogolfe.com\/es\/servicios\/mantenimiento\/\">Mantenimiento<\/a><\/h3><\/li>\n<\/ul>\n<ul>\n<li><h3 class=\"shortcode_h3\"><a href=\"https:\/\/lusogolfe.com\/es\/servicios\/asesoriamento\/\">Asesoriamento<\/a><\/h3><\/li>\n<\/ul>\n<p>[\/vc_column_text][\/vc_column][\/vc_row]<\/p>\n<\/div>","protected":false},"excerpt":{"rendered":"<p>[vc_row][vc_column width=&#8221;3\/4&#8243;][block_title style=&#8221;column_title&#8221; inner_style=&#8221;inline_border&#8221; title=&#8221;Formaci\u00f3n&#8221;][\/block_title][vc_column_text]Nuestra experiencia y nuestros conocimientos humanos nos permiten ofrecer formaci\u00f3n en dos \u00e1reas distintas pero complementarias: la gesti\u00f3n de su circuito y la actividad deportiva. Gesti\u00f3n Circuito promueve el aumento de la rentabilidad, la mejora de la capacidad de organizaci\u00f3n y la realizaci\u00f3n de tareas que de manera sistem\u00e1tica y orientada [&hellip;]<\/p>\n","protected":false},"author":2,"featured_media":0,"parent":1716,"menu_order":0,"comment_status":"closed","ping_status":"closed","template":"","meta":{"content-type":"","footnotes":""},"class_list":["post-1881","page","type-page","status-publish","hentry"],"yoast_head":"<!-- This site is optimized with the Yoast SEO plugin v27.4 - https:\/\/yoast.com\/product\/yoast-seo-wordpress\/ -->\n<title>Formaci\u00f3n - Lusogolfe<\/title>\n<meta name=\"robots\" content=\"index, follow, max-snippet:-1, max-image-preview:large, max-video-preview:-1\" \/>\n<link rel=\"canonical\" href=\"http:\/\/lusogolfe.com\/es\/servicios\/formacion\/\" \/>\n<meta property=\"og:locale\" content=\"es_ES\" \/>\n<meta property=\"og:type\" content=\"article\" \/>\n<meta property=\"og:title\" content=\"Formaci\u00f3n - Lusogolfe\" \/>\n<meta property=\"og:description\" content=\"[vc_row][vc_column width=&#8221;3\/4&#8243;][block_title style=&#8221;column_title&#8221; inner_style=&#8221;inline_border&#8221; title=&#8221;Formaci\u00f3n&#8221;][\/block_title][vc_column_text]Nuestra experiencia y nuestros conocimientos humanos nos permiten ofrecer formaci\u00f3n en dos \u00e1reas distintas pero complementarias: la gesti\u00f3n de su circuito y la actividad deportiva. Gesti\u00f3n Circuito promueve el aumento de la rentabilidad, la mejora de la capacidad de organizaci\u00f3n y la realizaci\u00f3n de tareas que de manera sistem\u00e1tica y orientada [&hellip;]\" \/>\n<meta property=\"og:url\" content=\"http:\/\/lusogolfe.com\/es\/servicios\/formacion\/\" \/>\n<meta property=\"og:site_name\" content=\"Lusogolfe\" \/>\n<meta property=\"article:publisher\" content=\"https:\/\/www.facebook.com\/lusogolfe\/\" \/>\n<meta property=\"article:modified_time\" content=\"2019-07-05T14:21:41+00:00\" \/>\n<meta property=\"og:image\" content=\"https:\/\/lusogolfe.com\/wp-content\/uploads\/2016\/10\/49-anos-Lusogolfe.jpg\" \/>\n\t<meta property=\"og:image:width\" content=\"1\" \/>\n\t<meta property=\"og:image:height\" content=\"1\" \/>\n\t<meta property=\"og:image:type\" content=\"image\/jpeg\" \/>\n<meta name=\"twitter:card\" content=\"summary_large_image\" \/>\n<meta name=\"twitter:label1\" content=\"Tiempo de lectura\" \/>\n\t<meta name=\"twitter:data1\" content=\"1 minuto\" \/>\n<script type=\"application\/ld+json\" class=\"yoast-schema-graph\">{\"@context\":\"https:\\\/\\\/schema.org\",\"@graph\":[{\"@type\":\"WebPage\",\"@id\":\"http:\\\/\\\/lusogolfe.com\\\/es\\\/servicios\\\/formacion\\\/\",\"url\":\"http:\\\/\\\/lusogolfe.com\\\/es\\\/servicios\\\/formacion\\\/\",\"name\":\"Formaci\u00f3n - Lusogolfe\",\"isPartOf\":{\"@id\":\"http:\\\/\\\/lusogolfe.com\\\/es\\\/#website\"},\"datePublished\":\"2016-10-19T11:15:07+00:00\",\"dateModified\":\"2019-07-05T14:21:41+00:00\",\"breadcrumb\":{\"@id\":\"http:\\\/\\\/lusogolfe.com\\\/es\\\/servicios\\\/formacion\\\/#breadcrumb\"},\"inLanguage\":\"es\",\"potentialAction\":[{\"@type\":\"ReadAction\",\"target\":[\"http:\\\/\\\/lusogolfe.com\\\/es\\\/servicios\\\/formacion\\\/\"]}]},{\"@type\":\"BreadcrumbList\",\"@id\":\"http:\\\/\\\/lusogolfe.com\\\/es\\\/servicios\\\/formacion\\\/#breadcrumb\",\"itemListElement\":[{\"@type\":\"ListItem\",\"position\":1,\"name\":\"Portada\",\"item\":\"http:\\\/\\\/lusogolfe.com\\\/es\\\/\"},{\"@type\":\"ListItem\",\"position\":2,\"name\":\"Nuestros servicios &#8211; Alquiler | Mantenimiento | Formaci\u00f3n | Consultor\u00eda\",\"item\":\"http:\\\/\\\/lusogolfe.com\\\/es\\\/servicios\\\/\"},{\"@type\":\"ListItem\",\"position\":3,\"name\":\"Formaci\u00f3n\"}]},{\"@type\":\"WebSite\",\"@id\":\"http:\\\/\\\/lusogolfe.com\\\/es\\\/#website\",\"url\":\"http:\\\/\\\/lusogolfe.com\\\/es\\\/\",\"name\":\"Lusogolfe\",\"description\":\"Everything for Minigolf\",\"publisher\":{\"@id\":\"http:\\\/\\\/lusogolfe.com\\\/es\\\/#organization\"},\"potentialAction\":[{\"@type\":\"SearchAction\",\"target\":{\"@type\":\"EntryPoint\",\"urlTemplate\":\"http:\\\/\\\/lusogolfe.com\\\/es\\\/?s={search_term_string}\"},\"query-input\":{\"@type\":\"PropertyValueSpecification\",\"valueRequired\":true,\"valueName\":\"search_term_string\"}}],\"inLanguage\":\"es\"},{\"@type\":\"Organization\",\"@id\":\"http:\\\/\\\/lusogolfe.com\\\/es\\\/#organization\",\"name\":\"Lusogolfe\",\"url\":\"http:\\\/\\\/lusogolfe.com\\\/es\\\/\",\"logo\":{\"@type\":\"ImageObject\",\"inLanguage\":\"es\",\"@id\":\"http:\\\/\\\/lusogolfe.com\\\/es\\\/#\\\/schema\\\/logo\\\/image\\\/\",\"url\":\"http:\\\/\\\/lusogolfe.com\\\/wp-content\\\/uploads\\\/2023\\\/05\\\/Lusogolfe-55years.png\",\"contentUrl\":\"http:\\\/\\\/lusogolfe.com\\\/wp-content\\\/uploads\\\/2023\\\/05\\\/Lusogolfe-55years.png\",\"width\":1128,\"height\":768,\"caption\":\"Lusogolfe\"},\"image\":{\"@id\":\"http:\\\/\\\/lusogolfe.com\\\/es\\\/#\\\/schema\\\/logo\\\/image\\\/\"},\"sameAs\":[\"https:\\\/\\\/www.facebook.com\\\/lusogolfe\\\/\",\"https:\\\/\\\/www.linkedin.com\\\/company\\\/lusogolfe\",\"https:\\\/\\\/www.youtube.com\\\/lusogolfe\",\"https:\\\/\\\/www.instagram.com\\\/lusogolfe\"]}]}<\/script>\n<!-- \/ Yoast SEO plugin. -->","yoast_head_json":{"title":"Formaci\u00f3n - Lusogolfe","robots":{"index":"index","follow":"follow","max-snippet":"max-snippet:-1","max-image-preview":"max-image-preview:large","max-video-preview":"max-video-preview:-1"},"canonical":"http:\/\/lusogolfe.com\/es\/servicios\/formacion\/","og_locale":"es_ES","og_type":"article","og_title":"Formaci\u00f3n - Lusogolfe","og_description":"[vc_row][vc_column width=&#8221;3\/4&#8243;][block_title style=&#8221;column_title&#8221; inner_style=&#8221;inline_border&#8221; title=&#8221;Formaci\u00f3n&#8221;][\/block_title][vc_column_text]Nuestra experiencia y nuestros conocimientos humanos nos permiten ofrecer formaci\u00f3n en dos \u00e1reas distintas pero complementarias: la gesti\u00f3n de su circuito y la actividad deportiva. Gesti\u00f3n Circuito promueve el aumento de la rentabilidad, la mejora de la capacidad de organizaci\u00f3n y la realizaci\u00f3n de tareas que de manera sistem\u00e1tica y orientada [&hellip;]","og_url":"http:\/\/lusogolfe.com\/es\/servicios\/formacion\/","og_site_name":"Lusogolfe","article_publisher":"https:\/\/www.facebook.com\/lusogolfe\/","article_modified_time":"2019-07-05T14:21:41+00:00","og_image":[{"url":"https:\/\/lusogolfe.com\/wp-content\/uploads\/2016\/10\/49-anos-Lusogolfe.jpg","width":1,"height":1,"type":"image\/jpeg"}],"twitter_card":"summary_large_image","twitter_misc":{"Tiempo de lectura":"1 minuto"},"schema":{"@context":"https:\/\/schema.org","@graph":[{"@type":"WebPage","@id":"http:\/\/lusogolfe.com\/es\/servicios\/formacion\/","url":"http:\/\/lusogolfe.com\/es\/servicios\/formacion\/","name":"Formaci\u00f3n - Lusogolfe","isPartOf":{"@id":"http:\/\/lusogolfe.com\/es\/#website"},"datePublished":"2016-10-19T11:15:07+00:00","dateModified":"2019-07-05T14:21:41+00:00","breadcrumb":{"@id":"http:\/\/lusogolfe.com\/es\/servicios\/formacion\/#breadcrumb"},"inLanguage":"es","potentialAction":[{"@type":"ReadAction","target":["http:\/\/lusogolfe.com\/es\/servicios\/formacion\/"]}]},{"@type":"BreadcrumbList","@id":"http:\/\/lusogolfe.com\/es\/servicios\/formacion\/#breadcrumb","itemListElement":[{"@type":"ListItem","position":1,"name":"Portada","item":"http:\/\/lusogolfe.com\/es\/"},{"@type":"ListItem","position":2,"name":"Nuestros servicios &#8211; Alquiler | Mantenimiento | Formaci\u00f3n | Consultor\u00eda","item":"http:\/\/lusogolfe.com\/es\/servicios\/"},{"@type":"ListItem","position":3,"name":"Formaci\u00f3n"}]},{"@type":"WebSite","@id":"http:\/\/lusogolfe.com\/es\/#website","url":"http:\/\/lusogolfe.com\/es\/","name":"Lusogolfe","description":"Everything for Minigolf","publisher":{"@id":"http:\/\/lusogolfe.com\/es\/#organization"},"potentialAction":[{"@type":"SearchAction","target":{"@type":"EntryPoint","urlTemplate":"http:\/\/lusogolfe.com\/es\/?s={search_term_string}"},"query-input":{"@type":"PropertyValueSpecification","valueRequired":true,"valueName":"search_term_string"}}],"inLanguage":"es"},{"@type":"Organization","@id":"http:\/\/lusogolfe.com\/es\/#organization","name":"Lusogolfe","url":"http:\/\/lusogolfe.com\/es\/","logo":{"@type":"ImageObject","inLanguage":"es","@id":"http:\/\/lusogolfe.com\/es\/#\/schema\/logo\/image\/","url":"http:\/\/lusogolfe.com\/wp-content\/uploads\/2023\/05\/Lusogolfe-55years.png","contentUrl":"http:\/\/lusogolfe.com\/wp-content\/uploads\/2023\/05\/Lusogolfe-55years.png","width":1128,"height":768,"caption":"Lusogolfe"},"image":{"@id":"http:\/\/lusogolfe.com\/es\/#\/schema\/logo\/image\/"},"sameAs":["https:\/\/www.facebook.com\/lusogolfe\/","https:\/\/www.linkedin.com\/company\/lusogolfe","https:\/\/www.youtube.com\/lusogolfe","https:\/\/www.instagram.com\/lusogolfe"]}]}},"_links":{"self":[{"href":"https:\/\/lusogolfe.com\/es\/wp-json\/wp\/v2\/pages\/1881","targetHints":{"allow":["GET"]}}],"collection":[{"href":"https:\/\/lusogolfe.com\/es\/wp-json\/wp\/v2\/pages"}],"about":[{"href":"https:\/\/lusogolfe.com\/es\/wp-json\/wp\/v2\/types\/page"}],"author":[{"embeddable":true,"href":"https:\/\/lusogolfe.com\/es\/wp-json\/wp\/v2\/users\/2"}],"replies":[{"embeddable":true,"href":"https:\/\/lusogolfe.com\/es\/wp-json\/wp\/v2\/comments?post=1881"}],"version-history":[{"count":1,"href":"https:\/\/lusogolfe.com\/es\/wp-json\/wp\/v2\/pages\/1881\/revisions"}],"predecessor-version":[{"id":7100,"href":"https:\/\/lusogolfe.com\/es\/wp-json\/wp\/v2\/pages\/1881\/revisions\/7100"}],"up":[{"embeddable":true,"href":"https:\/\/lusogolfe.com\/es\/wp-json\/wp\/v2\/pages\/1716"}],"wp:attachment":[{"href":"https:\/\/lusogolfe.com\/es\/wp-json\/wp\/v2\/media?parent=1881"}],"curies":[{"name":"wp","href":"https:\/\/api.w.org\/{rel}","templated":true}]}}