{"id":1817,"date":"2016-10-25T09:04:37","date_gmt":"2016-10-25T09:04:37","guid":{"rendered":"http:\/\/lusogolfe.com\/novo\/es\/politica-de-privacidade\/"},"modified":"2019-07-05T14:30:12","modified_gmt":"2019-07-05T14:30:12","slug":"politica-de-privacidad","status":"publish","type":"page","link":"https:\/\/lusogolfe.com\/es\/politica-de-privacidad\/","title":{"rendered":"Pol\u00edtica de privacidad"},"content":{"rendered":"<div class=\"wpb-content-wrapper\"><p>[vc_row][vc_column][block_title style=&#8221;column_title&#8221; inner_style=&#8221;inline_border&#8221; title=&#8221;Pol\u00edtica de privacidad&#8221;][\/block_title][vc_column_text]Nuestro compromiso es proteger la privacidad del cliente. Por lo tanto, la informaci\u00f3n que usted nos proporciona se utiliza exclusivamente para facilitar la prestaci\u00f3n de servicios y personalizar su servicio al cliente. Nosotros no vendemos, alquilamos o compartimos su informaci\u00f3n con terceros.<\/p>\n<p>Le\u00eddo por debajo de nuestra Pol\u00edtica de Privacidad y entendemos c\u00f3mo recopilamos sus datos, c\u00f3mo se utiliza esa informaci\u00f3n y c\u00f3mo se puede permitir o no recibir material promocional.<br \/>\nRecogida de informaci\u00f3n<\/p>\n<p>Los datos personales facilitados por usted es importante para nosotros saber que es mejor y ofrecerle servicios, productos e informaci\u00f3n dirigidas. Esta informaci\u00f3n se almacena en nuestra base de datos que permite una mejor relaci\u00f3n con nuestros clientes. La informaci\u00f3n s\u00f3lo se utiliza por nosotros y es prop\u00f3sito es facilitar sus compras futuras y su navegaci\u00f3n por el sitio.<\/p>\n<p>Durante su navegaci\u00f3n por el sitio, recopilamos informaci\u00f3n sobre la navegaci\u00f3n de nuestros visitantes, como la fecha de la visita, la direcci\u00f3n IP y el tipo de navegador.<br \/>\nEstos datos son importantes para mejorar la funcionalidad del sitio y el an\u00e1lisis estad\u00edstico y permiten una navegaci\u00f3n m\u00e1s segura.<\/p>\n<p>En el proceso de compra de cualquier producto, vamos a solicitar algunos datos personales (nombre, direcci\u00f3n, ciudad, etc.) que son necesarios para identificar qui\u00e9n es usted y podemos finalizar su pedido.[\/vc_column_text][block_title style=&#8221;column_title&#8221; inner_style=&#8221;inline_border&#8221; title=&#8221;Uso de la Informaci\u00f3n&#8221;][\/block_title][vc_column_text]Nosotros no revelamos ni vendemos su informaci\u00f3n personal. Entendemos que esta informaci\u00f3n fue suministrada por la confianza en nuestra empresa y que debe devolver a usted el mismo respeto.<\/p>\n<p>Su informaci\u00f3n se utiliza solamente para nosotros, para fines tales como la comprobaci\u00f3n de la solicitud, facilitar el cumplimiento de pedidos, hacer an\u00e1lisis de los perfiles y estad\u00edsticas, la mejora de las operaciones del sitio y el contenido que env\u00eda, anuncios, materiales de promoci\u00f3n e informaci\u00f3n que se puede cancelar en cualquier momento.<br \/>\nInscripci\u00f3n y Recepci\u00f3n de material promocional<\/p>\n<p>El registro de correo electr\u00f3nico se utilizar\u00e1 para la difusi\u00f3n de informaci\u00f3n, promociones y lanzamientos, siempre y cuando autorizados por usted. En cualquier momento, usted puede optar por dejar de recibir esta informaci\u00f3n. Para ello, por favor env\u00ede un correo electr\u00f3nico con la palabra REMOVER en el \u201csujeto\u201d.<\/p>\n<p>El registro no crea ninguna relaci\u00f3n contractual con la empresa. Sirve para que pueda acceder a nuestros servicios especiales y obtener un trato desigual.<br \/>\n\u00bfQu\u00e9 son las cookies y para qu\u00e9 se usan para?<\/p>\n<p>Las cookies son peque\u00f1os archivos de datos transferidos de un sitio web en el disco de su ordenador. Podemos utilizar cookies para identificarle si vuelve a navegar nuestro sitio. Por ejemplo: durante su visita a nuestro sitio web, usted eligi\u00f3 un producto y lo puso en el carrito de compras. La conexi\u00f3n se cort\u00f3 y se desea realizar la compra que hab\u00eda comenzado. Si no seguimos las cookies, usted tendr\u00eda que volver a entrar en el sitio y empezar todo el proceso. En este caso, guarde su carrito de compras por un per\u00edodo de 24 horas. Nuestras cookies no contienen informaci\u00f3n personal, como nombre, direcci\u00f3n, n\u00famero de tarjeta de cr\u00e9dito y otra informaci\u00f3n que se considere confidencial.<br \/>\nNo puedo usar las cookies?<\/p>\n<p>Los navegadores web permiten eliminar las cookies existentes en su computadora, bloquear su uso o pueden decirle si una cookie se almacena en el disco duro. Esta es una opci\u00f3n personal. Si decide bloquear las cookies, no podr\u00e1 registrarse en nuestro sitio o hacer compras, y no depender de los beneficios que estos peque\u00f1os archivos que pueden ofrecer.[\/vc_column_text][block_title style=&#8221;column_title&#8221; inner_style=&#8221;inline_border&#8221; title=&#8221;Seguridad&#8221;][\/block_title][vc_column_text]Su informaci\u00f3n se almacena en las computadoras seguras, por lo que se mantienen inaccesibles por otros. Para asegurar su privacidad y seguridad, no divulgar su contrase\u00f1a a terceros. Para obtener m\u00e1s informaci\u00f3n sobre la seguridad leer el texto anterior.[\/vc_column_text][block_title style=&#8221;column_title&#8221; inner_style=&#8221;inline_border&#8221; title=&#8221;Modificaciones&#8221;][\/block_title][vc_column_text]Nos reservamos el derecho de cambiar nuestra pol\u00edtica de privacidad, debe haber una necesidad, pero nos comprometemos a divulgar, en este mismo espacio, ninguna modificaci\u00f3n.<\/p>\n<p>Si usted tiene alguna duda o sugerencia acerca de nuestra pol\u00edtica de privacidad, por favor no dude en contactar <a href=\"https:\/\/lusogolfe.com\/es\/contactos\/\">con nosotros<\/a>.[\/vc_column_text][\/vc_column][\/vc_row]<\/p>\n<\/div>","protected":false},"excerpt":{"rendered":"<p>[vc_row][vc_column][block_title style=&#8221;column_title&#8221; inner_style=&#8221;inline_border&#8221; title=&#8221;Pol\u00edtica de privacidad&#8221;][\/block_title][vc_column_text]Nuestro compromiso es proteger la privacidad del cliente. Por lo tanto, la informaci\u00f3n que usted nos proporciona se utiliza exclusivamente para facilitar la prestaci\u00f3n de servicios y personalizar su servicio al cliente. Nosotros no vendemos, alquilamos o compartimos su informaci\u00f3n con terceros. Le\u00eddo por debajo de nuestra Pol\u00edtica de Privacidad [&hellip;]<\/p>\n","protected":false},"author":2,"featured_media":0,"parent":0,"menu_order":0,"comment_status":"closed","ping_status":"closed","template":"","meta":{"content-type":"","footnotes":""},"class_list":["post-1817","page","type-page","status-publish","hentry"],"yoast_head":"<!-- This site is optimized with the Yoast SEO plugin v27.4 - https:\/\/yoast.com\/product\/yoast-seo-wordpress\/ -->\n<title>Pol\u00edtica de privacidad - Lusogolfe<\/title>\n<meta name=\"robots\" content=\"index, follow, max-snippet:-1, max-image-preview:large, max-video-preview:-1\" \/>\n<link rel=\"canonical\" href=\"https:\/\/lusogolfe.com\/es\/politica-de-privacidad\/\" \/>\n<meta property=\"og:locale\" content=\"es_ES\" \/>\n<meta property=\"og:type\" content=\"article\" \/>\n<meta property=\"og:title\" content=\"Pol\u00edtica de privacidad - Lusogolfe\" \/>\n<meta property=\"og:description\" content=\"[vc_row][vc_column][block_title style=&#8221;column_title&#8221; inner_style=&#8221;inline_border&#8221; title=&#8221;Pol\u00edtica de privacidad&#8221;][\/block_title][vc_column_text]Nuestro compromiso es proteger la privacidad del cliente. Por lo tanto, la informaci\u00f3n que usted nos proporciona se utiliza exclusivamente para facilitar la prestaci\u00f3n de servicios y personalizar su servicio al cliente. Nosotros no vendemos, alquilamos o compartimos su informaci\u00f3n con terceros. Le\u00eddo por debajo de nuestra Pol\u00edtica de Privacidad [&hellip;]\" \/>\n<meta property=\"og:url\" content=\"https:\/\/lusogolfe.com\/es\/politica-de-privacidad\/\" \/>\n<meta property=\"og:site_name\" content=\"Lusogolfe\" \/>\n<meta property=\"article:publisher\" content=\"https:\/\/www.facebook.com\/lusogolfe\/\" \/>\n<meta property=\"article:modified_time\" content=\"2019-07-05T14:30:12+00:00\" \/>\n<meta property=\"og:image\" content=\"https:\/\/lusogolfe.com\/wp-content\/uploads\/2016\/10\/49-anos-Lusogolfe.jpg\" \/>\n\t<meta property=\"og:image:width\" content=\"1\" \/>\n\t<meta property=\"og:image:height\" content=\"1\" \/>\n\t<meta property=\"og:image:type\" content=\"image\/jpeg\" \/>\n<meta name=\"twitter:card\" content=\"summary_large_image\" \/>\n<meta name=\"twitter:label1\" content=\"Tiempo de lectura\" \/>\n\t<meta name=\"twitter:data1\" content=\"4 minutos\" \/>\n<script type=\"application\/ld+json\" class=\"yoast-schema-graph\">{\"@context\":\"https:\\\/\\\/schema.org\",\"@graph\":[{\"@type\":\"WebPage\",\"@id\":\"https:\\\/\\\/lusogolfe.com\\\/es\\\/politica-de-privacidad\\\/\",\"url\":\"https:\\\/\\\/lusogolfe.com\\\/es\\\/politica-de-privacidad\\\/\",\"name\":\"Pol\u00edtica de privacidad - Lusogolfe\",\"isPartOf\":{\"@id\":\"http:\\\/\\\/lusogolfe.com\\\/es\\\/#website\"},\"datePublished\":\"2016-10-25T09:04:37+00:00\",\"dateModified\":\"2019-07-05T14:30:12+00:00\",\"breadcrumb\":{\"@id\":\"https:\\\/\\\/lusogolfe.com\\\/es\\\/politica-de-privacidad\\\/#breadcrumb\"},\"inLanguage\":\"es\",\"potentialAction\":[{\"@type\":\"ReadAction\",\"target\":[\"https:\\\/\\\/lusogolfe.com\\\/es\\\/politica-de-privacidad\\\/\"]}]},{\"@type\":\"BreadcrumbList\",\"@id\":\"https:\\\/\\\/lusogolfe.com\\\/es\\\/politica-de-privacidad\\\/#breadcrumb\",\"itemListElement\":[{\"@type\":\"ListItem\",\"position\":1,\"name\":\"Portada\",\"item\":\"http:\\\/\\\/lusogolfe.com\\\/es\\\/\"},{\"@type\":\"ListItem\",\"position\":2,\"name\":\"Pol\u00edtica de privacidad\"}]},{\"@type\":\"WebSite\",\"@id\":\"http:\\\/\\\/lusogolfe.com\\\/es\\\/#website\",\"url\":\"http:\\\/\\\/lusogolfe.com\\\/es\\\/\",\"name\":\"Lusogolfe\",\"description\":\"Everything for Minigolf\",\"publisher\":{\"@id\":\"http:\\\/\\\/lusogolfe.com\\\/es\\\/#organization\"},\"potentialAction\":[{\"@type\":\"SearchAction\",\"target\":{\"@type\":\"EntryPoint\",\"urlTemplate\":\"http:\\\/\\\/lusogolfe.com\\\/es\\\/?s={search_term_string}\"},\"query-input\":{\"@type\":\"PropertyValueSpecification\",\"valueRequired\":true,\"valueName\":\"search_term_string\"}}],\"inLanguage\":\"es\"},{\"@type\":\"Organization\",\"@id\":\"http:\\\/\\\/lusogolfe.com\\\/es\\\/#organization\",\"name\":\"Lusogolfe\",\"url\":\"http:\\\/\\\/lusogolfe.com\\\/es\\\/\",\"logo\":{\"@type\":\"ImageObject\",\"inLanguage\":\"es\",\"@id\":\"http:\\\/\\\/lusogolfe.com\\\/es\\\/#\\\/schema\\\/logo\\\/image\\\/\",\"url\":\"http:\\\/\\\/lusogolfe.com\\\/wp-content\\\/uploads\\\/2023\\\/05\\\/Lusogolfe-55years.png\",\"contentUrl\":\"http:\\\/\\\/lusogolfe.com\\\/wp-content\\\/uploads\\\/2023\\\/05\\\/Lusogolfe-55years.png\",\"width\":1128,\"height\":768,\"caption\":\"Lusogolfe\"},\"image\":{\"@id\":\"http:\\\/\\\/lusogolfe.com\\\/es\\\/#\\\/schema\\\/logo\\\/image\\\/\"},\"sameAs\":[\"https:\\\/\\\/www.facebook.com\\\/lusogolfe\\\/\",\"https:\\\/\\\/www.linkedin.com\\\/company\\\/lusogolfe\",\"https:\\\/\\\/www.youtube.com\\\/lusogolfe\",\"https:\\\/\\\/www.instagram.com\\\/lusogolfe\"]}]}<\/script>\n<!-- \/ Yoast SEO plugin. -->","yoast_head_json":{"title":"Pol\u00edtica de privacidad - Lusogolfe","robots":{"index":"index","follow":"follow","max-snippet":"max-snippet:-1","max-image-preview":"max-image-preview:large","max-video-preview":"max-video-preview:-1"},"canonical":"https:\/\/lusogolfe.com\/es\/politica-de-privacidad\/","og_locale":"es_ES","og_type":"article","og_title":"Pol\u00edtica de privacidad - Lusogolfe","og_description":"[vc_row][vc_column][block_title style=&#8221;column_title&#8221; inner_style=&#8221;inline_border&#8221; title=&#8221;Pol\u00edtica de privacidad&#8221;][\/block_title][vc_column_text]Nuestro compromiso es proteger la privacidad del cliente. Por lo tanto, la informaci\u00f3n que usted nos proporciona se utiliza exclusivamente para facilitar la prestaci\u00f3n de servicios y personalizar su servicio al cliente. Nosotros no vendemos, alquilamos o compartimos su informaci\u00f3n con terceros. Le\u00eddo por debajo de nuestra Pol\u00edtica de Privacidad [&hellip;]","og_url":"https:\/\/lusogolfe.com\/es\/politica-de-privacidad\/","og_site_name":"Lusogolfe","article_publisher":"https:\/\/www.facebook.com\/lusogolfe\/","article_modified_time":"2019-07-05T14:30:12+00:00","og_image":[{"url":"https:\/\/lusogolfe.com\/wp-content\/uploads\/2016\/10\/49-anos-Lusogolfe.jpg","width":1,"height":1,"type":"image\/jpeg"}],"twitter_card":"summary_large_image","twitter_misc":{"Tiempo de lectura":"4 minutos"},"schema":{"@context":"https:\/\/schema.org","@graph":[{"@type":"WebPage","@id":"https:\/\/lusogolfe.com\/es\/politica-de-privacidad\/","url":"https:\/\/lusogolfe.com\/es\/politica-de-privacidad\/","name":"Pol\u00edtica de privacidad - Lusogolfe","isPartOf":{"@id":"http:\/\/lusogolfe.com\/es\/#website"},"datePublished":"2016-10-25T09:04:37+00:00","dateModified":"2019-07-05T14:30:12+00:00","breadcrumb":{"@id":"https:\/\/lusogolfe.com\/es\/politica-de-privacidad\/#breadcrumb"},"inLanguage":"es","potentialAction":[{"@type":"ReadAction","target":["https:\/\/lusogolfe.com\/es\/politica-de-privacidad\/"]}]},{"@type":"BreadcrumbList","@id":"https:\/\/lusogolfe.com\/es\/politica-de-privacidad\/#breadcrumb","itemListElement":[{"@type":"ListItem","position":1,"name":"Portada","item":"http:\/\/lusogolfe.com\/es\/"},{"@type":"ListItem","position":2,"name":"Pol\u00edtica de privacidad"}]},{"@type":"WebSite","@id":"http:\/\/lusogolfe.com\/es\/#website","url":"http:\/\/lusogolfe.com\/es\/","name":"Lusogolfe","description":"Everything for Minigolf","publisher":{"@id":"http:\/\/lusogolfe.com\/es\/#organization"},"potentialAction":[{"@type":"SearchAction","target":{"@type":"EntryPoint","urlTemplate":"http:\/\/lusogolfe.com\/es\/?s={search_term_string}"},"query-input":{"@type":"PropertyValueSpecification","valueRequired":true,"valueName":"search_term_string"}}],"inLanguage":"es"},{"@type":"Organization","@id":"http:\/\/lusogolfe.com\/es\/#organization","name":"Lusogolfe","url":"http:\/\/lusogolfe.com\/es\/","logo":{"@type":"ImageObject","inLanguage":"es","@id":"http:\/\/lusogolfe.com\/es\/#\/schema\/logo\/image\/","url":"http:\/\/lusogolfe.com\/wp-content\/uploads\/2023\/05\/Lusogolfe-55years.png","contentUrl":"http:\/\/lusogolfe.com\/wp-content\/uploads\/2023\/05\/Lusogolfe-55years.png","width":1128,"height":768,"caption":"Lusogolfe"},"image":{"@id":"http:\/\/lusogolfe.com\/es\/#\/schema\/logo\/image\/"},"sameAs":["https:\/\/www.facebook.com\/lusogolfe\/","https:\/\/www.linkedin.com\/company\/lusogolfe","https:\/\/www.youtube.com\/lusogolfe","https:\/\/www.instagram.com\/lusogolfe"]}]}},"_links":{"self":[{"href":"https:\/\/lusogolfe.com\/es\/wp-json\/wp\/v2\/pages\/1817","targetHints":{"allow":["GET"]}}],"collection":[{"href":"https:\/\/lusogolfe.com\/es\/wp-json\/wp\/v2\/pages"}],"about":[{"href":"https:\/\/lusogolfe.com\/es\/wp-json\/wp\/v2\/types\/page"}],"author":[{"embeddable":true,"href":"https:\/\/lusogolfe.com\/es\/wp-json\/wp\/v2\/users\/2"}],"replies":[{"embeddable":true,"href":"https:\/\/lusogolfe.com\/es\/wp-json\/wp\/v2\/comments?post=1817"}],"version-history":[{"count":1,"href":"https:\/\/lusogolfe.com\/es\/wp-json\/wp\/v2\/pages\/1817\/revisions"}],"predecessor-version":[{"id":7108,"href":"https:\/\/lusogolfe.com\/es\/wp-json\/wp\/v2\/pages\/1817\/revisions\/7108"}],"wp:attachment":[{"href":"https:\/\/lusogolfe.com\/es\/wp-json\/wp\/v2\/media?parent=1817"}],"curies":[{"name":"wp","href":"https:\/\/api.w.org\/{rel}","templated":true}]}}