{"id":1782,"date":"2016-10-19T14:20:09","date_gmt":"2016-10-19T14:20:09","guid":{"rendered":"http:\/\/lusogolfe.com\/novo\/es\/pistas-de-minigolfe\/"},"modified":"2026-04-28T11:07:05","modified_gmt":"2026-04-28T11:07:05","slug":"pistas-minigolf","status":"publish","type":"page","link":"https:\/\/lusogolfe.com\/es\/pistas-minigolf\/","title":{"rendered":"Pistas de Minigolf"},"content":{"rendered":"<div class=\"wpb-content-wrapper\"><p>[vc_row][vc_column][vc_column_text]<\/p>\n<h1><span style=\"color: black; font-size: 24px; font-weight: bold;\">PISTAS DE MINIGOLF<\/span><\/h1>\n<p>[\/vc_column_text][vc_column_text]<\/p>\n<p data-start=\"1217\" data-end=\"1506\">En Lusogolfe, el Minigolf es mucho m\u00e1s que un simple juego: es una experiencia \u00fanica, <strong>adaptada a cada espacio<\/strong> y a cada p\u00fablico. Nuestros circuitos son totalmente personalizables, dise\u00f1ados para responder a diferentes necesidades, ya sean espacios interiores o exteriores.<\/p>\n<p data-start=\"1508\" data-end=\"1727\">Con nuestros modelos, puedes crear un espacio de Minigolf <strong>a la medida de tu negocio<\/strong>: ya sea un parque de atracciones, una escuela, un centro comercial, un hotel o cualquier otro lugar donde la diversi\u00f3n tenga sentido.<\/p>\n<p data-start=\"1729\" data-end=\"1814\"><strong>Lusogolfe: dise\u00f1o, calidad e innovaci\u00f3n de referencia en el Minigolf internacional.<\/strong><\/p>\n<h3>Enviamos a todo el mundo!<\/h3>\n<p>[\/vc_column_text][\/vc_column][\/vc_row][vc_row][vc_column width=&#8221;1\/3&#8243;][vc_column_text css=&#8221;&#8221;]<a href=\"https:\/\/lusogolfe.com\/es\/ofertas-minigolf\/#ofertas\"><img loading=\"lazy\" decoding=\"async\" class=\"alignnone wp-image-18150 size-full\" src=\"http:\/\/lusogolfe.com\/wp-content\/uploads\/2026\/02\/ESP-D.jpg\" alt=\"\" width=\"450\" height=\"277\" srcset=\"https:\/\/lusogolfe.com\/wp-content\/uploads\/2026\/02\/ESP-D.jpg 450w, https:\/\/lusogolfe.com\/wp-content\/uploads\/2026\/02\/ESP-D-300x185.jpg 300w\" sizes=\"auto, (max-width: 450px) 100vw, 450px\" \/><\/a><\/p>\n<h2><span style=\"color: black; font-size: 17px;\">OFERTAS DE MINIGOLF<\/span><\/h2>\n<div class=\"wpb_text_column wpb_content_element vc_custom_1770887855072\">\n<div class=\"wpb_wrapper\">\n<p>Promoci\u00f3n v\u00e1lida del 12 de febrero al 31 de mayo de 2026. Limitado al stock existente.<\/p>\n<\/div>\n<\/div>\n<p>[\/vc_column_text][\/vc_column][vc_column width=&#8221;1\/3&#8243;][\/vc_column][vc_column width=&#8221;1\/3&#8243;][\/vc_column][\/vc_row][vc_row][vc_column][vc_column_text]<\/p>\n<h2><span style=\"font-size: 21px;\">MINIGOLF PARA EL OCIO<\/span><\/h2>\n<p>[\/vc_column_text][\/vc_column][\/vc_row][vc_row][vc_column width=&#8221;1\/3&#8243;][vc_column_text]<a href=\"https:\/\/lusogolfe.com\/es\/pistas-minigolf\/easy-golf\/\"><img loading=\"lazy\" decoding=\"async\" class=\"alignnone wp-image-4263 size-full\" src=\"https:\/\/lusogolfe.com\/wp-content\/uploads\/2018\/01\/Easy-Golf.jpg\" alt=\"\" width=\"319\" height=\"208\" \/><\/a><\/p>\n<h2><span style=\"color: black; font-size: 17px;\">EASY GOLF<\/span><\/h2>\n<p><strong>Transportable<\/strong>, de <strong>f\u00e1cil instalaci\u00f3n<\/strong> y\u00a0<strong><span lang=\"es\">mantenimiento reducido<\/span><\/strong>, este modelo es ideal para transformar un espacio peque\u00f1o en un parque c\u00e1lido y colorido. Su dise\u00f1o simple est\u00e1 animado por los obst\u00e1culos que divierten j\u00f3venes y cautivan m\u00e1s.[\/vc_column_text][\/vc_column][vc_column width=&#8221;1\/3&#8243;][vc_column_text]<a href=\"https:\/\/lusogolfe.com\/es\/pistas-minigolf\/smart-golf\/\" rel=\"noopener\"><img loading=\"lazy\" decoding=\"async\" class=\"alignnone wp-image-4266 size-full\" src=\"https:\/\/lusogolfe.com\/wp-content\/uploads\/2018\/01\/Smart-Golf.jpg\" alt=\"\" width=\"319\" height=\"208\" \/><\/a><\/p>\n<h2><span style=\"color: black; font-size: 17px;\">SMART GOLF<\/span><\/h2>\n<p>Las pistas con <strong>obst\u00e1culos m\u00e1s creativos<\/strong>, como el desafiante &#8220;Bridge&#8221;, garantizan momentos de gran diversi\u00f3n con la familia o los amigos. Un dise\u00f1o irreverente que fomenta los deportes al aire libre y los momentos de relajaci\u00f3n.[\/vc_column_text][\/vc_column][vc_column width=&#8221;1\/3&#8243;][vc_column_text]<a href=\"https:\/\/lusogolfe.com\/es\/pistas-minigolf\/maxi-golf\"><img loading=\"lazy\" decoding=\"async\" class=\"alignnone wp-image-4264 size-full\" src=\"https:\/\/lusogolfe.com\/wp-content\/uploads\/2018\/01\/Maxi-Golf.jpg\" alt=\"\" width=\"319\" height=\"208\" \/><\/a><\/p>\n<h2><span style=\"color: black; font-size: 17px;\">MAXI GOLF<\/span><\/h2>\n<p>Se trata de un equipamiento de ocio, <strong>desafiante y emocionante<\/strong> para superar y vencer los retos propuestos. Ideal alquiler y agilizar un espacio existente con una actividad saludable, ocio y bienestar.[\/vc_column_text][\/vc_column][\/vc_row][vc_row][vc_column][vc_column_text]<\/p>\n<h2><span style=\"font-size: 21px;\">MINIGOLF PARA LUZ NEGRA<\/span><\/h2>\n<p>[\/vc_column_text][\/vc_column][\/vc_row][vc_row][vc_column width=&#8221;1\/3&#8243;][vc_column_text]<a href=\"https:\/\/lusogolfe.com\/es\/pistas-minigolf\/blacklight-golf\/\"><img loading=\"lazy\" decoding=\"async\" class=\"alignnone wp-image-16670 size-full\" src=\"https:\/\/lusogolfe.com\/wp-content\/uploads\/2025\/02\/D-BlacklightGolf.jpg\" alt=\"\" width=\"340\" height=\"210\" srcset=\"https:\/\/lusogolfe.com\/wp-content\/uploads\/2025\/02\/D-BlacklightGolf.jpg 340w, https:\/\/lusogolfe.com\/wp-content\/uploads\/2025\/02\/D-BlacklightGolf-300x185.jpg 300w\" sizes=\"auto, (max-width: 340px) 100vw, 340px\" \/><\/a><\/p>\n<h2><span style=\"color: black; font-size: 17px;\">BLACKLIGHT GOLF<\/span><\/h2>\n<p>Nuestro equipo especializado est\u00e1 comprometido en la creaci\u00f3n de circuitos deslumbrantes que desaf\u00edan a los jugadores bajo la luz negra. \u00a1\u00danete a nosotros y descubre el mundo vibrante del Blacklight Golf, donde la diversi\u00f3n y la emoci\u00f3n est\u00e1n garantizadas en cada golpe![\/vc_column_text][\/vc_column][vc_column width=&#8221;1\/3&#8243;][\/vc_column][vc_column width=&#8221;1\/3&#8243;][\/vc_column][\/vc_row][vc_row][vc_column][rev_slider_vc alias=&#8221;quemsomos&#8221;][\/vc_column][\/vc_row][vc_row][vc_column][vc_column_text]<\/p>\n<h2><span style=\"font-size: 21px;\">MINIGOLF PARA EL COMPETICI\u00d3N<\/span><\/h2>\n<p>[\/vc_column_text][\/vc_column][\/vc_row][vc_row][vc_column width=&#8221;1\/3&#8243;][vc_column_text]<a href=\"https:\/\/lusogolfe.com\/es\/pistas-minigolf\/speed-golf\/\"><img loading=\"lazy\" decoding=\"async\" class=\"alignnone wp-image-16855 size-full\" src=\"https:\/\/lusogolfe.com\/wp-content\/uploads\/2025\/02\/D.jpg\" alt=\"\" width=\"340\" height=\"210\" srcset=\"https:\/\/lusogolfe.com\/wp-content\/uploads\/2025\/02\/D.jpg 340w, https:\/\/lusogolfe.com\/wp-content\/uploads\/2025\/02\/D-300x185.jpg 300w\" sizes=\"auto, (max-width: 340px) 100vw, 340px\" \/><\/a><\/p>\n<h2><span style=\"color: black; font-size: 17px;\">SPEED GOLF<\/span><\/h2>\n<p>Una selecci\u00f3n din\u00e1mica de pistas de Minigolf de alta velocidad y desaf\u00edo que aseguran diversi\u00f3n para jugadores de todas las edades. Supera obst\u00e1culos intrincados, curvas cerradas y giros inesperados.[\/vc_column_text][\/vc_column][vc_column width=&#8221;1\/3&#8243;][vc_column_text]<a href=\"https:\/\/lusogolfe.com\/es\/pistas-minigolf\/challenge-golf\/\"><img loading=\"lazy\" decoding=\"async\" class=\"alignnone wp-image-4262 size-full\" src=\"https:\/\/lusogolfe.com\/wp-content\/uploads\/2018\/01\/Challenge-Golf.jpg\" alt=\"\" width=\"319\" height=\"208\" \/><\/a><\/p>\n<h2><span style=\"color: black; font-size: 17px;\">CHALLENGE GOLF<\/span><\/h2>\n<p>Muy popular en Europa, en estos circuitos sucede entretenidos momentos de ocio y desafiantes competiciones de car\u00e1cter local, regional, nacional o internacional. Duraderos y atractivos estos cursos tienen una <strong>larga vida \u00fatil<\/strong> y se mantiene siempre con aspecto <strong>moderno<\/strong>.<\/p>\n<p><strong>Modelo aprobado para las competiciones por <a href=\"https:\/\/gov.minigolfsport.com\/\" target=\"_blank\" rel=\"noopener noreferrer\">WMF<\/a>!<\/strong>[\/vc_column_text][\/vc_column][vc_column width=&#8221;1\/3&#8243;][vc_column_text]<a href=\"https:\/\/lusogolfe.com\/es\/pistas-minigolf\/profy-golf\/\"><img loading=\"lazy\" decoding=\"async\" class=\"alignnone wp-image-4265 size-full\" src=\"https:\/\/lusogolfe.com\/wp-content\/uploads\/2018\/01\/Profy-Golf.jpg\" alt=\"\" width=\"319\" height=\"208\" \/><\/a><\/p>\n<h2><span style=\"color: black; font-size: 17px;\">PROFY GOLF<\/span><\/h2>\n<p>Viniendo de los pa\u00edses n\u00f3rdicos, asegura un car\u00e1cter <strong>distintivo y prestigioso<\/strong> en cualquier proyecto. Este modelo m\u00e1s grande y varios desaf\u00edos por cursos puestos a prueba toda la habilidad del jugador.<\/p>\n<p><strong>Modelo aprobado para las competiciones por <a href=\"https:\/\/gov.minigolfsport.com\/\" target=\"_blank\" rel=\"noopener noreferrer\">WMF<\/a>!<\/strong>[\/vc_column_text][\/vc_column][\/vc_row][vc_row bg_color=&#8221;#f4f4f4&#8243; top_padding=&#8221;50&#8243; bottom_padding=&#8221;40&#8243;][vc_column][vc_column_text]<\/p>\n<h2><span style=\"color: black; font-size: 21px;\">MEDIDAS<\/span><\/h2>\n<p>[\/vc_column_text][media animation=&#8221;none&#8221; image=&#8221;10915&#8243;][\/vc_column][\/vc_row][vc_row][vc_column width=&#8221;1\/2&#8243;][vc_video link=&#8221;https:\/\/youtu.be\/Plm4yzwrqvY&#8221;][vc_video link=&#8221;https:\/\/youtu.be\/Oy8lgclPgfw&#8221;][\/vc_column][vc_column width=&#8221;1\/2&#8243;][vc_video link=&#8221;https:\/\/youtu.be\/xa3H_xVGWlo&#8221;][vc_video link=&#8221;https:\/\/youtu.be\/l4hhm8HR8Ds&#8221;][\/vc_column][\/vc_row][vc_row][vc_column][vc_column_text]<\/p>\n<h2><span style=\"color: black; font-size: 21px;\">FAQ&#8217;s<\/span><\/h2>\n<p>[\/vc_column_text][faq style=&#8221;style_3&#8243; faq_cat=&#8221;0&#8243;][\/vc_column][\/vc_row][vc_row][vc_column][vc_column_text]<\/p>\n<p>[\/vc_column_text][\/vc_column][\/vc_row][vc_row bg_color=&#8221;#f4f4f4&#8243; top_padding=&#8221;50&#8243; bottom_padding=&#8221;40&#8243; class=&#8221;ctadesktop&#8221;][vc_column width=&#8221;1\/2&#8243; css=&#8221;.vc_custom_1576254605976{padding-top: 10px !important;}&#8221;][vc_column_text css=&#8221;.vc_custom_1770305079993{padding-bottom: 0px !important;}&#8221;]<span style=\"font-size: 26px; font-weight: 600;\">\u00bfBusca una soluci\u00f3n a medida para su espacio?<\/span><\/p>\n<p>Tras la solicitud de presupuesto, analizamos su proyecto, desarrollamos una propuesta personalizada, definimos plazos estimados y gestionamos toda la log\u00edstica, incluido el transporte y la instalaci\u00f3n.[\/vc_column_text][\/vc_column][vc_column width=&#8221;1\/2&#8243;][button title=&#8221;Solicitar presupuesto&#8221; link=&#8221;https:\/\/lusogolfe.com\/es\/pistas-minigolf\/presupuesto\/&#8221; icon=&#8221;steadysets-icon-arrow-right&#8221; button_bool=&#8221;yes&#8221; button_2_title=&#8221;M\u00e1s informaci\u00f3n&#8221; button_2_link=&#8221;mailto:info@lusogolfe.com&#8221;][\/vc_column][\/vc_row][vc_row bg_color=&#8221;#efefef&#8221; top_padding=&#8221;50&#8243; bottom_padding=&#8221;50&#8243; class=&#8221;ctamobile&#8221;][vc_column width=&#8221;1\/2&#8243;][vc_column_text css=&#8221;&#8221;]<span style=\"font-size: 22px; font-weight: 600;\">\u00bfBusca una soluci\u00f3n a medida para su espacio?<\/span><\/p>\n<p>Tras la solicitud de presupuesto, analizamos su proyecto, desarrollamos una propuesta personalizada, definimos plazos estimados y gestionamos toda la log\u00edstica, incluido el transporte y la instalaci\u00f3n.[\/vc_column_text][\/vc_column][vc_column width=&#8221;1\/2&#8243;][button title=&#8221;Solicitar presupuesto&#8221; link=&#8221;https:\/\/lusogolfe.com\/es\/pistas-minigolf\/presupuesto\/&#8221; icon=&#8221;steadysets-icon-arrow-right&#8221; button_bool=&#8221;yes&#8221; button_2_title=&#8221;Ll\u00e1manos: +351 917 180 500&#8243; button_2_link=&#8221;tel:+351917180500&#8243;][\/vc_column][\/vc_row]<\/p>\n<\/div>","protected":false},"excerpt":{"rendered":"<p>[vc_row][vc_column][vc_column_text] PISTAS DE MINIGOLF [\/vc_column_text][vc_column_text] En Lusogolfe, el Minigolf es mucho m\u00e1s que un simple juego: es una experiencia \u00fanica, adaptada a cada espacio y a cada p\u00fablico. Nuestros circuitos son totalmente personalizables, dise\u00f1ados para responder a diferentes necesidades, ya sean espacios interiores o exteriores. Con nuestros modelos, puedes crear un espacio de Minigolf a [&hellip;]<\/p>\n","protected":false},"author":2,"featured_media":3163,"parent":0,"menu_order":0,"comment_status":"closed","ping_status":"closed","template":"","meta":{"content-type":"","footnotes":""},"class_list":["post-1782","page","type-page","status-publish","has-post-thumbnail","hentry"],"yoast_head":"<!-- This site is optimized with the Yoast SEO plugin v27.4 - https:\/\/yoast.com\/product\/yoast-seo-wordpress\/ -->\n<title>Conozca nuestras Pistas de Minigolf - Lusogolfe<\/title>\n<meta name=\"description\" content=\"A pensar en s\u00ed desarrollamos 5 modelos con 18 Pistas de Minigolf, con dise\u00f1o y calidad de referencia en el mercado. Para Outdoor y Indoor.\" \/>\n<meta name=\"robots\" content=\"index, follow, max-snippet:-1, max-image-preview:large, max-video-preview:-1\" \/>\n<link rel=\"canonical\" href=\"https:\/\/lusogolfe.com\/es\/pistas-minigolf\/\" \/>\n<meta property=\"og:locale\" content=\"es_ES\" \/>\n<meta property=\"og:type\" content=\"article\" \/>\n<meta property=\"og:title\" content=\"Conozca nuestras Pistas de Minigolf - Lusogolfe\" \/>\n<meta property=\"og:description\" content=\"A pensar en s\u00ed desarrollamos 5 modelos con 18 Pistas de Minigolf, con dise\u00f1o y calidad de referencia en el mercado. Para Outdoor y Indoor.\" \/>\n<meta property=\"og:url\" content=\"https:\/\/lusogolfe.com\/es\/pistas-minigolf\/\" \/>\n<meta property=\"og:site_name\" content=\"Lusogolfe\" \/>\n<meta property=\"article:publisher\" content=\"https:\/\/www.facebook.com\/lusogolfe\/\" \/>\n<meta property=\"article:modified_time\" content=\"2026-04-28T11:07:05+00:00\" \/>\n<meta property=\"og:image\" content=\"http:\/\/lusogolfe.com\/wp-content\/uploads\/2017\/10\/Cage.jpg\" \/>\n\t<meta property=\"og:image:width\" content=\"1\" \/>\n\t<meta property=\"og:image:height\" content=\"1\" \/>\n\t<meta property=\"og:image:type\" content=\"image\/jpeg\" \/>\n<meta name=\"twitter:card\" content=\"summary_large_image\" \/>\n<meta name=\"twitter:label1\" content=\"Tiempo de lectura\" \/>\n\t<meta name=\"twitter:data1\" content=\"6 minutos\" \/>\n<script type=\"application\/ld+json\" class=\"yoast-schema-graph\">{\"@context\":\"https:\\\/\\\/schema.org\",\"@graph\":[{\"@type\":\"WebPage\",\"@id\":\"https:\\\/\\\/lusogolfe.com\\\/es\\\/pistas-minigolf\\\/\",\"url\":\"https:\\\/\\\/lusogolfe.com\\\/es\\\/pistas-minigolf\\\/\",\"name\":\"Conozca nuestras Pistas de Minigolf - Lusogolfe\",\"isPartOf\":{\"@id\":\"http:\\\/\\\/lusogolfe.com\\\/es\\\/#website\"},\"primaryImageOfPage\":{\"@id\":\"https:\\\/\\\/lusogolfe.com\\\/es\\\/pistas-minigolf\\\/#primaryimage\"},\"image\":{\"@id\":\"https:\\\/\\\/lusogolfe.com\\\/es\\\/pistas-minigolf\\\/#primaryimage\"},\"thumbnailUrl\":\"https:\\\/\\\/lusogolfe.com\\\/wp-content\\\/uploads\\\/2017\\\/10\\\/Cage.jpg\",\"datePublished\":\"2016-10-19T14:20:09+00:00\",\"dateModified\":\"2026-04-28T11:07:05+00:00\",\"description\":\"A pensar en s\u00ed desarrollamos 5 modelos con 18 Pistas de Minigolf, con dise\u00f1o y calidad de referencia en el mercado. Para Outdoor y Indoor.\",\"breadcrumb\":{\"@id\":\"https:\\\/\\\/lusogolfe.com\\\/es\\\/pistas-minigolf\\\/#breadcrumb\"},\"inLanguage\":\"es\",\"potentialAction\":[{\"@type\":\"ReadAction\",\"target\":[\"https:\\\/\\\/lusogolfe.com\\\/es\\\/pistas-minigolf\\\/\"]}]},{\"@type\":\"ImageObject\",\"inLanguage\":\"es\",\"@id\":\"https:\\\/\\\/lusogolfe.com\\\/es\\\/pistas-minigolf\\\/#primaryimage\",\"url\":\"https:\\\/\\\/lusogolfe.com\\\/wp-content\\\/uploads\\\/2017\\\/10\\\/Cage.jpg\",\"contentUrl\":\"https:\\\/\\\/lusogolfe.com\\\/wp-content\\\/uploads\\\/2017\\\/10\\\/Cage.jpg\"},{\"@type\":\"BreadcrumbList\",\"@id\":\"https:\\\/\\\/lusogolfe.com\\\/es\\\/pistas-minigolf\\\/#breadcrumb\",\"itemListElement\":[{\"@type\":\"ListItem\",\"position\":1,\"name\":\"Portada\",\"item\":\"http:\\\/\\\/lusogolfe.com\\\/es\\\/\"},{\"@type\":\"ListItem\",\"position\":2,\"name\":\"Pistas de Minigolf\"}]},{\"@type\":\"WebSite\",\"@id\":\"http:\\\/\\\/lusogolfe.com\\\/es\\\/#website\",\"url\":\"http:\\\/\\\/lusogolfe.com\\\/es\\\/\",\"name\":\"Lusogolfe\",\"description\":\"Everything for Minigolf\",\"publisher\":{\"@id\":\"http:\\\/\\\/lusogolfe.com\\\/es\\\/#organization\"},\"potentialAction\":[{\"@type\":\"SearchAction\",\"target\":{\"@type\":\"EntryPoint\",\"urlTemplate\":\"http:\\\/\\\/lusogolfe.com\\\/es\\\/?s={search_term_string}\"},\"query-input\":{\"@type\":\"PropertyValueSpecification\",\"valueRequired\":true,\"valueName\":\"search_term_string\"}}],\"inLanguage\":\"es\"},{\"@type\":\"Organization\",\"@id\":\"http:\\\/\\\/lusogolfe.com\\\/es\\\/#organization\",\"name\":\"Lusogolfe\",\"url\":\"http:\\\/\\\/lusogolfe.com\\\/es\\\/\",\"logo\":{\"@type\":\"ImageObject\",\"inLanguage\":\"es\",\"@id\":\"http:\\\/\\\/lusogolfe.com\\\/es\\\/#\\\/schema\\\/logo\\\/image\\\/\",\"url\":\"http:\\\/\\\/lusogolfe.com\\\/wp-content\\\/uploads\\\/2023\\\/05\\\/Lusogolfe-55years.png\",\"contentUrl\":\"http:\\\/\\\/lusogolfe.com\\\/wp-content\\\/uploads\\\/2023\\\/05\\\/Lusogolfe-55years.png\",\"width\":1128,\"height\":768,\"caption\":\"Lusogolfe\"},\"image\":{\"@id\":\"http:\\\/\\\/lusogolfe.com\\\/es\\\/#\\\/schema\\\/logo\\\/image\\\/\"},\"sameAs\":[\"https:\\\/\\\/www.facebook.com\\\/lusogolfe\\\/\",\"https:\\\/\\\/www.linkedin.com\\\/company\\\/lusogolfe\",\"https:\\\/\\\/www.youtube.com\\\/lusogolfe\",\"https:\\\/\\\/www.instagram.com\\\/lusogolfe\"]}]}<\/script>\n<!-- \/ Yoast SEO plugin. -->","yoast_head_json":{"title":"Conozca nuestras Pistas de Minigolf - Lusogolfe","description":"A pensar en s\u00ed desarrollamos 5 modelos con 18 Pistas de Minigolf, con dise\u00f1o y calidad de referencia en el mercado. Para Outdoor y Indoor.","robots":{"index":"index","follow":"follow","max-snippet":"max-snippet:-1","max-image-preview":"max-image-preview:large","max-video-preview":"max-video-preview:-1"},"canonical":"https:\/\/lusogolfe.com\/es\/pistas-minigolf\/","og_locale":"es_ES","og_type":"article","og_title":"Conozca nuestras Pistas de Minigolf - Lusogolfe","og_description":"A pensar en s\u00ed desarrollamos 5 modelos con 18 Pistas de Minigolf, con dise\u00f1o y calidad de referencia en el mercado. Para Outdoor y Indoor.","og_url":"https:\/\/lusogolfe.com\/es\/pistas-minigolf\/","og_site_name":"Lusogolfe","article_publisher":"https:\/\/www.facebook.com\/lusogolfe\/","article_modified_time":"2026-04-28T11:07:05+00:00","og_image":[{"url":"http:\/\/lusogolfe.com\/wp-content\/uploads\/2017\/10\/Cage.jpg","width":1,"height":1,"type":"image\/jpeg"}],"twitter_card":"summary_large_image","twitter_misc":{"Tiempo de lectura":"6 minutos"},"schema":{"@context":"https:\/\/schema.org","@graph":[{"@type":"WebPage","@id":"https:\/\/lusogolfe.com\/es\/pistas-minigolf\/","url":"https:\/\/lusogolfe.com\/es\/pistas-minigolf\/","name":"Conozca nuestras Pistas de Minigolf - Lusogolfe","isPartOf":{"@id":"http:\/\/lusogolfe.com\/es\/#website"},"primaryImageOfPage":{"@id":"https:\/\/lusogolfe.com\/es\/pistas-minigolf\/#primaryimage"},"image":{"@id":"https:\/\/lusogolfe.com\/es\/pistas-minigolf\/#primaryimage"},"thumbnailUrl":"https:\/\/lusogolfe.com\/wp-content\/uploads\/2017\/10\/Cage.jpg","datePublished":"2016-10-19T14:20:09+00:00","dateModified":"2026-04-28T11:07:05+00:00","description":"A pensar en s\u00ed desarrollamos 5 modelos con 18 Pistas de Minigolf, con dise\u00f1o y calidad de referencia en el mercado. Para Outdoor y Indoor.","breadcrumb":{"@id":"https:\/\/lusogolfe.com\/es\/pistas-minigolf\/#breadcrumb"},"inLanguage":"es","potentialAction":[{"@type":"ReadAction","target":["https:\/\/lusogolfe.com\/es\/pistas-minigolf\/"]}]},{"@type":"ImageObject","inLanguage":"es","@id":"https:\/\/lusogolfe.com\/es\/pistas-minigolf\/#primaryimage","url":"https:\/\/lusogolfe.com\/wp-content\/uploads\/2017\/10\/Cage.jpg","contentUrl":"https:\/\/lusogolfe.com\/wp-content\/uploads\/2017\/10\/Cage.jpg"},{"@type":"BreadcrumbList","@id":"https:\/\/lusogolfe.com\/es\/pistas-minigolf\/#breadcrumb","itemListElement":[{"@type":"ListItem","position":1,"name":"Portada","item":"http:\/\/lusogolfe.com\/es\/"},{"@type":"ListItem","position":2,"name":"Pistas de Minigolf"}]},{"@type":"WebSite","@id":"http:\/\/lusogolfe.com\/es\/#website","url":"http:\/\/lusogolfe.com\/es\/","name":"Lusogolfe","description":"Everything for Minigolf","publisher":{"@id":"http:\/\/lusogolfe.com\/es\/#organization"},"potentialAction":[{"@type":"SearchAction","target":{"@type":"EntryPoint","urlTemplate":"http:\/\/lusogolfe.com\/es\/?s={search_term_string}"},"query-input":{"@type":"PropertyValueSpecification","valueRequired":true,"valueName":"search_term_string"}}],"inLanguage":"es"},{"@type":"Organization","@id":"http:\/\/lusogolfe.com\/es\/#organization","name":"Lusogolfe","url":"http:\/\/lusogolfe.com\/es\/","logo":{"@type":"ImageObject","inLanguage":"es","@id":"http:\/\/lusogolfe.com\/es\/#\/schema\/logo\/image\/","url":"http:\/\/lusogolfe.com\/wp-content\/uploads\/2023\/05\/Lusogolfe-55years.png","contentUrl":"http:\/\/lusogolfe.com\/wp-content\/uploads\/2023\/05\/Lusogolfe-55years.png","width":1128,"height":768,"caption":"Lusogolfe"},"image":{"@id":"http:\/\/lusogolfe.com\/es\/#\/schema\/logo\/image\/"},"sameAs":["https:\/\/www.facebook.com\/lusogolfe\/","https:\/\/www.linkedin.com\/company\/lusogolfe","https:\/\/www.youtube.com\/lusogolfe","https:\/\/www.instagram.com\/lusogolfe"]}]}},"_links":{"self":[{"href":"https:\/\/lusogolfe.com\/es\/wp-json\/wp\/v2\/pages\/1782","targetHints":{"allow":["GET"]}}],"collection":[{"href":"https:\/\/lusogolfe.com\/es\/wp-json\/wp\/v2\/pages"}],"about":[{"href":"https:\/\/lusogolfe.com\/es\/wp-json\/wp\/v2\/types\/page"}],"author":[{"embeddable":true,"href":"https:\/\/lusogolfe.com\/es\/wp-json\/wp\/v2\/users\/2"}],"replies":[{"embeddable":true,"href":"https:\/\/lusogolfe.com\/es\/wp-json\/wp\/v2\/comments?post=1782"}],"version-history":[{"count":21,"href":"https:\/\/lusogolfe.com\/es\/wp-json\/wp\/v2\/pages\/1782\/revisions"}],"predecessor-version":[{"id":18380,"href":"https:\/\/lusogolfe.com\/es\/wp-json\/wp\/v2\/pages\/1782\/revisions\/18380"}],"wp:featuredmedia":[{"embeddable":true,"href":"https:\/\/lusogolfe.com\/es\/wp-json\/wp\/v2\/media\/3163"}],"wp:attachment":[{"href":"https:\/\/lusogolfe.com\/es\/wp-json\/wp\/v2\/media?parent=1782"}],"curies":[{"name":"wp","href":"https:\/\/api.w.org\/{rel}","templated":true}]}}