{"id":17513,"date":"2025-06-02T10:51:33","date_gmt":"2025-06-02T10:51:33","guid":{"rendered":"https:\/\/lusogolfe.com\/?page_id=17513"},"modified":"2025-06-02T10:51:33","modified_gmt":"2025-06-02T10:51:33","slug":"deluxe-golf","status":"publish","type":"page","link":"https:\/\/lusogolfe.com\/es\/pistas-minigolf\/deluxe-golf\/","title":{"rendered":"Deluxe Golf"},"content":{"rendered":"<div class=\"wpb-content-wrapper\"><p>[vc_row][vc_column][vc_column_text]<\/p>\n<h1><span style=\"color: black; font-size: 24px; font-weight: bold;\">PISTAS DE MINIGOLF DELUXE GOLF<\/span><\/h1>\n<h2><span style=\"color: #f39200; font-size: 17px;\">Edici\u00f3n limitada<\/span><\/h2>\n<p>[\/vc_column_text][vc_row_inner][vc_column_inner width=&#8221;2\/3&#8243;][vc_gallery interval=&#8221;5&#8243; images=&#8221;17525,17555,17540,17535,17560,17530,17550,17545,17520&#8243; img_size=&#8221;full&#8221; css=&#8221;.vc_custom_1748861348747{margin-bottom: -40px !important;}&#8221;][\/vc_column_inner][vc_column_inner width=&#8221;1\/3&#8243;][vc_column_text]<\/p>\n<h3><span style=\"color: #f39200; font-size: 17px;\">Descripci\u00f3n<\/span><\/h3>\n<ul>\n<li style=\"text-align: left;\">Dise\u00f1o personalizado<\/li>\n<li style=\"text-align: left;\">Alta calidad<\/li>\n<li style=\"text-align: left;\">Edici\u00f3n limitada<\/li>\n<li style=\"text-align: left;\">\u00a0Obst\u00e1culos premium<\/li>\n<\/ul>\n<h3><span style=\"color: #f39200; font-size: 17px;\">Caracteristicas tecnicas<\/span><\/h3>\n<ul>\n<li style=\"text-align: left;\"><strong>Materiales: <\/strong>Tubo cuadrado y rectangular y acero laminado<\/li>\n<li style=\"text-align: left;\"><strong>Superficie de juego: <\/strong>Placa de cemento revestida con c\u00e9sped sint\u00e9tico<\/li>\n<li style=\"text-align: left;\"><strong>Protecci\u00f3n y pintura: <\/strong>Tratamiento por galvanizaci\u00f3n a color gris sin lacado, y tratamiento por metalizaci\u00f3n con lacado a color<\/li>\n<li style=\"text-align: left;\"><strong>Obst\u00e1culos:<\/strong> En acero laminado, hormig\u00f3n y otros<\/li>\n<li><strong>Medidas:<\/strong> Longitud 5.83m | Ancho: 0.59m | C\u00edrculo: 0.935m<\/li>\n<\/ul>\n<p>[\/vc_column_text][button title=&#8221;Solicitar presupuesto&#8221; link=&#8221;https:\/\/lusogolfe.com\/es\/pistas-minigolf\/presupuesto\/&#8221; icon=&#8221;steadysets-icon-arrow-right&#8221;][\/vc_column_inner][\/vc_row_inner][\/vc_column][\/vc_row][vc_row][vc_column css=&#8221;.vc_custom_1512658481791{margin-top: -30px !important;}&#8221;][separator width=&#8221;100%&#8221; height=&#8221;1px&#8221; color=&#8221;#828282&#8243; margin_top=&#8221;35px&#8221; margin_bottom=&#8221;35px&#8221;][block_title style=&#8221;column_title&#8221; title=&#8221;Quien ve el Deluxe Golf tambi\u00e9n le gusta&#8221;][\/block_title][vc_row_inner][vc_column_inner width=&#8221;1\/3&#8243;][vc_column_text css=&#8221;.vc_custom_1551374829226{margin-bottom: 15px !important;}&#8221;]<\/p>\n<h2 style=\"text-align: left;\"><a href=\"https:\/\/lusogolfe.com\/es\/pistas-minigolf\/smart-golf\/\"><img loading=\"lazy\" decoding=\"async\" class=\"alignnone wp-image-2311 size-medium\" src=\"https:\/\/lusogolfe.com\/wp-content\/uploads\/2016\/10\/Smart-Golf-300x196.jpg\" alt=\"Smart Golf Lusogolfe\" width=\"300\" height=\"196\" srcset=\"https:\/\/lusogolfe.com\/wp-content\/uploads\/2016\/10\/Smart-Golf-300x196.jpg 300w, https:\/\/lusogolfe.com\/wp-content\/uploads\/2016\/10\/Smart-Golf-20x13.jpg 20w, https:\/\/lusogolfe.com\/wp-content\/uploads\/2016\/10\/Smart-Golf.jpg 319w\" sizes=\"auto, (max-width: 300px) 100vw, 300px\" \/><\/a><\/h2>\n<h2 style=\"text-align: left;\"><a href=\"https:\/\/lusogolfe.com\/es\/pistas-minigolf\/smart-golf\/\">Smart Golf<\/a><\/h2>\n<p style=\"text-align: left;\">Pistas con dibujos m\u00e1s creativos, como el simp\u00e1tico &#8220;Smile&#8221; o el apasionante &#8220;Love&#8221;.<\/p>\n<p>[\/vc_column_text][\/vc_column_inner][vc_column_inner width=&#8221;1\/3&#8243;][vc_column_text css=&#8221;.vc_custom_1551374839593{margin-bottom: 15px !important;}&#8221;]<\/p>\n<h2 style=\"text-align: left;\"><a href=\"https:\/\/lusogolfe.com\/es\/pistas-minigolf\/maxi-golf\/\"><img loading=\"lazy\" decoding=\"async\" class=\"alignnone wp-image-2313 size-medium\" src=\"https:\/\/lusogolfe.com\/wp-content\/uploads\/2016\/10\/Maxi-Golf-300x196.jpg\" alt=\"Maxi Golf Lusogolfe\" width=\"300\" height=\"196\" srcset=\"https:\/\/lusogolfe.com\/wp-content\/uploads\/2016\/10\/Maxi-Golf-300x196.jpg 300w, https:\/\/lusogolfe.com\/wp-content\/uploads\/2016\/10\/Maxi-Golf-20x13.jpg 20w, https:\/\/lusogolfe.com\/wp-content\/uploads\/2016\/10\/Maxi-Golf.jpg 319w\" sizes=\"auto, (max-width: 300px) 100vw, 300px\" \/><\/a><\/h2>\n<h2 style=\"text-align: left;\"><a href=\"https:\/\/lusogolfe.com\/es\/pistas-minigolf\/maxi-golf\/\">Maxi Golf<\/a><\/h2>\n<p style=\"text-align: left;\">Es un equipo de ocio desafiador y entusiasta con un dise\u00f1o m\u00e1s atractivo.<\/p>\n<p>[\/vc_column_text][\/vc_column_inner][vc_column_inner width=&#8221;1\/3&#8243;][vc_column_text css=&#8221;.vc_custom_1551374849583{margin-bottom: 15px !important;}&#8221;]<\/p>\n<h2 style=\"text-align: left;\"><a href=\"https:\/\/lusogolfe.com\/es\/pistas-minigolf\/challenge-golf\/\"><img loading=\"lazy\" decoding=\"async\" class=\"alignnone wp-image-2309 size-medium\" src=\"https:\/\/lusogolfe.com\/wp-content\/uploads\/2016\/10\/Challenge-Golf-300x196.jpg\" alt=\"Challenge Golf Lusogolfe\" width=\"300\" height=\"196\" srcset=\"https:\/\/lusogolfe.com\/wp-content\/uploads\/2016\/10\/Challenge-Golf-300x196.jpg 300w, https:\/\/lusogolfe.com\/wp-content\/uploads\/2016\/10\/Challenge-Golf-20x13.jpg 20w, https:\/\/lusogolfe.com\/wp-content\/uploads\/2016\/10\/Challenge-Golf.jpg 319w\" sizes=\"auto, (max-width: 300px) 100vw, 300px\" \/><\/a><\/h2>\n<h2 style=\"text-align: left;\"><a href=\"https:\/\/lusogolfe.com\/es\/pistas-minigolf\/challenge-golf\/\">Challenge Golf<\/a><\/h2>\n<p style=\"text-align: left;\">El modelo\u00a0<b class=\"b5\">m\u00e1s demandado<\/b>. Minigolf homologado para las competiciones nacionales e internacionales <a href=\"http:\/\/minigolfsport.com\/\" target=\"_blank\" rel=\"noopener noreferrer\">WMF<\/a>!<\/p>\n<p>[\/vc_column_text][\/vc_column_inner][\/vc_row_inner][\/vc_column][\/vc_row]<\/p>\n<\/div>","protected":false},"excerpt":{"rendered":"<p>[vc_row][vc_column][vc_column_text] PISTAS DE MINIGOLF DELUXE GOLF Edici\u00f3n limitada [\/vc_column_text][vc_row_inner][vc_column_inner width=&#8221;2\/3&#8243;][vc_gallery interval=&#8221;5&#8243; images=&#8221;17525,17555,17540,17535,17560,17530,17550,17545,17520&#8243; img_size=&#8221;full&#8221; css=&#8221;.vc_custom_1748861348747{margin-bottom: -40px !important;}&#8221;][\/vc_column_inner][vc_column_inner width=&#8221;1\/3&#8243;][vc_column_text] Descripci\u00f3n Dise\u00f1o personalizado Alta calidad Edici\u00f3n limitada \u00a0Obst\u00e1culos premium Caracteristicas tecnicas Materiales: Tubo cuadrado y rectangular y acero laminado Superficie de juego: Placa de cemento revestida con c\u00e9sped sint\u00e9tico Protecci\u00f3n y pintura: Tratamiento por galvanizaci\u00f3n a color gris [&hellip;]<\/p>\n","protected":false},"author":2,"featured_media":17565,"parent":1782,"menu_order":0,"comment_status":"closed","ping_status":"closed","template":"","meta":{"content-type":"","footnotes":""},"class_list":["post-17513","page","type-page","status-publish","has-post-thumbnail","hentry"],"yoast_head":"<!-- This site is optimized with the Yoast SEO plugin v27.4 - https:\/\/yoast.com\/product\/yoast-seo-wordpress\/ -->\n<title>Deluxe Golf | Pistas de Minigolf - Lusogolfe<\/title>\n<meta name=\"description\" content=\"\u00a1Descubre Deluxe Golf! Una edici\u00f3n limitada, con obst\u00e1culos \u00fanicos y desafiantes, dise\u00f1ada para ofrecer una experiencia distintiva en cualquier lugar.\" \/>\n<meta name=\"robots\" content=\"index, follow, max-snippet:-1, max-image-preview:large, max-video-preview:-1\" \/>\n<link rel=\"canonical\" href=\"https:\/\/lusogolfe.com\/es\/pistas-minigolf\/deluxe-golf\/\" \/>\n<meta property=\"og:locale\" content=\"es_ES\" \/>\n<meta property=\"og:type\" content=\"article\" \/>\n<meta property=\"og:title\" content=\"Deluxe Golf | Pistas de Minigolf - Lusogolfe\" \/>\n<meta property=\"og:description\" content=\"\u00a1Descubre Deluxe Golf! Una edici\u00f3n limitada, con obst\u00e1culos \u00fanicos y desafiantes, dise\u00f1ada para ofrecer una experiencia distintiva en cualquier lugar.\" \/>\n<meta property=\"og:url\" content=\"https:\/\/lusogolfe.com\/es\/pistas-minigolf\/deluxe-golf\/\" \/>\n<meta property=\"og:site_name\" content=\"Lusogolfe\" \/>\n<meta property=\"article:publisher\" content=\"https:\/\/www.facebook.com\/lusogolfe\/\" \/>\n<meta property=\"og:image\" content=\"https:\/\/lusogolfe.com\/wp-content\/uploads\/2025\/06\/Deluxe-Golf.jpg\" \/>\n\t<meta property=\"og:image:width\" content=\"1590\" \/>\n\t<meta property=\"og:image:height\" content=\"1200\" \/>\n\t<meta property=\"og:image:type\" content=\"image\/jpeg\" \/>\n<meta name=\"twitter:card\" content=\"summary_large_image\" \/>\n<meta name=\"twitter:label1\" content=\"Tiempo de lectura\" \/>\n\t<meta name=\"twitter:data1\" content=\"4 minutos\" \/>\n<script type=\"application\/ld+json\" class=\"yoast-schema-graph\">{\"@context\":\"https:\\\/\\\/schema.org\",\"@graph\":[{\"@type\":\"WebPage\",\"@id\":\"https:\\\/\\\/lusogolfe.com\\\/es\\\/pistas-minigolf\\\/deluxe-golf\\\/\",\"url\":\"https:\\\/\\\/lusogolfe.com\\\/es\\\/pistas-minigolf\\\/deluxe-golf\\\/\",\"name\":\"Deluxe Golf | Pistas de Minigolf - Lusogolfe\",\"isPartOf\":{\"@id\":\"http:\\\/\\\/lusogolfe.com\\\/es\\\/#website\"},\"primaryImageOfPage\":{\"@id\":\"https:\\\/\\\/lusogolfe.com\\\/es\\\/pistas-minigolf\\\/deluxe-golf\\\/#primaryimage\"},\"image\":{\"@id\":\"https:\\\/\\\/lusogolfe.com\\\/es\\\/pistas-minigolf\\\/deluxe-golf\\\/#primaryimage\"},\"thumbnailUrl\":\"https:\\\/\\\/lusogolfe.com\\\/wp-content\\\/uploads\\\/2025\\\/06\\\/Deluxe-Golf.jpg\",\"datePublished\":\"2025-06-02T10:51:33+00:00\",\"description\":\"\u00a1Descubre Deluxe Golf! Una edici\u00f3n limitada, con obst\u00e1culos \u00fanicos y desafiantes, dise\u00f1ada para ofrecer una experiencia distintiva en cualquier lugar.\",\"breadcrumb\":{\"@id\":\"https:\\\/\\\/lusogolfe.com\\\/es\\\/pistas-minigolf\\\/deluxe-golf\\\/#breadcrumb\"},\"inLanguage\":\"es\",\"potentialAction\":[{\"@type\":\"ReadAction\",\"target\":[\"https:\\\/\\\/lusogolfe.com\\\/es\\\/pistas-minigolf\\\/deluxe-golf\\\/\"]}]},{\"@type\":\"ImageObject\",\"inLanguage\":\"es\",\"@id\":\"https:\\\/\\\/lusogolfe.com\\\/es\\\/pistas-minigolf\\\/deluxe-golf\\\/#primaryimage\",\"url\":\"https:\\\/\\\/lusogolfe.com\\\/wp-content\\\/uploads\\\/2025\\\/06\\\/Deluxe-Golf.jpg\",\"contentUrl\":\"https:\\\/\\\/lusogolfe.com\\\/wp-content\\\/uploads\\\/2025\\\/06\\\/Deluxe-Golf.jpg\",\"width\":1590,\"height\":1200,\"caption\":\"Deluxe-Golf\"},{\"@type\":\"BreadcrumbList\",\"@id\":\"https:\\\/\\\/lusogolfe.com\\\/es\\\/pistas-minigolf\\\/deluxe-golf\\\/#breadcrumb\",\"itemListElement\":[{\"@type\":\"ListItem\",\"position\":1,\"name\":\"Portada\",\"item\":\"http:\\\/\\\/lusogolfe.com\\\/es\\\/\"},{\"@type\":\"ListItem\",\"position\":2,\"name\":\"Pistas de Minigolf\",\"item\":\"http:\\\/\\\/lusogolfe.com\\\/es\\\/pistas-minigolf\\\/\"},{\"@type\":\"ListItem\",\"position\":3,\"name\":\"Deluxe Golf\"}]},{\"@type\":\"WebSite\",\"@id\":\"http:\\\/\\\/lusogolfe.com\\\/es\\\/#website\",\"url\":\"http:\\\/\\\/lusogolfe.com\\\/es\\\/\",\"name\":\"Lusogolfe\",\"description\":\"Everything for Minigolf\",\"publisher\":{\"@id\":\"http:\\\/\\\/lusogolfe.com\\\/es\\\/#organization\"},\"potentialAction\":[{\"@type\":\"SearchAction\",\"target\":{\"@type\":\"EntryPoint\",\"urlTemplate\":\"http:\\\/\\\/lusogolfe.com\\\/es\\\/?s={search_term_string}\"},\"query-input\":{\"@type\":\"PropertyValueSpecification\",\"valueRequired\":true,\"valueName\":\"search_term_string\"}}],\"inLanguage\":\"es\"},{\"@type\":\"Organization\",\"@id\":\"http:\\\/\\\/lusogolfe.com\\\/es\\\/#organization\",\"name\":\"Lusogolfe\",\"url\":\"http:\\\/\\\/lusogolfe.com\\\/es\\\/\",\"logo\":{\"@type\":\"ImageObject\",\"inLanguage\":\"es\",\"@id\":\"http:\\\/\\\/lusogolfe.com\\\/es\\\/#\\\/schema\\\/logo\\\/image\\\/\",\"url\":\"http:\\\/\\\/lusogolfe.com\\\/wp-content\\\/uploads\\\/2023\\\/05\\\/Lusogolfe-55years.png\",\"contentUrl\":\"http:\\\/\\\/lusogolfe.com\\\/wp-content\\\/uploads\\\/2023\\\/05\\\/Lusogolfe-55years.png\",\"width\":1128,\"height\":768,\"caption\":\"Lusogolfe\"},\"image\":{\"@id\":\"http:\\\/\\\/lusogolfe.com\\\/es\\\/#\\\/schema\\\/logo\\\/image\\\/\"},\"sameAs\":[\"https:\\\/\\\/www.facebook.com\\\/lusogolfe\\\/\",\"https:\\\/\\\/www.linkedin.com\\\/company\\\/lusogolfe\",\"https:\\\/\\\/www.youtube.com\\\/lusogolfe\",\"https:\\\/\\\/www.instagram.com\\\/lusogolfe\"]}]}<\/script>\n<!-- \/ Yoast SEO plugin. -->","yoast_head_json":{"title":"Deluxe Golf | Pistas de Minigolf - Lusogolfe","description":"\u00a1Descubre Deluxe Golf! Una edici\u00f3n limitada, con obst\u00e1culos \u00fanicos y desafiantes, dise\u00f1ada para ofrecer una experiencia distintiva en cualquier lugar.","robots":{"index":"index","follow":"follow","max-snippet":"max-snippet:-1","max-image-preview":"max-image-preview:large","max-video-preview":"max-video-preview:-1"},"canonical":"https:\/\/lusogolfe.com\/es\/pistas-minigolf\/deluxe-golf\/","og_locale":"es_ES","og_type":"article","og_title":"Deluxe Golf | Pistas de Minigolf - Lusogolfe","og_description":"\u00a1Descubre Deluxe Golf! Una edici\u00f3n limitada, con obst\u00e1culos \u00fanicos y desafiantes, dise\u00f1ada para ofrecer una experiencia distintiva en cualquier lugar.","og_url":"https:\/\/lusogolfe.com\/es\/pistas-minigolf\/deluxe-golf\/","og_site_name":"Lusogolfe","article_publisher":"https:\/\/www.facebook.com\/lusogolfe\/","og_image":[{"width":1590,"height":1200,"url":"https:\/\/lusogolfe.com\/wp-content\/uploads\/2025\/06\/Deluxe-Golf.jpg","type":"image\/jpeg"}],"twitter_card":"summary_large_image","twitter_misc":{"Tiempo de lectura":"4 minutos"},"schema":{"@context":"https:\/\/schema.org","@graph":[{"@type":"WebPage","@id":"https:\/\/lusogolfe.com\/es\/pistas-minigolf\/deluxe-golf\/","url":"https:\/\/lusogolfe.com\/es\/pistas-minigolf\/deluxe-golf\/","name":"Deluxe Golf | Pistas de Minigolf - Lusogolfe","isPartOf":{"@id":"http:\/\/lusogolfe.com\/es\/#website"},"primaryImageOfPage":{"@id":"https:\/\/lusogolfe.com\/es\/pistas-minigolf\/deluxe-golf\/#primaryimage"},"image":{"@id":"https:\/\/lusogolfe.com\/es\/pistas-minigolf\/deluxe-golf\/#primaryimage"},"thumbnailUrl":"https:\/\/lusogolfe.com\/wp-content\/uploads\/2025\/06\/Deluxe-Golf.jpg","datePublished":"2025-06-02T10:51:33+00:00","description":"\u00a1Descubre Deluxe Golf! Una edici\u00f3n limitada, con obst\u00e1culos \u00fanicos y desafiantes, dise\u00f1ada para ofrecer una experiencia distintiva en cualquier lugar.","breadcrumb":{"@id":"https:\/\/lusogolfe.com\/es\/pistas-minigolf\/deluxe-golf\/#breadcrumb"},"inLanguage":"es","potentialAction":[{"@type":"ReadAction","target":["https:\/\/lusogolfe.com\/es\/pistas-minigolf\/deluxe-golf\/"]}]},{"@type":"ImageObject","inLanguage":"es","@id":"https:\/\/lusogolfe.com\/es\/pistas-minigolf\/deluxe-golf\/#primaryimage","url":"https:\/\/lusogolfe.com\/wp-content\/uploads\/2025\/06\/Deluxe-Golf.jpg","contentUrl":"https:\/\/lusogolfe.com\/wp-content\/uploads\/2025\/06\/Deluxe-Golf.jpg","width":1590,"height":1200,"caption":"Deluxe-Golf"},{"@type":"BreadcrumbList","@id":"https:\/\/lusogolfe.com\/es\/pistas-minigolf\/deluxe-golf\/#breadcrumb","itemListElement":[{"@type":"ListItem","position":1,"name":"Portada","item":"http:\/\/lusogolfe.com\/es\/"},{"@type":"ListItem","position":2,"name":"Pistas de Minigolf","item":"http:\/\/lusogolfe.com\/es\/pistas-minigolf\/"},{"@type":"ListItem","position":3,"name":"Deluxe Golf"}]},{"@type":"WebSite","@id":"http:\/\/lusogolfe.com\/es\/#website","url":"http:\/\/lusogolfe.com\/es\/","name":"Lusogolfe","description":"Everything for Minigolf","publisher":{"@id":"http:\/\/lusogolfe.com\/es\/#organization"},"potentialAction":[{"@type":"SearchAction","target":{"@type":"EntryPoint","urlTemplate":"http:\/\/lusogolfe.com\/es\/?s={search_term_string}"},"query-input":{"@type":"PropertyValueSpecification","valueRequired":true,"valueName":"search_term_string"}}],"inLanguage":"es"},{"@type":"Organization","@id":"http:\/\/lusogolfe.com\/es\/#organization","name":"Lusogolfe","url":"http:\/\/lusogolfe.com\/es\/","logo":{"@type":"ImageObject","inLanguage":"es","@id":"http:\/\/lusogolfe.com\/es\/#\/schema\/logo\/image\/","url":"http:\/\/lusogolfe.com\/wp-content\/uploads\/2023\/05\/Lusogolfe-55years.png","contentUrl":"http:\/\/lusogolfe.com\/wp-content\/uploads\/2023\/05\/Lusogolfe-55years.png","width":1128,"height":768,"caption":"Lusogolfe"},"image":{"@id":"http:\/\/lusogolfe.com\/es\/#\/schema\/logo\/image\/"},"sameAs":["https:\/\/www.facebook.com\/lusogolfe\/","https:\/\/www.linkedin.com\/company\/lusogolfe","https:\/\/www.youtube.com\/lusogolfe","https:\/\/www.instagram.com\/lusogolfe"]}]}},"_links":{"self":[{"href":"https:\/\/lusogolfe.com\/es\/wp-json\/wp\/v2\/pages\/17513","targetHints":{"allow":["GET"]}}],"collection":[{"href":"https:\/\/lusogolfe.com\/es\/wp-json\/wp\/v2\/pages"}],"about":[{"href":"https:\/\/lusogolfe.com\/es\/wp-json\/wp\/v2\/types\/page"}],"author":[{"embeddable":true,"href":"https:\/\/lusogolfe.com\/es\/wp-json\/wp\/v2\/users\/2"}],"replies":[{"embeddable":true,"href":"https:\/\/lusogolfe.com\/es\/wp-json\/wp\/v2\/comments?post=17513"}],"version-history":[{"count":1,"href":"https:\/\/lusogolfe.com\/es\/wp-json\/wp\/v2\/pages\/17513\/revisions"}],"predecessor-version":[{"id":17579,"href":"https:\/\/lusogolfe.com\/es\/wp-json\/wp\/v2\/pages\/17513\/revisions\/17579"}],"up":[{"embeddable":true,"href":"https:\/\/lusogolfe.com\/es\/wp-json\/wp\/v2\/pages\/1782"}],"wp:featuredmedia":[{"embeddable":true,"href":"https:\/\/lusogolfe.com\/es\/wp-json\/wp\/v2\/media\/17565"}],"wp:attachment":[{"href":"https:\/\/lusogolfe.com\/es\/wp-json\/wp\/v2\/media?parent=17513"}],"curies":[{"name":"wp","href":"https:\/\/api.w.org\/{rel}","templated":true}]}}