{"id":1745,"date":"2014-09-12T09:58:03","date_gmt":"2014-09-12T09:58:03","guid":{"rendered":"http:\/\/lusogolfe.com\/novo\/es\/quem-somos\/"},"modified":"2025-01-06T15:27:48","modified_gmt":"2025-01-06T15:27:48","slug":"quienes-somos","status":"publish","type":"page","link":"https:\/\/lusogolfe.com\/es\/quienes-somos\/","title":{"rendered":"Qui\u00e9nes somos | Dise\u00f1o, Fabricaci\u00f3n Instalaci\u00f3n de Minigolf"},"content":{"rendered":"<div class=\"wpb-content-wrapper\"><p>[vc_row][vc_column css=&#8221;.vc_custom_1542984159907{margin-top: -45px !important;}&#8221;][rev_slider_vc alias=&#8221;quem-somos&#8221;][\/vc_column][\/vc_row][vc_row][vc_column width=&#8221;1\/2&#8243;][block_title style=&#8221;column_title&#8221; inner_style=&#8221;inline_border&#8221; title=&#8221;Quienes somos&#8221;][\/block_title][vc_column_text]Fundada en 1967, Lusogolfe dedicada al dise\u00f1o, fabricaci\u00f3n y mantenimiento de soluciones de mini golf, ya sea de ocio o de competici\u00f3n.<\/p>\n<p>Comprometido a encontrar la mejor soluci\u00f3n, la empresa cuenta con el apoyo de un equipo dedicado que est\u00e1 comprometido con la innovaci\u00f3n a trav\u00e9s de la b\u00fasqueda constante de nuevas t\u00e9cnicas y materiales. Se ha preferido para las instalaciones en Espa\u00f1a, Francia, Suiza, Alemania, Italia, Austria, Dinamarca, Turqu\u00eda, Rusia, Turkmenist\u00e1n, Brasil, China y Jap\u00f3n.<\/p>\n<p>Lusogolfe exporta actualmente alrededor del 80 % de su producci\u00f3n, con <strong>clientes en 29 pa\u00edses<\/strong>. En el mercado nacional, adem\u00e1s de varios de circuito de mini golf opera con otros clientes, tales como hoteles o municipios, que tambi\u00e9n buscan equipos para las competiciones que organizan, y los ponen a disposici\u00f3n del p\u00fablico.<\/p>\n<p>Adem\u00e1s del dise\u00f1o, fabricaci\u00f3n, venta e instalaci\u00f3n de equipos de mini golf, Lusogolfe dedicado tambi\u00e9n a los servicios de mantenimiento, alquiler, consultor\u00eda y formaci\u00f3n. tambi\u00e9n vende todo tipo de accesorios para la pr\u00e1ctica del golf, como clubes, pelotas y otros equipos de juego.[\/vc_column_text][block_title style=&#8221;column_title&#8221; inner_style=&#8221;inline_border&#8221; title=&#8221;Un swing social!&#8221;][\/block_title][vc_column_text]Contribuir al bienestar de la sociedad a trav\u00e9s de la pr\u00e1ctica de minigolf es nuestro objeto social. Fabricamos e instalamos, pero queremos ir m\u00e1s all\u00e1.<\/p>\n<p>Desarrollamos un proyecto de intervenci\u00f3n social que facilita la socializaci\u00f3n, la movilidad y la calidad de vida.[\/vc_column_text][\/vc_column][vc_column width=&#8221;1\/2&#8243;][block_title style=&#8221;column_title&#8221; inner_style=&#8221;inline_border&#8221; title=&#8221;Misi\u00f3n&#8221;][\/block_title][vc_column_text]Desarrollar, producir y comercializar soluciones de mini golf que maximizam o valor agregado para os clientes.[\/vc_column_text][block_title style=&#8221;column_title&#8221; inner_style=&#8221;inline_border&#8221; title=&#8221;Visi\u00f3n&#8221;][\/block_title][vc_column_text]El establecimiento de altos est\u00e1ndares de calidad y excelencia, Lusogolfe tiene la intenci\u00f3n de establecerse en el mundo como una referencia al mini golf.[\/vc_column_text][block_title style=&#8221;column_title&#8221; inner_style=&#8221;inline_border&#8221; title=&#8221;Valores&#8221;][\/block_title][vc_column_text]1. La proximidad al cliente 2. Calidad y excelencia 3. Agregar valor 4. Innovaci\u00f3n 5. Respeto 6. Responsabilidad 7. Sostenibilidad[\/vc_column_text][\/vc_column][\/vc_row][vc_row][vc_column][rev_slider_vc alias=&#8221;quemsomos&#8221;][\/vc_column][\/vc_row][vc_row bg_color=&#8221;#ffffff&#8221;][vc_column column_padding=&#8221;2.5%&#8221; css=&#8221;.vc_custom_1476977509470{background-color: #f6f6f6 !important;}&#8221;][textbar title=&#8221;Descubre nuestros modelos de mini golf!&#8221; button_title=&#8221;Vea los productos&#8221; button_link=&#8221;https:\/\/lusogolfe.com\/es\/pistas-minigolf\/&#8221; icon=&#8221;steadysets-icon-arrow-right&#8221;][\/vc_column][\/vc_row]<\/p>\n<\/div>","protected":false},"excerpt":{"rendered":"<p>[vc_row][vc_column css=&#8221;.vc_custom_1542984159907{margin-top: -45px !important;}&#8221;][rev_slider_vc alias=&#8221;quem-somos&#8221;][\/vc_column][\/vc_row][vc_row][vc_column width=&#8221;1\/2&#8243;][block_title style=&#8221;column_title&#8221; inner_style=&#8221;inline_border&#8221; title=&#8221;Quienes somos&#8221;][\/block_title][vc_column_text]Fundada en 1967, Lusogolfe dedicada al dise\u00f1o, fabricaci\u00f3n y mantenimiento de soluciones de mini golf, ya sea de ocio o de competici\u00f3n. Comprometido a encontrar la mejor soluci\u00f3n, la empresa cuenta con el apoyo de un equipo dedicado que est\u00e1 comprometido con la innovaci\u00f3n a trav\u00e9s [&hellip;]<\/p>\n","protected":false},"author":2,"featured_media":0,"parent":0,"menu_order":0,"comment_status":"closed","ping_status":"closed","template":"","meta":{"content-type":"","footnotes":""},"class_list":["post-1745","page","type-page","status-publish","hentry"],"yoast_head":"<!-- This site is optimized with the Yoast SEO plugin v27.3 - https:\/\/yoast.com\/product\/yoast-seo-wordpress\/ -->\n<title>Qui\u00e9nes somos | Dise\u00f1o, Fabricaci\u00f3n Instalaci\u00f3n de Minigolf<\/title>\n<meta name=\"description\" content=\"Fundada en 1967, Lusogolfe dedicada al dise\u00f1o, fabricaci\u00f3n y mantenimiento de soluciones de mini golf, ya sea de ocio o de competici\u00f3n.\" \/>\n<meta name=\"robots\" content=\"index, follow, max-snippet:-1, max-image-preview:large, max-video-preview:-1\" \/>\n<link rel=\"canonical\" href=\"https:\/\/lusogolfe.com\/es\/quienes-somos\/\" \/>\n<meta property=\"og:locale\" content=\"es_ES\" \/>\n<meta property=\"og:type\" content=\"article\" \/>\n<meta property=\"og:title\" content=\"Qui\u00e9nes somos | Dise\u00f1o, Fabricaci\u00f3n Instalaci\u00f3n de Minigolf\" \/>\n<meta property=\"og:description\" content=\"Fundada en 1967, Lusogolfe dedicada al dise\u00f1o, fabricaci\u00f3n y mantenimiento de soluciones de mini golf, ya sea de ocio o de competici\u00f3n.\" \/>\n<meta property=\"og:url\" content=\"https:\/\/lusogolfe.com\/es\/quienes-somos\/\" \/>\n<meta property=\"og:site_name\" content=\"Lusogolfe\" \/>\n<meta property=\"article:publisher\" content=\"https:\/\/www.facebook.com\/lusogolfe\/\" \/>\n<meta property=\"article:modified_time\" content=\"2025-01-06T15:27:48+00:00\" \/>\n<meta property=\"og:image\" content=\"https:\/\/lusogolfe.com\/wp-content\/uploads\/2016\/10\/49-anos-Lusogolfe.jpg\" \/>\n\t<meta property=\"og:image:width\" content=\"1\" \/>\n\t<meta property=\"og:image:height\" content=\"1\" \/>\n\t<meta property=\"og:image:type\" content=\"image\/jpeg\" \/>\n<meta name=\"twitter:card\" content=\"summary_large_image\" \/>\n<meta name=\"twitter:label1\" content=\"Tiempo de lectura\" \/>\n\t<meta name=\"twitter:data1\" content=\"2 minutos\" \/>\n<script type=\"application\/ld+json\" class=\"yoast-schema-graph\">{\"@context\":\"https:\\\/\\\/schema.org\",\"@graph\":[{\"@type\":\"WebPage\",\"@id\":\"https:\\\/\\\/lusogolfe.com\\\/es\\\/quienes-somos\\\/\",\"url\":\"https:\\\/\\\/lusogolfe.com\\\/es\\\/quienes-somos\\\/\",\"name\":\"Qui\u00e9nes somos | Dise\u00f1o, Fabricaci\u00f3n Instalaci\u00f3n de Minigolf\",\"isPartOf\":{\"@id\":\"http:\\\/\\\/lusogolfe.com\\\/#website\"},\"datePublished\":\"2014-09-12T09:58:03+00:00\",\"dateModified\":\"2025-01-06T15:27:48+00:00\",\"description\":\"Fundada en 1967, Lusogolfe dedicada al dise\u00f1o, fabricaci\u00f3n y mantenimiento de soluciones de mini golf, ya sea de ocio o de competici\u00f3n.\",\"breadcrumb\":{\"@id\":\"https:\\\/\\\/lusogolfe.com\\\/es\\\/quienes-somos\\\/#breadcrumb\"},\"inLanguage\":\"es\",\"potentialAction\":[{\"@type\":\"ReadAction\",\"target\":[\"https:\\\/\\\/lusogolfe.com\\\/es\\\/quienes-somos\\\/\"]}]},{\"@type\":\"BreadcrumbList\",\"@id\":\"https:\\\/\\\/lusogolfe.com\\\/es\\\/quienes-somos\\\/#breadcrumb\",\"itemListElement\":[{\"@type\":\"ListItem\",\"position\":1,\"name\":\"Portada\",\"item\":\"http:\\\/\\\/lusogolfe.com\\\/es\\\/\"},{\"@type\":\"ListItem\",\"position\":2,\"name\":\"Qui\u00e9nes somos | Dise\u00f1o, Fabricaci\u00f3n Instalaci\u00f3n de Minigolf\"}]},{\"@type\":\"WebSite\",\"@id\":\"http:\\\/\\\/lusogolfe.com\\\/#website\",\"url\":\"http:\\\/\\\/lusogolfe.com\\\/\",\"name\":\"Lusogolfe\",\"description\":\"Everything for Minigolf\",\"publisher\":{\"@id\":\"http:\\\/\\\/lusogolfe.com\\\/#organization\"},\"potentialAction\":[{\"@type\":\"SearchAction\",\"target\":{\"@type\":\"EntryPoint\",\"urlTemplate\":\"http:\\\/\\\/lusogolfe.com\\\/?s={search_term_string}\"},\"query-input\":{\"@type\":\"PropertyValueSpecification\",\"valueRequired\":true,\"valueName\":\"search_term_string\"}}],\"inLanguage\":\"es\"},{\"@type\":\"Organization\",\"@id\":\"http:\\\/\\\/lusogolfe.com\\\/#organization\",\"name\":\"Lusogolfe\",\"url\":\"http:\\\/\\\/lusogolfe.com\\\/\",\"logo\":{\"@type\":\"ImageObject\",\"inLanguage\":\"es\",\"@id\":\"http:\\\/\\\/lusogolfe.com\\\/#\\\/schema\\\/logo\\\/image\\\/\",\"url\":\"http:\\\/\\\/lusogolfe.com\\\/wp-content\\\/uploads\\\/2023\\\/05\\\/Lusogolfe-55years.png\",\"contentUrl\":\"http:\\\/\\\/lusogolfe.com\\\/wp-content\\\/uploads\\\/2023\\\/05\\\/Lusogolfe-55years.png\",\"width\":1128,\"height\":768,\"caption\":\"Lusogolfe\"},\"image\":{\"@id\":\"http:\\\/\\\/lusogolfe.com\\\/#\\\/schema\\\/logo\\\/image\\\/\"},\"sameAs\":[\"https:\\\/\\\/www.facebook.com\\\/lusogolfe\\\/\",\"https:\\\/\\\/www.linkedin.com\\\/company\\\/lusogolfe\",\"https:\\\/\\\/www.youtube.com\\\/lusogolfe\",\"https:\\\/\\\/www.instagram.com\\\/lusogolfe\"]}]}<\/script>\n<!-- \/ Yoast SEO plugin. -->","yoast_head_json":{"title":"Qui\u00e9nes somos | Dise\u00f1o, Fabricaci\u00f3n Instalaci\u00f3n de Minigolf","description":"Fundada en 1967, Lusogolfe dedicada al dise\u00f1o, fabricaci\u00f3n y mantenimiento de soluciones de mini golf, ya sea de ocio o de competici\u00f3n.","robots":{"index":"index","follow":"follow","max-snippet":"max-snippet:-1","max-image-preview":"max-image-preview:large","max-video-preview":"max-video-preview:-1"},"canonical":"https:\/\/lusogolfe.com\/es\/quienes-somos\/","og_locale":"es_ES","og_type":"article","og_title":"Qui\u00e9nes somos | Dise\u00f1o, Fabricaci\u00f3n Instalaci\u00f3n de Minigolf","og_description":"Fundada en 1967, Lusogolfe dedicada al dise\u00f1o, fabricaci\u00f3n y mantenimiento de soluciones de mini golf, ya sea de ocio o de competici\u00f3n.","og_url":"https:\/\/lusogolfe.com\/es\/quienes-somos\/","og_site_name":"Lusogolfe","article_publisher":"https:\/\/www.facebook.com\/lusogolfe\/","article_modified_time":"2025-01-06T15:27:48+00:00","og_image":[{"url":"https:\/\/lusogolfe.com\/wp-content\/uploads\/2016\/10\/49-anos-Lusogolfe.jpg","width":1,"height":1,"type":"image\/jpeg"}],"twitter_card":"summary_large_image","twitter_misc":{"Tiempo de lectura":"2 minutos"},"schema":{"@context":"https:\/\/schema.org","@graph":[{"@type":"WebPage","@id":"https:\/\/lusogolfe.com\/es\/quienes-somos\/","url":"https:\/\/lusogolfe.com\/es\/quienes-somos\/","name":"Qui\u00e9nes somos | Dise\u00f1o, Fabricaci\u00f3n Instalaci\u00f3n de Minigolf","isPartOf":{"@id":"http:\/\/lusogolfe.com\/#website"},"datePublished":"2014-09-12T09:58:03+00:00","dateModified":"2025-01-06T15:27:48+00:00","description":"Fundada en 1967, Lusogolfe dedicada al dise\u00f1o, fabricaci\u00f3n y mantenimiento de soluciones de mini golf, ya sea de ocio o de competici\u00f3n.","breadcrumb":{"@id":"https:\/\/lusogolfe.com\/es\/quienes-somos\/#breadcrumb"},"inLanguage":"es","potentialAction":[{"@type":"ReadAction","target":["https:\/\/lusogolfe.com\/es\/quienes-somos\/"]}]},{"@type":"BreadcrumbList","@id":"https:\/\/lusogolfe.com\/es\/quienes-somos\/#breadcrumb","itemListElement":[{"@type":"ListItem","position":1,"name":"Portada","item":"http:\/\/lusogolfe.com\/es\/"},{"@type":"ListItem","position":2,"name":"Qui\u00e9nes somos | Dise\u00f1o, Fabricaci\u00f3n Instalaci\u00f3n de Minigolf"}]},{"@type":"WebSite","@id":"http:\/\/lusogolfe.com\/#website","url":"http:\/\/lusogolfe.com\/","name":"Lusogolfe","description":"Everything for Minigolf","publisher":{"@id":"http:\/\/lusogolfe.com\/#organization"},"potentialAction":[{"@type":"SearchAction","target":{"@type":"EntryPoint","urlTemplate":"http:\/\/lusogolfe.com\/?s={search_term_string}"},"query-input":{"@type":"PropertyValueSpecification","valueRequired":true,"valueName":"search_term_string"}}],"inLanguage":"es"},{"@type":"Organization","@id":"http:\/\/lusogolfe.com\/#organization","name":"Lusogolfe","url":"http:\/\/lusogolfe.com\/","logo":{"@type":"ImageObject","inLanguage":"es","@id":"http:\/\/lusogolfe.com\/#\/schema\/logo\/image\/","url":"http:\/\/lusogolfe.com\/wp-content\/uploads\/2023\/05\/Lusogolfe-55years.png","contentUrl":"http:\/\/lusogolfe.com\/wp-content\/uploads\/2023\/05\/Lusogolfe-55years.png","width":1128,"height":768,"caption":"Lusogolfe"},"image":{"@id":"http:\/\/lusogolfe.com\/#\/schema\/logo\/image\/"},"sameAs":["https:\/\/www.facebook.com\/lusogolfe\/","https:\/\/www.linkedin.com\/company\/lusogolfe","https:\/\/www.youtube.com\/lusogolfe","https:\/\/www.instagram.com\/lusogolfe"]}]}},"_links":{"self":[{"href":"https:\/\/lusogolfe.com\/es\/wp-json\/wp\/v2\/pages\/1745","targetHints":{"allow":["GET"]}}],"collection":[{"href":"https:\/\/lusogolfe.com\/es\/wp-json\/wp\/v2\/pages"}],"about":[{"href":"https:\/\/lusogolfe.com\/es\/wp-json\/wp\/v2\/types\/page"}],"author":[{"embeddable":true,"href":"https:\/\/lusogolfe.com\/es\/wp-json\/wp\/v2\/users\/2"}],"replies":[{"embeddable":true,"href":"https:\/\/lusogolfe.com\/es\/wp-json\/wp\/v2\/comments?post=1745"}],"version-history":[{"count":5,"href":"https:\/\/lusogolfe.com\/es\/wp-json\/wp\/v2\/pages\/1745\/revisions"}],"predecessor-version":[{"id":16509,"href":"https:\/\/lusogolfe.com\/es\/wp-json\/wp\/v2\/pages\/1745\/revisions\/16509"}],"wp:attachment":[{"href":"https:\/\/lusogolfe.com\/es\/wp-json\/wp\/v2\/media?parent=1745"}],"curies":[{"name":"wp","href":"https:\/\/api.w.org\/{rel}","templated":true}]}}