{"id":1716,"date":"2014-09-12T10:30:07","date_gmt":"2014-09-12T10:30:07","guid":{"rendered":"http:\/\/lusogolfe.com\/novo\/es\/servicos\/"},"modified":"2021-10-07T17:07:05","modified_gmt":"2021-10-07T17:07:05","slug":"servicios","status":"publish","type":"page","link":"https:\/\/lusogolfe.com\/es\/servicios\/","title":{"rendered":"Nuestros servicios &#8211; Alquiler | Mantenimiento | Formaci\u00f3n | Consultor\u00eda"},"content":{"rendered":"<div class=\"wpb-content-wrapper\"><p>[vc_row][vc_column css=&#8221;.vc_custom_1542984210434{margin-top: -45px !important;}&#8221;][rev_slider_vc alias=&#8221;o-que-fazemos&#8221;][\/vc_column][\/vc_row][vc_row][vc_column width=&#8221;2\/3&#8243;][block_title style=&#8221;column_title&#8221; inner_style=&#8221;inline_border&#8221; title=&#8221; Que hacemos&#8221;][\/block_title][vc_column_text]Lusogolfe es una empresa l\u00edder en el mercado. Planificamos y construimos varios modelos de cursos de mini golf que se propagan en Portugal y en diversos rincones del mundo. Nuestros servicios son ventajosas para aquellos que desean tener un espacio monetizada y din\u00e1mico, siempre disponible para proporcionar momentos de socializaci\u00f3n, el ocio y la competencia.<\/p>\n<p>Nuestro objetivo es que usted se beneficia de un traje de campo de mini golf a sus necesidades, independientemente de las caracter\u00edsticas del espacio, en interiores o al aire libre, siempre nos presentamos una soluci\u00f3n. Ya sea que usted est\u00e1 buscando cursos modelos homologados para la competici\u00f3n o para los buenos momentos de diversi\u00f3n, usted podr\u00e1 apreciar la oferta de nuestros servicios.<\/p>\n<p>Esperamos que la relaci\u00f3n con nuestros clientes va m\u00e1s all\u00e1 de la planificaci\u00f3n de la instalaci\u00f3n \/ circuito, queremos establecer una cita de seguimiento (mantenimiento y capacitaci\u00f3n).[\/vc_column_text][\/vc_column][vc_column width=&#8221;1\/3&#8243;][block_title style=&#8221;column_title&#8221; inner_style=&#8221;inline_border&#8221; title=&#8221; \u00bfPor qu\u00e9 elegir Lusogolfe?&#8221;][\/block_title][list icon=&#8221;steadysets-icon-checkmark&#8221;][list_item title=&#8221;Empresa l\u00edder del mercado&#8221;][list_item title=&#8221; 50 a\u00f1os de experiencia&#8221;][list_item title=&#8221;Equipo especializado y dedicado&#8221;][list_item title=&#8221; El monitoreo en todas las etapas&#8221;][list_item title=&#8221;M\u00faltiples posibilidades&#8221;][\/list][\/vc_column][\/vc_row][vc_row][vc_column width=&#8221;1\/4&#8243;][services_small title=&#8221;ALQUILER&#8221; icon=&#8221;steadysets-icon-refresh&#8221; dynamic_content_type=&#8221;content&#8221; dynamic_content_link=&#8221;https:\/\/lusogolfe.com\/es\/servicios\/alquiler\/&#8221; dynamic_content_content=&#8221;Lorem ipsum dolor sit amet communitas erdum, lacus et vulputate, velit nulla commodo sem.&#8221;]Tenemos circuitos de minigolf extra\u00edbles para alquilar para eventos de corto o largo plazo.[\/services_small][\/vc_column][vc_column width=&#8221;1\/4&#8243;][services_small title=&#8221;MANTENIMIENTO&#8221; icon=&#8221;moon-wrench-4&#8243; dynamic_content_type=&#8221;content&#8221; dynamic_content_link=&#8221;https:\/\/lusogolfe.com\/es\/servicios\/mantenimiento\/&#8221; dynamic_content_content=&#8221;Lorem ipsum dolor sit amet communitas erdum, lacus et vulputate, velit nulla commodo sem.&#8221;]Los cuidados de mantenimiento peri\u00f3dico y en curso garantizan la calidad y operatividad de los equipos.[\/services_small][\/vc_column][vc_column width=&#8221;1\/4&#8243;][services_small title=&#8221;FORMACI\u00d3N&#8221; icon=&#8221;steadysets-icon-book2&#8243; dynamic_content_type=&#8221;content&#8221; dynamic_content_link=&#8221;https:\/\/lusogolfe.com\/es\/servicios\/formacion\/&#8221; dynamic_content_content=&#8221;Lorem ipsum dolor sit amet communitas erdum, lacus et vulputate, velit nulla commodo sem.&#8221;]La gesti\u00f3n del circuito promueve una mayor rentabilidad, mejora la capacidad de organizaci\u00f3n y la ejecuci\u00f3n de tareas.[\/services_small][\/vc_column][vc_column width=&#8221;1\/4&#8243;][services_small title=&#8221;ASESORAMIENTO&#8221; icon=&#8221;steadysets-icon-users2&#8243; dynamic_content_type=&#8221;content&#8221; dynamic_content_link=&#8221;https:\/\/lusogolfe.com\/es\/servicios\/asesoriamento\/&#8221; dynamic_content_content=&#8221;Lorem ipsum dolor sit amet communitas erdum, lacus et vulputate, velit nulla commodo sem.&#8221;]Nuestro equipo acompa\u00f1a cada proyecto de acuerdo con sus especificidades, necesidades y expectativas.[\/services_small][\/vc_column][\/vc_row][vc_row][vc_column column_padding=&#8221;2.5%&#8221; background_color=&#8221;#f6f6f6&#8243;][textbar title=&#8221; Tienen alguna pregunta? P\u00f3ngase en contacto con nosotros!&#8221; button_title=&#8221;Cont\u00e1ctenos&#8221; button_link=&#8221;http:\/\/lusogolfe.com\/es\/contactos\/&#8221; icon=&#8221;steadysets-icon-users2&#8243;][\/vc_column][\/vc_row]<\/p>\n<\/div>","protected":false},"excerpt":{"rendered":"<p>[vc_row][vc_column css=&#8221;.vc_custom_1542984210434{margin-top: -45px !important;}&#8221;][rev_slider_vc alias=&#8221;o-que-fazemos&#8221;][\/vc_column][\/vc_row][vc_row][vc_column width=&#8221;2\/3&#8243;][block_title style=&#8221;column_title&#8221; inner_style=&#8221;inline_border&#8221; title=&#8221; Que hacemos&#8221;][\/block_title][vc_column_text]Lusogolfe es una empresa l\u00edder en el mercado. Planificamos y construimos varios modelos de cursos de mini golf que se propagan en Portugal y en diversos rincones del mundo. Nuestros servicios son ventajosas para aquellos que desean tener un espacio monetizada y din\u00e1mico, siempre disponible [&hellip;]<\/p>\n","protected":false},"author":2,"featured_media":0,"parent":0,"menu_order":0,"comment_status":"closed","ping_status":"closed","template":"","meta":{"content-type":"","footnotes":""},"class_list":["post-1716","page","type-page","status-publish","hentry"],"yoast_head":"<!-- This site is optimized with the Yoast SEO plugin v27.4 - https:\/\/yoast.com\/product\/yoast-seo-wordpress\/ -->\n<title>Nuestros servicios - Alquiler | Mantenimiento | Formaci\u00f3n | Consultor\u00eda<\/title>\n<meta name=\"description\" content=\"Servicios ventajosos para quienes desean tener un espacio rentabilizado y din\u00e1mico, para proporcionar momentos de socializaci\u00f3n, ocio y competici\u00f3n.\" \/>\n<meta name=\"robots\" content=\"index, follow, max-snippet:-1, max-image-preview:large, max-video-preview:-1\" \/>\n<link rel=\"canonical\" href=\"https:\/\/lusogolfe.com\/es\/servicios\/\" \/>\n<meta property=\"og:locale\" content=\"es_ES\" \/>\n<meta property=\"og:type\" content=\"article\" \/>\n<meta property=\"og:title\" content=\"Nuestros servicios - Alquiler | Mantenimiento | Formaci\u00f3n | Consultor\u00eda\" \/>\n<meta property=\"og:description\" content=\"Servicios ventajosos para quienes desean tener un espacio rentabilizado y din\u00e1mico, para proporcionar momentos de socializaci\u00f3n, ocio y competici\u00f3n.\" \/>\n<meta property=\"og:url\" content=\"https:\/\/lusogolfe.com\/es\/servicios\/\" \/>\n<meta property=\"og:site_name\" content=\"Lusogolfe\" \/>\n<meta property=\"article:publisher\" content=\"https:\/\/www.facebook.com\/lusogolfe\/\" \/>\n<meta property=\"article:modified_time\" content=\"2021-10-07T17:07:05+00:00\" \/>\n<meta property=\"og:image\" content=\"https:\/\/lusogolfe.com\/wp-content\/uploads\/2016\/10\/49-anos-Lusogolfe.jpg\" \/>\n\t<meta property=\"og:image:width\" content=\"1\" \/>\n\t<meta property=\"og:image:height\" content=\"1\" \/>\n\t<meta property=\"og:image:type\" content=\"image\/jpeg\" \/>\n<meta name=\"twitter:card\" content=\"summary_large_image\" \/>\n<meta name=\"twitter:label1\" content=\"Tiempo de lectura\" \/>\n\t<meta name=\"twitter:data1\" content=\"3 minutos\" \/>\n<script type=\"application\/ld+json\" class=\"yoast-schema-graph\">{\"@context\":\"https:\\\/\\\/schema.org\",\"@graph\":[{\"@type\":\"WebPage\",\"@id\":\"https:\\\/\\\/lusogolfe.com\\\/es\\\/servicios\\\/\",\"url\":\"https:\\\/\\\/lusogolfe.com\\\/es\\\/servicios\\\/\",\"name\":\"Nuestros servicios - Alquiler | Mantenimiento | Formaci\u00f3n | Consultor\u00eda\",\"isPartOf\":{\"@id\":\"http:\\\/\\\/lusogolfe.com\\\/es\\\/#website\"},\"datePublished\":\"2014-09-12T10:30:07+00:00\",\"dateModified\":\"2021-10-07T17:07:05+00:00\",\"description\":\"Servicios ventajosos para quienes desean tener un espacio rentabilizado y din\u00e1mico, para proporcionar momentos de socializaci\u00f3n, ocio y competici\u00f3n.\",\"breadcrumb\":{\"@id\":\"https:\\\/\\\/lusogolfe.com\\\/es\\\/servicios\\\/#breadcrumb\"},\"inLanguage\":\"es\",\"potentialAction\":[{\"@type\":\"ReadAction\",\"target\":[\"https:\\\/\\\/lusogolfe.com\\\/es\\\/servicios\\\/\"]}]},{\"@type\":\"BreadcrumbList\",\"@id\":\"https:\\\/\\\/lusogolfe.com\\\/es\\\/servicios\\\/#breadcrumb\",\"itemListElement\":[{\"@type\":\"ListItem\",\"position\":1,\"name\":\"Portada\",\"item\":\"http:\\\/\\\/lusogolfe.com\\\/es\\\/\"},{\"@type\":\"ListItem\",\"position\":2,\"name\":\"Nuestros servicios &#8211; Alquiler | Mantenimiento | Formaci\u00f3n | Consultor\u00eda\"}]},{\"@type\":\"WebSite\",\"@id\":\"http:\\\/\\\/lusogolfe.com\\\/es\\\/#website\",\"url\":\"http:\\\/\\\/lusogolfe.com\\\/es\\\/\",\"name\":\"Lusogolfe\",\"description\":\"Everything for Minigolf\",\"publisher\":{\"@id\":\"http:\\\/\\\/lusogolfe.com\\\/es\\\/#organization\"},\"potentialAction\":[{\"@type\":\"SearchAction\",\"target\":{\"@type\":\"EntryPoint\",\"urlTemplate\":\"http:\\\/\\\/lusogolfe.com\\\/es\\\/?s={search_term_string}\"},\"query-input\":{\"@type\":\"PropertyValueSpecification\",\"valueRequired\":true,\"valueName\":\"search_term_string\"}}],\"inLanguage\":\"es\"},{\"@type\":\"Organization\",\"@id\":\"http:\\\/\\\/lusogolfe.com\\\/es\\\/#organization\",\"name\":\"Lusogolfe\",\"url\":\"http:\\\/\\\/lusogolfe.com\\\/es\\\/\",\"logo\":{\"@type\":\"ImageObject\",\"inLanguage\":\"es\",\"@id\":\"http:\\\/\\\/lusogolfe.com\\\/es\\\/#\\\/schema\\\/logo\\\/image\\\/\",\"url\":\"http:\\\/\\\/lusogolfe.com\\\/wp-content\\\/uploads\\\/2023\\\/05\\\/Lusogolfe-55years.png\",\"contentUrl\":\"http:\\\/\\\/lusogolfe.com\\\/wp-content\\\/uploads\\\/2023\\\/05\\\/Lusogolfe-55years.png\",\"width\":1128,\"height\":768,\"caption\":\"Lusogolfe\"},\"image\":{\"@id\":\"http:\\\/\\\/lusogolfe.com\\\/es\\\/#\\\/schema\\\/logo\\\/image\\\/\"},\"sameAs\":[\"https:\\\/\\\/www.facebook.com\\\/lusogolfe\\\/\",\"https:\\\/\\\/www.linkedin.com\\\/company\\\/lusogolfe\",\"https:\\\/\\\/www.youtube.com\\\/lusogolfe\",\"https:\\\/\\\/www.instagram.com\\\/lusogolfe\"]}]}<\/script>\n<!-- \/ Yoast SEO plugin. -->","yoast_head_json":{"title":"Nuestros servicios - Alquiler | Mantenimiento | Formaci\u00f3n | Consultor\u00eda","description":"Servicios ventajosos para quienes desean tener un espacio rentabilizado y din\u00e1mico, para proporcionar momentos de socializaci\u00f3n, ocio y competici\u00f3n.","robots":{"index":"index","follow":"follow","max-snippet":"max-snippet:-1","max-image-preview":"max-image-preview:large","max-video-preview":"max-video-preview:-1"},"canonical":"https:\/\/lusogolfe.com\/es\/servicios\/","og_locale":"es_ES","og_type":"article","og_title":"Nuestros servicios - Alquiler | Mantenimiento | Formaci\u00f3n | Consultor\u00eda","og_description":"Servicios ventajosos para quienes desean tener un espacio rentabilizado y din\u00e1mico, para proporcionar momentos de socializaci\u00f3n, ocio y competici\u00f3n.","og_url":"https:\/\/lusogolfe.com\/es\/servicios\/","og_site_name":"Lusogolfe","article_publisher":"https:\/\/www.facebook.com\/lusogolfe\/","article_modified_time":"2021-10-07T17:07:05+00:00","og_image":[{"url":"https:\/\/lusogolfe.com\/wp-content\/uploads\/2016\/10\/49-anos-Lusogolfe.jpg","width":1,"height":1,"type":"image\/jpeg"}],"twitter_card":"summary_large_image","twitter_misc":{"Tiempo de lectura":"3 minutos"},"schema":{"@context":"https:\/\/schema.org","@graph":[{"@type":"WebPage","@id":"https:\/\/lusogolfe.com\/es\/servicios\/","url":"https:\/\/lusogolfe.com\/es\/servicios\/","name":"Nuestros servicios - Alquiler | Mantenimiento | Formaci\u00f3n | Consultor\u00eda","isPartOf":{"@id":"http:\/\/lusogolfe.com\/es\/#website"},"datePublished":"2014-09-12T10:30:07+00:00","dateModified":"2021-10-07T17:07:05+00:00","description":"Servicios ventajosos para quienes desean tener un espacio rentabilizado y din\u00e1mico, para proporcionar momentos de socializaci\u00f3n, ocio y competici\u00f3n.","breadcrumb":{"@id":"https:\/\/lusogolfe.com\/es\/servicios\/#breadcrumb"},"inLanguage":"es","potentialAction":[{"@type":"ReadAction","target":["https:\/\/lusogolfe.com\/es\/servicios\/"]}]},{"@type":"BreadcrumbList","@id":"https:\/\/lusogolfe.com\/es\/servicios\/#breadcrumb","itemListElement":[{"@type":"ListItem","position":1,"name":"Portada","item":"http:\/\/lusogolfe.com\/es\/"},{"@type":"ListItem","position":2,"name":"Nuestros servicios &#8211; Alquiler | Mantenimiento | Formaci\u00f3n | Consultor\u00eda"}]},{"@type":"WebSite","@id":"http:\/\/lusogolfe.com\/es\/#website","url":"http:\/\/lusogolfe.com\/es\/","name":"Lusogolfe","description":"Everything for Minigolf","publisher":{"@id":"http:\/\/lusogolfe.com\/es\/#organization"},"potentialAction":[{"@type":"SearchAction","target":{"@type":"EntryPoint","urlTemplate":"http:\/\/lusogolfe.com\/es\/?s={search_term_string}"},"query-input":{"@type":"PropertyValueSpecification","valueRequired":true,"valueName":"search_term_string"}}],"inLanguage":"es"},{"@type":"Organization","@id":"http:\/\/lusogolfe.com\/es\/#organization","name":"Lusogolfe","url":"http:\/\/lusogolfe.com\/es\/","logo":{"@type":"ImageObject","inLanguage":"es","@id":"http:\/\/lusogolfe.com\/es\/#\/schema\/logo\/image\/","url":"http:\/\/lusogolfe.com\/wp-content\/uploads\/2023\/05\/Lusogolfe-55years.png","contentUrl":"http:\/\/lusogolfe.com\/wp-content\/uploads\/2023\/05\/Lusogolfe-55years.png","width":1128,"height":768,"caption":"Lusogolfe"},"image":{"@id":"http:\/\/lusogolfe.com\/es\/#\/schema\/logo\/image\/"},"sameAs":["https:\/\/www.facebook.com\/lusogolfe\/","https:\/\/www.linkedin.com\/company\/lusogolfe","https:\/\/www.youtube.com\/lusogolfe","https:\/\/www.instagram.com\/lusogolfe"]}]}},"_links":{"self":[{"href":"https:\/\/lusogolfe.com\/es\/wp-json\/wp\/v2\/pages\/1716","targetHints":{"allow":["GET"]}}],"collection":[{"href":"https:\/\/lusogolfe.com\/es\/wp-json\/wp\/v2\/pages"}],"about":[{"href":"https:\/\/lusogolfe.com\/es\/wp-json\/wp\/v2\/types\/page"}],"author":[{"embeddable":true,"href":"https:\/\/lusogolfe.com\/es\/wp-json\/wp\/v2\/users\/2"}],"replies":[{"embeddable":true,"href":"https:\/\/lusogolfe.com\/es\/wp-json\/wp\/v2\/comments?post=1716"}],"version-history":[{"count":2,"href":"https:\/\/lusogolfe.com\/es\/wp-json\/wp\/v2\/pages\/1716\/revisions"}],"predecessor-version":[{"id":11731,"href":"https:\/\/lusogolfe.com\/es\/wp-json\/wp\/v2\/pages\/1716\/revisions\/11731"}],"wp:attachment":[{"href":"https:\/\/lusogolfe.com\/es\/wp-json\/wp\/v2\/media?parent=1716"}],"curies":[{"name":"wp","href":"https:\/\/api.w.org\/{rel}","templated":true}]}}