{"id":15798,"date":"2024-01-05T10:08:23","date_gmt":"2024-01-05T10:08:23","guid":{"rendered":"https:\/\/lusogolfe.com\/?page_id=15798"},"modified":"2026-02-13T09:47:07","modified_gmt":"2026-02-13T09:47:07","slug":"ofertas-minigolf","status":"publish","type":"page","link":"https:\/\/lusogolfe.com\/es\/ofertas-minigolf\/","title":{"rendered":"Ofertas de Minigolf | Hasta -50% de descuento"},"content":{"rendered":"<div class=\"wpb-content-wrapper\"><p>[vc_row type=&#8221;full_width_background&#8221; top_padding=&#8221;-40&#8243; bottom_padding=&#8221;0&#8243; el_id=&#8221;ofertas&#8221;][vc_column][vc_column_text]<\/p>\n<p style=\"text-align: center;\"><span style=\"font-size: 25px; color: #000; font-weight: normal; line-height: 23px;\">Hasta -50% de descuento<\/span><\/p>\n<p style=\"text-align: center;\"><span style=\"font-size: 50px; color: #000; font-weight: bold; line-height: 48px;\">Ofertas de Minigolf<\/span><\/p>\n<p>[\/vc_column_text][vc_row_inner][vc_column_inner width=&#8221;1\/3&#8243;][vc_column_text css=&#8221;.vc_custom_1770887644145{margin-bottom: 15px !important;}&#8221;]<a href=\"https:\/\/lusogolfe.com\/es\/ofertas-minigolf\/#form\"><img loading=\"lazy\" decoding=\"async\" class=\"alignnone wp-image-18040 size-full\" src=\"http:\/\/lusogolfe.com\/wp-content\/uploads\/2026\/02\/POR-1.jpg\" alt=\"\" width=\"450\" height=\"277\" srcset=\"https:\/\/lusogolfe.com\/wp-content\/uploads\/2026\/02\/POR-1.jpg 450w, https:\/\/lusogolfe.com\/wp-content\/uploads\/2026\/02\/POR-1-300x185.jpg 300w\" sizes=\"auto, (max-width: 450px) 100vw, 450px\" \/><\/a><\/p>\n<p><strong>Oferta 1 | Easy Golf Basic<br \/>\n<\/strong>20% de descuento en una pista Easy Golf y un conjunto de obst\u00e1culos &#8216;MiMinigolf Pro&#8217;.[\/vc_column_text][\/vc_column_inner][vc_column_inner width=&#8221;1\/3&#8243;][vc_column_text css=&#8221;.vc_custom_1770887667843{margin-bottom: 15px !important;}&#8221;]<a href=\"https:\/\/lusogolfe.com\/es\/ofertas-minigolf\/#form\"><img loading=\"lazy\" decoding=\"async\" class=\"alignnone wp-image-18045 size-full\" src=\"http:\/\/lusogolfe.com\/wp-content\/uploads\/2026\/02\/POR-2.jpg\" alt=\"\" width=\"450\" height=\"277\" srcset=\"https:\/\/lusogolfe.com\/wp-content\/uploads\/2026\/02\/POR-2.jpg 450w, https:\/\/lusogolfe.com\/wp-content\/uploads\/2026\/02\/POR-2-300x185.jpg 300w\" sizes=\"auto, (max-width: 450px) 100vw, 450px\" \/><\/a><\/p>\n<p><strong>Oferta 2 | Easy Golf Pro<br \/>\n<\/strong>25% de descuento en 3 pistas Easy Golf y un conjunto de obst\u00e1culos &#8216;MiMinigolf Pro&#8217;.[\/vc_column_text][\/vc_column_inner][vc_column_inner width=&#8221;1\/3&#8243;][vc_column_text css=&#8221;.vc_custom_1770887683789{margin-bottom: 15px !important;}&#8221;]<a href=\"https:\/\/lusogolfe.com\/es\/ofertas-minigolf\/#form\"><img loading=\"lazy\" decoding=\"async\" class=\"alignnone wp-image-18050 size-full\" src=\"http:\/\/lusogolfe.com\/wp-content\/uploads\/2026\/02\/POR-3.jpg\" alt=\"\" width=\"450\" height=\"277\" srcset=\"https:\/\/lusogolfe.com\/wp-content\/uploads\/2026\/02\/POR-3.jpg 450w, https:\/\/lusogolfe.com\/wp-content\/uploads\/2026\/02\/POR-3-300x185.jpg 300w\" sizes=\"auto, (max-width: 450px) 100vw, 450px\" \/><\/a><\/p>\n<p><strong>Oferta 3 | 5 Easy + 1 Smart<\/strong><br \/>\n30% de descuento en una selecci\u00f3n de 6 pistas de Minigolf de los modelos Easy Golf y Smart Golf.[\/vc_column_text][\/vc_column_inner][\/vc_row_inner][vc_row_inner][vc_column_inner width=&#8221;1\/3&#8243;][vc_column_text css=&#8221;.vc_custom_1770887698546{margin-bottom: 15px !important;}&#8221;]<a href=\"https:\/\/lusogolfe.com\/es\/ofertas-minigolf\/#form\"><img loading=\"lazy\" decoding=\"async\" class=\"alignnone wp-image-18093 size-full\" src=\"http:\/\/lusogolfe.com\/wp-content\/uploads\/2026\/02\/ENG-4.jpg\" alt=\"\" width=\"450\" height=\"277\" srcset=\"https:\/\/lusogolfe.com\/wp-content\/uploads\/2026\/02\/ENG-4.jpg 450w, https:\/\/lusogolfe.com\/wp-content\/uploads\/2026\/02\/ENG-4-300x185.jpg 300w\" sizes=\"auto, (max-width: 450px) 100vw, 450px\" \/><\/a><\/p>\n<p><strong>Oferta 4 | 6 Easy + 3 Smart<\/strong><br \/>\n35% de descuento en una selecci\u00f3n de 9 pistas de Minigolf de los modelos Easy Golf y Smart Golf.[\/vc_column_text][\/vc_column_inner][vc_column_inner width=&#8221;1\/3&#8243;][vc_column_text css=&#8221;.vc_custom_1770887722183{margin-bottom: 15px !important;}&#8221;]<a href=\"https:\/\/lusogolfe.com\/es\/ofertas-minigolf\/#form\"><img loading=\"lazy\" decoding=\"async\" class=\"alignnone wp-image-18136 size-full\" src=\"http:\/\/lusogolfe.com\/wp-content\/uploads\/2026\/02\/FRA-5.jpg\" alt=\"\" width=\"450\" height=\"277\" srcset=\"https:\/\/lusogolfe.com\/wp-content\/uploads\/2026\/02\/FRA-5.jpg 450w, https:\/\/lusogolfe.com\/wp-content\/uploads\/2026\/02\/FRA-5-300x185.jpg 300w\" sizes=\"auto, (max-width: 450px) 100vw, 450px\" \/><\/a><\/p>\n<p><strong>Oferta 5 | 9 Easy + 3 Smart<\/strong><br \/>\n40% de descuento en una selecci\u00f3n de 12 pistas de Minigolf de los modelos Easy Golf y Smart Golf.[\/vc_column_text][\/vc_column_inner][vc_column_inner width=&#8221;1\/3&#8243;][vc_column_text css=&#8221;.vc_custom_1770887740965{margin-bottom: 15px !important;}&#8221;]<a href=\"https:\/\/lusogolfe.com\/es\/ofertas-minigolf\/#form\"><img loading=\"lazy\" decoding=\"async\" class=\"alignnone wp-image-18065 size-full\" src=\"http:\/\/lusogolfe.com\/wp-content\/uploads\/2026\/02\/POR-6.jpg\" alt=\"\" width=\"450\" height=\"277\" srcset=\"https:\/\/lusogolfe.com\/wp-content\/uploads\/2026\/02\/POR-6.jpg 450w, https:\/\/lusogolfe.com\/wp-content\/uploads\/2026\/02\/POR-6-300x185.jpg 300w\" sizes=\"auto, (max-width: 450px) 100vw, 450px\" \/><\/a><\/p>\n<p><strong>Oferta 5 | 10 Easy + 8 Smart<\/strong><br \/>\n50% de descuento en una selecci\u00f3n de 15 pistas de Minigolf de los modelos Easy Golf y Smart Golf.[\/vc_column_text][\/vc_column_inner][\/vc_row_inner][vc_btn title=&#8221;Mas informaciones&#8221; shape=&#8221;round&#8221; color=&#8221;warning&#8221; size=&#8221;lg&#8221; align=&#8221;center&#8221; i_align=&#8221;right&#8221; i_icon_fontawesome=&#8221;fas icon-angle-down&#8221; css=&#8221;.vc_custom_1684506780238{margin-top: -20px !important;}&#8221; add_icon=&#8221;true&#8221; link=&#8221;url:%23form&#8221;][vc_column_text css=&#8221;.vc_custom_1684506806300{margin-top: -5px !important;border-top-width: -5px !important;padding-top: -5px !important;}&#8221;]<\/p>\n<p style=\"text-align: center;\"><u>Sin compromiso<\/u><\/p>\n<p>[\/vc_column_text][vc_gallery interval=&#8221;3&#8243; images=&#8221;14630,14896,14610,14901,14605,14906,14600,14585,14575,14565,14615,14560&#8243; img_size=&#8221;full&#8221;][\/vc_column][\/vc_row][vc_row type=&#8221;full_width_background&#8221; bg_color=&#8221;#f4f4f4&#8243; bottom_padding=&#8221;60&#8243;][vc_column][vc_column_text]<\/p>\n<p style=\"text-align: center;\"><span style=\"font-size: 25px; color: #000; font-weight: normal; line-height: 23px;\">Del 3 al 93 todos juegan Minigolf<\/span><\/p>\n<p style=\"text-align: center;\"><span style=\"font-size: 50px; color: #000; font-weight: bold; line-height: 48px;\">M\u00e1s diversi\u00f3n por menos<\/span><\/p>\n<p>[\/vc_column_text][vc_empty_space height=&#8221;30px&#8221;][vc_row_inner][vc_column_inner width=&#8221;1\/2&#8243;][media image=&#8221;13842&#8243;][vc_empty_space height=&#8221;30px&#8221;][\/vc_column_inner][vc_column_inner width=&#8221;1\/4&#8243;][services_medium title=&#8221;No se requiere experiencia previa, todos pueden jugar&#8221; icon=&#8221;steadysets-icon-checkmark&#8221; icon_color=&#8221;#ffffff&#8221; circle_color=&#8221;#f7b806&#8243; border_color=&#8221;#f7b806&#8243; dynamic_content_link=&#8221;&#8221;][\/services_medium][vc_empty_space height=&#8221;40px&#8221;][services_medium title=&#8221;Se puede instalar tanto en interior como en exterior&#8221; icon=&#8221;steadysets-icon-home&#8221; icon_color=&#8221;#ffffff&#8221; circle_color=&#8221;#f7b806&#8243; border_color=&#8221;#f7b806&#8243; dynamic_content_link=&#8221;&#8221;][\/services_medium][vc_empty_space height=&#8221;40px&#8221;][\/vc_column_inner][vc_column_inner width=&#8221;1\/4&#8243;][services_medium title=&#8221;Promueve el compartir momentos divertidos&#8221; icon=&#8221;steadysets-icon-users&#8221; icon_color=&#8221;#ffffff&#8221; circle_color=&#8221;#f7b806&#8243; border_color=&#8221;#f7b806&#8243; dynamic_content_link=&#8221;&#8221;][\/services_medium][vc_empty_space height=&#8221;40px&#8221;][services_medium title=&#8221;Estimula la competencia sana, el enfoque y la concentraci\u00f3n&#8221; icon=&#8221;moon-target-2&#8243; icon_color=&#8221;#ffffff&#8221; circle_color=&#8221;#f7b806&#8243; border_color=&#8221;#f7b806&#8243; dynamic_content_link=&#8221;&#8221;][\/services_medium][\/vc_column_inner][\/vc_row_inner][vc_btn title=&#8221;Mas informaciones&#8221; shape=&#8221;round&#8221; color=&#8221;warning&#8221; size=&#8221;lg&#8221; align=&#8221;center&#8221; i_align=&#8221;right&#8221; i_icon_fontawesome=&#8221;fas icon-angle-down&#8221; css=&#8221;.vc_custom_1684506813823{margin-top: -20px !important;}&#8221; add_icon=&#8221;true&#8221; link=&#8221;url:%23form&#8221;][vc_column_text css=&#8221;.vc_custom_1684506817714{margin-top: -5px !important;border-top-width: -5px !important;padding-top: -5px !important;}&#8221;]<\/p>\n<p style=\"text-align: center;\"><u>Sin compromiso<\/u><\/p>\n<p>[\/vc_column_text][\/vc_column][\/vc_row][vc_row top_padding=&#8221;60&#8243;][vc_column][vc_column_text]<\/p>\n<p style=\"text-align: center;\"><span style=\"font-size: 25px; color: #000; font-weight: normal; line-height: 23px;\">Preguntas frecuentes<\/span><\/p>\n<p style=\"text-align: center;\"><span style=\"font-size: 50px; color: #000; font-weight: bold; line-height: 48px;\">FAQ&#8217;s<\/span><\/p>\n<p>[\/vc_column_text][vc_row_inner][vc_column_inner width=&#8221;1\/2&#8243;][faq style=&#8221;style_3&#8243; faq_cat=&#8221;0&#8243;][\/vc_column_inner][vc_column_inner width=&#8221;1\/2&#8243;][media link=&#8221;&#8221; image=&#8221;13837&#8243;][\/vc_column_inner][\/vc_row_inner][\/vc_column][\/vc_row][vc_row type=&#8221;full_width_background&#8221; bg_color=&#8221;#f4f4f4&#8243; el_id=&#8221;form&#8221;][vc_column width=&#8221;1\/6&#8243;][\/vc_column][vc_column width=&#8221;2\/3&#8243;][vc_column_text css=&#8221;&#8221;]<\/p>\n<p style=\"text-align: center;\"><span style=\"font-size: 50px; color: #000; font-weight: bold; line-height: 48px;\">\u00bfQuieres saber m\u00e1s?<\/span><\/p>\n<p>Tras la solicitud de presupuesto, analizamos su proyecto, desarrollamos una propuesta personalizada, definimos plazos estimados y gestionamos toda la log\u00edstica, incluido el transporte y la instalaci\u00f3n.[\/vc_column_text][vc_raw_js]JTNDc2NyaXB0JTIwY2hhcnNldCUzRCUyMnV0Zi04JTIyJTIwdHlwZSUzRCUyMnRleHQlMkZqYXZhc2NyaXB0JTIyJTIwc3JjJTNEJTIyJTJGJTJGanMuaHNmb3Jtcy5uZXQlMkZmb3JtcyUyRmVtYmVkJTJGdjIuanMlMjIlM0UlM0MlMkZzY3JpcHQlM0UlMEElM0NzY3JpcHQlM0UlMEElMjAlMjBoYnNwdC5mb3Jtcy5jcmVhdGUlMjglN0IlMEElMjAlMjAlMjAlMjBwb3J0YWxJZCUzQSUyMCUyMjE5OTM5Njc2JTIyJTJDJTBBJTIwJTIwJTIwJTIwZm9ybUlkJTNBJTIwJTIyNTdjZTQwZTUtMWZlOS00YmUxLWIwNGYtYTUzNTRkNTZlYzA1JTIyJTJDJTBBJTIwJTIwJTIwJTIwcmVnaW9uJTNBJTIwJTIybmExJTIyJTBBJTIwJTIwJTdEJTI5JTNCJTBBJTNDJTJGc2NyaXB0JTNF[\/vc_raw_js][\/vc_column][vc_column width=&#8221;1\/6&#8243;][\/vc_column][\/vc_row]<\/p>\n<\/div>","protected":false},"excerpt":{"rendered":"<p>[vc_row type=&#8221;full_width_background&#8221; top_padding=&#8221;-40&#8243; bottom_padding=&#8221;0&#8243; el_id=&#8221;ofertas&#8221;][vc_column][vc_column_text] Hasta -50% de descuento Ofertas de Minigolf [\/vc_column_text][vc_row_inner][vc_column_inner width=&#8221;1\/3&#8243;][vc_column_text css=&#8221;.vc_custom_1770887644145{margin-bottom: 15px !important;}&#8221;] Oferta 1 | Easy Golf Basic 20% de descuento en una pista Easy Golf y un conjunto de obst\u00e1culos &#8216;MiMinigolf Pro&#8217;.[\/vc_column_text][\/vc_column_inner][vc_column_inner width=&#8221;1\/3&#8243;][vc_column_text css=&#8221;.vc_custom_1770887667843{margin-bottom: 15px !important;}&#8221;] Oferta 2 | Easy Golf Pro 25% de descuento en 3 pistas Easy [&hellip;]<\/p>\n","protected":false},"author":2,"featured_media":18352,"parent":0,"menu_order":0,"comment_status":"closed","ping_status":"closed","template":"","meta":{"content-type":"","footnotes":""},"class_list":["post-15798","page","type-page","status-publish","has-post-thumbnail","hentry"],"yoast_head":"<!-- This site is optimized with the Yoast SEO plugin v27.3 - https:\/\/yoast.com\/product\/yoast-seo-wordpress\/ -->\n<title>Ofertas de Minigolf | Hasta -50% de descuento<\/title>\n<meta name=\"description\" content=\"Ofertas de Minigolf con descuentos de hasta el 50%. Ahorre en tudo, excepto en la diversi\u00f3n!\" \/>\n<meta name=\"robots\" content=\"noindex, nofollow\" \/>\n<meta property=\"og:locale\" content=\"es_ES\" \/>\n<meta property=\"og:type\" content=\"article\" \/>\n<meta property=\"og:title\" content=\"Ofertas de Ver\u00e3o | At\u00e9 -50% de desconto em Minigolfe\" \/>\n<meta property=\"og:description\" content=\"7 ofertas de Minigolfe com descontos at\u00e9 50%. Vai deixar passar esta oportunidade?\" \/>\n<meta property=\"og:url\" content=\"https:\/\/lusogolfe.com\/es\/ofertas-minigolf\/\" \/>\n<meta property=\"og:site_name\" content=\"Lusogolfe\" \/>\n<meta property=\"article:publisher\" content=\"https:\/\/www.facebook.com\/lusogolfe\/\" \/>\n<meta property=\"article:modified_time\" content=\"2026-02-13T09:47:07+00:00\" \/>\n<meta property=\"og:image\" content=\"https:\/\/lusogolfe.com\/wp-content\/uploads\/2026\/02\/ESP-Cover-FB.png\" \/>\n\t<meta property=\"og:image:width\" content=\"1200\" \/>\n\t<meta property=\"og:image:height\" content=\"630\" \/>\n\t<meta property=\"og:image:type\" content=\"image\/png\" \/>\n<meta name=\"twitter:card\" content=\"summary_large_image\" \/>\n<meta name=\"twitter:label1\" content=\"Tiempo de lectura\" \/>\n\t<meta name=\"twitter:data1\" content=\"4 minutos\" \/>\n<script type=\"application\/ld+json\" class=\"yoast-schema-graph\">{\"@context\":\"https:\\\/\\\/schema.org\",\"@graph\":[{\"@type\":\"WebPage\",\"@id\":\"https:\\\/\\\/lusogolfe.com\\\/es\\\/ofertas-minigolf\\\/\",\"url\":\"https:\\\/\\\/lusogolfe.com\\\/es\\\/ofertas-minigolf\\\/\",\"name\":\"Ofertas de Minigolf | Hasta -50% de descuento\",\"isPartOf\":{\"@id\":\"http:\\\/\\\/lusogolfe.com\\\/#website\"},\"primaryImageOfPage\":{\"@id\":\"https:\\\/\\\/lusogolfe.com\\\/es\\\/ofertas-minigolf\\\/#primaryimage\"},\"image\":{\"@id\":\"https:\\\/\\\/lusogolfe.com\\\/es\\\/ofertas-minigolf\\\/#primaryimage\"},\"thumbnailUrl\":\"https:\\\/\\\/lusogolfe.com\\\/wp-content\\\/uploads\\\/2026\\\/02\\\/ESP-Cover-FB.png\",\"datePublished\":\"2024-01-05T10:08:23+00:00\",\"dateModified\":\"2026-02-13T09:47:07+00:00\",\"description\":\"Ofertas de Minigolf con descuentos de hasta el 50%. Ahorre en tudo, excepto en la diversi\u00f3n!\",\"breadcrumb\":{\"@id\":\"https:\\\/\\\/lusogolfe.com\\\/es\\\/ofertas-minigolf\\\/#breadcrumb\"},\"inLanguage\":\"es\",\"potentialAction\":[{\"@type\":\"ReadAction\",\"target\":[\"https:\\\/\\\/lusogolfe.com\\\/es\\\/ofertas-minigolf\\\/\"]}]},{\"@type\":\"ImageObject\",\"inLanguage\":\"es\",\"@id\":\"https:\\\/\\\/lusogolfe.com\\\/es\\\/ofertas-minigolf\\\/#primaryimage\",\"url\":\"https:\\\/\\\/lusogolfe.com\\\/wp-content\\\/uploads\\\/2026\\\/02\\\/ESP-Cover-FB.png\",\"contentUrl\":\"https:\\\/\\\/lusogolfe.com\\\/wp-content\\\/uploads\\\/2026\\\/02\\\/ESP-Cover-FB.png\",\"width\":1200,\"height\":630},{\"@type\":\"BreadcrumbList\",\"@id\":\"https:\\\/\\\/lusogolfe.com\\\/es\\\/ofertas-minigolf\\\/#breadcrumb\",\"itemListElement\":[{\"@type\":\"ListItem\",\"position\":1,\"name\":\"Portada\",\"item\":\"http:\\\/\\\/lusogolfe.com\\\/es\\\/\"},{\"@type\":\"ListItem\",\"position\":2,\"name\":\"Ofertas de Minigolf | Hasta -50% de descuento\"}]},{\"@type\":\"WebSite\",\"@id\":\"http:\\\/\\\/lusogolfe.com\\\/#website\",\"url\":\"http:\\\/\\\/lusogolfe.com\\\/\",\"name\":\"Lusogolfe\",\"description\":\"Everything for Minigolf\",\"publisher\":{\"@id\":\"http:\\\/\\\/lusogolfe.com\\\/#organization\"},\"potentialAction\":[{\"@type\":\"SearchAction\",\"target\":{\"@type\":\"EntryPoint\",\"urlTemplate\":\"http:\\\/\\\/lusogolfe.com\\\/?s={search_term_string}\"},\"query-input\":{\"@type\":\"PropertyValueSpecification\",\"valueRequired\":true,\"valueName\":\"search_term_string\"}}],\"inLanguage\":\"es\"},{\"@type\":\"Organization\",\"@id\":\"http:\\\/\\\/lusogolfe.com\\\/#organization\",\"name\":\"Lusogolfe\",\"url\":\"http:\\\/\\\/lusogolfe.com\\\/\",\"logo\":{\"@type\":\"ImageObject\",\"inLanguage\":\"es\",\"@id\":\"http:\\\/\\\/lusogolfe.com\\\/#\\\/schema\\\/logo\\\/image\\\/\",\"url\":\"http:\\\/\\\/lusogolfe.com\\\/wp-content\\\/uploads\\\/2023\\\/05\\\/Lusogolfe-55years.png\",\"contentUrl\":\"http:\\\/\\\/lusogolfe.com\\\/wp-content\\\/uploads\\\/2023\\\/05\\\/Lusogolfe-55years.png\",\"width\":1128,\"height\":768,\"caption\":\"Lusogolfe\"},\"image\":{\"@id\":\"http:\\\/\\\/lusogolfe.com\\\/#\\\/schema\\\/logo\\\/image\\\/\"},\"sameAs\":[\"https:\\\/\\\/www.facebook.com\\\/lusogolfe\\\/\",\"https:\\\/\\\/www.linkedin.com\\\/company\\\/lusogolfe\",\"https:\\\/\\\/www.youtube.com\\\/lusogolfe\",\"https:\\\/\\\/www.instagram.com\\\/lusogolfe\"]}]}<\/script>\n<!-- \/ Yoast SEO plugin. -->","yoast_head_json":{"title":"Ofertas de Minigolf | Hasta -50% de descuento","description":"Ofertas de Minigolf con descuentos de hasta el 50%. Ahorre en tudo, excepto en la diversi\u00f3n!","robots":{"index":"noindex","follow":"nofollow"},"og_locale":"es_ES","og_type":"article","og_title":"Ofertas de Ver\u00e3o | At\u00e9 -50% de desconto em Minigolfe","og_description":"7 ofertas de Minigolfe com descontos at\u00e9 50%. Vai deixar passar esta oportunidade?","og_url":"https:\/\/lusogolfe.com\/es\/ofertas-minigolf\/","og_site_name":"Lusogolfe","article_publisher":"https:\/\/www.facebook.com\/lusogolfe\/","article_modified_time":"2026-02-13T09:47:07+00:00","og_image":[{"width":1200,"height":630,"url":"https:\/\/lusogolfe.com\/wp-content\/uploads\/2026\/02\/ESP-Cover-FB.png","type":"image\/png"}],"twitter_card":"summary_large_image","twitter_misc":{"Tiempo de lectura":"4 minutos"},"schema":{"@context":"https:\/\/schema.org","@graph":[{"@type":"WebPage","@id":"https:\/\/lusogolfe.com\/es\/ofertas-minigolf\/","url":"https:\/\/lusogolfe.com\/es\/ofertas-minigolf\/","name":"Ofertas de Minigolf | Hasta -50% de descuento","isPartOf":{"@id":"http:\/\/lusogolfe.com\/#website"},"primaryImageOfPage":{"@id":"https:\/\/lusogolfe.com\/es\/ofertas-minigolf\/#primaryimage"},"image":{"@id":"https:\/\/lusogolfe.com\/es\/ofertas-minigolf\/#primaryimage"},"thumbnailUrl":"https:\/\/lusogolfe.com\/wp-content\/uploads\/2026\/02\/ESP-Cover-FB.png","datePublished":"2024-01-05T10:08:23+00:00","dateModified":"2026-02-13T09:47:07+00:00","description":"Ofertas de Minigolf con descuentos de hasta el 50%. Ahorre en tudo, excepto en la diversi\u00f3n!","breadcrumb":{"@id":"https:\/\/lusogolfe.com\/es\/ofertas-minigolf\/#breadcrumb"},"inLanguage":"es","potentialAction":[{"@type":"ReadAction","target":["https:\/\/lusogolfe.com\/es\/ofertas-minigolf\/"]}]},{"@type":"ImageObject","inLanguage":"es","@id":"https:\/\/lusogolfe.com\/es\/ofertas-minigolf\/#primaryimage","url":"https:\/\/lusogolfe.com\/wp-content\/uploads\/2026\/02\/ESP-Cover-FB.png","contentUrl":"https:\/\/lusogolfe.com\/wp-content\/uploads\/2026\/02\/ESP-Cover-FB.png","width":1200,"height":630},{"@type":"BreadcrumbList","@id":"https:\/\/lusogolfe.com\/es\/ofertas-minigolf\/#breadcrumb","itemListElement":[{"@type":"ListItem","position":1,"name":"Portada","item":"http:\/\/lusogolfe.com\/es\/"},{"@type":"ListItem","position":2,"name":"Ofertas de Minigolf | Hasta -50% de descuento"}]},{"@type":"WebSite","@id":"http:\/\/lusogolfe.com\/#website","url":"http:\/\/lusogolfe.com\/","name":"Lusogolfe","description":"Everything for Minigolf","publisher":{"@id":"http:\/\/lusogolfe.com\/#organization"},"potentialAction":[{"@type":"SearchAction","target":{"@type":"EntryPoint","urlTemplate":"http:\/\/lusogolfe.com\/?s={search_term_string}"},"query-input":{"@type":"PropertyValueSpecification","valueRequired":true,"valueName":"search_term_string"}}],"inLanguage":"es"},{"@type":"Organization","@id":"http:\/\/lusogolfe.com\/#organization","name":"Lusogolfe","url":"http:\/\/lusogolfe.com\/","logo":{"@type":"ImageObject","inLanguage":"es","@id":"http:\/\/lusogolfe.com\/#\/schema\/logo\/image\/","url":"http:\/\/lusogolfe.com\/wp-content\/uploads\/2023\/05\/Lusogolfe-55years.png","contentUrl":"http:\/\/lusogolfe.com\/wp-content\/uploads\/2023\/05\/Lusogolfe-55years.png","width":1128,"height":768,"caption":"Lusogolfe"},"image":{"@id":"http:\/\/lusogolfe.com\/#\/schema\/logo\/image\/"},"sameAs":["https:\/\/www.facebook.com\/lusogolfe\/","https:\/\/www.linkedin.com\/company\/lusogolfe","https:\/\/www.youtube.com\/lusogolfe","https:\/\/www.instagram.com\/lusogolfe"]}]}},"_links":{"self":[{"href":"https:\/\/lusogolfe.com\/es\/wp-json\/wp\/v2\/pages\/15798","targetHints":{"allow":["GET"]}}],"collection":[{"href":"https:\/\/lusogolfe.com\/es\/wp-json\/wp\/v2\/pages"}],"about":[{"href":"https:\/\/lusogolfe.com\/es\/wp-json\/wp\/v2\/types\/page"}],"author":[{"embeddable":true,"href":"https:\/\/lusogolfe.com\/es\/wp-json\/wp\/v2\/users\/2"}],"replies":[{"embeddable":true,"href":"https:\/\/lusogolfe.com\/es\/wp-json\/wp\/v2\/comments?post=15798"}],"version-history":[{"count":10,"href":"https:\/\/lusogolfe.com\/es\/wp-json\/wp\/v2\/pages\/15798\/revisions"}],"predecessor-version":[{"id":18194,"href":"https:\/\/lusogolfe.com\/es\/wp-json\/wp\/v2\/pages\/15798\/revisions\/18194"}],"wp:featuredmedia":[{"embeddable":true,"href":"https:\/\/lusogolfe.com\/es\/wp-json\/wp\/v2\/media\/18352"}],"wp:attachment":[{"href":"https:\/\/lusogolfe.com\/es\/wp-json\/wp\/v2\/media?parent=15798"}],"curies":[{"name":"wp","href":"https:\/\/api.w.org\/{rel}","templated":true}]}}