{"id":14059,"date":"2018-01-17T11:46:49","date_gmt":"2018-01-17T11:46:49","guid":{"rendered":"https:\/\/lusogolfe.com\/cuidado-com-imitacoes\/"},"modified":"2023-01-23T13:51:35","modified_gmt":"2023-01-23T13:51:35","slug":"cuidado-con-las-imitaciones-de-minigolf","status":"publish","type":"page","link":"https:\/\/lusogolfe.com\/es\/cuidado-con-las-imitaciones-de-minigolf\/","title":{"rendered":"Cuidado con las imitaciones de Minigolf"},"content":{"rendered":"<div class=\"wpb-content-wrapper\"><p>[vc_row][vc_column][block_title style=&#8221;column_title&#8221; inner_style=&#8221;inline_border&#8221; title=&#8221;Cuidado con las imitaciones de Minigolf&#8221;][\/block_title][vc_row_inner][vc_column_inner width=&#8221;2\/3&#8243;][vc_column_text]<iframe loading=\"lazy\" title=\"YouTube video player\" src=\"https:\/\/www.youtube.com\/embed\/1nfs0EmnifA\" width=\"100%\" height=\"475px\" frameborder=\"0\" allowfullscreen=\"allowfullscreen\"><\/iframe>[\/vc_column_text][\/vc_column_inner][vc_column_inner width=&#8221;1\/3&#8243;][vc_column_text]<\/p>\n<h3 style=\"text-align: left;\">Razones principales<\/h3>\n<ul style=\"text-align: left;\">\n<li style=\"text-align: left;\">Poca durabilidad;<\/li>\n<li>No resistente a las condiciones clim\u00e1ticas;<\/li>\n<li>Falta de soporte t\u00e9cnico especializado;<\/li>\n<li>Equipo no homologado para competici\u00f3n.<\/li>\n<\/ul>\n<p>[\/vc_column_text][vc_column_text]<\/p>\n<h3>\u00bfPor qu\u00e9 elegir Lusogolfe?<\/h3>\n<ul>\n<li>Dise\u00f1o y calidad de referencia en el mercado;<\/li>\n<li>+55 a\u00f1os de experiencia;<\/li>\n<li>Equipos preparados para Indoor &amp; Outdoor;<\/li>\n<li>Presente en 14 pa\u00edses;<\/li>\n<li>Seguimiento en todas las etapas del proyecto;<\/li>\n<li>Soporte T\u00e9cnico Calificado.<\/li>\n<\/ul>\n<p>[\/vc_column_text][\/vc_column_inner][\/vc_row_inner][\/vc_column][\/vc_row][vc_row][vc_column][block_title style=&#8221;column_title&#8221; inner_style=&#8221;inline_border&#8221; title=&#8221;Nuestras soluciones de Minigolf&#8221;][\/block_title][vc_row_inner][vc_column_inner width=&#8221;1\/3&#8243;][vc_column_text]<\/p>\n<p style=\"text-align: left;\"><a href=\"https:\/\/lusogolfe.com\/es\/pistas-minigolf\/easy-golf\/\"><img decoding=\"async\" class=\"alignnone wp-image-2312 size-full\" src=\"https:\/\/lusogolfe.com\/wp-content\/uploads\/2016\/10\/Easy-Golf-Lusogolfe.jpg\" alt=\"Easy Golf Lusogolfe\" \/><\/a><br \/>\n<a href=\"https:\/\/lusogolfe.com\/es\/pistas-minigolf\/easy-golf\/\"><b>Easy Golf<\/b><\/a><\/p>\n<p class=\"p1\" style=\"text-align: left;\">Modelo de l\u00edneas sencillas y obst\u00e1culos muy divertidos. F\u00e1cilmente transportable.<\/p>\n<p>[\/vc_column_text][\/vc_column_inner][vc_column_inner width=&#8221;1\/3&#8243;][vc_column_text]<\/p>\n<p style=\"text-align: left;\"><strong><a href=\"https:\/\/lusogolfe.com\/es\/pistas-minigolf\/smart-golf\/\"><img loading=\"lazy\" decoding=\"async\" class=\"alignnone wp-image-2311 size-full\" src=\"https:\/\/lusogolfe.com\/wp-content\/uploads\/2016\/10\/Smart-Golf.jpg\" alt=\"Smart Golf Lusogolfe\" width=\"319\" height=\"208\" srcset=\"https:\/\/lusogolfe.com\/wp-content\/uploads\/2016\/10\/Smart-Golf.jpg 319w, https:\/\/lusogolfe.com\/wp-content\/uploads\/2016\/10\/Smart-Golf-300x196.jpg 300w, https:\/\/lusogolfe.com\/wp-content\/uploads\/2016\/10\/Smart-Golf-20x13.jpg 20w\" sizes=\"auto, (max-width: 319px) 100vw, 319px\" \/><\/a><br \/>\n<\/strong><a href=\"https:\/\/lusogolfe.com\/es\/pistas-minigolf\/smart-golf\/\"><b>Smart Golf<\/b><\/a><\/p>\n<p class=\"p1\" style=\"text-align: left;\">Pistas con dise\u00f1os m\u00e1s creativos, como la simp\u00e1tica \u201cSmile\u201d o la apasionada \u201cLove\u201d.<\/p>\n<p>[\/vc_column_text][\/vc_column_inner][vc_column_inner width=&#8221;1\/3&#8243;][vc_column_text]<\/p>\n<p style=\"text-align: left;\"><strong><a href=\"https:\/\/lusogolfe.com\/es\/pistas-minigolf\/maxi-golf\/\"><img loading=\"lazy\" decoding=\"async\" class=\"alignnone wp-image-2313 size-full\" src=\"https:\/\/lusogolfe.com\/wp-content\/uploads\/2016\/10\/Maxi-Golf.jpg\" alt=\"Maxi Golf Lusogolfe\" width=\"319\" height=\"208\" srcset=\"https:\/\/lusogolfe.com\/wp-content\/uploads\/2016\/10\/Maxi-Golf.jpg 319w, https:\/\/lusogolfe.com\/wp-content\/uploads\/2016\/10\/Maxi-Golf-300x196.jpg 300w, https:\/\/lusogolfe.com\/wp-content\/uploads\/2016\/10\/Maxi-Golf-20x13.jpg 20w\" sizes=\"auto, (max-width: 319px) 100vw, 319px\" \/><\/a><br \/>\n<a href=\"https:\/\/lusogolfe.com\/es\/pistas-minigolf\/maxi-golf\/\">Maxi Golf<\/a><\/strong><\/p>\n<p class=\"p1\" style=\"text-align: left;\">Es un equipo de ocio desafiante y emocionante con un dise\u00f1o m\u00e1s atractivo.<\/p>\n<p>[\/vc_column_text][\/vc_column_inner][\/vc_row_inner][vc_row_inner][vc_column_inner width=&#8221;1\/3&#8243;][vc_column_text css=&#8221;.vc_custom_1674470866058{padding-top: -25px !important;}&#8221;]<\/p>\n<p style=\"text-align: left;\"><strong><a href=\"https:\/\/lusogolfe.com\/es\/pistas-minigolf\/challenge-golf\/\"><img loading=\"lazy\" decoding=\"async\" class=\"alignnone wp-image-2309 size-full\" src=\"https:\/\/lusogolfe.com\/wp-content\/uploads\/2016\/10\/Challenge-Golf.jpg\" alt=\"Challenge Golf Lusogolfe\" width=\"319\" height=\"208\" srcset=\"https:\/\/lusogolfe.com\/wp-content\/uploads\/2016\/10\/Challenge-Golf.jpg 319w, https:\/\/lusogolfe.com\/wp-content\/uploads\/2016\/10\/Challenge-Golf-300x196.jpg 300w, https:\/\/lusogolfe.com\/wp-content\/uploads\/2016\/10\/Challenge-Golf-20x13.jpg 20w\" sizes=\"auto, (max-width: 319px) 100vw, 319px\" \/><\/a><br \/>\n<\/strong><a href=\"https:\/\/lusogolfe.com\/es\/pistas-minigolf\/challenge-golf\/\"><b>Challenge Golf<\/b><\/a><\/p>\n<p style=\"text-align: left;\">El minigolf m\u00e1s popular. \u00a1Modelo homologado para competiciones nacionales e internacionales por\u00a0WMF!<\/p>\n<p>[\/vc_column_text][\/vc_column_inner][vc_column_inner width=&#8221;1\/3&#8243;][vc_column_text]<\/p>\n<p style=\"text-align: left;\"><b><a href=\"https:\/\/lusogolfe.com\/es\/pistas-minigolf\/profy-golf\/\"><img decoding=\"async\" class=\"alignnone wp-image-2314 size-full\" src=\"https:\/\/lusogolfe.com\/wp-content\/uploads\/2016\/10\/Profy-Golf.jpg\" alt=\"Profy Golf Lusogolfe\" \/><\/a><br \/>\n<a href=\"https:\/\/lusogolfe.com\/es\/pistas-minigolf\/profy-golf\/\">Profy Golf<\/a><\/b><\/p>\n<p class=\"p1\" style=\"text-align: left;\">Equipo premium m\u00e1s grande. \u00a1Modelo homologado para competiciones nacionales e internacionales por WMF!<\/p>\n<p>[\/vc_column_text][\/vc_column_inner][vc_column_inner width=&#8221;1\/3&#8243;][vc_column_text]<\/p>\n<p style=\"text-align: left;\"><b><a href=\"https:\/\/lusogolfe.com\/es\/mi-minigolf-pro\/\"><img decoding=\"async\" class=\"alignnone wp-image-3894 size-full\" src=\"https:\/\/lusogolfe.com\/wp-content\/uploads\/2018\/01\/Kit-Minigolfe.jpg\" alt=\"\" \/><\/a><br \/>\n<a href=\"https:\/\/lusogolfe.com\/es\/mi-minigolf-pro\/\">Kit \u2018MiMinigolf Pro\u2019<\/a><\/b><\/p>\n<p>Este es el primer juego de Minigolf transitable y adaptable a cualquier espacio.[\/vc_column_text][\/vc_column_inner][\/vc_row_inner][\/vc_column][\/vc_row][vc_row][vc_column column_padding=&#8221;2.5%&#8221; css=&#8221;.vc_custom_1515776965602{background-color: #f6f6f6 !important;}&#8221;][textbar title=&#8221;\u00bfTe gustar\u00eda tener un presupuesto a la medida de tu espacio?&#8221; button_title=&#8221;Solicitar presupuesto&#8221; button_link=&#8221;https:\/\/lusogolfe.com\/es\/pistas-minigolf\/presupuesto\/&#8221; icon=&#8221;steadysets-icon-arrow-right&#8221;][\/vc_column][\/vc_row]<\/p>\n<\/div>","protected":false},"excerpt":{"rendered":"<p>[vc_row][vc_column][block_title style=&#8221;column_title&#8221; inner_style=&#8221;inline_border&#8221; title=&#8221;Cuidado con las imitaciones de Minigolf&#8221;][\/block_title][vc_row_inner][vc_column_inner width=&#8221;2\/3&#8243;][vc_column_text][\/vc_column_text][\/vc_column_inner][vc_column_inner width=&#8221;1\/3&#8243;][vc_column_text] Razones principales Poca durabilidad; No resistente a las condiciones clim\u00e1ticas; Falta de soporte t\u00e9cnico especializado; Equipo no homologado para competici\u00f3n. [\/vc_column_text][vc_column_text] \u00bfPor qu\u00e9 elegir Lusogolfe? Dise\u00f1o y calidad de referencia en el mercado; +55 a\u00f1os de experiencia; Equipos preparados para Indoor &amp; Outdoor; Presente [&hellip;]<\/p>\n","protected":false},"author":2,"featured_media":0,"parent":0,"menu_order":0,"comment_status":"closed","ping_status":"closed","template":"","meta":{"content-type":"","footnotes":""},"class_list":["post-14059","page","type-page","status-publish","hentry"],"yoast_head":"<!-- This site is optimized with the Yoast SEO plugin v27.3 - https:\/\/yoast.com\/product\/yoast-seo-wordpress\/ -->\n<title>Cuidado con las imitaciones de Minigolf - Lusogolfe<\/title>\n<meta name=\"description\" content=\"Conoce nuestros equipos de Minigolf con Dise\u00f1o y Calidad de referencia en el Mercado. Descubra por qu\u00e9 eligi\u00f3 Lusogolfe como su socio para las instalaciones de Minigolf.\" \/>\n<meta name=\"robots\" content=\"index, follow, max-snippet:-1, max-image-preview:large, max-video-preview:-1\" \/>\n<link rel=\"canonical\" href=\"http:\/\/lusogolfe.com\/es\/cuidado-con-las-imitaciones-de-minigolf\/\" \/>\n<meta property=\"og:locale\" content=\"es_ES\" \/>\n<meta property=\"og:type\" content=\"article\" \/>\n<meta property=\"og:title\" content=\"Cuidado con las imitaciones de Minigolf - Lusogolfe\" \/>\n<meta property=\"og:description\" content=\"Conoce nuestros equipos de Minigolf con Dise\u00f1o y Calidad de referencia en el Mercado. Descubra por qu\u00e9 eligi\u00f3 Lusogolfe como su socio para las instalaciones de Minigolf.\" \/>\n<meta property=\"og:url\" content=\"http:\/\/lusogolfe.com\/es\/cuidado-con-las-imitaciones-de-minigolf\/\" \/>\n<meta property=\"og:site_name\" content=\"Lusogolfe\" \/>\n<meta property=\"article:publisher\" content=\"https:\/\/www.facebook.com\/lusogolfe\/\" \/>\n<meta property=\"article:modified_time\" content=\"2023-01-23T13:51:35+00:00\" \/>\n<meta property=\"og:image\" content=\"https:\/\/lusogolfe.com\/wp-content\/uploads\/2016\/10\/Easy-Golf-Lusogolfe.jpg\" \/>\n<meta name=\"twitter:card\" content=\"summary_large_image\" \/>\n<meta name=\"twitter:label1\" content=\"Tiempo de lectura\" \/>\n\t<meta name=\"twitter:data1\" content=\"3 minutos\" \/>\n<script type=\"application\/ld+json\" class=\"yoast-schema-graph\">{\"@context\":\"https:\\\/\\\/schema.org\",\"@graph\":[{\"@type\":\"WebPage\",\"@id\":\"http:\\\/\\\/lusogolfe.com\\\/es\\\/cuidado-con-las-imitaciones-de-minigolf\\\/\",\"url\":\"http:\\\/\\\/lusogolfe.com\\\/es\\\/cuidado-con-las-imitaciones-de-minigolf\\\/\",\"name\":\"Cuidado con las imitaciones de Minigolf - Lusogolfe\",\"isPartOf\":{\"@id\":\"http:\\\/\\\/lusogolfe.com\\\/#website\"},\"primaryImageOfPage\":{\"@id\":\"http:\\\/\\\/lusogolfe.com\\\/es\\\/cuidado-con-las-imitaciones-de-minigolf\\\/#primaryimage\"},\"image\":{\"@id\":\"http:\\\/\\\/lusogolfe.com\\\/es\\\/cuidado-con-las-imitaciones-de-minigolf\\\/#primaryimage\"},\"thumbnailUrl\":\"https:\\\/\\\/lusogolfe.com\\\/wp-content\\\/uploads\\\/2016\\\/10\\\/Easy-Golf-Lusogolfe.jpg\",\"datePublished\":\"2018-01-17T11:46:49+00:00\",\"dateModified\":\"2023-01-23T13:51:35+00:00\",\"description\":\"Conoce nuestros equipos de Minigolf con Dise\u00f1o y Calidad de referencia en el Mercado. Descubra por qu\u00e9 eligi\u00f3 Lusogolfe como su socio para las instalaciones de Minigolf.\",\"breadcrumb\":{\"@id\":\"http:\\\/\\\/lusogolfe.com\\\/es\\\/cuidado-con-las-imitaciones-de-minigolf\\\/#breadcrumb\"},\"inLanguage\":\"es\",\"potentialAction\":[{\"@type\":\"ReadAction\",\"target\":[\"http:\\\/\\\/lusogolfe.com\\\/es\\\/cuidado-con-las-imitaciones-de-minigolf\\\/\"]}]},{\"@type\":\"ImageObject\",\"inLanguage\":\"es\",\"@id\":\"http:\\\/\\\/lusogolfe.com\\\/es\\\/cuidado-con-las-imitaciones-de-minigolf\\\/#primaryimage\",\"url\":\"https:\\\/\\\/lusogolfe.com\\\/wp-content\\\/uploads\\\/2016\\\/10\\\/Easy-Golf-Lusogolfe.jpg\",\"contentUrl\":\"https:\\\/\\\/lusogolfe.com\\\/wp-content\\\/uploads\\\/2016\\\/10\\\/Easy-Golf-Lusogolfe.jpg\"},{\"@type\":\"BreadcrumbList\",\"@id\":\"http:\\\/\\\/lusogolfe.com\\\/es\\\/cuidado-con-las-imitaciones-de-minigolf\\\/#breadcrumb\",\"itemListElement\":[{\"@type\":\"ListItem\",\"position\":1,\"name\":\"Portada\",\"item\":\"http:\\\/\\\/lusogolfe.com\\\/es\\\/\"},{\"@type\":\"ListItem\",\"position\":2,\"name\":\"Cuidado con las imitaciones de Minigolf\"}]},{\"@type\":\"WebSite\",\"@id\":\"http:\\\/\\\/lusogolfe.com\\\/#website\",\"url\":\"http:\\\/\\\/lusogolfe.com\\\/\",\"name\":\"Lusogolfe\",\"description\":\"Everything for Minigolf\",\"publisher\":{\"@id\":\"http:\\\/\\\/lusogolfe.com\\\/#organization\"},\"potentialAction\":[{\"@type\":\"SearchAction\",\"target\":{\"@type\":\"EntryPoint\",\"urlTemplate\":\"http:\\\/\\\/lusogolfe.com\\\/?s={search_term_string}\"},\"query-input\":{\"@type\":\"PropertyValueSpecification\",\"valueRequired\":true,\"valueName\":\"search_term_string\"}}],\"inLanguage\":\"es\"},{\"@type\":\"Organization\",\"@id\":\"http:\\\/\\\/lusogolfe.com\\\/#organization\",\"name\":\"Lusogolfe\",\"url\":\"http:\\\/\\\/lusogolfe.com\\\/\",\"logo\":{\"@type\":\"ImageObject\",\"inLanguage\":\"es\",\"@id\":\"http:\\\/\\\/lusogolfe.com\\\/#\\\/schema\\\/logo\\\/image\\\/\",\"url\":\"http:\\\/\\\/lusogolfe.com\\\/wp-content\\\/uploads\\\/2023\\\/05\\\/Lusogolfe-55years.png\",\"contentUrl\":\"http:\\\/\\\/lusogolfe.com\\\/wp-content\\\/uploads\\\/2023\\\/05\\\/Lusogolfe-55years.png\",\"width\":1128,\"height\":768,\"caption\":\"Lusogolfe\"},\"image\":{\"@id\":\"http:\\\/\\\/lusogolfe.com\\\/#\\\/schema\\\/logo\\\/image\\\/\"},\"sameAs\":[\"https:\\\/\\\/www.facebook.com\\\/lusogolfe\\\/\",\"https:\\\/\\\/www.linkedin.com\\\/company\\\/lusogolfe\",\"https:\\\/\\\/www.youtube.com\\\/lusogolfe\",\"https:\\\/\\\/www.instagram.com\\\/lusogolfe\"]}]}<\/script>\n<!-- \/ Yoast SEO plugin. -->","yoast_head_json":{"title":"Cuidado con las imitaciones de Minigolf - Lusogolfe","description":"Conoce nuestros equipos de Minigolf con Dise\u00f1o y Calidad de referencia en el Mercado. Descubra por qu\u00e9 eligi\u00f3 Lusogolfe como su socio para las instalaciones de Minigolf.","robots":{"index":"index","follow":"follow","max-snippet":"max-snippet:-1","max-image-preview":"max-image-preview:large","max-video-preview":"max-video-preview:-1"},"canonical":"http:\/\/lusogolfe.com\/es\/cuidado-con-las-imitaciones-de-minigolf\/","og_locale":"es_ES","og_type":"article","og_title":"Cuidado con las imitaciones de Minigolf - Lusogolfe","og_description":"Conoce nuestros equipos de Minigolf con Dise\u00f1o y Calidad de referencia en el Mercado. Descubra por qu\u00e9 eligi\u00f3 Lusogolfe como su socio para las instalaciones de Minigolf.","og_url":"http:\/\/lusogolfe.com\/es\/cuidado-con-las-imitaciones-de-minigolf\/","og_site_name":"Lusogolfe","article_publisher":"https:\/\/www.facebook.com\/lusogolfe\/","article_modified_time":"2023-01-23T13:51:35+00:00","og_image":[{"url":"https:\/\/lusogolfe.com\/wp-content\/uploads\/2016\/10\/Easy-Golf-Lusogolfe.jpg","type":"","width":"","height":""}],"twitter_card":"summary_large_image","twitter_misc":{"Tiempo de lectura":"3 minutos"},"schema":{"@context":"https:\/\/schema.org","@graph":[{"@type":"WebPage","@id":"http:\/\/lusogolfe.com\/es\/cuidado-con-las-imitaciones-de-minigolf\/","url":"http:\/\/lusogolfe.com\/es\/cuidado-con-las-imitaciones-de-minigolf\/","name":"Cuidado con las imitaciones de Minigolf - Lusogolfe","isPartOf":{"@id":"http:\/\/lusogolfe.com\/#website"},"primaryImageOfPage":{"@id":"http:\/\/lusogolfe.com\/es\/cuidado-con-las-imitaciones-de-minigolf\/#primaryimage"},"image":{"@id":"http:\/\/lusogolfe.com\/es\/cuidado-con-las-imitaciones-de-minigolf\/#primaryimage"},"thumbnailUrl":"https:\/\/lusogolfe.com\/wp-content\/uploads\/2016\/10\/Easy-Golf-Lusogolfe.jpg","datePublished":"2018-01-17T11:46:49+00:00","dateModified":"2023-01-23T13:51:35+00:00","description":"Conoce nuestros equipos de Minigolf con Dise\u00f1o y Calidad de referencia en el Mercado. Descubra por qu\u00e9 eligi\u00f3 Lusogolfe como su socio para las instalaciones de Minigolf.","breadcrumb":{"@id":"http:\/\/lusogolfe.com\/es\/cuidado-con-las-imitaciones-de-minigolf\/#breadcrumb"},"inLanguage":"es","potentialAction":[{"@type":"ReadAction","target":["http:\/\/lusogolfe.com\/es\/cuidado-con-las-imitaciones-de-minigolf\/"]}]},{"@type":"ImageObject","inLanguage":"es","@id":"http:\/\/lusogolfe.com\/es\/cuidado-con-las-imitaciones-de-minigolf\/#primaryimage","url":"https:\/\/lusogolfe.com\/wp-content\/uploads\/2016\/10\/Easy-Golf-Lusogolfe.jpg","contentUrl":"https:\/\/lusogolfe.com\/wp-content\/uploads\/2016\/10\/Easy-Golf-Lusogolfe.jpg"},{"@type":"BreadcrumbList","@id":"http:\/\/lusogolfe.com\/es\/cuidado-con-las-imitaciones-de-minigolf\/#breadcrumb","itemListElement":[{"@type":"ListItem","position":1,"name":"Portada","item":"http:\/\/lusogolfe.com\/es\/"},{"@type":"ListItem","position":2,"name":"Cuidado con las imitaciones de Minigolf"}]},{"@type":"WebSite","@id":"http:\/\/lusogolfe.com\/#website","url":"http:\/\/lusogolfe.com\/","name":"Lusogolfe","description":"Everything for Minigolf","publisher":{"@id":"http:\/\/lusogolfe.com\/#organization"},"potentialAction":[{"@type":"SearchAction","target":{"@type":"EntryPoint","urlTemplate":"http:\/\/lusogolfe.com\/?s={search_term_string}"},"query-input":{"@type":"PropertyValueSpecification","valueRequired":true,"valueName":"search_term_string"}}],"inLanguage":"es"},{"@type":"Organization","@id":"http:\/\/lusogolfe.com\/#organization","name":"Lusogolfe","url":"http:\/\/lusogolfe.com\/","logo":{"@type":"ImageObject","inLanguage":"es","@id":"http:\/\/lusogolfe.com\/#\/schema\/logo\/image\/","url":"http:\/\/lusogolfe.com\/wp-content\/uploads\/2023\/05\/Lusogolfe-55years.png","contentUrl":"http:\/\/lusogolfe.com\/wp-content\/uploads\/2023\/05\/Lusogolfe-55years.png","width":1128,"height":768,"caption":"Lusogolfe"},"image":{"@id":"http:\/\/lusogolfe.com\/#\/schema\/logo\/image\/"},"sameAs":["https:\/\/www.facebook.com\/lusogolfe\/","https:\/\/www.linkedin.com\/company\/lusogolfe","https:\/\/www.youtube.com\/lusogolfe","https:\/\/www.instagram.com\/lusogolfe"]}]}},"_links":{"self":[{"href":"https:\/\/lusogolfe.com\/es\/wp-json\/wp\/v2\/pages\/14059","targetHints":{"allow":["GET"]}}],"collection":[{"href":"https:\/\/lusogolfe.com\/es\/wp-json\/wp\/v2\/pages"}],"about":[{"href":"https:\/\/lusogolfe.com\/es\/wp-json\/wp\/v2\/types\/page"}],"author":[{"embeddable":true,"href":"https:\/\/lusogolfe.com\/es\/wp-json\/wp\/v2\/users\/2"}],"replies":[{"embeddable":true,"href":"https:\/\/lusogolfe.com\/es\/wp-json\/wp\/v2\/comments?post=14059"}],"version-history":[{"count":4,"href":"https:\/\/lusogolfe.com\/es\/wp-json\/wp\/v2\/pages\/14059\/revisions"}],"predecessor-version":[{"id":14078,"href":"https:\/\/lusogolfe.com\/es\/wp-json\/wp\/v2\/pages\/14059\/revisions\/14078"}],"wp:attachment":[{"href":"https:\/\/lusogolfe.com\/es\/wp-json\/wp\/v2\/media?parent=14059"}],"curies":[{"name":"wp","href":"https:\/\/api.w.org\/{rel}","templated":true}]}}