{"id":12886,"date":"2018-08-13T15:49:38","date_gmt":"2018-08-13T15:49:38","guid":{"rendered":"https:\/\/lusogolfe.com\/easy-golf-basic\/"},"modified":"2024-07-26T09:32:46","modified_gmt":"2024-07-26T09:32:46","slug":"easy-golf-basic","status":"publish","type":"page","link":"https:\/\/lusogolfe.com\/es\/easy-golf-basic\/","title":{"rendered":"Easy Golf Basic"},"content":{"rendered":"<div class=\"wpb-content-wrapper\"><p>[vc_row][vc_column width=&#8221;2\/3&#8243;][vc_column_text css=&#8221;.vc_custom_1646664388031{margin-bottom: 10px !important;border-bottom-width: 10px !important;padding-bottom: 10px !important;}&#8221;]<\/p>\n<h1><span style=\"color: black; font-size: 24px; font-weight: bold;\">EASY GOLF BASIC<\/span><\/h1>\n<h2>La combinaci\u00f3n m\u00e1s divertida<\/h2>\n<p>[\/vc_column_text][vc_gallery interval=&#8221;3&#8243; images=&#8221;8722,8726,8730,8734&#8243; img_size=&#8221;full&#8221; css=&#8221;.vc_custom_1587037221941{margin-bottom: 0px !important;}&#8221;][vc_column_text css=&#8221;.vc_custom_1646664410397{margin-top: -55px !important;}&#8221;]Click en la imagen para ver m\u00e1s fotos.[\/vc_column_text][block_title style=&#8221;column_title&#8221; inner_style=&#8221;inline_border&#8221; title=&#8221;Especificaciones tecnicas&#8221;][\/block_title][vc_column_text]<strong>PISTA DE MINIGOLF<\/strong><\/p>\n<p style=\"text-align: left;\"><strong>Materiales:<\/strong> Tubo cuadrado y rectangular y acero laminado<\/p>\n<p style=\"text-align: left;\"><strong>Superficie de juego:<\/strong> Revestida con c\u00e9sped sint\u00e9tico<\/p>\n<p><strong>Protecci\u00f3n y pintura:\u00a0<\/strong>Tratamiento por galvanizaci\u00f3n a color gris sin lacado, y tratamiento por metalizaci\u00f3n con lacado a color.<\/p>\n<p><strong>Obst\u00e1culos:\u00a0<\/strong>En fibra de vidrio y acero laminado<\/p>\n<p><strong>Medidas:<\/strong>\u00a0Longitud 3.33m | Ancho: 0.59m | C\u00edrculo: 0.935m<\/p>\n<p><strong>Accesorios:<\/strong> Palos y bolas no incluidos.<\/p>\n<p><strong><br \/>\n&#8216;MIMINIGOLF PRO&#8217;<\/strong><\/p>\n<p><strong>Contiene:<\/strong> 13 obst\u00e1culos + Bolsa de transporte<\/p>\n<p>Lusogolfe destaca:<\/p>\n<ul>\n<li>Port\u00e1til y adaptable a cualquier nivel competitivo<\/li>\n<li>Para exterior o interior, y en diversas superficies.<\/li>\n<li>Puede ser jugado por personas de todas las edades.<\/li>\n<li>Se puede practicar en grupo o individualmente, ideal para d\u00edas de lluvia.<\/li>\n<li>Material resistente en ABS.<\/li>\n<\/ul>\n<p>Este es el primer juego de Minigolf transitable y adaptable a cualquier espacio.<\/p>\n<p>Es indicado para ni\u00f1os de todas las edades como actividad al aire libre o en cualquier espacio interior. Se recomienda su uso para actividades escolares y juegos sociales, as\u00ed como actividades corporativas para relajar y promover la convivencia y la competencia sana.[\/vc_column_text][vc_column_text]<iframe loading=\"lazy\" title=\"YouTube video player\" src=\"https:\/\/www.youtube.com\/embed\/MPc0zQ1noXM\" width=\"560\" height=\"315\" frameborder=\"0\" allowfullscreen=\"allowfullscreen\"><\/iframe>[\/vc_column_text][\/vc_column][vc_column width=&#8221;1\/3&#8243;][vc_column_text css=&#8221;.vc_custom_1646664474706{margin-bottom: 10px !important;border-bottom-width: 10px !important;padding-bottom: 10px !important;}&#8221;]<\/p>\n<h1><span style=\"color: black; font-size: 24px; font-weight: bold;\">DETALLES<\/span><\/h1>\n<h2>M\u00e1s informaci\u00f3n<\/h2>\n<p>[\/vc_column_text][vc_column_text css=&#8221;.vc_custom_1721986365040{margin-bottom: 10px !important;border-bottom-width: 10px !important;padding-bottom: 10px !important;}&#8221;]<\/p>\n<ul>\n<li style=\"text-align: left;\">Pista de Minigolf + Kit &#8216;MiMinigolf Pro&#8217;<\/li>\n<li style=\"text-align: left;\">Listo para interior y exterior<\/li>\n<li style=\"text-align: left;\">F\u00e1cilmente transportable &#8211; <strong>Dividido en dos secciones<\/strong><\/li>\n<li style=\"text-align: left;\">Puede ser jugado por personas de todas las edades<\/li>\n<li style=\"text-align: left;\">Se puede jugar en grupos o individualmente<\/li>\n<\/ul>\n<p>[\/vc_column_text][vc_empty_space height=&#8221;20px&#8221;][vc_column_text css=&#8221;.vc_custom_1675354075711{margin-bottom: 10px !important;border-bottom-width: 10px !important;padding-bottom: 10px !important;}&#8221;]<\/p>\n<h1><span style=\"color: black; font-size: 24px; font-weight: bold;\">\u00bfLE GUSTAR\u00cdA SABER M\u00c1S?<\/span><\/h1>\n<p><script charset=\"utf-8\" type=\"text\/javascript\" src=\"\/\/js.hsforms.net\/forms\/embed\/v2.js\"><\/script><br \/>\n<script>\n  hbspt.forms.create({\n    region: \"na1\",\n    portalId: \"19939676\",\n    formId: \"fb3cf4e2-8acb-4644-82f2-88ccfe83c93a\"\n  });\n<\/script>[\/vc_column_text][vc_column_text css=&#8221;.vc_custom_1646665227471{margin-bottom: 10px !important;border-bottom-width: 10px !important;padding-bottom: 10px !important;}&#8221;]<\/p>\n<h1><span style=\"color: black; font-size: 24px; font-weight: bold;\">M\u00c1S FOTOS<\/span><\/h1>\n<p>[\/vc_column_text][vc_gallery type=&#8221;flexslider_slide&#8221; interval=&#8221;3&#8243; images=&#8221;4009,4010,4012,4011&#8243; img_size=&#8221;full&#8221; css=&#8221;.vc_custom_1515669611556{margin-bottom: -40px !important;border-bottom-width: -40px !important;padding-bottom: -40px !important;}&#8221;][\/vc_column][\/vc_row][vc_row][vc_column][separator width=&#8221;100%&#8221; height=&#8221;1px&#8221; color=&#8221;#e1e1e1&#8243;][\/vc_column][\/vc_row][vc_row][vc_column][testimonial_carousel test_cat=&#8221;47&#8243; duration=&#8221;1000&#8243;][\/vc_column][\/vc_row]<\/p>\n<\/div>","protected":false},"excerpt":{"rendered":"<p>[vc_row][vc_column width=&#8221;2\/3&#8243;][vc_column_text css=&#8221;.vc_custom_1646664388031{margin-bottom: 10px !important;border-bottom-width: 10px !important;padding-bottom: 10px !important;}&#8221;] EASY GOLF BASIC La combinaci\u00f3n m\u00e1s divertida [\/vc_column_text][vc_gallery interval=&#8221;3&#8243; images=&#8221;8722,8726,8730,8734&#8243; img_size=&#8221;full&#8221; css=&#8221;.vc_custom_1587037221941{margin-bottom: 0px !important;}&#8221;][vc_column_text css=&#8221;.vc_custom_1646664410397{margin-top: -55px !important;}&#8221;]Click en la imagen para ver m\u00e1s fotos.[\/vc_column_text][block_title style=&#8221;column_title&#8221; inner_style=&#8221;inline_border&#8221; title=&#8221;Especificaciones tecnicas&#8221;][\/block_title][vc_column_text]PISTA DE MINIGOLF Materiales: Tubo cuadrado y rectangular y acero laminado Superficie de juego: Revestida con c\u00e9sped sint\u00e9tico Protecci\u00f3n [&hellip;]<\/p>\n","protected":false},"author":2,"featured_media":7819,"parent":0,"menu_order":0,"comment_status":"closed","ping_status":"closed","template":"","meta":{"content-type":"","footnotes":""},"class_list":["post-12886","page","type-page","status-publish","has-post-thumbnail","hentry"],"yoast_head":"<!-- This site is optimized with the Yoast SEO plugin v27.3 - https:\/\/yoast.com\/product\/yoast-seo-wordpress\/ -->\n<title>Easy Golf Basic | Pista de Minigolf + Kit &#039;MiMinigolf Pro&#039;<\/title>\n<meta name=\"description\" content=\"Para interior y exterior. Resistente al clima. Vers\u00e1til y din\u00e1mico. F\u00e1cilmente transportable. Hacemos env\u00edos a todo el pa\u00eds.\" \/>\n<meta name=\"robots\" content=\"index, follow, max-snippet:-1, max-image-preview:large, max-video-preview:-1\" \/>\n<link rel=\"canonical\" href=\"http:\/\/lusogolfe.com\/es\/easy-golf-basic\/\" \/>\n<meta property=\"og:locale\" content=\"es_ES\" \/>\n<meta property=\"og:type\" content=\"article\" \/>\n<meta property=\"og:title\" content=\"Easy Golf Basic | Pista de Minigolf + Kit &#039;MiMinigolf Pro&#039;\" \/>\n<meta property=\"og:description\" content=\"Para interior y exterior. Resistente al clima. Vers\u00e1til y din\u00e1mico. F\u00e1cilmente transportable. Hacemos env\u00edos a todo el pa\u00eds.\" \/>\n<meta property=\"og:url\" content=\"http:\/\/lusogolfe.com\/es\/easy-golf-basic\/\" \/>\n<meta property=\"og:site_name\" content=\"Lusogolfe\" \/>\n<meta property=\"article:publisher\" content=\"https:\/\/www.facebook.com\/lusogolfe\/\" \/>\n<meta property=\"article:modified_time\" content=\"2024-07-26T09:32:46+00:00\" \/>\n<meta property=\"og:image\" content=\"http:\/\/lusogolfe.com\/wp-content\/uploads\/2018\/01\/Img2.jpg\" \/>\n\t<meta property=\"og:image:width\" content=\"1\" \/>\n\t<meta property=\"og:image:height\" content=\"1\" \/>\n\t<meta property=\"og:image:type\" content=\"image\/jpeg\" \/>\n<meta name=\"twitter:card\" content=\"summary_large_image\" \/>\n<meta name=\"twitter:label1\" content=\"Tiempo de lectura\" \/>\n\t<meta name=\"twitter:data1\" content=\"2 minutos\" \/>\n<script type=\"application\/ld+json\" class=\"yoast-schema-graph\">{\"@context\":\"https:\\\/\\\/schema.org\",\"@graph\":[{\"@type\":\"WebPage\",\"@id\":\"http:\\\/\\\/lusogolfe.com\\\/es\\\/easy-golf-basic\\\/\",\"url\":\"http:\\\/\\\/lusogolfe.com\\\/es\\\/easy-golf-basic\\\/\",\"name\":\"Easy Golf Basic | Pista de Minigolf + Kit 'MiMinigolf Pro'\",\"isPartOf\":{\"@id\":\"http:\\\/\\\/lusogolfe.com\\\/#website\"},\"primaryImageOfPage\":{\"@id\":\"http:\\\/\\\/lusogolfe.com\\\/es\\\/easy-golf-basic\\\/#primaryimage\"},\"image\":{\"@id\":\"http:\\\/\\\/lusogolfe.com\\\/es\\\/easy-golf-basic\\\/#primaryimage\"},\"thumbnailUrl\":\"https:\\\/\\\/lusogolfe.com\\\/wp-content\\\/uploads\\\/2018\\\/01\\\/Img2.jpg\",\"datePublished\":\"2018-08-13T15:49:38+00:00\",\"dateModified\":\"2024-07-26T09:32:46+00:00\",\"description\":\"Para interior y exterior. Resistente al clima. Vers\u00e1til y din\u00e1mico. F\u00e1cilmente transportable. Hacemos env\u00edos a todo el pa\u00eds.\",\"breadcrumb\":{\"@id\":\"http:\\\/\\\/lusogolfe.com\\\/es\\\/easy-golf-basic\\\/#breadcrumb\"},\"inLanguage\":\"es\",\"potentialAction\":[{\"@type\":\"ReadAction\",\"target\":[\"http:\\\/\\\/lusogolfe.com\\\/es\\\/easy-golf-basic\\\/\"]}]},{\"@type\":\"ImageObject\",\"inLanguage\":\"es\",\"@id\":\"http:\\\/\\\/lusogolfe.com\\\/es\\\/easy-golf-basic\\\/#primaryimage\",\"url\":\"https:\\\/\\\/lusogolfe.com\\\/wp-content\\\/uploads\\\/2018\\\/01\\\/Img2.jpg\",\"contentUrl\":\"https:\\\/\\\/lusogolfe.com\\\/wp-content\\\/uploads\\\/2018\\\/01\\\/Img2.jpg\"},{\"@type\":\"BreadcrumbList\",\"@id\":\"http:\\\/\\\/lusogolfe.com\\\/es\\\/easy-golf-basic\\\/#breadcrumb\",\"itemListElement\":[{\"@type\":\"ListItem\",\"position\":1,\"name\":\"Portada\",\"item\":\"http:\\\/\\\/lusogolfe.com\\\/es\\\/\"},{\"@type\":\"ListItem\",\"position\":2,\"name\":\"Easy Golf Basic\"}]},{\"@type\":\"WebSite\",\"@id\":\"http:\\\/\\\/lusogolfe.com\\\/#website\",\"url\":\"http:\\\/\\\/lusogolfe.com\\\/\",\"name\":\"Lusogolfe\",\"description\":\"Everything for Minigolf\",\"publisher\":{\"@id\":\"http:\\\/\\\/lusogolfe.com\\\/#organization\"},\"potentialAction\":[{\"@type\":\"SearchAction\",\"target\":{\"@type\":\"EntryPoint\",\"urlTemplate\":\"http:\\\/\\\/lusogolfe.com\\\/?s={search_term_string}\"},\"query-input\":{\"@type\":\"PropertyValueSpecification\",\"valueRequired\":true,\"valueName\":\"search_term_string\"}}],\"inLanguage\":\"es\"},{\"@type\":\"Organization\",\"@id\":\"http:\\\/\\\/lusogolfe.com\\\/#organization\",\"name\":\"Lusogolfe\",\"url\":\"http:\\\/\\\/lusogolfe.com\\\/\",\"logo\":{\"@type\":\"ImageObject\",\"inLanguage\":\"es\",\"@id\":\"http:\\\/\\\/lusogolfe.com\\\/#\\\/schema\\\/logo\\\/image\\\/\",\"url\":\"http:\\\/\\\/lusogolfe.com\\\/wp-content\\\/uploads\\\/2023\\\/05\\\/Lusogolfe-55years.png\",\"contentUrl\":\"http:\\\/\\\/lusogolfe.com\\\/wp-content\\\/uploads\\\/2023\\\/05\\\/Lusogolfe-55years.png\",\"width\":1128,\"height\":768,\"caption\":\"Lusogolfe\"},\"image\":{\"@id\":\"http:\\\/\\\/lusogolfe.com\\\/#\\\/schema\\\/logo\\\/image\\\/\"},\"sameAs\":[\"https:\\\/\\\/www.facebook.com\\\/lusogolfe\\\/\",\"https:\\\/\\\/www.linkedin.com\\\/company\\\/lusogolfe\",\"https:\\\/\\\/www.youtube.com\\\/lusogolfe\",\"https:\\\/\\\/www.instagram.com\\\/lusogolfe\"]}]}<\/script>\n<!-- \/ Yoast SEO plugin. -->","yoast_head_json":{"title":"Easy Golf Basic | Pista de Minigolf + Kit 'MiMinigolf Pro'","description":"Para interior y exterior. Resistente al clima. Vers\u00e1til y din\u00e1mico. F\u00e1cilmente transportable. Hacemos env\u00edos a todo el pa\u00eds.","robots":{"index":"index","follow":"follow","max-snippet":"max-snippet:-1","max-image-preview":"max-image-preview:large","max-video-preview":"max-video-preview:-1"},"canonical":"http:\/\/lusogolfe.com\/es\/easy-golf-basic\/","og_locale":"es_ES","og_type":"article","og_title":"Easy Golf Basic | Pista de Minigolf + Kit 'MiMinigolf Pro'","og_description":"Para interior y exterior. Resistente al clima. Vers\u00e1til y din\u00e1mico. F\u00e1cilmente transportable. Hacemos env\u00edos a todo el pa\u00eds.","og_url":"http:\/\/lusogolfe.com\/es\/easy-golf-basic\/","og_site_name":"Lusogolfe","article_publisher":"https:\/\/www.facebook.com\/lusogolfe\/","article_modified_time":"2024-07-26T09:32:46+00:00","og_image":[{"url":"http:\/\/lusogolfe.com\/wp-content\/uploads\/2018\/01\/Img2.jpg","width":1,"height":1,"type":"image\/jpeg"}],"twitter_card":"summary_large_image","twitter_misc":{"Tiempo de lectura":"2 minutos"},"schema":{"@context":"https:\/\/schema.org","@graph":[{"@type":"WebPage","@id":"http:\/\/lusogolfe.com\/es\/easy-golf-basic\/","url":"http:\/\/lusogolfe.com\/es\/easy-golf-basic\/","name":"Easy Golf Basic | Pista de Minigolf + Kit 'MiMinigolf Pro'","isPartOf":{"@id":"http:\/\/lusogolfe.com\/#website"},"primaryImageOfPage":{"@id":"http:\/\/lusogolfe.com\/es\/easy-golf-basic\/#primaryimage"},"image":{"@id":"http:\/\/lusogolfe.com\/es\/easy-golf-basic\/#primaryimage"},"thumbnailUrl":"https:\/\/lusogolfe.com\/wp-content\/uploads\/2018\/01\/Img2.jpg","datePublished":"2018-08-13T15:49:38+00:00","dateModified":"2024-07-26T09:32:46+00:00","description":"Para interior y exterior. Resistente al clima. Vers\u00e1til y din\u00e1mico. F\u00e1cilmente transportable. Hacemos env\u00edos a todo el pa\u00eds.","breadcrumb":{"@id":"http:\/\/lusogolfe.com\/es\/easy-golf-basic\/#breadcrumb"},"inLanguage":"es","potentialAction":[{"@type":"ReadAction","target":["http:\/\/lusogolfe.com\/es\/easy-golf-basic\/"]}]},{"@type":"ImageObject","inLanguage":"es","@id":"http:\/\/lusogolfe.com\/es\/easy-golf-basic\/#primaryimage","url":"https:\/\/lusogolfe.com\/wp-content\/uploads\/2018\/01\/Img2.jpg","contentUrl":"https:\/\/lusogolfe.com\/wp-content\/uploads\/2018\/01\/Img2.jpg"},{"@type":"BreadcrumbList","@id":"http:\/\/lusogolfe.com\/es\/easy-golf-basic\/#breadcrumb","itemListElement":[{"@type":"ListItem","position":1,"name":"Portada","item":"http:\/\/lusogolfe.com\/es\/"},{"@type":"ListItem","position":2,"name":"Easy Golf Basic"}]},{"@type":"WebSite","@id":"http:\/\/lusogolfe.com\/#website","url":"http:\/\/lusogolfe.com\/","name":"Lusogolfe","description":"Everything for Minigolf","publisher":{"@id":"http:\/\/lusogolfe.com\/#organization"},"potentialAction":[{"@type":"SearchAction","target":{"@type":"EntryPoint","urlTemplate":"http:\/\/lusogolfe.com\/?s={search_term_string}"},"query-input":{"@type":"PropertyValueSpecification","valueRequired":true,"valueName":"search_term_string"}}],"inLanguage":"es"},{"@type":"Organization","@id":"http:\/\/lusogolfe.com\/#organization","name":"Lusogolfe","url":"http:\/\/lusogolfe.com\/","logo":{"@type":"ImageObject","inLanguage":"es","@id":"http:\/\/lusogolfe.com\/#\/schema\/logo\/image\/","url":"http:\/\/lusogolfe.com\/wp-content\/uploads\/2023\/05\/Lusogolfe-55years.png","contentUrl":"http:\/\/lusogolfe.com\/wp-content\/uploads\/2023\/05\/Lusogolfe-55years.png","width":1128,"height":768,"caption":"Lusogolfe"},"image":{"@id":"http:\/\/lusogolfe.com\/#\/schema\/logo\/image\/"},"sameAs":["https:\/\/www.facebook.com\/lusogolfe\/","https:\/\/www.linkedin.com\/company\/lusogolfe","https:\/\/www.youtube.com\/lusogolfe","https:\/\/www.instagram.com\/lusogolfe"]}]}},"_links":{"self":[{"href":"https:\/\/lusogolfe.com\/es\/wp-json\/wp\/v2\/pages\/12886","targetHints":{"allow":["GET"]}}],"collection":[{"href":"https:\/\/lusogolfe.com\/es\/wp-json\/wp\/v2\/pages"}],"about":[{"href":"https:\/\/lusogolfe.com\/es\/wp-json\/wp\/v2\/types\/page"}],"author":[{"embeddable":true,"href":"https:\/\/lusogolfe.com\/es\/wp-json\/wp\/v2\/users\/2"}],"replies":[{"embeddable":true,"href":"https:\/\/lusogolfe.com\/es\/wp-json\/wp\/v2\/comments?post=12886"}],"version-history":[{"count":14,"href":"https:\/\/lusogolfe.com\/es\/wp-json\/wp\/v2\/pages\/12886\/revisions"}],"predecessor-version":[{"id":16322,"href":"https:\/\/lusogolfe.com\/es\/wp-json\/wp\/v2\/pages\/12886\/revisions\/16322"}],"wp:featuredmedia":[{"embeddable":true,"href":"https:\/\/lusogolfe.com\/es\/wp-json\/wp\/v2\/media\/7819"}],"wp:attachment":[{"href":"https:\/\/lusogolfe.com\/es\/wp-json\/wp\/v2\/media?parent=12886"}],"curies":[{"name":"wp","href":"https:\/\/api.w.org\/{rel}","templated":true}]}}