{"id":14493,"date":"2023-04-24T15:49:24","date_gmt":"2023-04-24T15:49:24","guid":{"rendered":"https:\/\/lusogolfe.com\/?page_id=14493"},"modified":"2023-05-02T16:05:31","modified_gmt":"2023-05-02T16:05:31","slug":"double-the-fun-for-half-the-price","status":"publish","type":"page","link":"https:\/\/lusogolfe.com\/en\/double-the-fun-for-half-the-price\/","title":{"rendered":"9=18 | Double the fun for half the price"},"content":{"rendered":"<div class=\"wpb-content-wrapper\"><p>[vc_row type=&#8221;full_width_background&#8221; bg_color=&#8221;#ffffff&#8221; el_id=&#8221;offer&#8221;][vc_column][vc_column_text]<\/p>\n<p style=\"text-align: center;\"><span style=\"font-size: 25px; color: #000; font-weight: normal; line-height: 23px;\">9=18 | 9 Easy Golf + 9 Smart Golf<\/span><\/p>\n<p style=\"text-align: center;\"><span style=\"font-size: 50px; color: #000; font-weight: bold; line-height: 48px;\">50% off<\/span><\/p>\n<p>[\/vc_column_text][vc_gallery type=&#8221;nivo&#8221; interval=&#8221;5&#8243; images=&#8221;14560,14565,14570,14575,14580,14585,14590,14595,14600,14605,14610,14615,14620,14625,14630&#8243; img_size=&#8221;full&#8221;][vc_empty_space height=&#8221;30px&#8221;][media link=&#8221;&#8221; image=&#8221;14638&#8243;][vc_row_inner][vc_column_inner width=&#8221;1\/2&#8243;][vc_column_text]<\/p>\n<h3>Description<\/h3>\n<ul>\n<li>Transportable<\/li>\n<li>Easy to install<\/li>\n<li>Reduced maintenance<\/li>\n<li>Attractive and fun obstacles<\/li>\n<\/ul>\n<p>[\/vc_column_text][vc_column_text]<\/p>\n<h3>Technical specifications<\/h3>\n<ul>\n<li><strong>Materials:<\/strong>\u00a0Square and rectangular tube and laminated steel<\/li>\n<li><strong>Playing surface:<\/strong>\u00a0Cement plate coated with synthetic turf<\/li>\n<li><strong>Protection and painting:<\/strong>\u00a0Treatment by galvanizing to gray color without lacquering, and treatment by metallization with color lacquering.<\/li>\n<li><strong>Obstacles:<\/strong>\u00a0In Fiberglass and Laminated Steel<\/li>\n<\/ul>\n<p>[\/vc_column_text][\/vc_column_inner][vc_column_inner width=&#8221;1\/2&#8243;][vc_column_text]<\/p>\n<h3>Measures of Minigolf lanes<\/h3>\n<p>[\/vc_column_text][media image=&#8221;14549&#8243;][\/vc_column_inner][\/vc_row_inner][vc_btn title=&#8221;More info&#8221; shape=&#8221;round&#8221; color=&#8221;warning&#8221; size=&#8221;lg&#8221; align=&#8221;center&#8221; link=&#8221;url:%23form&#8221;][\/vc_column][\/vc_row][vc_row type=&#8221;full_width_background&#8221; bg_color=&#8221;#f4f4f4&#8243; bottom_padding=&#8221;60&#8243;][vc_column][vc_column_text]<\/p>\n<p style=\"text-align: center;\"><span style=\"font-size: 25px; color: #000; font-weight: normal; line-height: 23px;\">From 3 to 93 all play Minigolf<\/span><\/p>\n<p style=\"text-align: center;\"><span style=\"font-size: 50px; color: #000; font-weight: bold; line-height: 48px;\">Minigolf benefits<\/span><\/p>\n<p>[\/vc_column_text][vc_empty_space height=&#8221;30px&#8221;][vc_row_inner][vc_column_inner width=&#8221;1\/2&#8243;][media image=&#8221;13842&#8243;][vc_empty_space height=&#8221;30px&#8221;][\/vc_column_inner][vc_column_inner width=&#8221;1\/4&#8243;][services_medium title=&#8221;No prior experience required, everyone can play&#8221; icon=&#8221;steadysets-icon-checkmark&#8221; icon_color=&#8221;#f7b806&#8243; circle_color=&#8221;#ffffff&#8221; border_color=&#8221;#f7b806&#8243; dynamic_content_link=&#8221;&#8221;][\/services_medium][vc_empty_space height=&#8221;40px&#8221;][services_medium title=&#8221;Can be installed both indoors and outdoors&#8221; icon=&#8221;steadysets-icon-home&#8221; icon_color=&#8221;#f7b806&#8243; circle_color=&#8221;#ffffff&#8221; border_color=&#8221;#f7b806&#8243; dynamic_content_link=&#8221;&#8221;][\/services_medium][vc_empty_space height=&#8221;40px&#8221;][\/vc_column_inner][vc_column_inner width=&#8221;1\/4&#8243;][services_medium title=&#8221;Promotes the sharing of happy moments&#8221; icon=&#8221;steadysets-icon-users&#8221; icon_color=&#8221;#f7b806&#8243; circle_color=&#8221;#ffffff&#8221; border_color=&#8221;#f7b806&#8243; dynamic_content_link=&#8221;&#8221;][\/services_medium][vc_empty_space height=&#8221;40px&#8221;][services_medium title=&#8221;Stimulates healthy competition, focus and concentration&#8221; icon=&#8221;moon-target-2&#8243; icon_color=&#8221;#f7b806&#8243; circle_color=&#8221;#ffffff&#8221; border_color=&#8221;#f7b806&#8243; dynamic_content_link=&#8221;&#8221;][\/services_medium][\/vc_column_inner][\/vc_row_inner][vc_btn title=&#8221;More info&#8221; shape=&#8221;round&#8221; color=&#8221;warning&#8221; size=&#8221;lg&#8221; align=&#8221;center&#8221; link=&#8221;url:%23form&#8221;][\/vc_column][\/vc_row][vc_row top_padding=&#8221;60&#8243;][vc_column][vc_column_text]<\/p>\n<p style=\"text-align: center;\"><span style=\"font-size: 50px; color: #000; font-weight: bold; line-height: 48px;\">FAQ&#8217;s<\/span><\/p>\n<p>[\/vc_column_text][vc_row_inner][vc_column_inner width=&#8221;1\/2&#8243;][faq style=&#8221;style_3&#8243; faq_cat=&#8221;0&#8243;][\/vc_column_inner][vc_column_inner width=&#8221;1\/2&#8243;][media link=&#8221;&#8221; image=&#8221;13837&#8243;][\/vc_column_inner][\/vc_row_inner][\/vc_column][\/vc_row][vc_row type=&#8221;full_width_background&#8221; bg_color=&#8221;#f4f4f4&#8243; el_id=&#8221;form&#8221;][vc_column width=&#8221;1\/6&#8243;][\/vc_column][vc_column width=&#8221;2\/3&#8243;][vc_column_text]<\/p>\n<p style=\"text-align: center;\"><span style=\"font-size: 50px; color: #000; font-weight: bold; line-height: 48px;\">Would you like to know more?<\/span><\/p>\n<p>[\/vc_column_text][vc_column_text]<script charset=\"utf-8\" type=\"text\/javascript\" src=\"\/\/js.hsforms.net\/forms\/embed\/v2.js\"><\/script><br \/>\n<script>\n  hbspt.forms.create({\n    region: \"na1\",\n    portalId: \"19939676\",\n    formId: \"f1f0ed5f-8678-40ed-a325-babffe07f80c\"\n  });\n<\/script>[\/vc_column_text][\/vc_column][vc_column width=&#8221;1\/6&#8243;][\/vc_column][\/vc_row]<\/p>\n<\/div>","protected":false},"excerpt":{"rendered":"<p>[vc_row type=&#8221;full_width_background&#8221; bg_color=&#8221;#ffffff&#8221; el_id=&#8221;offer&#8221;][vc_column][vc_column_text] 9=18 | 9 Easy Golf + 9 Smart Golf 50% off [\/vc_column_text][vc_gallery type=&#8221;nivo&#8221; interval=&#8221;5&#8243; images=&#8221;14560,14565,14570,14575,14580,14585,14590,14595,14600,14605,14610,14615,14620,14625,14630&#8243; img_size=&#8221;full&#8221;][vc_empty_space height=&#8221;30px&#8221;][media link=&#8221;&#8221; image=&#8221;14638&#8243;][vc_row_inner][vc_column_inner width=&#8221;1\/2&#8243;][vc_column_text] Description Transportable Easy to install Reduced maintenance Attractive and fun obstacles [\/vc_column_text][vc_column_text] Technical specifications Materials:\u00a0Square and rectangular tube and laminated steel Playing surface:\u00a0Cement plate coated with synthetic turf Protection and painting:\u00a0Treatment [&hellip;]<\/p>\n","protected":false},"author":2,"featured_media":14747,"parent":0,"menu_order":0,"comment_status":"closed","ping_status":"closed","template":"","meta":{"content-type":"","footnotes":""},"class_list":["post-14493","page","type-page","status-publish","has-post-thumbnail","hentry"],"yoast_head":"<!-- This site is optimized with the Yoast SEO plugin v27.3 - https:\/\/yoast.com\/product\/yoast-seo-wordpress\/ -->\n<title>9=18 | Double the fun for half the price<\/title>\n<meta name=\"description\" content=\"50% off in a Minigolf lanes selection.\" \/>\n<meta name=\"robots\" content=\"noindex, nofollow\" \/>\n<meta property=\"og:locale\" content=\"en_US\" \/>\n<meta property=\"og:type\" content=\"article\" \/>\n<meta property=\"og:title\" content=\"Ano novo, novas oportunidades | At\u00e9 -50% de desconto\" \/>\n<meta property=\"og:description\" content=\"At\u00e9 50% de desconto numa sele\u00e7\u00e3o de equipamentos de Minigolfe.\" \/>\n<meta property=\"og:url\" content=\"https:\/\/lusogolfe.com\/en\/double-the-fun-for-half-the-price\/\" \/>\n<meta property=\"og:site_name\" content=\"Lusogolfe\" \/>\n<meta property=\"article:publisher\" content=\"https:\/\/www.facebook.com\/lusogolfe\/\" \/>\n<meta property=\"article:modified_time\" content=\"2023-05-02T16:05:31+00:00\" \/>\n<meta property=\"og:image\" content=\"https:\/\/lusogolfe.com\/wp-content\/uploads\/2023\/01\/POR-Cover.jpg\" \/>\n\t<meta property=\"og:image:width\" content=\"1200\" \/>\n\t<meta property=\"og:image:height\" content=\"629\" \/>\n\t<meta property=\"og:image:type\" content=\"image\/jpeg\" \/>\n<meta name=\"twitter:card\" content=\"summary_large_image\" \/>\n<meta name=\"twitter:label1\" content=\"Est. reading time\" \/>\n\t<meta name=\"twitter:data1\" content=\"2 minutes\" \/>\n<script type=\"application\/ld+json\" class=\"yoast-schema-graph\">{\"@context\":\"https:\\\/\\\/schema.org\",\"@graph\":[{\"@type\":\"WebPage\",\"@id\":\"https:\\\/\\\/lusogolfe.com\\\/en\\\/double-the-fun-for-half-the-price\\\/\",\"url\":\"https:\\\/\\\/lusogolfe.com\\\/en\\\/double-the-fun-for-half-the-price\\\/\",\"name\":\"9=18 | Double the fun for half the price\",\"isPartOf\":{\"@id\":\"http:\\\/\\\/lusogolfe.com\\\/#website\"},\"primaryImageOfPage\":{\"@id\":\"https:\\\/\\\/lusogolfe.com\\\/en\\\/double-the-fun-for-half-the-price\\\/#primaryimage\"},\"image\":{\"@id\":\"https:\\\/\\\/lusogolfe.com\\\/en\\\/double-the-fun-for-half-the-price\\\/#primaryimage\"},\"thumbnailUrl\":\"https:\\\/\\\/lusogolfe.com\\\/wp-content\\\/uploads\\\/2023\\\/05\\\/918.jpg\",\"datePublished\":\"2023-04-24T15:49:24+00:00\",\"dateModified\":\"2023-05-02T16:05:31+00:00\",\"description\":\"50% off in a Minigolf lanes selection.\",\"breadcrumb\":{\"@id\":\"https:\\\/\\\/lusogolfe.com\\\/en\\\/double-the-fun-for-half-the-price\\\/#breadcrumb\"},\"inLanguage\":\"en-US\",\"potentialAction\":[{\"@type\":\"ReadAction\",\"target\":[\"https:\\\/\\\/lusogolfe.com\\\/en\\\/double-the-fun-for-half-the-price\\\/\"]}]},{\"@type\":\"ImageObject\",\"inLanguage\":\"en-US\",\"@id\":\"https:\\\/\\\/lusogolfe.com\\\/en\\\/double-the-fun-for-half-the-price\\\/#primaryimage\",\"url\":\"https:\\\/\\\/lusogolfe.com\\\/wp-content\\\/uploads\\\/2023\\\/05\\\/918.jpg\",\"contentUrl\":\"https:\\\/\\\/lusogolfe.com\\\/wp-content\\\/uploads\\\/2023\\\/05\\\/918.jpg\",\"width\":1200,\"height\":629},{\"@type\":\"BreadcrumbList\",\"@id\":\"https:\\\/\\\/lusogolfe.com\\\/en\\\/double-the-fun-for-half-the-price\\\/#breadcrumb\",\"itemListElement\":[{\"@type\":\"ListItem\",\"position\":1,\"name\":\"Portada\",\"item\":\"https:\\\/\\\/lusogolfe.com\\\/en\\\/\"},{\"@type\":\"ListItem\",\"position\":2,\"name\":\"9=18 | Double the fun for half the price\"}]},{\"@type\":\"WebSite\",\"@id\":\"http:\\\/\\\/lusogolfe.com\\\/#website\",\"url\":\"http:\\\/\\\/lusogolfe.com\\\/\",\"name\":\"Lusogolfe\",\"description\":\"Everything for Minigolf\",\"publisher\":{\"@id\":\"http:\\\/\\\/lusogolfe.com\\\/#organization\"},\"potentialAction\":[{\"@type\":\"SearchAction\",\"target\":{\"@type\":\"EntryPoint\",\"urlTemplate\":\"http:\\\/\\\/lusogolfe.com\\\/?s={search_term_string}\"},\"query-input\":{\"@type\":\"PropertyValueSpecification\",\"valueRequired\":true,\"valueName\":\"search_term_string\"}}],\"inLanguage\":\"en-US\"},{\"@type\":\"Organization\",\"@id\":\"http:\\\/\\\/lusogolfe.com\\\/#organization\",\"name\":\"Lusogolfe\",\"url\":\"http:\\\/\\\/lusogolfe.com\\\/\",\"logo\":{\"@type\":\"ImageObject\",\"inLanguage\":\"en-US\",\"@id\":\"http:\\\/\\\/lusogolfe.com\\\/#\\\/schema\\\/logo\\\/image\\\/\",\"url\":\"http:\\\/\\\/lusogolfe.com\\\/wp-content\\\/uploads\\\/2023\\\/05\\\/Lusogolfe-55years.png\",\"contentUrl\":\"http:\\\/\\\/lusogolfe.com\\\/wp-content\\\/uploads\\\/2023\\\/05\\\/Lusogolfe-55years.png\",\"width\":1128,\"height\":768,\"caption\":\"Lusogolfe\"},\"image\":{\"@id\":\"http:\\\/\\\/lusogolfe.com\\\/#\\\/schema\\\/logo\\\/image\\\/\"},\"sameAs\":[\"https:\\\/\\\/www.facebook.com\\\/lusogolfe\\\/\",\"https:\\\/\\\/www.linkedin.com\\\/company\\\/lusogolfe\",\"https:\\\/\\\/www.youtube.com\\\/lusogolfe\",\"https:\\\/\\\/www.instagram.com\\\/lusogolfe\"]}]}<\/script>\n<!-- \/ Yoast SEO plugin. -->","yoast_head_json":{"title":"9=18 | Double the fun for half the price","description":"50% off in a Minigolf lanes selection.","robots":{"index":"noindex","follow":"nofollow"},"og_locale":"en_US","og_type":"article","og_title":"Ano novo, novas oportunidades | At\u00e9 -50% de desconto","og_description":"At\u00e9 50% de desconto numa sele\u00e7\u00e3o de equipamentos de Minigolfe.","og_url":"https:\/\/lusogolfe.com\/en\/double-the-fun-for-half-the-price\/","og_site_name":"Lusogolfe","article_publisher":"https:\/\/www.facebook.com\/lusogolfe\/","article_modified_time":"2023-05-02T16:05:31+00:00","og_image":[{"width":1200,"height":629,"url":"https:\/\/lusogolfe.com\/wp-content\/uploads\/2023\/01\/POR-Cover.jpg","type":"image\/jpeg"}],"twitter_card":"summary_large_image","twitter_misc":{"Est. reading time":"2 minutes"},"schema":{"@context":"https:\/\/schema.org","@graph":[{"@type":"WebPage","@id":"https:\/\/lusogolfe.com\/en\/double-the-fun-for-half-the-price\/","url":"https:\/\/lusogolfe.com\/en\/double-the-fun-for-half-the-price\/","name":"9=18 | Double the fun for half the price","isPartOf":{"@id":"http:\/\/lusogolfe.com\/#website"},"primaryImageOfPage":{"@id":"https:\/\/lusogolfe.com\/en\/double-the-fun-for-half-the-price\/#primaryimage"},"image":{"@id":"https:\/\/lusogolfe.com\/en\/double-the-fun-for-half-the-price\/#primaryimage"},"thumbnailUrl":"https:\/\/lusogolfe.com\/wp-content\/uploads\/2023\/05\/918.jpg","datePublished":"2023-04-24T15:49:24+00:00","dateModified":"2023-05-02T16:05:31+00:00","description":"50% off in a Minigolf lanes selection.","breadcrumb":{"@id":"https:\/\/lusogolfe.com\/en\/double-the-fun-for-half-the-price\/#breadcrumb"},"inLanguage":"en-US","potentialAction":[{"@type":"ReadAction","target":["https:\/\/lusogolfe.com\/en\/double-the-fun-for-half-the-price\/"]}]},{"@type":"ImageObject","inLanguage":"en-US","@id":"https:\/\/lusogolfe.com\/en\/double-the-fun-for-half-the-price\/#primaryimage","url":"https:\/\/lusogolfe.com\/wp-content\/uploads\/2023\/05\/918.jpg","contentUrl":"https:\/\/lusogolfe.com\/wp-content\/uploads\/2023\/05\/918.jpg","width":1200,"height":629},{"@type":"BreadcrumbList","@id":"https:\/\/lusogolfe.com\/en\/double-the-fun-for-half-the-price\/#breadcrumb","itemListElement":[{"@type":"ListItem","position":1,"name":"Portada","item":"https:\/\/lusogolfe.com\/en\/"},{"@type":"ListItem","position":2,"name":"9=18 | Double the fun for half the price"}]},{"@type":"WebSite","@id":"http:\/\/lusogolfe.com\/#website","url":"http:\/\/lusogolfe.com\/","name":"Lusogolfe","description":"Everything for Minigolf","publisher":{"@id":"http:\/\/lusogolfe.com\/#organization"},"potentialAction":[{"@type":"SearchAction","target":{"@type":"EntryPoint","urlTemplate":"http:\/\/lusogolfe.com\/?s={search_term_string}"},"query-input":{"@type":"PropertyValueSpecification","valueRequired":true,"valueName":"search_term_string"}}],"inLanguage":"en-US"},{"@type":"Organization","@id":"http:\/\/lusogolfe.com\/#organization","name":"Lusogolfe","url":"http:\/\/lusogolfe.com\/","logo":{"@type":"ImageObject","inLanguage":"en-US","@id":"http:\/\/lusogolfe.com\/#\/schema\/logo\/image\/","url":"http:\/\/lusogolfe.com\/wp-content\/uploads\/2023\/05\/Lusogolfe-55years.png","contentUrl":"http:\/\/lusogolfe.com\/wp-content\/uploads\/2023\/05\/Lusogolfe-55years.png","width":1128,"height":768,"caption":"Lusogolfe"},"image":{"@id":"http:\/\/lusogolfe.com\/#\/schema\/logo\/image\/"},"sameAs":["https:\/\/www.facebook.com\/lusogolfe\/","https:\/\/www.linkedin.com\/company\/lusogolfe","https:\/\/www.youtube.com\/lusogolfe","https:\/\/www.instagram.com\/lusogolfe"]}]}},"_links":{"self":[{"href":"https:\/\/lusogolfe.com\/en\/wp-json\/wp\/v2\/pages\/14493","targetHints":{"allow":["GET"]}}],"collection":[{"href":"https:\/\/lusogolfe.com\/en\/wp-json\/wp\/v2\/pages"}],"about":[{"href":"https:\/\/lusogolfe.com\/en\/wp-json\/wp\/v2\/types\/page"}],"author":[{"embeddable":true,"href":"https:\/\/lusogolfe.com\/en\/wp-json\/wp\/v2\/users\/2"}],"replies":[{"embeddable":true,"href":"https:\/\/lusogolfe.com\/en\/wp-json\/wp\/v2\/comments?post=14493"}],"version-history":[{"count":7,"href":"https:\/\/lusogolfe.com\/en\/wp-json\/wp\/v2\/pages\/14493\/revisions"}],"predecessor-version":[{"id":14762,"href":"https:\/\/lusogolfe.com\/en\/wp-json\/wp\/v2\/pages\/14493\/revisions\/14762"}],"wp:featuredmedia":[{"embeddable":true,"href":"https:\/\/lusogolfe.com\/en\/wp-json\/wp\/v2\/media\/14747"}],"wp:attachment":[{"href":"https:\/\/lusogolfe.com\/en\/wp-json\/wp\/v2\/media?parent=14493"}],"curies":[{"name":"wp","href":"https:\/\/api.w.org\/{rel}","templated":true}]}}