{"id":15796,"date":"2024-01-05T11:35:44","date_gmt":"2024-01-05T11:35:44","guid":{"rendered":"https:\/\/lusogolfe.com\/?page_id=15796"},"modified":"2026-02-13T09:49:53","modified_gmt":"2026-02-13T09:49:53","slug":"angebot-minigolf","status":"publish","type":"page","link":"https:\/\/lusogolfe.com\/de\/angebot-minigolf\/","title":{"rendered":"Minigolfanlage Kaufen | Rabatte bis zu -50%"},"content":{"rendered":"<div class=\"wpb-content-wrapper\"><p>[vc_row el_id=&#8221;quemsomo&#8221;][vc_column width=&#8221;2\/3&#8243;][vc_column_text]<\/p>\n<h2><span style=\"color: black; font-size: 24px; font-weight: bold;\">WER WIR SIND<\/span><\/h2>\n<p>Suchen Sie eine unterhaltsame L\u00f6sung f\u00fcr die ganze Familie? Kommen Sie und landen Sie den richtigen Treffer mit uns. Unsere Hauptaufgabe ist es, Familien und Freunden lustige Freizeitmomente anzubieten.<\/p>\n<p>Mit mehr als 50 Jahren Erfahrung haben wir das Engagement eines Teams, das auf Minigolf-L\u00f6sungen sowohl im Freizeit- als auch im Wettbewerbsbereich spezialisiert ist.<\/p>\n<p>Wir sind bestrebt, die beste L\u00f6sung zu finden und setzen durch die st\u00e4ndige Suche nach neuen Techniken und Materialien, auf Innovation. Derzeit haben wir exklusive Angebote f\u00fcr Minigolf mit Rabatten von bis zu 60%.<\/p>\n<p>Wir werden f\u00fcr Installationen in Portugal, Spanien, Frankreich, Schweiz, Deutschland, Italien, \u00d6sterreich, D\u00e4nemark, Kroatien, T\u00fcrkei, Russland, Turkmenistan, Brasilien, den Vereinigten Staaten von Amerika, Australien, China und Japan bevorzugt.[\/vc_column_text][\/vc_column][vc_column width=&#8221;1\/3&#8243;][vc_column_text]<\/p>\n<h2><span style=\"color: black; font-size: 24px; font-weight: bold;\">WARUM LUSOGOLFE<\/span><\/h2>\n<p>[\/vc_column_text][list icon=&#8221;moon-checkmark&#8221;][list_item title=&#8221;Marktf\u00fchrendes Unternehmen&#8221; icon=&#8221;moon-checkmark&#8221; icon_color=&#8221;#f7b806&#8243;][list_item title=&#8221;Wir exportieren 65% unserer Produktion in 17 L\u00e4ndern&#8221; icon=&#8221;moon-checkmark&#8221; icon_color=&#8221;#f7b806&#8243;][list_item title=&#8221;Design und Referenzqualit\u00e4t auf dem Markt&#8221; icon=&#8221;moon-checkmark&#8221; icon_color=&#8221;#f7b806&#8243;][list_item title=&#8221;Spezialisiertes und engagiertes Team mit pers\u00f6nlicher Nachverfolgung und qualifiziertem technischen Support&#8221; icon=&#8221;moon-checkmark&#8221; icon_color=&#8221;#f7b806&#8243;][list_item title=&#8221;Abnehmbare und einfach zu installierende Innen- und Au\u00dfenger\u00e4te mit 2 Jahren Garantie&#8221; icon=&#8221;moon-checkmark&#8221; icon_color=&#8221;#f7b806&#8243;][\/list][\/vc_column][\/vc_row][vc_row type=&#8221;full_width_background&#8221; top_padding=&#8221;-40&#8243; bottom_padding=&#8221;0&#8243; el_id=&#8221;angebot&#8221;][vc_column][vc_column_text]<\/p>\n<p style=\"text-align: center;\"><span style=\"font-size: 25px; color: #000; font-weight: normal; line-height: 23px;\">Bis zu 50% Rabatt<\/span><\/p>\n<h1 style=\"text-align: center;\"><span style=\"font-size: 50px; color: #000; font-weight: bold; line-height: 48px;\">Minigolfanlage Kaufen<\/span><\/h1>\n<p>[\/vc_column_text][vc_row_inner][vc_column_inner width=&#8221;1\/3&#8243;][vc_column_text css=&#8221;.vc_custom_1770888096116{margin-bottom: 15px !important;}&#8221;]<a href=\"https:\/\/lusogolfe.com\/de\/angebot-minigolf\/#form\"><img loading=\"lazy\" decoding=\"async\" class=\"alignnone wp-image-18156 size-full\" src=\"http:\/\/lusogolfe.com\/wp-content\/uploads\/2026\/02\/GER-1.jpg\" alt=\"\" width=\"450\" height=\"277\" srcset=\"https:\/\/lusogolfe.com\/wp-content\/uploads\/2026\/02\/GER-1.jpg 450w, https:\/\/lusogolfe.com\/wp-content\/uploads\/2026\/02\/GER-1-300x185.jpg 300w\" sizes=\"auto, (max-width: 450px) 100vw, 450px\" \/><\/a><\/p>\n<p><strong>Angebot 1 | Easy Golf Basic<br \/>\n<\/strong>20 % Rabatt auf einer Easy Golf Bahn und einem Set von Hindernissen &#8216;Mein Minigolf Pro&#8217;.[\/vc_column_text][\/vc_column_inner][vc_column_inner width=&#8221;1\/3&#8243;][vc_column_text css=&#8221;.vc_custom_1770888110114{margin-bottom: 15px !important;}&#8221;]<a href=\"https:\/\/lusogolfe.com\/de\/angebot-minigolf\/#form\"><img loading=\"lazy\" decoding=\"async\" class=\"alignnone wp-image-18161 size-full\" src=\"http:\/\/lusogolfe.com\/wp-content\/uploads\/2026\/02\/GER-2.jpg\" alt=\"\" width=\"450\" height=\"277\" srcset=\"https:\/\/lusogolfe.com\/wp-content\/uploads\/2026\/02\/GER-2.jpg 450w, https:\/\/lusogolfe.com\/wp-content\/uploads\/2026\/02\/GER-2-300x185.jpg 300w\" sizes=\"auto, (max-width: 450px) 100vw, 450px\" \/><\/a><\/p>\n<p><strong>Angebot 2 | Easy Golf Pro<br \/>\n<\/strong>25 % Rabatt auf 3 Easy-Golf-Bahnen und einem Set von Hindernissen &#8216;Mein Minigolf Pro&#8217;.[\/vc_column_text][\/vc_column_inner][vc_column_inner width=&#8221;1\/3&#8243;][vc_column_text css=&#8221;.vc_custom_1770888132955{margin-bottom: 15px !important;}&#8221;]<a href=\"https:\/\/lusogolfe.com\/de\/angebot-minigolf\/#form\"><img loading=\"lazy\" decoding=\"async\" class=\"alignnone wp-image-18166 size-full\" src=\"http:\/\/lusogolfe.com\/wp-content\/uploads\/2026\/02\/GER-3.jpg\" alt=\"\" width=\"450\" height=\"277\" srcset=\"https:\/\/lusogolfe.com\/wp-content\/uploads\/2026\/02\/GER-3.jpg 450w, https:\/\/lusogolfe.com\/wp-content\/uploads\/2026\/02\/GER-3-300x185.jpg 300w\" sizes=\"auto, (max-width: 450px) 100vw, 450px\" \/><\/a><\/p>\n<p><strong>Angebot 3 | 5 Easy + 1 Smart<\/strong><br \/>\n30% Rabatt auf eine Auswahl von 6 Minigolfbahnen der Modelle Easy Golf und Smart Golf.[\/vc_column_text][\/vc_column_inner][\/vc_row_inner][vc_row_inner][vc_column_inner width=&#8221;1\/3&#8243;][vc_column_text css=&#8221;.vc_custom_1770888146371{margin-bottom: 15px !important;}&#8221;]<a href=\"https:\/\/lusogolfe.com\/de\/angebot-minigolf\/#form\"><img loading=\"lazy\" decoding=\"async\" class=\"alignnone wp-image-18171 size-full\" src=\"http:\/\/lusogolfe.com\/wp-content\/uploads\/2026\/02\/GER-4.jpg\" alt=\"\" width=\"450\" height=\"277\" srcset=\"https:\/\/lusogolfe.com\/wp-content\/uploads\/2026\/02\/GER-4.jpg 450w, https:\/\/lusogolfe.com\/wp-content\/uploads\/2026\/02\/GER-4-300x185.jpg 300w\" sizes=\"auto, (max-width: 450px) 100vw, 450px\" \/><\/a><\/p>\n<p><strong>Angebot 4 | 6 Easy + 3 Smart<\/strong><br \/>\n35% Rabatt auf eine Auswahl von 9 Minigolfbahnen der Modelle Easy Golf und Smart Golf.[\/vc_column_text][\/vc_column_inner][vc_column_inner width=&#8221;1\/3&#8243;][vc_column_text css=&#8221;.vc_custom_1770888161582{margin-bottom: 15px !important;}&#8221;]<a href=\"https:\/\/lusogolfe.com\/de\/angebot-minigolf\/#form\"><img loading=\"lazy\" decoding=\"async\" class=\"alignnone wp-image-18176 size-full\" src=\"http:\/\/lusogolfe.com\/wp-content\/uploads\/2026\/02\/GER-5.jpg\" alt=\"\" width=\"450\" height=\"277\" srcset=\"https:\/\/lusogolfe.com\/wp-content\/uploads\/2026\/02\/GER-5.jpg 450w, https:\/\/lusogolfe.com\/wp-content\/uploads\/2026\/02\/GER-5-300x185.jpg 300w\" sizes=\"auto, (max-width: 450px) 100vw, 450px\" \/><\/a><\/p>\n<p><strong>Angebot 5 | 9 Easy + 3 Smart<\/strong><br \/>\n40% Rabatt auf eine Auswahl von 12 Minigolfbahnen der Modelle Easy Golf und Smart Golf.[\/vc_column_text][\/vc_column_inner][vc_column_inner width=&#8221;1\/3&#8243;][vc_column_text css=&#8221;.vc_custom_1770888199864{margin-bottom: 15px !important;}&#8221;]<a href=\"https:\/\/lusogolfe.com\/de\/angebot-minigolf\/#form\"><img loading=\"lazy\" decoding=\"async\" class=\"alignnone wp-image-18181 size-full\" src=\"http:\/\/lusogolfe.com\/wp-content\/uploads\/2026\/02\/GER-6.jpg\" alt=\"\" width=\"450\" height=\"277\" srcset=\"https:\/\/lusogolfe.com\/wp-content\/uploads\/2026\/02\/GER-6.jpg 450w, https:\/\/lusogolfe.com\/wp-content\/uploads\/2026\/02\/GER-6-300x185.jpg 300w\" sizes=\"auto, (max-width: 450px) 100vw, 450px\" \/><\/a><\/p>\n<p><strong>Angebot 6 | 10 Easy + 8 Smart<\/strong><br \/>\n50% Rabatt auf eine Auswahl von 18 Minigolfbahnen der Modelle Easy Golf und Smart Golf.[\/vc_column_text][\/vc_column_inner][\/vc_row_inner][vc_btn title=&#8221;Mehr Informationen anfordern&#8221; shape=&#8221;round&#8221; color=&#8221;warning&#8221; size=&#8221;lg&#8221; align=&#8221;center&#8221; i_align=&#8221;right&#8221; i_icon_fontawesome=&#8221;fas icon-angle-down&#8221; css=&#8221;.vc_custom_1684581902432{margin-top: -20px !important;}&#8221; add_icon=&#8221;true&#8221; link=&#8221;url:%23form&#8221;][vc_column_text css=&#8221;.vc_custom_1684581942495{margin-top: -5px !important;border-top-width: -5px !important;padding-top: -5px !important;}&#8221;]<\/p>\n<p style=\"text-align: center;\"><u>Ohne Verpflichtung<\/u><\/p>\n<p>[\/vc_column_text][slideshow image_size=&#8221;port2_grayscale&#8221; slides=&#8221;14630,14896,14610,14901,14605,14906,14600,14585,14575,14565,14615,14560&#8243;][\/vc_column][\/vc_row][vc_row type=&#8221;full_width_background&#8221; bg_color=&#8221;#f4f4f4&#8243; bottom_padding=&#8221;60&#8243;][vc_column][vc_column_text]<\/p>\n<p style=\"text-align: center;\"><span style=\"font-size: 25px; color: #000; font-weight: normal; line-height: 23px;\">Von 3 bis 93 spielen alle Minigolf<\/span><\/p>\n<p style=\"text-align: center;\"><span style=\"font-size: 50px; color: #000; font-weight: bold; line-height: 48px;\">Geselligkeit f\u00f6rdern<\/span><\/p>\n<p>[\/vc_column_text][vc_empty_space height=&#8221;30px&#8221;][vc_row_inner][vc_column_inner width=&#8221;1\/2&#8243;][media image=&#8221;13842&#8243;][vc_empty_space height=&#8221;30px&#8221;][\/vc_column_inner][vc_column_inner width=&#8221;1\/4&#8243;][services_medium title=&#8221;Keine Vorkenntnisse erforderlich, jeder kann spielen&#8221; icon=&#8221;steadysets-icon-checkmark&#8221; icon_color=&#8221;#ffffff&#8221; circle_color=&#8221;#f7b806&#8243; border_color=&#8221;#f7b806&#8243; dynamic_content_link=&#8221;&#8221;][\/services_medium][vc_empty_space height=&#8221;40px&#8221;][services_medium title=&#8221;Kann sowohl drinnen als auch drau\u00dfen installiert werden&#8221; icon=&#8221;steadysets-icon-home&#8221; icon_color=&#8221;#ffffff&#8221; circle_color=&#8221;#f7b806&#8243; border_color=&#8221;#f7b806&#8243; dynamic_content_link=&#8221;&#8221;][\/services_medium][vc_empty_space height=&#8221;40px&#8221;][\/vc_column_inner][vc_column_inner width=&#8221;1\/4&#8243;][services_medium title=&#8221;F\u00f6rdert das Teilen von Gef\u00fchlen und Momenten&#8221; icon=&#8221;steadysets-icon-users&#8221; icon_color=&#8221;#ffffff&#8221; circle_color=&#8221;#f7b806&#8243; border_color=&#8221;#f7b806&#8243; dynamic_content_link=&#8221;&#8221;][\/services_medium][vc_empty_space height=&#8221;40px&#8221;][services_medium title=&#8221;Stimuliert gesunden Wettbewerb, den Fokus und die Konzentration&#8221; icon=&#8221;moon-target-2&#8243; icon_color=&#8221;#ffffff&#8221; circle_color=&#8221;#f7b806&#8243; border_color=&#8221;#f7b806&#8243; dynamic_content_link=&#8221;&#8221;][\/services_medium][\/vc_column_inner][\/vc_row_inner][vc_btn title=&#8221;Mehr Informationen anfordern&#8221; shape=&#8221;round&#8221; color=&#8221;warning&#8221; size=&#8221;lg&#8221; align=&#8221;center&#8221; i_align=&#8221;right&#8221; i_icon_fontawesome=&#8221;fas icon-angle-down&#8221; css=&#8221;.vc_custom_1684581907488{margin-top: -20px !important;}&#8221; add_icon=&#8221;true&#8221; link=&#8221;url:%23form&#8221;][vc_column_text css=&#8221;.vc_custom_1684581936909{margin-top: -5px !important;border-top-width: -5px !important;padding-top: -5px !important;}&#8221;]<\/p>\n<p style=\"text-align: center;\"><u>Ohne Verpflichtung<\/u><\/p>\n<p>[\/vc_column_text][\/vc_column][\/vc_row][vc_row top_padding=&#8221;60&#8243; el_id=&#8221;faqs&#8221;][vc_column][vc_column_text]<\/p>\n<p style=\"text-align: center;\"><span style=\"font-size: 25px; color: #000; font-weight: normal; line-height: 23px;\">H\u00e4ufig gestellte Fragen<\/span><\/p>\n<p style=\"text-align: center;\"><span style=\"font-size: 50px; color: #000; font-weight: bold; line-height: 48px;\">FAQ&#8217;s<\/span><\/p>\n<p>[\/vc_column_text][vc_row_inner][vc_column_inner width=&#8221;1\/2&#8243;][faq style=&#8221;style_3&#8243; faq_cat=&#8221;359&#8243;][\/vc_column_inner][vc_column_inner width=&#8221;1\/2&#8243;][media link=&#8221;&#8221; image=&#8221;13837&#8243;][\/vc_column_inner][\/vc_row_inner][\/vc_column][\/vc_row][vc_row type=&#8221;full_width_background&#8221; bg_color=&#8221;#f4f4f4&#8243; el_id=&#8221;form&#8221;][vc_column width=&#8221;1\/6&#8243;][\/vc_column][vc_column width=&#8221;2\/3&#8243;][vc_column_text]<\/p>\n<h2 style=\"text-align: center; font-size: 50px; color: #000; font-weight: bold; line-height: 48px;\">Fragen Sie nach Preisinformationen<\/h2>\n<p>[\/vc_column_text][vc_raw_js]JTNDc2NyaXB0JTIwY2hhcnNldCUzRCUyMnV0Zi04JTIyJTIwdHlwZSUzRCUyMnRleHQlMkZqYXZhc2NyaXB0JTIyJTIwc3JjJTNEJTIyJTJGJTJGanMuaHNmb3Jtcy5uZXQlMkZmb3JtcyUyRmVtYmVkJTJGdjIuanMlMjIlM0UlM0MlMkZzY3JpcHQlM0UlMEElM0NzY3JpcHQlM0UlMEElMjAlMjBoYnNwdC5mb3Jtcy5jcmVhdGUlMjglN0IlMEElMjAlMjAlMjAlMjBwb3J0YWxJZCUzQSUyMCUyMjE5OTM5Njc2JTIyJTJDJTBBJTIwJTIwJTIwJTIwZm9ybUlkJTNBJTIwJTIyMjM0M2IyNmItNGRjMi00YjNiLTlmZTYtY2E5YTliNjFiY2JiJTIyJTJDJTBBJTIwJTIwJTIwJTIwcmVnaW9uJTNBJTIwJTIybmExJTIyJTBBJTIwJTIwJTdEJTI5JTNCJTBBJTNDJTJGc2NyaXB0JTNF[\/vc_raw_js][\/vc_column][vc_column width=&#8221;1\/6&#8243;][\/vc_column][\/vc_row][vc_row type=&#8221;full_width_background&#8221; bg_color=&#8221;#0a0a0a&#8221; bottom_padding=&#8221;0&#8243;][vc_column][vc_column_text css=&#8221;.vc_custom_1684582640786{padding-top: 20px !important;padding-bottom: 20px !important;}&#8221;]<\/p>\n<p style=\"text-align: center;\"><span style=\"font-size: 20px; color: #fff; font-weight: bold; line-height: 48px;\"><img loading=\"lazy\" decoding=\"async\" class=\"alignnone wp-image-15079\" style=\"color: #333333; font-size: 16px;\" src=\"https:\/\/lusogolfe.com\/wp-content\/uploads\/2023\/05\/Lusogolfe-55years.png\" alt=\"\" width=\"148\" height=\"101\" srcset=\"https:\/\/lusogolfe.com\/wp-content\/uploads\/2023\/05\/Lusogolfe-55years.png 1128w, https:\/\/lusogolfe.com\/wp-content\/uploads\/2023\/05\/Lusogolfe-55years-300x204.png 300w, https:\/\/lusogolfe.com\/wp-content\/uploads\/2023\/05\/Lusogolfe-55years-1024x697.png 1024w, https:\/\/lusogolfe.com\/wp-content\/uploads\/2023\/05\/Lusogolfe-55years-768x523.png 768w, https:\/\/lusogolfe.com\/wp-content\/uploads\/2023\/05\/Lusogolfe-55years-400x270.png 400w, https:\/\/lusogolfe.com\/wp-content\/uploads\/2023\/05\/Lusogolfe-55years-500x340.png 500w\" sizes=\"auto, (max-width: 148px) 100vw, 148px\" \/><\/span><\/p>\n<p style=\"text-align: center;\"><span style=\"font-size: 15px; color: #fff; font-weight: bold; line-height: 48px;\">www.lusogolfe.com<\/span><\/p>\n<p>[\/vc_column_text][\/vc_column][\/vc_row]<\/p>\n<\/div>","protected":false},"excerpt":{"rendered":"<p>[vc_row el_id=&#8221;quemsomo&#8221;][vc_column width=&#8221;2\/3&#8243;][vc_column_text] WER WIR SIND Suchen Sie eine unterhaltsame L\u00f6sung f\u00fcr die ganze Familie? Kommen Sie und landen Sie den richtigen Treffer mit uns. Unsere Hauptaufgabe ist es, Familien und Freunden lustige Freizeitmomente anzubieten. Mit mehr als 50 Jahren Erfahrung haben wir das Engagement eines Teams, das auf Minigolf-L\u00f6sungen sowohl im Freizeit- als auch [&hellip;]<\/p>\n","protected":false},"author":2,"featured_media":18357,"parent":0,"menu_order":0,"comment_status":"closed","ping_status":"closed","template":"","meta":{"content-type":"","footnotes":""},"class_list":["post-15796","page","type-page","status-publish","has-post-thumbnail","hentry"],"yoast_head":"<!-- This site is optimized with the Yoast SEO plugin v27.3 - https:\/\/yoast.com\/product\/yoast-seo-wordpress\/ -->\n<title>Minigolfanlage Kaufen | Rabatte bis zu -50%<\/title>\n<meta name=\"description\" content=\"Minigolf-Angebotemit bis zu 50% Rabatt. Sparen sie bei allem,au\u00dfer beim vergn\u00fcgen!\" \/>\n<meta name=\"robots\" content=\"noindex, nofollow\" \/>\n<meta property=\"og:locale\" content=\"de_DE\" \/>\n<meta property=\"og:type\" content=\"article\" \/>\n<meta property=\"og:title\" content=\"Ofertas de Ver\u00e3o | At\u00e9 -50% de desconto em Minigolfe\" \/>\n<meta property=\"og:description\" content=\"7 ofertas de Minigolfe com descontos at\u00e9 50%. Vai deixar passar esta oportunidade?\" \/>\n<meta property=\"og:url\" content=\"https:\/\/lusogolfe.com\/de\/angebot-minigolf\/\" \/>\n<meta property=\"og:site_name\" content=\"Lusogolfe\" \/>\n<meta property=\"article:publisher\" content=\"https:\/\/www.facebook.com\/lusogolfe\/\" \/>\n<meta property=\"article:modified_time\" content=\"2026-02-13T09:49:53+00:00\" \/>\n<meta property=\"og:image\" content=\"https:\/\/lusogolfe.com\/wp-content\/uploads\/2016\/10\/49-anos-Lusogolfe.jpg\" \/>\n\t<meta property=\"og:image:width\" content=\"1\" \/>\n\t<meta property=\"og:image:height\" content=\"1\" \/>\n\t<meta property=\"og:image:type\" content=\"image\/jpeg\" \/>\n<meta name=\"twitter:card\" content=\"summary_large_image\" \/>\n<meta name=\"twitter:label1\" content=\"Gesch\u00e4tzte Lesezeit\" \/>\n\t<meta name=\"twitter:data1\" content=\"5\u00a0Minuten\" \/>\n<script type=\"application\/ld+json\" class=\"yoast-schema-graph\">{\"@context\":\"https:\\\/\\\/schema.org\",\"@graph\":[{\"@type\":\"WebPage\",\"@id\":\"https:\\\/\\\/lusogolfe.com\\\/de\\\/angebot-minigolf\\\/\",\"url\":\"https:\\\/\\\/lusogolfe.com\\\/de\\\/angebot-minigolf\\\/\",\"name\":\"Minigolfanlage Kaufen | Rabatte bis zu -50%\",\"isPartOf\":{\"@id\":\"http:\\\/\\\/lusogolfe.com\\\/#website\"},\"primaryImageOfPage\":{\"@id\":\"https:\\\/\\\/lusogolfe.com\\\/de\\\/angebot-minigolf\\\/#primaryimage\"},\"image\":{\"@id\":\"https:\\\/\\\/lusogolfe.com\\\/de\\\/angebot-minigolf\\\/#primaryimage\"},\"thumbnailUrl\":\"https:\\\/\\\/lusogolfe.com\\\/wp-content\\\/uploads\\\/2026\\\/02\\\/GER-Cover-FB.png\",\"datePublished\":\"2024-01-05T11:35:44+00:00\",\"dateModified\":\"2026-02-13T09:49:53+00:00\",\"description\":\"Minigolf-Angebotemit bis zu 50% Rabatt. Sparen sie bei allem,au\u00dfer beim vergn\u00fcgen!\",\"breadcrumb\":{\"@id\":\"https:\\\/\\\/lusogolfe.com\\\/de\\\/angebot-minigolf\\\/#breadcrumb\"},\"inLanguage\":\"de\",\"potentialAction\":[{\"@type\":\"ReadAction\",\"target\":[\"https:\\\/\\\/lusogolfe.com\\\/de\\\/angebot-minigolf\\\/\"]}]},{\"@type\":\"ImageObject\",\"inLanguage\":\"de\",\"@id\":\"https:\\\/\\\/lusogolfe.com\\\/de\\\/angebot-minigolf\\\/#primaryimage\",\"url\":\"https:\\\/\\\/lusogolfe.com\\\/wp-content\\\/uploads\\\/2026\\\/02\\\/GER-Cover-FB.png\",\"contentUrl\":\"https:\\\/\\\/lusogolfe.com\\\/wp-content\\\/uploads\\\/2026\\\/02\\\/GER-Cover-FB.png\",\"width\":1200,\"height\":630},{\"@type\":\"BreadcrumbList\",\"@id\":\"https:\\\/\\\/lusogolfe.com\\\/de\\\/angebot-minigolf\\\/#breadcrumb\",\"itemListElement\":[{\"@type\":\"ListItem\",\"position\":1,\"name\":\"Portada\",\"item\":\"http:\\\/\\\/lusogolfe.com\\\/\"},{\"@type\":\"ListItem\",\"position\":2,\"name\":\"Minigolfanlage Kaufen | Rabatte bis zu -50%\"}]},{\"@type\":\"WebSite\",\"@id\":\"http:\\\/\\\/lusogolfe.com\\\/#website\",\"url\":\"http:\\\/\\\/lusogolfe.com\\\/\",\"name\":\"Lusogolfe\",\"description\":\"Everything for Minigolf\",\"publisher\":{\"@id\":\"http:\\\/\\\/lusogolfe.com\\\/#organization\"},\"potentialAction\":[{\"@type\":\"SearchAction\",\"target\":{\"@type\":\"EntryPoint\",\"urlTemplate\":\"http:\\\/\\\/lusogolfe.com\\\/?s={search_term_string}\"},\"query-input\":{\"@type\":\"PropertyValueSpecification\",\"valueRequired\":true,\"valueName\":\"search_term_string\"}}],\"inLanguage\":\"de\"},{\"@type\":\"Organization\",\"@id\":\"http:\\\/\\\/lusogolfe.com\\\/#organization\",\"name\":\"Lusogolfe\",\"url\":\"http:\\\/\\\/lusogolfe.com\\\/\",\"logo\":{\"@type\":\"ImageObject\",\"inLanguage\":\"de\",\"@id\":\"http:\\\/\\\/lusogolfe.com\\\/#\\\/schema\\\/logo\\\/image\\\/\",\"url\":\"http:\\\/\\\/lusogolfe.com\\\/wp-content\\\/uploads\\\/2023\\\/05\\\/Lusogolfe-55years.png\",\"contentUrl\":\"http:\\\/\\\/lusogolfe.com\\\/wp-content\\\/uploads\\\/2023\\\/05\\\/Lusogolfe-55years.png\",\"width\":1128,\"height\":768,\"caption\":\"Lusogolfe\"},\"image\":{\"@id\":\"http:\\\/\\\/lusogolfe.com\\\/#\\\/schema\\\/logo\\\/image\\\/\"},\"sameAs\":[\"https:\\\/\\\/www.facebook.com\\\/lusogolfe\\\/\",\"https:\\\/\\\/www.linkedin.com\\\/company\\\/lusogolfe\",\"https:\\\/\\\/www.youtube.com\\\/lusogolfe\",\"https:\\\/\\\/www.instagram.com\\\/lusogolfe\"]}]}<\/script>\n<!-- \/ Yoast SEO plugin. -->","yoast_head_json":{"title":"Minigolfanlage Kaufen | Rabatte bis zu -50%","description":"Minigolf-Angebotemit bis zu 50% Rabatt. Sparen sie bei allem,au\u00dfer beim vergn\u00fcgen!","robots":{"index":"noindex","follow":"nofollow"},"og_locale":"de_DE","og_type":"article","og_title":"Ofertas de Ver\u00e3o | At\u00e9 -50% de desconto em Minigolfe","og_description":"7 ofertas de Minigolfe com descontos at\u00e9 50%. Vai deixar passar esta oportunidade?","og_url":"https:\/\/lusogolfe.com\/de\/angebot-minigolf\/","og_site_name":"Lusogolfe","article_publisher":"https:\/\/www.facebook.com\/lusogolfe\/","article_modified_time":"2026-02-13T09:49:53+00:00","og_image":[{"url":"https:\/\/lusogolfe.com\/wp-content\/uploads\/2016\/10\/49-anos-Lusogolfe.jpg","width":1,"height":1,"type":"image\/jpeg"}],"twitter_card":"summary_large_image","twitter_misc":{"Gesch\u00e4tzte Lesezeit":"5\u00a0Minuten"},"schema":{"@context":"https:\/\/schema.org","@graph":[{"@type":"WebPage","@id":"https:\/\/lusogolfe.com\/de\/angebot-minigolf\/","url":"https:\/\/lusogolfe.com\/de\/angebot-minigolf\/","name":"Minigolfanlage Kaufen | Rabatte bis zu -50%","isPartOf":{"@id":"http:\/\/lusogolfe.com\/#website"},"primaryImageOfPage":{"@id":"https:\/\/lusogolfe.com\/de\/angebot-minigolf\/#primaryimage"},"image":{"@id":"https:\/\/lusogolfe.com\/de\/angebot-minigolf\/#primaryimage"},"thumbnailUrl":"https:\/\/lusogolfe.com\/wp-content\/uploads\/2026\/02\/GER-Cover-FB.png","datePublished":"2024-01-05T11:35:44+00:00","dateModified":"2026-02-13T09:49:53+00:00","description":"Minigolf-Angebotemit bis zu 50% Rabatt. Sparen sie bei allem,au\u00dfer beim vergn\u00fcgen!","breadcrumb":{"@id":"https:\/\/lusogolfe.com\/de\/angebot-minigolf\/#breadcrumb"},"inLanguage":"de","potentialAction":[{"@type":"ReadAction","target":["https:\/\/lusogolfe.com\/de\/angebot-minigolf\/"]}]},{"@type":"ImageObject","inLanguage":"de","@id":"https:\/\/lusogolfe.com\/de\/angebot-minigolf\/#primaryimage","url":"https:\/\/lusogolfe.com\/wp-content\/uploads\/2026\/02\/GER-Cover-FB.png","contentUrl":"https:\/\/lusogolfe.com\/wp-content\/uploads\/2026\/02\/GER-Cover-FB.png","width":1200,"height":630},{"@type":"BreadcrumbList","@id":"https:\/\/lusogolfe.com\/de\/angebot-minigolf\/#breadcrumb","itemListElement":[{"@type":"ListItem","position":1,"name":"Portada","item":"http:\/\/lusogolfe.com\/"},{"@type":"ListItem","position":2,"name":"Minigolfanlage Kaufen | Rabatte bis zu -50%"}]},{"@type":"WebSite","@id":"http:\/\/lusogolfe.com\/#website","url":"http:\/\/lusogolfe.com\/","name":"Lusogolfe","description":"Everything for Minigolf","publisher":{"@id":"http:\/\/lusogolfe.com\/#organization"},"potentialAction":[{"@type":"SearchAction","target":{"@type":"EntryPoint","urlTemplate":"http:\/\/lusogolfe.com\/?s={search_term_string}"},"query-input":{"@type":"PropertyValueSpecification","valueRequired":true,"valueName":"search_term_string"}}],"inLanguage":"de"},{"@type":"Organization","@id":"http:\/\/lusogolfe.com\/#organization","name":"Lusogolfe","url":"http:\/\/lusogolfe.com\/","logo":{"@type":"ImageObject","inLanguage":"de","@id":"http:\/\/lusogolfe.com\/#\/schema\/logo\/image\/","url":"http:\/\/lusogolfe.com\/wp-content\/uploads\/2023\/05\/Lusogolfe-55years.png","contentUrl":"http:\/\/lusogolfe.com\/wp-content\/uploads\/2023\/05\/Lusogolfe-55years.png","width":1128,"height":768,"caption":"Lusogolfe"},"image":{"@id":"http:\/\/lusogolfe.com\/#\/schema\/logo\/image\/"},"sameAs":["https:\/\/www.facebook.com\/lusogolfe\/","https:\/\/www.linkedin.com\/company\/lusogolfe","https:\/\/www.youtube.com\/lusogolfe","https:\/\/www.instagram.com\/lusogolfe"]}]}},"_links":{"self":[{"href":"https:\/\/lusogolfe.com\/de\/wp-json\/wp\/v2\/pages\/15796","targetHints":{"allow":["GET"]}}],"collection":[{"href":"https:\/\/lusogolfe.com\/de\/wp-json\/wp\/v2\/pages"}],"about":[{"href":"https:\/\/lusogolfe.com\/de\/wp-json\/wp\/v2\/types\/page"}],"author":[{"embeddable":true,"href":"https:\/\/lusogolfe.com\/de\/wp-json\/wp\/v2\/users\/2"}],"replies":[{"embeddable":true,"href":"https:\/\/lusogolfe.com\/de\/wp-json\/wp\/v2\/comments?post=15796"}],"version-history":[{"count":10,"href":"https:\/\/lusogolfe.com\/de\/wp-json\/wp\/v2\/pages\/15796\/revisions"}],"predecessor-version":[{"id":18195,"href":"https:\/\/lusogolfe.com\/de\/wp-json\/wp\/v2\/pages\/15796\/revisions\/18195"}],"wp:featuredmedia":[{"embeddable":true,"href":"https:\/\/lusogolfe.com\/de\/wp-json\/wp\/v2\/media\/18357"}],"wp:attachment":[{"href":"https:\/\/lusogolfe.com\/de\/wp-json\/wp\/v2\/media?parent=15796"}],"curies":[{"name":"wp","href":"https:\/\/api.w.org\/{rel}","templated":true}]}}