{"id":13783,"date":"2023-01-05T14:15:12","date_gmt":"2023-01-05T14:15:12","guid":{"rendered":"https:\/\/lusogolfe.com\/?page_id=13783"},"modified":"2023-02-03T14:58:14","modified_gmt":"2023-02-03T14:58:14","slug":"neues-jahr-neue-moeglichkeiten","status":"publish","type":"page","link":"https:\/\/lusogolfe.com\/de\/neues-jahr-neue-moeglichkeiten\/","title":{"rendered":"Neues Jahr Neue M\u00f6glichkeiten | Rabatte bis zu -50%"},"content":{"rendered":"<div class=\"wpb-content-wrapper\"><p>[vc_row top_padding=&#8221;10&#8243; bottom_padding=&#8221;40&#8243; el_id=&#8221;quemsomo&#8221;][vc_column width=&#8221;2\/3&#8243;][vc_column_text css=&#8221;.vc_custom_1616581411150{margin-bottom: 30px !important;}&#8221;]<\/p>\n<h2><span style=\"color: black; font-size: 24px; font-weight: bold;\">WER WIR SIND<\/span><\/h2>\n<p>[\/vc_column_text][vc_column_text css=&#8221;.vc_custom_1616512498310{margin-bottom: 30px !important;border-bottom-width: 30px !important;padding-bottom: 30px !important;}&#8221;]Suchen Sie eine unterhaltsame L\u00f6sung f\u00fcr die ganze Familie? Kommen Sie und landen Sie den richtigen Treffer mit uns. Unsere Hauptaufgabe ist es, Familien und Freunden lustige Freizeitmomente anzubieten.<\/p>\n<p>Mit mehr als 50 Jahren Erfahrung haben wir das Engagement eines Teams, das auf Minigolf-L\u00f6sungen sowohl im Freizeit- als auch im Wettbewerbsbereich spezialisiert ist.<\/p>\n<p>Wir sind bestrebt, die beste L\u00f6sung zu finden und setzen durch die st\u00e4ndige Suche nach neuen Techniken und Materialien, auf Innovation. Derzeit haben wir exklusive Angebote f\u00fcr Minigolf mit Rabatten von bis zu 60%.<\/p>\n<p>Wir werden f\u00fcr Installationen in Portugal, Spanien, Frankreich, Schweiz, Deutschland, Italien, \u00d6sterreich, D\u00e4nemark, Kroatien, T\u00fcrkei, Russland, Turkmenistan, Brasilien, den Vereinigten Staaten von Amerika, Australien, China und Japan bevorzugt.[\/vc_column_text][\/vc_column][vc_column width=&#8221;1\/3&#8243;][vc_column_text css=&#8221;.vc_custom_1616581420756{margin-bottom: 10px !important;}&#8221;]<\/p>\n<h2><span style=\"color: black; font-size: 24px; font-weight: bold;\">WARUM LUSOGOLFE<\/span><\/h2>\n<p>[\/vc_column_text][list icon=&#8221;steadysets-icon-checkmark&#8221;][list_item title=&#8221;Marktf\u00fchrendes Unternehmen&#8221;][list_item title=&#8221;Wir exportieren 65% unserer Produktion in 17 L\u00e4ndern&#8221;][list_item title=&#8221;Design und Referenzqualit\u00e4t auf dem Markt&#8221;][list_item title=&#8221;Spezialisiertes und engagiertes Team mit pers\u00f6nlicher Nachverfolgung und qualifiziertem technischen Support&#8221;][list_item title=&#8221;Abnehmbare und einfach zu installierende Innen- und Au\u00dfenger\u00e4te mit 5 Jahren Garantie&#8221;][\/list][\/vc_column][\/vc_row][vc_row type=&#8221;full_width_background&#8221; bg_color=&#8221;#f4f4f4&#8243; top_padding=&#8221;60&#8243; el_id=&#8221;angebot&#8221;][vc_column][vc_column_text]<\/p>\n<p style=\"text-align: center;\"><span style=\"font-size: 25px; color: #000; font-weight: normal; line-height: 23px;\">Mehr Spass f\u00fcr weniger<\/span><\/p>\n<p style=\"text-align: center;\"><span style=\"font-size: 50px; color: #000; font-weight: bold; line-height: 48px;\">5 Angebote mit bis zu 50% Rabatt<\/span><\/p>\n<p>[\/vc_column_text][vc_row_inner css=&#8221;.vc_custom_1627637129319{padding-bottom: 15px !important;}&#8221;][vc_column_inner width=&#8221;1\/3&#8243; css=&#8221;.vc_custom_1588079806739{margin-bottom: 30px !important;}&#8221;][vc_column_text css=&#8221;.vc_custom_1672927601797{margin-bottom: 15px !important;}&#8221;]<a href=\"#form\"><img loading=\"lazy\" decoding=\"async\" class=\"alignnone wp-image-13979 size-full\" src=\"https:\/\/lusogolfe.com\/wp-content\/uploads\/2023\/01\/GER-Angebot1.jpg\" alt=\"\" width=\"450\" height=\"277\" srcset=\"https:\/\/lusogolfe.com\/wp-content\/uploads\/2023\/01\/GER-Angebot1.jpg 450w, https:\/\/lusogolfe.com\/wp-content\/uploads\/2023\/01\/GER-Angebot1-300x185.jpg 300w\" sizes=\"auto, (max-width: 450px) 100vw, 450px\" \/><\/a><\/p>\n<p>50% Rabatt auf 12 Minigolfbahnen der Modelle Easy Golf und Smart Golf.[\/vc_column_text][\/vc_column_inner][vc_column_inner width=&#8221;1\/3&#8243; css=&#8221;.vc_custom_1588079811509{margin-bottom: 30px !important;}&#8221;][vc_column_text css=&#8221;.vc_custom_1672927581742{margin-bottom: 15px !important;}&#8221;]<a href=\"#form\"><img loading=\"lazy\" decoding=\"async\" class=\"alignnone wp-image-13984 size-full\" src=\"https:\/\/lusogolfe.com\/wp-content\/uploads\/2023\/01\/GER-Angebot2.jpg\" alt=\"\" width=\"450\" height=\"277\" srcset=\"https:\/\/lusogolfe.com\/wp-content\/uploads\/2023\/01\/GER-Angebot2.jpg 450w, https:\/\/lusogolfe.com\/wp-content\/uploads\/2023\/01\/GER-Angebot2-300x185.jpg 300w\" sizes=\"auto, (max-width: 450px) 100vw, 450px\" \/><\/a><\/p>\n<p>50% Rabatt auf 9 Minigolfbahnen der Modelle Easy Golf und Smart Golf.[\/vc_column_text][\/vc_column_inner][vc_column_inner width=&#8221;1\/3&#8243;][vc_column_text css=&#8221;.vc_custom_1672927609643{margin-bottom: 15px !important;}&#8221;]<a href=\"#form\"><img loading=\"lazy\" decoding=\"async\" class=\"alignnone wp-image-13989 size-full\" src=\"https:\/\/lusogolfe.com\/wp-content\/uploads\/2023\/01\/GER-Angebot3.jpg\" alt=\"\" width=\"450\" height=\"277\" srcset=\"https:\/\/lusogolfe.com\/wp-content\/uploads\/2023\/01\/GER-Angebot3.jpg 450w, https:\/\/lusogolfe.com\/wp-content\/uploads\/2023\/01\/GER-Angebot3-300x185.jpg 300w\" sizes=\"auto, (max-width: 450px) 100vw, 450px\" \/><\/a><\/p>\n<p>40% Rabatt auf 6 Minigolfbahnen der Modelle Easy Golf.[\/vc_column_text][\/vc_column_inner][\/vc_row_inner][vc_row_inner css=&#8221;.vc_custom_1627637179303{margin-top: -70px !important;margin-bottom: 0px !important;padding-top: -30px !important;}&#8221;][vc_column_inner width=&#8221;1\/3&#8243; css=&#8221;.vc_custom_1588079806739{margin-bottom: 30px !important;}&#8221;][vc_column_text css=&#8221;.vc_custom_1672927697544{margin-bottom: 15px !important;}&#8221;]<a href=\"#form\"><img loading=\"lazy\" decoding=\"async\" class=\"alignnone wp-image-13994 size-full\" src=\"https:\/\/lusogolfe.com\/wp-content\/uploads\/2023\/01\/GER-Angebot4.jpg\" alt=\"\" width=\"450\" height=\"277\" srcset=\"https:\/\/lusogolfe.com\/wp-content\/uploads\/2023\/01\/GER-Angebot4.jpg 450w, https:\/\/lusogolfe.com\/wp-content\/uploads\/2023\/01\/GER-Angebot4-300x185.jpg 300w\" sizes=\"auto, (max-width: 450px) 100vw, 450px\" \/><\/a><\/p>\n<p>30% Rabatt auf 3 direkte &#8220;Easy Golf&#8221; Minigolfbahnen, plus \u201eMein Minigolf Pro\u201c &#8211; Kit.[\/vc_column_text][\/vc_column_inner][vc_column_inner width=&#8221;1\/3&#8243; css=&#8221;.vc_custom_1588079811509{margin-bottom: 30px !important;}&#8221;][vc_column_text css=&#8221;.vc_custom_1672927693028{margin-bottom: 15px !important;}&#8221;]<a href=\"#form\"><img loading=\"lazy\" decoding=\"async\" class=\"alignnone wp-image-13999 size-full\" src=\"https:\/\/lusogolfe.com\/wp-content\/uploads\/2023\/01\/GER-Angebot5.jpg\" alt=\"\" width=\"450\" height=\"277\" srcset=\"https:\/\/lusogolfe.com\/wp-content\/uploads\/2023\/01\/GER-Angebot5.jpg 450w, https:\/\/lusogolfe.com\/wp-content\/uploads\/2023\/01\/GER-Angebot5-300x185.jpg 300w\" sizes=\"auto, (max-width: 450px) 100vw, 450px\" \/><\/a><\/p>\n<p>25% Rabatt auf 1 direkte &#8220;Easy Golf&#8221; Minigolfbahn, plus \u201eMein Minigolf Pro\u201c &#8211; Kit.[\/vc_column_text][\/vc_column_inner][vc_column_inner width=&#8221;1\/3&#8243;][\/vc_column_inner][\/vc_row_inner][vc_btn title=&#8221;Ich m\u00f6chte mehr \u00fcber dieses Angebot erfahren&#8221; color=&#8221;warning&#8221; size=&#8221;lg&#8221; align=&#8221;center&#8221; link=&#8221;url:%23form|||&#8221;][\/vc_column][\/vc_row][vc_row top_padding=&#8221;60&#8243; bottom_padding=&#8221;60&#8243;][vc_column width=&#8221;1\/2&#8243;][vc_video link=&#8221;https:\/\/youtu.be\/Plm4yzwrqvY&#8221;][vc_video link=&#8221;https:\/\/youtu.be\/Oy8lgclPgfw&#8221;][\/vc_column][vc_column width=&#8221;1\/2&#8243;][vc_video link=&#8221;https:\/\/youtu.be\/xa3H_xVGWlo&#8221;][vc_video link=&#8221;https:\/\/youtu.be\/l4hhm8HR8Ds&#8221;][\/vc_column][\/vc_row][vc_row type=&#8221;full_width_background&#8221; bg_color=&#8221;#f4f4f4&#8243; bottom_padding=&#8221;60&#8243;][vc_column][vc_column_text]<\/p>\n<p style=\"text-align: center;\"><span style=\"font-size: 25px; color: #000; font-weight: normal; line-height: 23px;\">Von 3 bis 93 spielen alle Minigolf<\/span><\/p>\n<h2 style=\"text-align: center; font-size: 50px; color: #000; font-weight: bold; line-height: 48px;\">Geselligkeit f\u00f6rdern<\/h2>\n<p>[\/vc_column_text][vc_empty_space height=&#8221;30px&#8221;][vc_row_inner][vc_column_inner width=&#8221;1\/2&#8243;][media link=&#8221;&#8221; image=&#8221;10465&#8243;][vc_empty_space height=&#8221;30px&#8221;][\/vc_column_inner][vc_column_inner width=&#8221;1\/4&#8243;][services_medium title=&#8221;Keine Vorkenntnisse erforderlich, jeder kann spielen&#8221; icon=&#8221;steadysets-icon-checkmark&#8221; circle_color=&#8221;#ffffff&#8221; border_color=&#8221;&#8221; dynamic_content_link=&#8221;&#8221;][\/services_medium][vc_empty_space height=&#8221;40px&#8221;][services_medium title=&#8221;Kann sowohl drinnen als auch drau\u00dfen installiert werden&#8221; icon=&#8221;steadysets-icon-home&#8221; circle_color=&#8221;#ffffff&#8221; border_color=&#8221;&#8221; dynamic_content_link=&#8221;&#8221;][\/services_medium][vc_empty_space height=&#8221;40px&#8221;][\/vc_column_inner][vc_column_inner width=&#8221;1\/4&#8243;][services_medium title=&#8221;F\u00f6rdert das Teilen von Gef\u00fchlen und Momenten&#8221; icon=&#8221;steadysets-icon-users&#8221; circle_color=&#8221;#ffffff&#8221; dynamic_content_link=&#8221;&#8221;][\/services_medium][vc_empty_space height=&#8221;40px&#8221;][services_medium title=&#8221;Stimuliert gesunden Wettbewerb, den Fokus und die Konzentration&#8221; icon=&#8221;moon-target-2&#8243; circle_color=&#8221;#ffffff&#8221; border_color=&#8221;&#8221; dynamic_content_link=&#8221;&#8221;][\/services_medium][\/vc_column_inner][\/vc_row_inner][vc_btn title=&#8221;Mehr Informationen anfordern&#8221; color=&#8221;warning&#8221; size=&#8221;lg&#8221; align=&#8221;center&#8221; link=&#8221;url:%23form|||&#8221;][\/vc_column][\/vc_row][vc_row top_padding=&#8221;60&#8243; el_id=&#8221;faqs&#8221;][vc_column][vc_column_text]<\/p>\n<p style=\"text-align: center;\"><span style=\"font-size: 25px; color: #000; font-weight: normal; line-height: 23px;\">H\u00e4ufig gestellte Fragen<\/span><\/p>\n<p style=\"text-align: center;\"><span style=\"font-size: 50px; color: #000; font-weight: bold; line-height: 48px;\">FAQ&#8217;s<\/span><\/p>\n<p>[\/vc_column_text][vc_row_inner][vc_column_inner width=&#8221;1\/2&#8243;][faq style=&#8221;style_3&#8243; faq_cat=&#8221;359&#8243;][\/vc_column_inner][vc_column_inner width=&#8221;1\/2&#8243;][media link=&#8221;&#8221; image=&#8221;10495&#8243;][\/vc_column_inner][\/vc_row_inner][\/vc_column][\/vc_row][vc_row type=&#8221;full_width_background&#8221; bg_color=&#8221;#f4f4f4&#8243; el_id=&#8221;form&#8221;][vc_column width=&#8221;1\/6&#8243;][\/vc_column][vc_column width=&#8221;2\/3&#8243;][vc_column_text]<\/p>\n<h2 style=\"text-align: center; font-size: 50px; color: #000; font-weight: bold; line-height: 48px;\">Fragen Sie nach Preisinformationen<\/h2>\n<p>[\/vc_column_text][vc_column_text]<script charset=\"utf-8\" type=\"text\/javascript\" src=\"\/\/js.hsforms.net\/forms\/embed\/v2.js\"><\/script><br \/>\n<script>\n  hbspt.forms.create({\n    region: \"na1\",\n    portalId: \"19939676\",\n    formId: \"1ca25961-ed98-4b86-bb20-9a661913dc88\"\n  });\n<\/script>[\/vc_column_text][\/vc_column][vc_column width=&#8221;1\/6&#8243;][\/vc_column][\/vc_row]<\/p>\n<\/div>","protected":false},"excerpt":{"rendered":"<p>[vc_row top_padding=&#8221;10&#8243; bottom_padding=&#8221;40&#8243; el_id=&#8221;quemsomo&#8221;][vc_column width=&#8221;2\/3&#8243;][vc_column_text css=&#8221;.vc_custom_1616581411150{margin-bottom: 30px !important;}&#8221;] WER WIR SIND [\/vc_column_text][vc_column_text css=&#8221;.vc_custom_1616512498310{margin-bottom: 30px !important;border-bottom-width: 30px !important;padding-bottom: 30px !important;}&#8221;]Suchen Sie eine unterhaltsame L\u00f6sung f\u00fcr die ganze Familie? Kommen Sie und landen Sie den richtigen Treffer mit uns. Unsere Hauptaufgabe ist es, Familien und Freunden lustige Freizeitmomente anzubieten. Mit mehr als 50 Jahren Erfahrung haben wir [&hellip;]<\/p>\n","protected":false},"author":2,"featured_media":14010,"parent":0,"menu_order":0,"comment_status":"closed","ping_status":"closed","template":"","meta":{"content-type":"","footnotes":""},"class_list":["post-13783","page","type-page","status-publish","has-post-thumbnail","hentry"],"yoast_head":"<!-- This site is optimized with the Yoast SEO plugin v27.3 - https:\/\/yoast.com\/product\/yoast-seo-wordpress\/ -->\n<title>Neues Jahr Neue M\u00f6glichkeiten | Rabatte bis zu -50%<\/title>\n<meta name=\"description\" content=\"7 Angebote mit bis zu 50% Rabatt.\" \/>\n<meta name=\"robots\" content=\"noindex, nofollow\" \/>\n<meta property=\"og:locale\" content=\"de_DE\" \/>\n<meta property=\"og:type\" content=\"article\" \/>\n<meta property=\"og:title\" content=\"Neues Jahr Neue M\u00f6glichkeiten | Rabatte bis zu -50%\" \/>\n<meta property=\"og:description\" content=\"5 Angebote mit bis zu 50% Rabatt.\" \/>\n<meta property=\"og:url\" content=\"https:\/\/lusogolfe.com\/de\/neues-jahr-neue-moeglichkeiten\/\" \/>\n<meta property=\"og:site_name\" content=\"Lusogolfe\" \/>\n<meta property=\"article:publisher\" content=\"https:\/\/www.facebook.com\/lusogolfe\/\" \/>\n<meta property=\"article:modified_time\" content=\"2023-02-03T14:58:14+00:00\" \/>\n<meta property=\"og:image\" content=\"https:\/\/lusogolfe.com\/wp-content\/uploads\/2023\/01\/GER-Cover.jpg\" \/>\n\t<meta property=\"og:image:width\" content=\"1200\" \/>\n\t<meta property=\"og:image:height\" content=\"629\" \/>\n\t<meta property=\"og:image:type\" content=\"image\/jpeg\" \/>\n<meta name=\"twitter:card\" content=\"summary_large_image\" \/>\n<meta name=\"twitter:label1\" content=\"Gesch\u00e4tzte Lesezeit\" \/>\n\t<meta name=\"twitter:data1\" content=\"4\u00a0Minuten\" \/>\n<script type=\"application\/ld+json\" class=\"yoast-schema-graph\">{\"@context\":\"https:\\\/\\\/schema.org\",\"@graph\":[{\"@type\":\"WebPage\",\"@id\":\"https:\\\/\\\/lusogolfe.com\\\/de\\\/neues-jahr-neue-moeglichkeiten\\\/\",\"url\":\"https:\\\/\\\/lusogolfe.com\\\/de\\\/neues-jahr-neue-moeglichkeiten\\\/\",\"name\":\"Neues Jahr Neue M\u00f6glichkeiten | Rabatte bis zu -50%\",\"isPartOf\":{\"@id\":\"http:\\\/\\\/lusogolfe.com\\\/#website\"},\"primaryImageOfPage\":{\"@id\":\"https:\\\/\\\/lusogolfe.com\\\/de\\\/neues-jahr-neue-moeglichkeiten\\\/#primaryimage\"},\"image\":{\"@id\":\"https:\\\/\\\/lusogolfe.com\\\/de\\\/neues-jahr-neue-moeglichkeiten\\\/#primaryimage\"},\"thumbnailUrl\":\"https:\\\/\\\/lusogolfe.com\\\/wp-content\\\/uploads\\\/2023\\\/01\\\/GER-Cover.jpg\",\"datePublished\":\"2023-01-05T14:15:12+00:00\",\"dateModified\":\"2023-02-03T14:58:14+00:00\",\"description\":\"7 Angebote mit bis zu 50% Rabatt.\",\"breadcrumb\":{\"@id\":\"https:\\\/\\\/lusogolfe.com\\\/de\\\/neues-jahr-neue-moeglichkeiten\\\/#breadcrumb\"},\"inLanguage\":\"de\",\"potentialAction\":[{\"@type\":\"ReadAction\",\"target\":[\"https:\\\/\\\/lusogolfe.com\\\/de\\\/neues-jahr-neue-moeglichkeiten\\\/\"]}]},{\"@type\":\"ImageObject\",\"inLanguage\":\"de\",\"@id\":\"https:\\\/\\\/lusogolfe.com\\\/de\\\/neues-jahr-neue-moeglichkeiten\\\/#primaryimage\",\"url\":\"https:\\\/\\\/lusogolfe.com\\\/wp-content\\\/uploads\\\/2023\\\/01\\\/GER-Cover.jpg\",\"contentUrl\":\"https:\\\/\\\/lusogolfe.com\\\/wp-content\\\/uploads\\\/2023\\\/01\\\/GER-Cover.jpg\",\"width\":1200,\"height\":629},{\"@type\":\"BreadcrumbList\",\"@id\":\"https:\\\/\\\/lusogolfe.com\\\/de\\\/neues-jahr-neue-moeglichkeiten\\\/#breadcrumb\",\"itemListElement\":[{\"@type\":\"ListItem\",\"position\":1,\"name\":\"Portada\",\"item\":\"http:\\\/\\\/lusogolfe.com\\\/\"},{\"@type\":\"ListItem\",\"position\":2,\"name\":\"Neues Jahr Neue M\u00f6glichkeiten | Rabatte bis zu -50%\"}]},{\"@type\":\"WebSite\",\"@id\":\"http:\\\/\\\/lusogolfe.com\\\/#website\",\"url\":\"http:\\\/\\\/lusogolfe.com\\\/\",\"name\":\"Lusogolfe\",\"description\":\"Everything for Minigolf\",\"publisher\":{\"@id\":\"http:\\\/\\\/lusogolfe.com\\\/#organization\"},\"potentialAction\":[{\"@type\":\"SearchAction\",\"target\":{\"@type\":\"EntryPoint\",\"urlTemplate\":\"http:\\\/\\\/lusogolfe.com\\\/?s={search_term_string}\"},\"query-input\":{\"@type\":\"PropertyValueSpecification\",\"valueRequired\":true,\"valueName\":\"search_term_string\"}}],\"inLanguage\":\"de\"},{\"@type\":\"Organization\",\"@id\":\"http:\\\/\\\/lusogolfe.com\\\/#organization\",\"name\":\"Lusogolfe\",\"url\":\"http:\\\/\\\/lusogolfe.com\\\/\",\"logo\":{\"@type\":\"ImageObject\",\"inLanguage\":\"de\",\"@id\":\"http:\\\/\\\/lusogolfe.com\\\/#\\\/schema\\\/logo\\\/image\\\/\",\"url\":\"http:\\\/\\\/lusogolfe.com\\\/wp-content\\\/uploads\\\/2023\\\/05\\\/Lusogolfe-55years.png\",\"contentUrl\":\"http:\\\/\\\/lusogolfe.com\\\/wp-content\\\/uploads\\\/2023\\\/05\\\/Lusogolfe-55years.png\",\"width\":1128,\"height\":768,\"caption\":\"Lusogolfe\"},\"image\":{\"@id\":\"http:\\\/\\\/lusogolfe.com\\\/#\\\/schema\\\/logo\\\/image\\\/\"},\"sameAs\":[\"https:\\\/\\\/www.facebook.com\\\/lusogolfe\\\/\",\"https:\\\/\\\/www.linkedin.com\\\/company\\\/lusogolfe\",\"https:\\\/\\\/www.youtube.com\\\/lusogolfe\",\"https:\\\/\\\/www.instagram.com\\\/lusogolfe\"]}]}<\/script>\n<!-- \/ Yoast SEO plugin. -->","yoast_head_json":{"title":"Neues Jahr Neue M\u00f6glichkeiten | Rabatte bis zu -50%","description":"7 Angebote mit bis zu 50% Rabatt.","robots":{"index":"noindex","follow":"nofollow"},"og_locale":"de_DE","og_type":"article","og_title":"Neues Jahr Neue M\u00f6glichkeiten | Rabatte bis zu -50%","og_description":"5 Angebote mit bis zu 50% Rabatt.","og_url":"https:\/\/lusogolfe.com\/de\/neues-jahr-neue-moeglichkeiten\/","og_site_name":"Lusogolfe","article_publisher":"https:\/\/www.facebook.com\/lusogolfe\/","article_modified_time":"2023-02-03T14:58:14+00:00","og_image":[{"width":1200,"height":629,"url":"https:\/\/lusogolfe.com\/wp-content\/uploads\/2023\/01\/GER-Cover.jpg","type":"image\/jpeg"}],"twitter_card":"summary_large_image","twitter_misc":{"Gesch\u00e4tzte Lesezeit":"4\u00a0Minuten"},"schema":{"@context":"https:\/\/schema.org","@graph":[{"@type":"WebPage","@id":"https:\/\/lusogolfe.com\/de\/neues-jahr-neue-moeglichkeiten\/","url":"https:\/\/lusogolfe.com\/de\/neues-jahr-neue-moeglichkeiten\/","name":"Neues Jahr Neue M\u00f6glichkeiten | Rabatte bis zu -50%","isPartOf":{"@id":"http:\/\/lusogolfe.com\/#website"},"primaryImageOfPage":{"@id":"https:\/\/lusogolfe.com\/de\/neues-jahr-neue-moeglichkeiten\/#primaryimage"},"image":{"@id":"https:\/\/lusogolfe.com\/de\/neues-jahr-neue-moeglichkeiten\/#primaryimage"},"thumbnailUrl":"https:\/\/lusogolfe.com\/wp-content\/uploads\/2023\/01\/GER-Cover.jpg","datePublished":"2023-01-05T14:15:12+00:00","dateModified":"2023-02-03T14:58:14+00:00","description":"7 Angebote mit bis zu 50% Rabatt.","breadcrumb":{"@id":"https:\/\/lusogolfe.com\/de\/neues-jahr-neue-moeglichkeiten\/#breadcrumb"},"inLanguage":"de","potentialAction":[{"@type":"ReadAction","target":["https:\/\/lusogolfe.com\/de\/neues-jahr-neue-moeglichkeiten\/"]}]},{"@type":"ImageObject","inLanguage":"de","@id":"https:\/\/lusogolfe.com\/de\/neues-jahr-neue-moeglichkeiten\/#primaryimage","url":"https:\/\/lusogolfe.com\/wp-content\/uploads\/2023\/01\/GER-Cover.jpg","contentUrl":"https:\/\/lusogolfe.com\/wp-content\/uploads\/2023\/01\/GER-Cover.jpg","width":1200,"height":629},{"@type":"BreadcrumbList","@id":"https:\/\/lusogolfe.com\/de\/neues-jahr-neue-moeglichkeiten\/#breadcrumb","itemListElement":[{"@type":"ListItem","position":1,"name":"Portada","item":"http:\/\/lusogolfe.com\/"},{"@type":"ListItem","position":2,"name":"Neues Jahr Neue M\u00f6glichkeiten | Rabatte bis zu -50%"}]},{"@type":"WebSite","@id":"http:\/\/lusogolfe.com\/#website","url":"http:\/\/lusogolfe.com\/","name":"Lusogolfe","description":"Everything for Minigolf","publisher":{"@id":"http:\/\/lusogolfe.com\/#organization"},"potentialAction":[{"@type":"SearchAction","target":{"@type":"EntryPoint","urlTemplate":"http:\/\/lusogolfe.com\/?s={search_term_string}"},"query-input":{"@type":"PropertyValueSpecification","valueRequired":true,"valueName":"search_term_string"}}],"inLanguage":"de"},{"@type":"Organization","@id":"http:\/\/lusogolfe.com\/#organization","name":"Lusogolfe","url":"http:\/\/lusogolfe.com\/","logo":{"@type":"ImageObject","inLanguage":"de","@id":"http:\/\/lusogolfe.com\/#\/schema\/logo\/image\/","url":"http:\/\/lusogolfe.com\/wp-content\/uploads\/2023\/05\/Lusogolfe-55years.png","contentUrl":"http:\/\/lusogolfe.com\/wp-content\/uploads\/2023\/05\/Lusogolfe-55years.png","width":1128,"height":768,"caption":"Lusogolfe"},"image":{"@id":"http:\/\/lusogolfe.com\/#\/schema\/logo\/image\/"},"sameAs":["https:\/\/www.facebook.com\/lusogolfe\/","https:\/\/www.linkedin.com\/company\/lusogolfe","https:\/\/www.youtube.com\/lusogolfe","https:\/\/www.instagram.com\/lusogolfe"]}]}},"_links":{"self":[{"href":"https:\/\/lusogolfe.com\/de\/wp-json\/wp\/v2\/pages\/13783","targetHints":{"allow":["GET"]}}],"collection":[{"href":"https:\/\/lusogolfe.com\/de\/wp-json\/wp\/v2\/pages"}],"about":[{"href":"https:\/\/lusogolfe.com\/de\/wp-json\/wp\/v2\/types\/page"}],"author":[{"embeddable":true,"href":"https:\/\/lusogolfe.com\/de\/wp-json\/wp\/v2\/users\/2"}],"replies":[{"embeddable":true,"href":"https:\/\/lusogolfe.com\/de\/wp-json\/wp\/v2\/comments?post=13783"}],"version-history":[{"count":4,"href":"https:\/\/lusogolfe.com\/de\/wp-json\/wp\/v2\/pages\/13783\/revisions"}],"predecessor-version":[{"id":14443,"href":"https:\/\/lusogolfe.com\/de\/wp-json\/wp\/v2\/pages\/13783\/revisions\/14443"}],"wp:featuredmedia":[{"embeddable":true,"href":"https:\/\/lusogolfe.com\/de\/wp-json\/wp\/v2\/media\/14010"}],"wp:attachment":[{"href":"https:\/\/lusogolfe.com\/de\/wp-json\/wp\/v2\/media?parent=13783"}],"curies":[{"name":"wp","href":"https:\/\/api.w.org\/{rel}","templated":true}]}}