{"id":1672,"date":"2014-09-11T15:07:02","date_gmt":"2014-09-11T15:07:02","guid":{"rendered":"http:\/\/lusogolfe.com\/novo\/fr\/home\/"},"modified":"2026-02-12T09:10:41","modified_gmt":"2026-02-12T09:10:41","slug":"accueil","status":"publish","type":"page","link":"http:\/\/lusogolfe.com\/fr\/","title":{"rendered":"Lusogolfe | Tout pour le Minigolf"},"content":{"rendered":"<div class=\"wpb-content-wrapper\"><p>[vc_row][vc_column width=&#8221;1\/4&#8243;][services_medium title=&#8221;QUI SOMMES-NOUS ?&#8221; style=&#8221;style_3&#8243; icon_bool=&#8221;image&#8221; icon_color=&#8221;#eaa133&#8243; border_color=&#8221;#e1e1e1&#8243; dynamic_content_link=&#8221;https:\/\/lusogolfe.com\/fr\/sur-nous\/&#8221; image=&#8221;995&#8243;]Minigolf est notre passion, et veulent qu\u2019il soit le v\u00f4tre. Pourquoi? Parce qu\u2019il est amusant, intuitive et sociale. Nous sommes une \u00e9quipe avec des solutions diff\u00e9renci\u00e9es.[\/services_medium][\/vc_column][vc_column width=&#8221;1\/4&#8243;][services_medium title=&#8221;PRODUITS&#8221; style=&#8221;style_3&#8243; icon_bool=&#8221;image&#8221; icon_color=&#8221;#eaa133&#8243; border_color=&#8221;#e1e1e1&#8243; dynamic_content_link=&#8221;https:\/\/lusogolfe.com\/fr\/pistes-de-mini-golf\/&#8221; image=&#8221;994&#8243;]Nos produits sont des morceaux de bonne humeur qui peuvent contribuer \u00e0 la r\u00e9ussite de tout l\u2019espace de divertissement. Nous d\u00e9veloppons et proposons \u00e0 nos clients toutes sortes de solutions pour pratiquer le minigolf.[\/services_medium][\/vc_column][vc_column width=&#8221;1\/4&#8243;][services_medium title=&#8221;SERVICES&#8221; style=&#8221;style_3&#8243; icon_bool=&#8221;image&#8221; icon_color=&#8221;#eaa133&#8243; border_color=&#8221;#e1e1e1&#8243; dynamic_content_link=&#8221;https:\/\/lusogolfe.com\/fr\/services\/&#8221; image=&#8221;993&#8243;]Espaces petits ou grands sont notre d\u00e9fi. En outre, nous attirons parcours de golf \u00e0 vos besoins, nous louons, mettre en place et faire l\u2019entretien de tous les \u00e9quipements pour pratiquer le minigolf.[\/services_medium][\/vc_column][vc_column width=&#8221;1\/4&#8243;][services_medium title=&#8221;SOCIAL&#8221; style=&#8221;style_3&#8243; icon_bool=&#8221;image&#8221; icon_color=&#8221;#eaa133&#8243; border_color=&#8221;#e1e1e1&#8243; dynamic_content_link=&#8221;https:\/\/lusogolfe.com\/fr\/sur-nous\/&#8221; image=&#8221;991&#8243;]Contribuer au bien-\u00eatre de la soci\u00e9t\u00e9 par la pratique du Minigolf est notre objet social. Nous fabriquons et installons, mais nous voulons aller plus loin.[\/services_medium][\/vc_column][\/vc_row][vc_row][vc_column][block_title style=&#8221;column_title&#8221; inner_style=&#8221;inline_border&#8221; title=&#8221;PORTFOLIO R\u00c9CENT&#8221;][\/block_title][recent_portfolio columns=&#8221;4&#8243; carousel=&#8221;no&#8221;][\/vc_column][\/vc_row][vc_row][vc_column width=&#8221;1\/2&#8243;][block_title style=&#8221;column_title&#8221; inner_style=&#8221;inline_border&#8221; title=&#8221;Pourquoi un circuit minigolf?&#8221;][\/block_title][vc_accordion style=&#8221;style_3&#8243;][vc_accordion_tab title=&#8221;Dynamiser, cr\u00e9er de la valeur et rentabiliser&#8221; open=&#8221;1&#8243;][vc_column_text]Une activit\u00e9 sportive, de loisirs et de la concurrence, qui permet des moments de d\u00e9tente et de plaisir, le bien-\u00eatre et la convivialit\u00e9. Un circuit de golf miniature se diff\u00e9rencie et tr\u00e8s polyvalent. Son installation favorise la r\u00e9gion o\u00f9 elle op\u00e8re et r\u00e9habilite petits ou grands espaces. Pour sa fonction proactive et tr\u00e8s attrayante est \u00e9galement une solution rentable.[\/vc_column_text][\/vc_accordion_tab][vc_accordion_tab title=&#8221;Sport social et familial&#8221;][vc_column_text]Id\u00e9al pour les enfants, jeunes, adultes et personnes \u00e2g\u00e9es. Il est un jeu intuitif qui ne n\u00e9cessite pas notamment prouesses physiques. Jouer mini-golf est toujours un bon moment qui ravit les jeunes et les vieux. G\u00e9n\u00e8re des moments uniques de la socialisation entre les diff\u00e9rents praticiens, dans la famille et \/ ou avec des amis. Il est une activit\u00e9 tr\u00e8s stimulant, motivant, promeut la sant\u00e9, bien-\u00eatre et m\u00eame le bonheur.[\/vc_column_text][\/vc_accordion_tab][vc_accordion_tab title=&#8221;Comp\u00e9tition et divertissement&#8221;][vc_column_text]Le mini-golf est un sport avec de nombreux praticiens. Nous avons circuits homologu\u00e9s par la F\u00e9d\u00e9ration Portugaise et Mondiale de Minigolf qui r\u00e9pondent aux exigences n\u00e9cessaires pour la conduite des comp\u00e9titions. Un circuit homologu\u00e9 est toujours un atout qui permet au deux valences, la concurrence et les loisirs.[\/vc_column_text][\/vc_accordion_tab][vc_accordion_tab title=&#8221;La meilleure solution pour votre espace&#8221;][vc_column_text]La mise en \u0153uvre d\u2019un circuit minigolf est toujours un investissement dans la promotion du site dans lequel il est ins\u00e9r\u00e9. Un engagement pour la mise \u00e0 niveau de l\u2019espace. Notre \u00e9quipe a les valences n\u00e9cessaires pour vous offrir une solution \u00e0 votre besoin, adapt\u00e9 \u00e0 l\u2019espace disponible par vous.[\/vc_column_text][\/vc_accordion_tab][\/vc_accordion][\/vc_column][vc_column width=&#8221;1\/2&#8243;][block_title style=&#8221;column_title&#8221; inner_style=&#8221;inline_border&#8221; title=&#8221;Derni\u00e8res nouvelles&#8221;][\/block_title][recent_news style=&#8221;vertical&#8221;][\/vc_column][\/vc_row][vc_row][vc_column][block_title style=&#8221;column_title&#8221; inner_style=&#8221;inline_border&#8221; title=&#8221;R\u00e9f\u00e9rences&#8221;][\/block_title][\/vc_column][\/vc_row][vc_row][vc_column][clients carousel=&#8221;no&#8221;][\/vc_column][\/vc_row]<\/p>\n<\/div>","protected":false},"excerpt":{"rendered":"<p>[vc_row][vc_column width=&#8221;1\/4&#8243;][services_medium title=&#8221;QUI SOMMES-NOUS ?&#8221; style=&#8221;style_3&#8243; icon_bool=&#8221;image&#8221; icon_color=&#8221;#eaa133&#8243; border_color=&#8221;#e1e1e1&#8243; dynamic_content_link=&#8221;https:\/\/lusogolfe.com\/fr\/sur-nous\/&#8221; image=&#8221;995&#8243;]Minigolf est notre passion, et veulent qu\u2019il soit le v\u00f4tre. Pourquoi? Parce qu\u2019il est amusant, intuitive et sociale. Nous sommes une \u00e9quipe avec des solutions diff\u00e9renci\u00e9es.[\/services_medium][\/vc_column][vc_column width=&#8221;1\/4&#8243;][services_medium title=&#8221;PRODUITS&#8221; style=&#8221;style_3&#8243; icon_bool=&#8221;image&#8221; icon_color=&#8221;#eaa133&#8243; border_color=&#8221;#e1e1e1&#8243; dynamic_content_link=&#8221;https:\/\/lusogolfe.com\/fr\/pistes-de-mini-golf\/&#8221; image=&#8221;994&#8243;]Nos produits sont des morceaux de bonne humeur qui peuvent contribuer \u00e0 [&hellip;]<\/p>\n","protected":false},"author":2,"featured_media":0,"parent":0,"menu_order":0,"comment_status":"closed","ping_status":"closed","template":"","meta":{"content-type":"","footnotes":""},"class_list":["post-1672","page","type-page","status-publish","hentry"],"yoast_head":"<!-- This site is optimized with the Yoast SEO plugin v27.4 - https:\/\/yoast.com\/product\/yoast-seo-wordpress\/ -->\n<title>Lusogolfe - 50 ans de Minigolf | Pistes et Accessoires<\/title>\n<meta name=\"description\" content=\"Minigolf est notre passion et veulent qu\u2019il soit le v\u00f4tre. Pourquoi? Parce qu\u2019il est amusant, intuitive et sociale! D\u00e9couvrez nos solutions.\" \/>\n<meta name=\"robots\" content=\"index, follow, max-snippet:-1, max-image-preview:large, max-video-preview:-1\" \/>\n<link rel=\"canonical\" href=\"http:\/\/lusogolfe.com\/fr\/\" \/>\n<meta property=\"og:locale\" content=\"fr_FR\" \/>\n<meta property=\"og:type\" content=\"article\" \/>\n<meta property=\"og:title\" content=\"Lusogolfe - 50 ans de Minigolf | Pistes et Accessoires\" \/>\n<meta property=\"og:description\" content=\"Minigolf est notre passion et veulent qu\u2019il soit le v\u00f4tre. Pourquoi? Parce qu\u2019il est amusant, intuitive et sociale! D\u00e9couvrez nos solutions.\" \/>\n<meta property=\"og:url\" content=\"http:\/\/lusogolfe.com\/fr\/\" \/>\n<meta property=\"og:site_name\" content=\"Lusogolfe\" \/>\n<meta property=\"article:publisher\" content=\"https:\/\/www.facebook.com\/lusogolfe\/\" \/>\n<meta property=\"article:modified_time\" content=\"2026-02-12T09:10:41+00:00\" \/>\n<meta property=\"og:image\" content=\"http:\/\/lusogolfe.com\/wp-content\/uploads\/2016\/10\/49-anos-Lusogolfe.jpg\" \/>\n\t<meta property=\"og:image:width\" content=\"1\" \/>\n\t<meta property=\"og:image:height\" content=\"1\" \/>\n\t<meta property=\"og:image:type\" content=\"image\/jpeg\" \/>\n<meta name=\"twitter:card\" content=\"summary_large_image\" \/>\n<meta name=\"twitter:label1\" content=\"Dur\u00e9e de lecture estim\u00e9e\" \/>\n\t<meta name=\"twitter:data1\" content=\"3 minutes\" \/>\n<script type=\"application\/ld+json\" class=\"yoast-schema-graph\">{\"@context\":\"https:\\\/\\\/schema.org\",\"@graph\":[{\"@type\":\"WebPage\",\"@id\":\"http:\\\/\\\/lusogolfe.com\\\/fr\\\/\",\"url\":\"http:\\\/\\\/lusogolfe.com\\\/fr\\\/\",\"name\":\"Lusogolfe - 50 ans de Minigolf | Pistes et Accessoires\",\"isPartOf\":{\"@id\":\"https:\\\/\\\/lusogolfe.com\\\/#website\"},\"datePublished\":\"2014-09-11T15:07:02+00:00\",\"dateModified\":\"2026-02-12T09:10:41+00:00\",\"description\":\"Minigolf est notre passion et veulent qu\u2019il soit le v\u00f4tre. Pourquoi? Parce qu\u2019il est amusant, intuitive et sociale! D\u00e9couvrez nos solutions.\",\"breadcrumb\":{\"@id\":\"http:\\\/\\\/lusogolfe.com\\\/fr\\\/#breadcrumb\"},\"inLanguage\":\"fr-FR\",\"potentialAction\":[{\"@type\":\"ReadAction\",\"target\":[\"http:\\\/\\\/lusogolfe.com\\\/fr\\\/\"]}]},{\"@type\":\"BreadcrumbList\",\"@id\":\"http:\\\/\\\/lusogolfe.com\\\/fr\\\/#breadcrumb\",\"itemListElement\":[{\"@type\":\"ListItem\",\"position\":1,\"name\":\"Portada\",\"item\":\"http:\\\/\\\/lusogolfe.com\\\/fr\\\/\"},{\"@type\":\"ListItem\",\"position\":2,\"name\":\"Lusogolfe | Tout pour le Minigolf\"}]},{\"@type\":\"WebSite\",\"@id\":\"https:\\\/\\\/lusogolfe.com\\\/#website\",\"url\":\"https:\\\/\\\/lusogolfe.com\\\/\",\"name\":\"Lusogolfe\",\"description\":\"Everything for Minigolf\",\"publisher\":{\"@id\":\"https:\\\/\\\/lusogolfe.com\\\/#organization\"},\"potentialAction\":[{\"@type\":\"SearchAction\",\"target\":{\"@type\":\"EntryPoint\",\"urlTemplate\":\"https:\\\/\\\/lusogolfe.com\\\/?s={search_term_string}\"},\"query-input\":{\"@type\":\"PropertyValueSpecification\",\"valueRequired\":true,\"valueName\":\"search_term_string\"}}],\"inLanguage\":\"fr-FR\"},{\"@type\":\"Organization\",\"@id\":\"https:\\\/\\\/lusogolfe.com\\\/#organization\",\"name\":\"Lusogolfe\",\"url\":\"https:\\\/\\\/lusogolfe.com\\\/\",\"logo\":{\"@type\":\"ImageObject\",\"inLanguage\":\"fr-FR\",\"@id\":\"https:\\\/\\\/lusogolfe.com\\\/#\\\/schema\\\/logo\\\/image\\\/\",\"url\":\"http:\\\/\\\/lusogolfe.com\\\/wp-content\\\/uploads\\\/2023\\\/05\\\/Lusogolfe-55years.png\",\"contentUrl\":\"http:\\\/\\\/lusogolfe.com\\\/wp-content\\\/uploads\\\/2023\\\/05\\\/Lusogolfe-55years.png\",\"width\":1128,\"height\":768,\"caption\":\"Lusogolfe\"},\"image\":{\"@id\":\"https:\\\/\\\/lusogolfe.com\\\/#\\\/schema\\\/logo\\\/image\\\/\"},\"sameAs\":[\"https:\\\/\\\/www.facebook.com\\\/lusogolfe\\\/\",\"https:\\\/\\\/www.linkedin.com\\\/company\\\/lusogolfe\",\"https:\\\/\\\/www.youtube.com\\\/lusogolfe\",\"https:\\\/\\\/www.instagram.com\\\/lusogolfe\"]}]}<\/script>\n<!-- \/ Yoast SEO plugin. -->","yoast_head_json":{"title":"Lusogolfe - 50 ans de Minigolf | Pistes et Accessoires","description":"Minigolf est notre passion et veulent qu\u2019il soit le v\u00f4tre. Pourquoi? Parce qu\u2019il est amusant, intuitive et sociale! D\u00e9couvrez nos solutions.","robots":{"index":"index","follow":"follow","max-snippet":"max-snippet:-1","max-image-preview":"max-image-preview:large","max-video-preview":"max-video-preview:-1"},"canonical":"http:\/\/lusogolfe.com\/fr\/","og_locale":"fr_FR","og_type":"article","og_title":"Lusogolfe - 50 ans de Minigolf | Pistes et Accessoires","og_description":"Minigolf est notre passion et veulent qu\u2019il soit le v\u00f4tre. Pourquoi? Parce qu\u2019il est amusant, intuitive et sociale! D\u00e9couvrez nos solutions.","og_url":"http:\/\/lusogolfe.com\/fr\/","og_site_name":"Lusogolfe","article_publisher":"https:\/\/www.facebook.com\/lusogolfe\/","article_modified_time":"2026-02-12T09:10:41+00:00","og_image":[{"url":"http:\/\/lusogolfe.com\/wp-content\/uploads\/2016\/10\/49-anos-Lusogolfe.jpg","width":1,"height":1,"type":"image\/jpeg"}],"twitter_card":"summary_large_image","twitter_misc":{"Dur\u00e9e de lecture estim\u00e9e":"3 minutes"},"schema":{"@context":"https:\/\/schema.org","@graph":[{"@type":"WebPage","@id":"http:\/\/lusogolfe.com\/fr\/","url":"http:\/\/lusogolfe.com\/fr\/","name":"Lusogolfe - 50 ans de Minigolf | Pistes et Accessoires","isPartOf":{"@id":"https:\/\/lusogolfe.com\/#website"},"datePublished":"2014-09-11T15:07:02+00:00","dateModified":"2026-02-12T09:10:41+00:00","description":"Minigolf est notre passion et veulent qu\u2019il soit le v\u00f4tre. Pourquoi? Parce qu\u2019il est amusant, intuitive et sociale! D\u00e9couvrez nos solutions.","breadcrumb":{"@id":"http:\/\/lusogolfe.com\/fr\/#breadcrumb"},"inLanguage":"fr-FR","potentialAction":[{"@type":"ReadAction","target":["http:\/\/lusogolfe.com\/fr\/"]}]},{"@type":"BreadcrumbList","@id":"http:\/\/lusogolfe.com\/fr\/#breadcrumb","itemListElement":[{"@type":"ListItem","position":1,"name":"Portada","item":"http:\/\/lusogolfe.com\/fr\/"},{"@type":"ListItem","position":2,"name":"Lusogolfe | Tout pour le Minigolf"}]},{"@type":"WebSite","@id":"https:\/\/lusogolfe.com\/#website","url":"https:\/\/lusogolfe.com\/","name":"Lusogolfe","description":"Everything for Minigolf","publisher":{"@id":"https:\/\/lusogolfe.com\/#organization"},"potentialAction":[{"@type":"SearchAction","target":{"@type":"EntryPoint","urlTemplate":"https:\/\/lusogolfe.com\/?s={search_term_string}"},"query-input":{"@type":"PropertyValueSpecification","valueRequired":true,"valueName":"search_term_string"}}],"inLanguage":"fr-FR"},{"@type":"Organization","@id":"https:\/\/lusogolfe.com\/#organization","name":"Lusogolfe","url":"https:\/\/lusogolfe.com\/","logo":{"@type":"ImageObject","inLanguage":"fr-FR","@id":"https:\/\/lusogolfe.com\/#\/schema\/logo\/image\/","url":"http:\/\/lusogolfe.com\/wp-content\/uploads\/2023\/05\/Lusogolfe-55years.png","contentUrl":"http:\/\/lusogolfe.com\/wp-content\/uploads\/2023\/05\/Lusogolfe-55years.png","width":1128,"height":768,"caption":"Lusogolfe"},"image":{"@id":"https:\/\/lusogolfe.com\/#\/schema\/logo\/image\/"},"sameAs":["https:\/\/www.facebook.com\/lusogolfe\/","https:\/\/www.linkedin.com\/company\/lusogolfe","https:\/\/www.youtube.com\/lusogolfe","https:\/\/www.instagram.com\/lusogolfe"]}]}},"_links":{"self":[{"href":"http:\/\/lusogolfe.com\/fr\/wp-json\/wp\/v2\/pages\/1672","targetHints":{"allow":["GET"]}}],"collection":[{"href":"http:\/\/lusogolfe.com\/fr\/wp-json\/wp\/v2\/pages"}],"about":[{"href":"http:\/\/lusogolfe.com\/fr\/wp-json\/wp\/v2\/types\/page"}],"author":[{"embeddable":true,"href":"http:\/\/lusogolfe.com\/fr\/wp-json\/wp\/v2\/users\/2"}],"replies":[{"embeddable":true,"href":"http:\/\/lusogolfe.com\/fr\/wp-json\/wp\/v2\/comments?post=1672"}],"version-history":[{"count":5,"href":"http:\/\/lusogolfe.com\/fr\/wp-json\/wp\/v2\/pages\/1672\/revisions"}],"predecessor-version":[{"id":13368,"href":"http:\/\/lusogolfe.com\/fr\/wp-json\/wp\/v2\/pages\/1672\/revisions\/13368"}],"wp:attachment":[{"href":"http:\/\/lusogolfe.com\/fr\/wp-json\/wp\/v2\/media?parent=1672"}],"curies":[{"name":"wp","href":"https:\/\/api.w.org\/{rel}","templated":true}]}}