{"id":16677,"date":"2025-02-19T15:31:50","date_gmt":"2025-02-19T15:31:50","guid":{"rendered":"https:\/\/lusogolfe.com\/pistes-de-mini-golf\/smart-blacklight-golf\/"},"modified":"2025-03-20T15:39:53","modified_gmt":"2025-03-20T15:39:53","slug":"blacklight-golf","status":"publish","type":"page","link":"http:\/\/lusogolfe.com\/fr\/pistes-de-mini-golf\/blacklight-golf\/","title":{"rendered":"Blacklight Golf"},"content":{"rendered":"<div class=\"wpb-content-wrapper\"><p>[vc_row][vc_column][vc_column_text]<\/p>\n<h1><span style=\"color: black; font-size: 24px; font-weight: bold;\">PISTES DE MINIGOLF BLACKLIGHT GOLF<\/span><\/h1>\n<h2><span style=\"color: #662483; font-size: 17px;\">D\u00e9couvrez notre s\u00e9lection exclusive de parcours de minigolf pour lumi\u00e8re noire !<\/span><\/h2>\n<p>[\/vc_column_text][vc_row_inner][vc_column_inner width=&#8221;2\/3&#8243;][vc_gallery interval=&#8221;5&#8243; images=&#8221;16697,16717,16712,16707,16702,15558,15553,15548,15543,16740,16745&#8243; img_size=&#8221;full&#8221; css=&#8221;.vc_custom_1739978512327{margin-bottom: -40px !important;}&#8221;][\/vc_column_inner][vc_column_inner width=&#8221;1\/3&#8243;][vc_column_text]<\/p>\n<h2><span style=\"color: #662483; font-size: 17px;\">Description<\/span><\/h2>\n<p>O\u00f9 le plaisir prend vie de mani\u00e8re unique, dans une exp\u00e9rience de Minigolf comme aucune autre. Parcourez des d\u00e9cors \u00e9blouissants, pleins de couleurs vibrantes et de d\u00e9fis intrigants, tandis que la lumi\u00e8re noire cr\u00e9e une atmosph\u00e8re magique.<\/p>\n<ul>\n<li style=\"text-align: left;\"><strong>Blacklight Golf<\/strong><\/li>\n<li style=\"text-align: left;\">Installation facile<\/li>\n<li style=\"text-align: left;\">Maintenance r\u00e9duite<\/li>\n<li style=\"text-align: left;\">Obstacles cr\u00e9atifs<\/li>\n<\/ul>\n<p>[\/vc_column_text][button title=&#8221;Obtenir un devis&#8221; link=&#8221;https:\/\/lusogolfe.com\/fr\/pistes-de-mini-golf\/budget\/&#8221; icon=&#8221;steadysets-icon-arrow-right&#8221; button_bool=&#8221;yes&#8221; button_2_title=&#8221;Catalogue&#8221; button_2_link=&#8221;https:\/\/lusogolfe.com\/wp-content\/uploads\/2025\/03\/FRA-Catalogue-Minigolf-Blacklight-Golf-Lusogolfe-2025.pdf&#8221;][vc_column_text css=&#8221;.vc_custom_1585756473376{margin-top: -15px !important;}&#8221;][\/vc_column_text][\/vc_column_inner][\/vc_row_inner][\/vc_column][\/vc_row][vc_row][vc_column css=&#8221;.vc_custom_1513005826052{margin-top: -40px !important;border-top-width: -40px !important;padding-top: -40px !important;}&#8221;][vc_column_text]<\/p>\n<h2><span style=\"color: black;\">PROJETS DE BLACKLIGHT GOLF<\/span><\/h2>\n<p>[\/vc_column_text][recent_portfolio columns=&#8221;4&#8243; carousel=&#8221;no&#8221; from_where=&#8221;cat&#8221; category=&#8221;378&#8243;][\/vc_column][\/vc_row][vc_row top_padding=&#8221;30&#8243;][vc_column css=&#8221;.vc_custom_1512658481791{margin-top: -30px !important;}&#8221;][vc_column_text]<\/p>\n<h2><span style=\"color: black;\">QUI REGARDE BLACKLIGHT GOLF AIME AUSSI<\/span><\/h2>\n<p>[\/vc_column_text][vc_row_inner][vc_column_inner width=&#8221;1\/3&#8243;][vc_column_text css=&#8221;.vc_custom_1552067280035{margin-bottom: 15px !important;}&#8221;]<\/p>\n<h2 style=\"text-align: left;\"><a href=\"https:\/\/lusogolfe.com\/fr\/pistes-de-mini-golf\/easy-golf\/\"><img decoding=\"async\" class=\"alignnone size-full wp-image-2312\" src=\"https:\/\/lusogolfe.com\/wp-content\/uploads\/2016\/10\/Easy-Golf-Lusogolfe.jpg\" alt=\"Easy Golf Lusogolfe\" \/><\/a><\/h2>\n<h2 style=\"text-align: left;\"><a href=\"https:\/\/lusogolfe.com\/fr\/pistes-de-mini-golf\/easy-golf\/\">Easy Golf<\/a><\/h2>\n<p style=\"text-align: left;\">Son design simple, il est anim\u00e9 par des obstacles qui amusent petits et captivent plus.<\/p>\n<p>[\/vc_column_text][\/vc_column_inner][vc_column_inner width=&#8221;1\/3&#8243;][vc_column_text css=&#8221;.vc_custom_1552067289170{margin-bottom: 15px !important;}&#8221;]<\/p>\n<h2 style=\"text-align: left;\"><a href=\"https:\/\/lusogolfe.com\/fr\/pistes-de-mini-golf\/maxi-golf\/\"><img loading=\"lazy\" decoding=\"async\" class=\"alignnone size-full wp-image-2313\" src=\"https:\/\/lusogolfe.com\/wp-content\/uploads\/2016\/10\/Maxi-Golf.jpg\" alt=\"Maxi Golf Lusogolfe\" width=\"319\" height=\"208\" srcset=\"http:\/\/lusogolfe.com\/wp-content\/uploads\/2016\/10\/Maxi-Golf.jpg 319w, http:\/\/lusogolfe.com\/wp-content\/uploads\/2016\/10\/Maxi-Golf-300x196.jpg 300w, http:\/\/lusogolfe.com\/wp-content\/uploads\/2016\/10\/Maxi-Golf-20x13.jpg 20w\" sizes=\"auto, (max-width: 319px) 100vw, 319px\" \/><\/a><\/h2>\n<h2 style=\"text-align: left;\"><a href=\"https:\/\/lusogolfe.com\/fr\/pistes-de-mini-golf\/maxi-golf\/\">Maxi Golf<\/a><\/h2>\n<p style=\"text-align: left;\">Id\u00e9al pour dynamiser un espace existant avec une activit\u00e9 saine, loisirs et bien-\u00eatre.<\/p>\n<p>[\/vc_column_text][\/vc_column_inner][vc_column_inner width=&#8221;1\/3&#8243;][vc_column_text css=&#8221;.vc_custom_1552067297826{margin-bottom: 15px !important;}&#8221;]<\/p>\n<h2 style=\"text-align: left;\"><a href=\"https:\/\/lusogolfe.com\/fr\/pistes-de-mini-golf\/challenge-golf\/\"><img loading=\"lazy\" decoding=\"async\" class=\"alignnone size-full wp-image-2309\" src=\"https:\/\/lusogolfe.com\/wp-content\/uploads\/2016\/10\/Challenge-Golf.jpg\" alt=\"Challenge Golf Lusogolfe\" width=\"319\" height=\"208\" srcset=\"http:\/\/lusogolfe.com\/wp-content\/uploads\/2016\/10\/Challenge-Golf.jpg 319w, http:\/\/lusogolfe.com\/wp-content\/uploads\/2016\/10\/Challenge-Golf-300x196.jpg 300w, http:\/\/lusogolfe.com\/wp-content\/uploads\/2016\/10\/Challenge-Golf-20x13.jpg 20w\" sizes=\"auto, (max-width: 319px) 100vw, 319px\" \/><\/a><\/h2>\n<h2 style=\"text-align: left;\"><a href=\"https:\/\/lusogolfe.com\/fr\/pistes-de-mini-golf\/challenge-golf\/\">Challenge Golf<\/a><\/h2>\n<p style=\"text-align: left;\">Durables et attrayants ces cours ont une longue dur\u00e9e de vie et reste toujours avec un regard moderne.<\/p>\n<p>[\/vc_column_text][\/vc_column_inner][\/vc_row_inner][\/vc_column][\/vc_row]<\/p>\n<\/div>","protected":false},"excerpt":{"rendered":"<p>[vc_row][vc_column][vc_column_text] PISTES DE MINIGOLF BLACKLIGHT GOLF D\u00e9couvrez notre s\u00e9lection exclusive de parcours de minigolf pour lumi\u00e8re noire ! [\/vc_column_text][vc_row_inner][vc_column_inner width=&#8221;2\/3&#8243;][vc_gallery interval=&#8221;5&#8243; images=&#8221;16697,16717,16712,16707,16702,15558,15553,15548,15543,16740,16745&#8243; img_size=&#8221;full&#8221; css=&#8221;.vc_custom_1739978512327{margin-bottom: -40px !important;}&#8221;][\/vc_column_inner][vc_column_inner width=&#8221;1\/3&#8243;][vc_column_text] Description O\u00f9 le plaisir prend vie de mani\u00e8re unique, dans une exp\u00e9rience de Minigolf comme aucune autre. Parcourez des d\u00e9cors \u00e9blouissants, pleins de couleurs vibrantes et de d\u00e9fis [&hellip;]<\/p>\n","protected":false},"author":2,"featured_media":0,"parent":1781,"menu_order":0,"comment_status":"closed","ping_status":"closed","template":"","meta":{"content-type":"","footnotes":""},"class_list":["post-16677","page","type-page","status-publish","hentry"],"yoast_head":"<!-- This site is optimized with the Yoast SEO plugin v27.3 - https:\/\/yoast.com\/product\/yoast-seo-wordpress\/ -->\n<title>Blacklight Golf - Lusogolfe<\/title>\n<meta name=\"description\" content=\"Rejoignez-nous et d\u00e9couvrez l\u2019univers vibrant du Blacklight Golf, o\u00f9 plaisir et sensations fortes sont garantis \u00e0 chaque coup !\" \/>\n<meta name=\"robots\" content=\"index, follow, max-snippet:-1, max-image-preview:large, max-video-preview:-1\" \/>\n<link rel=\"canonical\" href=\"https:\/\/lusogolfe.com\/fr\/pistes-de-mini-golf\/blacklight-golf\/\" \/>\n<meta property=\"og:locale\" content=\"fr_FR\" \/>\n<meta property=\"og:type\" content=\"article\" \/>\n<meta property=\"og:title\" content=\"Blacklight Golf - Lusogolfe\" \/>\n<meta property=\"og:description\" content=\"Rejoignez-nous et d\u00e9couvrez l\u2019univers vibrant du Blacklight Golf, o\u00f9 plaisir et sensations fortes sont garantis \u00e0 chaque coup !\" \/>\n<meta property=\"og:url\" content=\"https:\/\/lusogolfe.com\/fr\/pistes-de-mini-golf\/blacklight-golf\/\" \/>\n<meta property=\"og:site_name\" content=\"Lusogolfe\" \/>\n<meta property=\"article:publisher\" content=\"https:\/\/www.facebook.com\/lusogolfe\/\" \/>\n<meta property=\"article:modified_time\" content=\"2025-03-20T15:39:53+00:00\" \/>\n<meta property=\"og:image\" content=\"https:\/\/lusogolfe.com\/wp-content\/uploads\/2016\/10\/Easy-Golf-Lusogolfe.jpg\" \/>\n<meta name=\"twitter:card\" content=\"summary_large_image\" \/>\n<meta name=\"twitter:label1\" content=\"Dur\u00e9e de lecture estim\u00e9e\" \/>\n\t<meta name=\"twitter:data1\" content=\"4 minutes\" \/>\n<script type=\"application\/ld+json\" class=\"yoast-schema-graph\">{\"@context\":\"https:\\\/\\\/schema.org\",\"@graph\":[{\"@type\":\"WebPage\",\"@id\":\"https:\\\/\\\/lusogolfe.com\\\/fr\\\/pistes-de-mini-golf\\\/blacklight-golf\\\/\",\"url\":\"https:\\\/\\\/lusogolfe.com\\\/fr\\\/pistes-de-mini-golf\\\/blacklight-golf\\\/\",\"name\":\"Blacklight Golf - Lusogolfe\",\"isPartOf\":{\"@id\":\"https:\\\/\\\/lusogolfe.com\\\/fr\\\/#website\"},\"primaryImageOfPage\":{\"@id\":\"https:\\\/\\\/lusogolfe.com\\\/fr\\\/pistes-de-mini-golf\\\/blacklight-golf\\\/#primaryimage\"},\"image\":{\"@id\":\"https:\\\/\\\/lusogolfe.com\\\/fr\\\/pistes-de-mini-golf\\\/blacklight-golf\\\/#primaryimage\"},\"thumbnailUrl\":\"https:\\\/\\\/lusogolfe.com\\\/wp-content\\\/uploads\\\/2016\\\/10\\\/Easy-Golf-Lusogolfe.jpg\",\"datePublished\":\"2025-02-19T15:31:50+00:00\",\"dateModified\":\"2025-03-20T15:39:53+00:00\",\"description\":\"Rejoignez-nous et d\u00e9couvrez l\u2019univers vibrant du Blacklight Golf, o\u00f9 plaisir et sensations fortes sont garantis \u00e0 chaque coup !\",\"breadcrumb\":{\"@id\":\"https:\\\/\\\/lusogolfe.com\\\/fr\\\/pistes-de-mini-golf\\\/blacklight-golf\\\/#breadcrumb\"},\"inLanguage\":\"fr-FR\",\"potentialAction\":[{\"@type\":\"ReadAction\",\"target\":[\"https:\\\/\\\/lusogolfe.com\\\/fr\\\/pistes-de-mini-golf\\\/blacklight-golf\\\/\"]}]},{\"@type\":\"ImageObject\",\"inLanguage\":\"fr-FR\",\"@id\":\"https:\\\/\\\/lusogolfe.com\\\/fr\\\/pistes-de-mini-golf\\\/blacklight-golf\\\/#primaryimage\",\"url\":\"https:\\\/\\\/lusogolfe.com\\\/wp-content\\\/uploads\\\/2016\\\/10\\\/Easy-Golf-Lusogolfe.jpg\",\"contentUrl\":\"https:\\\/\\\/lusogolfe.com\\\/wp-content\\\/uploads\\\/2016\\\/10\\\/Easy-Golf-Lusogolfe.jpg\"},{\"@type\":\"BreadcrumbList\",\"@id\":\"https:\\\/\\\/lusogolfe.com\\\/fr\\\/pistes-de-mini-golf\\\/blacklight-golf\\\/#breadcrumb\",\"itemListElement\":[{\"@type\":\"ListItem\",\"position\":1,\"name\":\"Portada\",\"item\":\"https:\\\/\\\/lusogolfe.com\\\/fr\\\/\"},{\"@type\":\"ListItem\",\"position\":2,\"name\":\"Pistes de Minigolf\",\"item\":\"http:\\\/\\\/lusogolfe.com\\\/fr\\\/pistes-de-mini-golf\\\/\"},{\"@type\":\"ListItem\",\"position\":3,\"name\":\"Blacklight Golf\"}]},{\"@type\":\"WebSite\",\"@id\":\"https:\\\/\\\/lusogolfe.com\\\/fr\\\/#website\",\"url\":\"https:\\\/\\\/lusogolfe.com\\\/fr\\\/\",\"name\":\"Lusogolfe\",\"description\":\"Everything for Minigolf\",\"publisher\":{\"@id\":\"https:\\\/\\\/lusogolfe.com\\\/fr\\\/#organization\"},\"potentialAction\":[{\"@type\":\"SearchAction\",\"target\":{\"@type\":\"EntryPoint\",\"urlTemplate\":\"https:\\\/\\\/lusogolfe.com\\\/fr\\\/?s={search_term_string}\"},\"query-input\":{\"@type\":\"PropertyValueSpecification\",\"valueRequired\":true,\"valueName\":\"search_term_string\"}}],\"inLanguage\":\"fr-FR\"},{\"@type\":\"Organization\",\"@id\":\"https:\\\/\\\/lusogolfe.com\\\/fr\\\/#organization\",\"name\":\"Lusogolfe\",\"url\":\"https:\\\/\\\/lusogolfe.com\\\/fr\\\/\",\"logo\":{\"@type\":\"ImageObject\",\"inLanguage\":\"fr-FR\",\"@id\":\"https:\\\/\\\/lusogolfe.com\\\/fr\\\/#\\\/schema\\\/logo\\\/image\\\/\",\"url\":\"http:\\\/\\\/lusogolfe.com\\\/wp-content\\\/uploads\\\/2023\\\/05\\\/Lusogolfe-55years.png\",\"contentUrl\":\"http:\\\/\\\/lusogolfe.com\\\/wp-content\\\/uploads\\\/2023\\\/05\\\/Lusogolfe-55years.png\",\"width\":1128,\"height\":768,\"caption\":\"Lusogolfe\"},\"image\":{\"@id\":\"https:\\\/\\\/lusogolfe.com\\\/fr\\\/#\\\/schema\\\/logo\\\/image\\\/\"},\"sameAs\":[\"https:\\\/\\\/www.facebook.com\\\/lusogolfe\\\/\",\"https:\\\/\\\/www.linkedin.com\\\/company\\\/lusogolfe\",\"https:\\\/\\\/www.youtube.com\\\/lusogolfe\",\"https:\\\/\\\/www.instagram.com\\\/lusogolfe\"]}]}<\/script>\n<!-- \/ Yoast SEO plugin. -->","yoast_head_json":{"title":"Blacklight Golf - Lusogolfe","description":"Rejoignez-nous et d\u00e9couvrez l\u2019univers vibrant du Blacklight Golf, o\u00f9 plaisir et sensations fortes sont garantis \u00e0 chaque coup !","robots":{"index":"index","follow":"follow","max-snippet":"max-snippet:-1","max-image-preview":"max-image-preview:large","max-video-preview":"max-video-preview:-1"},"canonical":"https:\/\/lusogolfe.com\/fr\/pistes-de-mini-golf\/blacklight-golf\/","og_locale":"fr_FR","og_type":"article","og_title":"Blacklight Golf - Lusogolfe","og_description":"Rejoignez-nous et d\u00e9couvrez l\u2019univers vibrant du Blacklight Golf, o\u00f9 plaisir et sensations fortes sont garantis \u00e0 chaque coup !","og_url":"https:\/\/lusogolfe.com\/fr\/pistes-de-mini-golf\/blacklight-golf\/","og_site_name":"Lusogolfe","article_publisher":"https:\/\/www.facebook.com\/lusogolfe\/","article_modified_time":"2025-03-20T15:39:53+00:00","og_image":[{"url":"https:\/\/lusogolfe.com\/wp-content\/uploads\/2016\/10\/Easy-Golf-Lusogolfe.jpg","type":"","width":"","height":""}],"twitter_card":"summary_large_image","twitter_misc":{"Dur\u00e9e de lecture estim\u00e9e":"4 minutes"},"schema":{"@context":"https:\/\/schema.org","@graph":[{"@type":"WebPage","@id":"https:\/\/lusogolfe.com\/fr\/pistes-de-mini-golf\/blacklight-golf\/","url":"https:\/\/lusogolfe.com\/fr\/pistes-de-mini-golf\/blacklight-golf\/","name":"Blacklight Golf - Lusogolfe","isPartOf":{"@id":"https:\/\/lusogolfe.com\/fr\/#website"},"primaryImageOfPage":{"@id":"https:\/\/lusogolfe.com\/fr\/pistes-de-mini-golf\/blacklight-golf\/#primaryimage"},"image":{"@id":"https:\/\/lusogolfe.com\/fr\/pistes-de-mini-golf\/blacklight-golf\/#primaryimage"},"thumbnailUrl":"https:\/\/lusogolfe.com\/wp-content\/uploads\/2016\/10\/Easy-Golf-Lusogolfe.jpg","datePublished":"2025-02-19T15:31:50+00:00","dateModified":"2025-03-20T15:39:53+00:00","description":"Rejoignez-nous et d\u00e9couvrez l\u2019univers vibrant du Blacklight Golf, o\u00f9 plaisir et sensations fortes sont garantis \u00e0 chaque coup !","breadcrumb":{"@id":"https:\/\/lusogolfe.com\/fr\/pistes-de-mini-golf\/blacklight-golf\/#breadcrumb"},"inLanguage":"fr-FR","potentialAction":[{"@type":"ReadAction","target":["https:\/\/lusogolfe.com\/fr\/pistes-de-mini-golf\/blacklight-golf\/"]}]},{"@type":"ImageObject","inLanguage":"fr-FR","@id":"https:\/\/lusogolfe.com\/fr\/pistes-de-mini-golf\/blacklight-golf\/#primaryimage","url":"https:\/\/lusogolfe.com\/wp-content\/uploads\/2016\/10\/Easy-Golf-Lusogolfe.jpg","contentUrl":"https:\/\/lusogolfe.com\/wp-content\/uploads\/2016\/10\/Easy-Golf-Lusogolfe.jpg"},{"@type":"BreadcrumbList","@id":"https:\/\/lusogolfe.com\/fr\/pistes-de-mini-golf\/blacklight-golf\/#breadcrumb","itemListElement":[{"@type":"ListItem","position":1,"name":"Portada","item":"https:\/\/lusogolfe.com\/fr\/"},{"@type":"ListItem","position":2,"name":"Pistes de Minigolf","item":"http:\/\/lusogolfe.com\/fr\/pistes-de-mini-golf\/"},{"@type":"ListItem","position":3,"name":"Blacklight Golf"}]},{"@type":"WebSite","@id":"https:\/\/lusogolfe.com\/fr\/#website","url":"https:\/\/lusogolfe.com\/fr\/","name":"Lusogolfe","description":"Everything for Minigolf","publisher":{"@id":"https:\/\/lusogolfe.com\/fr\/#organization"},"potentialAction":[{"@type":"SearchAction","target":{"@type":"EntryPoint","urlTemplate":"https:\/\/lusogolfe.com\/fr\/?s={search_term_string}"},"query-input":{"@type":"PropertyValueSpecification","valueRequired":true,"valueName":"search_term_string"}}],"inLanguage":"fr-FR"},{"@type":"Organization","@id":"https:\/\/lusogolfe.com\/fr\/#organization","name":"Lusogolfe","url":"https:\/\/lusogolfe.com\/fr\/","logo":{"@type":"ImageObject","inLanguage":"fr-FR","@id":"https:\/\/lusogolfe.com\/fr\/#\/schema\/logo\/image\/","url":"http:\/\/lusogolfe.com\/wp-content\/uploads\/2023\/05\/Lusogolfe-55years.png","contentUrl":"http:\/\/lusogolfe.com\/wp-content\/uploads\/2023\/05\/Lusogolfe-55years.png","width":1128,"height":768,"caption":"Lusogolfe"},"image":{"@id":"https:\/\/lusogolfe.com\/fr\/#\/schema\/logo\/image\/"},"sameAs":["https:\/\/www.facebook.com\/lusogolfe\/","https:\/\/www.linkedin.com\/company\/lusogolfe","https:\/\/www.youtube.com\/lusogolfe","https:\/\/www.instagram.com\/lusogolfe"]}]}},"_links":{"self":[{"href":"http:\/\/lusogolfe.com\/fr\/wp-json\/wp\/v2\/pages\/16677","targetHints":{"allow":["GET"]}}],"collection":[{"href":"http:\/\/lusogolfe.com\/fr\/wp-json\/wp\/v2\/pages"}],"about":[{"href":"http:\/\/lusogolfe.com\/fr\/wp-json\/wp\/v2\/types\/page"}],"author":[{"embeddable":true,"href":"http:\/\/lusogolfe.com\/fr\/wp-json\/wp\/v2\/users\/2"}],"replies":[{"embeddable":true,"href":"http:\/\/lusogolfe.com\/fr\/wp-json\/wp\/v2\/comments?post=16677"}],"version-history":[{"count":7,"href":"http:\/\/lusogolfe.com\/fr\/wp-json\/wp\/v2\/pages\/16677\/revisions"}],"predecessor-version":[{"id":17063,"href":"http:\/\/lusogolfe.com\/fr\/wp-json\/wp\/v2\/pages\/16677\/revisions\/17063"}],"up":[{"embeddable":true,"href":"http:\/\/lusogolfe.com\/fr\/wp-json\/wp\/v2\/pages\/1781"}],"wp:attachment":[{"href":"http:\/\/lusogolfe.com\/fr\/wp-json\/wp\/v2\/media?parent=16677"}],"curies":[{"name":"wp","href":"https:\/\/api.w.org\/{rel}","templated":true}]}}