{"id":1673,"date":"2014-09-11T15:07:02","date_gmt":"2014-09-11T15:07:02","guid":{"rendered":"http:\/\/lusogolfe.com\/novo\/es\/home\/"},"modified":"2026-02-12T09:17:51","modified_gmt":"2026-02-12T09:17:51","slug":"inicio","status":"publish","type":"page","link":"http:\/\/lusogolfe.com\/es\/","title":{"rendered":"Lusogolfe | Todo para Minigolf"},"content":{"rendered":"<div class=\"wpb-content-wrapper\"><p>[vc_row][vc_column width=&#8221;1\/4&#8243;][services_medium title=&#8221;SOBRE NOSOTROS&#8221; style=&#8221;style_3&#8243; icon_bool=&#8221;image&#8221; icon_color=&#8221;#eaa133&#8243; border_color=&#8221;#e1e1e1&#8243; dynamic_content_link=&#8221;https:\/\/lusogolfe.com\/es\/quienes-somos\/&#8221; image=&#8221;995&#8243;]Mini golf es nuestra pasi\u00f3n y queremos que sea el suya. Por qu\u00e9? Porque es divertido, intuitivo y social. Somos un equipo con soluciones diferenciadas.[\/services_medium][\/vc_column][vc_column width=&#8221;1\/4&#8243;][services_medium title=&#8221;PRODUTOS&#8221; style=&#8221;style_3&#8243; icon_bool=&#8221;image&#8221; icon_color=&#8221;#eaa133&#8243; border_color=&#8221;#e1e1e1&#8243; dynamic_content_link=&#8221;https:\/\/lusogolfe.com\/es\/pistas-minigolf\/&#8221; image=&#8221;994&#8243;]Nuestros productos son piezas de buen humor que pueden contribuir al \u00e9xito de cualquier espacio de entretenimiento. Desarrollamos y ofrecemos a nuestros clientes todo tipo de soluciones para practicar mini golf.[\/services_medium][\/vc_column][vc_column width=&#8221;1\/4&#8243;][services_medium title=&#8221;SERVICIOS&#8221; style=&#8221;style_3&#8243; icon_bool=&#8221;image&#8221; icon_color=&#8221;#eaa133&#8243; border_color=&#8221;#e1e1e1&#8243; dynamic_content_link=&#8221;https:\/\/lusogolfe.com\/es\/servicios\/&#8221; image=&#8221;993&#8243;]Espacios grandes o peque\u00f1os son nuestro reto. Adem\u00e1s dibujamos campos de golf a sus necesidades, alquilamos, configurar y hacemos el mantenimiento de todo el equipamiento para practicar mini golf.[\/services_medium][\/vc_column][vc_column width=&#8221;1\/4&#8243;][services_medium title=&#8221;SOCIAL&#8221; style=&#8221;style_3&#8243; icon_bool=&#8221;image&#8221; icon_color=&#8221;#eaa133&#8243; border_color=&#8221;#e1e1e1&#8243; dynamic_content_link=&#8221;https:\/\/lusogolfe.com\/es\/quienes-somos\/&#8221; image=&#8221;991&#8243;]Contribuir al bienestar de la sociedad a trav\u00e9s de la pr\u00e1ctica de mini golf es nuestro objeto social. Fabricamos e instalamos, pero queremos ir m\u00e1s all\u00e1.[\/services_medium][\/vc_column][\/vc_row][vc_row][vc_column][block_title style=&#8221;column_title&#8221; inner_style=&#8221;inline_border&#8221; title=&#8221;Portfolio recente&#8221;][\/block_title][recent_portfolio columns=&#8221;4&#8243; carousel=&#8221;no&#8221;][\/vc_column][\/vc_row][vc_row][vc_column width=&#8221;1\/2&#8243;][block_title style=&#8221;column_title&#8221; inner_style=&#8221;inline_border&#8221; title=&#8221;\u00bfPor qu\u00e9 un circuito minigolf?&#8221;][\/block_title][vc_accordion style=&#8221;style_3&#8243;][vc_accordion_tab title=&#8221;Dinamizar, Crear Valor &amp; Rentabilidad&#8221; open=&#8221;1&#8243;][vc_column_text]Una actividad deportiva, el ocio y la competencia, que permite momentos de relajaci\u00f3n y diversi\u00f3n, el bienestar y el contacto social. Un circuito de mini golf\u00a0es diferenciador y muy vers\u00e1til. Su instalaci\u00f3n promueve la zona donde opera y rehabilita espacios peque\u00f1os o grandes. Por su funci\u00f3n proactiva y muy atractivo es tambi\u00e9n una soluci\u00f3n rentable.[\/vc_column_text][\/vc_accordion_tab][vc_accordion_tab title=&#8221;Deporte social &amp; Familiar&#8221;][vc_column_text]Ideal para ni\u00f1os, j\u00f3venes, adultos y adultos mayores. Es un juego intuitivo que no requiere especial destreza f\u00edsica. Jugar mini golf es siempre un buen tiempo que deleita a los j\u00f3venes y viejos. Genera momentos \u00fanicos de la socializaci\u00f3n entre los distintos profesionales, en la familia y \/ o con los amigos. Es una actividad muy estimulante, motivadora, promueve la salud, el bienestar e incluso la felicidad.[\/vc_column_text][\/vc_accordion_tab][vc_accordion_tab title=&#8221;La competencia &amp; Diversi\u00f3n&#8221;][vc_column_text]El mini golf es un deporte con muchos practicantes. Tenemos circuitos homologados por los portugueses y la Federaci\u00f3n Mundial de Mini golf que cumplen con los requisitos necesarios para la realizaci\u00f3n de competiciones. Un circuito homologado siempre es un activo que permite que el dos valencias, la competencia y de ocio.[\/vc_column_text][\/vc_accordion_tab][vc_accordion_tab title=&#8221;La mejor soluci\u00f3n para su espacio&#8221;][vc_column_text]La implementaci\u00f3n de un circuito de mini golf es siempre una inversi\u00f3n en la promoci\u00f3n del sitio en el que se inserta. Un compromiso con la mejora del espacio. Nuestro equipo tiene las valencias necesarias para ofrecerle una soluci\u00f3n a sus necesidades, adecuado para el espacio disponible por si.[\/vc_column_text][\/vc_accordion_tab][\/vc_accordion][\/vc_column][vc_column width=&#8221;1\/2&#8243;][block_title style=&#8221;column_title&#8221; inner_style=&#8221;inline_border&#8221; title=&#8221;Ultimas noticias&#8221;][\/block_title][recent_news style=&#8221;vertical&#8221;][\/vc_column][\/vc_row][vc_row][vc_column][block_title style=&#8221;column_title&#8221; inner_style=&#8221;inline_border&#8221; title=&#8221;Referencias&#8221;][\/block_title][\/vc_column][\/vc_row][vc_row][vc_column][clients carousel=&#8221;no&#8221;][\/vc_column][\/vc_row]<\/p>\n<\/div>","protected":false},"excerpt":{"rendered":"<p>[vc_row][vc_column width=&#8221;1\/4&#8243;][services_medium title=&#8221;SOBRE NOSOTROS&#8221; style=&#8221;style_3&#8243; icon_bool=&#8221;image&#8221; icon_color=&#8221;#eaa133&#8243; border_color=&#8221;#e1e1e1&#8243; dynamic_content_link=&#8221;https:\/\/lusogolfe.com\/es\/quienes-somos\/&#8221; image=&#8221;995&#8243;]Mini golf es nuestra pasi\u00f3n y queremos que sea el suya. Por qu\u00e9? Porque es divertido, intuitivo y social. Somos un equipo con soluciones diferenciadas.[\/services_medium][\/vc_column][vc_column width=&#8221;1\/4&#8243;][services_medium title=&#8221;PRODUTOS&#8221; style=&#8221;style_3&#8243; icon_bool=&#8221;image&#8221; icon_color=&#8221;#eaa133&#8243; border_color=&#8221;#e1e1e1&#8243; dynamic_content_link=&#8221;https:\/\/lusogolfe.com\/es\/pistas-minigolf\/&#8221; image=&#8221;994&#8243;]Nuestros productos son piezas de buen humor que pueden contribuir al \u00e9xito de cualquier [&hellip;]<\/p>\n","protected":false},"author":2,"featured_media":0,"parent":0,"menu_order":0,"comment_status":"closed","ping_status":"closed","template":"","meta":{"content-type":"","footnotes":""},"class_list":["post-1673","page","type-page","status-publish","hentry"],"yoast_head":"<!-- This site is optimized with the Yoast SEO plugin v27.5 - https:\/\/yoast.com\/product\/yoast-seo-wordpress\/ -->\n<title>Lusogolfe - 50 a\u00f1os de minigolf | Pistas y Accesorios<\/title>\n<meta name=\"description\" content=\"Mini golf es nuestra pasi\u00f3n y queremos que sea el suya. Por qu\u00e9? Porque es divertido, intuitivo y social! Descubra nuestras soluciones para su espacio.\" \/>\n<meta name=\"robots\" content=\"index, follow, max-snippet:-1, max-image-preview:large, max-video-preview:-1\" \/>\n<link rel=\"canonical\" href=\"http:\/\/lusogolfe.com\/es\/\" \/>\n<meta property=\"og:locale\" content=\"es_ES\" \/>\n<meta property=\"og:type\" content=\"article\" \/>\n<meta property=\"og:title\" content=\"Lusogolfe - 50 a\u00f1os de minigolf | Pistas y Accesorios\" \/>\n<meta property=\"og:description\" content=\"Mini golf es nuestra pasi\u00f3n y queremos que sea el suya. Por qu\u00e9? Porque es divertido, intuitivo y social! Descubra nuestras soluciones para su espacio.\" \/>\n<meta property=\"og:url\" content=\"http:\/\/lusogolfe.com\/es\/\" \/>\n<meta property=\"og:site_name\" content=\"Lusogolfe\" \/>\n<meta property=\"article:publisher\" content=\"https:\/\/www.facebook.com\/lusogolfe\/\" \/>\n<meta property=\"article:modified_time\" content=\"2026-02-12T09:17:51+00:00\" \/>\n<meta property=\"og:image\" content=\"http:\/\/lusogolfe.com\/wp-content\/uploads\/2016\/10\/49-anos-Lusogolfe.jpg\" \/>\n\t<meta property=\"og:image:width\" content=\"1\" \/>\n\t<meta property=\"og:image:height\" content=\"1\" \/>\n\t<meta property=\"og:image:type\" content=\"image\/jpeg\" \/>\n<meta name=\"twitter:card\" content=\"summary_large_image\" \/>\n<meta name=\"twitter:label1\" content=\"Tiempo de lectura\" \/>\n\t<meta name=\"twitter:data1\" content=\"3 minutos\" \/>\n<script type=\"application\/ld+json\" class=\"yoast-schema-graph\">{\"@context\":\"https:\\\/\\\/schema.org\",\"@graph\":[{\"@type\":\"WebPage\",\"@id\":\"http:\\\/\\\/lusogolfe.com\\\/es\\\/\",\"url\":\"http:\\\/\\\/lusogolfe.com\\\/es\\\/\",\"name\":\"Lusogolfe - 50 a\u00f1os de minigolf | Pistas y Accesorios\",\"isPartOf\":{\"@id\":\"https:\\\/\\\/lusogolfe.com\\\/#website\"},\"datePublished\":\"2014-09-11T15:07:02+00:00\",\"dateModified\":\"2026-02-12T09:17:51+00:00\",\"description\":\"Mini golf es nuestra pasi\u00f3n y queremos que sea el suya. Por qu\u00e9? Porque es divertido, intuitivo y social! Descubra nuestras soluciones para su espacio.\",\"breadcrumb\":{\"@id\":\"http:\\\/\\\/lusogolfe.com\\\/es\\\/#breadcrumb\"},\"inLanguage\":\"es\",\"potentialAction\":[{\"@type\":\"ReadAction\",\"target\":[\"http:\\\/\\\/lusogolfe.com\\\/es\\\/\"]}]},{\"@type\":\"BreadcrumbList\",\"@id\":\"http:\\\/\\\/lusogolfe.com\\\/es\\\/#breadcrumb\",\"itemListElement\":[{\"@type\":\"ListItem\",\"position\":1,\"name\":\"Portada\",\"item\":\"http:\\\/\\\/lusogolfe.com\\\/es\\\/\"},{\"@type\":\"ListItem\",\"position\":2,\"name\":\"Lusogolfe | Todo para Minigolf\"}]},{\"@type\":\"WebSite\",\"@id\":\"https:\\\/\\\/lusogolfe.com\\\/#website\",\"url\":\"https:\\\/\\\/lusogolfe.com\\\/\",\"name\":\"Lusogolfe\",\"description\":\"Everything for Minigolf\",\"publisher\":{\"@id\":\"https:\\\/\\\/lusogolfe.com\\\/#organization\"},\"potentialAction\":[{\"@type\":\"SearchAction\",\"target\":{\"@type\":\"EntryPoint\",\"urlTemplate\":\"https:\\\/\\\/lusogolfe.com\\\/?s={search_term_string}\"},\"query-input\":{\"@type\":\"PropertyValueSpecification\",\"valueRequired\":true,\"valueName\":\"search_term_string\"}}],\"inLanguage\":\"es\"},{\"@type\":\"Organization\",\"@id\":\"https:\\\/\\\/lusogolfe.com\\\/#organization\",\"name\":\"Lusogolfe\",\"url\":\"https:\\\/\\\/lusogolfe.com\\\/\",\"logo\":{\"@type\":\"ImageObject\",\"inLanguage\":\"es\",\"@id\":\"https:\\\/\\\/lusogolfe.com\\\/#\\\/schema\\\/logo\\\/image\\\/\",\"url\":\"http:\\\/\\\/lusogolfe.com\\\/wp-content\\\/uploads\\\/2023\\\/05\\\/Lusogolfe-55years.png\",\"contentUrl\":\"http:\\\/\\\/lusogolfe.com\\\/wp-content\\\/uploads\\\/2023\\\/05\\\/Lusogolfe-55years.png\",\"width\":1128,\"height\":768,\"caption\":\"Lusogolfe\"},\"image\":{\"@id\":\"https:\\\/\\\/lusogolfe.com\\\/#\\\/schema\\\/logo\\\/image\\\/\"},\"sameAs\":[\"https:\\\/\\\/www.facebook.com\\\/lusogolfe\\\/\",\"https:\\\/\\\/www.linkedin.com\\\/company\\\/lusogolfe\",\"https:\\\/\\\/www.youtube.com\\\/lusogolfe\",\"https:\\\/\\\/www.instagram.com\\\/lusogolfe\"]}]}<\/script>\n<!-- \/ Yoast SEO plugin. -->","yoast_head_json":{"title":"Lusogolfe - 50 a\u00f1os de minigolf | Pistas y Accesorios","description":"Mini golf es nuestra pasi\u00f3n y queremos que sea el suya. Por qu\u00e9? Porque es divertido, intuitivo y social! Descubra nuestras soluciones para su espacio.","robots":{"index":"index","follow":"follow","max-snippet":"max-snippet:-1","max-image-preview":"max-image-preview:large","max-video-preview":"max-video-preview:-1"},"canonical":"http:\/\/lusogolfe.com\/es\/","og_locale":"es_ES","og_type":"article","og_title":"Lusogolfe - 50 a\u00f1os de minigolf | Pistas y Accesorios","og_description":"Mini golf es nuestra pasi\u00f3n y queremos que sea el suya. Por qu\u00e9? Porque es divertido, intuitivo y social! Descubra nuestras soluciones para su espacio.","og_url":"http:\/\/lusogolfe.com\/es\/","og_site_name":"Lusogolfe","article_publisher":"https:\/\/www.facebook.com\/lusogolfe\/","article_modified_time":"2026-02-12T09:17:51+00:00","og_image":[{"url":"http:\/\/lusogolfe.com\/wp-content\/uploads\/2016\/10\/49-anos-Lusogolfe.jpg","width":1,"height":1,"type":"image\/jpeg"}],"twitter_card":"summary_large_image","twitter_misc":{"Tiempo de lectura":"3 minutos"},"schema":{"@context":"https:\/\/schema.org","@graph":[{"@type":"WebPage","@id":"http:\/\/lusogolfe.com\/es\/","url":"http:\/\/lusogolfe.com\/es\/","name":"Lusogolfe - 50 a\u00f1os de minigolf | Pistas y Accesorios","isPartOf":{"@id":"https:\/\/lusogolfe.com\/#website"},"datePublished":"2014-09-11T15:07:02+00:00","dateModified":"2026-02-12T09:17:51+00:00","description":"Mini golf es nuestra pasi\u00f3n y queremos que sea el suya. Por qu\u00e9? Porque es divertido, intuitivo y social! Descubra nuestras soluciones para su espacio.","breadcrumb":{"@id":"http:\/\/lusogolfe.com\/es\/#breadcrumb"},"inLanguage":"es","potentialAction":[{"@type":"ReadAction","target":["http:\/\/lusogolfe.com\/es\/"]}]},{"@type":"BreadcrumbList","@id":"http:\/\/lusogolfe.com\/es\/#breadcrumb","itemListElement":[{"@type":"ListItem","position":1,"name":"Portada","item":"http:\/\/lusogolfe.com\/es\/"},{"@type":"ListItem","position":2,"name":"Lusogolfe | Todo para Minigolf"}]},{"@type":"WebSite","@id":"https:\/\/lusogolfe.com\/#website","url":"https:\/\/lusogolfe.com\/","name":"Lusogolfe","description":"Everything for Minigolf","publisher":{"@id":"https:\/\/lusogolfe.com\/#organization"},"potentialAction":[{"@type":"SearchAction","target":{"@type":"EntryPoint","urlTemplate":"https:\/\/lusogolfe.com\/?s={search_term_string}"},"query-input":{"@type":"PropertyValueSpecification","valueRequired":true,"valueName":"search_term_string"}}],"inLanguage":"es"},{"@type":"Organization","@id":"https:\/\/lusogolfe.com\/#organization","name":"Lusogolfe","url":"https:\/\/lusogolfe.com\/","logo":{"@type":"ImageObject","inLanguage":"es","@id":"https:\/\/lusogolfe.com\/#\/schema\/logo\/image\/","url":"http:\/\/lusogolfe.com\/wp-content\/uploads\/2023\/05\/Lusogolfe-55years.png","contentUrl":"http:\/\/lusogolfe.com\/wp-content\/uploads\/2023\/05\/Lusogolfe-55years.png","width":1128,"height":768,"caption":"Lusogolfe"},"image":{"@id":"https:\/\/lusogolfe.com\/#\/schema\/logo\/image\/"},"sameAs":["https:\/\/www.facebook.com\/lusogolfe\/","https:\/\/www.linkedin.com\/company\/lusogolfe","https:\/\/www.youtube.com\/lusogolfe","https:\/\/www.instagram.com\/lusogolfe"]}]}},"_links":{"self":[{"href":"http:\/\/lusogolfe.com\/es\/wp-json\/wp\/v2\/pages\/1673","targetHints":{"allow":["GET"]}}],"collection":[{"href":"http:\/\/lusogolfe.com\/es\/wp-json\/wp\/v2\/pages"}],"about":[{"href":"http:\/\/lusogolfe.com\/es\/wp-json\/wp\/v2\/types\/page"}],"author":[{"embeddable":true,"href":"http:\/\/lusogolfe.com\/es\/wp-json\/wp\/v2\/users\/2"}],"replies":[{"embeddable":true,"href":"http:\/\/lusogolfe.com\/es\/wp-json\/wp\/v2\/comments?post=1673"}],"version-history":[{"count":6,"href":"http:\/\/lusogolfe.com\/es\/wp-json\/wp\/v2\/pages\/1673\/revisions"}],"predecessor-version":[{"id":11110,"href":"http:\/\/lusogolfe.com\/es\/wp-json\/wp\/v2\/pages\/1673\/revisions\/11110"}],"wp:attachment":[{"href":"http:\/\/lusogolfe.com\/es\/wp-json\/wp\/v2\/media?parent=1673"}],"curies":[{"name":"wp","href":"https:\/\/api.w.org\/{rel}","templated":true}]}}