{"id":16682,"date":"2025-02-19T15:31:50","date_gmt":"2025-02-19T15:31:50","guid":{"rendered":"https:\/\/lusogolfe.com\/pistas-minigolf\/smart-blacklight-golf\/"},"modified":"2026-01-20T10:45:44","modified_gmt":"2026-01-20T10:45:44","slug":"blacklight-golf","status":"publish","type":"page","link":"http:\/\/lusogolfe.com\/es\/pistas-minigolf\/blacklight-golf\/","title":{"rendered":"Blacklight Golf"},"content":{"rendered":"<div class=\"wpb-content-wrapper\"><p>[vc_row][vc_column][vc_column_text]<\/p>\n<h1><span style=\"color: black; font-size: 24px; font-weight: bold;\">PISTAS DE MINIGOLF BLACKLIGHT GOLF<\/span><\/h1>\n<h2><span style=\"color: #662483; font-size: 17px;\">\u00a1Explora nuestra selecci\u00f3n de pistas de minigolf exclusivas para luz negra!<\/span><u><\/u><\/h2>\n<p>[\/vc_column_text][vc_row_inner][vc_column_inner width=&#8221;2\/3&#8243;][vc_gallery interval=&#8221;5&#8243; images=&#8221;16697,16717,16712,16707,16702,15558,15553,15548,15543,16740,16745&#8243; img_size=&#8221;full&#8221; css=&#8221;.vc_custom_1739978512327{margin-bottom: -40px !important;}&#8221;][\/vc_column_inner][vc_column_inner width=&#8221;1\/3&#8243;][vc_column_text]<\/p>\n<h2><span style=\"color: #662483; font-size: 17px;\">Descripci\u00f3n<\/span><\/h2>\n<p>Donde la diversi\u00f3n cobra vida de manera \u00fanica, en una experiencia de Minigolf como ninguna otra. Navega por escenarios impresionantes, llenos de colores vibrantes y desaf\u00edos intrigantes, mientras la luz negra crea una atm\u00f3sfera m\u00e1gica.<\/p>\n<ul>\n<li style=\"text-align: left;\"><strong>Blacklight Golf<\/strong><\/li>\n<li>F\u00e1cil instalaci\u00f3n<\/li>\n<li>Mantenimiento reducido<\/li>\n<li style=\"text-align: left;\">Obst\u00e1culos creativos<\/li>\n<\/ul>\n<p>[\/vc_column_text][button title=&#8221;Solicitar presupuesto&#8221; link=&#8221;https:\/\/lusogolfe.com\/es\/pistas-minigolf\/presupuesto\/&#8221; icon=&#8221;steadysets-icon-arrow-right&#8221; button_bool=&#8221;yes&#8221; button_2_title=&#8221;Descargar Cat\u00e1logo&#8221; button_2_link=&#8221;https:\/\/lusogolfe.com\/wp-content\/uploads\/2025\/03\/ESP-Catalogo-Minigolf-Blacklight-Golf-Lusogolfe-2025.ai_.pdf&#8221;][vc_column_text css=&#8221;.vc_custom_1585756473376{margin-top: -15px !important;}&#8221;][\/vc_column_text][\/vc_column_inner][\/vc_row_inner][\/vc_column][\/vc_row][vc_row][vc_column css=&#8221;.vc_custom_1513005826052{margin-top: -40px !important;border-top-width: -40px !important;padding-top: -40px !important;}&#8221;][vc_column_text]<\/p>\n<h2><span style=\"color: black;\">REFERENCIAS<\/span><\/h2>\n<p>[\/vc_column_text][recent_portfolio columns=&#8221;4&#8243; carousel=&#8221;no&#8221;][\/vc_column][\/vc_row][vc_row top_padding=&#8221;30&#8243;][vc_column css=&#8221;.vc_custom_1512658481791{margin-top: -30px !important;}&#8221;][vc_column_text]<\/p>\n<h2><span style=\"color: black;\">QUIEN VE EL BLACKLIGHT GOLF TAMBI\u00c9N LE GUSTA<\/span><\/h2>\n<p>[\/vc_column_text][vc_row_inner][vc_column_inner width=&#8221;1\/3&#8243;][vc_column_text css=&#8221;.vc_custom_1551374731883{margin-bottom: 15px !important;}&#8221;]<\/p>\n<h2 style=\"text-align: left;\"><a href=\"https:\/\/lusogolfe.com\/es\/pistas-minigolf\/easy-golf\/\"><img loading=\"lazy\" decoding=\"async\" class=\"alignnone wp-image-2312 size-medium\" src=\"https:\/\/lusogolfe.com\/wp-content\/uploads\/2016\/10\/Easy-Golf-Lusogolfe-300x196.jpg\" alt=\"Easy Golf Lusogolfe\" width=\"300\" height=\"196\" \/><\/a><\/h2>\n<h2 style=\"text-align: left;\"><a href=\"https:\/\/lusogolfe.com\/es\/pistas-minigolf\/easy-golf\/\">Easy Golf<\/a><\/h2>\n<p style=\"text-align: left;\">Modelo con l\u00edneas simples y obst\u00e1culos muy divertidos. F\u00e1cilmente transportable.<\/p>\n<p>[\/vc_column_text][\/vc_column_inner][vc_column_inner width=&#8221;1\/3&#8243;][vc_column_text css=&#8221;.vc_custom_1551374745273{margin-bottom: 15px !important;}&#8221;]<\/p>\n<h2 style=\"text-align: left;\"><a href=\"https:\/\/lusogolfe.com\/es\/pistas-minigolf\/maxi-golf\/\"><img loading=\"lazy\" decoding=\"async\" class=\"alignnone wp-image-2313 size-medium\" src=\"https:\/\/lusogolfe.com\/wp-content\/uploads\/2016\/10\/Maxi-Golf-300x196.jpg\" alt=\"Maxi Golf Lusogolfe\" width=\"300\" height=\"196\" srcset=\"http:\/\/lusogolfe.com\/wp-content\/uploads\/2016\/10\/Maxi-Golf-300x196.jpg 300w, http:\/\/lusogolfe.com\/wp-content\/uploads\/2016\/10\/Maxi-Golf-20x13.jpg 20w, http:\/\/lusogolfe.com\/wp-content\/uploads\/2016\/10\/Maxi-Golf.jpg 319w\" sizes=\"auto, (max-width: 300px) 100vw, 300px\" \/><\/a><\/h2>\n<h2 style=\"text-align: left;\"><a href=\"https:\/\/lusogolfe.com\/es\/pistas-minigolf\/maxi-golf\/\">Maxi Golf<\/a><\/h2>\n<p style=\"text-align: left;\">Es un equipo de ocio desafiador y entusiasta con un dise\u00f1o m\u00e1s atractivo.<\/p>\n<p>[\/vc_column_text][\/vc_column_inner][vc_column_inner width=&#8221;1\/3&#8243;][vc_column_text css=&#8221;.vc_custom_1551374757372{margin-bottom: 15px !important;}&#8221;]<\/p>\n<h2 style=\"text-align: left;\"><a href=\"https:\/\/lusogolfe.com\/es\/pistas-minigolf\/challenge-golf\/\"><img loading=\"lazy\" decoding=\"async\" class=\"alignnone wp-image-2309 size-medium\" src=\"https:\/\/lusogolfe.com\/wp-content\/uploads\/2016\/10\/Challenge-Golf-300x196.jpg\" alt=\"Challenge Golf Lusogolfe\" width=\"300\" height=\"196\" srcset=\"http:\/\/lusogolfe.com\/wp-content\/uploads\/2016\/10\/Challenge-Golf-300x196.jpg 300w, http:\/\/lusogolfe.com\/wp-content\/uploads\/2016\/10\/Challenge-Golf-20x13.jpg 20w, http:\/\/lusogolfe.com\/wp-content\/uploads\/2016\/10\/Challenge-Golf.jpg 319w\" sizes=\"auto, (max-width: 300px) 100vw, 300px\" \/><\/a><\/h2>\n<h2 style=\"text-align: left;\"><a href=\"https:\/\/lusogolfe.com\/es\/pistas-minigolf\/challenge-golf\/\">Challenge Golf<\/a><\/h2>\n<p style=\"text-align: left;\">El modelo\u00a0<b class=\"b5\">m\u00e1s demandado<\/b>. Minigolf homologado para las competiciones nacionales e internacionales <a href=\"http:\/\/minigolfsport.com\/\" target=\"_blank\" rel=\"noopener noreferrer\">WMF<\/a>!<\/p>\n<p>[\/vc_column_text][\/vc_column_inner][\/vc_row_inner][\/vc_column][\/vc_row]<\/p>\n<\/div>","protected":false},"excerpt":{"rendered":"<p>[vc_row][vc_column][vc_column_text] PISTAS DE MINIGOLF BLACKLIGHT GOLF \u00a1Explora nuestra selecci\u00f3n de pistas de minigolf exclusivas para luz negra! [\/vc_column_text][vc_row_inner][vc_column_inner width=&#8221;2\/3&#8243;][vc_gallery interval=&#8221;5&#8243; images=&#8221;16697,16717,16712,16707,16702,15558,15553,15548,15543,16740,16745&#8243; img_size=&#8221;full&#8221; css=&#8221;.vc_custom_1739978512327{margin-bottom: -40px !important;}&#8221;][\/vc_column_inner][vc_column_inner width=&#8221;1\/3&#8243;][vc_column_text] Descripci\u00f3n Donde la diversi\u00f3n cobra vida de manera \u00fanica, en una experiencia de Minigolf como ninguna otra. Navega por escenarios impresionantes, llenos de colores vibrantes y desaf\u00edos intrigantes, mientras [&hellip;]<\/p>\n","protected":false},"author":2,"featured_media":0,"parent":1782,"menu_order":0,"comment_status":"closed","ping_status":"closed","template":"","meta":{"content-type":"","footnotes":""},"class_list":["post-16682","page","type-page","status-publish","hentry"],"yoast_head":"<!-- This site is optimized with the Yoast SEO plugin v27.3 - https:\/\/yoast.com\/product\/yoast-seo-wordpress\/ -->\n<title>Blacklight Golf - Lusogolfe<\/title>\n<meta name=\"description\" content=\"\u00a1\u00danete a nosotros y descubre el mundo vibrante del Blacklight Golf, donde la diversi\u00f3n y la emoci\u00f3n est\u00e1n garantizadas en cada golpe!\" \/>\n<meta name=\"robots\" content=\"index, follow, max-snippet:-1, max-image-preview:large, max-video-preview:-1\" \/>\n<link rel=\"canonical\" href=\"https:\/\/lusogolfe.com\/es\/pistas-minigolf\/blacklight-golf\/\" \/>\n<meta property=\"og:locale\" content=\"es_ES\" \/>\n<meta property=\"og:type\" content=\"article\" \/>\n<meta property=\"og:title\" content=\"Blacklight Golf - Lusogolfe\" \/>\n<meta property=\"og:description\" content=\"\u00a1\u00danete a nosotros y descubre el mundo vibrante del Blacklight Golf, donde la diversi\u00f3n y la emoci\u00f3n est\u00e1n garantizadas en cada golpe!\" \/>\n<meta property=\"og:url\" content=\"https:\/\/lusogolfe.com\/es\/pistas-minigolf\/blacklight-golf\/\" \/>\n<meta property=\"og:site_name\" content=\"Lusogolfe\" \/>\n<meta property=\"article:publisher\" content=\"https:\/\/www.facebook.com\/lusogolfe\/\" \/>\n<meta property=\"article:modified_time\" content=\"2026-01-20T10:45:44+00:00\" \/>\n<meta property=\"og:image\" content=\"https:\/\/lusogolfe.com\/wp-content\/uploads\/2016\/10\/Easy-Golf-Lusogolfe-300x196.jpg\" \/>\n<meta name=\"twitter:card\" content=\"summary_large_image\" \/>\n<meta name=\"twitter:label1\" content=\"Tiempo de lectura\" \/>\n\t<meta name=\"twitter:data1\" content=\"4 minutos\" \/>\n<script type=\"application\/ld+json\" class=\"yoast-schema-graph\">{\"@context\":\"https:\\\/\\\/schema.org\",\"@graph\":[{\"@type\":\"WebPage\",\"@id\":\"https:\\\/\\\/lusogolfe.com\\\/es\\\/pistas-minigolf\\\/blacklight-golf\\\/\",\"url\":\"https:\\\/\\\/lusogolfe.com\\\/es\\\/pistas-minigolf\\\/blacklight-golf\\\/\",\"name\":\"Blacklight Golf - Lusogolfe\",\"isPartOf\":{\"@id\":\"https:\\\/\\\/lusogolfe.com\\\/fr\\\/#website\"},\"primaryImageOfPage\":{\"@id\":\"https:\\\/\\\/lusogolfe.com\\\/es\\\/pistas-minigolf\\\/blacklight-golf\\\/#primaryimage\"},\"image\":{\"@id\":\"https:\\\/\\\/lusogolfe.com\\\/es\\\/pistas-minigolf\\\/blacklight-golf\\\/#primaryimage\"},\"thumbnailUrl\":\"https:\\\/\\\/lusogolfe.com\\\/wp-content\\\/uploads\\\/2016\\\/10\\\/Easy-Golf-Lusogolfe-300x196.jpg\",\"datePublished\":\"2025-02-19T15:31:50+00:00\",\"dateModified\":\"2026-01-20T10:45:44+00:00\",\"description\":\"\u00a1\u00danete a nosotros y descubre el mundo vibrante del Blacklight Golf, donde la diversi\u00f3n y la emoci\u00f3n est\u00e1n garantizadas en cada golpe!\",\"breadcrumb\":{\"@id\":\"https:\\\/\\\/lusogolfe.com\\\/es\\\/pistas-minigolf\\\/blacklight-golf\\\/#breadcrumb\"},\"inLanguage\":\"es\",\"potentialAction\":[{\"@type\":\"ReadAction\",\"target\":[\"https:\\\/\\\/lusogolfe.com\\\/es\\\/pistas-minigolf\\\/blacklight-golf\\\/\"]}]},{\"@type\":\"ImageObject\",\"inLanguage\":\"es\",\"@id\":\"https:\\\/\\\/lusogolfe.com\\\/es\\\/pistas-minigolf\\\/blacklight-golf\\\/#primaryimage\",\"url\":\"https:\\\/\\\/lusogolfe.com\\\/wp-content\\\/uploads\\\/2016\\\/10\\\/Easy-Golf-Lusogolfe-300x196.jpg\",\"contentUrl\":\"https:\\\/\\\/lusogolfe.com\\\/wp-content\\\/uploads\\\/2016\\\/10\\\/Easy-Golf-Lusogolfe-300x196.jpg\"},{\"@type\":\"BreadcrumbList\",\"@id\":\"https:\\\/\\\/lusogolfe.com\\\/es\\\/pistas-minigolf\\\/blacklight-golf\\\/#breadcrumb\",\"itemListElement\":[{\"@type\":\"ListItem\",\"position\":1,\"name\":\"Portada\",\"item\":\"https:\\\/\\\/lusogolfe.com\\\/es\\\/\"},{\"@type\":\"ListItem\",\"position\":2,\"name\":\"Pistas de Minigolf\",\"item\":\"https:\\\/\\\/lusogolfe.com\\\/es\\\/pistas-minigolf\\\/\"},{\"@type\":\"ListItem\",\"position\":3,\"name\":\"Blacklight Golf\"}]},{\"@type\":\"WebSite\",\"@id\":\"https:\\\/\\\/lusogolfe.com\\\/fr\\\/#website\",\"url\":\"https:\\\/\\\/lusogolfe.com\\\/fr\\\/\",\"name\":\"Lusogolfe\",\"description\":\"Everything for Minigolf\",\"publisher\":{\"@id\":\"https:\\\/\\\/lusogolfe.com\\\/fr\\\/#organization\"},\"potentialAction\":[{\"@type\":\"SearchAction\",\"target\":{\"@type\":\"EntryPoint\",\"urlTemplate\":\"https:\\\/\\\/lusogolfe.com\\\/fr\\\/?s={search_term_string}\"},\"query-input\":{\"@type\":\"PropertyValueSpecification\",\"valueRequired\":true,\"valueName\":\"search_term_string\"}}],\"inLanguage\":\"es\"},{\"@type\":\"Organization\",\"@id\":\"https:\\\/\\\/lusogolfe.com\\\/fr\\\/#organization\",\"name\":\"Lusogolfe\",\"url\":\"https:\\\/\\\/lusogolfe.com\\\/fr\\\/\",\"logo\":{\"@type\":\"ImageObject\",\"inLanguage\":\"es\",\"@id\":\"https:\\\/\\\/lusogolfe.com\\\/fr\\\/#\\\/schema\\\/logo\\\/image\\\/\",\"url\":\"http:\\\/\\\/lusogolfe.com\\\/wp-content\\\/uploads\\\/2023\\\/05\\\/Lusogolfe-55years.png\",\"contentUrl\":\"http:\\\/\\\/lusogolfe.com\\\/wp-content\\\/uploads\\\/2023\\\/05\\\/Lusogolfe-55years.png\",\"width\":1128,\"height\":768,\"caption\":\"Lusogolfe\"},\"image\":{\"@id\":\"https:\\\/\\\/lusogolfe.com\\\/fr\\\/#\\\/schema\\\/logo\\\/image\\\/\"},\"sameAs\":[\"https:\\\/\\\/www.facebook.com\\\/lusogolfe\\\/\",\"https:\\\/\\\/www.linkedin.com\\\/company\\\/lusogolfe\",\"https:\\\/\\\/www.youtube.com\\\/lusogolfe\",\"https:\\\/\\\/www.instagram.com\\\/lusogolfe\"]}]}<\/script>\n<!-- \/ Yoast SEO plugin. -->","yoast_head_json":{"title":"Blacklight Golf - Lusogolfe","description":"\u00a1\u00danete a nosotros y descubre el mundo vibrante del Blacklight Golf, donde la diversi\u00f3n y la emoci\u00f3n est\u00e1n garantizadas en cada golpe!","robots":{"index":"index","follow":"follow","max-snippet":"max-snippet:-1","max-image-preview":"max-image-preview:large","max-video-preview":"max-video-preview:-1"},"canonical":"https:\/\/lusogolfe.com\/es\/pistas-minigolf\/blacklight-golf\/","og_locale":"es_ES","og_type":"article","og_title":"Blacklight Golf - Lusogolfe","og_description":"\u00a1\u00danete a nosotros y descubre el mundo vibrante del Blacklight Golf, donde la diversi\u00f3n y la emoci\u00f3n est\u00e1n garantizadas en cada golpe!","og_url":"https:\/\/lusogolfe.com\/es\/pistas-minigolf\/blacklight-golf\/","og_site_name":"Lusogolfe","article_publisher":"https:\/\/www.facebook.com\/lusogolfe\/","article_modified_time":"2026-01-20T10:45:44+00:00","og_image":[{"url":"https:\/\/lusogolfe.com\/wp-content\/uploads\/2016\/10\/Easy-Golf-Lusogolfe-300x196.jpg","type":"","width":"","height":""}],"twitter_card":"summary_large_image","twitter_misc":{"Tiempo de lectura":"4 minutos"},"schema":{"@context":"https:\/\/schema.org","@graph":[{"@type":"WebPage","@id":"https:\/\/lusogolfe.com\/es\/pistas-minigolf\/blacklight-golf\/","url":"https:\/\/lusogolfe.com\/es\/pistas-minigolf\/blacklight-golf\/","name":"Blacklight Golf - Lusogolfe","isPartOf":{"@id":"https:\/\/lusogolfe.com\/fr\/#website"},"primaryImageOfPage":{"@id":"https:\/\/lusogolfe.com\/es\/pistas-minigolf\/blacklight-golf\/#primaryimage"},"image":{"@id":"https:\/\/lusogolfe.com\/es\/pistas-minigolf\/blacklight-golf\/#primaryimage"},"thumbnailUrl":"https:\/\/lusogolfe.com\/wp-content\/uploads\/2016\/10\/Easy-Golf-Lusogolfe-300x196.jpg","datePublished":"2025-02-19T15:31:50+00:00","dateModified":"2026-01-20T10:45:44+00:00","description":"\u00a1\u00danete a nosotros y descubre el mundo vibrante del Blacklight Golf, donde la diversi\u00f3n y la emoci\u00f3n est\u00e1n garantizadas en cada golpe!","breadcrumb":{"@id":"https:\/\/lusogolfe.com\/es\/pistas-minigolf\/blacklight-golf\/#breadcrumb"},"inLanguage":"es","potentialAction":[{"@type":"ReadAction","target":["https:\/\/lusogolfe.com\/es\/pistas-minigolf\/blacklight-golf\/"]}]},{"@type":"ImageObject","inLanguage":"es","@id":"https:\/\/lusogolfe.com\/es\/pistas-minigolf\/blacklight-golf\/#primaryimage","url":"https:\/\/lusogolfe.com\/wp-content\/uploads\/2016\/10\/Easy-Golf-Lusogolfe-300x196.jpg","contentUrl":"https:\/\/lusogolfe.com\/wp-content\/uploads\/2016\/10\/Easy-Golf-Lusogolfe-300x196.jpg"},{"@type":"BreadcrumbList","@id":"https:\/\/lusogolfe.com\/es\/pistas-minigolf\/blacklight-golf\/#breadcrumb","itemListElement":[{"@type":"ListItem","position":1,"name":"Portada","item":"https:\/\/lusogolfe.com\/es\/"},{"@type":"ListItem","position":2,"name":"Pistas de Minigolf","item":"https:\/\/lusogolfe.com\/es\/pistas-minigolf\/"},{"@type":"ListItem","position":3,"name":"Blacklight Golf"}]},{"@type":"WebSite","@id":"https:\/\/lusogolfe.com\/fr\/#website","url":"https:\/\/lusogolfe.com\/fr\/","name":"Lusogolfe","description":"Everything for Minigolf","publisher":{"@id":"https:\/\/lusogolfe.com\/fr\/#organization"},"potentialAction":[{"@type":"SearchAction","target":{"@type":"EntryPoint","urlTemplate":"https:\/\/lusogolfe.com\/fr\/?s={search_term_string}"},"query-input":{"@type":"PropertyValueSpecification","valueRequired":true,"valueName":"search_term_string"}}],"inLanguage":"es"},{"@type":"Organization","@id":"https:\/\/lusogolfe.com\/fr\/#organization","name":"Lusogolfe","url":"https:\/\/lusogolfe.com\/fr\/","logo":{"@type":"ImageObject","inLanguage":"es","@id":"https:\/\/lusogolfe.com\/fr\/#\/schema\/logo\/image\/","url":"http:\/\/lusogolfe.com\/wp-content\/uploads\/2023\/05\/Lusogolfe-55years.png","contentUrl":"http:\/\/lusogolfe.com\/wp-content\/uploads\/2023\/05\/Lusogolfe-55years.png","width":1128,"height":768,"caption":"Lusogolfe"},"image":{"@id":"https:\/\/lusogolfe.com\/fr\/#\/schema\/logo\/image\/"},"sameAs":["https:\/\/www.facebook.com\/lusogolfe\/","https:\/\/www.linkedin.com\/company\/lusogolfe","https:\/\/www.youtube.com\/lusogolfe","https:\/\/www.instagram.com\/lusogolfe"]}]}},"_links":{"self":[{"href":"http:\/\/lusogolfe.com\/es\/wp-json\/wp\/v2\/pages\/16682","targetHints":{"allow":["GET"]}}],"collection":[{"href":"http:\/\/lusogolfe.com\/es\/wp-json\/wp\/v2\/pages"}],"about":[{"href":"http:\/\/lusogolfe.com\/es\/wp-json\/wp\/v2\/types\/page"}],"author":[{"embeddable":true,"href":"http:\/\/lusogolfe.com\/es\/wp-json\/wp\/v2\/users\/2"}],"replies":[{"embeddable":true,"href":"http:\/\/lusogolfe.com\/es\/wp-json\/wp\/v2\/comments?post=16682"}],"version-history":[{"count":11,"href":"http:\/\/lusogolfe.com\/es\/wp-json\/wp\/v2\/pages\/16682\/revisions"}],"predecessor-version":[{"id":17970,"href":"http:\/\/lusogolfe.com\/es\/wp-json\/wp\/v2\/pages\/16682\/revisions\/17970"}],"up":[{"embeddable":true,"href":"http:\/\/lusogolfe.com\/es\/wp-json\/wp\/v2\/pages\/1782"}],"wp:attachment":[{"href":"http:\/\/lusogolfe.com\/es\/wp-json\/wp\/v2\/media?parent=16682"}],"curies":[{"name":"wp","href":"https:\/\/api.w.org\/{rel}","templated":true}]}}